{"id":10441,"date":"2019-08-12T10:45:23","date_gmt":"2019-08-12T10:45:23","guid":{"rendered":"http:\/\/newterracotta.com\/?page_id=10441"},"modified":"2019-09-02T15:00:31","modified_gmt":"2019-09-02T15:00:31","slug":"homepage","status":"publish","type":"page","link":"https:\/\/newterracotta.com\/de\/homepage\/","title":{"rendered":"HOME"},"content":{"rendered":"<p>[vc_row full_width=&#8220;stretch_row&#8220; gap=&#8220;&#8220; parallax_image=&#8220;8683&#8243; lines=&#8220;1&#8243; el_class=&#8220;Header-Slide-PT&#8220;][vc_column width=&#8220;1\/12&#8243;][\/vc_column][vc_column width=&#8220;1\/2&#8243; css=&#8220;.vc_custom_1520258161402{background-position: 0 0 !important;background-repeat: repeat !important;}&#8220;][vc_empty_space height=&#8220;200&#8243;][vc_column_text]<\/p>\n<h1>HANDMADE TILES<\/h1>\n<p>[\/vc_column_text][vc_column_text css=&#8220;.vc_custom_1553179556244{padding-right: 200px !important;}&#8220;]portuguese culture[\/vc_column_text]<div class=\"\"><div class=\"piwo-buttons-container left \"><div class=\"text-left id_169ee44507c1581650766440  botao-slide animate-text\" ><a href=\"http:\/\/newterracotta.com\/tiles\/\"  class=\"btn btn-md btn-light btn-solid \" style=\"\" data-btn-text=\"explore the collection\" data-aos=\"\" data-aos-delay=\"0\">\n\t\t\t\t<span class=\"btn-text\" >explore the collection<\/span>\n\t\t\t<\/a><\/div><div class=\"custom-styles\" data-styles=\".id_169ee44507c1581650766440 .btn.btn-solid.custom:after { background-color: ; } .id_169ee44507c1581650766440 .btn.custom.btn-underline:hover .btn-text:after { border-color:  ; }\"><\/div><\/div><\/div>[vc_empty_space height=&#8220;200&#8243;][\/vc_column][vc_column width=&#8220;5\/12&#8243;][\/vc_column][\/vc_row][vc_row full_width=&#8220;stretch_row&#8220; gap=&#8220;&#8220; equal_height=&#8220;yes&#8220; content_placement=&#8220;middle&#8220; css=&#8220;.vc_custom_1554477199697{padding-top: 0px !important;padding-bottom: 50px !important;background-color: #ffffff !important;}&#8220; el_class=&#8220;we-believe&#8220;][vc_column css=&#8220;.vc_custom_1554481315380{padding-top: 70px !important;padding-right: 10% !important;padding-bottom: 20px !important;padding-left: 10% !important;background-image: url(http:\/\/demo.yosoftware.com\/wp\/piwo\/wp-content\/uploads\/2018\/03\/pat1.jpg?id=2902) !important;background-position: 0 0 !important;background-repeat: repeat !important;}&#8220;]<div class=\"piwo-heading text-center  \" ><div class=\"heading-intro-text swiper-slide \"  data-aos=\"\" data-aos-delay=\"0\" ><\/div><h2 class=\"primary-heading\"  data-aos=\"\" data-aos-delay=\"50\">Wir sind \u00fcberzeugt, dass Menschen handgefertigte Produkte bevorzugen.<\/h2><div class=\"subheading\"  data-aos=\"\" data-aos-delay=\"100\"><\/div><\/div>[vc_row_inner][vc_column_inner width=&#8220;1\/3&#8243;][vc_single_image image=&#8220;8250&#8243; img_size=&#8220;full&#8220; alignment=&#8220;center&#8220; el_class=&#8220;we-believe-img&#8220;][vc_custom_heading text=&#8220;PERS\u00d6NLICHKEIT&#8220; font_container=&#8220;tag:h4|text_align:center&#8220; el_class=&#8220;we-believe-title&#8220;][vc_column_text]<\/p>\n<p style=\"text-align: center;\">Unsere mehr als 142 herausragenden Glasuren, hergestellt von Handwerkern, deren Techniken und Methoden seit Generationen weitergegeben werden.<\/p>\n<p>[\/vc_column_text][\/vc_column_inner][vc_column_inner width=&#8220;1\/3&#8243;][vc_single_image image=&#8220;8248&#8243; img_size=&#8220;full&#8220; alignment=&#8220;center&#8220; el_class=&#8220;we-believe-img&#8220;][vc_custom_heading text=&#8220;EKLEKTIZISMUS&#8220; font_container=&#8220;tag:h4|text_align:center&#8220; el_class=&#8220;we-believe-title&#8220;][vc_column_text]<\/p>\n<p style=\"text-align: center;\">Unsere einzigartige Mischung aus Farben, Formen, Texturen und Designs, die unsere Kollektionen ausmacht.<\/p>\n<p>[\/vc_column_text][\/vc_column_inner][vc_column_inner width=&#8220;1\/3&#8243;][vc_single_image image=&#8220;8253&#8243; img_size=&#8220;full&#8220; alignment=&#8220;center&#8220; el_class=&#8220;we-believe-img especial-belive-img&#8220;][vc_custom_heading text=&#8220;SAVOIR FAIRE&#8220; font_container=&#8220;tag:h4|text_align:center&#8220; el_class=&#8220;we-believe-title&#8220;][vc_column_text]<\/p>\n<p style=\"text-align: center;\">Unsere F\u00e4higkeit, \u201ejede\u201c Keramik zu glasieren, von Fliesen bis hin zu Kunstgegenst\u00e4nden.<\/p>\n<p>[\/vc_column_text][\/vc_column_inner][\/vc_row_inner][vc_empty_space height=&#8220;40px&#8220;][vc_column_text el_class=&#8220;we-believe-extra-texto&#8220;]<\/p>\n<h3 style=\"text-align: center;\">Bei New Terracotta widmen wir uns der Aufgabe, aus jeder einzelnen von uns gefertigten Fliese eine wirklich unglaubliche Erfahrung zu machen.<\/h3>\n<p>[\/vc_column_text][\/vc_column][\/vc_row][vc_row full_width=&#8220;stretch_row&#8220; gap=&#8220;&#8220; lines=&#8220;1&#8243; css=&#8220;.vc_custom_1561977770214{padding-top: 0px !important;padding-bottom: 0px !important;}&#8220;][vc_column width=&#8220;1\/12&#8243;][\/vc_column][vc_column width=&#8220;5\/12&#8243;][vc_empty_space height=&#8220;100px&#8220;][vc_single_image image=&#8220;7627&#8243; img_size=&#8220;full&#8220; onclick=&#8220;custom_link&#8220; el_class=&#8220;history-img&#8220; link=&#8220;http:\/\/newterracotta.com\/de\/about-portuguese-legacy\/&#8220;][vc_custom_heading text=&#8220;Die Geschichte der Azulejos&#8220; el_class=&#8220;history-title&#8220;][vc_column_text el_class=&#8220;history-text&#8220;]<\/p>\n<p style=\"text-align: left;\">AZULEJO ist ein Ausdruck der portugiesischen Kultur<br \/>\nund f\u00fchrt zur\u00fcck zu ihren tiefsten Wurzeln.<\/p>\n<p>[\/vc_column_text][vc_single_image image=&#8220;7628&#8243; img_size=&#8220;full&#8220; onclick=&#8220;custom_link&#8220; el_class=&#8220;history-img&#8220; link=&#8220;http:\/\/newterracotta.com\/de\/projects\/&#8220;][vc_custom_heading text=&#8220;Projektgalerie&#8220; el_class=&#8220;history-title&#8220;][vc_column_text el_class=&#8220;history-text&#8220;]<\/p>\n<p style=\"text-align: left;\">Eine sorgf\u00e4ltig zusammengestellte Liste von Projekten, die geholfen haben, das Wesen unserer Fliesen zu definieren.<\/p>\n<p>[\/vc_column_text][\/vc_column][vc_column width=&#8220;5\/12&#8243; css=&#8220;.vc_custom_1561977581748{margin-top: 5px !important;background-position: 0 0 !important;background-repeat: repeat !important;}&#8220;][vc_single_image image=&#8220;7867&#8243; img_size=&#8220;full&#8220; onclick=&#8220;custom_link&#8220; el_class=&#8220;history-img&#8220; link=&#8220;http:\/\/newterracotta.com\/de\/bespoke\/&#8220;][vc_custom_heading text=&#8220;Auftragswerke nach Ma\u00df&#8220; el_class=&#8220;history-title&#8220;][vc_column_text el_class=&#8220;history-text&#8220;]<\/p>\n<p style=\"text-align: left;\">Bei unserem umfassenden Beratungsservice f\u00fcr ma\u00dfgeschneidertes Design geht es vor allem um Individualisierung.<\/p>\n<p>[\/vc_column_text][vc_single_image image=&#8220;7866&#8243; img_size=&#8220;full&#8220; onclick=&#8220;custom_link&#8220; el_class=&#8220;history-img&#8220; link=&#8220;http:\/\/newterracotta.com\/de\/colours\/&#8220;][vc_custom_heading text=&#8220;Nach Farbe einkaufen&#8220; el_class=&#8220;history-title&#8220;][vc_column_text el_class=&#8220;history-text&#8220;]<\/p>\n<p style=\"text-align: left;\">Die Kollektion bietet 142 Farben. Sanft, leuchtend, halbtransparent, tief und metallisch.<\/p>\n<p>[\/vc_column_text][\/vc_column][vc_column width=&#8220;1\/12&#8243;][\/vc_column][\/vc_row][vc_row][vc_column][vc_empty_space height=&#8220;80px&#8220;]<div class=\"piwo-heading text-center  secound-heading\" ><div class=\"heading-intro-text swiper-slide \"  data-aos=\"\" data-aos-delay=\"0\" ><\/div><h2 class=\"primary-heading\"  data-aos=\"\" data-aos-delay=\"50\">Unsere Fabrik<\/h2><div class=\"subheading\"  data-aos=\"\" data-aos-delay=\"100\"><\/div><\/div>[vc_column_text]<\/p>\n<p style=\"text-align: center;\">New Terracotta ist ein zutiefst portugiesisches Projekt f\u00fcr handwerklich hergestellte Keramik.<br \/>\nGerne erz\u00e4hlen wir Ihnen alles \u00fcber unsere handwerkliche Produktion, aber noch lieber w\u00fcrden wir sie Ihnen zeigen.<br \/>\nKommen Sie uns besuchen und \u00fcberzeugen Sie sich selbst \u2013 Sie sind jederzeit willkommen.<\/p>\n<p>[\/vc_column_text][vc_column_text]<\/p>\n<div id=\"background-video\">\n<div id=\"vidwrap\"><\/div>\n<\/div>\n<p>[\/vc_column_text][\/vc_column][\/vc_row][vc_row gap=&#8220;&#8220; el_class=&#8220;news-terracota&#8220;][vc_column width=&#8220;1\/6&#8243;][\/vc_column][vc_column width=&#8220;2\/3&#8243;][vc_empty_space height=&#8220;80px&#8220;]<div class=\"piwo-heading text-center  secound-heading\" ><div class=\"heading-intro-text swiper-slide \"  data-aos=\"\" data-aos-delay=\"0\" ><\/div><h2 class=\"primary-heading\"  data-aos=\"\" data-aos-delay=\"50\">Mehr \u00fcber Projekte, Geschichten und Veranstaltungen<\/h2><div class=\"subheading\"  data-aos=\"\" data-aos-delay=\"100\"><\/div><\/div>[vc_column_text el_class=&#8220;bloco-sem-margem-bottom&#8220;]<\/p>\n<p style=\"text-align: center;\">Read about the latest information about products, projects, stories and events.<\/p>\n<p>[\/vc_column_text][vc_column_text]<\/p>\n<h6 class=\"linke\" style=\"text-align: center;\"><a href=\"http:\/\/newterracotta.com\/news\/\">Mehr anzeigen.<\/a><\/h6>\n<p>[\/vc_column_text][vc_basic_grid post_type=&#8220;post&#8220; max_items=&#8220;3&#8243; grid_id=&#8220;vc_gid:1567436355790-a8676cf5-f04c-1&#8243; css=&#8220;.vc_custom_1560434690269{background-color: #ffffff !important;}&#8220;][\/vc_column][vc_column width=&#8220;1\/6&#8243;][\/vc_column][\/vc_row]<\/p>\n","protected":false},"excerpt":{"rendered":"<p>[vc_row full_width=&#8220;stretch_row&#8220; gap=&#8220;&#8220; parallax_image=&#8220;8683&#8243; lines=&#8220;1&#8243; el_class=&#8220;Header-Slide-PT&#8220;][vc_column width=&#8220;1\/12&#8243;][\/vc_column][vc_column width=&#8220;1\/2&#8243; css=&#8220;.vc_custom_1520258161402{background-position: 0 0 !important;background-repeat: repeat !important;}&#8220;][vc_empty_space height=&#8220;200&#8243;][vc_column_text] HANDMADE TILES [\/vc_column_text][vc_column_text css=&#8220;.vc_custom_1553179556244{padding-right: 200px !important;}&#8220;]portuguese culture[\/vc_column_text][vc_empty_space height=&#8220;200&#8243;][\/vc_column][vc_column width=&#8220;5\/12&#8243;][\/vc_column][\/vc_row][vc_row full_width=&#8220;stretch_row&#8220; gap=&#8220;&#8220; equal_height=&#8220;yes&#8220; content_placement=&#8220;middle&#8220; css=&#8220;.vc_custom_1554477199697{padding-top: 0px [&hellip;]<\/p>\n","protected":false},"author":1,"featured_media":0,"parent":0,"menu_order":0,"comment_status":"closed","ping_status":"closed","template":"","meta":{"_monsterinsights_skip_tracking":false,"_monsterinsights_sitenote_active":false,"_monsterinsights_sitenote_note":"","_monsterinsights_sitenote_category":0},"yoast_head":"<!-- This site is optimized with the Yoast SEO plugin v20.6 - https:\/\/yoast.com\/wordpress\/plugins\/seo\/ -->\n<title>New Terracotta - Portuguese Handmade<\/title>\n<meta name=\"description\" content=\"At New Terracotta we are devoted to making every single tile we produce a truly incredible experience.\" \/>\n<meta name=\"robots\" content=\"index, follow, max-snippet:-1, max-image-preview:large, max-video-preview:-1\" \/>\n<link rel=\"canonical\" href=\"https:\/\/newterracotta.com\/de\/homepage\/\" \/>\n<meta property=\"og:locale\" content=\"de_DE\" \/>\n<meta property=\"og:type\" content=\"article\" \/>\n<meta property=\"og:title\" content=\"New Terracotta - Portuguese Handmade\" \/>\n<meta property=\"og:description\" content=\"At New Terracotta we are devoted to making every single tile we produce a truly incredible experience.\" \/>\n<meta property=\"og:url\" content=\"https:\/\/newterracotta.com\/de\/homepage\/\" \/>\n<meta property=\"og:site_name\" content=\"New Terracotta\" \/>\n<meta property=\"article:modified_time\" content=\"2019-09-02T15:00:31+00:00\" \/>\n<meta name=\"twitter:card\" content=\"summary_large_image\" \/>\n<meta name=\"twitter:label1\" content=\"Gesch\u00e4tzte Lesezeit\" \/>\n\t<meta name=\"twitter:data1\" content=\"4\u00a0Minuten\" \/>\n<script type=\"application\/ld+json\" class=\"yoast-schema-graph\">{\"@context\":\"https:\/\/schema.org\",\"@graph\":[{\"@type\":\"WebPage\",\"@id\":\"https:\/\/newterracotta.com\/de\/homepage\/\",\"url\":\"https:\/\/newterracotta.com\/de\/homepage\/\",\"name\":\"New Terracotta - Portuguese Handmade\",\"isPartOf\":{\"@id\":\"https:\/\/newterracotta.com\/#website\"},\"datePublished\":\"2019-08-12T10:45:23+00:00\",\"dateModified\":\"2019-09-02T15:00:31+00:00\",\"description\":\"At New Terracotta we are devoted to making every single tile we produce a truly incredible experience.\",\"inLanguage\":\"de\",\"potentialAction\":[{\"@type\":\"ReadAction\",\"target\":[\"https:\/\/newterracotta.com\/de\/homepage\/\"]}]},{\"@type\":\"WebSite\",\"@id\":\"https:\/\/newterracotta.com\/#website\",\"url\":\"https:\/\/newterracotta.com\/\",\"name\":\"New Terracotta\",\"description\":\"Portuguese Handmade\",\"potentialAction\":[{\"@type\":\"SearchAction\",\"target\":{\"@type\":\"EntryPoint\",\"urlTemplate\":\"https:\/\/newterracotta.com\/?s={search_term_string}\"},\"query-input\":\"required name=search_term_string\"}],\"inLanguage\":\"de\"}]}<\/script>\n<!-- \/ Yoast SEO plugin. -->","yoast_head_json":{"title":"New Terracotta - Portuguese Handmade","description":"At New Terracotta we are devoted to making every single tile we produce a truly incredible experience.","robots":{"index":"index","follow":"follow","max-snippet":"max-snippet:-1","max-image-preview":"max-image-preview:large","max-video-preview":"max-video-preview:-1"},"canonical":"https:\/\/newterracotta.com\/de\/homepage\/","og_locale":"de_DE","og_type":"article","og_title":"New Terracotta - Portuguese Handmade","og_description":"At New Terracotta we are devoted to making every single tile we produce a truly incredible experience.","og_url":"https:\/\/newterracotta.com\/de\/homepage\/","og_site_name":"New Terracotta","article_modified_time":"2019-09-02T15:00:31+00:00","twitter_card":"summary_large_image","twitter_misc":{"Gesch\u00e4tzte Lesezeit":"4\u00a0Minuten"},"schema":{"@context":"https:\/\/schema.org","@graph":[{"@type":"WebPage","@id":"https:\/\/newterracotta.com\/de\/homepage\/","url":"https:\/\/newterracotta.com\/de\/homepage\/","name":"New Terracotta - Portuguese Handmade","isPartOf":{"@id":"https:\/\/newterracotta.com\/#website"},"datePublished":"2019-08-12T10:45:23+00:00","dateModified":"2019-09-02T15:00:31+00:00","description":"At New Terracotta we are devoted to making every single tile we produce a truly incredible experience.","inLanguage":"de","potentialAction":[{"@type":"ReadAction","target":["https:\/\/newterracotta.com\/de\/homepage\/"]}]},{"@type":"WebSite","@id":"https:\/\/newterracotta.com\/#website","url":"https:\/\/newterracotta.com\/","name":"New Terracotta","description":"Portuguese Handmade","potentialAction":[{"@type":"SearchAction","target":{"@type":"EntryPoint","urlTemplate":"https:\/\/newterracotta.com\/?s={search_term_string}"},"query-input":"required name=search_term_string"}],"inLanguage":"de"}]}},"_links":{"self":[{"href":"https:\/\/newterracotta.com\/de\/wp-json\/wp\/v2\/pages\/10441"}],"collection":[{"href":"https:\/\/newterracotta.com\/de\/wp-json\/wp\/v2\/pages"}],"about":[{"href":"https:\/\/newterracotta.com\/de\/wp-json\/wp\/v2\/types\/page"}],"author":[{"embeddable":true,"href":"https:\/\/newterracotta.com\/de\/wp-json\/wp\/v2\/users\/1"}],"replies":[{"embeddable":true,"href":"https:\/\/newterracotta.com\/de\/wp-json\/wp\/v2\/comments?post=10441"}],"version-history":[{"count":5,"href":"https:\/\/newterracotta.com\/de\/wp-json\/wp\/v2\/pages\/10441\/revisions"}],"predecessor-version":[{"id":17559,"href":"https:\/\/newterracotta.com\/de\/wp-json\/wp\/v2\/pages\/10441\/revisions\/17559"}],"wp:attachment":[{"href":"https:\/\/newterracotta.com\/de\/wp-json\/wp\/v2\/media?parent=10441"}],"curies":[{"name":"wp","href":"https:\/\/api.w.org\/{rel}","templated":true}]}}