{"id":10712,"date":"2019-08-12T16:28:07","date_gmt":"2019-08-12T16:28:07","guid":{"rendered":"http:\/\/newterracotta.com\/?page_id=10712"},"modified":"2019-09-03T09:00:39","modified_gmt":"2019-09-03T09:00:39","slug":"projects","status":"publish","type":"page","link":"https:\/\/newterracotta.com\/de\/projects\/","title":{"rendered":"PROJEKTE"},"content":{"rendered":"<p>[vc_row][vc_column][vc_empty_space height=&#8220;50px&#8220;][vc_column_text]<\/p>\n<h4 style=\"text-align: center;\">Unser Kundenstamm ist sehr vielf\u00e4ltig, und wir arbeiten an gro\u00dfen wie auch kleinen Projekten.<br \/>\nWir arbeiten mit Architekten aus der ganzen Welt.<br \/>\nWir sind f\u00fcr kleine Studios da, und wir arbeiten mit der Superliga der Architektur zusammen.<\/h4>\n<h5 style=\"text-align: center;\"><strong>Referenzen<\/strong><\/h5>\n<p style=\"text-align: center;\">AnahoryAlmeida | Areen | Atelier do Cardoso | Bishop Design | Champalimaud Design | Contacto Atl\u00e2ntico | Foster &amp; Partners | Gensler | Grimshaw | Harrison Architects | HBA | Jacques Garcia | Jean-Louis Deniot | Jonathan Adler | Joseph Dirand | Keane Brands | LXA Associates DMCC | Nini Andrade Silva | Nomos | Oito em Ponto | Pedro Pe\u00f1a | Perkins+Will | Pierre Yovanovitch | Promont\u00f3rio | Saraiva + Associados | Spik Studios | Studio Collective | Wilson Associates | Woods Bagot<\/p>\n<p style=\"text-align: center;\">Banyan Tree | Chanel | Christian Louboutin | Expo Dubai 2020 | Four Seasons | Freeport Fashion Outlet | Google | InkoNito | Jamie Oliver | Grupo Jos\u00e9 Avillez | Marriott | Nando&#8217;s | OLX | Radisson Blu | SMCP | Soho House | Starbucks | W Hotel<\/p>\n<p>[\/vc_column_text][\/vc_column][\/vc_row][vc_row full_width=&#8220;stretch_row_content&#8220; gap=&#8220;inner-100&#8243; el_class=&#8220;projectos-terra&#8220;][vc_column][vc_masonry_grid post_type=&#8220;piwo_portfolio&#8220; max_items=&#8220;-1&#8243; style=&#8220;lazy&#8220; items_per_page=&#8220;6&#8243; orderby=&#8220;menu_order&#8220; order=&#8220;ASC&#8220; item=&#8220;masonryGrid_OverlayWithRotation&#8220; grid_id=&#8220;vc_gid:1567501223503-798f3a4d-1a4c-7&#8243; taxonomies=&#8220;146&#8243;][\/vc_column][\/vc_row][vc_row][vc_column][vc_column_text]<br \/>\n[\/vc_column_text][\/vc_column][\/vc_row][vc_row full_width=&#8220;stretch_row_content_no_spaces&#8220; gap=&#8220;&#8220; el_class=&#8220;lets-talk-bloco&#8220;][vc_column][vc_custom_heading text=&#8220;Wir arbeiten mit Menschen, die wir m\u00f6gen, an Projekten, die wir lieben.<br \/>\nSie glauben, Sie haben ein interessantes Projekt f\u00fcr uns?&#8220; font_container=&#8220;tag:h2|text_align:center&#8220;][vc_column_text]<\/p>\n<h5 style=\"text-align: center;\"><a href=\"http:\/\/newterracotta.com\/de\/contact-2\/\">REDEN WIR DAR\u00dcBER.<\/a><\/h5>\n<p>[\/vc_column_text][\/vc_column][\/vc_row]<\/p>\n","protected":false},"excerpt":{"rendered":"<p>[vc_row][vc_column][vc_empty_space height=&#8220;50px&#8220;][vc_column_text] Unser Kundenstamm ist sehr vielf\u00e4ltig, und wir arbeiten an gro\u00dfen wie auch kleinen Projekten. Wir arbeiten mit Architekten aus der ganzen Welt. Wir sind f\u00fcr kleine Studios da, [&hellip;]<\/p>\n","protected":false},"author":1,"featured_media":0,"parent":0,"menu_order":0,"comment_status":"closed","ping_status":"closed","template":"","meta":{"_monsterinsights_skip_tracking":false,"_monsterinsights_sitenote_active":false,"_monsterinsights_sitenote_note":"","_monsterinsights_sitenote_category":0},"yoast_head":"<!-- This site is optimized with the Yoast SEO plugin v20.6 - https:\/\/yoast.com\/wordpress\/plugins\/seo\/ -->\n<title>PROJEKTE - New Terracotta<\/title>\n<meta name=\"description\" content=\"Join us on a journey around the world and be inspired by unique solutions featuring New Terracotta products\" \/>\n<meta name=\"robots\" content=\"index, follow, max-snippet:-1, max-image-preview:large, max-video-preview:-1\" \/>\n<link rel=\"canonical\" href=\"https:\/\/newterracotta.com\/de\/projects\/\" \/>\n<meta property=\"og:locale\" content=\"de_DE\" \/>\n<meta property=\"og:type\" content=\"article\" \/>\n<meta property=\"og:title\" content=\"PROJEKTE - New Terracotta\" \/>\n<meta property=\"og:description\" content=\"Join us on a journey around the world and be inspired by unique solutions featuring New Terracotta products\" \/>\n<meta property=\"og:url\" content=\"https:\/\/newterracotta.com\/de\/projects\/\" \/>\n<meta property=\"og:site_name\" content=\"New Terracotta\" \/>\n<meta property=\"article:modified_time\" content=\"2019-09-03T09:00:39+00:00\" \/>\n<meta name=\"twitter:card\" content=\"summary_large_image\" \/>\n<meta name=\"twitter:label1\" content=\"Gesch\u00e4tzte Lesezeit\" \/>\n\t<meta name=\"twitter:data1\" content=\"1\u00a0Minute\" \/>\n<script type=\"application\/ld+json\" class=\"yoast-schema-graph\">{\"@context\":\"https:\/\/schema.org\",\"@graph\":[{\"@type\":\"WebPage\",\"@id\":\"https:\/\/newterracotta.com\/de\/projects\/\",\"url\":\"https:\/\/newterracotta.com\/de\/projects\/\",\"name\":\"PROJEKTE - New Terracotta\",\"isPartOf\":{\"@id\":\"https:\/\/newterracotta.com\/#website\"},\"datePublished\":\"2019-08-12T16:28:07+00:00\",\"dateModified\":\"2019-09-03T09:00:39+00:00\",\"description\":\"Join us on a journey around the world and be inspired by unique solutions featuring New Terracotta products\",\"inLanguage\":\"de\",\"potentialAction\":[{\"@type\":\"ReadAction\",\"target\":[\"https:\/\/newterracotta.com\/de\/projects\/\"]}]},{\"@type\":\"WebSite\",\"@id\":\"https:\/\/newterracotta.com\/#website\",\"url\":\"https:\/\/newterracotta.com\/\",\"name\":\"New Terracotta\",\"description\":\"Portuguese Handmade\",\"potentialAction\":[{\"@type\":\"SearchAction\",\"target\":{\"@type\":\"EntryPoint\",\"urlTemplate\":\"https:\/\/newterracotta.com\/?s={search_term_string}\"},\"query-input\":\"required name=search_term_string\"}],\"inLanguage\":\"de\"}]}<\/script>\n<!-- \/ Yoast SEO plugin. -->","yoast_head_json":{"title":"PROJEKTE - New Terracotta","description":"Join us on a journey around the world and be inspired by unique solutions featuring New Terracotta products","robots":{"index":"index","follow":"follow","max-snippet":"max-snippet:-1","max-image-preview":"max-image-preview:large","max-video-preview":"max-video-preview:-1"},"canonical":"https:\/\/newterracotta.com\/de\/projects\/","og_locale":"de_DE","og_type":"article","og_title":"PROJEKTE - New Terracotta","og_description":"Join us on a journey around the world and be inspired by unique solutions featuring New Terracotta products","og_url":"https:\/\/newterracotta.com\/de\/projects\/","og_site_name":"New Terracotta","article_modified_time":"2019-09-03T09:00:39+00:00","twitter_card":"summary_large_image","twitter_misc":{"Gesch\u00e4tzte Lesezeit":"1\u00a0Minute"},"schema":{"@context":"https:\/\/schema.org","@graph":[{"@type":"WebPage","@id":"https:\/\/newterracotta.com\/de\/projects\/","url":"https:\/\/newterracotta.com\/de\/projects\/","name":"PROJEKTE - New Terracotta","isPartOf":{"@id":"https:\/\/newterracotta.com\/#website"},"datePublished":"2019-08-12T16:28:07+00:00","dateModified":"2019-09-03T09:00:39+00:00","description":"Join us on a journey around the world and be inspired by unique solutions featuring New Terracotta products","inLanguage":"de","potentialAction":[{"@type":"ReadAction","target":["https:\/\/newterracotta.com\/de\/projects\/"]}]},{"@type":"WebSite","@id":"https:\/\/newterracotta.com\/#website","url":"https:\/\/newterracotta.com\/","name":"New Terracotta","description":"Portuguese Handmade","potentialAction":[{"@type":"SearchAction","target":{"@type":"EntryPoint","urlTemplate":"https:\/\/newterracotta.com\/?s={search_term_string}"},"query-input":"required name=search_term_string"}],"inLanguage":"de"}]}},"_links":{"self":[{"href":"https:\/\/newterracotta.com\/de\/wp-json\/wp\/v2\/pages\/10712"}],"collection":[{"href":"https:\/\/newterracotta.com\/de\/wp-json\/wp\/v2\/pages"}],"about":[{"href":"https:\/\/newterracotta.com\/de\/wp-json\/wp\/v2\/types\/page"}],"author":[{"embeddable":true,"href":"https:\/\/newterracotta.com\/de\/wp-json\/wp\/v2\/users\/1"}],"replies":[{"embeddable":true,"href":"https:\/\/newterracotta.com\/de\/wp-json\/wp\/v2\/comments?post=10712"}],"version-history":[{"count":5,"href":"https:\/\/newterracotta.com\/de\/wp-json\/wp\/v2\/pages\/10712\/revisions"}],"predecessor-version":[{"id":17782,"href":"https:\/\/newterracotta.com\/de\/wp-json\/wp\/v2\/pages\/10712\/revisions\/17782"}],"wp:attachment":[{"href":"https:\/\/newterracotta.com\/de\/wp-json\/wp\/v2\/media?parent=10712"}],"curies":[{"name":"wp","href":"https:\/\/api.w.org\/{rel}","templated":true}]}}