{"id":10720,"date":"2019-08-13T08:41:01","date_gmt":"2019-08-13T08:41:01","guid":{"rendered":"http:\/\/newterracotta.com\/?page_id=10720"},"modified":"2020-05-12T14:04:27","modified_gmt":"2020-05-12T14:04:27","slug":"bespoke","status":"publish","type":"page","link":"https:\/\/newterracotta.com\/de\/bespoke\/","title":{"rendered":"IM ATELIER Back"},"content":{"rendered":"<p>[vc_row full_width=&#8220;stretch_row_content_no_spaces&#8220; gap=&#8220;&#8220; parallax_image=&#8220;8095&#8243; el_class=&#8220;section-1-bespoke meia-imagem&#8220;][vc_column][vc_row_inner el_class=&#8220;block-container&#8220;][vc_column_inner width=&#8220;1\/2&#8243;][\/vc_column_inner][vc_column_inner width=&#8220;1\/2&#8243;][vc_custom_heading text=&#8220;Im Atelier&#8220; el_class=&#8220;no-margin-bottom&#8220;][vc_custom_heading text=&#8220;Au\u00dferordentliches Ma\u00df an Kundenorientierung und Zusammenarbeit.&#8220; font_container=&#8220;tag:h4|text_align:left&#8220; el_class=&#8220;no-margin-bottom&#8220;][vc_column_text]Unser hauseigenes Team aus Designern, Keramikexperten und erfahrenen Handwerkern erm\u00f6glicht uns, mit f\u00fchrenden Architekten und Designern bei ihren spektakul\u00e4ren Projekten zusammenzuarbeiten.[\/vc_column_text][vc_empty_space height=&#8220;10px&#8220;][vc_custom_heading text=&#8220;Zuh\u00f6ren und Lernen&#8220; font_container=&#8220;tag:h6|text_align:left&#8220; el_class=&#8220;no-margin-bottom&#8220;][vc_column_text el_class=&#8220;no-margin-bottom&#8220;]Zun\u00e4chst h\u00f6ren wir uns die kreative Vision unseres Kunden an und nehmen uns die Zeit, seine grundlegenden Bed\u00fcrfnisse und W\u00fcnsche zu verstehen, wir versuchen aber auch, die Grenzen seiner Vorstellungskraft durch unsere Kenntnis des M\u00f6glichen zu erweitern.[\/vc_column_text][vc_empty_space height=&#8220;10px&#8220;][vc_single_image image=&#8220;10722&#8243; img_size=&#8220;full&#8220; el_class=&#8220;width70&#8243;][\/vc_column_inner][\/vc_row_inner][\/vc_column][\/vc_row][vc_row gap=&#8220;&#8220; el_class=&#8220;section-2-bespoke&#8220;][vc_column][vc_row_inner el_class=&#8220;espaco-global&#8220;][vc_column_inner width=&#8220;1\/2&#8243;][vc_single_image image=&#8220;10743&#8243; img_size=&#8220;full&#8220; alignment=&#8220;right&#8220;][\/vc_column_inner][vc_column_inner width=&#8220;1\/2&#8243;][vc_custom_heading text=&#8220;HISTORISCHE RESTAURIERUNG&#8220; font_container=&#8220;tag:h3|text_align:left&#8220;][vc_column_text]New Terracotta hat betr\u00e4chtliches Fachwissen und Erfahrung mit Fliesen in denkmalgesch\u00fctzten Geb\u00e4uden. Wir liefern ma\u00dfgefertigte Fliesen an Pal\u00e4ste, Denkm\u00e4ler, Kirchen und Privatwohnungen, f\u00fcr Projekte, bei denen in Bezug auf Qualit\u00e4t, Erscheinungsbild und Dimensionen sehr spezifische Anforderungen an uns gestellt werden.[\/vc_column_text][vc_custom_heading text=&#8220;HANDGEMALTE WANDBILDER NACH MASS&#8220; font_container=&#8220;tag:h3|text_align:left&#8220;][vc_column_text]Designs werden von Hand oder mit dem Computer zu Papier gebracht und von unseren hochqualifizierten Fliesenmalern kunstvoll auf die Fliesen \u00fcbertragen. Mit einer Vielzahl von Pinseltechniken werden Glasuren aufgetragen, die beim Brennen atemberaubende Einzelst\u00fccke aus Keramik mit gewaltiger Farbtiefe und einzigartigem Charakter bilden.[\/vc_column_text][\/vc_column_inner][\/vc_row_inner][vc_row_inner el_class=&#8220;espaco-global&#8220;][vc_column_inner width=&#8220;1\/2&#8243;][vc_single_image image=&#8220;10744&#8243; img_size=&#8220;full&#8220; alignment=&#8220;right&#8220;][\/vc_column_inner][vc_column_inner width=&#8220;1\/2&#8243;][vc_custom_heading text=&#8220;ZEITGEN\u00d6SSISCHE KUNSTAUFTR\u00c4GE&#8220; font_container=&#8220;tag:h3|text_align:left&#8220;][vc_column_text]Die Fertigung von Formen ist ein arbeitsreiches und langwieriges Verfahren. Sie erfordert au\u00dferdem Fachwissen, Erfahrung und \u00e4u\u00dferste Sorgfalt beim Umgang mit den Materialien, die sich oft in ihrem fl\u00fcssigen Zustand befinden.<br \/>\nMit modernen Werkzeugen und den feinf\u00fchligen H\u00e4nden sowie dem Talent unserer K\u00fcnstler schaffen wir dreidimensionale Fliesen und zeitgen\u00f6ssische Skulpturen nach Ma\u00df f\u00fcr alle, die h\u00f6chste Kunstfertigkeit zu sch\u00e4tzen wissen.[\/vc_column_text][\/vc_column_inner][\/vc_row_inner][\/vc_column][\/vc_row][vc_section full_width=&#8220;stretch_row&#8220; el_class=&#8220;section-3-bespoke&#8220;][vc_row gap=&#8220;&#8220; css=&#8220;.vc_custom_1561981267646{padding-top: 30px !important;padding-bottom: 30px !important;}&#8220;][vc_column][vc_row_inner][vc_column_inner width=&#8220;1\/2&#8243;][vc_single_image image=&#8220;10721&#8243; img_size=&#8220;full&#8220; el_class=&#8220;width100&#8243;][vc_single_image image=&#8220;10731&#8243; img_size=&#8220;full&#8220; el_class=&#8220;width100&#8243;][vc_custom_heading text=&#8220;Die Plastizit\u00e4t von Ton&#8220; font_container=&#8220;tag:h6|text_align:left&#8220; el_class=&#8220;no-margin-bottom&#8220;][vc_column_text]Nur eine Zutat, die so formbar ist, kann diesen hohen Freiheitsgrad im Projekt m\u00f6glich machen.<br \/>\nKeine zwei St\u00fccke sind genau gleich. Die unregelm\u00e4\u00dfigen Kanten, die geriffelte Oberfl\u00e4che und die kleinen Unvollkommenheiten geben jedem St\u00fcck seinen einzigartigen Charakter.[\/vc_column_text][\/vc_column_inner][vc_column_inner width=&#8220;1\/2&#8243; css=&#8220;.vc_custom_1561980695929{padding-top: 16px !important;}&#8220;][vc_custom_heading text=&#8220;Keramikfliesen als Medium&#8220; font_container=&#8220;tag:h6|text_align:left&#8220; el_class=&#8220;no-margin-bottom&#8220;][vc_column_text]Keramik wird aufgrund der dem fertigen Produkt innewohnenden Eigenschaften seit vielen Jahrhunderten f\u00fcr dekorative Wandbilder genutzt. Keramik ist feuchtigkeitsbest\u00e4ndig, strapazierf\u00e4hig und verblasst nicht, und aus diesem Grund werden Wandbilder und dekorative Fliesen gerne genutzt, um Geb\u00e4uden sowohl innen als auch au\u00dfen den letzten Schliff zu geben.[\/vc_column_text][vc_custom_heading text=&#8220;Die Bedeutung des richtigen Wei\u00df&#8220; font_container=&#8220;tag:h6|text_align:left&#8220; el_class=&#8220;no-margin-bottom&#8220;][vc_column_text]Die Wahl des Wei\u00dftons, den wir in unserem Werk verwenden, ist die wichtigste Farbauswahl. Das von uns gew\u00e4hlte Wei\u00df bestimmt in hohem Ma\u00dfe, was f\u00fcr ein Farberlebnis wir erreichen werden.[\/vc_column_text][vc_single_image image=&#8220;10730&#8243; img_size=&#8220;full&#8220;][vc_custom_heading text=&#8220;Labor &amp; Werkstatt&#8220; font_container=&#8220;tag:h6|text_align:left&#8220; el_class=&#8220;no-margin-bottom&#8220;][vc_column_text]Wir beschr\u00e4nken uns nicht darauf, Fliesen anzubieten. Wir veranstalten offene Kurse und Workshops, mittels derer wir unsere Materialkenntnisse und Techniken teilen und das historische Verm\u00e4chtnis erhalten m\u00f6chten.[\/vc_column_text][\/vc_column_inner][\/vc_row_inner][\/vc_column][\/vc_row][\/vc_section][vc_section full_width=&#8220;stretch_row&#8220; el_class=&#8220;section-4-bespoke&#8220;][vc_row][vc_column][vc_row_inner][vc_column_inner][vc_custom_heading text=&#8220;Ma\u00dfgefertigte Designs&#8220; font_container=&#8220;tag:h3|text_align:center&#8220; el_class=&#8220;no-margin-bottom&#8220;][vc_column_text]<\/p>\n<p style=\"text-align: center;\">New Terracotta bietet einen umfassenden Wanddesign-Service vom Entwurf bis zur Installation.<br \/>\nOb Sie eines unserer vorhandenen Designs anpassen oder mit uns an einem von Grund auf ma\u00dfgefertigten Werk arbeiten wollen, unsere Experten begleiten Sie gerne durch diesen aufregenden Prozess.<\/p>\n<p>[\/vc_column_text][vc_empty_space height=&#8220;20px&#8220;][\/vc_column_inner][\/vc_row_inner][vc_row_inner][vc_column_inner][vc_single_image image=&#8220;10723&#8243; img_size=&#8220;full&#8220;][\/vc_column_inner][\/vc_row_inner][\/vc_column][\/vc_row][vc_row][vc_column][vc_empty_space height=&#8220;20px&#8220;][vc_custom_heading text=&#8220;Neuere Auftragswerke&#8220; font_container=&#8220;tag:h6|text_align:left&#8220; el_class=&#8220;no-margin-bottom no-margin-h5-special&#8220; css=&#8220;.vc_custom_1565685411862{margin-bottom: 0px !important;padding-bottom: 0px !important;}&#8220;][vc_column_text css=&#8220;.vc_custom_1565685432170{margin-top: 0px !important;padding-top: 0px !important;}&#8220;]Einige Projekte, die wir lieben.[\/vc_column_text][vc_row_inner][vc_column_inner width=&#8220;1\/3&#8243;][vc_single_image image=&#8220;10763&#8243; img_size=&#8220;full&#8220;][vc_custom_heading text=&#8220;The Big Birds&#8220; font_container=&#8220;tag:h5|text_align:left&#8220;][vc_single_image image=&#8220;10767&#8243; img_size=&#8220;full&#8220;][vc_custom_heading text=&#8220;Cat, Crocodile and Friends&#8220; font_container=&#8220;tag:h5|text_align:left&#8220;][vc_single_image image=&#8220;10754&#8243; img_size=&#8220;full&#8220;][vc_custom_heading text=&#8220;Guest List&#8220; font_container=&#8220;tag:h5|text_align:left&#8220;][\/vc_column_inner][vc_column_inner width=&#8220;1\/3&#8243;][vc_single_image image=&#8220;10766&#8243; img_size=&#8220;full&#8220;][vc_custom_heading text=&#8220;Tropical Aquarela&#8220; font_container=&#8220;tag:h5|text_align:left&#8220;][vc_single_image image=&#8220;15495&#8243; img_size=&#8220;full&#8220;][vc_custom_heading text=&#8220;Palace Fronteira&#8220; font_container=&#8220;tag:h5|text_align:left&#8220;][vc_single_image image=&#8220;10761&#8243; img_size=&#8220;full&#8220;][vc_custom_heading text=&#8220;The Fish Mural&#8220; font_container=&#8220;tag:h5|text_align:left&#8220;][vc_single_image image=&#8220;10727&#8243; img_size=&#8220;full&#8220;][vc_custom_heading text=&#8220;Raw Fish Mural&#8220; font_container=&#8220;tag:h5|text_align:left&#8220;][\/vc_column_inner][vc_column_inner width=&#8220;1\/3&#8243;][vc_single_image image=&#8220;10764&#8243; img_size=&#8220;full&#8220;][vc_custom_heading text=&#8220;China Regio Asie&#8220; font_container=&#8220;tag:h5|text_align:left&#8220;][vc_single_image image=&#8220;10736&#8243; img_size=&#8220;full&#8220;][vc_custom_heading text=&#8220;Chinoiserie in Pink&#8220; font_container=&#8220;tag:h5|text_align:left&#8220;][vc_single_image image=&#8220;10757&#8243; img_size=&#8220;full&#8220;][vc_custom_heading text=&#8220;Balustrade with Porcupine&#8220; font_container=&#8220;tag:h5|text_align:left&#8220;][\/vc_column_inner][\/vc_row_inner][vc_row_inner][vc_column_inner][vc_single_image image=&#8220;10760&#8243; img_size=&#8220;full&#8220;][vc_custom_heading text=&#8220;Historical Patchwork&#8220; font_container=&#8220;tag:h5|text_align:left&#8220;][\/vc_column_inner][\/vc_row_inner][\/vc_column][\/vc_row][\/vc_section][vc_section el_class=&#8220;section-5-bespoke&#8220;][vc_row][vc_column][vc_row_inner][vc_column_inner][vc_custom_heading text=&#8220;Farben, Formen und Texturen nach Ma\u00df&#8220; font_container=&#8220;tag:h3|text_align:center&#8220; el_class=&#8220;no-margin-bottom&#8220;][vc_column_text]<\/p>\n<p style=\"text-align: center;\">Wir ermutigen unsere Kunden, ihre eigene Kreativit\u00e4t auszusch\u00f6pfen und uns ein einzigartiges Werk in Auftrag zu<br \/>\ngeben, das vollkommen auf ihren pers\u00f6nlichen Stil zugeschnitten ist.<\/p>\n<p>[\/vc_column_text][vc_empty_space height=&#8220;20px&#8220;][\/vc_column_inner][\/vc_row_inner][\/vc_column][\/vc_row][vc_row gap=&#8220;&#8220; el_class=&#8220;gallery-bespoke&#8220;][vc_column][rev_slider_vc alias=&#8220;bespoke&#8220; el_class=&#8220;maxwidthSlide&#8220;][vc_empty_space height=&#8220;40px&#8220;][\/vc_column][\/vc_row][vc_row][vc_column width=&#8220;1\/2&#8243;][vc_row_inner][vc_column_inner width=&#8220;1\/2&#8243;][vc_single_image image=&#8220;10729&#8243; img_size=&#8220;full&#8220;][vc_custom_heading text=&#8220;Paulo Calado&#8220; font_container=&#8220;tag:h5|text_align:left&#8220;][\/vc_column_inner][vc_column_inner width=&#8220;1\/2&#8243;][vc_single_image image=&#8220;10745&#8243; img_size=&#8220;full&#8220;][vc_custom_heading text=&#8220;\u00c1lvaro Afonso&#8220; font_container=&#8220;tag:h5|text_align:left&#8220;][\/vc_column_inner][\/vc_row_inner][vc_row_inner][vc_column_inner][vc_custom_heading text=&#8220;Die Manager einer Dienstleistungsfabrik&#8220; font_container=&#8220;tag:h6|text_align:left&#8220; el_class=&#8220;no-margin-bottom&#8220;][vc_column_text]In unserem Unternehmen wei\u00df jeder, dass unsere Fabrik nicht nur Produkte herstellt, sie liefert auch zu jedem einzelnen Produkt eine passende Auswahl an Dienstleistungen. Diesen integrierten Blick auf Produkte und Dienstleistungen nennen wir die Dienstleistungsfabrik.[\/vc_column_text][\/vc_column_inner][\/vc_row_inner][\/vc_column][vc_column width=&#8220;1\/2&#8243;][vc_single_image image=&#8220;10756&#8243; img_size=&#8220;full&#8220; onclick=&#8220;custom_link&#8220; link=&#8220;http:\/\/newterracotta.com\/de\/new-terracotta\/&#8220;][\/vc_column][\/vc_row][\/vc_section]<\/p>\n","protected":false},"excerpt":{"rendered":"<p>[vc_row full_width=&#8220;stretch_row_content_no_spaces&#8220; gap=&#8220;&#8220; parallax_image=&#8220;8095&#8243; el_class=&#8220;section-1-bespoke meia-imagem&#8220;][vc_column][vc_row_inner el_class=&#8220;block-container&#8220;][vc_column_inner width=&#8220;1\/2&#8243;][\/vc_column_inner][vc_column_inner width=&#8220;1\/2&#8243;][vc_custom_heading text=&#8220;Im Atelier&#8220; el_class=&#8220;no-margin-bottom&#8220;][vc_custom_heading text=&#8220;Au\u00dferordentliches Ma\u00df an Kundenorientierung und Zusammenarbeit.&#8220; font_container=&#8220;tag:h4|text_align:left&#8220; el_class=&#8220;no-margin-bottom&#8220;][vc_column_text]Unser hauseigenes Team aus Designern, Keramikexperten und erfahrenen Handwerkern erm\u00f6glicht uns, [&hellip;]<\/p>\n","protected":false},"author":1,"featured_media":0,"parent":0,"menu_order":0,"comment_status":"closed","ping_status":"closed","template":"","meta":{"_monsterinsights_skip_tracking":false,"_monsterinsights_sitenote_active":false,"_monsterinsights_sitenote_note":"","_monsterinsights_sitenote_category":0},"yoast_head":"<!-- This site is optimized with the Yoast SEO plugin v20.6 - https:\/\/yoast.com\/wordpress\/plugins\/seo\/ -->\n<title>IM ATELIER Back - New Terracotta<\/title>\n<meta name=\"description\" content=\"Technique. Museum. Archive. Handpainted.Tiles have played a prominent part in the world throughout history.\" \/>\n<meta name=\"robots\" content=\"index, follow, max-snippet:-1, max-image-preview:large, max-video-preview:-1\" \/>\n<link rel=\"canonical\" href=\"https:\/\/newterracotta.com\/de\/bespoke\/\" \/>\n<meta property=\"og:locale\" content=\"de_DE\" \/>\n<meta property=\"og:type\" content=\"article\" \/>\n<meta property=\"og:title\" content=\"IM ATELIER Back - New Terracotta\" \/>\n<meta property=\"og:description\" content=\"Technique. Museum. Archive. Handpainted.Tiles have played a prominent part in the world throughout history.\" \/>\n<meta property=\"og:url\" content=\"https:\/\/newterracotta.com\/de\/bespoke\/\" \/>\n<meta property=\"og:site_name\" content=\"New Terracotta\" \/>\n<meta property=\"article:modified_time\" content=\"2020-05-12T14:04:27+00:00\" \/>\n<meta name=\"twitter:card\" content=\"summary_large_image\" \/>\n<meta name=\"twitter:label1\" content=\"Gesch\u00e4tzte Lesezeit\" \/>\n\t<meta name=\"twitter:data1\" content=\"8\u00a0Minuten\" \/>\n<script type=\"application\/ld+json\" class=\"yoast-schema-graph\">{\"@context\":\"https:\/\/schema.org\",\"@graph\":[{\"@type\":\"WebPage\",\"@id\":\"https:\/\/newterracotta.com\/de\/bespoke\/\",\"url\":\"https:\/\/newterracotta.com\/de\/bespoke\/\",\"name\":\"IM ATELIER Back - New Terracotta\",\"isPartOf\":{\"@id\":\"https:\/\/newterracotta.com\/#website\"},\"datePublished\":\"2019-08-13T08:41:01+00:00\",\"dateModified\":\"2020-05-12T14:04:27+00:00\",\"description\":\"Technique. Museum. Archive. Handpainted.Tiles have played a prominent part in the world throughout history.\",\"inLanguage\":\"de\",\"potentialAction\":[{\"@type\":\"ReadAction\",\"target\":[\"https:\/\/newterracotta.com\/de\/bespoke\/\"]}]},{\"@type\":\"WebSite\",\"@id\":\"https:\/\/newterracotta.com\/#website\",\"url\":\"https:\/\/newterracotta.com\/\",\"name\":\"New Terracotta\",\"description\":\"Portuguese Handmade\",\"potentialAction\":[{\"@type\":\"SearchAction\",\"target\":{\"@type\":\"EntryPoint\",\"urlTemplate\":\"https:\/\/newterracotta.com\/?s={search_term_string}\"},\"query-input\":\"required name=search_term_string\"}],\"inLanguage\":\"de\"}]}<\/script>\n<!-- \/ Yoast SEO plugin. -->","yoast_head_json":{"title":"IM ATELIER Back - New Terracotta","description":"Technique. Museum. Archive. Handpainted.Tiles have played a prominent part in the world throughout history.","robots":{"index":"index","follow":"follow","max-snippet":"max-snippet:-1","max-image-preview":"max-image-preview:large","max-video-preview":"max-video-preview:-1"},"canonical":"https:\/\/newterracotta.com\/de\/bespoke\/","og_locale":"de_DE","og_type":"article","og_title":"IM ATELIER Back - New Terracotta","og_description":"Technique. Museum. Archive. Handpainted.Tiles have played a prominent part in the world throughout history.","og_url":"https:\/\/newterracotta.com\/de\/bespoke\/","og_site_name":"New Terracotta","article_modified_time":"2020-05-12T14:04:27+00:00","twitter_card":"summary_large_image","twitter_misc":{"Gesch\u00e4tzte Lesezeit":"8\u00a0Minuten"},"schema":{"@context":"https:\/\/schema.org","@graph":[{"@type":"WebPage","@id":"https:\/\/newterracotta.com\/de\/bespoke\/","url":"https:\/\/newterracotta.com\/de\/bespoke\/","name":"IM ATELIER Back - New Terracotta","isPartOf":{"@id":"https:\/\/newterracotta.com\/#website"},"datePublished":"2019-08-13T08:41:01+00:00","dateModified":"2020-05-12T14:04:27+00:00","description":"Technique. Museum. Archive. Handpainted.Tiles have played a prominent part in the world throughout history.","inLanguage":"de","potentialAction":[{"@type":"ReadAction","target":["https:\/\/newterracotta.com\/de\/bespoke\/"]}]},{"@type":"WebSite","@id":"https:\/\/newterracotta.com\/#website","url":"https:\/\/newterracotta.com\/","name":"New Terracotta","description":"Portuguese Handmade","potentialAction":[{"@type":"SearchAction","target":{"@type":"EntryPoint","urlTemplate":"https:\/\/newterracotta.com\/?s={search_term_string}"},"query-input":"required name=search_term_string"}],"inLanguage":"de"}]}},"_links":{"self":[{"href":"https:\/\/newterracotta.com\/de\/wp-json\/wp\/v2\/pages\/10720"}],"collection":[{"href":"https:\/\/newterracotta.com\/de\/wp-json\/wp\/v2\/pages"}],"about":[{"href":"https:\/\/newterracotta.com\/de\/wp-json\/wp\/v2\/types\/page"}],"author":[{"embeddable":true,"href":"https:\/\/newterracotta.com\/de\/wp-json\/wp\/v2\/users\/1"}],"replies":[{"embeddable":true,"href":"https:\/\/newterracotta.com\/de\/wp-json\/wp\/v2\/comments?post=10720"}],"version-history":[{"count":7,"href":"https:\/\/newterracotta.com\/de\/wp-json\/wp\/v2\/pages\/10720\/revisions"}],"predecessor-version":[{"id":30222,"href":"https:\/\/newterracotta.com\/de\/wp-json\/wp\/v2\/pages\/10720\/revisions\/30222"}],"wp:attachment":[{"href":"https:\/\/newterracotta.com\/de\/wp-json\/wp\/v2\/media?parent=10720"}],"curies":[{"name":"wp","href":"https:\/\/api.w.org\/{rel}","templated":true}]}}