{"id":11052,"date":"2019-08-13T13:52:30","date_gmt":"2019-08-13T13:52:30","guid":{"rendered":"http:\/\/newterracotta.com\/?page_id=11052"},"modified":"2023-01-14T10:44:04","modified_gmt":"2023-01-14T10:44:04","slug":"about-responsability","status":"publish","type":"page","link":"https:\/\/newterracotta.com\/de\/about-responsability\/","title":{"rendered":"Nachhaltigkeit"},"content":{"rendered":"<p>[vc_row full_width=&#8220;stretch_row&#8220; gap=&#8220;&#8220; css=&#8220;.vc_custom_1664289473949{margin-bottom: 0px !important;background-image: url(https:\/\/newterracotta.com\/wp-content\/uploads\/2022\/09\/NWT-About-Sustainability.jpg?id=54099) !important;}&#8220; el_class=&#8220;fundoDestaqueImg susDestaque&#8220;][vc_column][vc_row_inner][vc_column_inner][vc_column_text el_class=&#8220;cxDestaque cxBranca&#8220;]<\/p>\n<h1>Nachhaltigkeit<\/h1>\n<h3>Unser Planet liegt uns am Herzen<\/h3>\n<p>[\/vc_column_text][\/vc_column_inner][\/vc_row_inner][\/vc_column][\/vc_row][vc_row full_width=&#8220;stretch_row_content_no_spaces&#8220; gap=&#8220;&#8220; css=&#8220;.vc_custom_1661523583485{margin-bottom: 0px !important;padding-right: 8% !important;padding-left: 8% !important;}&#8220;][vc_column][vc_row_inner el_class=&#8220;we-believe-extra-texto susten-bl-1&#8243;][vc_column_inner][vc_empty_space height=&#8220;100px&#8220;][vc_column_text]<\/p>\n<h3>Als Teil der Gesellschaft m\u00f6chte New Terracotta dazu beitragen, das Leben dieser und k\u00fcnftiger Generationen zu verbessern.<\/h3>\n<p>Zun\u00e4chst einmal durch die Herstellung sch\u00f6ner und hochwertiger Fliesen, die garantiert Jahrhunderte halten, aber auch, indem wir einen Teil unserer Gewinne verwenden, um einen wesentlichen Beitrag zum Wohlergehen unserer Besch\u00e4ftigten, der Gemeinschaft und der Umwelt zu leisten. Das Wohlergehen unserer Mitarbeiter ist vom ersten Tag an Teil unseres Firmenethos. Tats\u00e4chlich hat der Aspekt der Nachhaltigkeit die Gr\u00fcnder dazu motiviert, eine zu 100\u00a0% auf Handarbeit setzende umweltfreundliche Terracotta-Fabrik in einer d\u00fcnn besiedelten l\u00e4ndlichen Gegend in Zentralportugal zu gr\u00fcnden.[\/vc_column_text][vc_empty_space height=&#8220;50px&#8220;][\/vc_column_inner][\/vc_row_inner][\/vc_column][\/vc_row][vc_row full_width=&#8220;stretch_row_content_no_spaces&#8220; gap=&#8220;&#8220; css=&#8220;.vc_custom_1661524113420{margin-bottom: 0px !important;padding-right: 14% !important;padding-left: 14% !important;}&#8220;][vc_column][vc_row_inner el_class=&#8220;we-believe-extra-texto susten-bl-1 susten-bl-2&#8243;][vc_column_inner][vc_column_text]<\/p>\n<h3><strong><b>Soziale Nachhaltigkeit.<br \/>\n<\/b><\/strong><strong><b>The People Home Factory.<\/b><\/strong><\/h3>\n<p>Bei New Terracotta stehen eine freundliche Atmosph\u00e4re, ein menschlich orientierter Ansatz und der Schwerpunkt auf Integrit\u00e4t im Vordergrund. All unsere Leute sind hochmotiviert und erhalten Gelegenheit, ihre F\u00e4higkeiten zu entwickeln, ihr Potenzial maximal zu entfalten und Verantwortung zu \u00fcbernehmen. Wir setzen uns nachdr\u00fccklich f\u00fcr die F\u00f6rderung einer inklusiven Kultur ein, bei der Vielfalt anerkannt und wertgesch\u00e4tzt wird.[\/vc_column_text][vc_separator color=&#8220;black&#8220; border_width=&#8220;3&#8243;][vc_empty_space height=&#8220;100px&#8220;][\/vc_column_inner][\/vc_row_inner][\/vc_column][\/vc_row][vc_row full_width=&#8220;stretch_row_content_no_spaces&#8220; gap=&#8220;&#8220; css=&#8220;.vc_custom_1661524315448{margin-bottom: 0px !important;padding-top: 10vh !important;padding-right: 14% !important;padding-bottom: 60vh !important;padding-left: 14% !important;background-image: url(https:\/\/newterracotta.com\/wp-content\/uploads\/2022\/08\/NWT-About-Sustainability-Pink-Factory.jpg?id=43582) !important;background-position: center !important;background-repeat: no-repeat !important;background-size: cover !important;}&#8220;][vc_column][vc_row_inner el_class=&#8220;we-believe-extra-texto susten-bl-1 susten-bl-3&#8243;][vc_column_inner][vc_column_text]<\/p>\n<h2 class=\"desc-titulo-cor\"><b>Die rosa Fabrik im Wald, die Menschen mit der Natur verbindet.<\/b> Unsere 90 Besch\u00e4ftigten sind aktive Botschafter, die in einer stimulierenden, sicheren, gesunden und sch\u00f6nen Umgebung unter minimalem Stress an ihrer eigenen Zukunft arbeiten. Der \u00fcppige Wald, in dem Besucher die Fabrik von New Terracotta vorfinden, steht in krassem Gegensatz zu sonstigen Gewerbegebieten.<\/h2>\n<p>[\/vc_column_text][vc_separator color=&#8220;black&#8220; align=&#8220;align_left&#8220; border_width=&#8220;6&#8243; el_width=&#8220;20&#8243;][\/vc_column_inner][\/vc_row_inner][\/vc_column][\/vc_row][vc_row full_width=&#8220;stretch_row_content_no_spaces&#8220; gap=&#8220;&#8220; css=&#8220;.vc_custom_1661524391108{margin-bottom: 0px !important;padding-right: 12% !important;padding-left: 12% !important;background-position: center !important;background-repeat: no-repeat !important;background-size: cover !important;}&#8220;][vc_column][vc_row_inner el_class=&#8220;we-believe-extra-texto susten-bl-1 susten-bl-3&#8243;][vc_column_inner][vc_empty_space height=&#8220;100px&#8220;][vc_images_carousel images=&#8220;43556,43580,43574,43568,43562,43550,43544&#8243; img_size=&#8220;full&#8220; autoplay=&#8220;yes&#8220; hide_pagination_control=&#8220;yes&#8220; wrap=&#8220;yes&#8220;][vc_empty_space height=&#8220;30px&#8220;][\/vc_column_inner][\/vc_row_inner][\/vc_column][\/vc_row][vc_row full_width=&#8220;stretch_row_content_no_spaces&#8220; gap=&#8220;&#8220; css=&#8220;.vc_custom_1661524113420{margin-bottom: 0px !important;padding-right: 14% !important;padding-left: 14% !important;}&#8220;][vc_column][vc_row_inner el_class=&#8220;we-believe-extra-texto susten-bl-1 susten-bl-2&#8243;][vc_column_inner][vc_column_text]<\/p>\n<h3>Soziale Verantwortung des Unternehmens.<br \/>\nEin kleiner Beitrag.<\/h3>\n<p>Seit der Gr\u00fcndung des Unternehmens 2014 war es uns immer sehr wichtig, einen sp\u00fcrbaren positiven Beitrag zu der uns umgebenden Gesellschaft zu leisten.[\/vc_column_text][vc_separator color=&#8220;black&#8220; border_width=&#8220;3&#8243;][vc_empty_space height=&#8220;70px&#8220;][\/vc_column_inner][\/vc_row_inner][\/vc_column][\/vc_row][vc_row full_width=&#8220;stretch_row_content_no_spaces&#8220; gap=&#8220;&#8220; css=&#8220;.vc_custom_1661525577726{margin-bottom: 0px !important;padding-right: 14% !important;padding-left: 14% !important;}&#8220; el_class=&#8220;susten-bl-expecial&#8220;][vc_column][vc_row_inner el_class=&#8220;we-believe-extra-texto susten-bl-1 susten-bl-10&#8243;][vc_column_inner][vc_single_image image=&#8220;43532&#8243; img_size=&#8220;full&#8220;][\/vc_column_inner][\/vc_row_inner][vc_row_inner el_class=&#8220;we-believe-extra-texto susten-bl-1 susten-bl-6&#8243;][vc_column_inner width=&#8220;1\/2&#8243; css=&#8220;.vc_custom_1661525818662{padding-right: 15px !important;}&#8220;][vc_single_image image=&#8220;43526&#8243; img_size=&#8220;full&#8220;][vc_column_text el_class=&#8220;verdeverde&#8220;]<\/p>\n<h3>Verde Acreditar.<br \/>\nDie Bedeutung von 33.600 Fliesen.<\/h3>\n<p>Der Verband Acreditar ist eine nationale Referenz, wenn es um die Sicherstellung von Rechten und die F\u00f6rderung der Lebensqualit\u00e4t im Bereich der p\u00e4diatrischen Onkologie geht. Er wurde 1994 mit der Mission gegr\u00fcndet, die Ver\u00e4nderungen zu bew\u00e4ltigen, die mit Krebs in der Kindheit einhergehen, und in einer Zeit der Ungewissheit allen Unterst\u00fctzung anzubieten.<\/p>\n<p>Mit vier Heimen in Portugal \u2013 Lissabon, Funchal, Coimbra und Porto \u2013 ist Casa Acreditar heute ein privilegierter Ort, der sich ganz der Aufgabe widmet, Kinder, die sich einer Krebsbehandlung unterziehen m\u00fcssen, sowie deren engste Familienangeh\u00f6rige aufzunehmen. Er bringt Komfort, Frieden und ein wenig \u201eNormalit\u00e4t\u201c in das Leben dieser Menschen, und wir von New Terracotta hatten das Privileg, dieser gro\u00dfen Institution etwas von uns zu geben.[\/vc_column_text][vc_empty_space height=&#8220;50px&#8220;][\/vc_column_inner][vc_column_inner width=&#8220;1\/2&#8243; css=&#8220;.vc_custom_1661525825821{padding-left: 15px !important;}&#8220;][vc_single_image image=&#8220;43520&#8243; img_size=&#8220;full&#8220;][vc_column_text el_class=&#8220;verdeverde&#8220;]<\/p>\n<h3>Casa Acreditar Porto.<\/h3>\n<p>Dieses besondere Projekt namens Casa Acreditar in Porto bietet mit vier Stockwerken und 1707\u00a0m<sup>2<\/sup> auf einem Grundst\u00fcck in der N\u00e4he des onkologischen Instituts IPO und des Krankenhauses von S\u00e3o Jo\u00e3o Raum f\u00fcr 16 Familien. Es verf\u00fcgt \u00fcber 16 Schlafzimmer mit eigenen Badezimmern, drei Gemeinschaftsr\u00e4ume (einen f\u00fcr Eltern, einen f\u00fcr Kinder und einen f\u00fcr Jugendliche), eine Gemeinschaftsk\u00fcche mit f\u00fcnf Modulen, eine W\u00e4scherei sowie Erholungsbereiche im Freien.<\/p>\n<p>Das Haus wurde von ALA.rquitectos (damals unter dem Namen Atelier do Cardoso) entworfen, und wir wurden von den Architekten Mafalda Ribeiro Ambr\u00f3sio und Jo\u00e3o Gomes Leit\u00e3o beauftragt, eine besondere Glasur f\u00fcr die Fassade des Geb\u00e4udes zu entwickeln. Wir haben uns den Auftrag zu Herzen genommen und eine Glasur mit stark variierenden Farbt\u00f6nen geschaffen, die die Umgebung sowie die Heterogenit\u00e4t der Familien selbst widerspiegelt. Wir nannten sie Verde Acreditar.<\/p>\n<p>&nbsp;<\/p>\n<p>&nbsp;<\/p>\n<p>\u201eAcreditar\u201c bedeutet zu glauben<br \/>\n<a href=\"https:\/\/www.acreditar.org.pt\" target=\"_blank\" rel=\"noopener\">www.acreditar.org.pt<\/a>[\/vc_column_text][vc_empty_space height=&#8220;100px&#8220;][\/vc_column_inner][\/vc_row_inner][\/vc_column][\/vc_row][vc_row full_width=&#8220;stretch_row_content_no_spaces&#8220; gap=&#8220;&#8220; css=&#8220;.vc_custom_1661524113420{margin-bottom: 0px !important;padding-right: 14% !important;padding-left: 14% !important;}&#8220;][vc_column][vc_row_inner el_class=&#8220;we-believe-extra-texto susten-bl-1 susten-bl-2&#8243;][vc_column_inner][vc_column_text]<\/p>\n<h3><strong>\u00d6kologische Nachhaltigkeit.<br \/>\n<\/strong><strong>Die langsame umweltfreundliche Fliese.<\/strong><\/h3>\n<p>Wir von New Terracotta setzen uns daf\u00fcr ein, unsere Auswirkung auf die Umwelt zu minimieren. Dies ist von Beginn an zentraler Bestandteil unserer Kultur und gilt f\u00fcr unser gesamtes Schaffen.<\/p>\n<p><strong>\u00a0<\/strong>[\/vc_column_text][vc_separator color=&#8220;black&#8220; border_width=&#8220;3&#8243;][vc_empty_space height=&#8220;80px&#8220;][\/vc_column_inner][\/vc_row_inner][\/vc_column][\/vc_row][vc_row full_width=&#8220;stretch_row_content_no_spaces&#8220; gap=&#8220;&#8220; css=&#8220;.vc_custom_1662115383299{margin-bottom: 0px !important;padding-right: 14% !important;padding-left: 14% !important;}&#8220; el_class=&#8220;bloco-suste-2-cols&#8220;][vc_column][vc_row_inner el_class=&#8220;we-believe-extra-texto susten-bl-1 susten-bl-6&#8243;][vc_column_inner width=&#8220;2\/6&#8243;][vc_column_text]<\/p>\n<h3>Ton als rohstoff.<\/h3>\n<p>Fliesen werden ausschlie\u00dflich aus nat\u00fcrlichen Bestandteilen wie Ton, Wasser, Pigmenten und aus nat\u00fcrlichen Quellen gewonnenen Zus\u00e4tzen gefertigt.Ton, das Ausgangsmaterial f\u00fcr unsere Fliesen, ist nahezu unbegrenzt verf\u00fcgbar.<\/p>\n<h3>Minimaler abfall.<\/h3>\n<p>Tonausschuss und nicht ganz gelungene St\u00fccke werden neu gemischt und in unsere Tonmasse zur\u00fcckgef\u00fchrt.Das im Prozess verwendete Wasser wird vollst\u00e4ndig wieder aufbereitet, und fl\u00fcssige Abfallglasur wird zur\u00fcckgewonnen. W\u00e4hrend der Produktion wird aus unseren Brenn\u00f6fen gewonnene W\u00e4rme umgeleitet, um Fliesen vor dem Brennen zu trocknen, d. h. die erzeugte W\u00e4rmeenergie wird zweimal genutzt. Unsere Produktion erfolgt zu 40 Prozent mit recycelten Materialien.<\/p>\n<h3>Umweltauswirkungen.<\/h3>\n<p>Die einzigen nennenswerten Umweltauswirkungen in der Produktionsphase entstehen aufgrund der beim Brennen genutzten Energie.Um die CO<sub>2<\/sub>-Emissionen zu verringern, arbeiten wir mit Lieferanten im Umkreis von 80\u00a0km zu unserer Fabrik.<\/p>\n<h3>KEINE FL\u00dcCHTIGEN ORGANISCHEN VERBINDUNGEN (VOC).<\/h3>\n<p>Fliesen sind von Natur aus unorganisch und setzen keine VOC frei. VOC sind gef\u00e4hrliche Gase, die zu Kopfschmerzen, \u00dcbelkeit sowie Nasen-, Augen- und Halsreizungen f\u00fchren k\u00f6nnen.[\/vc_column_text][vc_empty_space height=&#8220;50px&#8220;][\/vc_column_inner][vc_column_inner width=&#8220;1\/6&#8243;][\/vc_column_inner][vc_column_inner width=&#8220;2\/6&#8243;][vc_column_text]<\/p>\n<h3>Lebensdauer und wartung.<\/h3>\n<p>Fliesen haben eine sehr lange Lebensdauer und halten ohne Wartung Hunderte von Jahren. Fliesen werden unbehandelt verwendet und sind wartungsfrei. Anders als andere Baumaterialien m\u00fcssen glasierte Fliesen nicht mit gef\u00e4hrlichen Chemikalien behandelt werden, die sch\u00e4dlich f\u00fcr die Umwelt sind.<\/p>\n<h3>Entfernung, entsorgung und wiederverwertung zerbrochener fliesen.<\/h3>\n<p>Ton verursacht bei der Entfernung oder Entsorgung keine Umweltprobleme. Fliesen k\u00f6nnen zerbrochen, wiederverwertet und wiederverwendet werden.<\/p>\n<h3>W\u00e4rmeleitf\u00e4higkeit.<\/h3>\n<p>Keramikfliesen haben einen geringen W\u00e4rmeleitkoeffizienten und sind somit eine ausgezeichnete W\u00e4rmed\u00e4mmung.<\/p>\n<h3>Flammbest\u00e4ndigkeit.<\/h3>\n<p>Fliesen sind nicht entflammbar. Keramikfliesen sind unbrennbar und verhindern die Brandausbreitung, und ihre Oberfl\u00e4che setzt keine giftigen Gase oder D\u00e4mpfe frei, wenn sie Flammen ausgesetzt ist.[\/vc_column_text][vc_empty_space height=&#8220;50px&#8220;][\/vc_column_inner][vc_column_inner width=&#8220;1\/6&#8243;][\/vc_column_inner][\/vc_row_inner][\/vc_column][\/vc_row][vc_row full_width=&#8220;stretch_row_content_no_spaces&#8220; gap=&#8220;&#8220; css=&#8220;.vc_custom_1661524113420{margin-bottom: 0px !important;padding-right: 14% !important;padding-left: 14% !important;}&#8220;][vc_column][vc_row_inner el_class=&#8220;we-believe-extra-texto susten-bl-1 susten-bl-7&#8243;][vc_column_inner][vc_single_image image=&#8220;43538&#8243; img_size=&#8220;full&#8220;][vc_empty_space height=&#8220;80px&#8220;][vc_column_text]<\/p>\n<h3><strong>Recycling bei New Terracotta.<\/strong><\/h3>\n<p>[\/vc_column_text][vc_empty_space height=&#8220;50px&#8220;][vc_single_image image=&#8220;43598&#8243; img_size=&#8220;full&#8220;][vc_empty_space height=&#8220;100px&#8220;][\/vc_column_inner][\/vc_row_inner][\/vc_column][\/vc_row][vc_row full_width=&#8220;stretch_row_content_no_spaces&#8220; gap=&#8220;&#8220; css=&#8220;.vc_custom_1663954951761{margin-bottom: 0px !important;padding-right: 14% !important;padding-left: 14% !important;background-position: center !important;background-repeat: no-repeat !important;background-size: cover !important;}&#8220; el_class=&#8220;susten-bl-6 studio-2-final&#8220;][vc_column][vc_row_inner el_class=&#8220;we-believe-extra-texto susten-bl-1 susten-bl-3&#8243;][vc_column_inner][vc_column_text]<\/p>\n<h2 class=\"desc-titulo-cor\"><strong>Wir werden weiterhin Produkte herstellen, die ein Leben lang halten k\u00f6nnen. Das ist im Sinne des Kunden und im Sinne der Umwelt.<\/strong><\/h2>\n<p>[\/vc_column_text][vc_separator color=&#8220;black&#8220; align=&#8220;align_left&#8220; border_width=&#8220;6&#8243; el_width=&#8220;20&#8243;][vc_empty_space height=&#8220;100px&#8220;][\/vc_column_inner][\/vc_row_inner][\/vc_column][\/vc_row][vc_row full_width=&#8220;stretch_row&#8220; gap=&#8220;&#8220; el_class=&#8220;lets-talk-bloco&#8220; css=&#8220;.vc_custom_1660062966586{margin-bottom: 0px !important;}&#8220;][vc_column width=&#8220;2\/3&#8243;][vc_custom_heading text=&#8220;Brauchen Sie Rat? &#8222;][vc_custom_heading text=&#8220;Wir helfen Ihnen gerne! &#8220; font_container=&#8220;tag:h3|text_align:left&#8220;][\/vc_column][vc_column width=&#8220;1\/3&#8243;][vc_column_text el_class=&#8220;letsLets&#8220;]<\/p>\n<h5 style=\"text-align: center;\"><a href=\"http:\/\/newterracotta.com\/contact-2\/\">Reden wir dar\u00fcber.<\/a><\/h5>\n<p>[\/vc_column_text][\/vc_column][\/vc_row]<\/p>\n","protected":false},"excerpt":{"rendered":"<p>[vc_row full_width=&#8220;stretch_row&#8220; gap=&#8220;&#8220; css=&#8220;.vc_custom_1664289473949{margin-bottom: 0px !important;background-image: url(https:\/\/newterracotta.com\/wp-content\/uploads\/2022\/09\/NWT-About-Sustainability.jpg?id=54099) !important;}&#8220; el_class=&#8220;fundoDestaqueImg susDestaque&#8220;][vc_column][vc_row_inner][vc_column_inner][vc_column_text el_class=&#8220;cxDestaque cxBranca&#8220;] Nachhaltigkeit Unser Planet liegt uns am Herzen [\/vc_column_text][\/vc_column_inner][\/vc_row_inner][\/vc_column][\/vc_row][vc_row full_width=&#8220;stretch_row_content_no_spaces&#8220; gap=&#8220;&#8220; css=&#8220;.vc_custom_1661523583485{margin-bottom: 0px !important;padding-right: 8% !important;padding-left: 8% !important;}&#8220;][vc_column][vc_row_inner el_class=&#8220;we-believe-extra-texto [&hellip;]<\/p>\n","protected":false},"author":1,"featured_media":0,"parent":0,"menu_order":0,"comment_status":"closed","ping_status":"closed","template":"","meta":{"_monsterinsights_skip_tracking":false,"_monsterinsights_sitenote_active":false,"_monsterinsights_sitenote_note":"","_monsterinsights_sitenote_category":0},"yoast_head":"<!-- This site is optimized with the Yoast SEO plugin v20.6 - https:\/\/yoast.com\/wordpress\/plugins\/seo\/ -->\n<title>Nachhaltigkeit - New Terracotta<\/title>\n<meta name=\"robots\" content=\"index, follow, max-snippet:-1, max-image-preview:large, max-video-preview:-1\" \/>\n<link rel=\"canonical\" href=\"https:\/\/newterracotta.com\/de\/about-responsability\/\" \/>\n<meta property=\"og:locale\" content=\"de_DE\" \/>\n<meta property=\"og:type\" content=\"article\" \/>\n<meta property=\"og:title\" content=\"Nachhaltigkeit - New Terracotta\" \/>\n<meta property=\"og:description\" content=\"[vc_row full_width=&#8220;stretch_row&#8220; gap=&#8220;&#8220; css=&#8220;.vc_custom_1664289473949{margin-bottom: 0px !important;background-image: url(https:\/\/newterracotta.com\/wp-content\/uploads\/2022\/09\/NWT-About-Sustainability.jpg?id=54099) !important;}&#8220; el_class=&#8220;fundoDestaqueImg susDestaque&#8220;][vc_column][vc_row_inner][vc_column_inner][vc_column_text el_class=&#8220;cxDestaque cxBranca&#8220;] Nachhaltigkeit Unser Planet liegt uns am Herzen [\/vc_column_text][\/vc_column_inner][\/vc_row_inner][\/vc_column][\/vc_row][vc_row full_width=&#8220;stretch_row_content_no_spaces&#8220; gap=&#8220;&#8220; css=&#8220;.vc_custom_1661523583485{margin-bottom: 0px !important;padding-right: 8% !important;padding-left: 8% !important;}&#8220;][vc_column][vc_row_inner el_class=&#8220;we-believe-extra-texto [&hellip;]\" \/>\n<meta property=\"og:url\" content=\"https:\/\/newterracotta.com\/de\/about-responsability\/\" \/>\n<meta property=\"og:site_name\" content=\"New Terracotta\" \/>\n<meta property=\"article:modified_time\" content=\"2023-01-14T10:44:04+00:00\" \/>\n<meta name=\"twitter:card\" content=\"summary_large_image\" \/>\n<meta name=\"twitter:label1\" content=\"Gesch\u00e4tzte Lesezeit\" \/>\n\t<meta name=\"twitter:data1\" content=\"5\u00a0Minuten\" \/>\n<script type=\"application\/ld+json\" class=\"yoast-schema-graph\">{\"@context\":\"https:\/\/schema.org\",\"@graph\":[{\"@type\":\"WebPage\",\"@id\":\"https:\/\/newterracotta.com\/de\/about-responsability\/\",\"url\":\"https:\/\/newterracotta.com\/de\/about-responsability\/\",\"name\":\"Nachhaltigkeit - New Terracotta\",\"isPartOf\":{\"@id\":\"https:\/\/newterracotta.com\/#website\"},\"datePublished\":\"2019-08-13T13:52:30+00:00\",\"dateModified\":\"2023-01-14T10:44:04+00:00\",\"inLanguage\":\"de\",\"potentialAction\":[{\"@type\":\"ReadAction\",\"target\":[\"https:\/\/newterracotta.com\/de\/about-responsability\/\"]}]},{\"@type\":\"WebSite\",\"@id\":\"https:\/\/newterracotta.com\/#website\",\"url\":\"https:\/\/newterracotta.com\/\",\"name\":\"New Terracotta\",\"description\":\"Portuguese Handmade\",\"potentialAction\":[{\"@type\":\"SearchAction\",\"target\":{\"@type\":\"EntryPoint\",\"urlTemplate\":\"https:\/\/newterracotta.com\/?s={search_term_string}\"},\"query-input\":\"required name=search_term_string\"}],\"inLanguage\":\"de\"}]}<\/script>\n<!-- \/ Yoast SEO plugin. -->","yoast_head_json":{"title":"Nachhaltigkeit - New Terracotta","robots":{"index":"index","follow":"follow","max-snippet":"max-snippet:-1","max-image-preview":"max-image-preview:large","max-video-preview":"max-video-preview:-1"},"canonical":"https:\/\/newterracotta.com\/de\/about-responsability\/","og_locale":"de_DE","og_type":"article","og_title":"Nachhaltigkeit - New Terracotta","og_description":"[vc_row full_width=&#8220;stretch_row&#8220; gap=&#8220;&#8220; css=&#8220;.vc_custom_1664289473949{margin-bottom: 0px !important;background-image: url(https:\/\/newterracotta.com\/wp-content\/uploads\/2022\/09\/NWT-About-Sustainability.jpg?id=54099) !important;}&#8220; el_class=&#8220;fundoDestaqueImg susDestaque&#8220;][vc_column][vc_row_inner][vc_column_inner][vc_column_text el_class=&#8220;cxDestaque cxBranca&#8220;] Nachhaltigkeit Unser Planet liegt uns am Herzen [\/vc_column_text][\/vc_column_inner][\/vc_row_inner][\/vc_column][\/vc_row][vc_row full_width=&#8220;stretch_row_content_no_spaces&#8220; gap=&#8220;&#8220; css=&#8220;.vc_custom_1661523583485{margin-bottom: 0px !important;padding-right: 8% !important;padding-left: 8% !important;}&#8220;][vc_column][vc_row_inner el_class=&#8220;we-believe-extra-texto [&hellip;]","og_url":"https:\/\/newterracotta.com\/de\/about-responsability\/","og_site_name":"New Terracotta","article_modified_time":"2023-01-14T10:44:04+00:00","twitter_card":"summary_large_image","twitter_misc":{"Gesch\u00e4tzte Lesezeit":"5\u00a0Minuten"},"schema":{"@context":"https:\/\/schema.org","@graph":[{"@type":"WebPage","@id":"https:\/\/newterracotta.com\/de\/about-responsability\/","url":"https:\/\/newterracotta.com\/de\/about-responsability\/","name":"Nachhaltigkeit - New Terracotta","isPartOf":{"@id":"https:\/\/newterracotta.com\/#website"},"datePublished":"2019-08-13T13:52:30+00:00","dateModified":"2023-01-14T10:44:04+00:00","inLanguage":"de","potentialAction":[{"@type":"ReadAction","target":["https:\/\/newterracotta.com\/de\/about-responsability\/"]}]},{"@type":"WebSite","@id":"https:\/\/newterracotta.com\/#website","url":"https:\/\/newterracotta.com\/","name":"New Terracotta","description":"Portuguese Handmade","potentialAction":[{"@type":"SearchAction","target":{"@type":"EntryPoint","urlTemplate":"https:\/\/newterracotta.com\/?s={search_term_string}"},"query-input":"required name=search_term_string"}],"inLanguage":"de"}]}},"_links":{"self":[{"href":"https:\/\/newterracotta.com\/de\/wp-json\/wp\/v2\/pages\/11052"}],"collection":[{"href":"https:\/\/newterracotta.com\/de\/wp-json\/wp\/v2\/pages"}],"about":[{"href":"https:\/\/newterracotta.com\/de\/wp-json\/wp\/v2\/types\/page"}],"author":[{"embeddable":true,"href":"https:\/\/newterracotta.com\/de\/wp-json\/wp\/v2\/users\/1"}],"replies":[{"embeddable":true,"href":"https:\/\/newterracotta.com\/de\/wp-json\/wp\/v2\/comments?post=11052"}],"version-history":[{"count":22,"href":"https:\/\/newterracotta.com\/de\/wp-json\/wp\/v2\/pages\/11052\/revisions"}],"predecessor-version":[{"id":63054,"href":"https:\/\/newterracotta.com\/de\/wp-json\/wp\/v2\/pages\/11052\/revisions\/63054"}],"wp:attachment":[{"href":"https:\/\/newterracotta.com\/de\/wp-json\/wp\/v2\/media?parent=11052"}],"curies":[{"name":"wp","href":"https:\/\/api.w.org\/{rel}","templated":true}]}}