{"id":11082,"date":"2019-08-13T15:56:24","date_gmt":"2019-08-13T15:56:24","guid":{"rendered":"http:\/\/newterracotta.com\/?page_id=11082"},"modified":"2022-10-03T14:32:43","modified_gmt":"2022-10-03T14:32:43","slug":"general-terms","status":"publish","type":"page","link":"https:\/\/newterracotta.com\/de\/general-terms\/","title":{"rendered":"Kaufm\u00f6glichkeiten"},"content":{"rendered":"<p>[vc_row full_width=&#8220;stretch_row&#8220; gap=&#8220;&#8220; el_class=&#8220;fundoDestaqueImg&#8220; css=&#8220;.vc_custom_1664289693439{background-image: url(https:\/\/newterracotta.com\/wp-content\/uploads\/2022\/08\/slider_contacts_how-to-buy_newterracotta-1.png?id=43345) !important;background-position: center !important;background-repeat: no-repeat !important;background-size: cover !important;}&#8220;][vc_column][vc_row_inner][vc_column_inner][vc_column_text el_class=&#8220;cxDestaque cxBranca&#8220;]<\/p>\n<h1>Kaufm\u00f6glichkeiten<\/h1>\n<h3>Kaufm\u00f6glichkeiten &amp; Lieferfristen.<\/h3>\n<p>[\/vc_column_text][\/vc_column_inner][\/vc_row_inner][\/vc_column][\/vc_row][vc_row full_width=&#8220;stretch_row_content_no_spaces&#8220; gap=&#8220;&#8220; el_class=&#8220;general-terms&#8220; css=&#8220;.vc_custom_1661536691000{padding-right: 8% !important;padding-left: 8% !important;}&#8220;][vc_column][vc_row_inner el_class=&#8220;.we-believe-extra-texto bes-tamanho&#8220;][vc_column_inner el_class=&#8220;general-terms designers-terra texto-preto-about&#8220; width=&#8220;1\/2&#8243;][vc_column_text]<\/p>\n<h3>ALLGEMEINE INFORMATION.<\/h3>\n<p>[\/vc_column_text][\/vc_column_inner][vc_column_inner width=&#8220;1\/2&#8243; css=&#8220;.vc_custom_1565188736222{padding-top: 180px !important;}&#8220;][vc_column_text]<input id=\"pesquisaTermos\" type=\"text\" placeholder=\"Suche\" \/><i class=\"fa fa-search lupa\" aria-hidden=\"true\"><\/i>[\/vc_column_text][\/vc_column_inner][\/vc_row_inner][vc_empty_space height=&#8220;20px&#8220;][vc_separator color=&#8220;black&#8220; border_width=&#8220;4&#8243;][vc_empty_space][\/vc_column][\/vc_row][vc_row full_width=&#8220;stretch_row_content&#8220; gap=&#8220;&#8220; css=&#8220;.vc_custom_1661536699917{padding-right: 12% !important;padding-left: 12% !important;}&#8220;][vc_column][vc_row_inner el_class=&#8220;bloco-general&#8220;][vc_column_inner width=&#8220;1\/2&#8243;][vc_column_text el_class=&#8220;elemento-pesquisa&#8220;]<\/p>\n<h3><strong>Bestellungen aufgeben<\/strong><\/h3>\n<p>Bitte f\u00fchren Sie Ihre Bestellung sorgf\u00e4ltig aus.<\/p>\n<ul>\n<li>Pr\u00fcfen Sie die Produktspezifikation. Muster k\u00f6nnen angefordert werden.<\/li>\n<li>Pr\u00fcfen Sie die Mengen. Das Bestellen der korrekten Menge ist wesentlich, da wir nicht garantieren k\u00f6nnen, dass verschiedene Chargen genau \u00fcbereinstimmen. Wir empfehlen, 10\u00a0% mehr Fliesen zu bestellen.<\/li>\n<li>Pr\u00fcfen Sie die Lieferbedingungen und die Versandkosten.<\/li>\n<li>Sobald die Produktion begonnen hat, k\u00f6nnen Bestellungen nicht mehr storniert werden.<\/li>\n<li>Die Mindestbestellgr\u00f6\u00dfe pro Farbglasur betr\u00e4gt 3\u00a0m\u00b2.<\/li>\n<\/ul>\n<p>[\/vc_column_text][vc_column_text el_class=&#8220;elemento-pesquisa&#8220;]<\/p>\n<h3><strong>Preise<\/strong><\/h3>\n<ul>\n<li>Preise k\u00f6nnen sich auf Grund von Kostenschwankungen ohne Vorank\u00fcndigung \u00e4ndern.<\/li>\n<li>Alle angegebenen Produktpreise verstehen sich ohne Versandkosten und Steuern.<\/li>\n<li>Die MwSt. betr\u00e4gt 23%.<\/li>\n<\/ul>\n<p>[\/vc_column_text][vc_column_text el_class=&#8220;elemento-pesquisa&#8220;]<\/p>\n<h3><strong>Lieferung<\/strong><\/h3>\n<ul>\n<li>Wir liefern weltweit. Bitte kontaktieren Sie uns wegen der H\u00f6he der Frachtkosten.<\/li>\n<li>Die Fliesen werden in Kartons verpackt, die auf eine gesch\u00fctzte, versiegelte Palette verladen werden. Die Paletten werden vor die Haust\u00fcr geliefert.<\/li>\n<li>Kosten f\u00fcr die besondere Verpackung von ma\u00dfgefertigten Produkten m\u00fcssen veranschlagt werden. Bitte kontaktieren Sie uns.<\/li>\n<li>Zus\u00e4tzlich zu den Frachtkosten werden 15\u00a0\u20ac pro verwendeter Palette berechnet.<\/li>\n<li>Die Angaben zu den Lieferbedingungen sind unverbindlich. Eventuelle Verz\u00f6gerungen begr\u00fcnden keinen Schadensersatzanspruch des Kunden.<\/li>\n<\/ul>\n<p>[\/vc_column_text][vc_column_text el_class=&#8220;elemento-pesquisa&#8220;]<\/p>\n<h3><strong>Zahlungsbedingungen<\/strong><\/h3>\n<ul>\n<li>Nach einer Anzahlung von 50% wird die Bestellung best\u00e4tigt.<\/li>\n<li>Die Zahlung des Restbetrags ist f\u00e4llig, bevor der Auftrag freigegeben wird. Die Ware wird freigegeben, sobald die Zahlung eingegangen und vollst\u00e4ndig verrechnet ist.<\/li>\n<\/ul>\n<p>[\/vc_column_text][vc_column_text el_class=&#8220;elemento-pesquisa&#8220;]<\/p>\n<h3><strong>Lieferfristen<\/strong><\/h3>\n<p>Fast jedes Produkt von New Terracotta wird auf Bestellung gefertigt. Unsere Lieferfristen variieren von Produkt zu Produkt und k\u00f6nnen zu bestimmten Jahreszeiten auch l\u00e4nger sein. Dennoch versuchen wir, folgenden Zeitplan einzuhalten:<\/p>\n<ul>\n<li>Fliesen auf Lager: Eine Woche bis zum Versand.<\/li>\n<li>Nach Auftrag gefertigte Fliesen: Vier bis f\u00fcnf Wochen bis zum Versand.<\/li>\n<li>Kundenspezifische Fliesen und Tonware: nach individueller Absprache.<\/li>\n<li>Au\u00dfergew\u00f6hnlich gro\u00dfe Mengen: nach individueller Absprache.<\/li>\n<li>Alle Lieferfristen werden in der Bestellung aufgef\u00fchrt. Bitte kontaktieren Sie uns zur Pr\u00fcfung der Lagerbest\u00e4nde.<\/li>\n<\/ul>\n<p>[\/vc_column_text][\/vc_column_inner][vc_column_inner width=&#8220;1\/2&#8243;][vc_column_text el_class=&#8220;elemento-pesquisa&#8220;]<\/p>\n<h3><strong>Toleranz bei abmessungen und farbton<\/strong><\/h3>\n<ul>\n<li>Fliesen sind mit ihrer Nenngr\u00f6\u00dfe aufgef\u00fchrt, nicht mit ihrer tats\u00e4chlichen Gr\u00f6\u00dfe. Da es sich bei unseren Produkten um Handarbeit handelt, sind die Abmessungen N\u00e4herungswerte, bei denen gewisse Abweichungen auftreten k\u00f6nnen.<\/li>\n<li>Die Anzahl der pro Quadratmeter gelieferten Fliesen ist ein N\u00e4herungswert und h\u00e4ngt von der vorgesehenen M\u00f6rtelfuge ab.<\/li>\n<li>A Eine m\u00f6gliche Variation im Farbton ist als Eigenart dieser Produkte anzusehen. Fliesen k\u00f6nnen sich von den Mustern und innerhalb der gelieferten Charge unterscheiden.<\/li>\n<\/ul>\n<p>[\/vc_column_text][vc_column_text el_class=&#8220;elemento-pesquisa&#8220;]<\/p>\n<h3><strong>Kundenspezifische projekte<\/strong><\/h3>\n<p>Bitte fragen Sie uns in Bezug auf kundenspezifische Entwicklungen.<\/p>\n<ul>\n<li>Preise f\u00fcr kundenspezifische Projekte werden nach Vereinbarung definiert.<\/li>\n<li>Kundenspezifische Gr\u00f6\u00dfen sind gegen einen Preisaufschlag erh\u00e4ltlich.<\/li>\n<li>Kundenspezifische Glasuren unterliegen dem Run of Kiln (Brennofencharge), der bis zu 10\u00a0% \u00fcber der urspr\u00fcnglichen Menge liegen kann.<\/li>\n<\/ul>\n<p>[\/vc_column_text][vc_column_text el_class=&#8220;elemento-pesquisa&#8220;]<\/p>\n<h3><strong>R\u00fccklieferungen<\/strong><\/h3>\n<p>Bitte f\u00fchren Sie Ihre Bestellung sorgf\u00e4ltig aus, da wir keine Produkte zur\u00fccknehmen k\u00f6nnen.<br \/>\nBitte pr\u00fcfen Sie Ihre Produkte sorgf\u00e4ltig bei Eingang der Lieferung.<\/p>\n<ul>\n<li>Probleme bez\u00fcglich Qualit\u00e4t, Menge und Material der Lieferung m\u00fcssen NEW TERRACOTTA binnen 7 Werktagen nach Eingang der Bestellung mitgeteilt werden.<\/li>\n<li>Im Fall einer Reklamation muss der K\u00e4ufer NEW TERRACOTTA das beanstandete Material zur Pr\u00fcfung auf M\u00e4ngel \u00fcberlassen. Wenn das Material verbaut ist, kann keine Reklamation mehr angenommen werden.<\/li>\n<li>Damage caused by inappropriate installation, accident, misuse or improper maintenance is not covered by NEW TERRACOTTA products warranty.<\/li>\n<li>Variationen bei Farbe, Schattierung, Ton, Textur und Glasurrissen sind Eigenschaften der NEW TERRACOTTA-Fliesen und keine M\u00e4ngel.<\/li>\n<li>Variationen bei Abmessungen und St\u00e4rke sind nach den Standards f\u00fcr handgearbeitete Produkte zul\u00e4ssig.<\/li>\n<li>Obgleich NEW TERRACOTTA Anweisungen f\u00fcr Verlegung und Pflege liefert, beschr\u00e4nkt sich seine Haftung strikt auf die Lieferung von Produkten.<\/li>\n<\/ul>\n<p>[\/vc_column_text][\/vc_column_inner][\/vc_row_inner][vc_empty_space height=&#8220;50px&#8220;][\/vc_column][\/vc_row][vc_row full_width=&#8220;stretch_row&#8220; gap=&#8220;&#8220; el_class=&#8220;lets-talk-bloco&#8220; css=&#8220;.vc_custom_1660062966586{margin-bottom: 0px !important;}&#8220;][vc_column width=&#8220;2\/3&#8243;][vc_custom_heading text=&#8220;<br \/>\nBen\u00f6tigen Sie weitere Informationen?<br \/>\n&#8222;][vc_custom_heading text=&#8220;Manchmal braucht man nur ein wenig Hilfe.&#8220; font_container=&#8220;tag:h3|text_align:left&#8220;][\/vc_column][vc_column width=&#8220;1\/3&#8243;][vc_column_text el_class=&#8220;letsLets&#8220;]<\/p>\n<h5 style=\"text-align: center;\"><a href=\"http:\/\/newterracotta.com\/de\/contact-2\/\">REDEN WIR DAR\u00dcBER.<\/a><\/h5>\n<h5 style=\"text-align: center;\"><\/h5>\n<p>[\/vc_column_text][\/vc_column][\/vc_row]<\/p>\n","protected":false},"excerpt":{"rendered":"<p>[vc_row full_width=&#8220;stretch_row&#8220; gap=&#8220;&#8220; el_class=&#8220;fundoDestaqueImg&#8220; css=&#8220;.vc_custom_1664289693439{background-image: url(https:\/\/newterracotta.com\/wp-content\/uploads\/2022\/08\/slider_contacts_how-to-buy_newterracotta-1.png?id=43345) !important;background-position: center !important;background-repeat: no-repeat !important;background-size: cover !important;}&#8220;][vc_column][vc_row_inner][vc_column_inner][vc_column_text el_class=&#8220;cxDestaque cxBranca&#8220;] Kaufm\u00f6glichkeiten Kaufm\u00f6glichkeiten &amp; Lieferfristen. [\/vc_column_text][\/vc_column_inner][\/vc_row_inner][\/vc_column][\/vc_row][vc_row full_width=&#8220;stretch_row_content_no_spaces&#8220; gap=&#8220;&#8220; el_class=&#8220;general-terms&#8220; css=&#8220;.vc_custom_1661536691000{padding-right: 8% !important;padding-left: 8% !important;}&#8220;][vc_column][vc_row_inner el_class=&#8220;.we-believe-extra-texto bes-tamanho&#8220;][vc_column_inner [&hellip;]<\/p>\n","protected":false},"author":1,"featured_media":0,"parent":0,"menu_order":0,"comment_status":"closed","ping_status":"closed","template":"","meta":{"_monsterinsights_skip_tracking":false,"_monsterinsights_sitenote_active":false,"_monsterinsights_sitenote_note":"","_monsterinsights_sitenote_category":0},"yoast_head":"<!-- This site is optimized with the Yoast SEO plugin v20.6 - https:\/\/yoast.com\/wordpress\/plugins\/seo\/ -->\n<title>How To Buy - New Terracotta<\/title>\n<meta name=\"description\" content=\"How To Buy &amp; Lead Times. New Terracotta Tiles and Pottery are available worldwide through showrooms, retailers and direct from us online and via mail order.\" \/>\n<meta name=\"robots\" content=\"index, follow, max-snippet:-1, max-image-preview:large, max-video-preview:-1\" \/>\n<link rel=\"canonical\" href=\"https:\/\/newterracotta.com\/de\/general-terms\/\" \/>\n<meta property=\"og:locale\" content=\"de_DE\" \/>\n<meta property=\"og:type\" content=\"article\" \/>\n<meta property=\"og:title\" content=\"How To Buy - New Terracotta\" \/>\n<meta property=\"og:description\" content=\"How To Buy &amp; Lead Times. New Terracotta Tiles and Pottery are available worldwide through showrooms, retailers and direct from us online and via mail order.\" \/>\n<meta property=\"og:url\" content=\"https:\/\/newterracotta.com\/de\/general-terms\/\" \/>\n<meta property=\"og:site_name\" content=\"New Terracotta\" \/>\n<meta property=\"article:modified_time\" content=\"2022-10-03T14:32:43+00:00\" \/>\n<meta name=\"twitter:card\" content=\"summary_large_image\" \/>\n<meta name=\"twitter:label1\" content=\"Gesch\u00e4tzte Lesezeit\" \/>\n\t<meta name=\"twitter:data1\" content=\"3\u00a0Minuten\" \/>\n<script type=\"application\/ld+json\" class=\"yoast-schema-graph\">{\"@context\":\"https:\/\/schema.org\",\"@graph\":[{\"@type\":\"WebPage\",\"@id\":\"https:\/\/newterracotta.com\/de\/general-terms\/\",\"url\":\"https:\/\/newterracotta.com\/de\/general-terms\/\",\"name\":\"How To Buy - New Terracotta\",\"isPartOf\":{\"@id\":\"https:\/\/newterracotta.com\/#website\"},\"datePublished\":\"2019-08-13T15:56:24+00:00\",\"dateModified\":\"2022-10-03T14:32:43+00:00\",\"description\":\"How To Buy & Lead Times. New Terracotta Tiles and Pottery are available worldwide through showrooms, retailers and direct from us online and via mail order.\",\"inLanguage\":\"de\",\"potentialAction\":[{\"@type\":\"ReadAction\",\"target\":[\"https:\/\/newterracotta.com\/de\/general-terms\/\"]}]},{\"@type\":\"WebSite\",\"@id\":\"https:\/\/newterracotta.com\/#website\",\"url\":\"https:\/\/newterracotta.com\/\",\"name\":\"New Terracotta\",\"description\":\"Portuguese Handmade\",\"potentialAction\":[{\"@type\":\"SearchAction\",\"target\":{\"@type\":\"EntryPoint\",\"urlTemplate\":\"https:\/\/newterracotta.com\/?s={search_term_string}\"},\"query-input\":\"required name=search_term_string\"}],\"inLanguage\":\"de\"}]}<\/script>\n<!-- \/ Yoast SEO plugin. -->","yoast_head_json":{"title":"How To Buy - New Terracotta","description":"How To Buy & Lead Times. New Terracotta Tiles and Pottery are available worldwide through showrooms, retailers and direct from us online and via mail order.","robots":{"index":"index","follow":"follow","max-snippet":"max-snippet:-1","max-image-preview":"max-image-preview:large","max-video-preview":"max-video-preview:-1"},"canonical":"https:\/\/newterracotta.com\/de\/general-terms\/","og_locale":"de_DE","og_type":"article","og_title":"How To Buy - New Terracotta","og_description":"How To Buy & Lead Times. New Terracotta Tiles and Pottery are available worldwide through showrooms, retailers and direct from us online and via mail order.","og_url":"https:\/\/newterracotta.com\/de\/general-terms\/","og_site_name":"New Terracotta","article_modified_time":"2022-10-03T14:32:43+00:00","twitter_card":"summary_large_image","twitter_misc":{"Gesch\u00e4tzte Lesezeit":"3\u00a0Minuten"},"schema":{"@context":"https:\/\/schema.org","@graph":[{"@type":"WebPage","@id":"https:\/\/newterracotta.com\/de\/general-terms\/","url":"https:\/\/newterracotta.com\/de\/general-terms\/","name":"How To Buy - New Terracotta","isPartOf":{"@id":"https:\/\/newterracotta.com\/#website"},"datePublished":"2019-08-13T15:56:24+00:00","dateModified":"2022-10-03T14:32:43+00:00","description":"How To Buy & Lead Times. New Terracotta Tiles and Pottery are available worldwide through showrooms, retailers and direct from us online and via mail order.","inLanguage":"de","potentialAction":[{"@type":"ReadAction","target":["https:\/\/newterracotta.com\/de\/general-terms\/"]}]},{"@type":"WebSite","@id":"https:\/\/newterracotta.com\/#website","url":"https:\/\/newterracotta.com\/","name":"New Terracotta","description":"Portuguese Handmade","potentialAction":[{"@type":"SearchAction","target":{"@type":"EntryPoint","urlTemplate":"https:\/\/newterracotta.com\/?s={search_term_string}"},"query-input":"required name=search_term_string"}],"inLanguage":"de"}]}},"_links":{"self":[{"href":"https:\/\/newterracotta.com\/de\/wp-json\/wp\/v2\/pages\/11082"}],"collection":[{"href":"https:\/\/newterracotta.com\/de\/wp-json\/wp\/v2\/pages"}],"about":[{"href":"https:\/\/newterracotta.com\/de\/wp-json\/wp\/v2\/types\/page"}],"author":[{"embeddable":true,"href":"https:\/\/newterracotta.com\/de\/wp-json\/wp\/v2\/users\/1"}],"replies":[{"embeddable":true,"href":"https:\/\/newterracotta.com\/de\/wp-json\/wp\/v2\/comments?post=11082"}],"version-history":[{"count":8,"href":"https:\/\/newterracotta.com\/de\/wp-json\/wp\/v2\/pages\/11082\/revisions"}],"predecessor-version":[{"id":58094,"href":"https:\/\/newterracotta.com\/de\/wp-json\/wp\/v2\/pages\/11082\/revisions\/58094"}],"wp:attachment":[{"href":"https:\/\/newterracotta.com\/de\/wp-json\/wp\/v2\/media?parent=11082"}],"curies":[{"name":"wp","href":"https:\/\/api.w.org\/{rel}","templated":true}]}}