{"id":11251,"date":"2019-08-14T17:45:35","date_gmt":"2019-08-14T17:45:35","guid":{"rendered":"http:\/\/newterracotta.com\/?page_id=11251"},"modified":"2022-10-03T15:10:02","modified_gmt":"2022-10-03T15:10:02","slug":"faqs","status":"publish","type":"page","link":"https:\/\/newterracotta.com\/de\/faqs\/","title":{"rendered":"H\u00e4ufig Gestellte Fragen"},"content":{"rendered":"<p>[vc_row full_width=&#8220;stretch_row&#8220; gap=&#8220;&#8220; el_class=&#8220;fundoDestaqueImg&#8220; css=&#8220;.vc_custom_1664289852440{background-image: url(https:\/\/newterracotta.com\/wp-content\/uploads\/2022\/08\/faqs-header-img-1.png?id=43291) !important;background-position: center !important;background-repeat: no-repeat !important;background-size: cover !important;}&#8220;][vc_column][vc_row_inner][vc_column_inner][vc_column_text el_class=&#8220;cxDestaque cxBranca&#8220;]<\/p>\n<h1>H\u00e4ufig Gestellte Fragen<\/h1>\n<h3><strong>Hier finden Sie Antworten auf einige h\u00e4ufig gestellte Fragen zu New Terracotta.<\/strong><\/h3>\n<p>[\/vc_column_text][\/vc_column_inner][\/vc_row_inner][\/vc_column][\/vc_row][vc_row full_width=&#8220;stretch_row_content_no_spaces&#8220; gap=&#8220;&#8220; el_class=&#8220;contctUsTechnical section-2-bespoke&#8220; css=&#8220;.vc_custom_1661502644506{padding-right: 8% !important;padding-left: 8% !important;}&#8220;][vc_column][vc_row_inner el_class=&#8220;general-terms .we-believe-extra-texto bes-tamanho&#8220;][vc_column_inner el_class=&#8220;general-terms designers-terra texto-preto-about&#8220; width=&#8220;1\/2&#8243;][vc_column_text]<\/p>\n<h3><span class=\"Y2IQFc\" lang=\"de\">H\u00e4ufig Gefragte Fragen.<\/span><\/h3>\n<p>[\/vc_column_text][\/vc_column_inner][vc_column_inner el_class=&#8220;sobeEcra designers-terra&#8220; width=&#8220;1\/2&#8243;][vc_column_text]<\/p>\n<div class=\"positionRelative\"><input id=\"pesquisaTech\" type=\"text\" placeholder=\"Suche\" \/><i class=\"fa fa-search lupa\" aria-hidden=\"true\"><\/i><\/div>\n<p>[\/vc_column_text][\/vc_column_inner][\/vc_row_inner][vc_empty_space height=&#8220;20px&#8220;][vc_separator color=&#8220;black&#8220; border_width=&#8220;4&#8243;][vc_empty_space][\/vc_column][\/vc_row][vc_row full_width=&#8220;stretch_row_content_no_spaces&#8220; gap=&#8220;&#8220; el_class=&#8220;bloco-tec&#8220; css=&#8220;.vc_custom_1661502044596{padding-right: 8% !important;padding-left: 8% !important;}&#8220;][vc_column][vc_row_inner el_class=&#8220;bloco-general&#8220;][vc_column_inner el_class=&#8220;blocoCinzaTech2&#8243; width=&#8220;1\/3&#8243;][vc_custom_heading text=&#8220;Eine bestellung aufgeben.&#8220; font_container=&#8220;tag:h4|text_align:left&#8220; el_class=&#8220;titulo-tech&#8220;][\/vc_column_inner][vc_column_inner el_class=&#8220;blocoCinzaTech&#8220; width=&#8220;2\/3&#8243;][vc_toggle title=&#8220;Kann ich online kaufen?&#8220;]Wir sind nicht darauf vorbereitet, direkt \u00fcber unsere Webseite zu verkaufen. F\u00fcr die Bestellung von Fliesen, kundenspezifische Anfragen, Preisgestaltung, Lieferfristen oder sonstige Fragen wenden Sie sich bitte per E-Mail oder Telefon an uns, damit einer unserer Designberater Sie pers\u00f6nlich unterst\u00fctzen kann.[\/vc_toggle][vc_toggle title=&#8220;Liefern sie international?&#8220;]Wir haben Fliesen erfolgreich f\u00fcr Projekte in der ganzen Welt geliefert. Gerne erstellen wir einen Kostenvoranschlag f\u00fcr Versandkosten bei internationalen Bestellungen.[\/vc_toggle][vc_toggle title=&#8220;Kann ich muster erhalten?&#8220;]Ja, wir verstehen, wie wichtig die Koordinierung aller Elemente Ihres Projekts ist, und stellen Ihnen f\u00fcr Ihr Auswahlverfahren gerne Muster zur Verf\u00fcgung.<br \/>\nEs k\u00f6nnen mehrere Muster bestellt werden, um ein Gef\u00fchl f\u00fcr die Farbpalette zu erhalten. Sobald Sie bereit sind, eine Bestellung aufzugeben, k\u00f6nnen Sie auch ein genehmigtes Farbkontrollmuster an die Fabrik schicken. Unser Team wird Ihr Muster als Richtlinie verwenden, aber vergessen Sie bitte nicht, dass es immer Farbabweichungen geben wird.[\/vc_toggle][vc_toggle title=&#8220;Wie soll ich mich entscheiden, welche fliesenart zu verwenden ist?&#8220;]Das Anwendungsumfeld und der auf den Fliesen zu erwartende Verkehr sind f\u00fcr die Auswahl der Fliesenart entscheidend. Bitte setzen Sie sich mit uns in Verbindung, wir zeigen Ihnen das Produkt, dass Ihren Erfordernissen am besten entspricht.[\/vc_toggle][vc_toggle title=&#8220;Gibt es mindestbestellmengen? Berechnen sie eine einrichtgeb\u00fchr f\u00fcr kleinere bestellungen?&#8220;]Die Mindestbestellgr\u00f6\u00dfe pro Farbe betr\u00e4gt 3\u00a0m\u00b2. Da jede Bestellung spezifisch hergestellt wird, ist ein Einrichtverfahren erforderlich.[\/vc_toggle][vc_toggle title=&#8220;Sollte ich zus\u00e4tzliche fliesen bestellen?&#8220;]Ja, f\u00fcr Unvorhergesehenes raten wir zu einem Aufschlag von 10\u00a0% auf die ben\u00f6tigte Mindestmenge. Dieser \u00dcberschuss wird bei m\u00f6glichem Bruch w\u00e4hrend des Verlegens gebraucht, bietet eine gr\u00f6\u00dfere Auswahlm\u00f6glichkeit und Ersatz bei sp\u00e4teren Sch\u00e4den. Bitte besprechen Sie die Mengen immer mit Ihrem Fliesenleger.[\/vc_toggle][vc_toggle title=&#8220;Kann ich meine fliesen zur\u00fcckgeben?&#8220;]Da wir unsere Fliesen speziell f\u00fcr Sie herstellen, nehmen wir sie nicht zur\u00fcck, es sei denn sie sind mangelhaft oder werden beim Transport besch\u00e4digt.[\/vc_toggle][vc_toggle title=&#8220;Kann ich eine bestellung nachtr\u00e4glich \u00e4ndern?&#8220;]Da jede Bestellung spezifisch gefertigt wird, k\u00f6nnen wir sie nicht mehr \u00e4ndern, sobald sie sich in Produktion befindet. Ben\u00f6tigen Sie eine \u00c4nderung, dann kontaktieren Sie uns bitte unverz\u00fcglich, um zu sehen, ob wir helfen k\u00f6nnen, die Angelegenheit schnell zu kl\u00e4ren.[\/vc_toggle][vc_toggle title=&#8220;Was w\u00e4re die mindestvorlaufzeit f\u00fcr dringliche bestellungen?&#8220;]Wenn Sie Ihr Material f\u00fcr einen Schnellauftrag oder eine Fertigstellung fr\u00fcher ben\u00f6tigen, dann rufen Sie uns bitte an und fragen Sie nach einer speziellen Vorlaufzeit f\u00fcr Sie.<br \/>\nWir halten zwar immer eine begrenzte Menge unserer beliebtesten Produkte auf Lager, arbeiten unsere Bestellungen jedoch grunds\u00e4tzlich in der Reihenfolge ab, in der sie eingehen. Wenn Ihre Bestellung aufgegeben ist, fragen Sie uns nach der gesch\u00e4tzten Vorlaufzeit.[\/vc_toggle][\/vc_column_inner][\/vc_row_inner][\/vc_column][\/vc_row][vc_row full_width=&#8220;stretch_row_content_no_spaces&#8220; gap=&#8220;&#8220; el_class=&#8220;bloco-tec&#8220; css=&#8220;.vc_custom_1661502054279{padding-right: 8% !important;padding-left: 8% !important;}&#8220;][vc_column][vc_row_inner el_class=&#8220;bloco-general&#8220;][vc_column_inner el_class=&#8220;blocoCinzaTech2&#8243; width=&#8220;1\/3&#8243;][vc_custom_heading text=&#8220;Glasierte fliesen.&#8220; font_container=&#8220;tag:h4|text_align:left&#8220; el_class=&#8220;titulo-tech&#8220;][\/vc_column_inner][vc_column_inner el_class=&#8220;blocoCinzaTech&#8220; width=&#8220;2\/3&#8243;][vc_toggle title=&#8220;Produktverst\u00e4ndnis&#8220;]<strong>WAS IST BISKUIT?<\/strong><br \/>\nWenn Sie eine glasierte Fliese von der Seite ansehen, erkennen Sie zwei Schichten. Der Fliesenk\u00f6rper bzw. die dickere Schicht wird als Biskuit bezeichnet. Die obere Schicht wird als Glasur bezeichnet.<\/p>\n<p><strong>WHAT IS A CRAQUEL\u00c9?<\/strong><br \/>\nManche Fliesen werden mit Absicht so hergestellt, dass sie Risse bekommen, wodurch die sogenannte Craquel\u00e9-Oberfl\u00e4che entsteht. Fliesen mit Craquel\u00e9-Glasur sollten nicht auf Arbeitsfl\u00e4chen in K\u00fcchen oder stark benutzten Fl\u00e4chen verwendet werden.<\/p>\n<p><strong>IST TON EIN NAT\u00dcRLICHES MATERIAL?<\/strong><br \/>\nTon ist ein nat\u00fcrliches und biokompatibles Material mit von Natur aus au\u00dfergew\u00f6hnlichen W\u00e4rme- und Struktureigenschaften.<\/p>\n<p><strong>WARUM GIBT ES BEI OXIDE EXPLOSIONS SOLCHE VARIATIONEN?<\/strong><br \/>\nDie Fliesen der Kollektion Oxide Explosions variieren in Farbe und Oberfl\u00e4che aufgrund der unterschiedlichen Glasurst\u00e4rke und Brenntemperatur. Diese nat\u00fcrliche Variation macht ihre besondere Sch\u00f6nheit aus.<br \/>\nUm Missverst\u00e4ndnisse zu vermeiden, verlangen wir, dass alle Kunden die gesamte Variationsbreite innerhalb einer Referenz akzeptieren.<\/p>\n<p><strong>WARUM IST DIE NENNGR\u00d6SSE GR\u00d6SSER ALS DIE TATS\u00c4CHLICHE GR\u00d6SSE?<\/strong><br \/>\nIm Verlauf des Herstellungsverfahrens schrumpft die Keramikfliese im Schnitt um 5 bis 10\u00a0%, je nach Tonart.<\/p>\n<p><strong>WAS SIND FLIESENB\u00d6GEN?<\/strong><br \/>\nDie meisten unserer geometrischen Designs k\u00f6nnen in sich wiederholende Komponenten aufgeteilt werden. Diese Komponenten sind als Standardb\u00f6gen bekannt. Sie passen gut zusammen und erfordern minimales oder gar kein Fliesenschneiden.[\/vc_toggle][vc_toggle title=&#8220;Massgefertigte &amp; kundenspezifische fliesen&#8220;]<strong>K\u00d6NNEN SIE ANTIKE FLIESEN REPRODUZIEREN?<\/strong><br \/>\nJa, daf\u00fcr sind wir wohlbekannt. Bitte schicken Sie uns mehr Informationen.<\/p>\n<p><strong>KANN ICH EIN PRODUKT SPEZIFISCH ANPASSEN LASSEN?<\/strong><br \/>\nJa, wir k\u00f6nnen Fliesen und Objekte perfekt an Ihren Stil anpassen.<\/p>\n<p><strong>KANN ICH MEIN EIGENES DESIGN VERWENDEN?<\/strong><br \/>\nJa, selbstverst\u00e4ndlich k\u00f6nnen Sie das. Auf ma\u00dfangefertigte Bestellungen werden zus\u00e4tzliche Entwicklungskosten und Einrichtgeb\u00fchren berechnet.<\/p>\n<p><strong>KANN ICH GLASIERTE RANDFLIESEN BESTELLEN?<\/strong><br \/>\nJa, Sie k\u00f6nnen R\u00e4nder glasieren. Die Auswahl Ihrer R\u00e4nder wird von Ihrem Installationslayout abh\u00e4ngen.[\/vc_toggle][vc_toggle title=&#8220;Verlegung &amp; pflege&#8220;]<strong>SIND ALLE IHRE FLIESEN F\u00dcR ALLE ZWECKE GEEIGNET?<\/strong><br \/>\nNein. Manche Glasuren sind nur f\u00fcr W\u00e4nde zu empfehlen. Andere Glasuren wiederum sind nicht f\u00fcr Schwimmbecken geeignet.<br \/>\nBitte lesen Sie die Nutzungsinformationen im Glasurleitfaden.<\/p>\n<p><strong>KANN ICH VERSCHIEDENE FARBEN UND GR\u00d6SSEN MISCHEN?<\/strong><br \/>\nViele Formen und Farben k\u00f6nnen zusammen verwendet werden. Bitte lesen Sie die Layoutinformationen im Leitfaden Formate.<\/p>\n<p><strong>ERFORDERT DAS DIAGONALE VERLEGEN VON FLIESEN MEHR MATERIAL?<\/strong><br \/>\nJa, wenn die Fliesen diagonal statt gerade verlegt werden, ist in der Regel mehr Material erforderlich. Bitte besprechen Sie mit Ihrem Fliesenleger, wie viel Material n\u00f6tig ist.<\/p>\n<p><strong>WELCHES MASS EMPFEHLEN SIE F\u00dcR DIE M\u00d6RTELFUGEN?<\/strong><br \/>\nDie Fliesen von New Terracotta sind je nach Format f\u00fcr eine Fugengr\u00f6\u00dfe von 1 bis 4\u00a0mm bemessen. Die Gr\u00f6\u00dfe der M\u00f6rtelfuge ist von vielen Faktoren abh\u00e4ngig. Es ist wichtig, dies mit Ihrem Architekten und Fliesenleger abzusprechen und einem Fugenschema zu folgen.<\/p>\n<p><strong>MUSS ICH DIE GLASIERTEN FLIESEN VERSIEGELN?<\/strong><br \/>\nIm Allgemeinen erfordern unsere Fliesen keine Versiegelung. Allerdings sollten Fliesen mit Craquel\u00e9-Glasuren bei bestimmten Installationen vor dem Verfugen versiegelt werden.<\/p>\n<p><strong>KANN ICH IHRE FLIESEN UM DEN KAMIN HERUM VERWENDEN? SIND SIE HITZEBEST\u00c4NDIG?<\/strong><br \/>\nUnsere Fliesen werden in Brenn\u00f6fen bei sehr hohen Temperaturen gebrannt. Sie k\u00f6nnen f\u00fcr Kaminanlagen verwendet werden und nehmen von Hitze keinen Schaden.<\/p>\n<p><strong>KANN ICH IHRE FLIESEN IN DER DUSCHE VERWENDEN?<\/strong><br \/>\nJa, unsere Fliesen eignen sich f\u00fcr Nassbereiche. Bitte beachten Sie, dass manche Fliesen in regelm\u00e4\u00dfig nassen Bereichen wie Duschen oft dunkler und heller werden, wenn sie nass werden und wieder trocknen.<\/p>\n<p><strong>WELCHE FLIESEN KANN ICH IN SCHWIMMBECKEN ODER BRUNNEN VERWENDEN?<\/strong><br \/>\nWir haben verschiedene Glasuren, die sich f\u00fcr Schwimmbecken eignen. Bitte lesen Sie die Nutzungsinformationen im Glasurleitfaden.<\/p>\n<p><strong>KANN ICH IHRE FLIESEN IN AUSSENBEREICHEN VERWENDEN?<\/strong><br \/>\nUnsere Fliesen werden seit Jahren problemlos auf vertikalen Au\u00dfenfl\u00e4chen verlegt. Wir empfehlen die Verwendung unserer Fliesen nicht auf horizontalen Au\u00dfenfl\u00e4chen. Bitte kontaktieren Sie uns, um mit uns zusammen die Eignung unserer Fliesen f\u00fcr Ihre Au\u00dfenanwendung zu pr\u00fcfen.<\/p>\n<p><strong>K\u00d6NNEN DIE FLIESEN FUGENLOS VERLEGT WERDEN?<\/strong><br \/>\nIn der Praxis ist das fugenlose Verlegen der Fliesen nicht zu empfehlen. Selbst f\u00fcr zugeschnittene Randfliesen wird eine Fugengr\u00f6\u00dfe von mindestens einem oder besser noch 2\u00a0mm empfohlen.<\/p>\n<p><strong>WIE REINIGE ICH MEINE FLIESEN AM BESTEN?<\/strong><br \/>\nF\u00fcr die allt\u00e4gliche Reinigung verwenden Sie einfach ein pH-neutrales nat\u00fcrliches Reinigungsmittel, um Ihre Fliesen zu pflegen. Wir empfehlen, f\u00fcr die Reinigung unserer Fliesen keine S\u00e4uren zu verwenden, und es empfiehlt sich, jede andere Reinigungsmethode in einem unauff\u00e4lligen Bereich Ihrer Installation zu testen.<\/p>\n<p><strong>WIE SOLL ICH MEINE GOLD- UND PLATINGLASIERTEN FLIESEN REINIGEN?<\/strong><br \/>\nGenauso wie andere glasierte Fliesen auch. Vermeiden Sie auf jeden Fall die Verwendung von scheuernden Reinigungst\u00fcchern.[\/vc_toggle][\/vc_column_inner][\/vc_row_inner][\/vc_column][\/vc_row][vc_row full_width=&#8220;stretch_row_content_no_spaces&#8220; gap=&#8220;&#8220; el_class=&#8220;bloco-tec&#8220; css=&#8220;.vc_custom_1661502061643{padding-right: 8% !important;padding-left: 8% !important;}&#8220;][vc_column][vc_row_inner el_class=&#8220;bloco-general&#8220;][vc_column_inner el_class=&#8220;blocoCinzaTech2&#8243; width=&#8220;1\/3&#8243;][vc_custom_heading text=&#8220;Cottofliesen&#8220; font_container=&#8220;tag:h4|text_align:left&#8220; el_class=&#8220;titulo-tech&#8220;][\/vc_column_inner][vc_column_inner el_class=&#8220;blocoCinzaTech&#8220; width=&#8220;2\/3&#8243;][vc_toggle title=&#8220;Produktverst\u00e4ndnis&#8220;]<strong>IST TON EIN NAT\u00dcRLICHES MATERIAL?<\/strong><br \/>\nTon ist ein nat\u00fcrliches und biokompatibles Material mit von Natur aus au\u00dfergew\u00f6hnlichen W\u00e4rme- und Struktureigenschaften.<\/p>\n<p><strong>WARUM IST DIE NENNGR\u00d6SSE GR\u00d6SSER ALS DIE TATS\u00c4CHLICHE GR\u00d6SSE?<\/strong><br \/>\nTon schrumpft sowohl bei der Trocknung als auch beim Brennen. Cottofliesen schrumpfen im Durchschnitt 5 bis 10\u00a0% in der Gr\u00f6\u00dfe, abh\u00e4ngig vom Rezept der Tonmasse und von der Brennzeit sowie -temperatur.[\/vc_toggle][vc_toggle title=&#8220;Verlegung &amp; pflege&#8220;]<strong>SIND ALLE IHRE FLIESEN F\u00dcR ALLE ZWECKE GEEIGNET?<\/strong><br \/>\nNein. Hohe Por\u00f6sit\u00e4t ist eine der Eigenschaften von Cottofliesen. Aus diesem Grund empfehlen wir, Cottofliesen nicht f\u00fcr Schwimmbecken, Brunnen oder Duschb\u00f6den zu verwenden.<\/p>\n<p><strong>WO KANN ICH COTTOFLIESEN VON NEW TERRACOTTA VERWENDEN?<\/strong><br \/>\nDie unter extrem hohen Temperaturen gebrannten Fliesen sind frostbest\u00e4ndig und eignen sich hervorragend zur Speicherung von W\u00e4rme, wodurch sie sowohl f\u00fcr Innen- als auch f\u00fcr Au\u00dfenanwendungen bestens geeignet sind.<br \/>\nMit ihren rutschfesten und abriebbest\u00e4ndigen Eigenschaften sind sie auch f\u00fcr Winterg\u00e4rten, Innenh\u00f6fe und Schwimmbadbereiche ideal.<\/p>\n<p><strong>KANN ICH IHRE FLIESEN UM DEN KAMIN HERUM VERWENDEN? SIND SIE HITZEBEST\u00c4NDIG?<\/strong><br \/>\nUnsere Fliesen werden bei sehr hohen Temperaturen im Holzfeuer gebrannt. Sie k\u00f6nnen f\u00fcr Kaminanlagen verwendet werden und nehmen von Hitze keinen Schaden.<\/p>\n<p><strong>KANN ICH COTTOFLIESEN VON NEW TERRACOTTA ZUSAMMEN MIT EINER UNTERBODENHEIZUNG VERWENDEN?<\/strong><br \/>\nEiner der gr\u00f6\u00dften Vorteile von Terrakottafliesen ist, dass sie der am besten geeignete Bodenbelag f\u00fcr Anwendungen mit Unterbodenheizung sind. Beim Verlegen ist darauf zu achten, zwischen den Fliesen an den W\u00e4nden in bestimmten Abst\u00e4nden ausreichend gro\u00dfe Dehnfugen vorzusehen, um die durch den Boden hervorgerufene Schrumpfung und Ausdehnung auszugleichen.<\/p>\n<p><strong>K\u00d6NNEN DIE FLIESEN FUGENLOS VERLEGT WERDEN?<\/strong><br \/>\nDas fugenlose Verlegen der Fliesen ist nicht zu empfehlen.<\/p>\n<p><strong>WELCHES MASS EMPFEHLEN SIE F\u00dcR DIE M\u00d6RTELFUGEN?<\/strong><br \/>\nCottofliesen von New Terracotta sind f\u00fcr eine Fugengr\u00f6\u00dfe von 4 bis 6 mm bemessen. Die Gr\u00f6\u00dfe der M\u00f6rtelfuge ist von vielen Faktoren abh\u00e4ngig. Es ist wichtig, dies mit Ihrem Architekten und Fliesenleger abzusprechen und einem Fugenschema zu folgen.<\/p>\n<p><strong>SIND COTTOFLIESEN VON NEW TERRACOTTA VORVERSIEGELT?<\/strong><br \/>\nWir versenden unsere Fliesen immer im nat\u00fcrlichen Zustand, daher m\u00fcssen sie bei der Installation versiegelt werden. Bei Bedarf k\u00f6nnen die erforderlichen Behandlungsmittel zusammen mit dem Material versandt werden, angewendet werden m\u00fcssen sie jedoch vor Ort.<\/p>\n<p><strong>MUSS ICH DIE COTTOFLIESEN VERSIEGELN?<\/strong><br \/>\nJa. Die Versiegelung ist f\u00fcr den Schutz der Sch\u00f6nheit und f\u00fcr die Dauerhaftigkeit einer Cottofliese von grundlegender Bedeutung.[\/vc_toggle][\/vc_column_inner][\/vc_row_inner][\/vc_column][\/vc_row][vc_row][vc_column][vc_empty_space height=&#8220;40px&#8220;][\/vc_column][\/vc_row][vc_row full_width=&#8220;stretch_row&#8220; gap=&#8220;&#8220; el_class=&#8220;lets-talk-bloco&#8220; css=&#8220;.vc_custom_1660062966586{margin-bottom: 0px !important;}&#8220;][vc_column width=&#8220;2\/3&#8243;][vc_custom_heading text=&#8220;Sie finden auf Ihre Frage keine Antwort?&#8220;][vc_custom_heading text=&#8220;Manchmal brauchen wir nur ein wenig Hilfe.&#8220; font_container=&#8220;tag:h3|text_align:left&#8220;][\/vc_column][vc_column width=&#8220;1\/3&#8243;][vc_column_text el_class=&#8220;letsLets&#8220;]<\/p>\n<h5 style=\"text-align: center;\"><a href=\"http:\/\/newterracotta.com\/de\/contact-2\/\">REDEN WIR DAR\u00dcBER.<\/a><\/h5>\n<h5 style=\"text-align: center;\"><\/h5>\n<p>[\/vc_column_text][\/vc_column][\/vc_row]<\/p>\n","protected":false},"excerpt":{"rendered":"<p>[vc_row full_width=&#8220;stretch_row&#8220; gap=&#8220;&#8220; el_class=&#8220;fundoDestaqueImg&#8220; css=&#8220;.vc_custom_1664289852440{background-image: url(https:\/\/newterracotta.com\/wp-content\/uploads\/2022\/08\/faqs-header-img-1.png?id=43291) !important;background-position: center !important;background-repeat: no-repeat !important;background-size: cover !important;}&#8220;][vc_column][vc_row_inner][vc_column_inner][vc_column_text el_class=&#8220;cxDestaque cxBranca&#8220;] H\u00e4ufig Gestellte Fragen Hier finden Sie Antworten auf einige h\u00e4ufig gestellte Fragen zu New Terracotta. [&hellip;]<\/p>\n","protected":false},"author":1,"featured_media":0,"parent":0,"menu_order":0,"comment_status":"closed","ping_status":"closed","template":"","meta":{"_monsterinsights_skip_tracking":false,"_monsterinsights_sitenote_active":false,"_monsterinsights_sitenote_note":"","_monsterinsights_sitenote_category":0},"yoast_head":"<!-- This site is optimized with the Yoast SEO plugin v20.6 - https:\/\/yoast.com\/wordpress\/plugins\/seo\/ -->\n<title>H\u00e4ufig Gestellte Fragen - New Terracotta<\/title>\n<meta name=\"description\" content=\"Frequently Asked Questions\" \/>\n<meta name=\"robots\" content=\"index, follow, max-snippet:-1, max-image-preview:large, max-video-preview:-1\" \/>\n<link rel=\"canonical\" href=\"https:\/\/newterracotta.com\/de\/faqs\/\" \/>\n<meta property=\"og:locale\" content=\"de_DE\" \/>\n<meta property=\"og:type\" content=\"article\" \/>\n<meta property=\"og:title\" content=\"H\u00e4ufig Gestellte Fragen - New Terracotta\" \/>\n<meta property=\"og:description\" content=\"Frequently Asked Questions\" \/>\n<meta property=\"og:url\" content=\"https:\/\/newterracotta.com\/de\/faqs\/\" \/>\n<meta property=\"og:site_name\" content=\"New Terracotta\" \/>\n<meta property=\"article:modified_time\" content=\"2022-10-03T15:10:02+00:00\" \/>\n<meta name=\"twitter:card\" content=\"summary_large_image\" \/>\n<meta name=\"twitter:label1\" content=\"Gesch\u00e4tzte Lesezeit\" \/>\n\t<meta name=\"twitter:data1\" content=\"7\u00a0Minuten\" \/>\n<script type=\"application\/ld+json\" class=\"yoast-schema-graph\">{\"@context\":\"https:\/\/schema.org\",\"@graph\":[{\"@type\":\"WebPage\",\"@id\":\"https:\/\/newterracotta.com\/de\/faqs\/\",\"url\":\"https:\/\/newterracotta.com\/de\/faqs\/\",\"name\":\"H\u00e4ufig Gestellte Fragen - New Terracotta\",\"isPartOf\":{\"@id\":\"https:\/\/newterracotta.com\/#website\"},\"datePublished\":\"2019-08-14T17:45:35+00:00\",\"dateModified\":\"2022-10-03T15:10:02+00:00\",\"description\":\"Frequently Asked Questions\",\"inLanguage\":\"de\",\"potentialAction\":[{\"@type\":\"ReadAction\",\"target\":[\"https:\/\/newterracotta.com\/de\/faqs\/\"]}]},{\"@type\":\"WebSite\",\"@id\":\"https:\/\/newterracotta.com\/#website\",\"url\":\"https:\/\/newterracotta.com\/\",\"name\":\"New Terracotta\",\"description\":\"Portuguese Handmade\",\"potentialAction\":[{\"@type\":\"SearchAction\",\"target\":{\"@type\":\"EntryPoint\",\"urlTemplate\":\"https:\/\/newterracotta.com\/?s={search_term_string}\"},\"query-input\":\"required name=search_term_string\"}],\"inLanguage\":\"de\"}]}<\/script>\n<!-- \/ Yoast SEO plugin. -->","yoast_head_json":{"title":"H\u00e4ufig Gestellte Fragen - New Terracotta","description":"Frequently Asked Questions","robots":{"index":"index","follow":"follow","max-snippet":"max-snippet:-1","max-image-preview":"max-image-preview:large","max-video-preview":"max-video-preview:-1"},"canonical":"https:\/\/newterracotta.com\/de\/faqs\/","og_locale":"de_DE","og_type":"article","og_title":"H\u00e4ufig Gestellte Fragen - New Terracotta","og_description":"Frequently Asked Questions","og_url":"https:\/\/newterracotta.com\/de\/faqs\/","og_site_name":"New Terracotta","article_modified_time":"2022-10-03T15:10:02+00:00","twitter_card":"summary_large_image","twitter_misc":{"Gesch\u00e4tzte Lesezeit":"7\u00a0Minuten"},"schema":{"@context":"https:\/\/schema.org","@graph":[{"@type":"WebPage","@id":"https:\/\/newterracotta.com\/de\/faqs\/","url":"https:\/\/newterracotta.com\/de\/faqs\/","name":"H\u00e4ufig Gestellte Fragen - New Terracotta","isPartOf":{"@id":"https:\/\/newterracotta.com\/#website"},"datePublished":"2019-08-14T17:45:35+00:00","dateModified":"2022-10-03T15:10:02+00:00","description":"Frequently Asked Questions","inLanguage":"de","potentialAction":[{"@type":"ReadAction","target":["https:\/\/newterracotta.com\/de\/faqs\/"]}]},{"@type":"WebSite","@id":"https:\/\/newterracotta.com\/#website","url":"https:\/\/newterracotta.com\/","name":"New Terracotta","description":"Portuguese Handmade","potentialAction":[{"@type":"SearchAction","target":{"@type":"EntryPoint","urlTemplate":"https:\/\/newterracotta.com\/?s={search_term_string}"},"query-input":"required name=search_term_string"}],"inLanguage":"de"}]}},"_links":{"self":[{"href":"https:\/\/newterracotta.com\/de\/wp-json\/wp\/v2\/pages\/11251"}],"collection":[{"href":"https:\/\/newterracotta.com\/de\/wp-json\/wp\/v2\/pages"}],"about":[{"href":"https:\/\/newterracotta.com\/de\/wp-json\/wp\/v2\/types\/page"}],"author":[{"embeddable":true,"href":"https:\/\/newterracotta.com\/de\/wp-json\/wp\/v2\/users\/1"}],"replies":[{"embeddable":true,"href":"https:\/\/newterracotta.com\/de\/wp-json\/wp\/v2\/comments?post=11251"}],"version-history":[{"count":8,"href":"https:\/\/newterracotta.com\/de\/wp-json\/wp\/v2\/pages\/11251\/revisions"}],"predecessor-version":[{"id":58096,"href":"https:\/\/newterracotta.com\/de\/wp-json\/wp\/v2\/pages\/11251\/revisions\/58096"}],"wp:attachment":[{"href":"https:\/\/newterracotta.com\/de\/wp-json\/wp\/v2\/media?parent=11251"}],"curies":[{"name":"wp","href":"https:\/\/api.w.org\/{rel}","templated":true}]}}