{"id":11802,"date":"2019-08-19T22:12:32","date_gmt":"2019-08-19T22:12:32","guid":{"rendered":"http:\/\/newterracotta.com\/?page_id=11802"},"modified":"2024-02-02T17:42:20","modified_gmt":"2024-02-02T17:42:20","slug":"privacy-policy","status":"publish","type":"page","link":"https:\/\/newterracotta.com\/de\/privacy-policy\/","title":{"rendered":"Privacy Policy"},"content":{"rendered":"<p>[vc_row full_width=&#8220;stretch_row&#8220; gap=&#8220;&#8220; css=&#8220;.vc_custom_1664289473949{margin-bottom: 0px !important;background-image: url(https:\/\/newterracotta.com\/wp-content\/uploads\/2022\/09\/NWT-About-Sustainability.jpg?id=54099) !important;}&#8220; el_class=&#8220;fundoDestaqueImg susDestaque&#8220;][vc_column][vc_row_inner][vc_column_inner][vc_column_text el_class=&#8220;cxDestaque cxBranca&#8220;]<\/p>\n<h1>Datenschutz-Bestimmungen<\/h1>\n<h3>Dies ist unsere Datenschutzrichtlinie und wie wir Ihre Daten bei Newterracota behandeln.<\/h3>\n<p>[\/vc_column_text][\/vc_column_inner][\/vc_row_inner][\/vc_column][\/vc_row][vc_row full_width=&#8220;stretch_row_content_no_spaces&#8220; gap=&#8220;&#8220; css=&#8220;.vc_custom_1661523583485{margin-bottom: 0px !important;padding-right: 8% !important;padding-left: 8% !important;}&#8220;][vc_column el_class=&#8220;poliprivacy2&#8243;][vc_row_inner el_class=&#8220;we-believe-extra-texto susten-bl-3&#8243;][vc_column_inner el_class=&#8220;poliprivacy&#8220;][vc_empty_space height=&#8220;100px&#8220;][vc_column_text]<\/p>\n<h2 class=\"desc-titulo-cor\"><b>Newterracotta-Datenschutzrichtlinie.<\/b><\/h2>\n<p>[\/vc_column_text][vc_separator color=&#8220;black&#8220; border_width=&#8220;3&#8243;][vc_empty_space height=&#8220;30px&#8220;][\/vc_column_inner][\/vc_row_inner][\/vc_column][\/vc_row][vc_row full_width=&#8220;stretch_row_content_no_spaces&#8220; gap=&#8220;&#8220; css=&#8220;.vc_custom_1661524113420{margin-bottom: 0px !important;padding-right: 14% !important;padding-left: 14% !important;}&#8220;][vc_column][vc_row_inner el_class=&#8220;we-believe-extra-texto susten-bl-1 susten-bl-2&#8243;][vc_column_inner el_class=&#8220;poliprivacy&#8220;][vc_column_text]<\/p>\n<h3>Unsere Website-Adresse.<\/h3>\n<p>https:\/\/newterracotta.com[\/vc_column_text][vc_separator color=&#8220;black&#8220; border_width=&#8220;3&#8243;][vc_empty_space height=&#8220;30px&#8220;][\/vc_column_inner][\/vc_row_inner][vc_row_inner el_class=&#8220;we-believe-extra-texto susten-bl-1 susten-bl-2&#8243;][vc_column_inner el_class=&#8220;poliprivacy&#8220;][vc_column_text]<\/p>\n<h3>\u00dcber die Datenverarbeitung.<\/h3>\n<p>Diese Datenschutzrichtlinie legt die allgemeinen Bedingungen f\u00fcr die Verarbeitung personenbezogener Daten fest, die von NWT \u2013 New Terracotta, S.A. (im Folgenden \u201eNEW TERRACOTTA\u201c) erhoben werden, mit Hauptsitz in Polo Industrial de Vale de Borreg\u00e3o, 3450-097 Marmeleira &#8211; Mort\u00e1gua und mit der Umsatzsteuer-Identifikationsnummer 510561845, wobei Ihre Privatsph\u00e4re immer Vorrang hat und gew\u00e4hrleistet ist Einhaltung der neuen Allgemeinen Datenschutzverordnung (RGPD) EU2016\/679 des Europ\u00e4ischen Parlaments und des Rates vom 27. April 2016 und anderer anwendbarer nationaler geltende Gesetze und Vorschriften.[\/vc_column_text][vc_separator color=&#8220;black&#8220; border_width=&#8220;3&#8243;][vc_empty_space height=&#8220;30px&#8220;][\/vc_column_inner][\/vc_row_inner][vc_row_inner el_class=&#8220;we-believe-extra-texto susten-bl-1 susten-bl-2&#8243;][vc_column_inner el_class=&#8220;poliprivacy&#8220;][vc_column_text]<\/p>\n<h3>Verantwortliche Stelle f\u00fcr die Datenverarbeitung.<\/h3>\n<p>Nwt &#8211; New Terracotta Lda ist die verantwortliche Stelle f\u00fcr die Verarbeitung Ihrer personenbezogenen Daten.[\/vc_column_text][vc_separator color=&#8220;black&#8220; border_width=&#8220;3&#8243;][vc_empty_space height=&#8220;30px&#8220;][\/vc_column_inner][\/vc_row_inner][vc_row_inner el_class=&#8220;we-believe-extra-texto susten-bl-1 susten-bl-2&#8243;][vc_column_inner el_class=&#8220;poliprivacy&#8220;][vc_column_text]<\/p>\n<h3>Welche Daten wir erheben.<\/h3>\n<p>Beim Navigieren auf dieser Website werden keine personenbezogenen Daten erhoben, da jedoch ein Kontaktanfrageformular und ein Informations-\/Musteranfrageformular verf\u00fcgbar sind, bedeutet seine Verwendung die Eingabe personenbezogener Daten, in der Regel Name, Adresse, Telefon und E-Mail. Website-Navigationsinformationen werden mithilfe von Session-Cookies gesammelt, die nicht spezifisch identifiziert werden Sie. Die von NEW TERRACOTTA erhobenen und verarbeiteten personenbezogenen Daten sind nur diejenigen, die von Kunden, Partnern oder Lieferanten in strikter \u00dcbereinstimmung mit der Erbringung vertraglich vereinbarter Dienstleistungen bereitgestellt und genehmigt wurden. NEW TERRACOTTA sammelt keine personenbezogenen Daten und akzeptiert keine Informationsanfragen von Minderj\u00e4hrigen unter 16 Jahren[\/vc_column_text][vc_separator color=&#8220;black&#8220; border_width=&#8220;3&#8243;][vc_empty_space height=&#8220;30px&#8220;][\/vc_column_inner][\/vc_row_inner][vc_row_inner el_class=&#8220;we-believe-extra-texto susten-bl-1 susten-bl-2&#8243;][vc_column_inner el_class=&#8220;poliprivacy&#8220;][vc_column_text]<\/p>\n<h3>Wie wir Ihre Daten verwenden.<\/h3>\n<p>Kundendaten werden nur im Wesentlichen zur vertraglichen Erf\u00fcllung der Leistungserbringung und in \u00dcbereinstimmung mit den geltenden gesetzlichen Verpflichtungen verwendet und d\u00fcrfen nur im Rahmen dieser Leistungserbringung an Dritte weitergegeben werden, f\u00fcr deren ordnungsgem\u00e4\u00dfe Durchf\u00fchrung sie unerl\u00e4sslich sind Erf\u00fcllung derselben oder im Rahmen gesetzlicher Verpflichtungen.[\/vc_column_text][vc_separator color=&#8220;black&#8220; border_width=&#8220;3&#8243;][vc_empty_space height=&#8220;30px&#8220;][\/vc_column_inner][\/vc_row_inner][vc_row_inner el_class=&#8220;we-believe-extra-texto susten-bl-1 susten-bl-2&#8243;][vc_column_inner el_class=&#8220;poliprivacy&#8220;][vc_column_text]<\/p>\n<h3>Aufbewahrungsfrist f\u00fcr personenbezogene Daten.<\/h3>\n<p>Personenbezogene Daten werden nur f\u00fcr den Mindestzeitraum aufbewahrt, der f\u00fcr die vertraglichen und gesetzlichen Verpflichtungen erforderlich ist, die zu ihrer Erhebung gef\u00fchrt haben, und f\u00fcr die Erf\u00fcllung aller Verpflichtungen, die NEW TERRACOTTA innerhalb der gesetzlichen oder gerichtlichen Fristen f\u00fcr die Aufbewahrung dieser personenbezogenen Daten auferlegt werden.[\/vc_column_text][vc_separator color=&#8220;black&#8220; border_width=&#8220;3&#8243;][vc_empty_space height=&#8220;30px&#8220;][\/vc_column_inner][\/vc_row_inner][vc_row_inner el_class=&#8220;we-believe-extra-texto susten-bl-1 susten-bl-2&#8243;][vc_column_inner el_class=&#8220;poliprivacy&#8220;][vc_column_text]<\/p>\n<h3>Sicherheit personenbezogener Daten.<\/h3>\n<p>NEW TERRACOTTA ist um Ihre Sicherheit und Privatsph\u00e4re besorgt und befolgt daher technische und organisatorische Verfahren, die ein dem Risiko angemessenes Sicherheitsniveau gew\u00e4hrleisten, indem personenbezogene Daten gespeichert und w\u00e4hrend ihrer \u00dcbertragung deren Verwendung auf das unbedingt Notwendige und auf eine begrenzte Weise f\u00fcr die beschr\u00e4nkt werden Zweck, f\u00fcr den sie erhoben wurden.[\/vc_column_text][vc_separator color=&#8220;black&#8220; border_width=&#8220;3&#8243;][vc_empty_space height=&#8220;30px&#8220;][\/vc_column_inner][\/vc_row_inner][vc_row_inner el_class=&#8220;we-believe-extra-texto susten-bl-1 susten-bl-2&#8243;][vc_column_inner el_class=&#8220;poliprivacy&#8220;][vc_column_text]<\/p>\n<h3>Recht auf Auskunft und Berichtigung personenbezogener Daten.<\/h3>\n<p>Dem Inhaber personenbezogener Daten wird gem\u00e4\u00df den geltenden gesetzlichen Bestimmungen das Recht auf Widerspruch, Zugang, Berichtigung, Vergessen, Einschr\u00e4nkung der Behandlung sowie auf \u00dcbertragbarkeit seiner personenbezogenen Daten garantiert und gew\u00e4hrt. Die Aus\u00fcbung dieser Rechte muss an die E-Mail-Adresse info@newterracotta.com oder durch schriftliche Anfrage an den Hauptsitz im Polo Industrial de Vale de Borreg\u00e3o, 3450-097 Marmeleira &#8211; Mort\u00e1gua, beantragt werden.[\/vc_column_text][vc_separator color=&#8220;black&#8220; border_width=&#8220;3&#8243;][vc_empty_space height=&#8220;30px&#8220;][\/vc_column_inner][\/vc_row_inner][vc_row_inner el_class=&#8220;we-believe-extra-texto susten-bl-1 susten-bl-2&#8243;][vc_column_inner el_class=&#8220;poliprivacy&#8220;][vc_column_text]<\/p>\n<h3>Cookies und Links.<\/h3>\n<p>Die Website von NEW TERRACOTTA verwendet technische Session-Cookies, sie verwendet keine Analyse-Cookies, Werbe-Cookies, Personalisierungs-Cookies oder Verhaltens-Werbe-Cookies.<br \/>\nTechnische Cookies sind wesentliche Cookies, um alle Funktionen der Website durchsuchen und nutzen zu k\u00f6nnen. Sie sammeln keine Informationen, die eine Identifizierung des Benutzers erm\u00f6glichen. Ihre Deaktivierung kann die korrekte Anzeige der Inhalte der Website ver\u00e4ndern und sogar zu einer Einschr\u00e4nkung oder Unm\u00f6glichkeit der Anzeige f\u00fchren. Sitzungscookies sind technische Cookies mit der Funktion, Benutzerauswahlen beim Surfen auf der Website zu speichern. Sie werden gel\u00f6scht, sobald Sie den Browser verlassen. Sie beschr\u00e4nken sich ausschlie\u00dflich auf die \u00dcbermittlung von Sitzungskennungen, die f\u00fcr einen sicheren und effizienten Betrieb der Website erforderlich sind. Wir sind nicht verantwortlich f\u00fcr den Inhalt und die Richtigkeit von Bedingungen Dritter und Nutzungsbedingungen und Cookie-Datenschutzrichtlinien. Sie k\u00f6nnen Ihren Browser so konfigurieren, dass er keine Cookies akzeptiert, jedoch kann die Nichtaktivierung von Cookies dazu f\u00fchren, dass einige Funktionen der Website nicht korrekt ausgef\u00fchrt werden. Der Nutzer kann das Speichern von Cookies durch die Einstellungen in seinem Browser verhindern\/einschr\u00e4nken. Auf diese Weise k\u00f6nnen Sie auf die Konfigurationsoptionen f\u00fcr den Datenschutz zugreifen und die Option ausw\u00e4hlen, mit der Sie die automatische Annahme von Cookies deaktivieren k\u00f6nnen. Nachfolgend stellen wir Links zu Anweisungen zur Konfiguration von Cookies bereit f\u00fcr die verschiedenen Browser: Google Chrome\u2122, Microsoft Internet Explorer\u2122, Mozilla Firefox\u2122, Apple Safari\u2122, Opera\u2122, Microsoft Edge\u2122. Diese Website kann Links zu externen Websites enthalten. Wir empfehlen Ihnen, die Datenschutzrichtlinien dieser Websites zu konsultieren, da sich diese Datenschutzrichtlinie nur auf diese Website bezieht.[\/vc_column_text][vc_separator color=&#8220;black&#8220; border_width=&#8220;3&#8243;][vc_empty_space height=&#8220;30px&#8220;][\/vc_column_inner][\/vc_row_inner][vc_row_inner el_class=&#8220;we-believe-extra-texto susten-bl-1 susten-bl-2&#8243;][vc_column_inner el_class=&#8220;poliprivacy&#8220;][vc_column_text]<\/p>\n<h3>Aktualisierungen der Datenschutzrichtlinie.<\/h3>\n<p>Die aktualisierte Version unserer Datenschutzrichtlinie wird immer auf unserer Website verf\u00fcgbar sein. NEW TERRACOTTA beh\u00e4lt sich das Recht vor, diese Datenschutzrichtlinie jederzeit und ohne vorherige Ank\u00fcndigung zu \u00e4ndern.[\/vc_column_text][vc_separator color=&#8220;black&#8220; border_width=&#8220;3&#8243;][vc_empty_space height=&#8220;30px&#8220;][\/vc_column_inner][\/vc_row_inner][vc_row_inner el_class=&#8220;we-believe-extra-texto susten-bl-1 susten-bl-2&#8243;][vc_column_inner el_class=&#8220;poliprivacy&#8220;][vc_column_text]<\/p>\n<h3>Kontakte und Erl\u00e4uterungen.<\/h3>\n<p>Bei Zweifeln bez\u00fcglich der Verarbeitung personenbezogener Daten wenden Sie sich bitte an den Hauptsitz in Polo Industrial de Vale de Borreg\u00e3o, 3450-097 Marmeleira &#8211; Mort\u00e1gua, oder alternativ telefonisch unter +351 214 681 626 oder per E-Mail: info@ newterracotta .com[\/vc_column_text][vc_separator color=&#8220;black&#8220; border_width=&#8220;3&#8243;][vc_empty_space height=&#8220;150px&#8220;][\/vc_column_inner][\/vc_row_inner][\/vc_column][\/vc_row][vc_row full_width=&#8220;stretch_row&#8220; gap=&#8220;&#8220; el_class=&#8220;lets-talk-bloco&#8220; css=&#8220;.vc_custom_1660062966586{margin-bottom: 0px !important;}&#8220;][vc_column width=&#8220;2\/3&#8243;][vc_custom_heading text=&#8220;Brauchen Sie einen Rat?&#8220;][vc_custom_heading text=&#8220;Wir sind hier, um Ihnen zu helfen!&#8220; font_container=&#8220;tag:h3|text_align:left&#8220;][\/vc_column][vc_column width=&#8220;1\/3&#8243;][vc_column_text el_class=&#8220;letsLets&#8220;]<\/p>\n<h5 style=\"text-align: center;\"><a href=\"http:\/\/newterracotta.com\/contact-2\/\">Lass uns reden.<\/a><\/h5>\n<p>[\/vc_column_text][\/vc_column][\/vc_row]<\/p>\n","protected":false},"excerpt":{"rendered":"<p>[vc_row full_width=&#8220;stretch_row&#8220; gap=&#8220;&#8220; css=&#8220;.vc_custom_1664289473949{margin-bottom: 0px !important;background-image: url(https:\/\/newterracotta.com\/wp-content\/uploads\/2022\/09\/NWT-About-Sustainability.jpg?id=54099) !important;}&#8220; el_class=&#8220;fundoDestaqueImg susDestaque&#8220;][vc_column][vc_row_inner][vc_column_inner][vc_column_text el_class=&#8220;cxDestaque cxBranca&#8220;] Datenschutz-Bestimmungen Dies ist unsere Datenschutzrichtlinie und wie wir Ihre Daten bei Newterracota behandeln. [\/vc_column_text][\/vc_column_inner][\/vc_row_inner][\/vc_column][\/vc_row][vc_row full_width=&#8220;stretch_row_content_no_spaces&#8220; gap=&#8220;&#8220; css=&#8220;.vc_custom_1661523583485{margin-bottom: 0px [&hellip;]<\/p>\n","protected":false},"author":1,"featured_media":0,"parent":0,"menu_order":0,"comment_status":"closed","ping_status":"closed","template":"","meta":{"_monsterinsights_skip_tracking":false,"_monsterinsights_sitenote_active":false,"_monsterinsights_sitenote_note":"","_monsterinsights_sitenote_category":0},"yoast_head":"<!-- This site is optimized with the Yoast SEO plugin v20.6 - https:\/\/yoast.com\/wordpress\/plugins\/seo\/ -->\n<title>Privacy Policy - New Terracotta<\/title>\n<meta name=\"robots\" content=\"index, follow, max-snippet:-1, max-image-preview:large, max-video-preview:-1\" \/>\n<link rel=\"canonical\" href=\"https:\/\/newterracotta.com\/de\/privacy-policy\/\" \/>\n<meta property=\"og:locale\" content=\"de_DE\" \/>\n<meta property=\"og:type\" content=\"article\" \/>\n<meta property=\"og:title\" content=\"Privacy Policy - New Terracotta\" \/>\n<meta property=\"og:description\" content=\"[vc_row full_width=&#8220;stretch_row&#8220; gap=&#8220;&#8220; css=&#8220;.vc_custom_1664289473949{margin-bottom: 0px !important;background-image: url(https:\/\/newterracotta.com\/wp-content\/uploads\/2022\/09\/NWT-About-Sustainability.jpg?id=54099) !important;}&#8220; el_class=&#8220;fundoDestaqueImg susDestaque&#8220;][vc_column][vc_row_inner][vc_column_inner][vc_column_text el_class=&#8220;cxDestaque cxBranca&#8220;] Datenschutz-Bestimmungen Dies ist unsere Datenschutzrichtlinie und wie wir Ihre Daten bei Newterracota behandeln. [\/vc_column_text][\/vc_column_inner][\/vc_row_inner][\/vc_column][\/vc_row][vc_row full_width=&#8220;stretch_row_content_no_spaces&#8220; gap=&#8220;&#8220; css=&#8220;.vc_custom_1661523583485{margin-bottom: 0px [&hellip;]\" \/>\n<meta property=\"og:url\" content=\"https:\/\/newterracotta.com\/de\/privacy-policy\/\" \/>\n<meta property=\"og:site_name\" content=\"New Terracotta\" \/>\n<meta property=\"article:modified_time\" content=\"2024-02-02T17:42:20+00:00\" \/>\n<meta name=\"twitter:card\" content=\"summary_large_image\" \/>\n<meta name=\"twitter:label1\" content=\"Gesch\u00e4tzte Lesezeit\" \/>\n\t<meta name=\"twitter:data1\" content=\"4\u00a0Minuten\" \/>\n<script type=\"application\/ld+json\" class=\"yoast-schema-graph\">{\"@context\":\"https:\/\/schema.org\",\"@graph\":[{\"@type\":\"WebPage\",\"@id\":\"https:\/\/newterracotta.com\/de\/privacy-policy\/\",\"url\":\"https:\/\/newterracotta.com\/de\/privacy-policy\/\",\"name\":\"Privacy Policy - New Terracotta\",\"isPartOf\":{\"@id\":\"https:\/\/newterracotta.com\/#website\"},\"datePublished\":\"2019-08-19T22:12:32+00:00\",\"dateModified\":\"2024-02-02T17:42:20+00:00\",\"inLanguage\":\"de\",\"potentialAction\":[{\"@type\":\"ReadAction\",\"target\":[\"https:\/\/newterracotta.com\/de\/privacy-policy\/\"]}]},{\"@type\":\"WebSite\",\"@id\":\"https:\/\/newterracotta.com\/#website\",\"url\":\"https:\/\/newterracotta.com\/\",\"name\":\"New Terracotta\",\"description\":\"Portuguese Handmade\",\"potentialAction\":[{\"@type\":\"SearchAction\",\"target\":{\"@type\":\"EntryPoint\",\"urlTemplate\":\"https:\/\/newterracotta.com\/?s={search_term_string}\"},\"query-input\":\"required name=search_term_string\"}],\"inLanguage\":\"de\"}]}<\/script>\n<!-- \/ Yoast SEO plugin. -->","yoast_head_json":{"title":"Privacy Policy - New Terracotta","robots":{"index":"index","follow":"follow","max-snippet":"max-snippet:-1","max-image-preview":"max-image-preview:large","max-video-preview":"max-video-preview:-1"},"canonical":"https:\/\/newterracotta.com\/de\/privacy-policy\/","og_locale":"de_DE","og_type":"article","og_title":"Privacy Policy - New Terracotta","og_description":"[vc_row full_width=&#8220;stretch_row&#8220; gap=&#8220;&#8220; css=&#8220;.vc_custom_1664289473949{margin-bottom: 0px !important;background-image: url(https:\/\/newterracotta.com\/wp-content\/uploads\/2022\/09\/NWT-About-Sustainability.jpg?id=54099) !important;}&#8220; el_class=&#8220;fundoDestaqueImg susDestaque&#8220;][vc_column][vc_row_inner][vc_column_inner][vc_column_text el_class=&#8220;cxDestaque cxBranca&#8220;] Datenschutz-Bestimmungen Dies ist unsere Datenschutzrichtlinie und wie wir Ihre Daten bei Newterracota behandeln. [\/vc_column_text][\/vc_column_inner][\/vc_row_inner][\/vc_column][\/vc_row][vc_row full_width=&#8220;stretch_row_content_no_spaces&#8220; gap=&#8220;&#8220; css=&#8220;.vc_custom_1661523583485{margin-bottom: 0px [&hellip;]","og_url":"https:\/\/newterracotta.com\/de\/privacy-policy\/","og_site_name":"New Terracotta","article_modified_time":"2024-02-02T17:42:20+00:00","twitter_card":"summary_large_image","twitter_misc":{"Gesch\u00e4tzte Lesezeit":"4\u00a0Minuten"},"schema":{"@context":"https:\/\/schema.org","@graph":[{"@type":"WebPage","@id":"https:\/\/newterracotta.com\/de\/privacy-policy\/","url":"https:\/\/newterracotta.com\/de\/privacy-policy\/","name":"Privacy Policy - New Terracotta","isPartOf":{"@id":"https:\/\/newterracotta.com\/#website"},"datePublished":"2019-08-19T22:12:32+00:00","dateModified":"2024-02-02T17:42:20+00:00","inLanguage":"de","potentialAction":[{"@type":"ReadAction","target":["https:\/\/newterracotta.com\/de\/privacy-policy\/"]}]},{"@type":"WebSite","@id":"https:\/\/newterracotta.com\/#website","url":"https:\/\/newterracotta.com\/","name":"New Terracotta","description":"Portuguese Handmade","potentialAction":[{"@type":"SearchAction","target":{"@type":"EntryPoint","urlTemplate":"https:\/\/newterracotta.com\/?s={search_term_string}"},"query-input":"required name=search_term_string"}],"inLanguage":"de"}]}},"_links":{"self":[{"href":"https:\/\/newterracotta.com\/de\/wp-json\/wp\/v2\/pages\/11802"}],"collection":[{"href":"https:\/\/newterracotta.com\/de\/wp-json\/wp\/v2\/pages"}],"about":[{"href":"https:\/\/newterracotta.com\/de\/wp-json\/wp\/v2\/types\/page"}],"author":[{"embeddable":true,"href":"https:\/\/newterracotta.com\/de\/wp-json\/wp\/v2\/users\/1"}],"replies":[{"embeddable":true,"href":"https:\/\/newterracotta.com\/de\/wp-json\/wp\/v2\/comments?post=11802"}],"version-history":[{"count":11,"href":"https:\/\/newterracotta.com\/de\/wp-json\/wp\/v2\/pages\/11802\/revisions"}],"predecessor-version":[{"id":63174,"href":"https:\/\/newterracotta.com\/de\/wp-json\/wp\/v2\/pages\/11802\/revisions\/63174"}],"wp:attachment":[{"href":"https:\/\/newterracotta.com\/de\/wp-json\/wp\/v2\/media?parent=11802"}],"curies":[{"name":"wp","href":"https:\/\/api.w.org\/{rel}","templated":true}]}}