{"id":11832,"date":"2019-08-19T22:15:44","date_gmt":"2019-08-19T22:15:44","guid":{"rendered":"http:\/\/newterracotta.com\/?page_id=11832"},"modified":"2023-01-14T10:47:53","modified_gmt":"2023-01-14T10:47:53","slug":"about-portuguese-legacy","status":"publish","type":"page","link":"https:\/\/newterracotta.com\/de\/about-portuguese-legacy\/","title":{"rendered":"Das studio"},"content":{"rendered":"<p>[vc_row full_width=&#8220;stretch_row&#8220; gap=&#8220;&#8220; css=&#8220;.vc_custom_1664289528915{margin-bottom: 0px !important;background-image: url(https:\/\/newterracotta.com\/wp-content\/uploads\/2022\/08\/NWT-About-The-Studio.jpg?id=43777) !important;background-position: center !important;background-repeat: no-repeat !important;background-size: cover !important;}&#8220; el_class=&#8220;fundoDestaqueImg&#8220;][vc_column][vc_row_inner][vc_column_inner][vc_column_text el_class=&#8220;cxDestaque cxBranca&#8220;]<\/p>\n<h1>Das Studio<\/h1>\n<h3>Spektakul\u00e4re Zusammenarbeit<\/h3>\n<p><strong>\u00a0<\/strong>[\/vc_column_text][\/vc_column_inner][\/vc_row_inner][\/vc_column][\/vc_row][vc_row full_width=&#8220;stretch_row_content_no_spaces&#8220; gap=&#8220;&#8220; css=&#8220;.vc_custom_1661527109970{margin-bottom: 0px !important;padding-right: 8% !important;padding-left: 8% !important;background-position: center !important;background-repeat: no-repeat !important;background-size: cover !important;}&#8220;][vc_column][vc_row_inner el_class=&#8220;we-believe-extra-texto susten-bl-1 susten-bl-3&#8243;][vc_column_inner][vc_empty_space height=&#8220;100px&#8220;][vc_column_text]<\/p>\n<h2 class=\"desc-titulo-cor\"><strong><b>Das Spiel mit Ton und Glasuren<\/b><\/strong> verschafft uns Raum, um Risiken einzugehen, uns die H\u00e4nde schmutzig zu machen, neue Ideen zu erkunden und uns Tr\u00e4umen zu lassen.Unser Ansatz basiert auf echter Zusammenarbeit und experimentellem Schaffen, und es bereitet uns Freude, mit anderen zusammenzuarbeiten. Design-Talenten dabei zu helfen, ihre Potenziale zum Ausdruck zu bringen, macht uns gl\u00fccklich.<\/h2>\n<p>&nbsp;<\/p>\n<h2 class=\"desc-titulo-cor\">Unser Team aus Keramikexperten und erfahrenen Handwerkern erm\u00f6glicht uns, mit f\u00fchrenden K\u00fcnstlern, Designern und Architekten bei ihren spektakul\u00e4ren Projekten zusammenzuarbeiten.<\/h2>\n<p>[\/vc_column_text][vc_empty_space height=&#8220;100px&#8220;][\/vc_column_inner][\/vc_row_inner][\/vc_column][\/vc_row][vc_row full_width=&#8220;stretch_row_content&#8220; gap=&#8220;&#8220; el_class=&#8220;studio-mansory&#8220;][vc_column][vc_row_inner][vc_column_inner][vc_raw_html]JTNDaW1nJTIwY2xhc3MlM0QlMjJhbGlnbm5vbmUlMjBzaXplLWZ1bGwlMjB3cC1pbWFnZS00MzY3NSUyMiUyMHNyYyUzRCUyMmh0dHBzJTNBJTJGJTJGbmV3dGVycmFjb3R0YS5jb20lMkZ3cC1jb250ZW50JTJGdXBsb2FkcyUyRjIwMjIlMkYwOCUyRk5XVC1BYm91dC1UaGUtU3R1ZGlvLUhhbmQtQ3V0LVRpbGUtRnJhbWUuanBnJTIyJTIwYWx0JTNEJTIyJTIyJTIwd2lkdGglM0QlMjI3MTAlMjIlMjBoZWlnaHQlM0QlMjIxMDAwJTIyJTIwJTJGJTNFJTBBJTNDaW1nJTIwY2xhc3MlM0QlMjJhbGlnbm5vbmUlMjBzaXplLWZ1bGwlMjB3cC1pbWFnZS00MzY4NyUyMiUyMHNyYyUzRCUyMmh0dHBzJTNBJTJGJTJGbmV3dGVycmFjb3R0YS5jb20lMkZ3cC1jb250ZW50JTJGdXBsb2FkcyUyRjIwMjIlMkYwOCUyRk5XVC1BYm91dC1UaGUtU3R1ZGlvLUhhbmRtYWRlLVRpbGVzLmpwZyUyMiUyMGFsdCUzRCUyMiUyMiUyMHdpZHRoJTNEJTIyMTUwMCUyMiUyMGhlaWdodCUzRCUyMjEwMDAlMjIlMjAlMkYlM0UlMEElM0NpbWclMjBjbGFzcyUzRCUyMmFsaWdubm9uZSUyMHNpemUtZnVsbCUyMHdwLWltYWdlLTQzNzcxJTIyJTIwc3JjJTNEJTIyaHR0cHMlM0ElMkYlMkZuZXd0ZXJyYWNvdHRhLmNvbSUyRndwLWNvbnRlbnQlMkZ1cGxvYWRzJTJGMjAyMiUyRjA4JTJGTldULUFib3V0LVRoZS1TdHVkaW8tU21pbmstU3R1ZGlvLURlc2lnbmVyLVRpbGVzLmpwZyUyMiUyMGFsdCUzRCUyMiUyMiUyMHdpZHRoJTNEJTIyMTUwMCUyMiUyMGhlaWdodCUzRCUyMjEwMDAlMjIlMjAlMkYlM0UlMEElM0NpbWclMjBjbGFzcyUzRCUyMmFsaWdubm9uZSUyMHNpemUtZnVsbCUyMHdwLWltYWdlLTQzNjQ1JTIyJTIwc3JjJTNEJTIyaHR0cHMlM0ElMkYlMkZuZXd0ZXJyYWNvdHRhLmNvbSUyRndwLWNvbnRlbnQlMkZ1cGxvYWRzJTJGMjAyMiUyRjA4JTJGTldULUFib3V0LVRoZS1TdHVkaW8tQWZ0ZXItSmFja2llLUhhbmQtUGFpbnRlZC1UaWxlLVBhbmVsLmpwZyUyMiUyMGFsdCUzRCUyMiUyMiUyMHdpZHRoJTNEJTIyMTUwMCUyMiUyMGhlaWdodCUzRCUyMjEwMDAlMjIlMjAlMkYlM0UlMEElM0NpbWclMjBjbGFzcyUzRCUyMmFsaWdubm9uZSUyMHNpemUtZnVsbCUyMHdwLWltYWdlLTQzNjU3JTIyJTIwc3JjJTNEJTIyaHR0cHMlM0ElMkYlMkZuZXd0ZXJyYWNvdHRhLmNvbSUyRndwLWNvbnRlbnQlMkZ1cGxvYWRzJTJGMjAyMiUyRjA4JTJGTldULUFib3V0LVRoZS1TdHVkaW8tQ29sb3VyLUFsY2hpbWlzdHMuanBnJTIyJTIwYWx0JTNEJTIyJTIyJTIwd2lkdGglM0QlMjIxNTAwJTIyJTIwaGVpZ2h0JTNEJTIyMTAwMCUyMiUyMCUyRiUzRSUwQSUzQ2ltZyUyMGNsYXNzJTNEJTIyYWxpZ25ub25lJTIwc2l6ZS1mdWxsJTIwd3AtaW1hZ2UtNDM2ODElMjIlMjBzcmMlM0QlMjJodHRwcyUzQSUyRiUyRm5ld3RlcnJhY290dGEuY29tJTJGd3AtY29udGVudCUyRnVwbG9hZHMlMkYyMDIyJTJGMDglMkZOV1QtQWJvdXQtVGhlLVN0dWRpby1IYW5kLVNjcmVlbi1QcmludGVkLVRpbGVzLmpwZyUyMiUyMGFsdCUzRCUyMiUyMiUyMHdpZHRoJTNEJTIyNzEwJTIyJTIwaGVpZ2h0JTNEJTIyMTAwMCUyMiUyMCUyRiUzRQ==[\/vc_raw_html][\/vc_column_inner][\/vc_row_inner][vc_empty_space height=&#8220;20px&#8220;][vc_gallery interval=&#8220;0&#8243; images=&#8220;55419,55425,55431,55437,55443,55449,55455,55461,55467,55473,55479&#8243; img_size=&#8220;full&#8220; el_class=&#8220;fullSlide&#8220;][\/vc_column][\/vc_row][vc_row full_width=&#8220;stretch_row_content_no_spaces&#8220; gap=&#8220;&#8220; css=&#8220;.vc_custom_1661527109970{margin-bottom: 0px !important;padding-right: 8% !important;padding-left: 8% !important;background-position: center !important;background-repeat: no-repeat !important;background-size: cover !important;}&#8220;][vc_column][vc_row_inner el_class=&#8220;we-believe-extra-texto susten-bl-1 susten-bl-3 studio-1&#8243;][vc_column_inner][vc_empty_space height=&#8220;100px&#8220;][vc_column_text]<\/p>\n<h2 class=\"desc-titulo-cor\">Zuh\u00f6ren und Lernen. Zun\u00e4chst h\u00f6ren wir uns die kreativeVision unseres Kunden an und nehmen uns die Zeit, seine grundlegenden Bed\u00fcrfnisse und W\u00fcnsche zu verstehen, wir versuchen aber auch, die Grenzen seiner Vorstellungskraft durch unsere Kenntnis des M\u00f6glichen zu erweitern.<\/h2>\n<p>Konzept &gt; Dialog &gt; Tests und Freigaben &gt; Produktion &gt; Lieferung und Verlegung[\/vc_column_text][vc_empty_space height=&#8220;100px&#8220;][\/vc_column_inner][\/vc_row_inner][\/vc_column][\/vc_row][vc_row full_width=&#8220;stretch_row_content_no_spaces&#8220; gap=&#8220;&#8220; css=&#8220;.vc_custom_1662109937357{padding-right: 12% !important;padding-left: 12% !important;background-color: #faefec !important;}&#8220; el_class=&#8220;bl-rosa-studio&#8220;][vc_column][vc_empty_space height=&#8220;100px&#8220;][vc_row_inner el_class=&#8220;we-believe-extra-texto susten-bl-1 susten-bl-3 susten-bl-6 studio-2&#8243;][vc_column_inner width=&#8220;2\/3&#8243; css=&#8220;.vc_custom_1661527647292{padding-right: 10% !important;}&#8220;][vc_column_text]<\/p>\n<h3>Historische Restaurierung.<\/h3>\n<p>New Terracotta verf\u00fcgt \u00fcber betr\u00e4chtliches<br \/>\nFachwissen und Erfahrung mit Fliesen in<br \/>\ndenkmalgesch\u00fctzten Geb\u00e4uden.<br \/>\nWir liefern ma\u00dfgefertigte Fliesen an Pal\u00e4ste,<br \/>\nDenkm\u00e4ler, Kirchen und Privatwohnungen,<br \/>\nf\u00fcr Projekte, bei denen sehr spezifische Anforderungen<br \/>\nbei Qualit\u00e4t, Aussehen und Abmessungen an uns<br \/>\ngestellt werden.[\/vc_column_text][\/vc_column_inner][vc_column_inner width=&#8220;1\/3&#8243;][vc_single_image image=&#8220;43697&#8243; img_size=&#8220;full&#8220;][\/vc_column_inner][\/vc_row_inner][vc_empty_space height=&#8220;100px&#8220;][vc_row_inner el_class=&#8220;we-believe-extra-texto susten-bl-1 susten-bl-3 susten-bl-6 studio-2&#8243;][vc_column_inner width=&#8220;2\/3&#8243; css=&#8220;.vc_custom_1661527647292{padding-right: 10% !important;}&#8220;][vc_column_text]<\/p>\n<h3>Handbemalte Auftragswerke<br \/>\nnach Ma\u00df<\/h3>\n<p>Ob Sie eines unserer vorhandenen Designs anpassen oder mit<br \/>\nuns an einem von Grund auf ma\u00dfgefertigten Werk arbeiten wollen,<br \/>\nunsere Experten begleiten Sie gerne durch diesen aufregenden Prozess.<\/p>\n<p>Mit einer Vielzahl von Maltechniken werden Glasuren<br \/>\naufgetragen, die beim Brennen atemberaubende Einzelst\u00fccke<br \/>\naus Keramik mit gewaltiger Farbtiefe und einzigartigem Charakter bilden.<\/p>\n<p>[\/vc_column_text][\/vc_column_inner][vc_column_inner width=&#8220;1\/3&#8243;][vc_single_image image=&#8220;43655&#8243; img_size=&#8220;full&#8220;][\/vc_column_inner][\/vc_row_inner][vc_empty_space height=&#8220;100px&#8220;][vc_row_inner el_class=&#8220;we-believe-extra-texto susten-bl-1 susten-bl-3 susten-bl-6 studio-2&#8243;][vc_column_inner width=&#8220;2\/3&#8243; css=&#8220;.vc_custom_1661527647292{padding-right: 10% !important;}&#8220;][vc_column_text]<\/p>\n<h3>Zeitgen\u00f6ssische Tonobjekte<br \/>\nnach Ma\u00df<\/h3>\n<p>Ton gibt uns die Freiheit, etwas Starkes,<br \/>\nUrspr\u00fcngliches, \u00dcbertriebenes zu schaffen.<br \/>\nEr erlaubt uns, Dinge aufeinander zu stapeln,<br \/>\nauseinander zu brechen und Fehler zu machen.<\/p>\n<p>Mit modernen Werkzeugen, feinf\u00fchligen<br \/>\nH\u00e4nden und dem Talent der K\u00fcnstler kreieren<br \/>\nwir nach Ma\u00df dreidimensionale Oberfl\u00e4chen und<br \/>\nzeitgen\u00f6ssische volumetrische Skulpturen.<\/p>\n<p>[\/vc_column_text][\/vc_column_inner][vc_column_inner width=&#8220;1\/3&#8243;][vc_single_image image=&#8220;43667&#8243; img_size=&#8220;full&#8220;][\/vc_column_inner][\/vc_row_inner][vc_empty_space height=&#8220;100px&#8220;][\/vc_column][\/vc_row][vc_row full_width=&#8220;stretch_row_content_no_spaces&#8220; gap=&#8220;&#8220; css=&#8220;.vc_custom_1661525038188{margin-bottom: 0px !important;padding-right: 14% !important;padding-left: 14% !important;background-position: center !important;background-repeat: no-repeat !important;background-size: cover !important;}&#8220;][vc_column][vc_row_inner el_class=&#8220;we-believe-extra-texto susten-bl-1 susten-bl-3&#8243;][vc_column_inner][vc_empty_space height=&#8220;100px&#8220;][vc_column_text css=&#8220;.vc_custom_1664791039899{padding-right: 10% !important;}&#8220; el_class=&#8220;fica-muito-grande&#8220;]<\/p>\n<h2 class=\"desc-titulo-cor\"><strong><b>Ton, Glasuren, H\u00e4nde und Feuer \u2013 das ist alles, was man braucht. Und all das haben wir.<\/b><\/strong><\/h2>\n<p>[\/vc_column_text][vc_empty_space height=&#8220;100px&#8220;][vc_single_image image=&#8220;43673&#8243; img_size=&#8220;full&#8220;][vc_empty_space height=&#8220;100px&#8220;][\/vc_column_inner][\/vc_row_inner][\/vc_column][\/vc_row][vc_row full_width=&#8220;stretch_row&#8220; gap=&#8220;&#8220; el_class=&#8220;lets-talk-bloco&#8220; css=&#8220;.vc_custom_1660062966586{margin-bottom: 0px !important;}&#8220;][vc_column width=&#8220;2\/3&#8243;][vc_custom_heading text=&#8220;Haben Sie ein Projekt im Sinn? &#8222;][vc_custom_heading text=&#8220;Wir freuen uns, von Ihnen zu h\u00f6ren! &#8220; font_container=&#8220;tag:h3|text_align:left&#8220;][\/vc_column][vc_column width=&#8220;1\/3&#8243;][vc_column_text el_class=&#8220;letsLets&#8220;]<\/p>\n<h5 style=\"text-align: center;\"><a href=\"http:\/\/newterracotta.com\/contact-2\/\">\u00a0Reden wir dar\u00fcber.\u00a0<\/a><\/h5>\n<p>[\/vc_column_text][\/vc_column][\/vc_row]<\/p>\n","protected":false},"excerpt":{"rendered":"<p>[vc_row full_width=&#8220;stretch_row&#8220; gap=&#8220;&#8220; css=&#8220;.vc_custom_1664289528915{margin-bottom: 0px !important;background-image: url(https:\/\/newterracotta.com\/wp-content\/uploads\/2022\/08\/NWT-About-The-Studio.jpg?id=43777) !important;background-position: center !important;background-repeat: no-repeat !important;background-size: cover !important;}&#8220; el_class=&#8220;fundoDestaqueImg&#8220;][vc_column][vc_row_inner][vc_column_inner][vc_column_text el_class=&#8220;cxDestaque cxBranca&#8220;] Das Studio Spektakul\u00e4re Zusammenarbeit \u00a0[\/vc_column_text][\/vc_column_inner][\/vc_row_inner][\/vc_column][\/vc_row][vc_row full_width=&#8220;stretch_row_content_no_spaces&#8220; gap=&#8220;&#8220; css=&#8220;.vc_custom_1661527109970{margin-bottom: 0px !important;padding-right: 8% !important;padding-left: 8% [&hellip;]<\/p>\n","protected":false},"author":1,"featured_media":0,"parent":0,"menu_order":0,"comment_status":"closed","ping_status":"closed","template":"","meta":{"_monsterinsights_skip_tracking":false,"_monsterinsights_sitenote_active":false,"_monsterinsights_sitenote_note":"","_monsterinsights_sitenote_category":0},"yoast_head":"<!-- This site is optimized with the Yoast SEO plugin v20.6 - https:\/\/yoast.com\/wordpress\/plugins\/seo\/ -->\n<title>Das studio - New Terracotta<\/title>\n<meta name=\"description\" content=\"Tradition. History. Heritage. Culture.The AZULEJO is a characteristic element of Portuguese culture, revealing some of its deepest\" \/>\n<meta name=\"robots\" content=\"index, follow, max-snippet:-1, max-image-preview:large, max-video-preview:-1\" \/>\n<link rel=\"canonical\" href=\"https:\/\/newterracotta.com\/de\/about-portuguese-legacy\/\" \/>\n<meta property=\"og:locale\" content=\"de_DE\" \/>\n<meta property=\"og:type\" content=\"article\" \/>\n<meta property=\"og:title\" content=\"Das studio - New Terracotta\" \/>\n<meta property=\"og:description\" content=\"Tradition. History. Heritage. Culture.The AZULEJO is a characteristic element of Portuguese culture, revealing some of its deepest\" \/>\n<meta property=\"og:url\" content=\"https:\/\/newterracotta.com\/de\/about-portuguese-legacy\/\" \/>\n<meta property=\"og:site_name\" content=\"New Terracotta\" \/>\n<meta property=\"article:modified_time\" content=\"2023-01-14T10:47:53+00:00\" \/>\n<meta name=\"twitter:card\" content=\"summary_large_image\" \/>\n<meta name=\"twitter:label1\" content=\"Gesch\u00e4tzte Lesezeit\" \/>\n\t<meta name=\"twitter:data1\" content=\"3\u00a0Minuten\" \/>\n<script type=\"application\/ld+json\" class=\"yoast-schema-graph\">{\"@context\":\"https:\/\/schema.org\",\"@graph\":[{\"@type\":\"WebPage\",\"@id\":\"https:\/\/newterracotta.com\/de\/about-portuguese-legacy\/\",\"url\":\"https:\/\/newterracotta.com\/de\/about-portuguese-legacy\/\",\"name\":\"Das studio - New Terracotta\",\"isPartOf\":{\"@id\":\"https:\/\/newterracotta.com\/#website\"},\"datePublished\":\"2019-08-19T22:15:44+00:00\",\"dateModified\":\"2023-01-14T10:47:53+00:00\",\"description\":\"Tradition. History. Heritage. Culture.The AZULEJO is a characteristic element of Portuguese culture, revealing some of its deepest\",\"inLanguage\":\"de\",\"potentialAction\":[{\"@type\":\"ReadAction\",\"target\":[\"https:\/\/newterracotta.com\/de\/about-portuguese-legacy\/\"]}]},{\"@type\":\"WebSite\",\"@id\":\"https:\/\/newterracotta.com\/#website\",\"url\":\"https:\/\/newterracotta.com\/\",\"name\":\"New Terracotta\",\"description\":\"Portuguese Handmade\",\"potentialAction\":[{\"@type\":\"SearchAction\",\"target\":{\"@type\":\"EntryPoint\",\"urlTemplate\":\"https:\/\/newterracotta.com\/?s={search_term_string}\"},\"query-input\":\"required name=search_term_string\"}],\"inLanguage\":\"de\"}]}<\/script>\n<!-- \/ Yoast SEO plugin. -->","yoast_head_json":{"title":"Das studio - New Terracotta","description":"Tradition. History. Heritage. Culture.The AZULEJO is a characteristic element of Portuguese culture, revealing some of its deepest","robots":{"index":"index","follow":"follow","max-snippet":"max-snippet:-1","max-image-preview":"max-image-preview:large","max-video-preview":"max-video-preview:-1"},"canonical":"https:\/\/newterracotta.com\/de\/about-portuguese-legacy\/","og_locale":"de_DE","og_type":"article","og_title":"Das studio - New Terracotta","og_description":"Tradition. History. Heritage. Culture.The AZULEJO is a characteristic element of Portuguese culture, revealing some of its deepest","og_url":"https:\/\/newterracotta.com\/de\/about-portuguese-legacy\/","og_site_name":"New Terracotta","article_modified_time":"2023-01-14T10:47:53+00:00","twitter_card":"summary_large_image","twitter_misc":{"Gesch\u00e4tzte Lesezeit":"3\u00a0Minuten"},"schema":{"@context":"https:\/\/schema.org","@graph":[{"@type":"WebPage","@id":"https:\/\/newterracotta.com\/de\/about-portuguese-legacy\/","url":"https:\/\/newterracotta.com\/de\/about-portuguese-legacy\/","name":"Das studio - New Terracotta","isPartOf":{"@id":"https:\/\/newterracotta.com\/#website"},"datePublished":"2019-08-19T22:15:44+00:00","dateModified":"2023-01-14T10:47:53+00:00","description":"Tradition. History. Heritage. Culture.The AZULEJO is a characteristic element of Portuguese culture, revealing some of its deepest","inLanguage":"de","potentialAction":[{"@type":"ReadAction","target":["https:\/\/newterracotta.com\/de\/about-portuguese-legacy\/"]}]},{"@type":"WebSite","@id":"https:\/\/newterracotta.com\/#website","url":"https:\/\/newterracotta.com\/","name":"New Terracotta","description":"Portuguese Handmade","potentialAction":[{"@type":"SearchAction","target":{"@type":"EntryPoint","urlTemplate":"https:\/\/newterracotta.com\/?s={search_term_string}"},"query-input":"required name=search_term_string"}],"inLanguage":"de"}]}},"_links":{"self":[{"href":"https:\/\/newterracotta.com\/de\/wp-json\/wp\/v2\/pages\/11832"}],"collection":[{"href":"https:\/\/newterracotta.com\/de\/wp-json\/wp\/v2\/pages"}],"about":[{"href":"https:\/\/newterracotta.com\/de\/wp-json\/wp\/v2\/types\/page"}],"author":[{"embeddable":true,"href":"https:\/\/newterracotta.com\/de\/wp-json\/wp\/v2\/users\/1"}],"replies":[{"embeddable":true,"href":"https:\/\/newterracotta.com\/de\/wp-json\/wp\/v2\/comments?post=11832"}],"version-history":[{"count":11,"href":"https:\/\/newterracotta.com\/de\/wp-json\/wp\/v2\/pages\/11832\/revisions"}],"predecessor-version":[{"id":63055,"href":"https:\/\/newterracotta.com\/de\/wp-json\/wp\/v2\/pages\/11832\/revisions\/63055"}],"wp:attachment":[{"href":"https:\/\/newterracotta.com\/de\/wp-json\/wp\/v2\/media?parent=11832"}],"curies":[{"name":"wp","href":"https:\/\/api.w.org\/{rel}","templated":true}]}}