{"id":29007,"date":"2020-05-12T14:08:56","date_gmt":"2020-05-12T14:08:56","guid":{"rendered":"https:\/\/newterracotta.com\/?page_id=29007"},"modified":"2022-10-06T15:10:01","modified_gmt":"2022-10-06T15:10:01","slug":"im-atelier","status":"publish","type":"page","link":"https:\/\/newterracotta.com\/de\/im-atelier\/","title":{"rendered":"Ma\u1e9eanfertigungen"},"content":{"rendered":"<p>[vc_row full_width=&#8220;stretch_row&#8220; gap=&#8220;&#8220; css=&#8220;.vc_custom_1664319965004{background-image: url(https:\/\/newterracotta.com\/wp-content\/uploads\/2022\/08\/slider_bespoke_newterracotta.png?id=42726) !important;background-position: center !important;background-repeat: no-repeat !important;background-size: cover !important;}&#8220; el_class=&#8220;fundoDestaqueImg&#8220;][vc_column][vc_row_inner][vc_column_inner][vc_column_text el_class=&#8220;cxDestaque cxBranca&#8220;]<\/p>\n<h1><strong>Ma\u1e9eanfertigungen<\/strong><\/h1>\n<h3><strong>Kundenspezifische Projekte<\/strong><\/h3>\n<p>[\/vc_column_text][\/vc_column_inner][\/vc_row_inner][\/vc_column][\/vc_row][vc_row full_width=&#8220;stretch_row_content_no_spaces&#8220; gap=&#8220;&#8220; el_class=&#8220;section-2-bespoke grelha-bespoke&#8220; css=&#8220;.vc_custom_1662113726521{padding-right: 8% !important;padding-left: 8% !important;}&#8220;][vc_column][vc_empty_space height=&#8220;100px&#8220;][vc_row_inner el_class=&#8220;.we-believe-extra-texto bes-tamanho&#8220;][vc_column_inner][vc_column_text]<\/p>\n<h3><strong>Farben, Formen und Texturen nach Ma\u00df.<\/strong><\/h3>\n<p>Wir ermutigen unsere Kunden, ihre eigene Kreativit\u00e4t auszusch\u00f6pfen und uns ein einzigartiges Werk in Auftrag zu geben, das vollkommen auf ihren pers\u00f6nlichen Stil zugeschnitten ist.[\/vc_column_text][vc_separator color=&#8220;black&#8220; align=&#8220;align_left&#8220; border_width=&#8220;4&#8243;][\/vc_column_inner][\/vc_row_inner][vc_empty_space height=&#8220;70px&#8220;][vc_row_inner el_class=&#8220;espaco-global bloco-bsk&#8220;][vc_column_inner width=&#8220;1\/4&#8243;][vc_images_carousel images=&#8220;45866,45881,45840&#8243; img_size=&#8220;full&#8220;][vc_custom_heading text=&#8220;FIRST IMPRESSION&#8220; font_container=&#8220;tag:h3|text_align:left&#8220;][\/vc_column_inner][vc_column_inner width=&#8220;1\/4&#8243;][vc_images_carousel images=&#8220;45888,45894,45900&#8243; img_size=&#8220;full&#8220;][vc_custom_heading text=&#8220;AL KHOBAR&#8220; font_container=&#8220;tag:h3|text_align:left&#8220;][\/vc_column_inner][vc_column_inner width=&#8220;1\/4&#8243;][vc_images_carousel images=&#8220;45912,45906&#8243; img_size=&#8220;full&#8220;][vc_custom_heading text=&#8220;TROPICAL ACQUARELA&#8220; font_container=&#8220;tag:h3|text_align:left&#8220;][\/vc_column_inner][vc_column_inner width=&#8220;1\/4&#8243;][vc_images_carousel images=&#8220;45846,45918,45924,45930,45936,45942&#8243; img_size=&#8220;full&#8220;][vc_custom_heading text=&#8220;AFTER JACKIE&#8220; font_container=&#8220;tag:h3|text_align:left&#8220;][\/vc_column_inner][\/vc_row_inner][vc_row_inner el_class=&#8220;espaco-global bloco-bsk&#8220;][vc_column_inner width=&#8220;1\/4&#8243;][vc_images_carousel images=&#8220;45961,45949,45955&#8243; img_size=&#8220;full&#8220;][vc_custom_heading text=&#8220;CHINOISERIE IN PINK&#8220; font_container=&#8220;tag:h3|text_align:left&#8220;][\/vc_column_inner][vc_column_inner width=&#8220;1\/4&#8243;][vc_images_carousel images=&#8220;45967,45979,45973&#8243; img_size=&#8220;full&#8220;][vc_custom_heading text=&#8220;KYOTO YELLOW JARS&#8220; font_container=&#8220;tag:h3|text_align:left&#8220;][\/vc_column_inner][vc_column_inner width=&#8220;1\/4&#8243;][vc_images_carousel images=&#8220;45994,45988&#8243; img_size=&#8220;full&#8220;][vc_custom_heading text=&#8220;BIG BIRD&#8220; font_container=&#8220;tag:h3|text_align:left&#8220;][\/vc_column_inner][vc_column_inner width=&#8220;1\/4&#8243;][vc_images_carousel images=&#8220;46002,46008,46014&#8243; img_size=&#8220;full&#8220;][vc_custom_heading text=&#8220;ST. BARTH POTS&#8220; font_container=&#8220;tag:h3|text_align:left&#8220;][\/vc_column_inner][\/vc_row_inner][vc_row_inner el_class=&#8220;espaco-global bloco-bsk&#8220;][vc_column_inner width=&#8220;1\/4&#8243;][vc_images_carousel images=&#8220;46043,46037,46031,46025&#8243; img_size=&#8220;full&#8220;][vc_custom_heading text=&#8220;EXOTIC GARDENS IN SAIGON&#8220; font_container=&#8220;tag:h3|text_align:left&#8220;][\/vc_column_inner][vc_column_inner width=&#8220;1\/4&#8243;][vc_images_carousel images=&#8220;46049,46055&#8243; img_size=&#8220;full&#8220;][vc_custom_heading text=&#8220;LA LAMPE&#8220; font_container=&#8220;tag:h3|text_align:left&#8220;][\/vc_column_inner][vc_column_inner width=&#8220;1\/4&#8243;][vc_images_carousel images=&#8220;46085,46079,46067,46061,46073&#8243; img_size=&#8220;full&#8220;][vc_custom_heading text=&#8220;CORK CAPTURE&#8220; font_container=&#8220;tag:h3|text_align:left&#8220;][\/vc_column_inner][vc_column_inner width=&#8220;1\/4&#8243;][vc_images_carousel images=&#8220;46097,46091&#8243; img_size=&#8220;full&#8220;][vc_custom_heading text=&#8220;EDGE OF A PINE FOREST&#8220; font_container=&#8220;tag:h3|text_align:left&#8220;][\/vc_column_inner][\/vc_row_inner][vc_row_inner el_class=&#8220;espaco-global bloco-bsk&#8220;][vc_column_inner width=&#8220;1\/4&#8243;][vc_images_carousel images=&#8220;46122,46104,46110,46116&#8243; img_size=&#8220;full&#8220;][vc_custom_heading text=&#8220;LISBOA ANTIGA REVISITED&#8220; font_container=&#8220;tag:h3|text_align:left&#8220;][\/vc_column_inner][vc_column_inner width=&#8220;1\/4&#8243;][vc_images_carousel images=&#8220;57781&#8243; img_size=&#8220;full&#8220;][vc_custom_heading text=&#8220;BEHIND THE CURTAIN&#8220; font_container=&#8220;tag:h3|text_align:left&#8220;][\/vc_column_inner][vc_column_inner width=&#8220;1\/4&#8243;][vc_images_carousel images=&#8220;46134,46128&#8243; img_size=&#8220;full&#8220;][vc_custom_heading text=&#8220;FISHES&#8220; font_container=&#8220;tag:h3|text_align:left&#8220;][\/vc_column_inner][vc_column_inner width=&#8220;1\/4&#8243;][vc_images_carousel images=&#8220;46140,46146,46152&#8243; img_size=&#8220;full&#8220;][vc_custom_heading text=&#8220;TOTEM DISTRACTIONS&#8220; font_container=&#8220;tag:h3|text_align:left&#8220;][\/vc_column_inner][\/vc_row_inner][vc_row_inner el_class=&#8220;espaco-global bloco-bsk&#8220;][vc_column_inner width=&#8220;1\/4&#8243;][vc_images_carousel images=&#8220;46158,46164&#8243; img_size=&#8220;full&#8220;][vc_custom_heading text=&#8220;FIESTA DE PAJAROS&#8220; font_container=&#8220;tag:h3|text_align:left&#8220;][\/vc_column_inner][vc_column_inner width=&#8220;1\/4&#8243;][vc_images_carousel images=&#8220;46170,46176&#8243; img_size=&#8220;full&#8220;][vc_custom_heading text=&#8220;SPEAKING OUT LOUD&#8220; font_container=&#8220;tag:h3|text_align:left&#8220;][\/vc_column_inner][vc_column_inner width=&#8220;1\/4&#8243;][vc_images_carousel images=&#8220;46201,46183,46189,46195&#8243; img_size=&#8220;full&#8220;][vc_custom_heading text=&#8220;GRIMSHAW SYMPHONY FOR<br \/>\nEXPO DUBAI 2020&#8243; font_container=&#8220;tag:h3|text_align:left&#8220;][\/vc_column_inner][vc_column_inner width=&#8220;1\/4&#8243;][vc_images_carousel images=&#8220;46219,46207&#8243; img_size=&#8220;full&#8220;][vc_custom_heading text=&#8220;THE 7 VOYAGES OF MING CHINA&#8220; font_container=&#8220;tag:h3|text_align:left&#8220;][\/vc_column_inner][\/vc_row_inner][vc_row_inner el_class=&#8220;espaco-global bloco-bsk&#8220;][vc_column_inner width=&#8220;1\/4&#8243;][vc_images_carousel images=&#8220;46251,46245&#8243; img_size=&#8220;full&#8220;][vc_custom_heading text=&#8220;VIEWS OF LISBON&#8220; font_container=&#8220;tag:h3|text_align:left&#8220;][\/vc_column_inner][vc_column_inner width=&#8220;1\/4&#8243;][vc_images_carousel images=&#8220;46323,46305&#8243; img_size=&#8220;full&#8220;][vc_custom_heading text=&#8220;COSMOGRAPHIE&#8220; font_container=&#8220;tag:h3|text_align:left&#8220;][\/vc_column_inner][vc_column_inner width=&#8220;1\/4&#8243;][vc_images_carousel images=&#8220;46395,46401&#8243; img_size=&#8220;full&#8220;][vc_custom_heading text=&#8220;JOSEPH IN MIAMI&#8220; font_container=&#8220;tag:h3|text_align:left&#8220;][\/vc_column_inner][vc_column_inner width=&#8220;1\/4&#8243;][vc_images_carousel images=&#8220;46425,46407,46419,46413&#8243; img_size=&#8220;full&#8220;][vc_custom_heading text=&#8220;BROWN BEER BOTTLES&#8220; font_container=&#8220;tag:h3|text_align:left&#8220;][\/vc_column_inner][\/vc_row_inner][vc_row_inner el_class=&#8220;espaco-global bloco-bsk&#8220;][vc_column_inner width=&#8220;1\/4&#8243;][vc_images_carousel images=&#8220;46451,46445,46433,46439&#8243; img_size=&#8220;full&#8220;][vc_custom_heading text=&#8220;CHERRY FEILD&#8220; font_container=&#8220;tag:h3|text_align:left&#8220;][\/vc_column_inner][vc_column_inner width=&#8220;1\/4&#8243;][vc_images_carousel images=&#8220;46475,46481&#8243; img_size=&#8220;full&#8220;][vc_custom_heading text=&#8220;LA DANCE BOTANIQUE POUR PEPE&#8220; font_container=&#8220;tag:h3|text_align:left&#8220;][\/vc_column_inner][vc_column_inner width=&#8220;1\/4&#8243;][vc_images_carousel images=&#8220;46487,46499,46493,46543,46511&#8243; img_size=&#8220;full&#8220;][vc_custom_heading text=&#8220;REPRODUCTION NARRATIVE OF<br \/>\nGUSTAV KRAUS&#8220; font_container=&#8220;tag:h3|text_align:left&#8220;][\/vc_column_inner][vc_column_inner width=&#8220;1\/4&#8243;][vc_images_carousel images=&#8220;46561,46555,46549&#8243; img_size=&#8220;full&#8220;][vc_custom_heading text=&#8220;FRONTEIRA PALACE&#8220; font_container=&#8220;tag:h3|text_align:left&#8220;][\/vc_column_inner][\/vc_row_inner][vc_row_inner el_class=&#8220;espaco-global bloco-bsk&#8220;][vc_column_inner width=&#8220;1\/4&#8243;][vc_images_carousel images=&#8220;57800&#8243; img_size=&#8220;full&#8220;][vc_custom_heading text=&#8220;TRIBUTE TO TIME&#8220; font_container=&#8220;tag:h3|text_align:left&#8220;][\/vc_column_inner][vc_column_inner width=&#8220;1\/4&#8243;][vc_images_carousel images=&#8220;46606,46594,46600&#8243; img_size=&#8220;full&#8220;][vc_custom_heading text=&#8220;FOR MARTA&#8220; font_container=&#8220;tag:h3|text_align:left&#8220;][\/vc_column_inner][vc_column_inner width=&#8220;1\/4&#8243;][vc_images_carousel images=&#8220;46618,46612&#8243; img_size=&#8220;full&#8220;][vc_custom_heading text=&#8220;DUTCH ALPHABET&#8220; font_container=&#8220;tag:h3|text_align:left&#8220;][\/vc_column_inner][vc_column_inner width=&#8220;1\/4&#8243;][vc_images_carousel images=&#8220;57806,57812&#8243; img_size=&#8220;full&#8220;][vc_custom_heading text=&#8220;SUSPENSION 42&#8243; font_container=&#8220;tag:h3|text_align:left&#8220;][\/vc_column_inner][\/vc_row_inner][vc_row_inner el_class=&#8220;espaco-global bloco-bsk&#8220;][vc_column_inner width=&#8220;1\/4&#8243;][vc_images_carousel images=&#8220;46630,46624&#8243; img_size=&#8220;full&#8220;][vc_custom_heading text=&#8220;GERARD LE FOU&#8220; font_container=&#8220;tag:h3|text_align:left&#8220;][\/vc_column_inner][vc_column_inner width=&#8220;1\/4&#8243;][vc_images_carousel images=&#8220;57794&#8243; img_size=&#8220;full&#8220;][vc_custom_heading text=&#8220;CARIOCA MASKA&#8220; font_container=&#8220;tag:h3|text_align:left&#8220;][\/vc_column_inner][vc_column_inner width=&#8220;1\/4&#8243;][vc_images_carousel images=&#8220;46642,46636&#8243; img_size=&#8220;full&#8220;][vc_custom_heading text=&#8220;PARIS D\u00c9CO&#8220; font_container=&#8220;tag:h3|text_align:left&#8220;][\/vc_column_inner][\/vc_row_inner][vc_empty_space][\/vc_column][\/vc_row][vc_row full_width=&#8220;stretch_row&#8220; gap=&#8220;&#8220; el_class=&#8220;lets-talk-bloco&#8220; css=&#8220;.vc_custom_1660062966586{margin-bottom: 0px !important;}&#8220;][vc_column width=&#8220;2\/3&#8243;][vc_custom_heading text=&#8220;Haben Sie ein Projekt im Sinn? &#8222;][vc_custom_heading text=&#8220;Wir freuen uns, von Ihnen zu h\u00f6ren! &#8220; font_container=&#8220;tag:h3|text_align:left&#8220;][\/vc_column][vc_column width=&#8220;1\/3&#8243;][vc_column_text el_class=&#8220;letsLets&#8220;]<\/p>\n<h5 style=\"text-align: center;\"><a href=\"http:\/\/newterracotta.com\/contact-2\/\">Reden wir dar\u00fcber.<\/a><\/h5>\n<p>[\/vc_column_text][\/vc_column][\/vc_row]<\/p>\n","protected":false},"excerpt":{"rendered":"<p>[vc_row full_width=&#8220;stretch_row&#8220; gap=&#8220;&#8220; css=&#8220;.vc_custom_1664319965004{background-image: url(https:\/\/newterracotta.com\/wp-content\/uploads\/2022\/08\/slider_bespoke_newterracotta.png?id=42726) !important;background-position: center !important;background-repeat: no-repeat !important;background-size: cover !important;}&#8220; el_class=&#8220;fundoDestaqueImg&#8220;][vc_column][vc_row_inner][vc_column_inner][vc_column_text el_class=&#8220;cxDestaque cxBranca&#8220;] Ma\u1e9eanfertigungen Kundenspezifische Projekte [\/vc_column_text][\/vc_column_inner][\/vc_row_inner][\/vc_column][\/vc_row][vc_row full_width=&#8220;stretch_row_content_no_spaces&#8220; gap=&#8220;&#8220; el_class=&#8220;section-2-bespoke grelha-bespoke&#8220; css=&#8220;.vc_custom_1662113726521{padding-right: 8% !important;padding-left: 8% !important;}&#8220;][vc_column][vc_empty_space height=&#8220;100px&#8220;][vc_row_inner el_class=&#8220;.we-believe-extra-texto [&hellip;]<\/p>\n","protected":false},"author":1,"featured_media":0,"parent":0,"menu_order":0,"comment_status":"closed","ping_status":"closed","template":"","meta":{"_monsterinsights_skip_tracking":false,"_monsterinsights_sitenote_active":false,"_monsterinsights_sitenote_note":"","_monsterinsights_sitenote_category":0},"yoast_head":"<!-- This site is optimized with the Yoast SEO plugin v20.6 - https:\/\/yoast.com\/wordpress\/plugins\/seo\/ -->\n<title>Ma\u1e9eanfertigungen - New Terracotta<\/title>\n<meta name=\"description\" content=\"Technique. Museum. Archive. Handpainted.Tiles have played a prominent part in the world throughout history.\" \/>\n<meta name=\"robots\" content=\"index, follow, max-snippet:-1, max-image-preview:large, max-video-preview:-1\" \/>\n<link rel=\"canonical\" href=\"https:\/\/newterracotta.com\/de\/im-atelier\/\" \/>\n<meta property=\"og:locale\" content=\"de_DE\" \/>\n<meta property=\"og:type\" content=\"article\" \/>\n<meta property=\"og:title\" content=\"Ma\u1e9eanfertigungen - New Terracotta\" \/>\n<meta property=\"og:description\" content=\"Technique. Museum. Archive. Handpainted.Tiles have played a prominent part in the world throughout history.\" \/>\n<meta property=\"og:url\" content=\"https:\/\/newterracotta.com\/de\/im-atelier\/\" \/>\n<meta property=\"og:site_name\" content=\"New Terracotta\" \/>\n<meta property=\"article:modified_time\" content=\"2022-10-06T15:10:01+00:00\" \/>\n<meta name=\"twitter:card\" content=\"summary_large_image\" \/>\n<meta name=\"twitter:label1\" content=\"Gesch\u00e4tzte Lesezeit\" \/>\n\t<meta name=\"twitter:data1\" content=\"2\u00a0Minuten\" \/>\n<script type=\"application\/ld+json\" class=\"yoast-schema-graph\">{\"@context\":\"https:\/\/schema.org\",\"@graph\":[{\"@type\":\"WebPage\",\"@id\":\"https:\/\/newterracotta.com\/de\/im-atelier\/\",\"url\":\"https:\/\/newterracotta.com\/de\/im-atelier\/\",\"name\":\"Ma\u1e9eanfertigungen - New Terracotta\",\"isPartOf\":{\"@id\":\"https:\/\/newterracotta.com\/#website\"},\"datePublished\":\"2020-05-12T14:08:56+00:00\",\"dateModified\":\"2022-10-06T15:10:01+00:00\",\"description\":\"Technique. Museum. Archive. Handpainted.Tiles have played a prominent part in the world throughout history.\",\"inLanguage\":\"de\",\"potentialAction\":[{\"@type\":\"ReadAction\",\"target\":[\"https:\/\/newterracotta.com\/de\/im-atelier\/\"]}]},{\"@type\":\"WebSite\",\"@id\":\"https:\/\/newterracotta.com\/#website\",\"url\":\"https:\/\/newterracotta.com\/\",\"name\":\"New Terracotta\",\"description\":\"Portuguese Handmade\",\"potentialAction\":[{\"@type\":\"SearchAction\",\"target\":{\"@type\":\"EntryPoint\",\"urlTemplate\":\"https:\/\/newterracotta.com\/?s={search_term_string}\"},\"query-input\":\"required name=search_term_string\"}],\"inLanguage\":\"de\"}]}<\/script>\n<!-- \/ Yoast SEO plugin. -->","yoast_head_json":{"title":"Ma\u1e9eanfertigungen - New Terracotta","description":"Technique. Museum. Archive. Handpainted.Tiles have played a prominent part in the world throughout history.","robots":{"index":"index","follow":"follow","max-snippet":"max-snippet:-1","max-image-preview":"max-image-preview:large","max-video-preview":"max-video-preview:-1"},"canonical":"https:\/\/newterracotta.com\/de\/im-atelier\/","og_locale":"de_DE","og_type":"article","og_title":"Ma\u1e9eanfertigungen - New Terracotta","og_description":"Technique. Museum. Archive. Handpainted.Tiles have played a prominent part in the world throughout history.","og_url":"https:\/\/newterracotta.com\/de\/im-atelier\/","og_site_name":"New Terracotta","article_modified_time":"2022-10-06T15:10:01+00:00","twitter_card":"summary_large_image","twitter_misc":{"Gesch\u00e4tzte Lesezeit":"2\u00a0Minuten"},"schema":{"@context":"https:\/\/schema.org","@graph":[{"@type":"WebPage","@id":"https:\/\/newterracotta.com\/de\/im-atelier\/","url":"https:\/\/newterracotta.com\/de\/im-atelier\/","name":"Ma\u1e9eanfertigungen - New Terracotta","isPartOf":{"@id":"https:\/\/newterracotta.com\/#website"},"datePublished":"2020-05-12T14:08:56+00:00","dateModified":"2022-10-06T15:10:01+00:00","description":"Technique. Museum. Archive. Handpainted.Tiles have played a prominent part in the world throughout history.","inLanguage":"de","potentialAction":[{"@type":"ReadAction","target":["https:\/\/newterracotta.com\/de\/im-atelier\/"]}]},{"@type":"WebSite","@id":"https:\/\/newterracotta.com\/#website","url":"https:\/\/newterracotta.com\/","name":"New Terracotta","description":"Portuguese Handmade","potentialAction":[{"@type":"SearchAction","target":{"@type":"EntryPoint","urlTemplate":"https:\/\/newterracotta.com\/?s={search_term_string}"},"query-input":"required name=search_term_string"}],"inLanguage":"de"}]}},"_links":{"self":[{"href":"https:\/\/newterracotta.com\/de\/wp-json\/wp\/v2\/pages\/29007"}],"collection":[{"href":"https:\/\/newterracotta.com\/de\/wp-json\/wp\/v2\/pages"}],"about":[{"href":"https:\/\/newterracotta.com\/de\/wp-json\/wp\/v2\/types\/page"}],"author":[{"embeddable":true,"href":"https:\/\/newterracotta.com\/de\/wp-json\/wp\/v2\/users\/1"}],"replies":[{"embeddable":true,"href":"https:\/\/newterracotta.com\/de\/wp-json\/wp\/v2\/comments?post=29007"}],"version-history":[{"count":15,"href":"https:\/\/newterracotta.com\/de\/wp-json\/wp\/v2\/pages\/29007\/revisions"}],"predecessor-version":[{"id":58916,"href":"https:\/\/newterracotta.com\/de\/wp-json\/wp\/v2\/pages\/29007\/revisions\/58916"}],"wp:attachment":[{"href":"https:\/\/newterracotta.com\/de\/wp-json\/wp\/v2\/media?parent=29007"}],"curies":[{"name":"wp","href":"https:\/\/api.w.org\/{rel}","templated":true}]}}