{"id":10438,"date":"2019-08-12T10:24:29","date_gmt":"2019-08-12T10:24:29","guid":{"rendered":"http:\/\/newterracotta.com\/?page_id=10438"},"modified":"2019-09-02T14:59:07","modified_gmt":"2019-09-02T14:59:07","slug":"homepage","status":"publish","type":"page","link":"https:\/\/newterracotta.com\/fr\/homepage\/","title":{"rendered":"HOME"},"content":{"rendered":"<p>[vc_row full_width=\u00a0\u00bbstretch_row\u00a0\u00bb gap=\u00a0\u00bb\u00a0\u00bb parallax_image=\u00a0\u00bb8683&Prime; lines=\u00a0\u00bb1&Prime; el_class=\u00a0\u00bbHeader-Slide-PT\u00a0\u00bb][vc_column width=\u00a0\u00bb1\/12&Prime;][\/vc_column][vc_column width=\u00a0\u00bb1\/2&Prime; css=\u00a0\u00bb.vc_custom_1520258161402{background-position: 0 0 !important;background-repeat: repeat !important;}\u00a0\u00bb][vc_empty_space height=\u00a0\u00bb200&Prime;][vc_column_text]<\/p>\n<h1>CARREAUX \u00c0 LA MAIN<\/h1>\n<p>[\/vc_column_text][vc_column_text css=\u00a0\u00bb.vc_custom_1566821167652{padding-right: 200px !important;}\u00a0\u00bb]culture portugaise[\/vc_column_text]<div class=\"\"><div class=\"piwo-buttons-container left \"><div class=\"text-left id_169e16a973fc66217553196  botao-slide animate-text\" ><a href=\"http:\/\/newterracotta.com\/tiles\/\"  class=\"btn btn-md btn-light btn-solid \" style=\"\" data-btn-text=\"explorer la collection\" data-aos=\"\" data-aos-delay=\"0\">\n\t\t\t\t<span class=\"btn-text\" >explorer la collection<\/span>\n\t\t\t<\/a><\/div><div class=\"custom-styles\" data-styles=\".id_169e16a973fc66217553196 .btn.btn-solid.custom:after { background-color: ; } .id_169e16a973fc66217553196 .btn.custom.btn-underline:hover .btn-text:after { border-color:  ; }\"><\/div><\/div><\/div>[vc_empty_space height=\u00a0\u00bb200&Prime;][\/vc_column][vc_column width=\u00a0\u00bb5\/12&Prime;][\/vc_column][\/vc_row][vc_row full_width=\u00a0\u00bbstretch_row\u00a0\u00bb gap=\u00a0\u00bb\u00a0\u00bb equal_height=\u00a0\u00bbyes\u00a0\u00bb content_placement=\u00a0\u00bbmiddle\u00a0\u00bb css=\u00a0\u00bb.vc_custom_1554477199697{padding-top: 0px !important;padding-bottom: 50px !important;background-color: #ffffff !important;}\u00a0\u00bb el_class=\u00a0\u00bbwe-believe\u00a0\u00bb][vc_column css=\u00a0\u00bb.vc_custom_1554481315380{padding-top: 70px !important;padding-right: 10% !important;padding-bottom: 20px !important;padding-left: 10% !important;background-image: url(http:\/\/demo.yosoftware.com\/wp\/piwo\/wp-content\/uploads\/2018\/03\/pat1.jpg?id=2902) !important;background-position: 0 0 !important;background-repeat: repeat !important;}\u00a0\u00bb]<div class=\"piwo-heading text-center  \" ><div class=\"heading-intro-text swiper-slide \"  data-aos=\"\" data-aos-delay=\"0\" ><\/div><h2 class=\"primary-heading\"  data-aos=\"\" data-aos-delay=\"50\">Nous croyons que les gens pr\u00e9f\u00e8rent les produits faits \u00e0 la main.<\/h2><div class=\"subheading\"  data-aos=\"\" data-aos-delay=\"100\"><\/div><\/div>[vc_row_inner][vc_column_inner width=\u00a0\u00bb1\/3&Prime;][vc_single_image image=\u00a0\u00bb8250&Prime; img_size=\u00a0\u00bbfull\u00a0\u00bb alignment=\u00a0\u00bbcenter\u00a0\u00bb el_class=\u00a0\u00bbwe-believe-img\u00a0\u00bb][vc_custom_heading text=\u00a0\u00bbPERSONNALIT\u00c9\u00a0\u00bb font_container=\u00a0\u00bbtag:h4|text_align:center\u00a0\u00bb el_class=\u00a0\u00bbwe-believe-title\u00a0\u00bb][vc_column_text]<\/p>\n<p style=\"text-align: center;\">Nos plus de 142 \u00e9maux \u00e9blouissants, produits par des artisans qui emploient des techniques et des m\u00e9thodes transmises de g\u00e9n\u00e9ration en g\u00e9n\u00e9ration.<\/p>\n<p>[\/vc_column_text][\/vc_column_inner][vc_column_inner width=\u00a0\u00bb1\/3&Prime;][vc_single_image image=\u00a0\u00bb8248&Prime; img_size=\u00a0\u00bbfull\u00a0\u00bb alignment=\u00a0\u00bbcenter\u00a0\u00bb el_class=\u00a0\u00bbwe-believe-img\u00a0\u00bb][vc_custom_heading text=\u00a0\u00bb\u00c9CLECTIQUE\u00a0\u00bb font_container=\u00a0\u00bbtag:h4|text_align:center\u00a0\u00bb el_class=\u00a0\u00bbwe-believe-title\u00a0\u00bb][vc_column_text]<\/p>\n<p style=\"text-align: center;\">Notre m\u00e9lange unique de couleurs, de formes, de textures et de designs qui constitue nos collections.<\/p>\n<p>[\/vc_column_text][\/vc_column_inner][vc_column_inner width=\u00a0\u00bb1\/3&Prime;][vc_single_image image=\u00a0\u00bb8253&Prime; img_size=\u00a0\u00bbfull\u00a0\u00bb alignment=\u00a0\u00bbcenter\u00a0\u00bb el_class=\u00a0\u00bbwe-believe-img especial-belive-img\u00a0\u00bb][vc_custom_heading text=\u00a0\u00bbSAVOIR-FAIRE\u00a0\u00bb font_container=\u00a0\u00bbtag:h4|text_align:center\u00a0\u00bb el_class=\u00a0\u00bbwe-believe-title\u00a0\u00bb][vc_column_text]<\/p>\n<p style=\"text-align: center;\">Notre capacit\u00e9 \u00e0 \u00e9mailler \u00ab n\u2019importe quelle \u00bb c\u00e9ramique, des carreaux aux objets d&rsquo;art.<\/p>\n<p>[\/vc_column_text][\/vc_column_inner][\/vc_row_inner][vc_empty_space height=\u00a0\u00bb40px\u00a0\u00bb][vc_column_text el_class=\u00a0\u00bbwe-believe-extra-texto\u00a0\u00bb]<\/p>\n<h3 style=\"text-align: center;\">Chez New Terracotta, nous nous consacrons \u00e0 faire de chaque carreau que nous produisons, une exp\u00e9rience v\u00e9ritablement incroyable.<\/h3>\n<p>[\/vc_column_text][\/vc_column][\/vc_row][vc_row full_width=\u00a0\u00bbstretch_row\u00a0\u00bb gap=\u00a0\u00bb\u00a0\u00bb lines=\u00a0\u00bb1&Prime; css=\u00a0\u00bb.vc_custom_1561977770214{padding-top: 0px !important;padding-bottom: 0px !important;}\u00a0\u00bb][vc_column width=\u00a0\u00bb1\/12&Prime;][\/vc_column][vc_column width=\u00a0\u00bb5\/12&Prime;][vc_empty_space height=\u00a0\u00bb100px\u00a0\u00bb][vc_single_image image=\u00a0\u00bb7627&Prime; img_size=\u00a0\u00bbfull\u00a0\u00bb onclick=\u00a0\u00bbcustom_link\u00a0\u00bb el_class=\u00a0\u00bbhistory-img\u00a0\u00bb link=\u00a0\u00bbhttp:\/\/newterracotta.com\/fr\/about-portuguese-legacy\/\u00a0\u00bb][vc_custom_heading text=\u00a0\u00bbL\u2019histoire des azulejos\u00a0\u00bb el_class=\u00a0\u00bbhistory-title\u00a0\u00bb][vc_column_text el_class=\u00a0\u00bbhistory-text\u00a0\u00bb]<\/p>\n<p style=\"text-align: left;\">L\u2019azulejo est une expression de la culture portugaise r\u00e9v\u00e9latrice de quelques-unes de ses plus fortes racines.<\/p>\n<p>[\/vc_column_text][vc_single_image image=\u00a0\u00bb7628&Prime; img_size=\u00a0\u00bbfull\u00a0\u00bb onclick=\u00a0\u00bbcustom_link\u00a0\u00bb el_class=\u00a0\u00bbhistory-img\u00a0\u00bb link=\u00a0\u00bbhttp:\/\/newterracotta.com\/fr\/projects\/\u00a0\u00bb][vc_custom_heading text=\u00a0\u00bbGalerie de projets\u00a0\u00bb el_class=\u00a0\u00bbhistory-title\u00a0\u00bb][vc_column_text el_class=\u00a0\u00bbhistory-text\u00a0\u00bb]<\/p>\n<p style=\"text-align: left;\">Une liste organis\u00e9e de projets qui aide \u00e0 d\u00e9finir la mat\u00e9rialit\u00e9 de nos carreaux.<\/p>\n<p>[\/vc_column_text][\/vc_column][vc_column width=\u00a0\u00bb5\/12&Prime; css=\u00a0\u00bb.vc_custom_1561977581748{margin-top: 5px !important;background-position: 0 0 !important;background-repeat: repeat !important;}\u00a0\u00bb][vc_single_image image=\u00a0\u00bb7867&Prime; img_size=\u00a0\u00bbfull\u00a0\u00bb onclick=\u00a0\u00bbcustom_link\u00a0\u00bb el_class=\u00a0\u00bbhistory-img\u00a0\u00bb link=\u00a0\u00bbhttp:\/\/newterracotta.com\/fr\/bespoke\/\u00a0\u00bb][vc_custom_heading text=\u00a0\u00bbCommissions sur mesure\u00a0\u00bb el_class=\u00a0\u00bbhistory-title\u00a0\u00bb][vc_column_text el_class=\u00a0\u00bbhistory-text\u00a0\u00bb]<\/p>\n<p style=\"text-align: left;\">Notre service complet de conseil en design sur mesure est enti\u00e8rement ax\u00e9 sur la personnalisation.<\/p>\n<p>[\/vc_column_text][vc_single_image image=\u00a0\u00bb7866&Prime; img_size=\u00a0\u00bbfull\u00a0\u00bb onclick=\u00a0\u00bbcustom_link\u00a0\u00bb el_class=\u00a0\u00bbhistory-img\u00a0\u00bb link=\u00a0\u00bbhttp:\/\/newterracotta.com\/fr\/colours\/\u00a0\u00bb][vc_custom_heading text=\u00a0\u00bbAcheter par couleur\u00a0\u00bb el_class=\u00a0\u00bbhistory-title\u00a0\u00bb][vc_column_text el_class=\u00a0\u00bbhistory-text\u00a0\u00bb]<\/p>\n<p style=\"text-align: left;\">La collection est compos\u00e9e de 142 couleurs. Subtiles,lumineuses, semi-transparentes, profondes et m\u00e9talliques.<\/p>\n<p>[\/vc_column_text][\/vc_column][vc_column width=\u00a0\u00bb1\/12&Prime;][\/vc_column][\/vc_row][vc_row][vc_column][vc_empty_space height=\u00a0\u00bb80px\u00a0\u00bb]<div class=\"piwo-heading text-center  secound-heading\" ><div class=\"heading-intro-text swiper-slide \"  data-aos=\"\" data-aos-delay=\"0\" ><\/div><h2 class=\"primary-heading\"  data-aos=\"\" data-aos-delay=\"50\">Notre usine<\/h2><div class=\"subheading\"  data-aos=\"\" data-aos-delay=\"100\"><\/div><\/div>[vc_column_text]<\/p>\n<p style=\"text-align: center;\">New Terracotta est un projet de c\u00e9ramique artisanale profond\u00e9ment portugais.<br \/>\nC&rsquo;est avec plaisir que nous vous parlons de notre production artisanale, mais en r\u00e9alit\u00e9, nous pr\u00e9f\u00e9rerions vous la montrer.<br \/>\nVous \u00eates toujours les bienvenus \u00e0 nous rendre visite pour une impression en premi\u00e8re main.<\/p>\n<p>[\/vc_column_text][vc_column_text]<\/p>\n<div id=\"background-video\">\n<div id=\"vidwrap\"><\/div>\n<\/div>\n<p>[\/vc_column_text][\/vc_column][\/vc_row][vc_row gap=\u00a0\u00bb\u00a0\u00bb el_class=\u00a0\u00bbnews-terracota\u00a0\u00bb][vc_column width=\u00a0\u00bb1\/6&Prime;][\/vc_column][vc_column width=\u00a0\u00bb2\/3&Prime;][vc_empty_space height=\u00a0\u00bb80px\u00a0\u00bb]<div class=\"piwo-heading text-center  secound-heading\" ><div class=\"heading-intro-text swiper-slide \"  data-aos=\"\" data-aos-delay=\"0\" ><\/div><h2 class=\"primary-heading\"  data-aos=\"\" data-aos-delay=\"50\">Plus sur projets, histoires et \u00e9v\u00e8nements<\/h2><div class=\"subheading\"  data-aos=\"\" data-aos-delay=\"100\"><\/div><\/div>[vc_column_text el_class=\u00a0\u00bbbloco-sem-margem-bottom\u00a0\u00bb]<\/p>\n<p style=\"text-align: center;\">Un peu plus concernant nos produits, nos projets, nos histoires et \u00e9v\u00e8nements.<\/p>\n<p>[\/vc_column_text][vc_column_text]<\/p>\n<h6 class=\"linke\" style=\"text-align: center;\"><a href=\"http:\/\/newterracotta.com\/news\/\">Acc\u00e9der aux nouveaut\u00e9s.<\/a><\/h6>\n<p>[\/vc_column_text][vc_basic_grid post_type=\u00a0\u00bbpost\u00a0\u00bb max_items=\u00a0\u00bb3&Prime; grid_id=\u00a0\u00bbvc_gid:1567436289673-42b5cb33-6d45-2&Prime; css=\u00a0\u00bb.vc_custom_1560434690269{background-color: #ffffff !important;}\u00a0\u00bb][\/vc_column][vc_column width=\u00a0\u00bb1\/6&Prime;][\/vc_column][\/vc_row]<\/p>\n","protected":false},"excerpt":{"rendered":"<p>[vc_row full_width=\u00a0\u00bbstretch_row\u00a0\u00bb gap=\u00a0\u00bb\u00a0\u00bb parallax_image=\u00a0\u00bb8683&Prime; lines=\u00a0\u00bb1&Prime; el_class=\u00a0\u00bbHeader-Slide-PT\u00a0\u00bb][vc_column width=\u00a0\u00bb1\/12&Prime;][\/vc_column][vc_column width=\u00a0\u00bb1\/2&Prime; css=\u00a0\u00bb.vc_custom_1520258161402{background-position: 0 0 !important;background-repeat: repeat !important;}\u00a0\u00bb][vc_empty_space height=\u00a0\u00bb200&Prime;][vc_column_text] CARREAUX \u00c0 LA MAIN [\/vc_column_text][vc_column_text css=\u00a0\u00bb.vc_custom_1566821167652{padding-right: 200px !important;}\u00a0\u00bb]culture portugaise[\/vc_column_text][vc_empty_space height=\u00a0\u00bb200&Prime;][\/vc_column][vc_column width=\u00a0\u00bb5\/12&Prime;][\/vc_column][\/vc_row][vc_row full_width=\u00a0\u00bbstretch_row\u00a0\u00bb gap=\u00a0\u00bb\u00a0\u00bb equal_height=\u00a0\u00bbyes\u00a0\u00bb content_placement=\u00a0\u00bbmiddle\u00a0\u00bb [&hellip;]<\/p>\n","protected":false},"author":1,"featured_media":0,"parent":0,"menu_order":0,"comment_status":"closed","ping_status":"closed","template":"","meta":{"_monsterinsights_skip_tracking":false,"_monsterinsights_sitenote_active":false,"_monsterinsights_sitenote_note":"","_monsterinsights_sitenote_category":0},"yoast_head":"<!-- This site is optimized with the Yoast SEO plugin v20.6 - https:\/\/yoast.com\/wordpress\/plugins\/seo\/ -->\n<title>New Terracotta - Portuguese Handmade<\/title>\n<meta name=\"description\" content=\"At New Terracotta we are devoted to making every single tile we produce a truly incredible experience.\" \/>\n<meta name=\"robots\" content=\"index, follow, max-snippet:-1, max-image-preview:large, max-video-preview:-1\" \/>\n<link rel=\"canonical\" href=\"https:\/\/newterracotta.com\/fr\/homepage\/\" \/>\n<meta property=\"og:locale\" content=\"fr_FR\" \/>\n<meta property=\"og:type\" content=\"article\" \/>\n<meta property=\"og:title\" content=\"New Terracotta - Portuguese Handmade\" \/>\n<meta property=\"og:description\" content=\"At New Terracotta we are devoted to making every single tile we produce a truly incredible experience.\" \/>\n<meta property=\"og:url\" content=\"https:\/\/newterracotta.com\/fr\/homepage\/\" \/>\n<meta property=\"og:site_name\" content=\"New Terracotta\" \/>\n<meta property=\"article:modified_time\" content=\"2019-09-02T14:59:07+00:00\" \/>\n<meta name=\"twitter:card\" content=\"summary_large_image\" \/>\n<meta name=\"twitter:label1\" content=\"Dur\u00e9e de lecture estim\u00e9e\" \/>\n\t<meta name=\"twitter:data1\" content=\"4 minutes\" \/>\n<script type=\"application\/ld+json\" class=\"yoast-schema-graph\">{\"@context\":\"https:\/\/schema.org\",\"@graph\":[{\"@type\":\"WebPage\",\"@id\":\"https:\/\/newterracotta.com\/fr\/homepage\/\",\"url\":\"https:\/\/newterracotta.com\/fr\/homepage\/\",\"name\":\"New Terracotta - Portuguese Handmade\",\"isPartOf\":{\"@id\":\"https:\/\/newterracotta.com\/#website\"},\"datePublished\":\"2019-08-12T10:24:29+00:00\",\"dateModified\":\"2019-09-02T14:59:07+00:00\",\"description\":\"At New Terracotta we are devoted to making every single tile we produce a truly incredible experience.\",\"inLanguage\":\"fr-FR\",\"potentialAction\":[{\"@type\":\"ReadAction\",\"target\":[\"https:\/\/newterracotta.com\/fr\/homepage\/\"]}]},{\"@type\":\"WebSite\",\"@id\":\"https:\/\/newterracotta.com\/#website\",\"url\":\"https:\/\/newterracotta.com\/\",\"name\":\"New Terracotta\",\"description\":\"Portuguese Handmade\",\"potentialAction\":[{\"@type\":\"SearchAction\",\"target\":{\"@type\":\"EntryPoint\",\"urlTemplate\":\"https:\/\/newterracotta.com\/?s={search_term_string}\"},\"query-input\":\"required name=search_term_string\"}],\"inLanguage\":\"fr-FR\"}]}<\/script>\n<!-- \/ Yoast SEO plugin. -->","yoast_head_json":{"title":"New Terracotta - Portuguese Handmade","description":"At New Terracotta we are devoted to making every single tile we produce a truly incredible experience.","robots":{"index":"index","follow":"follow","max-snippet":"max-snippet:-1","max-image-preview":"max-image-preview:large","max-video-preview":"max-video-preview:-1"},"canonical":"https:\/\/newterracotta.com\/fr\/homepage\/","og_locale":"fr_FR","og_type":"article","og_title":"New Terracotta - Portuguese Handmade","og_description":"At New Terracotta we are devoted to making every single tile we produce a truly incredible experience.","og_url":"https:\/\/newterracotta.com\/fr\/homepage\/","og_site_name":"New Terracotta","article_modified_time":"2019-09-02T14:59:07+00:00","twitter_card":"summary_large_image","twitter_misc":{"Dur\u00e9e de lecture estim\u00e9e":"4 minutes"},"schema":{"@context":"https:\/\/schema.org","@graph":[{"@type":"WebPage","@id":"https:\/\/newterracotta.com\/fr\/homepage\/","url":"https:\/\/newterracotta.com\/fr\/homepage\/","name":"New Terracotta - Portuguese Handmade","isPartOf":{"@id":"https:\/\/newterracotta.com\/#website"},"datePublished":"2019-08-12T10:24:29+00:00","dateModified":"2019-09-02T14:59:07+00:00","description":"At New Terracotta we are devoted to making every single tile we produce a truly incredible experience.","inLanguage":"fr-FR","potentialAction":[{"@type":"ReadAction","target":["https:\/\/newterracotta.com\/fr\/homepage\/"]}]},{"@type":"WebSite","@id":"https:\/\/newterracotta.com\/#website","url":"https:\/\/newterracotta.com\/","name":"New Terracotta","description":"Portuguese Handmade","potentialAction":[{"@type":"SearchAction","target":{"@type":"EntryPoint","urlTemplate":"https:\/\/newterracotta.com\/?s={search_term_string}"},"query-input":"required name=search_term_string"}],"inLanguage":"fr-FR"}]}},"_links":{"self":[{"href":"https:\/\/newterracotta.com\/fr\/wp-json\/wp\/v2\/pages\/10438"}],"collection":[{"href":"https:\/\/newterracotta.com\/fr\/wp-json\/wp\/v2\/pages"}],"about":[{"href":"https:\/\/newterracotta.com\/fr\/wp-json\/wp\/v2\/types\/page"}],"author":[{"embeddable":true,"href":"https:\/\/newterracotta.com\/fr\/wp-json\/wp\/v2\/users\/1"}],"replies":[{"embeddable":true,"href":"https:\/\/newterracotta.com\/fr\/wp-json\/wp\/v2\/comments?post=10438"}],"version-history":[{"count":8,"href":"https:\/\/newterracotta.com\/fr\/wp-json\/wp\/v2\/pages\/10438\/revisions"}],"predecessor-version":[{"id":17557,"href":"https:\/\/newterracotta.com\/fr\/wp-json\/wp\/v2\/pages\/10438\/revisions\/17557"}],"wp:attachment":[{"href":"https:\/\/newterracotta.com\/fr\/wp-json\/wp\/v2\/media?parent=10438"}],"curies":[{"name":"wp","href":"https:\/\/api.w.org\/{rel}","templated":true}]}}