{"id":10780,"date":"2019-08-13T09:00:19","date_gmt":"2019-08-13T09:00:19","guid":{"rendered":"http:\/\/newterracotta.com\/?page_id=10780"},"modified":"2020-05-12T14:05:10","modified_gmt":"2020-05-12T14:05:10","slug":"bespoke-back","status":"publish","type":"page","link":"https:\/\/newterracotta.com\/fr\/bespoke-back\/","title":{"rendered":"Dans L&rsquo;Atelier Back"},"content":{"rendered":"<p>[vc_row full_width=\u00a0\u00bbstretch_row_content_no_spaces\u00a0\u00bb gap=\u00a0\u00bb\u00a0\u00bb parallax_image=\u00a0\u00bb8095&Prime; el_class=\u00a0\u00bbsection-1-bespoke meia-imagem\u00a0\u00bb][vc_column][vc_row_inner el_class=\u00a0\u00bbblock-container\u00a0\u00bb][vc_column_inner width=\u00a0\u00bb1\/2&Prime;][\/vc_column_inner][vc_column_inner width=\u00a0\u00bb1\/2&Prime;][vc_custom_heading text=\u00a0\u00bbDans L&rsquo;Atelier\u00a0\u00bb el_class=\u00a0\u00bbno-margin-bottom\u00a0\u00bb][vc_custom_heading text=\u00a0\u00bbNiveau de personnalisation et collaboration extraordinaire.\u00a0\u00bb font_container=\u00a0\u00bbtag:h4|text_align:left\u00a0\u00bb el_class=\u00a0\u00bbno-margin-bottom\u00a0\u00bb][vc_column_text]Notre \u00e9quipe interne de designers, d\u2019experts en c\u00e9ramique et d&rsquo;artisans exp\u00e9riment\u00e9s nous permet de collaborer avec les meilleurs architectes et designers sur leurs projets spectaculaires.[\/vc_column_text][vc_empty_space height=\u00a0\u00bb10px\u00a0\u00bb][vc_custom_heading text=\u00a0\u00bb\u00c9couter et apprendre\u00a0\u00bb font_container=\u00a0\u00bbtag:h6|text_align:left\u00a0\u00bb el_class=\u00a0\u00bbno-margin-bottom\u00a0\u00bb][vc_column_text el_class=\u00a0\u00bbno-margin-bottom\u00a0\u00bb]Nous commen\u00e7ons par \u00e9couter la vision cr\u00e9ative de notre client, en prenant le temps de comprendre ses besoins et souhaits fondamentaux, tout en cherchant \u00e0 repousser les fronti\u00e8res de son imagination gr\u00e2ce \u00e0 notre connaissance de ce qu\u2019il est possible d&rsquo;accomplir.[\/vc_column_text][vc_empty_space height=\u00a0\u00bb10px\u00a0\u00bb][vc_single_image image=\u00a0\u00bb10782&Prime; img_size=\u00a0\u00bbfull\u00a0\u00bb el_class=\u00a0\u00bbwidth70&Prime;][\/vc_column_inner][\/vc_row_inner][\/vc_column][\/vc_row][vc_row gap=\u00a0\u00bb\u00a0\u00bb el_class=\u00a0\u00bbsection-2-bespoke\u00a0\u00bb][vc_column][vc_row_inner el_class=\u00a0\u00bbespaco-global\u00a0\u00bb][vc_column_inner width=\u00a0\u00bb1\/2&Prime;][vc_single_image image=\u00a0\u00bb10803&Prime; img_size=\u00a0\u00bbfull\u00a0\u00bb alignment=\u00a0\u00bbright\u00a0\u00bb][\/vc_column_inner][vc_column_inner width=\u00a0\u00bb1\/2&Prime;][vc_custom_heading text=\u00a0\u00bbRestauration Historique\u00a0\u00bb font_container=\u00a0\u00bbtag:h3|text_align:left\u00a0\u00bb][vc_column_text]New Terracotta poss\u00e8de une expertise et exp\u00e9rience importante en mati\u00e8re de carreaux de b\u00e2timents class\u00e9s. Nous avons fourni des carreaux sur mesure \u00e0 des palais, des monuments, des \u00e9glises et des maisons particuli\u00e8res, dans le cadre de projets impliquant des demandes et exigences bien pr\u00e9cises en termes de qualit\u00e9, d&rsquo;apparence et de dimensions.[\/vc_column_text][vc_custom_heading text=\u00a0\u00bbMuraux Peints A La Main\u00a0\u00bb font_container=\u00a0\u00bbtag:h3|text_align:left\u00a0\u00bb][vc_column_text]Les dessins sont cr\u00e9\u00e9s sur papier, ou bien \u00e0 la main, ou sur ordinateur, et transf\u00e9r\u00e9s sur le carreau par l&rsquo;application artistique de nos d\u00e9corateurs de carreaux hautement qualifi\u00e9s. Gr\u00e2ce \u00e0 une vari\u00e9t\u00e9 de techniques au pinceau, les \u00e9maux sont appliqu\u00e9s et, une fois cuits, nous obtenons des pi\u00e8ces individuelles d&rsquo;art c\u00e9ramique \u00e9tonnantes, avec une profondeur extraordinaire de couleur et de caract\u00e8re.[\/vc_column_text][\/vc_column_inner][\/vc_row_inner][vc_row_inner el_class=\u00a0\u00bbespaco-global\u00a0\u00bb][vc_column_inner width=\u00a0\u00bb1\/2&Prime;][vc_single_image image=\u00a0\u00bb10804&Prime; img_size=\u00a0\u00bbfull\u00a0\u00bb alignment=\u00a0\u00bbright\u00a0\u00bb][\/vc_column_inner][vc_column_inner width=\u00a0\u00bb1\/2&Prime;][vc_custom_heading text=\u00a0\u00bbComissions de Pi\u00e8ces D&rsquo;art Contemporain\u00a0\u00bb font_container=\u00a0\u00bbtag:h3|text_align:left\u00a0\u00bb][vc_column_text]La fabrication des moules est un processus long et laborieux. Elle exige de l&rsquo;expertise, de l&rsquo;exp\u00e9rience et une extr\u00eame prudence dans la manipulation des mat\u00e9riaux, qui se trouvent souvent \u00e0 l&rsquo;\u00e9tat liquide.<br \/>\nUtilisant des outils modernes, des mains fines et le talent de nos artistes, nous cr\u00e9ons des carreaux tridimensionnels sur mesure et des sculptures contemporaines pour ceux qui appr\u00e9cient l\u2019art c\u00e9ramique.[\/vc_column_text][\/vc_column_inner][\/vc_row_inner][\/vc_column][\/vc_row][vc_section full_width=\u00a0\u00bbstretch_row\u00a0\u00bb el_class=\u00a0\u00bbsection-3-bespoke\u00a0\u00bb][vc_row gap=\u00a0\u00bb\u00a0\u00bb css=\u00a0\u00bb.vc_custom_1561981267646{padding-top: 30px !important;padding-bottom: 30px !important;}\u00a0\u00bb][vc_column][vc_row_inner][vc_column_inner width=\u00a0\u00bb1\/2&Prime;][vc_single_image image=\u00a0\u00bb10781&Prime; img_size=\u00a0\u00bbfull\u00a0\u00bb el_class=\u00a0\u00bbwidth100&Prime;][vc_single_image image=\u00a0\u00bb10791&Prime; img_size=\u00a0\u00bbfull\u00a0\u00bb el_class=\u00a0\u00bbwidth100&Prime;][vc_custom_heading text=\u00a0\u00bbLa plasticit\u00e9 de l&rsquo;argile\u00a0\u00bb font_container=\u00a0\u00bbtag:h6|text_align:left\u00a0\u00bb el_class=\u00a0\u00bbno-margin-bottom\u00a0\u00bb][vc_column_text]Seul un ingr\u00e9dient aussi mall\u00e9able peut rendre possible le haut niveau de libert\u00e9 au sein du projet.<br \/>\nIl n\u2019y a jamais deux pi\u00e8ces identiques. Les bords irr\u00e9guliers, la surface ondul\u00e9e et les petites imperfections apportent du caract\u00e8re et rendent chaque pi\u00e8ce unique.[\/vc_column_text][\/vc_column_inner][vc_column_inner width=\u00a0\u00bb1\/2&Prime; css=\u00a0\u00bb.vc_custom_1561980695929{padding-top: 16px !important;}\u00a0\u00bb][vc_custom_heading text=\u00a0\u00bbLes carreaux de c\u00e9ramique comme moyen\u00a0\u00bb font_container=\u00a0\u00bbtag:h6|text_align:left\u00a0\u00bb el_class=\u00a0\u00bbno-margin-bottom\u00a0\u00bb][vc_column_text]La c\u00e9ramique est utilis\u00e9e pour les arts muraux d\u00e9coratifs, depuis de nombreux si\u00e8cles, en raison des propri\u00e9t\u00e9s inh\u00e9rentes au produit fini. La c\u00e9ramique est r\u00e9sistante \u00e0 l&rsquo;humidit\u00e9, r\u00e9sistante \u00e0 la d\u00e9coloration et \u00e0 l&rsquo;usure, d&rsquo;o\u00f9 l&rsquo;utilisation de muraux et carreaux d\u00e9coratifs pour les finitions int\u00e9rieures et ext\u00e9rieures des b\u00e2timents.[\/vc_column_text][vc_custom_heading text=\u00a0\u00bbL\u2019importance du Bon Blanc\u00a0\u00bb font_container=\u00a0\u00bbtag:h6|text_align:left\u00a0\u00bb el_class=\u00a0\u00bbno-margin-bottom\u00a0\u00bb][vc_column_text]Le choix de couleur le plus important que nous faisons est le blanc que nous appliquons dans notre travail. Le blanc que nous s\u00e9lectionnons d\u00e9termine en grande partie ce que sera notre exp\u00e9rience chromatique.[\/vc_column_text][vc_single_image image=\u00a0\u00bb10790&Prime; img_size=\u00a0\u00bbfull\u00a0\u00bb][vc_custom_heading text=\u00a0\u00bbLaboratoire et atelier\u00a0\u00bb font_container=\u00a0\u00bbtag:h6|text_align:left\u00a0\u00bb el_class=\u00a0\u00bbno-margin-bottom\u00a0\u00bb][vc_column_text]Nous ne nous limitons pas \u00e0 notre offre de carreaux. Nous proposons des cours et des ateliers con\u00e7us pour partager nos connaissances des mat\u00e9riaux et des techniques et pr\u00e9server l&rsquo;h\u00e9ritage historique.[\/vc_column_text][\/vc_column_inner][\/vc_row_inner][\/vc_column][\/vc_row][\/vc_section][vc_section full_width=\u00a0\u00bbstretch_row\u00a0\u00bb el_class=\u00a0\u00bbsection-4-bespoke\u00a0\u00bb][vc_row][vc_column][vc_row_inner][vc_column_inner][vc_custom_heading text=\u00a0\u00bbDesigns personnalis\u00e9s et sur mesure\u00a0\u00bb font_container=\u00a0\u00bbtag:h3|text_align:center\u00a0\u00bb el_class=\u00a0\u00bbno-margin-bottom\u00a0\u00bb][vc_column_text]<\/p>\n<p style=\"text-align: center;\">New Terracotta offre un service complet de design de muraux, de la conception \u00e0 l\u2019installation.<br \/>\nQu&rsquo;il s&rsquo;agisse de personnaliser l&rsquo;un de nos mod\u00e8les existants ou de travailler avec nous sur une cr\u00e9ation enti\u00e8rement sur mesure, nos experts vous guident tout au long de ce processus passionnant.<\/p>\n<p>[\/vc_column_text][vc_empty_space height=\u00a0\u00bb20px\u00a0\u00bb][\/vc_column_inner][\/vc_row_inner][vc_row_inner][vc_column_inner][vc_single_image image=\u00a0\u00bb10783&Prime; img_size=\u00a0\u00bbfull\u00a0\u00bb][\/vc_column_inner][\/vc_row_inner][\/vc_column][\/vc_row][vc_row][vc_column][vc_empty_space height=\u00a0\u00bb20px\u00a0\u00bb][vc_custom_heading text=\u00a0\u00bbCommandes r\u00e9centes\u00a0\u00bb font_container=\u00a0\u00bbtag:h6|text_align:left\u00a0\u00bb el_class=\u00a0\u00bbno-margin-bottom no-margin-h5-special\u00a0\u00bb css=\u00a0\u00bb.vc_custom_1565686623584{margin-bottom: 0px !important;padding-bottom: 0px !important;}\u00a0\u00bb][vc_column_text css=\u00a0\u00bb.vc_custom_1565686643634{margin-top: 0px !important;padding-top: 0px !important;}\u00a0\u00bb]Quelques projets que nous adorons.[\/vc_column_text][vc_row_inner][vc_column_inner width=\u00a0\u00bb1\/3&Prime;][vc_single_image image=\u00a0\u00bb10823&Prime; img_size=\u00a0\u00bbfull\u00a0\u00bb][vc_custom_heading text=\u00a0\u00bbLes grands oiseaux\u00a0\u00bb font_container=\u00a0\u00bbtag:h5|text_align:left\u00a0\u00bb][vc_single_image image=\u00a0\u00bb10827&Prime; img_size=\u00a0\u00bbfull\u00a0\u00bb][vc_custom_heading text=\u00a0\u00bbChat, crocodile et amis\u00a0\u00bb font_container=\u00a0\u00bbtag:h5|text_align:left\u00a0\u00bb][vc_single_image image=\u00a0\u00bb10814&Prime; img_size=\u00a0\u00bbfull\u00a0\u00bb][vc_custom_heading text=\u00a0\u00bbListe d\u2019invit\u00e9s\u00a0\u00bb font_container=\u00a0\u00bbtag:h5|text_align:left\u00a0\u00bb][\/vc_column_inner][vc_column_inner width=\u00a0\u00bb1\/3&Prime;][vc_single_image image=\u00a0\u00bb10826&Prime; img_size=\u00a0\u00bbfull\u00a0\u00bb][vc_custom_heading text=\u00a0\u00bbAquarelle tropicale\u00a0\u00bb font_container=\u00a0\u00bbtag:h5|text_align:left\u00a0\u00bb][vc_single_image image=\u00a0\u00bb15494&Prime; img_size=\u00a0\u00bbfull\u00a0\u00bb][vc_custom_heading text=\u00a0\u00bbPalais Fronteira\u00a0\u00bb font_container=\u00a0\u00bbtag:h5|text_align:left\u00a0\u00bb][vc_single_image image=\u00a0\u00bb10821&Prime; img_size=\u00a0\u00bbfull\u00a0\u00bb][vc_custom_heading text=\u00a0\u00bbLe mural des poissons\u00a0\u00bb font_container=\u00a0\u00bbtag:h5|text_align:left\u00a0\u00bb][vc_single_image image=\u00a0\u00bb10787&Prime; img_size=\u00a0\u00bbfull\u00a0\u00bb][vc_custom_heading text=\u00a0\u00bbMural de poisson en cru\u00a0\u00bb font_container=\u00a0\u00bbtag:h5|text_align:left\u00a0\u00bb][\/vc_column_inner][vc_column_inner width=\u00a0\u00bb1\/3&Prime;][vc_single_image image=\u00a0\u00bb10824&Prime; img_size=\u00a0\u00bbfull\u00a0\u00bb][vc_custom_heading text=\u00a0\u00bbChina Regio Asie\u00a0\u00bb font_container=\u00a0\u00bbtag:h5|text_align:left\u00a0\u00bb][vc_single_image image=\u00a0\u00bb10796&Prime; img_size=\u00a0\u00bbfull\u00a0\u00bb][vc_custom_heading text=\u00a0\u00bbChinoiserie en rose\u00a0\u00bb font_container=\u00a0\u00bbtag:h5|text_align:left\u00a0\u00bb][vc_single_image image=\u00a0\u00bb10817&Prime; img_size=\u00a0\u00bbfull\u00a0\u00bb][vc_custom_heading text=\u00a0\u00bbBalustrade avec porc-\u00e9pic\u00a0\u00bb font_container=\u00a0\u00bbtag:h5|text_align:left\u00a0\u00bb][\/vc_column_inner][\/vc_row_inner][vc_row_inner][vc_column_inner][vc_single_image image=\u00a0\u00bb10820&Prime; img_size=\u00a0\u00bbfull\u00a0\u00bb][vc_custom_heading text=\u00a0\u00bbPatchwork historique\u00a0\u00bb font_container=\u00a0\u00bbtag:h5|text_align:left\u00a0\u00bb][\/vc_column_inner][\/vc_row_inner][\/vc_column][\/vc_row][\/vc_section][vc_section el_class=\u00a0\u00bbsection-5-bespoke\u00a0\u00bb][vc_row][vc_column][vc_row_inner][vc_column_inner][vc_custom_heading text=\u00a0\u00bbCouleurs, formes et textures sur mesure\u00a0\u00bb font_container=\u00a0\u00bbtag:h3|text_align:center\u00a0\u00bb el_class=\u00a0\u00bbno-margin-bottom\u00a0\u00bb][vc_column_text]<\/p>\n<p style=\"text-align: center;\">Nous encourageons nos clients \u00e0 explorer leur propre cr\u00e9ativit\u00e9 et \u00e0 commander une pi\u00e8ce unique parfaitement<br \/>\nadapt\u00e9e \u00e0 leur style personnel.<\/p>\n<p>[\/vc_column_text][vc_empty_space height=\u00a0\u00bb20px\u00a0\u00bb][\/vc_column_inner][\/vc_row_inner][\/vc_column][\/vc_row][vc_row gap=\u00a0\u00bb\u00a0\u00bb el_class=\u00a0\u00bbgallery-bespoke\u00a0\u00bb][vc_column][rev_slider_vc alias=\u00a0\u00bbbespoke\u00a0\u00bb el_class=\u00a0\u00bbmaxwidthSlide\u00a0\u00bb][vc_empty_space height=\u00a0\u00bb40px\u00a0\u00bb][\/vc_column][\/vc_row][vc_row][vc_column width=\u00a0\u00bb1\/2&Prime;][vc_row_inner][vc_column_inner width=\u00a0\u00bb1\/2&Prime;][vc_single_image image=\u00a0\u00bb10789&Prime; img_size=\u00a0\u00bbfull\u00a0\u00bb][vc_custom_heading text=\u00a0\u00bbPaulo Calado\u00a0\u00bb font_container=\u00a0\u00bbtag:h5|text_align:left\u00a0\u00bb][\/vc_column_inner][vc_column_inner width=\u00a0\u00bb1\/2&Prime;][vc_single_image image=\u00a0\u00bb10805&Prime; img_size=\u00a0\u00bbfull\u00a0\u00bb][vc_custom_heading text=\u00a0\u00bb\u00c1lvaro Afonso\u00a0\u00bb font_container=\u00a0\u00bbtag:h5|text_align:left\u00a0\u00bb][\/vc_column_inner][\/vc_row_inner][vc_row_inner][vc_column_inner][vc_custom_heading text=\u00a0\u00bbLes g\u00e9rants d\u2019une usine de services\u00a0\u00bb font_container=\u00a0\u00bbtag:h6|text_align:left\u00a0\u00bb el_class=\u00a0\u00bbno-margin-bottom\u00a0\u00bb][vc_column_text]Tous les membres de notre organisation doivent reconna\u00eetre que notre usine ne fait pas que fabriquer, elle propose aussi un ensemble de services qui font partie int\u00e9grante de chaque produit. C&rsquo;est cette vision int\u00e9gr\u00e9e des produits et services que nous appelons l&rsquo;usine de services.[\/vc_column_text][\/vc_column_inner][\/vc_row_inner][\/vc_column][vc_column width=\u00a0\u00bb1\/2&Prime;][vc_single_image image=\u00a0\u00bb10816&Prime; img_size=\u00a0\u00bbfull\u00a0\u00bb onclick=\u00a0\u00bbcustom_link\u00a0\u00bb link=\u00a0\u00bbhttp:\/\/newterracotta.com\/fr\/new-terracotta\/\u00a0\u00bb][\/vc_column][\/vc_row][\/vc_section]<\/p>\n","protected":false},"excerpt":{"rendered":"<p>[vc_row full_width=\u00a0\u00bbstretch_row_content_no_spaces\u00a0\u00bb gap=\u00a0\u00bb\u00a0\u00bb parallax_image=\u00a0\u00bb8095&Prime; el_class=\u00a0\u00bbsection-1-bespoke meia-imagem\u00a0\u00bb][vc_column][vc_row_inner el_class=\u00a0\u00bbblock-container\u00a0\u00bb][vc_column_inner width=\u00a0\u00bb1\/2&Prime;][\/vc_column_inner][vc_column_inner width=\u00a0\u00bb1\/2&Prime;][vc_custom_heading text=\u00a0\u00bbDans L&rsquo;Atelier\u00a0\u00bb el_class=\u00a0\u00bbno-margin-bottom\u00a0\u00bb][vc_custom_heading text=\u00a0\u00bbNiveau de personnalisation et collaboration extraordinaire.\u00a0\u00bb font_container=\u00a0\u00bbtag:h4|text_align:left\u00a0\u00bb el_class=\u00a0\u00bbno-margin-bottom\u00a0\u00bb][vc_column_text]Notre \u00e9quipe interne de designers, d\u2019experts en c\u00e9ramique et d&rsquo;artisans exp\u00e9riment\u00e9s [&hellip;]<\/p>\n","protected":false},"author":1,"featured_media":0,"parent":0,"menu_order":0,"comment_status":"closed","ping_status":"closed","template":"","meta":{"_monsterinsights_skip_tracking":false,"_monsterinsights_sitenote_active":false,"_monsterinsights_sitenote_note":"","_monsterinsights_sitenote_category":0},"yoast_head":"<!-- This site is optimized with the Yoast SEO plugin v20.6 - https:\/\/yoast.com\/wordpress\/plugins\/seo\/ -->\n<title>Dans L&#039;Atelier Back - New Terracotta<\/title>\n<meta name=\"description\" content=\"Technique. Museum. Archive. Handpainted.Tiles have played a prominent part in the world throughout history.\" \/>\n<meta name=\"robots\" content=\"index, follow, max-snippet:-1, max-image-preview:large, max-video-preview:-1\" \/>\n<link rel=\"canonical\" href=\"https:\/\/newterracotta.com\/fr\/bespoke-back\/\" \/>\n<meta property=\"og:locale\" content=\"fr_FR\" \/>\n<meta property=\"og:type\" content=\"article\" \/>\n<meta property=\"og:title\" content=\"Dans L&#039;Atelier Back - New Terracotta\" \/>\n<meta property=\"og:description\" content=\"Technique. Museum. Archive. Handpainted.Tiles have played a prominent part in the world throughout history.\" \/>\n<meta property=\"og:url\" content=\"https:\/\/newterracotta.com\/fr\/bespoke-back\/\" \/>\n<meta property=\"og:site_name\" content=\"New Terracotta\" \/>\n<meta property=\"article:modified_time\" content=\"2020-05-12T14:05:10+00:00\" \/>\n<meta name=\"twitter:card\" content=\"summary_large_image\" \/>\n<meta name=\"twitter:label1\" content=\"Dur\u00e9e de lecture estim\u00e9e\" \/>\n\t<meta name=\"twitter:data1\" content=\"8 minutes\" \/>\n<script type=\"application\/ld+json\" class=\"yoast-schema-graph\">{\"@context\":\"https:\/\/schema.org\",\"@graph\":[{\"@type\":\"WebPage\",\"@id\":\"https:\/\/newterracotta.com\/fr\/bespoke-back\/\",\"url\":\"https:\/\/newterracotta.com\/fr\/bespoke-back\/\",\"name\":\"Dans L'Atelier Back - New Terracotta\",\"isPartOf\":{\"@id\":\"https:\/\/newterracotta.com\/#website\"},\"datePublished\":\"2019-08-13T09:00:19+00:00\",\"dateModified\":\"2020-05-12T14:05:10+00:00\",\"description\":\"Technique. Museum. Archive. Handpainted.Tiles have played a prominent part in the world throughout history.\",\"inLanguage\":\"fr-FR\",\"potentialAction\":[{\"@type\":\"ReadAction\",\"target\":[\"https:\/\/newterracotta.com\/fr\/bespoke-back\/\"]}]},{\"@type\":\"WebSite\",\"@id\":\"https:\/\/newterracotta.com\/#website\",\"url\":\"https:\/\/newterracotta.com\/\",\"name\":\"New Terracotta\",\"description\":\"Portuguese Handmade\",\"potentialAction\":[{\"@type\":\"SearchAction\",\"target\":{\"@type\":\"EntryPoint\",\"urlTemplate\":\"https:\/\/newterracotta.com\/?s={search_term_string}\"},\"query-input\":\"required name=search_term_string\"}],\"inLanguage\":\"fr-FR\"}]}<\/script>\n<!-- \/ Yoast SEO plugin. -->","yoast_head_json":{"title":"Dans L'Atelier Back - New Terracotta","description":"Technique. Museum. Archive. Handpainted.Tiles have played a prominent part in the world throughout history.","robots":{"index":"index","follow":"follow","max-snippet":"max-snippet:-1","max-image-preview":"max-image-preview:large","max-video-preview":"max-video-preview:-1"},"canonical":"https:\/\/newterracotta.com\/fr\/bespoke-back\/","og_locale":"fr_FR","og_type":"article","og_title":"Dans L'Atelier Back - New Terracotta","og_description":"Technique. Museum. Archive. Handpainted.Tiles have played a prominent part in the world throughout history.","og_url":"https:\/\/newterracotta.com\/fr\/bespoke-back\/","og_site_name":"New Terracotta","article_modified_time":"2020-05-12T14:05:10+00:00","twitter_card":"summary_large_image","twitter_misc":{"Dur\u00e9e de lecture estim\u00e9e":"8 minutes"},"schema":{"@context":"https:\/\/schema.org","@graph":[{"@type":"WebPage","@id":"https:\/\/newterracotta.com\/fr\/bespoke-back\/","url":"https:\/\/newterracotta.com\/fr\/bespoke-back\/","name":"Dans L'Atelier Back - New Terracotta","isPartOf":{"@id":"https:\/\/newterracotta.com\/#website"},"datePublished":"2019-08-13T09:00:19+00:00","dateModified":"2020-05-12T14:05:10+00:00","description":"Technique. Museum. Archive. Handpainted.Tiles have played a prominent part in the world throughout history.","inLanguage":"fr-FR","potentialAction":[{"@type":"ReadAction","target":["https:\/\/newterracotta.com\/fr\/bespoke-back\/"]}]},{"@type":"WebSite","@id":"https:\/\/newterracotta.com\/#website","url":"https:\/\/newterracotta.com\/","name":"New Terracotta","description":"Portuguese Handmade","potentialAction":[{"@type":"SearchAction","target":{"@type":"EntryPoint","urlTemplate":"https:\/\/newterracotta.com\/?s={search_term_string}"},"query-input":"required name=search_term_string"}],"inLanguage":"fr-FR"}]}},"_links":{"self":[{"href":"https:\/\/newterracotta.com\/fr\/wp-json\/wp\/v2\/pages\/10780"}],"collection":[{"href":"https:\/\/newterracotta.com\/fr\/wp-json\/wp\/v2\/pages"}],"about":[{"href":"https:\/\/newterracotta.com\/fr\/wp-json\/wp\/v2\/types\/page"}],"author":[{"embeddable":true,"href":"https:\/\/newterracotta.com\/fr\/wp-json\/wp\/v2\/users\/1"}],"replies":[{"embeddable":true,"href":"https:\/\/newterracotta.com\/fr\/wp-json\/wp\/v2\/comments?post=10780"}],"version-history":[{"count":8,"href":"https:\/\/newterracotta.com\/fr\/wp-json\/wp\/v2\/pages\/10780\/revisions"}],"predecessor-version":[{"id":30224,"href":"https:\/\/newterracotta.com\/fr\/wp-json\/wp\/v2\/pages\/10780\/revisions\/30224"}],"wp:attachment":[{"href":"https:\/\/newterracotta.com\/fr\/wp-json\/wp\/v2\/media?parent=10780"}],"curies":[{"name":"wp","href":"https:\/\/api.w.org\/{rel}","templated":true}]}}