{"id":10962,"date":"2019-08-13T10:07:50","date_gmt":"2019-08-13T10:07:50","guid":{"rendered":"http:\/\/newterracotta.com\/?page_id=10962"},"modified":"2019-09-12T11:02:11","modified_gmt":"2019-09-12T11:02:11","slug":"pure-lux","status":"publish","type":"page","link":"https:\/\/newterracotta.com\/fr\/pure-lux\/","title":{"rendered":"Pure Lux"},"content":{"rendered":"<p>[vc_row gap=\u00a0\u00bb\u00a0\u00bb css=\u00a0\u00bb.vc_custom_1564584468448{margin-top: 60px !important;margin-bottom: 0px !important;}\u00a0\u00bb el_class=\u00a0\u00bbpurelux-page\u00a0\u00bb][vc_column css=\u00a0\u00bb.vc_custom_1555456621621{margin-top: 30px !important;margin-bottom: 30px !important;}\u00a0\u00bb][vc_custom_heading text=\u00a0\u00bbPURE LUX\u00a0\u00bb font_container=\u00a0\u00bbtag:h2|text_align:center\u00a0\u00bb][vc_row_inner css=\u00a0\u00bb.vc_custom_1564584451772{margin-bottom: 0px !important;padding-bottom: 0px !important;}\u00a0\u00bb][vc_column_inner][vc_column_text css=\u00a0\u00bb.vc_custom_1565690828500{margin-bottom: 0px !important;padding-bottom: 0px !important;}\u00a0\u00bb]<\/p>\n<h3 style=\"text-align: center;\">Des pi\u00e8ces uniques d&rsquo;un luxe discret. Or et platine.<\/h3>\n<p style=\"text-align: center;\">Approche tr\u00e8s subtile de la joaillerie, les pi\u00e8ces \u00e9maill\u00e9es PURE LUX or et platine sont \u00e9l\u00e9gantes, stylis\u00e9es et \u00e0 part.<br \/>\nNew Terracotta s&rsquo;engage envers l&rsquo;exclusivit\u00e9, en mettant l&rsquo;accent sur les commissions sur mesure.<\/p>\n<p>[\/vc_column_text][\/vc_column_inner][\/vc_row_inner][\/vc_column][\/vc_row][vc_row gap=\u00a0\u00bb\u00a0\u00bb el_class=\u00a0\u00bbpurelux-page\u00a0\u00bb][vc_column width=\u00a0\u00bb1\/6&Prime;][\/vc_column][vc_column width=\u00a0\u00bb4\/6&Prime;][vc_raw_html el_class=\u00a0\u00bbhoverImg\u00a0\u00bb]JTNDaW1nJTIwY2xhc3MlM0QlMjJhbGlnbm5vbmUlMjBzaXplLWZ1bGwlMjB3cC1pbWFnZS04NDg0JTIyJTIwc3JjJTNEJTIyaHR0cHMlM0ElMkYlMkZuZXd0ZXJyYWNvdHRhLmNvbSUyRndwLWNvbnRlbnQlMkZ1cGxvYWRzJTJGMjAxOSUyRjA3JTJGbmV3LXRlcnJhY290dGEtcHVyZS1sdXgtbW9vZC1ib2FyZC0xLnBuZyUyMiUyMG9yaSUzRCUyMmh0dHBzJTNBJTJGJTJGbmV3dGVycmFjb3R0YS5jb20lMkZ3cC1jb250ZW50JTJGdXBsb2FkcyUyRjIwMTklMkYwNyUyRm5ldy10ZXJyYWNvdHRhLXB1cmUtbHV4LW1vb2QtYm9hcmQtMS5wbmclMjIlMjBhbHQlM0QlMjJodHRwcyUzQSUyRiUyRm5ld3RlcnJhY290dGEuY29tJTJGd3AtY29udGVudCUyRnVwbG9hZHMlMkYyMDE5JTJGMDclMkZuZXctdGVycmFjb3R0YS1wdXJlLWx1eC1tb29kLWJvYXJkLTEtdGFncy5wbmclMjIlMjB3aWR0aCUzRCUyMjEyMDAlMjIlMjBoZWlnaHQlM0QlMjI5MDElMjIlMjAlMkYlM0U=[\/vc_raw_html][vc_raw_html el_class=\u00a0\u00bbhoverImg\u00a0\u00bb]JTNDaW1nJTIwY2xhc3MlM0QlMjJhbGlnbm5vbmUlMjBzaXplLWZ1bGwlMjB3cC1pbWFnZS04NDg0JTIyJTIwc3JjJTNEJTIyaHR0cHMlM0ElMkYlMkZuZXd0ZXJyYWNvdHRhLmNvbSUyRndwLWNvbnRlbnQlMkZ1cGxvYWRzJTJGMjAxOSUyRjA3JTJGbmV3LXRlcnJhY290dGEtcHVyZS1sdXgtbW9vZC1ib2FyZC0yLnBuZyUyMiUyMG9yaSUzRCUyMmh0dHBzJTNBJTJGJTJGbmV3dGVycmFjb3R0YS5jb20lMkZ3cC1jb250ZW50JTJGdXBsb2FkcyUyRjIwMTklMkYwNyUyRm5ldy10ZXJyYWNvdHRhLXB1cmUtbHV4LW1vb2QtYm9hcmQtMi5wbmclMjIlMjBhbHQlM0QlMjJodHRwcyUzQSUyRiUyRm5ld3RlcnJhY290dGEuY29tJTJGd3AtY29udGVudCUyRnVwbG9hZHMlMkYyMDE5JTJGMDclMkZuZXctdGVycmFjb3R0YS1wdXJlLWx1eC1tb29kLWJvYXJkLTItdGFncy5wbmclMjIlMjB3aWR0aCUzRCUyMjEyMDAlMjIlMjBoZWlnaHQlM0QlMjI5MDElMjIlMjAlMkYlM0U=[\/vc_raw_html][vc_raw_html el_class=\u00a0\u00bbhoverImg\u00a0\u00bb]JTNDaW1nJTIwY2xhc3MlM0QlMjJhbGlnbm5vbmUlMjBzaXplLWZ1bGwlMjB3cC1pbWFnZS04NDg0JTIyJTIwc3JjJTNEJTIyaHR0cHMlM0ElMkYlMkZuZXd0ZXJyYWNvdHRhLmNvbSUyRndwLWNvbnRlbnQlMkZ1cGxvYWRzJTJGMjAxOSUyRjA3JTJGbmV3LXRlcnJhY290dGEtcHVyZS1sdXgtbW9vZC1ib2FyZC0zLnBuZyUyMiUyMG9yaSUzRCUyMmh0dHBzJTNBJTJGJTJGbmV3dGVycmFjb3R0YS5jb20lMkZ3cC1jb250ZW50JTJGdXBsb2FkcyUyRjIwMTklMkYwNyUyRm5ldy10ZXJyYWNvdHRhLXB1cmUtbHV4LW1vb2QtYm9hcmQtMy5wbmclMjIlMjBhbHQlM0QlMjJodHRwcyUzQSUyRiUyRm5ld3RlcnJhY290dGEuY29tJTJGd3AtY29udGVudCUyRnVwbG9hZHMlMkYyMDE5JTJGMDclMkZuZXctdGVycmFjb3R0YS1wdXJlLWx1eC1tb29kLWJvYXJkLTMtdGFncy5wbmclMjIlMjB3aWR0aCUzRCUyMjEyMDAlMjIlMjBoZWlnaHQlM0QlMjI5MDElMjIlMjAlMkYlM0U=[\/vc_raw_html][vc_raw_html el_class=\u00a0\u00bbhoverImg\u00a0\u00bb]JTNDaW1nJTIwY2xhc3MlM0QlMjJhbGlnbm5vbmUlMjBzaXplLWZ1bGwlMjB3cC1pbWFnZS04NDg0JTIyJTIwc3JjJTNEJTIyaHR0cHMlM0ElMkYlMkZuZXd0ZXJyYWNvdHRhLmNvbSUyRndwLWNvbnRlbnQlMkZ1cGxvYWRzJTJGMjAxOSUyRjA3JTJGbmV3LXRlcnJhY290dGEtcHVyZS1sdXgtbW9vZC1ib2FyZC00LnBuZyUyMiUyMG9yaSUzRCUyMmh0dHBzJTNBJTJGJTJGbmV3dGVycmFjb3R0YS5jb20lMkZ3cC1jb250ZW50JTJGdXBsb2FkcyUyRjIwMTklMkYwNyUyRm5ldy10ZXJyYWNvdHRhLXB1cmUtbHV4LW1vb2QtYm9hcmQtNC5wbmclMjIlMjBhbHQlM0QlMjJodHRwcyUzQSUyRiUyRm5ld3RlcnJhY290dGEuY29tJTJGd3AtY29udGVudCUyRnVwbG9hZHMlMkYyMDE5JTJGMDclMkZuZXctdGVycmFjb3R0YS1wdXJlLWx1eC1tb29kLWJvYXJkLTQtdGFncy5wbmclMjIlMjB3aWR0aCUzRCUyMjEyMDAlMjIlMjBoZWlnaHQlM0QlMjI5MDElMjIlMjAlMkYlM0U=[\/vc_raw_html][vc_raw_html el_class=\u00a0\u00bbhoverImg\u00a0\u00bb]JTNDaW1nJTIwY2xhc3MlM0QlMjJhbGlnbm5vbmUlMjBzaXplLWZ1bGwlMjB3cC1pbWFnZS04NDg0JTIyJTIwc3JjJTNEJTIyaHR0cHMlM0ElMkYlMkZuZXd0ZXJyYWNvdHRhLmNvbSUyRndwLWNvbnRlbnQlMkZ1cGxvYWRzJTJGMjAxOSUyRjA3JTJGbmV3LXRlcnJhY290dGEtcHVyZS1sdXgtbW9vZC1ib2FyZC01LnBuZyUyMiUyMG9yaSUzRCUyMmh0dHBzJTNBJTJGJTJGbmV3dGVycmFjb3R0YS5jb20lMkZ3cC1jb250ZW50JTJGdXBsb2FkcyUyRjIwMTklMkYwNyUyRm5ldy10ZXJyYWNvdHRhLXB1cmUtbHV4LW1vb2QtYm9hcmQtNS5wbmclMjIlMjBhbHQlM0QlMjJodHRwcyUzQSUyRiUyRm5ld3RlcnJhY290dGEuY29tJTJGd3AtY29udGVudCUyRnVwbG9hZHMlMkYyMDE5JTJGMDclMkZuZXctdGVycmFjb3R0YS1wdXJlLWx1eC1tb29kLWJvYXJkLTUtdGFncy5wbmclMjIlMjB3aWR0aCUzRCUyMjEyMDAlMjIlMjBoZWlnaHQlM0QlMjI5MDElMjIlMjAlMkYlM0U=[\/vc_raw_html][vc_raw_html el_class=\u00a0\u00bbhoverImg\u00a0\u00bb]JTNDaW1nJTIwY2xhc3MlM0QlMjJhbGlnbm5vbmUlMjBzaXplLWZ1bGwlMjB3cC1pbWFnZS04NDg0JTIyJTIwc3JjJTNEJTIyaHR0cHMlM0ElMkYlMkZuZXd0ZXJyYWNvdHRhLmNvbSUyRndwLWNvbnRlbnQlMkZ1cGxvYWRzJTJGMjAxOSUyRjA3JTJGbmV3LXRlcnJhY290dGEtcHVyZS1sdXgtbW9vZC1ib2FyZC02LnBuZyUyMiUyMG9yaSUzRCUyMmh0dHBzJTNBJTJGJTJGbmV3dGVycmFjb3R0YS5jb20lMkZ3cC1jb250ZW50JTJGdXBsb2FkcyUyRjIwMTklMkYwNyUyRm5ldy10ZXJyYWNvdHRhLXB1cmUtbHV4LW1vb2QtYm9hcmQtNi5wbmclMjIlMjBhbHQlM0QlMjJodHRwcyUzQSUyRiUyRm5ld3RlcnJhY290dGEuY29tJTJGd3AtY29udGVudCUyRnVwbG9hZHMlMkYyMDE5JTJGMDclMkZuZXctdGVycmFjb3R0YS1wdXJlLWx1eC1tb29kLWJvYXJkLTYtdGFncy5wbmclMjIlMjB3aWR0aCUzRCUyMjEyMDAlMjIlMjBoZWlnaHQlM0QlMjI5MDElMjIlMjAlMkYlM0U=[\/vc_raw_html][\/vc_column][vc_column width=\u00a0\u00bb1\/6&Prime;][\/vc_column][\/vc_row][vc_row full_width=\u00a0\u00bbstretch_row_content_no_spaces\u00a0\u00bb gap=\u00a0\u00bb\u00a0\u00bb el_class=\u00a0\u00bblets-talk-bloco\u00a0\u00bb][vc_column][vc_custom_heading text=\u00a0\u00bbAvez-vous un projet en t\u00eate?<br \/>\nNous serons ravis d\u2019en faire partie!\u00a0\u00bb font_container=\u00a0\u00bbtag:h2|text_align:center\u00a0\u00bb][vc_column_text]<\/p>\n<h5 style=\"text-align: center;\"><a href=\"http:\/\/newterracotta.com\/fr\/contact-2\/\">PARLONS-EN.<\/a><\/h5>\n<p>[\/vc_column_text][\/vc_column][\/vc_row]<\/p>\n","protected":false},"excerpt":{"rendered":"<p>[vc_row gap=\u00a0\u00bb\u00a0\u00bb css=\u00a0\u00bb.vc_custom_1564584468448{margin-top: 60px !important;margin-bottom: 0px !important;}\u00a0\u00bb el_class=\u00a0\u00bbpurelux-page\u00a0\u00bb][vc_column css=\u00a0\u00bb.vc_custom_1555456621621{margin-top: 30px !important;margin-bottom: 30px !important;}\u00a0\u00bb][vc_custom_heading text=\u00a0\u00bbPURE LUX\u00a0\u00bb font_container=\u00a0\u00bbtag:h2|text_align:center\u00a0\u00bb][vc_row_inner css=\u00a0\u00bb.vc_custom_1564584451772{margin-bottom: 0px !important;padding-bottom: 0px !important;}\u00a0\u00bb][vc_column_inner][vc_column_text css=\u00a0\u00bb.vc_custom_1565690828500{margin-bottom: 0px !important;padding-bottom: 0px !important;}\u00a0\u00bb] Des pi\u00e8ces uniques d&rsquo;un [&hellip;]<\/p>\n","protected":false},"author":1,"featured_media":0,"parent":0,"menu_order":0,"comment_status":"closed","ping_status":"closed","template":"","meta":{"_monsterinsights_skip_tracking":false,"_monsterinsights_sitenote_active":false,"_monsterinsights_sitenote_note":"","_monsterinsights_sitenote_category":0},"yoast_head":"<!-- This site is optimized with the Yoast SEO plugin v20.6 - https:\/\/yoast.com\/wordpress\/plugins\/seo\/ -->\n<title>Pure Lux - New Terracotta<\/title>\n<meta name=\"robots\" content=\"index, follow, max-snippet:-1, max-image-preview:large, max-video-preview:-1\" \/>\n<link rel=\"canonical\" href=\"https:\/\/newterracotta.com\/fr\/pure-lux\/\" \/>\n<meta property=\"og:locale\" content=\"fr_FR\" \/>\n<meta property=\"og:type\" content=\"article\" \/>\n<meta property=\"og:title\" content=\"Pure Lux - New Terracotta\" \/>\n<meta property=\"og:description\" content=\"[vc_row gap=\u00a0\u00bb\u00a0\u00bb css=\u00a0\u00bb.vc_custom_1564584468448{margin-top: 60px !important;margin-bottom: 0px !important;}\u00a0\u00bb el_class=\u00a0\u00bbpurelux-page\u00a0\u00bb][vc_column css=\u00a0\u00bb.vc_custom_1555456621621{margin-top: 30px !important;margin-bottom: 30px !important;}\u00a0\u00bb][vc_custom_heading text=\u00a0\u00bbPURE LUX\u00a0\u00bb font_container=\u00a0\u00bbtag:h2|text_align:center\u00a0\u00bb][vc_row_inner css=\u00a0\u00bb.vc_custom_1564584451772{margin-bottom: 0px !important;padding-bottom: 0px !important;}\u00a0\u00bb][vc_column_inner][vc_column_text css=\u00a0\u00bb.vc_custom_1565690828500{margin-bottom: 0px !important;padding-bottom: 0px !important;}\u00a0\u00bb] Des pi\u00e8ces uniques d&rsquo;un [&hellip;]\" \/>\n<meta property=\"og:url\" content=\"https:\/\/newterracotta.com\/fr\/pure-lux\/\" \/>\n<meta property=\"og:site_name\" content=\"New Terracotta\" \/>\n<meta property=\"article:modified_time\" content=\"2019-09-12T11:02:11+00:00\" \/>\n<meta name=\"twitter:card\" content=\"summary_large_image\" \/>\n<meta name=\"twitter:label1\" content=\"Dur\u00e9e de lecture estim\u00e9e\" \/>\n\t<meta name=\"twitter:data1\" content=\"3 minutes\" \/>\n<script type=\"application\/ld+json\" class=\"yoast-schema-graph\">{\"@context\":\"https:\/\/schema.org\",\"@graph\":[{\"@type\":\"WebPage\",\"@id\":\"https:\/\/newterracotta.com\/fr\/pure-lux\/\",\"url\":\"https:\/\/newterracotta.com\/fr\/pure-lux\/\",\"name\":\"Pure Lux - New Terracotta\",\"isPartOf\":{\"@id\":\"https:\/\/newterracotta.com\/#website\"},\"datePublished\":\"2019-08-13T10:07:50+00:00\",\"dateModified\":\"2019-09-12T11:02:11+00:00\",\"inLanguage\":\"fr-FR\",\"potentialAction\":[{\"@type\":\"ReadAction\",\"target\":[\"https:\/\/newterracotta.com\/fr\/pure-lux\/\"]}]},{\"@type\":\"WebSite\",\"@id\":\"https:\/\/newterracotta.com\/#website\",\"url\":\"https:\/\/newterracotta.com\/\",\"name\":\"New Terracotta\",\"description\":\"Portuguese Handmade\",\"potentialAction\":[{\"@type\":\"SearchAction\",\"target\":{\"@type\":\"EntryPoint\",\"urlTemplate\":\"https:\/\/newterracotta.com\/?s={search_term_string}\"},\"query-input\":\"required name=search_term_string\"}],\"inLanguage\":\"fr-FR\"}]}<\/script>\n<!-- \/ Yoast SEO plugin. -->","yoast_head_json":{"title":"Pure Lux - New Terracotta","robots":{"index":"index","follow":"follow","max-snippet":"max-snippet:-1","max-image-preview":"max-image-preview:large","max-video-preview":"max-video-preview:-1"},"canonical":"https:\/\/newterracotta.com\/fr\/pure-lux\/","og_locale":"fr_FR","og_type":"article","og_title":"Pure Lux - New Terracotta","og_description":"[vc_row gap=\u00a0\u00bb\u00a0\u00bb css=\u00a0\u00bb.vc_custom_1564584468448{margin-top: 60px !important;margin-bottom: 0px !important;}\u00a0\u00bb el_class=\u00a0\u00bbpurelux-page\u00a0\u00bb][vc_column css=\u00a0\u00bb.vc_custom_1555456621621{margin-top: 30px !important;margin-bottom: 30px !important;}\u00a0\u00bb][vc_custom_heading text=\u00a0\u00bbPURE LUX\u00a0\u00bb font_container=\u00a0\u00bbtag:h2|text_align:center\u00a0\u00bb][vc_row_inner css=\u00a0\u00bb.vc_custom_1564584451772{margin-bottom: 0px !important;padding-bottom: 0px !important;}\u00a0\u00bb][vc_column_inner][vc_column_text css=\u00a0\u00bb.vc_custom_1565690828500{margin-bottom: 0px !important;padding-bottom: 0px !important;}\u00a0\u00bb] Des pi\u00e8ces uniques d&rsquo;un [&hellip;]","og_url":"https:\/\/newterracotta.com\/fr\/pure-lux\/","og_site_name":"New Terracotta","article_modified_time":"2019-09-12T11:02:11+00:00","twitter_card":"summary_large_image","twitter_misc":{"Dur\u00e9e de lecture estim\u00e9e":"3 minutes"},"schema":{"@context":"https:\/\/schema.org","@graph":[{"@type":"WebPage","@id":"https:\/\/newterracotta.com\/fr\/pure-lux\/","url":"https:\/\/newterracotta.com\/fr\/pure-lux\/","name":"Pure Lux - New Terracotta","isPartOf":{"@id":"https:\/\/newterracotta.com\/#website"},"datePublished":"2019-08-13T10:07:50+00:00","dateModified":"2019-09-12T11:02:11+00:00","inLanguage":"fr-FR","potentialAction":[{"@type":"ReadAction","target":["https:\/\/newterracotta.com\/fr\/pure-lux\/"]}]},{"@type":"WebSite","@id":"https:\/\/newterracotta.com\/#website","url":"https:\/\/newterracotta.com\/","name":"New Terracotta","description":"Portuguese Handmade","potentialAction":[{"@type":"SearchAction","target":{"@type":"EntryPoint","urlTemplate":"https:\/\/newterracotta.com\/?s={search_term_string}"},"query-input":"required name=search_term_string"}],"inLanguage":"fr-FR"}]}},"_links":{"self":[{"href":"https:\/\/newterracotta.com\/fr\/wp-json\/wp\/v2\/pages\/10962"}],"collection":[{"href":"https:\/\/newterracotta.com\/fr\/wp-json\/wp\/v2\/pages"}],"about":[{"href":"https:\/\/newterracotta.com\/fr\/wp-json\/wp\/v2\/types\/page"}],"author":[{"embeddable":true,"href":"https:\/\/newterracotta.com\/fr\/wp-json\/wp\/v2\/users\/1"}],"replies":[{"embeddable":true,"href":"https:\/\/newterracotta.com\/fr\/wp-json\/wp\/v2\/comments?post=10962"}],"version-history":[{"count":5,"href":"https:\/\/newterracotta.com\/fr\/wp-json\/wp\/v2\/pages\/10962\/revisions"}],"predecessor-version":[{"id":18049,"href":"https:\/\/newterracotta.com\/fr\/wp-json\/wp\/v2\/pages\/10962\/revisions\/18049"}],"wp:attachment":[{"href":"https:\/\/newterracotta.com\/fr\/wp-json\/wp\/v2\/media?parent=10962"}],"curies":[{"name":"wp","href":"https:\/\/api.w.org\/{rel}","templated":true}]}}