{"id":11059,"date":"2019-08-13T14:06:36","date_gmt":"2019-08-13T14:06:36","guid":{"rendered":"http:\/\/newterracotta.com\/?page_id=11059"},"modified":"2022-12-28T09:23:30","modified_gmt":"2022-12-28T09:23:30","slug":"about-responsability","status":"publish","type":"page","link":"https:\/\/newterracotta.com\/fr\/about-responsability\/","title":{"rendered":"Durabilit\u00e9"},"content":{"rendered":"<p>[vc_row full_width=\u00a0\u00bbstretch_row\u00a0\u00bb gap=\u00a0\u00bb\u00a0\u00bb css=\u00a0\u00bb.vc_custom_1664289473949{margin-bottom: 0px !important;background-image: url(https:\/\/newterracotta.com\/wp-content\/uploads\/2022\/09\/NWT-About-Sustainability.jpg?id=54099) !important;}\u00a0\u00bb el_class=\u00a0\u00bbfundoDestaqueImg susDestaque\u00a0\u00bb][vc_column][vc_row_inner][vc_column_inner][vc_column_text el_class=\u00a0\u00bbcxDestaque cxBranca\u00a0\u00bb]<\/p>\n<h1><strong>Durabilit\u00e9<\/strong><\/h1>\n<h3><strong>Nous nous soucions de la plan\u00e8te<\/strong><\/h3>\n<p>[\/vc_column_text][\/vc_column_inner][\/vc_row_inner][\/vc_column][\/vc_row][vc_row full_width=\u00a0\u00bbstretch_row_content_no_spaces\u00a0\u00bb gap=\u00a0\u00bb\u00a0\u00bb css=\u00a0\u00bb.vc_custom_1661523583485{margin-bottom: 0px !important;padding-right: 8% !important;padding-left: 8% !important;}\u00a0\u00bb][vc_column][vc_row_inner el_class=\u00a0\u00bbwe-believe-extra-texto susten-bl-1&Prime;][vc_column_inner][vc_empty_space height=\u00a0\u00bb100px\u00a0\u00bb][vc_column_text]<\/p>\n<h3>En tant qu\u2019acteur de la soci\u00e9t\u00e9, New Terracotta souhaite contribuer \u00e0 am\u00e9liorer la vie des g\u00e9n\u00e9rations actuelles et futures.<\/h3>\n<p>Tout d&rsquo;abord, en fabriquant de beaux carreaux de haute qualit\u00e9, garantis pour durer des si\u00e8cles, mais aussi en utilisant une partie de nos b\u00e9n\u00e9fices pour apporter une contribution essentielle au bien-\u00eatre de nos collaborateurs, de la communaut\u00e9 et de l&rsquo;environnement. Le bien-\u00eatre des entreprises fait partie de notre philosophie depuis le premier jour. En r\u00e9alit\u00e9, la durabilit\u00e9 a pouss\u00e9 les fondateurs \u00e0 cr\u00e9er une usine de terre cuite \u00e9cologique 100 % artisanale dans une zone rurale \u00e0 faible densit\u00e9 au centre du Portugal.[\/vc_column_text][vc_empty_space height=\u00a0\u00bb50px\u00a0\u00bb][\/vc_column_inner][\/vc_row_inner][\/vc_column][\/vc_row][vc_row full_width=\u00a0\u00bbstretch_row_content_no_spaces\u00a0\u00bb gap=\u00a0\u00bb\u00a0\u00bb css=\u00a0\u00bb.vc_custom_1661524113420{margin-bottom: 0px !important;padding-right: 14% !important;padding-left: 14% !important;}\u00a0\u00bb][vc_column][vc_row_inner el_class=\u00a0\u00bbwe-believe-extra-texto susten-bl-1 susten-bl-2&Prime;][vc_column_inner][vc_column_text]<\/p>\n<h3><strong>Durabilit\u00e9 sociale.<br \/>\n<\/strong><strong> The People Home Factory.<\/strong><\/h3>\n<p>Chez New Terracotta, l\u2019atmosph\u00e8re accueillante et l\u2019approche ax\u00e9e sur les personnes et l&rsquo;int\u00e9grit\u00e9 occupent une place centrale. Tous nos collaborateurs sont motiv\u00e9s et ont la possibilit\u00e9 de d\u00e9velopper leurs comp\u00e9tences au maximum de leur potentiel et de prendre des responsabilit\u00e9s. Nous nous engageons pleinement \u00e0 favoriser une culture inclusive dans laquelle la diversit\u00e9 est reconnue et valoris\u00e9e.<\/p>\n<p>[\/vc_column_text][vc_separator color=\u00a0\u00bbblack\u00a0\u00bb border_width=\u00a0\u00bb3&Prime;][vc_empty_space height=\u00a0\u00bb100px\u00a0\u00bb][\/vc_column_inner][\/vc_row_inner][\/vc_column][\/vc_row][vc_row full_width=\u00a0\u00bbstretch_row_content_no_spaces\u00a0\u00bb gap=\u00a0\u00bb\u00a0\u00bb css=\u00a0\u00bb.vc_custom_1661524315448{margin-bottom: 0px !important;padding-top: 10vh !important;padding-right: 14% !important;padding-bottom: 60vh !important;padding-left: 14% !important;background-image: url(https:\/\/newterracotta.com\/wp-content\/uploads\/2022\/08\/NWT-About-Sustainability-Pink-Factory.jpg?id=43582) !important;background-position: center !important;background-repeat: no-repeat !important;background-size: cover !important;}\u00a0\u00bb][vc_column][vc_row_inner el_class=\u00a0\u00bbwe-believe-extra-texto susten-bl-1 susten-bl-3&Prime;][vc_column_inner][vc_column_text]<\/p>\n<h2 class=\"desc-titulo-cor\"><b>L&rsquo;usine rose dans la for\u00eat qui relie les gens \u00e0 la nature. <\/b>Nos 90 collaborateurs sont des ambassadeurs actifs qui fa\u00e7onnent leur propre avenir dans un environnement stimulant, s\u00fbr, sain et beau, avec un minimum de stress. La for\u00eat luxuriante qui accueille les visiteurs de l&rsquo;usine New Terracotta contraste fortement avec les autres parcs industriels.<\/h2>\n<p>[\/vc_column_text][vc_separator color=\u00a0\u00bbblack\u00a0\u00bb align=\u00a0\u00bbalign_left\u00a0\u00bb border_width=\u00a0\u00bb6&Prime; el_width=\u00a0\u00bb20&Prime;][\/vc_column_inner][\/vc_row_inner][\/vc_column][\/vc_row][vc_row full_width=\u00a0\u00bbstretch_row_content_no_spaces\u00a0\u00bb gap=\u00a0\u00bb\u00a0\u00bb css=\u00a0\u00bb.vc_custom_1661524391108{margin-bottom: 0px !important;padding-right: 12% !important;padding-left: 12% !important;background-position: center !important;background-repeat: no-repeat !important;background-size: cover !important;}\u00a0\u00bb][vc_column][vc_row_inner el_class=\u00a0\u00bbwe-believe-extra-texto susten-bl-1 susten-bl-3&Prime;][vc_column_inner][vc_empty_space height=\u00a0\u00bb100px\u00a0\u00bb][vc_images_carousel images=\u00a0\u00bb43555,43579,43573,43567,43561,43549,43543&Prime; img_size=\u00a0\u00bbfull\u00a0\u00bb autoplay=\u00a0\u00bbyes\u00a0\u00bb hide_pagination_control=\u00a0\u00bbyes\u00a0\u00bb wrap=\u00a0\u00bbyes\u00a0\u00bb][vc_empty_space height=\u00a0\u00bb30px\u00a0\u00bb][\/vc_column_inner][\/vc_row_inner][\/vc_column][\/vc_row][vc_row full_width=\u00a0\u00bbstretch_row_content_no_spaces\u00a0\u00bb gap=\u00a0\u00bb\u00a0\u00bb css=\u00a0\u00bb.vc_custom_1661524113420{margin-bottom: 0px !important;padding-right: 14% !important;padding-left: 14% !important;}\u00a0\u00bb][vc_column][vc_row_inner el_class=\u00a0\u00bbwe-believe-extra-texto susten-bl-1 susten-bl-2&Prime;][vc_column_inner][vc_column_text]<\/p>\n<h3><strong>Responsabilit\u00e9 sociale des entreprises.<br \/>\n<\/strong><strong> Faire une petite diff\u00e9rence.<\/strong><\/h3>\n<p>Depuis la cr\u00e9ation de l&rsquo;entreprise en 2014, nous tenons absolument \u00e0 jouer un r\u00f4le significatif en apportant une contribution positive \u00e0 la soci\u00e9t\u00e9 dans laquelle nous vivons.[\/vc_column_text][vc_separator color=\u00a0\u00bbblack\u00a0\u00bb border_width=\u00a0\u00bb3&Prime;][vc_empty_space height=\u00a0\u00bb70px\u00a0\u00bb][\/vc_column_inner][\/vc_row_inner][\/vc_column][\/vc_row][vc_row full_width=\u00a0\u00bbstretch_row_content_no_spaces\u00a0\u00bb gap=\u00a0\u00bb\u00a0\u00bb css=\u00a0\u00bb.vc_custom_1661525577726{margin-bottom: 0px !important;padding-right: 14% !important;padding-left: 14% !important;}\u00a0\u00bb el_class=\u00a0\u00bbsusten-bl-expecial\u00a0\u00bb][vc_column][vc_row_inner el_class=\u00a0\u00bbwe-believe-extra-texto susten-bl-1 susten-bl-10&Prime;][vc_column_inner][vc_single_image image=\u00a0\u00bb43531&Prime; img_size=\u00a0\u00bbfull\u00a0\u00bb][\/vc_column_inner][\/vc_row_inner][vc_row_inner el_class=\u00a0\u00bbwe-believe-extra-texto susten-bl-1 susten-bl-6&Prime;][vc_column_inner width=\u00a0\u00bb1\/2&Prime; css=\u00a0\u00bb.vc_custom_1661525818662{padding-right: 15px !important;}\u00a0\u00bb][vc_single_image image=\u00a0\u00bb43525&Prime; img_size=\u00a0\u00bbfull\u00a0\u00bb][vc_column_text el_class=\u00a0\u00bbverdeverde\u00a0\u00bb]<\/p>\n<h3>Verde Acreditar.<br \/>\nL\u2019importance de 33 600 carreaux.<\/h3>\n<p>Acreditar est une Association de r\u00e9f\u00e9rence nationale visant \u00e0 garantir les droits et \u00e0 promouvoir la qualit\u00e9 de vie dans le domaine de l&rsquo;oncologie p\u00e9diatrique. Elle a \u00e9t\u00e9 cr\u00e9\u00e9e en 1994 avec pour mission d\u2019aborder les changements qu&rsquo;imposent les cancers chez l\u2019enfant, offrant \u00e0 tous la promesse d&rsquo;un soutien en cette p\u00e9riode d&rsquo;incertitude. Aujourd&rsquo;hui, avec quatre foyers construits au Portugal \u2013 Lisbonne, Funchal, Coimbra et Porto \u2013 Casa Acreditar est un espace privil\u00e9gi\u00e9, enti\u00e8rement d\u00e9di\u00e9 \u00e0 l&rsquo;h\u00e9bergement d\u2019enfants, en traitement contre le cancer, et de leur famille proche. Elle apporte confort, paix et une touche de \u00ab\u00a0normalit\u00e9\u00a0\u00bb dans ces vies et chez New Terracotta, nous avons eu le privil\u00e8ge de donner un peu de nous \u00e0 cette grande institution.[\/vc_column_text][vc_empty_space height=\u00a0\u00bb50px\u00a0\u00bb][\/vc_column_inner][vc_column_inner width=\u00a0\u00bb1\/2&Prime; css=\u00a0\u00bb.vc_custom_1661525825821{padding-left: 15px !important;}\u00a0\u00bb][vc_single_image image=\u00a0\u00bb43519&Prime; img_size=\u00a0\u00bbfull\u00a0\u00bb][vc_column_text el_class=\u00a0\u00bbverdeverde\u00a0\u00bb]<\/p>\n<h3>Casa Acreditar Porto.<\/h3>\n<p>Ce projet particulier, Casa Acreditar \u00e0 Porto, avec ses 4 \u00e9tages et 1\u00a0707 m2, construit sur un terrain adjacent \u00e0 l&rsquo;IPO (Institut portugais d&rsquo;oncologie) et proche de l&rsquo;h\u00f4pital S\u00e3o Jo\u00e3o, cette maison, qui abrite 16 familles, est compos\u00e9e de 16 chambres avec salle de bain priv\u00e9e, 3 salles communes (une pour les parents, une pour les enfants et une pour les jeunes), une cuisine commune constitu\u00e9e de cinq modules, une buanderie et des aires de loisirs ext\u00e9rieures.<\/p>\n<p>Con\u00e7u par ALA.rquitectos (\u00e0 l\u2019\u00e9poque &#8211; Atelier do Cardoso), nous avons \u00e9t\u00e9 charg\u00e9s par les architectes Mafalda Ribeiro Ambr\u00f3sio et Jo\u00e3o Gomes Leit\u00e3o de d\u00e9velopper un \u00e9mail sp\u00e9cial pour la fa\u00e7ade ext\u00e9rieure du b\u00e2timent. Nous avons pris cette mission \u00e0 c\u0153ur, en cr\u00e9ant un \u00e9mail aux teintes tr\u00e8s variables, imitant les espaces environnants et l&rsquo;h\u00e9t\u00e9rog\u00e9n\u00e9it\u00e9 des familles elles-m\u00eames. Nous l&rsquo;avons nomm\u00e9 Verde Acreditar.<\/p>\n<p>\u201cAcreditar\u201d &#8211; veut dire croire<br \/>\n<a href=\"https:\/\/www.acreditar.org.pt\" target=\"_blank\" rel=\"noopener\">www.acreditar.org.pt<\/a>[\/vc_column_text][vc_empty_space height=\u00a0\u00bb100px\u00a0\u00bb][\/vc_column_inner][\/vc_row_inner][\/vc_column][\/vc_row][vc_row full_width=\u00a0\u00bbstretch_row_content_no_spaces\u00a0\u00bb gap=\u00a0\u00bb\u00a0\u00bb css=\u00a0\u00bb.vc_custom_1661524113420{margin-bottom: 0px !important;padding-right: 14% !important;padding-left: 14% !important;}\u00a0\u00bb][vc_column][vc_row_inner el_class=\u00a0\u00bbwe-believe-extra-texto susten-bl-1 susten-bl-2&Prime;][vc_column_inner][vc_column_text]<\/p>\n<h3><strong>Durabilit\u00e9 environnementale<br \/>\nLe carreau \u00e9cologique \u00ab slow \u00bb.<\/strong><\/h3>\n<p>Chez New Terracotta, nous nous effor\u00e7ons de minimiser notre impact sur l&rsquo;environnement. Cela a toujours \u00e9t\u00e9 un \u00e9l\u00e9ment central de notre culture et il est pr\u00e9sent dans tout ce que nous faisons.[\/vc_column_text][vc_separator color=\u00a0\u00bbblack\u00a0\u00bb border_width=\u00a0\u00bb3&Prime;][vc_empty_space height=\u00a0\u00bb80px\u00a0\u00bb][\/vc_column_inner][\/vc_row_inner][\/vc_column][\/vc_row][vc_row full_width=\u00a0\u00bbstretch_row_content_no_spaces\u00a0\u00bb gap=\u00a0\u00bb\u00a0\u00bb css=\u00a0\u00bb.vc_custom_1662115383299{margin-bottom: 0px !important;padding-right: 14% !important;padding-left: 14% !important;}\u00a0\u00bb el_class=\u00a0\u00bbbloco-suste-2-cols\u00a0\u00bb][vc_column][vc_row_inner el_class=\u00a0\u00bbwe-believe-extra-texto susten-bl-1 susten-bl-6&Prime;][vc_column_inner width=\u00a0\u00bb2\/6&Prime;][vc_column_text]<\/p>\n<h3>L&rsquo;argile comme mati\u00e8re premi\u00e8re.<\/h3>\n<p>Les carreaux sont exclusivement constitu\u00e9s de composants naturels, tels que l&rsquo;argile, l&rsquo;eau, les pigments et les additifs d\u00e9riv\u00e9s de sources naturelles.<br \/>\nL&rsquo;argile, la mati\u00e8re premi\u00e8re de base utilis\u00e9e pour nos carreaux, est presque infinie.<\/p>\n<h3>Un minimum de d\u00e9chets.<\/h3>\n<p>Les d\u00e9chets d&rsquo;argile et les pi\u00e8ces imparfaites produites sont rem\u00e9lang\u00e9s et remis dans notre corps d&rsquo;argile. Toute l&rsquo;eau utilis\u00e9e dans le processus est recycl\u00e9e et l\u2019\u00e9mail liquide r\u00e9siduel est r\u00e9cup\u00e9r\u00e9. Pendant la production, la chaleur capt\u00e9e dans les fours est redirig\u00e9e vers le s\u00e9chage des carreaux avant la cuisson, ce qui signifie que l&rsquo;\u00e9nergie thermique g\u00e9n\u00e9r\u00e9e est utilis\u00e9e deux fois. Notre production contient 40% de mat\u00e9riaux recycl\u00e9s.<\/p>\n<h3>Impact environnemental.<\/h3>\n<p>Le seul impact environnemental significatif durant la phase de production provient de l&rsquo;\u00e9nergie utilis\u00e9e pour la cuisson.Afin de r\u00e9duire les \u00e9missions de carbone, nos fournisseurs sont situ\u00e9s \u00e0 moins de 80\u00a0km de notre usine.<\/p>\n<h3>ZERO COV.<\/h3>\n<p>Les carreaux sont intrins\u00e8quement inorganiques et n&rsquo;\u00e9mettent aucun COV. Les COV sont des gaz nocifs qui peuvent provoquer des maux de t\u00eate, des naus\u00e9es et une irritation du nez, des yeux et de la gorge.[\/vc_column_text][vc_empty_space height=\u00a0\u00bb50px\u00a0\u00bb][\/vc_column_inner][vc_column_inner width=\u00a0\u00bb1\/6&Prime;][\/vc_column_inner][vc_column_inner width=\u00a0\u00bb2\/6&Prime;][vc_column_text]<\/p>\n<h3>Durabilit\u00e9 et entretien.<\/h3>\n<p>Les carreaux ont une tr\u00e8s longue dur\u00e9e de vie, pouvant durer des centaines d&rsquo;ann\u00e9es sans entretien.Les carreaux sont utilis\u00e9s sans traitement et ne n\u00e9cessitent aucun entretien. Contrairement \u00e0 d&rsquo;autres mat\u00e9riaux de construction, les carreaux \u00e9maill\u00e9s ne doivent pas \u00eatre trait\u00e9s avec des produits chimiques dangereux qui ont un impact n\u00e9gatif sur l&rsquo;environnement.<\/p>\n<h3>D\u00e9molition, \u00e9limination et recyclage des carrelages cass\u00e9s<\/h3>\n<p>Clay does not cause environmental problems during demolition or disposal. Tiles can be crushed, recycled and reused.<\/p>\n<h3>Conductivit\u00e9 thermique<\/h3>\n<p>Les carreaux de c\u00e9ramique ont un coefficient de conductivit\u00e9 thermique n\u00e9gligeable, ce qui en fait un excellent isolant thermique.<\/p>\n<p>[\/vc_column_text][vc_empty_space height=\u00a0\u00bb50px\u00a0\u00bb][\/vc_column_inner][vc_column_inner width=\u00a0\u00bb1\/6&Prime;][\/vc_column_inner][\/vc_row_inner][\/vc_column][\/vc_row][vc_row full_width=\u00a0\u00bbstretch_row_content_no_spaces\u00a0\u00bb gap=\u00a0\u00bb\u00a0\u00bb css=\u00a0\u00bb.vc_custom_1661524113420{margin-bottom: 0px !important;padding-right: 14% !important;padding-left: 14% !important;}\u00a0\u00bb][vc_column][vc_row_inner el_class=\u00a0\u00bbwe-believe-extra-texto susten-bl-1 susten-bl-7&Prime;][vc_column_inner][vc_single_image image=\u00a0\u00bb43537&Prime; img_size=\u00a0\u00bbfull\u00a0\u00bb][vc_empty_space height=\u00a0\u00bb80px\u00a0\u00bb][vc_column_text]<\/p>\n<h3><strong>Le recyclage chez New Terracotta<\/strong><\/h3>\n<p>[\/vc_column_text][vc_empty_space height=\u00a0\u00bb50px\u00a0\u00bb][vc_single_image image=\u00a0\u00bb43597&Prime; img_size=\u00a0\u00bbfull\u00a0\u00bb][vc_empty_space height=\u00a0\u00bb100px\u00a0\u00bb][\/vc_column_inner][\/vc_row_inner][\/vc_column][\/vc_row][vc_row full_width=\u00a0\u00bbstretch_row_content_no_spaces\u00a0\u00bb gap=\u00a0\u00bb\u00a0\u00bb css=\u00a0\u00bb.vc_custom_1663954951761{margin-bottom: 0px !important;padding-right: 14% !important;padding-left: 14% !important;background-position: center !important;background-repeat: no-repeat !important;background-size: cover !important;}\u00a0\u00bb el_class=\u00a0\u00bbsusten-bl-6 studio-2-final\u00a0\u00bb][vc_column][vc_row_inner el_class=\u00a0\u00bbwe-believe-extra-texto susten-bl-1 susten-bl-3&Prime;][vc_column_inner][vc_column_text]<\/p>\n<h2 class=\"desc-titulo-cor\"><b><strong>Nous continuerons \u00e0 fabriquer des produits qui peuvent durer toute la vie. C&rsquo;est un choix logique pour le client et c\u2019est bon pour l\u2019environnement.<\/strong><\/b><\/h2>\n<p>[\/vc_column_text][vc_separator color=\u00a0\u00bbblack\u00a0\u00bb align=\u00a0\u00bbalign_left\u00a0\u00bb border_width=\u00a0\u00bb6&Prime; el_width=\u00a0\u00bb20&Prime;][vc_empty_space height=\u00a0\u00bb100px\u00a0\u00bb][\/vc_column_inner][\/vc_row_inner][\/vc_column][\/vc_row][vc_row full_width=\u00a0\u00bbstretch_row\u00a0\u00bb gap=\u00a0\u00bb\u00a0\u00bb el_class=\u00a0\u00bblets-talk-bloco\u00a0\u00bb css=\u00a0\u00bb.vc_custom_1660062966586{margin-bottom: 0px !important;}\u00a0\u00bb][vc_column width=\u00a0\u00bb2\/3&Prime;][vc_custom_heading text=\u00a0\u00bbVous avez besoin d&rsquo;un conseil ? \u00ab\u00a0][vc_custom_heading text=\u00a0\u00bbNous sommes l\u00e0 pour vous aider ! \u00a0\u00bb font_container=\u00a0\u00bbtag:h3|text_align:left\u00a0\u00bb][\/vc_column][vc_column width=\u00a0\u00bb1\/3&Prime;][vc_column_text el_class=\u00a0\u00bbletsLets\u00a0\u00bb]<\/p>\n<h5 style=\"text-align: center;\"><a href=\"http:\/\/newterracotta.com\/contact-2\/\">Parlons-en<\/a><a href=\"http:\/\/newterracotta.com\/contact-2\/\">.<\/a><\/h5>\n<p>[\/vc_column_text][\/vc_column][\/vc_row]<\/p>\n","protected":false},"excerpt":{"rendered":"<p>[vc_row full_width=\u00a0\u00bbstretch_row\u00a0\u00bb gap=\u00a0\u00bb\u00a0\u00bb css=\u00a0\u00bb.vc_custom_1664289473949{margin-bottom: 0px !important;background-image: url(https:\/\/newterracotta.com\/wp-content\/uploads\/2022\/09\/NWT-About-Sustainability.jpg?id=54099) !important;}\u00a0\u00bb el_class=\u00a0\u00bbfundoDestaqueImg susDestaque\u00a0\u00bb][vc_column][vc_row_inner][vc_column_inner][vc_column_text el_class=\u00a0\u00bbcxDestaque cxBranca\u00a0\u00bb] Durabilit\u00e9 Nous nous soucions de la plan\u00e8te [\/vc_column_text][\/vc_column_inner][\/vc_row_inner][\/vc_column][\/vc_row][vc_row full_width=\u00a0\u00bbstretch_row_content_no_spaces\u00a0\u00bb gap=\u00a0\u00bb\u00a0\u00bb css=\u00a0\u00bb.vc_custom_1661523583485{margin-bottom: 0px !important;padding-right: 8% !important;padding-left: 8% !important;}\u00a0\u00bb][vc_column][vc_row_inner el_class=\u00a0\u00bbwe-believe-extra-texto [&hellip;]<\/p>\n","protected":false},"author":1,"featured_media":0,"parent":0,"menu_order":0,"comment_status":"closed","ping_status":"closed","template":"","meta":{"_monsterinsights_skip_tracking":false,"_monsterinsights_sitenote_active":false,"_monsterinsights_sitenote_note":"","_monsterinsights_sitenote_category":0},"yoast_head":"<!-- This site is optimized with the Yoast SEO plugin v20.6 - https:\/\/yoast.com\/wordpress\/plugins\/seo\/ -->\n<title>Durabilit\u00e9 - New Terracotta<\/title>\n<meta name=\"robots\" content=\"index, follow, max-snippet:-1, max-image-preview:large, max-video-preview:-1\" \/>\n<link rel=\"canonical\" href=\"https:\/\/newterracotta.com\/fr\/about-responsability\/\" \/>\n<meta property=\"og:locale\" content=\"fr_FR\" \/>\n<meta property=\"og:type\" content=\"article\" \/>\n<meta property=\"og:title\" content=\"Durabilit\u00e9 - New Terracotta\" \/>\n<meta property=\"og:description\" content=\"[vc_row full_width=\u00a0\u00bbstretch_row\u00a0\u00bb gap=\u00a0\u00bb\u00a0\u00bb css=\u00a0\u00bb.vc_custom_1664289473949{margin-bottom: 0px !important;background-image: url(https:\/\/newterracotta.com\/wp-content\/uploads\/2022\/09\/NWT-About-Sustainability.jpg?id=54099) !important;}\u00a0\u00bb el_class=\u00a0\u00bbfundoDestaqueImg susDestaque\u00a0\u00bb][vc_column][vc_row_inner][vc_column_inner][vc_column_text el_class=\u00a0\u00bbcxDestaque cxBranca\u00a0\u00bb] Durabilit\u00e9 Nous nous soucions de la plan\u00e8te [\/vc_column_text][\/vc_column_inner][\/vc_row_inner][\/vc_column][\/vc_row][vc_row full_width=\u00a0\u00bbstretch_row_content_no_spaces\u00a0\u00bb gap=\u00a0\u00bb\u00a0\u00bb css=\u00a0\u00bb.vc_custom_1661523583485{margin-bottom: 0px !important;padding-right: 8% !important;padding-left: 8% !important;}\u00a0\u00bb][vc_column][vc_row_inner el_class=\u00a0\u00bbwe-believe-extra-texto [&hellip;]\" \/>\n<meta property=\"og:url\" content=\"https:\/\/newterracotta.com\/fr\/about-responsability\/\" \/>\n<meta property=\"og:site_name\" content=\"New Terracotta\" \/>\n<meta property=\"article:modified_time\" content=\"2022-12-28T09:23:30+00:00\" \/>\n<meta name=\"twitter:card\" content=\"summary_large_image\" \/>\n<meta name=\"twitter:label1\" content=\"Dur\u00e9e de lecture estim\u00e9e\" \/>\n\t<meta name=\"twitter:data1\" content=\"5 minutes\" \/>\n<script type=\"application\/ld+json\" class=\"yoast-schema-graph\">{\"@context\":\"https:\/\/schema.org\",\"@graph\":[{\"@type\":\"WebPage\",\"@id\":\"https:\/\/newterracotta.com\/fr\/about-responsability\/\",\"url\":\"https:\/\/newterracotta.com\/fr\/about-responsability\/\",\"name\":\"Durabilit\u00e9 - New Terracotta\",\"isPartOf\":{\"@id\":\"https:\/\/newterracotta.com\/#website\"},\"datePublished\":\"2019-08-13T14:06:36+00:00\",\"dateModified\":\"2022-12-28T09:23:30+00:00\",\"inLanguage\":\"fr-FR\",\"potentialAction\":[{\"@type\":\"ReadAction\",\"target\":[\"https:\/\/newterracotta.com\/fr\/about-responsability\/\"]}]},{\"@type\":\"WebSite\",\"@id\":\"https:\/\/newterracotta.com\/#website\",\"url\":\"https:\/\/newterracotta.com\/\",\"name\":\"New Terracotta\",\"description\":\"Portuguese Handmade\",\"potentialAction\":[{\"@type\":\"SearchAction\",\"target\":{\"@type\":\"EntryPoint\",\"urlTemplate\":\"https:\/\/newterracotta.com\/?s={search_term_string}\"},\"query-input\":\"required name=search_term_string\"}],\"inLanguage\":\"fr-FR\"}]}<\/script>\n<!-- \/ Yoast SEO plugin. -->","yoast_head_json":{"title":"Durabilit\u00e9 - New Terracotta","robots":{"index":"index","follow":"follow","max-snippet":"max-snippet:-1","max-image-preview":"max-image-preview:large","max-video-preview":"max-video-preview:-1"},"canonical":"https:\/\/newterracotta.com\/fr\/about-responsability\/","og_locale":"fr_FR","og_type":"article","og_title":"Durabilit\u00e9 - New Terracotta","og_description":"[vc_row full_width=\u00a0\u00bbstretch_row\u00a0\u00bb gap=\u00a0\u00bb\u00a0\u00bb css=\u00a0\u00bb.vc_custom_1664289473949{margin-bottom: 0px !important;background-image: url(https:\/\/newterracotta.com\/wp-content\/uploads\/2022\/09\/NWT-About-Sustainability.jpg?id=54099) !important;}\u00a0\u00bb el_class=\u00a0\u00bbfundoDestaqueImg susDestaque\u00a0\u00bb][vc_column][vc_row_inner][vc_column_inner][vc_column_text el_class=\u00a0\u00bbcxDestaque cxBranca\u00a0\u00bb] Durabilit\u00e9 Nous nous soucions de la plan\u00e8te [\/vc_column_text][\/vc_column_inner][\/vc_row_inner][\/vc_column][\/vc_row][vc_row full_width=\u00a0\u00bbstretch_row_content_no_spaces\u00a0\u00bb gap=\u00a0\u00bb\u00a0\u00bb css=\u00a0\u00bb.vc_custom_1661523583485{margin-bottom: 0px !important;padding-right: 8% !important;padding-left: 8% !important;}\u00a0\u00bb][vc_column][vc_row_inner el_class=\u00a0\u00bbwe-believe-extra-texto [&hellip;]","og_url":"https:\/\/newterracotta.com\/fr\/about-responsability\/","og_site_name":"New Terracotta","article_modified_time":"2022-12-28T09:23:30+00:00","twitter_card":"summary_large_image","twitter_misc":{"Dur\u00e9e de lecture estim\u00e9e":"5 minutes"},"schema":{"@context":"https:\/\/schema.org","@graph":[{"@type":"WebPage","@id":"https:\/\/newterracotta.com\/fr\/about-responsability\/","url":"https:\/\/newterracotta.com\/fr\/about-responsability\/","name":"Durabilit\u00e9 - New Terracotta","isPartOf":{"@id":"https:\/\/newterracotta.com\/#website"},"datePublished":"2019-08-13T14:06:36+00:00","dateModified":"2022-12-28T09:23:30+00:00","inLanguage":"fr-FR","potentialAction":[{"@type":"ReadAction","target":["https:\/\/newterracotta.com\/fr\/about-responsability\/"]}]},{"@type":"WebSite","@id":"https:\/\/newterracotta.com\/#website","url":"https:\/\/newterracotta.com\/","name":"New Terracotta","description":"Portuguese Handmade","potentialAction":[{"@type":"SearchAction","target":{"@type":"EntryPoint","urlTemplate":"https:\/\/newterracotta.com\/?s={search_term_string}"},"query-input":"required name=search_term_string"}],"inLanguage":"fr-FR"}]}},"_links":{"self":[{"href":"https:\/\/newterracotta.com\/fr\/wp-json\/wp\/v2\/pages\/11059"}],"collection":[{"href":"https:\/\/newterracotta.com\/fr\/wp-json\/wp\/v2\/pages"}],"about":[{"href":"https:\/\/newterracotta.com\/fr\/wp-json\/wp\/v2\/types\/page"}],"author":[{"embeddable":true,"href":"https:\/\/newterracotta.com\/fr\/wp-json\/wp\/v2\/users\/1"}],"replies":[{"embeddable":true,"href":"https:\/\/newterracotta.com\/fr\/wp-json\/wp\/v2\/comments?post=11059"}],"version-history":[{"count":11,"href":"https:\/\/newterracotta.com\/fr\/wp-json\/wp\/v2\/pages\/11059\/revisions"}],"predecessor-version":[{"id":62986,"href":"https:\/\/newterracotta.com\/fr\/wp-json\/wp\/v2\/pages\/11059\/revisions\/62986"}],"wp:attachment":[{"href":"https:\/\/newterracotta.com\/fr\/wp-json\/wp\/v2\/media?parent=11059"}],"curies":[{"name":"wp","href":"https:\/\/api.w.org\/{rel}","templated":true}]}}