{"id":11833,"date":"2019-08-19T22:15:48","date_gmt":"2019-08-19T22:15:48","guid":{"rendered":"http:\/\/newterracotta.com\/?page_id=11833"},"modified":"2022-10-04T09:07:45","modified_gmt":"2022-10-04T09:07:45","slug":"about-portuguese-legacy","status":"publish","type":"page","link":"https:\/\/newterracotta.com\/fr\/about-portuguese-legacy\/","title":{"rendered":"Le studio"},"content":{"rendered":"<p>[vc_row full_width=\u00a0\u00bbstretch_row\u00a0\u00bb gap=\u00a0\u00bb\u00a0\u00bb css=\u00a0\u00bb.vc_custom_1664289528915{margin-bottom: 0px !important;background-image: url(https:\/\/newterracotta.com\/wp-content\/uploads\/2022\/08\/NWT-About-The-Studio.jpg?id=43777) !important;background-position: center !important;background-repeat: no-repeat !important;background-size: cover !important;}\u00a0\u00bb el_class=\u00a0\u00bbfundoDestaqueImg\u00a0\u00bb][vc_column][vc_row_inner][vc_column_inner][vc_column_text el_class=\u00a0\u00bbcxDestaque cxBranca\u00a0\u00bb]<\/p>\n<h1><strong>Le Studio<\/strong><\/h1>\n<h3><strong>Des collaborations extraordinaires<\/strong><\/h3>\n<p>[\/vc_column_text][\/vc_column_inner][\/vc_row_inner][\/vc_column][\/vc_row][vc_row full_width=\u00a0\u00bbstretch_row_content_no_spaces\u00a0\u00bb gap=\u00a0\u00bb\u00a0\u00bb css=\u00a0\u00bb.vc_custom_1661527109970{margin-bottom: 0px !important;padding-right: 8% !important;padding-left: 8% !important;background-position: center !important;background-repeat: no-repeat !important;background-size: cover !important;}\u00a0\u00bb][vc_column][vc_row_inner el_class=\u00a0\u00bbwe-believe-extra-texto susten-bl-1 susten-bl-3&Prime;][vc_column_inner][vc_empty_space height=\u00a0\u00bb100px\u00a0\u00bb][vc_column_text]<\/p>\n<h2 class=\"desc-titulo-cor\"><strong><b>Jouer avec l&rsquo;argile et les \u00e9maux<\/b><\/strong> nous permet de prendre des risques, de nous salir les mains, d&rsquo;explorer de nouvelles id\u00e9es et de nous laisser aller \u00e0 r\u00eaver. Notre approche est v\u00e9ritablement collaborative et exp\u00e9rimentale et travailler avec les autres nous apporte un plaisir \u00e9vident. Nous prenons plaisir \u00e0 aider les talents du design \u00e0 exprimer leur potentiel.<\/h2>\n<h2><\/h2>\n<h2 class=\"desc-titulo-cor\">Notre \u00e9quipe d\u2019experts en c\u00e9ramique et d&rsquo;artisans exp\u00e9riment\u00e9s nous permet de collaborer avec les meilleurs artistes, designers et architectes sur leurs projets spectaculaires.<\/h2>\n<p>[\/vc_column_text][vc_empty_space height=\u00a0\u00bb100px\u00a0\u00bb][\/vc_column_inner][\/vc_row_inner][\/vc_column][\/vc_row][vc_row full_width=\u00a0\u00bbstretch_row_content\u00a0\u00bb gap=\u00a0\u00bb\u00a0\u00bb el_class=\u00a0\u00bbstudio-mansory\u00a0\u00bb][vc_column][vc_row_inner][vc_column_inner][vc_raw_html]JTNDaW1nJTIwY2xhc3MlM0QlMjJhbGlnbm5vbmUlMjBzaXplLWZ1bGwlMjB3cC1pbWFnZS00MzY3NSUyMiUyMHNyYyUzRCUyMmh0dHBzJTNBJTJGJTJGbmV3dGVycmFjb3R0YS5jb20lMkZ3cC1jb250ZW50JTJGdXBsb2FkcyUyRjIwMjIlMkYwOCUyRk5XVC1BYm91dC1UaGUtU3R1ZGlvLUhhbmQtQ3V0LVRpbGUtRnJhbWUuanBnJTIyJTIwYWx0JTNEJTIyJTIyJTIwd2lkdGglM0QlMjI3MTAlMjIlMjBoZWlnaHQlM0QlMjIxMDAwJTIyJTIwJTJGJTNFJTBBJTNDaW1nJTIwY2xhc3MlM0QlMjJhbGlnbm5vbmUlMjBzaXplLWZ1bGwlMjB3cC1pbWFnZS00MzY4NyUyMiUyMHNyYyUzRCUyMmh0dHBzJTNBJTJGJTJGbmV3dGVycmFjb3R0YS5jb20lMkZ3cC1jb250ZW50JTJGdXBsb2FkcyUyRjIwMjIlMkYwOCUyRk5XVC1BYm91dC1UaGUtU3R1ZGlvLUhhbmRtYWRlLVRpbGVzLmpwZyUyMiUyMGFsdCUzRCUyMiUyMiUyMHdpZHRoJTNEJTIyMTUwMCUyMiUyMGhlaWdodCUzRCUyMjEwMDAlMjIlMjAlMkYlM0UlMEElM0NpbWclMjBjbGFzcyUzRCUyMmFsaWdubm9uZSUyMHNpemUtZnVsbCUyMHdwLWltYWdlLTQzNzcxJTIyJTIwc3JjJTNEJTIyaHR0cHMlM0ElMkYlMkZuZXd0ZXJyYWNvdHRhLmNvbSUyRndwLWNvbnRlbnQlMkZ1cGxvYWRzJTJGMjAyMiUyRjA4JTJGTldULUFib3V0LVRoZS1TdHVkaW8tU21pbmstU3R1ZGlvLURlc2lnbmVyLVRpbGVzLmpwZyUyMiUyMGFsdCUzRCUyMiUyMiUyMHdpZHRoJTNEJTIyMTUwMCUyMiUyMGhlaWdodCUzRCUyMjEwMDAlMjIlMjAlMkYlM0UlMEElM0NpbWclMjBjbGFzcyUzRCUyMmFsaWdubm9uZSUyMHNpemUtZnVsbCUyMHdwLWltYWdlLTQzNjQ1JTIyJTIwc3JjJTNEJTIyaHR0cHMlM0ElMkYlMkZuZXd0ZXJyYWNvdHRhLmNvbSUyRndwLWNvbnRlbnQlMkZ1cGxvYWRzJTJGMjAyMiUyRjA4JTJGTldULUFib3V0LVRoZS1TdHVkaW8tQWZ0ZXItSmFja2llLUhhbmQtUGFpbnRlZC1UaWxlLVBhbmVsLmpwZyUyMiUyMGFsdCUzRCUyMiUyMiUyMHdpZHRoJTNEJTIyMTUwMCUyMiUyMGhlaWdodCUzRCUyMjEwMDAlMjIlMjAlMkYlM0UlMEElM0NpbWclMjBjbGFzcyUzRCUyMmFsaWdubm9uZSUyMHNpemUtZnVsbCUyMHdwLWltYWdlLTQzNjU3JTIyJTIwc3JjJTNEJTIyaHR0cHMlM0ElMkYlMkZuZXd0ZXJyYWNvdHRhLmNvbSUyRndwLWNvbnRlbnQlMkZ1cGxvYWRzJTJGMjAyMiUyRjA4JTJGTldULUFib3V0LVRoZS1TdHVkaW8tQ29sb3VyLUFsY2hpbWlzdHMuanBnJTIyJTIwYWx0JTNEJTIyJTIyJTIwd2lkdGglM0QlMjIxNTAwJTIyJTIwaGVpZ2h0JTNEJTIyMTAwMCUyMiUyMCUyRiUzRSUwQSUzQ2ltZyUyMGNsYXNzJTNEJTIyYWxpZ25ub25lJTIwc2l6ZS1mdWxsJTIwd3AtaW1hZ2UtNDM2ODElMjIlMjBzcmMlM0QlMjJodHRwcyUzQSUyRiUyRm5ld3RlcnJhY290dGEuY29tJTJGd3AtY29udGVudCUyRnVwbG9hZHMlMkYyMDIyJTJGMDglMkZOV1QtQWJvdXQtVGhlLVN0dWRpby1IYW5kLVNjcmVlbi1QcmludGVkLVRpbGVzLmpwZyUyMiUyMGFsdCUzRCUyMiUyMiUyMHdpZHRoJTNEJTIyNzEwJTIyJTIwaGVpZ2h0JTNEJTIyMTAwMCUyMiUyMCUyRiUzRQ==[\/vc_raw_html][\/vc_column_inner][\/vc_row_inner][vc_empty_space height=\u00a0\u00bb20px\u00a0\u00bb][vc_gallery interval=\u00a0\u00bb0&Prime; images=\u00a0\u00bb55418,55424,55430,55436,55442,55448,55454,55460,55466,55472,55478&Prime; img_size=\u00a0\u00bbfull\u00a0\u00bb el_class=\u00a0\u00bbfullSlide\u00a0\u00bb][\/vc_column][\/vc_row][vc_row full_width=\u00a0\u00bbstretch_row_content_no_spaces\u00a0\u00bb gap=\u00a0\u00bb\u00a0\u00bb css=\u00a0\u00bb.vc_custom_1661527109970{margin-bottom: 0px !important;padding-right: 8% !important;padding-left: 8% !important;background-position: center !important;background-repeat: no-repeat !important;background-size: cover !important;}\u00a0\u00bb][vc_column][vc_row_inner el_class=\u00a0\u00bbwe-believe-extra-texto susten-bl-1 susten-bl-3 studio-1&Prime;][vc_column_inner][vc_empty_space height=\u00a0\u00bb100px\u00a0\u00bb][vc_column_text]<\/p>\n<h2 class=\"desc-titulo-cor\"><strong><strong><b>\u00c9couter et apprendre. <\/b><\/strong>Nous commen\u00e7ons par \u00e9couter la <\/strong><strong>vision cr\u00e9ative de nos clients<\/strong>, en prenant le temps de comprendre leurs besoins et leurs d\u00e9sirs fondamentaux, tout en cherchant \u00e0repousser les limites de leur imagination gr\u00e2ce \u00e0 notre connaissance de ce qui est faisable.<\/h2>\n<p><strong>\u00a0<\/strong><\/p>\n<p><strong>Concept<\/strong> &gt; <strong>Dialogue<\/strong> &gt; <strong>Essais et approbations <\/strong>\u00a0&gt; <strong>Production<\/strong> &gt;<strong>Livraison et installation<\/strong>[\/vc_column_text][vc_empty_space height=\u00a0\u00bb100px\u00a0\u00bb][\/vc_column_inner][\/vc_row_inner][\/vc_column][\/vc_row][vc_row full_width=\u00a0\u00bbstretch_row_content_no_spaces\u00a0\u00bb gap=\u00a0\u00bb\u00a0\u00bb css=\u00a0\u00bb.vc_custom_1662109937357{padding-right: 12% !important;padding-left: 12% !important;background-color: #faefec !important;}\u00a0\u00bb el_class=\u00a0\u00bbbl-rosa-studio\u00a0\u00bb][vc_column][vc_empty_space height=\u00a0\u00bb100px\u00a0\u00bb][vc_row_inner el_class=\u00a0\u00bbwe-believe-extra-texto susten-bl-1 susten-bl-3 susten-bl-6 studio-2&Prime;][vc_column_inner width=\u00a0\u00bb2\/3&Prime; css=\u00a0\u00bb.vc_custom_1661527647292{padding-right: 10% !important;}\u00a0\u00bb][vc_column_text]<\/p>\n<h3>Restauration historique.<\/h3>\n<p>New Terracotta poss\u00e8de une expertise et exp\u00e9rience<br \/>\nimportante en mati\u00e8re de carreaux de b\u00e2timents class\u00e9s.<br \/>\nNous avons fourni des carreaux sur mesure \u00e0 des palais,<br \/>\ndes monuments, des \u00e9glises et des maisons particuli\u00e8res,<br \/>\ndans le cadre de projets impliquant des demandes et<br \/>\nexigences bien pr\u00e9cises en termes de qualit\u00e9, d&rsquo;apparence<br \/>\net de dimensions.<\/p>\n<p>[\/vc_column_text][\/vc_column_inner][vc_column_inner width=\u00a0\u00bb1\/3&Prime;][vc_single_image image=\u00a0\u00bb43696&Prime; img_size=\u00a0\u00bbfull\u00a0\u00bb][\/vc_column_inner][\/vc_row_inner][vc_empty_space height=\u00a0\u00bb100px\u00a0\u00bb][vc_row_inner el_class=\u00a0\u00bbwe-believe-extra-texto susten-bl-1 susten-bl-3 susten-bl-6 studio-2&Prime;][vc_column_inner width=\u00a0\u00bb2\/3&Prime; css=\u00a0\u00bb.vc_custom_1661527647292{padding-right: 10% !important;}\u00a0\u00bb][vc_column_text]<\/p>\n<h3>Commandes murales peintes \u00e0<br \/>\nla main sur mesure<\/h3>\n<p>Qu&rsquo;il s&rsquo;agisse de personnaliser l&rsquo;un de nos mod\u00e8les existants<br \/>\nou de travailler avec nous sur une cr\u00e9ation<br \/>\nenti\u00e8rement sur mesure, nos experts vous<br \/>\nguident tout au long de ce processus passionnant.<\/p>\n<p>Gr\u00e2ce \u00e0 une vari\u00e9t\u00e9 de techniques au pinceau,<br \/>\nles \u00e9maux sont appliqu\u00e9s et, une fois cuits,<br \/>\nnous obtenons des pi\u00e8ces individuelles d&rsquo;art<br \/>\nc\u00e9ramique \u00e9tonnantes, avec une profondeur<br \/>\nextraordinaire de couleur et de caract\u00e8re.<\/p>\n<p>&nbsp;<\/p>\n<p>[\/vc_column_text][\/vc_column_inner][vc_column_inner width=\u00a0\u00bb1\/3&Prime;][vc_single_image image=\u00a0\u00bb43654&Prime; img_size=\u00a0\u00bbfull\u00a0\u00bb][\/vc_column_inner][\/vc_row_inner][vc_empty_space height=\u00a0\u00bb100px\u00a0\u00bb][vc_row_inner el_class=\u00a0\u00bbwe-believe-extra-texto susten-bl-1 susten-bl-3 susten-bl-6 studio-2&Prime;][vc_column_inner width=\u00a0\u00bb2\/3&Prime; css=\u00a0\u00bb.vc_custom_1661527647292{padding-right: 10% !important;}\u00a0\u00bb][vc_column_text]<\/p>\n<h3>Objets contemporains<br \/>\nen terre cuite sur mesure<\/h3>\n<p>L&rsquo;argile laisse libre cours \u00e0 la cr\u00e9ation<br \/>\nde quelque chose d\u2019intense, de brut, de d\u00e9mesur\u00e9.<br \/>\nElle permet d\u2019empiler, de d\u00e9composer et de<br \/>\nfaire des erreurs.<\/p>\n<p>En utilisant des outils modernes, des mains<br \/>\nfines et le talent des artistes, nous cr\u00e9ons<br \/>\ndes surfaces tridimensionnelles sur mesure<br \/>\net des sculptures volum\u00e9triques contemporaines.[\/vc_column_text][\/vc_column_inner][vc_column_inner width=\u00a0\u00bb1\/3&Prime;][vc_single_image image=\u00a0\u00bb43666&Prime; img_size=\u00a0\u00bbfull\u00a0\u00bb][\/vc_column_inner][\/vc_row_inner][vc_empty_space height=\u00a0\u00bb100px\u00a0\u00bb][\/vc_column][\/vc_row][vc_row full_width=\u00a0\u00bbstretch_row_content_no_spaces\u00a0\u00bb gap=\u00a0\u00bb\u00a0\u00bb css=\u00a0\u00bb.vc_custom_1661525038188{margin-bottom: 0px !important;padding-right: 14% !important;padding-left: 14% !important;background-position: center !important;background-repeat: no-repeat !important;background-size: cover !important;}\u00a0\u00bb][vc_column][vc_row_inner el_class=\u00a0\u00bbwe-believe-extra-texto susten-bl-1 susten-bl-3&Prime;][vc_column_inner][vc_empty_space height=\u00a0\u00bb100px\u00a0\u00bb][vc_column_text css=\u00a0\u00bb.vc_custom_1664874398868{padding-right: 10% !important;}\u00a0\u00bb el_class=\u00a0\u00bbfica-muito-grande\u00a0\u00bb]<\/p>\n<h2 class=\"desc-titulo-cor\"><b>Tout ce qu\u2019il faut c\u2019est de l&rsquo;argile, des \u00e9maux, des mains et un four. Tout est l\u00e0.<\/b><\/h2>\n<p>[\/vc_column_text][vc_empty_space height=\u00a0\u00bb100px\u00a0\u00bb][vc_single_image image=\u00a0\u00bb43672&Prime; img_size=\u00a0\u00bbfull\u00a0\u00bb][vc_empty_space height=\u00a0\u00bb100px\u00a0\u00bb][\/vc_column_inner][\/vc_row_inner][\/vc_column][\/vc_row][vc_row full_width=\u00a0\u00bbstretch_row\u00a0\u00bb gap=\u00a0\u00bb\u00a0\u00bb el_class=\u00a0\u00bblets-talk-bloco\u00a0\u00bb css=\u00a0\u00bb.vc_custom_1660062966586{margin-bottom: 0px !important;}\u00a0\u00bb][vc_column width=\u00a0\u00bb2\/3&Prime;][vc_custom_heading text=\u00a0\u00bbVous avez un projet en t\u00eate ? \u00ab\u00a0][vc_custom_heading text=\u00a0\u00bbNous serions ravis d&rsquo;avoir de vos nouvelles ! \u00a0\u00bb font_container=\u00a0\u00bbtag:h3|text_align:left\u00a0\u00bb][\/vc_column][vc_column width=\u00a0\u00bb1\/3&Prime;][vc_column_text el_class=\u00a0\u00bbletsLets\u00a0\u00bb]<\/p>\n<h5 style=\"text-align: center;\"><a href=\"http:\/\/newterracotta.com\/contact-2\/\">\u00a0Parlons-en.<\/a><\/h5>\n<p>[\/vc_column_text][\/vc_column][\/vc_row]<\/p>\n","protected":false},"excerpt":{"rendered":"<p>[vc_row full_width=\u00a0\u00bbstretch_row\u00a0\u00bb gap=\u00a0\u00bb\u00a0\u00bb css=\u00a0\u00bb.vc_custom_1664289528915{margin-bottom: 0px !important;background-image: url(https:\/\/newterracotta.com\/wp-content\/uploads\/2022\/08\/NWT-About-The-Studio.jpg?id=43777) !important;background-position: center !important;background-repeat: no-repeat !important;background-size: cover !important;}\u00a0\u00bb el_class=\u00a0\u00bbfundoDestaqueImg\u00a0\u00bb][vc_column][vc_row_inner][vc_column_inner][vc_column_text el_class=\u00a0\u00bbcxDestaque cxBranca\u00a0\u00bb] Le Studio Des collaborations extraordinaires [\/vc_column_text][\/vc_column_inner][\/vc_row_inner][\/vc_column][\/vc_row][vc_row full_width=\u00a0\u00bbstretch_row_content_no_spaces\u00a0\u00bb gap=\u00a0\u00bb\u00a0\u00bb css=\u00a0\u00bb.vc_custom_1661527109970{margin-bottom: 0px !important;padding-right: 8% !important;padding-left: [&hellip;]<\/p>\n","protected":false},"author":1,"featured_media":0,"parent":0,"menu_order":0,"comment_status":"closed","ping_status":"closed","template":"","meta":{"_monsterinsights_skip_tracking":false,"_monsterinsights_sitenote_active":false,"_monsterinsights_sitenote_note":"","_monsterinsights_sitenote_category":0},"yoast_head":"<!-- This site is optimized with the Yoast SEO plugin v20.6 - https:\/\/yoast.com\/wordpress\/plugins\/seo\/ -->\n<title>Le studio - New Terracotta<\/title>\n<meta name=\"description\" content=\"Tradition. History. Heritage. Culture.The AZULEJO is a characteristic element of Portuguese culture, revealing some of its deepest\" \/>\n<meta name=\"robots\" content=\"index, follow, max-snippet:-1, max-image-preview:large, max-video-preview:-1\" \/>\n<link rel=\"canonical\" href=\"https:\/\/newterracotta.com\/fr\/about-portuguese-legacy\/\" \/>\n<meta property=\"og:locale\" content=\"fr_FR\" \/>\n<meta property=\"og:type\" content=\"article\" \/>\n<meta property=\"og:title\" content=\"Le studio - New Terracotta\" \/>\n<meta property=\"og:description\" content=\"Tradition. History. Heritage. Culture.The AZULEJO is a characteristic element of Portuguese culture, revealing some of its deepest\" \/>\n<meta property=\"og:url\" content=\"https:\/\/newterracotta.com\/fr\/about-portuguese-legacy\/\" \/>\n<meta property=\"og:site_name\" content=\"New Terracotta\" \/>\n<meta property=\"article:modified_time\" content=\"2022-10-04T09:07:45+00:00\" \/>\n<meta name=\"twitter:card\" content=\"summary_large_image\" \/>\n<meta name=\"twitter:label1\" content=\"Dur\u00e9e de lecture estim\u00e9e\" \/>\n\t<meta name=\"twitter:data1\" content=\"3 minutes\" \/>\n<script type=\"application\/ld+json\" class=\"yoast-schema-graph\">{\"@context\":\"https:\/\/schema.org\",\"@graph\":[{\"@type\":\"WebPage\",\"@id\":\"https:\/\/newterracotta.com\/fr\/about-portuguese-legacy\/\",\"url\":\"https:\/\/newterracotta.com\/fr\/about-portuguese-legacy\/\",\"name\":\"Le studio - New Terracotta\",\"isPartOf\":{\"@id\":\"https:\/\/newterracotta.com\/#website\"},\"datePublished\":\"2019-08-19T22:15:48+00:00\",\"dateModified\":\"2022-10-04T09:07:45+00:00\",\"description\":\"Tradition. History. Heritage. Culture.The AZULEJO is a characteristic element of Portuguese culture, revealing some of its deepest\",\"inLanguage\":\"fr-FR\",\"potentialAction\":[{\"@type\":\"ReadAction\",\"target\":[\"https:\/\/newterracotta.com\/fr\/about-portuguese-legacy\/\"]}]},{\"@type\":\"WebSite\",\"@id\":\"https:\/\/newterracotta.com\/#website\",\"url\":\"https:\/\/newterracotta.com\/\",\"name\":\"New Terracotta\",\"description\":\"Portuguese Handmade\",\"potentialAction\":[{\"@type\":\"SearchAction\",\"target\":{\"@type\":\"EntryPoint\",\"urlTemplate\":\"https:\/\/newterracotta.com\/?s={search_term_string}\"},\"query-input\":\"required name=search_term_string\"}],\"inLanguage\":\"fr-FR\"}]}<\/script>\n<!-- \/ Yoast SEO plugin. -->","yoast_head_json":{"title":"Le studio - New Terracotta","description":"Tradition. History. Heritage. Culture.The AZULEJO is a characteristic element of Portuguese culture, revealing some of its deepest","robots":{"index":"index","follow":"follow","max-snippet":"max-snippet:-1","max-image-preview":"max-image-preview:large","max-video-preview":"max-video-preview:-1"},"canonical":"https:\/\/newterracotta.com\/fr\/about-portuguese-legacy\/","og_locale":"fr_FR","og_type":"article","og_title":"Le studio - New Terracotta","og_description":"Tradition. History. Heritage. Culture.The AZULEJO is a characteristic element of Portuguese culture, revealing some of its deepest","og_url":"https:\/\/newterracotta.com\/fr\/about-portuguese-legacy\/","og_site_name":"New Terracotta","article_modified_time":"2022-10-04T09:07:45+00:00","twitter_card":"summary_large_image","twitter_misc":{"Dur\u00e9e de lecture estim\u00e9e":"3 minutes"},"schema":{"@context":"https:\/\/schema.org","@graph":[{"@type":"WebPage","@id":"https:\/\/newterracotta.com\/fr\/about-portuguese-legacy\/","url":"https:\/\/newterracotta.com\/fr\/about-portuguese-legacy\/","name":"Le studio - New Terracotta","isPartOf":{"@id":"https:\/\/newterracotta.com\/#website"},"datePublished":"2019-08-19T22:15:48+00:00","dateModified":"2022-10-04T09:07:45+00:00","description":"Tradition. History. Heritage. Culture.The AZULEJO is a characteristic element of Portuguese culture, revealing some of its deepest","inLanguage":"fr-FR","potentialAction":[{"@type":"ReadAction","target":["https:\/\/newterracotta.com\/fr\/about-portuguese-legacy\/"]}]},{"@type":"WebSite","@id":"https:\/\/newterracotta.com\/#website","url":"https:\/\/newterracotta.com\/","name":"New Terracotta","description":"Portuguese Handmade","potentialAction":[{"@type":"SearchAction","target":{"@type":"EntryPoint","urlTemplate":"https:\/\/newterracotta.com\/?s={search_term_string}"},"query-input":"required name=search_term_string"}],"inLanguage":"fr-FR"}]}},"_links":{"self":[{"href":"https:\/\/newterracotta.com\/fr\/wp-json\/wp\/v2\/pages\/11833"}],"collection":[{"href":"https:\/\/newterracotta.com\/fr\/wp-json\/wp\/v2\/pages"}],"about":[{"href":"https:\/\/newterracotta.com\/fr\/wp-json\/wp\/v2\/types\/page"}],"author":[{"embeddable":true,"href":"https:\/\/newterracotta.com\/fr\/wp-json\/wp\/v2\/users\/1"}],"replies":[{"embeddable":true,"href":"https:\/\/newterracotta.com\/fr\/wp-json\/wp\/v2\/comments?post=11833"}],"version-history":[{"count":10,"href":"https:\/\/newterracotta.com\/fr\/wp-json\/wp\/v2\/pages\/11833\/revisions"}],"predecessor-version":[{"id":58142,"href":"https:\/\/newterracotta.com\/fr\/wp-json\/wp\/v2\/pages\/11833\/revisions\/58142"}],"wp:attachment":[{"href":"https:\/\/newterracotta.com\/fr\/wp-json\/wp\/v2\/media?parent=11833"}],"curies":[{"name":"wp","href":"https:\/\/api.w.org\/{rel}","templated":true}]}}