{"id":29008,"date":"2020-05-12T14:09:34","date_gmt":"2020-05-12T14:09:34","guid":{"rendered":"https:\/\/newterracotta.com\/?page_id=29008"},"modified":"2022-10-06T15:15:11","modified_gmt":"2022-10-06T15:15:11","slug":"dans-latelier","status":"publish","type":"page","link":"https:\/\/newterracotta.com\/fr\/dans-latelier\/","title":{"rendered":"Sur mesure"},"content":{"rendered":"<p>[vc_row full_width=\u00a0\u00bbstretch_row\u00a0\u00bb gap=\u00a0\u00bb\u00a0\u00bb css=\u00a0\u00bb.vc_custom_1664319965004{background-image: url(https:\/\/newterracotta.com\/wp-content\/uploads\/2022\/08\/slider_bespoke_newterracotta.png?id=42726) !important;background-position: center !important;background-repeat: no-repeat !important;background-size: cover !important;}\u00a0\u00bb el_class=\u00a0\u00bbfundoDestaqueImg\u00a0\u00bb][vc_column][vc_row_inner][vc_column_inner][vc_column_text el_class=\u00a0\u00bbcxDestaque cxBranca\u00a0\u00bb]<\/p>\n<h1><strong>Sur mesure<\/strong><\/h1>\n<h3><strong>Projets personnalis\u00e9s<\/strong><\/h3>\n<p>[\/vc_column_text][\/vc_column_inner][\/vc_row_inner][\/vc_column][\/vc_row][vc_row full_width=\u00a0\u00bbstretch_row_content_no_spaces\u00a0\u00bb gap=\u00a0\u00bb\u00a0\u00bb el_class=\u00a0\u00bbsection-2-bespoke grelha-bespoke\u00a0\u00bb css=\u00a0\u00bb.vc_custom_1662113726521{padding-right: 8% !important;padding-left: 8% !important;}\u00a0\u00bb][vc_column][vc_empty_space height=\u00a0\u00bb100px\u00a0\u00bb][vc_row_inner el_class=\u00a0\u00bb.we-believe-extra-texto bes-tamanho\u00a0\u00bb][vc_column_inner][vc_column_text]<\/p>\n<h3><strong>Couleurs, formes et textures sur mesure.<\/strong><\/h3>\n<p>Nous encourageons nos clients \u00e0 explorer leur propre cr\u00e9ativit\u00e9 et \u00e0 commander une pi\u00e8ce unique parfaitement adapt\u00e9e \u00e0 leur style personnel.[\/vc_column_text][vc_separator color=\u00a0\u00bbblack\u00a0\u00bb align=\u00a0\u00bbalign_left\u00a0\u00bb border_width=\u00a0\u00bb4&Prime;][\/vc_column_inner][\/vc_row_inner][vc_empty_space height=\u00a0\u00bb70px\u00a0\u00bb][vc_row_inner el_class=\u00a0\u00bbespaco-global bloco-bsk\u00a0\u00bb][vc_column_inner width=\u00a0\u00bb1\/4&Prime;][vc_images_carousel images=\u00a0\u00bb45865,45880,45839&Prime; img_size=\u00a0\u00bbfull\u00a0\u00bb][vc_custom_heading text=\u00a0\u00bbFIRST IMPRESSION\u00a0\u00bb font_container=\u00a0\u00bbtag:h3|text_align:left\u00a0\u00bb][\/vc_column_inner][vc_column_inner width=\u00a0\u00bb1\/4&Prime;][vc_images_carousel images=\u00a0\u00bb45887,45893,45899&Prime; img_size=\u00a0\u00bbfull\u00a0\u00bb][vc_custom_heading text=\u00a0\u00bbAL KHOBAR\u00a0\u00bb font_container=\u00a0\u00bbtag:h3|text_align:left\u00a0\u00bb][\/vc_column_inner][vc_column_inner width=\u00a0\u00bb1\/4&Prime;][vc_images_carousel images=\u00a0\u00bb45911,45905&Prime; img_size=\u00a0\u00bbfull\u00a0\u00bb][vc_custom_heading text=\u00a0\u00bbTROPICAL ACQUARELA\u00a0\u00bb font_container=\u00a0\u00bbtag:h3|text_align:left\u00a0\u00bb][\/vc_column_inner][vc_column_inner width=\u00a0\u00bb1\/4&Prime;][vc_images_carousel images=\u00a0\u00bb45845,45917,45923,45929,45935,45941&Prime; img_size=\u00a0\u00bbfull\u00a0\u00bb][vc_custom_heading text=\u00a0\u00bbAFTER JACKIE\u00a0\u00bb font_container=\u00a0\u00bbtag:h3|text_align:left\u00a0\u00bb][\/vc_column_inner][\/vc_row_inner][vc_row_inner el_class=\u00a0\u00bbespaco-global bloco-bsk\u00a0\u00bb][vc_column_inner width=\u00a0\u00bb1\/4&Prime;][vc_images_carousel images=\u00a0\u00bb45960,45948,45954&Prime; img_size=\u00a0\u00bbfull\u00a0\u00bb][vc_custom_heading text=\u00a0\u00bbCHINOISERIE IN PINK\u00a0\u00bb font_container=\u00a0\u00bbtag:h3|text_align:left\u00a0\u00bb][\/vc_column_inner][vc_column_inner width=\u00a0\u00bb1\/4&Prime;][vc_images_carousel images=\u00a0\u00bb45966,45978,45972&Prime; img_size=\u00a0\u00bbfull\u00a0\u00bb][vc_custom_heading text=\u00a0\u00bbKYOTO YELLOW JARS\u00a0\u00bb font_container=\u00a0\u00bbtag:h3|text_align:left\u00a0\u00bb][\/vc_column_inner][vc_column_inner width=\u00a0\u00bb1\/4&Prime;][vc_images_carousel images=\u00a0\u00bb45993,45987&Prime; img_size=\u00a0\u00bbfull\u00a0\u00bb][vc_custom_heading text=\u00a0\u00bbBIG BIRD\u00a0\u00bb font_container=\u00a0\u00bbtag:h3|text_align:left\u00a0\u00bb][\/vc_column_inner][vc_column_inner width=\u00a0\u00bb1\/4&Prime;][vc_images_carousel images=\u00a0\u00bb46001,46007,46013&Prime; img_size=\u00a0\u00bbfull\u00a0\u00bb][vc_custom_heading text=\u00a0\u00bbST. BARTH POTS\u00a0\u00bb font_container=\u00a0\u00bbtag:h3|text_align:left\u00a0\u00bb][\/vc_column_inner][\/vc_row_inner][vc_row_inner el_class=\u00a0\u00bbespaco-global bloco-bsk\u00a0\u00bb][vc_column_inner width=\u00a0\u00bb1\/4&Prime;][vc_images_carousel images=\u00a0\u00bb46042,46036,46030,46024&Prime; img_size=\u00a0\u00bbfull\u00a0\u00bb][vc_custom_heading text=\u00a0\u00bbEXOTIC GARDENS IN SAIGON\u00a0\u00bb font_container=\u00a0\u00bbtag:h3|text_align:left\u00a0\u00bb][\/vc_column_inner][vc_column_inner width=\u00a0\u00bb1\/4&Prime;][vc_images_carousel images=\u00a0\u00bb46048,46054&Prime; img_size=\u00a0\u00bbfull\u00a0\u00bb][vc_custom_heading text=\u00a0\u00bbLA LAMPE\u00a0\u00bb font_container=\u00a0\u00bbtag:h3|text_align:left\u00a0\u00bb][\/vc_column_inner][vc_column_inner width=\u00a0\u00bb1\/4&Prime;][vc_images_carousel images=\u00a0\u00bb46084,46078,46066,46060,46072&Prime; img_size=\u00a0\u00bbfull\u00a0\u00bb][vc_custom_heading text=\u00a0\u00bbCORK CAPTURE\u00a0\u00bb font_container=\u00a0\u00bbtag:h3|text_align:left\u00a0\u00bb][\/vc_column_inner][vc_column_inner width=\u00a0\u00bb1\/4&Prime;][vc_images_carousel images=\u00a0\u00bb46096,46090&Prime; img_size=\u00a0\u00bbfull\u00a0\u00bb][vc_custom_heading text=\u00a0\u00bbEDGE OF A PINE FOREST\u00a0\u00bb font_container=\u00a0\u00bbtag:h3|text_align:left\u00a0\u00bb][\/vc_column_inner][\/vc_row_inner][vc_row_inner el_class=\u00a0\u00bbespaco-global bloco-bsk\u00a0\u00bb][vc_column_inner width=\u00a0\u00bb1\/4&Prime;][vc_images_carousel images=\u00a0\u00bb46121,46103,46109,46115&Prime; img_size=\u00a0\u00bbfull\u00a0\u00bb][vc_custom_heading text=\u00a0\u00bbLISBOA ANTIGA REVISITED\u00a0\u00bb font_container=\u00a0\u00bbtag:h3|text_align:left\u00a0\u00bb][\/vc_column_inner][vc_column_inner width=\u00a0\u00bb1\/4&Prime;][vc_images_carousel images=\u00a0\u00bb57780&Prime; img_size=\u00a0\u00bbfull\u00a0\u00bb][vc_custom_heading text=\u00a0\u00bbBEHIND THE CURTAIN\u00a0\u00bb font_container=\u00a0\u00bbtag:h3|text_align:left\u00a0\u00bb][\/vc_column_inner][vc_column_inner width=\u00a0\u00bb1\/4&Prime;][vc_images_carousel images=\u00a0\u00bb46133,46127&Prime; img_size=\u00a0\u00bbfull\u00a0\u00bb][vc_custom_heading text=\u00a0\u00bbFISHES\u00a0\u00bb font_container=\u00a0\u00bbtag:h3|text_align:left\u00a0\u00bb][\/vc_column_inner][vc_column_inner width=\u00a0\u00bb1\/4&Prime;][vc_images_carousel images=\u00a0\u00bb46139,46145,46151&Prime; img_size=\u00a0\u00bbfull\u00a0\u00bb][vc_custom_heading text=\u00a0\u00bbTOTEM DISTRACTIONS\u00a0\u00bb font_container=\u00a0\u00bbtag:h3|text_align:left\u00a0\u00bb][\/vc_column_inner][\/vc_row_inner][vc_row_inner el_class=\u00a0\u00bbespaco-global bloco-bsk\u00a0\u00bb][vc_column_inner width=\u00a0\u00bb1\/4&Prime;][vc_images_carousel images=\u00a0\u00bb46157,46163&Prime; img_size=\u00a0\u00bbfull\u00a0\u00bb][vc_custom_heading text=\u00a0\u00bbFIESTA DE PAJAROS\u00a0\u00bb font_container=\u00a0\u00bbtag:h3|text_align:left\u00a0\u00bb][\/vc_column_inner][vc_column_inner width=\u00a0\u00bb1\/4&Prime;][vc_images_carousel images=\u00a0\u00bb46169,46175&Prime; img_size=\u00a0\u00bbfull\u00a0\u00bb][vc_custom_heading text=\u00a0\u00bbSPEAKING OUT LOUD\u00a0\u00bb font_container=\u00a0\u00bbtag:h3|text_align:left\u00a0\u00bb][\/vc_column_inner][vc_column_inner width=\u00a0\u00bb1\/4&Prime;][vc_images_carousel images=\u00a0\u00bb46200,46182,46188,46194&Prime; img_size=\u00a0\u00bbfull\u00a0\u00bb][vc_custom_heading text=\u00a0\u00bbGRIMSHAW SYMPHONY FOR<br \/>\nEXPO DUBAI 2020&Prime; font_container=\u00a0\u00bbtag:h3|text_align:left\u00a0\u00bb][\/vc_column_inner][vc_column_inner width=\u00a0\u00bb1\/4&Prime;][vc_images_carousel images=\u00a0\u00bb46217,46206&Prime; img_size=\u00a0\u00bbfull\u00a0\u00bb][vc_custom_heading text=\u00a0\u00bbTHE 7 VOYAGES OF MING CHINA\u00a0\u00bb font_container=\u00a0\u00bbtag:h3|text_align:left\u00a0\u00bb][\/vc_column_inner][\/vc_row_inner][vc_row_inner el_class=\u00a0\u00bbespaco-global bloco-bsk\u00a0\u00bb][vc_column_inner width=\u00a0\u00bb1\/4&Prime;][vc_images_carousel images=\u00a0\u00bb46250,46244&Prime; img_size=\u00a0\u00bbfull\u00a0\u00bb][vc_custom_heading text=\u00a0\u00bbVIEWS OF LISBON\u00a0\u00bb font_container=\u00a0\u00bbtag:h3|text_align:left\u00a0\u00bb][\/vc_column_inner][vc_column_inner width=\u00a0\u00bb1\/4&Prime;][vc_images_carousel images=\u00a0\u00bb46322,46304&Prime; img_size=\u00a0\u00bbfull\u00a0\u00bb][vc_custom_heading text=\u00a0\u00bbCOSMOGRAPHIE\u00a0\u00bb font_container=\u00a0\u00bbtag:h3|text_align:left\u00a0\u00bb][\/vc_column_inner][vc_column_inner width=\u00a0\u00bb1\/4&Prime;][vc_images_carousel images=\u00a0\u00bb46394,46400&Prime; img_size=\u00a0\u00bbfull\u00a0\u00bb][vc_custom_heading text=\u00a0\u00bbJOSEPH IN MIAMI\u00a0\u00bb font_container=\u00a0\u00bbtag:h3|text_align:left\u00a0\u00bb][\/vc_column_inner][vc_column_inner width=\u00a0\u00bb1\/4&Prime;][vc_images_carousel images=\u00a0\u00bb46424,46406,46418,46412&Prime; img_size=\u00a0\u00bbfull\u00a0\u00bb][vc_custom_heading text=\u00a0\u00bbBROWN BEER BOTTLES\u00a0\u00bb font_container=\u00a0\u00bbtag:h3|text_align:left\u00a0\u00bb][\/vc_column_inner][\/vc_row_inner][vc_row_inner el_class=\u00a0\u00bbespaco-global bloco-bsk\u00a0\u00bb][vc_column_inner width=\u00a0\u00bb1\/4&Prime;][vc_images_carousel images=\u00a0\u00bb46450,46444,46432,46438&Prime; img_size=\u00a0\u00bbfull\u00a0\u00bb][vc_custom_heading text=\u00a0\u00bbCHERRY FEILD\u00a0\u00bb font_container=\u00a0\u00bbtag:h3|text_align:left\u00a0\u00bb][\/vc_column_inner][vc_column_inner width=\u00a0\u00bb1\/4&Prime;][vc_images_carousel images=\u00a0\u00bb46474,46480&Prime; img_size=\u00a0\u00bbfull\u00a0\u00bb][vc_custom_heading text=\u00a0\u00bbLA DANCE BOTANIQUE POUR PEPE\u00a0\u00bb font_container=\u00a0\u00bbtag:h3|text_align:left\u00a0\u00bb][\/vc_column_inner][vc_column_inner width=\u00a0\u00bb1\/4&Prime;][vc_images_carousel images=\u00a0\u00bb46486,46498,46492,46542,46510&Prime; img_size=\u00a0\u00bbfull\u00a0\u00bb][vc_custom_heading text=\u00a0\u00bbREPRODUCTION NARRATIVE OF<br \/>\nGUSTAV KRAUS\u00a0\u00bb font_container=\u00a0\u00bbtag:h3|text_align:left\u00a0\u00bb][\/vc_column_inner][vc_column_inner width=\u00a0\u00bb1\/4&Prime;][vc_images_carousel images=\u00a0\u00bb46560,46554,46548&Prime; img_size=\u00a0\u00bbfull\u00a0\u00bb][vc_custom_heading text=\u00a0\u00bbFRONTEIRA PALACE\u00a0\u00bb font_container=\u00a0\u00bbtag:h3|text_align:left\u00a0\u00bb][\/vc_column_inner][\/vc_row_inner][vc_row_inner el_class=\u00a0\u00bbespaco-global bloco-bsk\u00a0\u00bb][vc_column_inner width=\u00a0\u00bb1\/4&Prime;][vc_images_carousel images=\u00a0\u00bb57799&Prime; img_size=\u00a0\u00bbfull\u00a0\u00bb][vc_custom_heading text=\u00a0\u00bbTRIBUTE TO TIME\u00a0\u00bb font_container=\u00a0\u00bbtag:h3|text_align:left\u00a0\u00bb][\/vc_column_inner][vc_column_inner width=\u00a0\u00bb1\/4&Prime;][vc_images_carousel images=\u00a0\u00bb46605,46593,46599&Prime; img_size=\u00a0\u00bbfull\u00a0\u00bb][vc_custom_heading text=\u00a0\u00bbFOR MARTA\u00a0\u00bb font_container=\u00a0\u00bbtag:h3|text_align:left\u00a0\u00bb][\/vc_column_inner][vc_column_inner width=\u00a0\u00bb1\/4&Prime;][vc_images_carousel images=\u00a0\u00bb46617,46611&Prime; img_size=\u00a0\u00bbfull\u00a0\u00bb][vc_custom_heading text=\u00a0\u00bbDUTCH ALPHABET\u00a0\u00bb font_container=\u00a0\u00bbtag:h3|text_align:left\u00a0\u00bb][\/vc_column_inner][vc_column_inner width=\u00a0\u00bb1\/4&Prime;][vc_images_carousel images=\u00a0\u00bb57805,57811&Prime; img_size=\u00a0\u00bbfull\u00a0\u00bb][vc_custom_heading text=\u00a0\u00bbSUSPENSION 42&Prime; font_container=\u00a0\u00bbtag:h3|text_align:left\u00a0\u00bb][\/vc_column_inner][\/vc_row_inner][vc_row_inner el_class=\u00a0\u00bbespaco-global bloco-bsk\u00a0\u00bb][vc_column_inner width=\u00a0\u00bb1\/4&Prime;][vc_images_carousel images=\u00a0\u00bb46629,46623&Prime; img_size=\u00a0\u00bbfull\u00a0\u00bb][vc_custom_heading text=\u00a0\u00bbGERARD LE FOU\u00a0\u00bb font_container=\u00a0\u00bbtag:h3|text_align:left\u00a0\u00bb][\/vc_column_inner][vc_column_inner width=\u00a0\u00bb1\/4&Prime;][vc_images_carousel images=\u00a0\u00bb57793&Prime; img_size=\u00a0\u00bbfull\u00a0\u00bb][vc_custom_heading text=\u00a0\u00bbCARIOCA MASKA\u00a0\u00bb font_container=\u00a0\u00bbtag:h3|text_align:left\u00a0\u00bb][\/vc_column_inner][vc_column_inner width=\u00a0\u00bb1\/4&Prime;][vc_images_carousel images=\u00a0\u00bb46641,46635&Prime; img_size=\u00a0\u00bbfull\u00a0\u00bb][vc_custom_heading text=\u00a0\u00bbPARIS D\u00c9CO\u00a0\u00bb font_container=\u00a0\u00bbtag:h3|text_align:left\u00a0\u00bb][\/vc_column_inner][\/vc_row_inner][vc_empty_space][\/vc_column][\/vc_row][vc_row full_width=\u00a0\u00bbstretch_row\u00a0\u00bb gap=\u00a0\u00bb\u00a0\u00bb el_class=\u00a0\u00bblets-talk-bloco\u00a0\u00bb css=\u00a0\u00bb.vc_custom_1660062966586{margin-bottom: 0px !important;}\u00a0\u00bb][vc_column width=\u00a0\u00bb2\/3&Prime;][vc_custom_heading text=\u00a0\u00bbVous avez un projet en t\u00eate ? \u00ab\u00a0][vc_custom_heading text=\u00a0\u00bbNous serions ravis d&rsquo;avoir de vos nouvelles ! \u00a0\u00bb font_container=\u00a0\u00bbtag:h3|text_align:left\u00a0\u00bb][\/vc_column][vc_column width=\u00a0\u00bb1\/3&Prime;][vc_column_text el_class=\u00a0\u00bbletsLets\u00a0\u00bb]<\/p>\n<h5 style=\"text-align: center;\"><a href=\"http:\/\/newterracotta.com\/contact-2\/\">Parlons-en.<\/a><\/h5>\n<p>[\/vc_column_text][\/vc_column][\/vc_row]<\/p>\n","protected":false},"excerpt":{"rendered":"<p>[vc_row full_width=\u00a0\u00bbstretch_row\u00a0\u00bb gap=\u00a0\u00bb\u00a0\u00bb css=\u00a0\u00bb.vc_custom_1664319965004{background-image: url(https:\/\/newterracotta.com\/wp-content\/uploads\/2022\/08\/slider_bespoke_newterracotta.png?id=42726) !important;background-position: center !important;background-repeat: no-repeat !important;background-size: cover !important;}\u00a0\u00bb el_class=\u00a0\u00bbfundoDestaqueImg\u00a0\u00bb][vc_column][vc_row_inner][vc_column_inner][vc_column_text el_class=\u00a0\u00bbcxDestaque cxBranca\u00a0\u00bb] Sur mesure Projets personnalis\u00e9s [\/vc_column_text][\/vc_column_inner][\/vc_row_inner][\/vc_column][\/vc_row][vc_row full_width=\u00a0\u00bbstretch_row_content_no_spaces\u00a0\u00bb gap=\u00a0\u00bb\u00a0\u00bb el_class=\u00a0\u00bbsection-2-bespoke grelha-bespoke\u00a0\u00bb css=\u00a0\u00bb.vc_custom_1662113726521{padding-right: 8% !important;padding-left: 8% !important;}\u00a0\u00bb][vc_column][vc_empty_space height=\u00a0\u00bb100px\u00a0\u00bb][vc_row_inner [&hellip;]<\/p>\n","protected":false},"author":1,"featured_media":0,"parent":0,"menu_order":0,"comment_status":"closed","ping_status":"closed","template":"","meta":{"_monsterinsights_skip_tracking":false,"_monsterinsights_sitenote_active":false,"_monsterinsights_sitenote_note":"","_monsterinsights_sitenote_category":0},"yoast_head":"<!-- This site is optimized with the Yoast SEO plugin v20.6 - https:\/\/yoast.com\/wordpress\/plugins\/seo\/ -->\n<title>Sur mesure - New Terracotta<\/title>\n<meta name=\"description\" content=\"Technique. Museum. Archive. Handpainted.Tiles have played a prominent part in the world throughout history.\" \/>\n<meta name=\"robots\" content=\"index, follow, max-snippet:-1, max-image-preview:large, max-video-preview:-1\" \/>\n<link rel=\"canonical\" href=\"https:\/\/newterracotta.com\/fr\/dans-latelier\/\" \/>\n<meta property=\"og:locale\" content=\"fr_FR\" \/>\n<meta property=\"og:type\" content=\"article\" \/>\n<meta property=\"og:title\" content=\"Sur mesure - New Terracotta\" \/>\n<meta property=\"og:description\" content=\"Technique. Museum. Archive. Handpainted.Tiles have played a prominent part in the world throughout history.\" \/>\n<meta property=\"og:url\" content=\"https:\/\/newterracotta.com\/fr\/dans-latelier\/\" \/>\n<meta property=\"og:site_name\" content=\"New Terracotta\" \/>\n<meta property=\"article:modified_time\" content=\"2022-10-06T15:15:11+00:00\" \/>\n<meta name=\"twitter:card\" content=\"summary_large_image\" \/>\n<meta name=\"twitter:label1\" content=\"Dur\u00e9e de lecture estim\u00e9e\" \/>\n\t<meta name=\"twitter:data1\" content=\"2 minutes\" \/>\n<script type=\"application\/ld+json\" class=\"yoast-schema-graph\">{\"@context\":\"https:\/\/schema.org\",\"@graph\":[{\"@type\":\"WebPage\",\"@id\":\"https:\/\/newterracotta.com\/fr\/dans-latelier\/\",\"url\":\"https:\/\/newterracotta.com\/fr\/dans-latelier\/\",\"name\":\"Sur mesure - New Terracotta\",\"isPartOf\":{\"@id\":\"https:\/\/newterracotta.com\/#website\"},\"datePublished\":\"2020-05-12T14:09:34+00:00\",\"dateModified\":\"2022-10-06T15:15:11+00:00\",\"description\":\"Technique. Museum. Archive. Handpainted.Tiles have played a prominent part in the world throughout history.\",\"inLanguage\":\"fr-FR\",\"potentialAction\":[{\"@type\":\"ReadAction\",\"target\":[\"https:\/\/newterracotta.com\/fr\/dans-latelier\/\"]}]},{\"@type\":\"WebSite\",\"@id\":\"https:\/\/newterracotta.com\/#website\",\"url\":\"https:\/\/newterracotta.com\/\",\"name\":\"New Terracotta\",\"description\":\"Portuguese Handmade\",\"potentialAction\":[{\"@type\":\"SearchAction\",\"target\":{\"@type\":\"EntryPoint\",\"urlTemplate\":\"https:\/\/newterracotta.com\/?s={search_term_string}\"},\"query-input\":\"required name=search_term_string\"}],\"inLanguage\":\"fr-FR\"}]}<\/script>\n<!-- \/ Yoast SEO plugin. -->","yoast_head_json":{"title":"Sur mesure - New Terracotta","description":"Technique. Museum. Archive. Handpainted.Tiles have played a prominent part in the world throughout history.","robots":{"index":"index","follow":"follow","max-snippet":"max-snippet:-1","max-image-preview":"max-image-preview:large","max-video-preview":"max-video-preview:-1"},"canonical":"https:\/\/newterracotta.com\/fr\/dans-latelier\/","og_locale":"fr_FR","og_type":"article","og_title":"Sur mesure - New Terracotta","og_description":"Technique. Museum. Archive. Handpainted.Tiles have played a prominent part in the world throughout history.","og_url":"https:\/\/newterracotta.com\/fr\/dans-latelier\/","og_site_name":"New Terracotta","article_modified_time":"2022-10-06T15:15:11+00:00","twitter_card":"summary_large_image","twitter_misc":{"Dur\u00e9e de lecture estim\u00e9e":"2 minutes"},"schema":{"@context":"https:\/\/schema.org","@graph":[{"@type":"WebPage","@id":"https:\/\/newterracotta.com\/fr\/dans-latelier\/","url":"https:\/\/newterracotta.com\/fr\/dans-latelier\/","name":"Sur mesure - New Terracotta","isPartOf":{"@id":"https:\/\/newterracotta.com\/#website"},"datePublished":"2020-05-12T14:09:34+00:00","dateModified":"2022-10-06T15:15:11+00:00","description":"Technique. Museum. Archive. Handpainted.Tiles have played a prominent part in the world throughout history.","inLanguage":"fr-FR","potentialAction":[{"@type":"ReadAction","target":["https:\/\/newterracotta.com\/fr\/dans-latelier\/"]}]},{"@type":"WebSite","@id":"https:\/\/newterracotta.com\/#website","url":"https:\/\/newterracotta.com\/","name":"New Terracotta","description":"Portuguese Handmade","potentialAction":[{"@type":"SearchAction","target":{"@type":"EntryPoint","urlTemplate":"https:\/\/newterracotta.com\/?s={search_term_string}"},"query-input":"required name=search_term_string"}],"inLanguage":"fr-FR"}]}},"_links":{"self":[{"href":"https:\/\/newterracotta.com\/fr\/wp-json\/wp\/v2\/pages\/29008"}],"collection":[{"href":"https:\/\/newterracotta.com\/fr\/wp-json\/wp\/v2\/pages"}],"about":[{"href":"https:\/\/newterracotta.com\/fr\/wp-json\/wp\/v2\/types\/page"}],"author":[{"embeddable":true,"href":"https:\/\/newterracotta.com\/fr\/wp-json\/wp\/v2\/users\/1"}],"replies":[{"embeddable":true,"href":"https:\/\/newterracotta.com\/fr\/wp-json\/wp\/v2\/comments?post=29008"}],"version-history":[{"count":15,"href":"https:\/\/newterracotta.com\/fr\/wp-json\/wp\/v2\/pages\/29008\/revisions"}],"predecessor-version":[{"id":58919,"href":"https:\/\/newterracotta.com\/fr\/wp-json\/wp\/v2\/pages\/29008\/revisions\/58919"}],"wp:attachment":[{"href":"https:\/\/newterracotta.com\/fr\/wp-json\/wp\/v2\/media?parent=29008"}],"curies":[{"name":"wp","href":"https:\/\/api.w.org\/{rel}","templated":true}]}}