{"id":29129,"date":"2020-05-12T14:16:11","date_gmt":"2020-05-12T14:16:11","guid":{"rendered":"https:\/\/newterracotta.com\/?page_id=29129"},"modified":"2020-05-25T15:28:14","modified_gmt":"2020-05-25T15:28:14","slug":"dans-latelier-2","status":"publish","type":"page","link":"https:\/\/newterracotta.com\/fr\/dans-latelier-2\/","title":{"rendered":"Bespoke Tiles"},"content":{"rendered":"<p>[vc_row full_width=\u00a0\u00bbstretch_row_content_no_spaces\u00a0\u00bb gap=\u00a0\u00bb\u00a0\u00bb parallax_image=\u00a0\u00bb29222&Prime;][vc_column][vc_empty_space height=\u00a0\u00bb400px\u00a0\u00bb][\/vc_column][\/vc_row][vc_section full_width=\u00a0\u00bbstretch_row\u00a0\u00bb el_class=\u00a0\u00bbsection-4-bespoke\u00a0\u00bb][vc_row][vc_column][vc_empty_space height=\u00a0\u00bb20px\u00a0\u00bb][vc_custom_heading text=\u00a0\u00bbBespoke Tiles\u00a0\u00bb font_container=\u00a0\u00bbtag:h2|text_align:center\u00a0\u00bb el_class=\u00a0\u00bbno-margin-bottom\u00a0\u00bb][vc_empty_space height=\u00a0\u00bb30px\u00a0\u00bb][vc_column_text el_class=\u00a0\u00bbtamanho-extra-bespoke\u00a0\u00bb]<\/p>\n<p style=\"text-align: center;\">New Terracotta offre un service complet de design de carreaux muraux, de la conception \u00e0 l\u2019installation.<br \/>\nQu&rsquo;il s&rsquo;agisse de personnaliser l&rsquo;un de nos mod\u00e8les existants ou de travailler avec nous sur une cr\u00e9ation enti\u00e8rement sur mesure,<br \/>\nnos experts vous guident tout au long de ce processus passionnant.<\/p>\n<p>[\/vc_column_text][vc_empty_space height=\u00a0\u00bb30px\u00a0\u00bb][\/vc_column][\/vc_row][vc_row][vc_column][vc_row_inner][vc_column_inner width=\u00a0\u00bb1\/12&Prime;][\/vc_column_inner][vc_column_inner width=\u00a0\u00bb5\/12&Prime; css=\u00a0\u00bb.vc_custom_1588809961516{margin-right: 15px !important;}\u00a0\u00bb][vc_single_image image=\u00a0\u00bb29630&Prime; img_size=\u00a0\u00bbfull\u00a0\u00bb][vc_custom_heading text=\u00a0\u00bbTropical Acquarela\u00a0\u00bb font_container=\u00a0\u00bbtag:h5|text_align:left\u00a0\u00bb][vc_single_image image=\u00a0\u00bb29582&Prime; img_size=\u00a0\u00bbfull\u00a0\u00bb][vc_custom_heading text=\u00a0\u00bbDutch Alphabet\u00a0\u00bb font_container=\u00a0\u00bbtag:h5|text_align:left\u00a0\u00bb][vc_single_image image=\u00a0\u00bb29564&Prime; img_size=\u00a0\u00bbfull\u00a0\u00bb][vc_custom_heading text=\u00a0\u00bbChina Regio Asie\u00a0\u00bb font_container=\u00a0\u00bbtag:h5|text_align:left\u00a0\u00bb][vc_single_image image=\u00a0\u00bb29612&Prime; img_size=\u00a0\u00bbfull\u00a0\u00bb][vc_custom_heading text=\u00a0\u00bbSophie in the Fields\u00a0\u00bb font_container=\u00a0\u00bbtag:h5|text_align:left\u00a0\u00bb][vc_single_image image=\u00a0\u00bb29594&Prime; img_size=\u00a0\u00bbfull\u00a0\u00bb][vc_custom_heading text=\u00a0\u00bbLisboa Antiga Revisited\u00a0\u00bb font_container=\u00a0\u00bbtag:h5|text_align:left\u00a0\u00bb][vc_single_image image=\u00a0\u00bb29540&Prime; img_size=\u00a0\u00bbfull\u00a0\u00bb][vc_custom_heading text=\u00a0\u00bbAfter Jackie\u00a0\u00bb font_container=\u00a0\u00bbtag:h5|text_align:left\u00a0\u00bb][vc_single_image image=\u00a0\u00bb29558&Prime; img_size=\u00a0\u00bbfull\u00a0\u00bb][vc_custom_heading text=\u00a0\u00bbCat, Crocodile and Friends\u00a0\u00bb font_container=\u00a0\u00bbtag:h5|text_align:left\u00a0\u00bb][\/vc_column_inner][vc_column_inner width=\u00a0\u00bb5\/12&Prime; css=\u00a0\u00bb.vc_custom_1588809968950{margin-left: 15px !important;}\u00a0\u00bb][vc_single_image image=\u00a0\u00bb29570&Prime; img_size=\u00a0\u00bbfull\u00a0\u00bb][vc_custom_heading text=\u00a0\u00bbChinoiserie in Pink\u00a0\u00bb font_container=\u00a0\u00bbtag:h5|text_align:left\u00a0\u00bb][vc_single_image image=\u00a0\u00bb29624&Prime; img_size=\u00a0\u00bbfull\u00a0\u00bb][vc_custom_heading text=\u00a0\u00bbTribute to Escher\u00a0\u00bb font_container=\u00a0\u00bbtag:h5|text_align:left\u00a0\u00bb][vc_single_image image=\u00a0\u00bb29546&Prime; img_size=\u00a0\u00bbfull\u00a0\u00bb][vc_custom_heading text=\u00a0\u00bbBig Birds\u00a0\u00bb font_container=\u00a0\u00bbtag:h5|text_align:left\u00a0\u00bb][vc_single_image image=\u00a0\u00bb29588&Prime; img_size=\u00a0\u00bbfull\u00a0\u00bb][vc_custom_heading text=\u00a0\u00bbFronteira Palace\u00a0\u00bb font_container=\u00a0\u00bbtag:h5|text_align:left\u00a0\u00bb][vc_single_image image=\u00a0\u00bb29552&Prime; img_size=\u00a0\u00bbfull\u00a0\u00bb][vc_custom_heading text=\u00a0\u00bbBlue Angels\u00a0\u00bb font_container=\u00a0\u00bbtag:h5|text_align:left\u00a0\u00bb][vc_single_image image=\u00a0\u00bb29998&Prime; img_size=\u00a0\u00bbfull\u00a0\u00bb][vc_custom_heading text=\u00a0\u00bbCraft Loewe\u2019s\u00a0\u00bb font_container=\u00a0\u00bbtag:h5|text_align:left\u00a0\u00bb][vc_media_grid element_width=\u00a0\u00bb6&Prime; grid_id=\u00a0\u00bbvc_gid:1590420437733-f10ad317-795f-6&Prime; include=\u00a0\u00bb29606,29600&Prime; css=\u00a0\u00bb.vc_custom_1589755753201{margin-bottom: 15px !important;}\u00a0\u00bb][vc_custom_heading text=\u00a0\u00bbPreciouse Smink\u00a0\u00bb font_container=\u00a0\u00bbtag:h5|text_align:left\u00a0\u00bb el_class=\u00a0\u00bbside-by-side\u00a0\u00bb][vc_custom_heading text=\u00a0\u00bbPlatinum Fest\u00a0\u00bb font_container=\u00a0\u00bbtag:h5|text_align:left\u00a0\u00bb el_class=\u00a0\u00bbside-by-side\u00a0\u00bb][vc_single_image image=\u00a0\u00bb29618&Prime; img_size=\u00a0\u00bbfull\u00a0\u00bb][vc_custom_heading text=\u00a0\u00bbThe Fish Mural\u00a0\u00bb font_container=\u00a0\u00bbtag:h5|text_align:left\u00a0\u00bb][\/vc_column_inner][vc_column_inner width=\u00a0\u00bb1\/12&Prime;][\/vc_column_inner][\/vc_row_inner][\/vc_column][\/vc_row][\/vc_section][vc_section el_class=\u00a0\u00bbsection-5-bespoke\u00a0\u00bb][vc_row][vc_column][vc_row_inner][vc_column_inner][vc_custom_heading text=\u00a0\u00bbCouleurs, formes et textures sur mesure\u00a0\u00bb font_container=\u00a0\u00bbtag:h3|text_align:center\u00a0\u00bb el_class=\u00a0\u00bbno-margin-bottom\u00a0\u00bb][vc_column_text el_class=\u00a0\u00bbtamanho-extra-bespoke\u00a0\u00bb]<\/p>\n<p style=\"text-align: center;\">Nous encourageons nos clients \u00e0 explorer leur propre cr\u00e9ativit\u00e9 et \u00e0 commander une pi\u00e8ce unique parfaitement adapt\u00e9e \u00e0 leur style.<\/p>\n<p>[\/vc_column_text][vc_empty_space height=\u00a0\u00bb0px\u00a0\u00bb][\/vc_column_inner][\/vc_row_inner][\/vc_column][\/vc_row][vc_row gap=\u00a0\u00bb\u00a0\u00bb el_class=\u00a0\u00bbgallery-bespoke\u00a0\u00bb][vc_column][rev_slider_vc alias=\u00a0\u00bbbespoke\u00a0\u00bb el_class=\u00a0\u00bbmaxwidthSlide\u00a0\u00bb][vc_empty_space height=\u00a0\u00bb20px\u00a0\u00bb][\/vc_column][\/vc_row][vc_row][vc_column width=\u00a0\u00bb1\/2&Prime;][vc_row_inner][vc_column_inner width=\u00a0\u00bb1\/2&Prime;][vc_single_image image=\u00a0\u00bb10789&Prime; img_size=\u00a0\u00bbfull\u00a0\u00bb][vc_custom_heading text=\u00a0\u00bbPaulo Calado\u00a0\u00bb font_container=\u00a0\u00bbtag:h5|text_align:left\u00a0\u00bb][\/vc_column_inner][vc_column_inner width=\u00a0\u00bb1\/2&Prime;][vc_single_image image=\u00a0\u00bb10805&Prime; img_size=\u00a0\u00bbfull\u00a0\u00bb][vc_custom_heading text=\u00a0\u00bb\u00c1lvaro Afonso\u00a0\u00bb font_container=\u00a0\u00bbtag:h5|text_align:left\u00a0\u00bb][\/vc_column_inner][\/vc_row_inner][vc_row_inner][vc_column_inner][vc_custom_heading text=\u00a0\u00bbLES G\u00c9RANTS D\u2019UNE USINE DE SERVICES\u00a0\u00bb font_container=\u00a0\u00bbtag:h6|text_align:left\u00a0\u00bb el_class=\u00a0\u00bbno-margin-bottom\u00a0\u00bb][vc_column_text]Tous les membres de notre organisation doivent reconna\u00eetre que notre usine ne fait pas que fabriquer, elle propose aussi un ensemble de services qui font partie int\u00e9grante de chaque produit. C\u2019est cette vision int\u00e9gr\u00e9e des produits et services que nous appelons l\u2019usine de services.[\/vc_column_text][\/vc_column_inner][\/vc_row_inner][\/vc_column][vc_column width=\u00a0\u00bb1\/2&Prime;][vc_single_image image=\u00a0\u00bb29950&Prime; img_size=\u00a0\u00bbfull\u00a0\u00bb onclick=\u00a0\u00bbcustom_link\u00a0\u00bb link=\u00a0\u00bbhttps:\/\/newterracotta.com\/bespoke-volumetrics\/\u00a0\u00bb][\/vc_column][\/vc_row][\/vc_section][vc_row full_width=\u00a0\u00bbstretch_row_content_no_spaces\u00a0\u00bb gap=\u00a0\u00bb\u00a0\u00bb el_class=\u00a0\u00bblets-talk-bloco\u00a0\u00bb][vc_column][vc_custom_heading text=\u00a0\u00bbVous avez un projet en t\u00eate?<br \/>\nNous serions ravis d\u2019en faire partie!\u00a0\u00bb font_container=\u00a0\u00bbtag:h2|text_align:center\u00a0\u00bb][vc_column_text]<\/p>\n<h5 style=\"text-align: center;\"><a href=\"http:\/\/newterracotta.com\/contact-2\/\">PARLONS-EN.<\/a><\/h5>\n<p>[\/vc_column_text][\/vc_column][\/vc_row]<\/p>\n","protected":false},"excerpt":{"rendered":"<p>[vc_row full_width=\u00a0\u00bbstretch_row_content_no_spaces\u00a0\u00bb gap=\u00a0\u00bb\u00a0\u00bb parallax_image=\u00a0\u00bb29222&Prime;][vc_column][vc_empty_space height=\u00a0\u00bb400px\u00a0\u00bb][\/vc_column][\/vc_row][vc_section full_width=\u00a0\u00bbstretch_row\u00a0\u00bb el_class=\u00a0\u00bbsection-4-bespoke\u00a0\u00bb][vc_row][vc_column][vc_empty_space height=\u00a0\u00bb20px\u00a0\u00bb][vc_custom_heading text=\u00a0\u00bbBespoke Tiles\u00a0\u00bb font_container=\u00a0\u00bbtag:h2|text_align:center\u00a0\u00bb el_class=\u00a0\u00bbno-margin-bottom\u00a0\u00bb][vc_empty_space height=\u00a0\u00bb30px\u00a0\u00bb][vc_column_text el_class=\u00a0\u00bbtamanho-extra-bespoke\u00a0\u00bb] New Terracotta offre un service complet de design de carreaux muraux, de la conception \u00e0 l\u2019installation. [&hellip;]<\/p>\n","protected":false},"author":1,"featured_media":0,"parent":0,"menu_order":0,"comment_status":"closed","ping_status":"closed","template":"","meta":{"_monsterinsights_skip_tracking":false,"_monsterinsights_sitenote_active":false,"_monsterinsights_sitenote_note":"","_monsterinsights_sitenote_category":0},"yoast_head":"<!-- This site is optimized with the Yoast SEO plugin v20.6 - https:\/\/yoast.com\/wordpress\/plugins\/seo\/ -->\n<title>Bespoke Tiles - New Terracotta<\/title>\n<meta name=\"description\" content=\"Technique. Museum. Archive. Handpainted.Tiles have played a prominent part in the world throughout history.\" \/>\n<meta name=\"robots\" content=\"index, follow, max-snippet:-1, max-image-preview:large, max-video-preview:-1\" \/>\n<link rel=\"canonical\" href=\"https:\/\/newterracotta.com\/fr\/dans-latelier-2\/\" \/>\n<meta property=\"og:locale\" content=\"fr_FR\" \/>\n<meta property=\"og:type\" content=\"article\" \/>\n<meta property=\"og:title\" content=\"Bespoke Tiles - New Terracotta\" \/>\n<meta property=\"og:description\" content=\"Technique. Museum. Archive. Handpainted.Tiles have played a prominent part in the world throughout history.\" \/>\n<meta property=\"og:url\" content=\"https:\/\/newterracotta.com\/fr\/dans-latelier-2\/\" \/>\n<meta property=\"og:site_name\" content=\"New Terracotta\" \/>\n<meta property=\"article:modified_time\" content=\"2020-05-25T15:28:14+00:00\" \/>\n<meta name=\"twitter:card\" content=\"summary_large_image\" \/>\n<meta name=\"twitter:label1\" content=\"Dur\u00e9e de lecture estim\u00e9e\" \/>\n\t<meta name=\"twitter:data1\" content=\"4 minutes\" \/>\n<script type=\"application\/ld+json\" class=\"yoast-schema-graph\">{\"@context\":\"https:\/\/schema.org\",\"@graph\":[{\"@type\":\"WebPage\",\"@id\":\"https:\/\/newterracotta.com\/fr\/dans-latelier-2\/\",\"url\":\"https:\/\/newterracotta.com\/fr\/dans-latelier-2\/\",\"name\":\"Bespoke Tiles - New Terracotta\",\"isPartOf\":{\"@id\":\"https:\/\/newterracotta.com\/#website\"},\"datePublished\":\"2020-05-12T14:16:11+00:00\",\"dateModified\":\"2020-05-25T15:28:14+00:00\",\"description\":\"Technique. Museum. Archive. Handpainted.Tiles have played a prominent part in the world throughout history.\",\"inLanguage\":\"fr-FR\",\"potentialAction\":[{\"@type\":\"ReadAction\",\"target\":[\"https:\/\/newterracotta.com\/fr\/dans-latelier-2\/\"]}]},{\"@type\":\"WebSite\",\"@id\":\"https:\/\/newterracotta.com\/#website\",\"url\":\"https:\/\/newterracotta.com\/\",\"name\":\"New Terracotta\",\"description\":\"Portuguese Handmade\",\"potentialAction\":[{\"@type\":\"SearchAction\",\"target\":{\"@type\":\"EntryPoint\",\"urlTemplate\":\"https:\/\/newterracotta.com\/?s={search_term_string}\"},\"query-input\":\"required name=search_term_string\"}],\"inLanguage\":\"fr-FR\"}]}<\/script>\n<!-- \/ Yoast SEO plugin. -->","yoast_head_json":{"title":"Bespoke Tiles - New Terracotta","description":"Technique. Museum. Archive. Handpainted.Tiles have played a prominent part in the world throughout history.","robots":{"index":"index","follow":"follow","max-snippet":"max-snippet:-1","max-image-preview":"max-image-preview:large","max-video-preview":"max-video-preview:-1"},"canonical":"https:\/\/newterracotta.com\/fr\/dans-latelier-2\/","og_locale":"fr_FR","og_type":"article","og_title":"Bespoke Tiles - New Terracotta","og_description":"Technique. Museum. Archive. Handpainted.Tiles have played a prominent part in the world throughout history.","og_url":"https:\/\/newterracotta.com\/fr\/dans-latelier-2\/","og_site_name":"New Terracotta","article_modified_time":"2020-05-25T15:28:14+00:00","twitter_card":"summary_large_image","twitter_misc":{"Dur\u00e9e de lecture estim\u00e9e":"4 minutes"},"schema":{"@context":"https:\/\/schema.org","@graph":[{"@type":"WebPage","@id":"https:\/\/newterracotta.com\/fr\/dans-latelier-2\/","url":"https:\/\/newterracotta.com\/fr\/dans-latelier-2\/","name":"Bespoke Tiles - New Terracotta","isPartOf":{"@id":"https:\/\/newterracotta.com\/#website"},"datePublished":"2020-05-12T14:16:11+00:00","dateModified":"2020-05-25T15:28:14+00:00","description":"Technique. Museum. Archive. Handpainted.Tiles have played a prominent part in the world throughout history.","inLanguage":"fr-FR","potentialAction":[{"@type":"ReadAction","target":["https:\/\/newterracotta.com\/fr\/dans-latelier-2\/"]}]},{"@type":"WebSite","@id":"https:\/\/newterracotta.com\/#website","url":"https:\/\/newterracotta.com\/","name":"New Terracotta","description":"Portuguese Handmade","potentialAction":[{"@type":"SearchAction","target":{"@type":"EntryPoint","urlTemplate":"https:\/\/newterracotta.com\/?s={search_term_string}"},"query-input":"required name=search_term_string"}],"inLanguage":"fr-FR"}]}},"_links":{"self":[{"href":"https:\/\/newterracotta.com\/fr\/wp-json\/wp\/v2\/pages\/29129"}],"collection":[{"href":"https:\/\/newterracotta.com\/fr\/wp-json\/wp\/v2\/pages"}],"about":[{"href":"https:\/\/newterracotta.com\/fr\/wp-json\/wp\/v2\/types\/page"}],"author":[{"embeddable":true,"href":"https:\/\/newterracotta.com\/fr\/wp-json\/wp\/v2\/users\/1"}],"replies":[{"embeddable":true,"href":"https:\/\/newterracotta.com\/fr\/wp-json\/wp\/v2\/comments?post=29129"}],"version-history":[{"count":12,"href":"https:\/\/newterracotta.com\/fr\/wp-json\/wp\/v2\/pages\/29129\/revisions"}],"predecessor-version":[{"id":30455,"href":"https:\/\/newterracotta.com\/fr\/wp-json\/wp\/v2\/pages\/29129\/revisions\/30455"}],"wp:attachment":[{"href":"https:\/\/newterracotta.com\/fr\/wp-json\/wp\/v2\/media?parent=29129"}],"curies":[{"name":"wp","href":"https:\/\/api.w.org\/{rel}","templated":true}]}}