{"id":32298,"date":"2022-10-04T09:54:13","date_gmt":"2022-10-04T09:54:13","guid":{"rendered":"https:\/\/newterracotta.com\/?page_id=32298"},"modified":"2025-03-28T15:48:35","modified_gmt":"2025-03-28T15:48:35","slug":"contacts-2","status":"publish","type":"page","link":"https:\/\/newterracotta.com\/fr\/contacts-2\/","title":{"rendered":"Contacts"},"content":{"rendered":"<p>[vc_row gap=\u00a0\u00bb\u00a0\u00bb][vc_column][vc_row_inner el_class=\u00a0\u00bbbl-contactos-1&Prime;][vc_column_inner][vc_empty_space height=\u00a0\u00bb100px\u00a0\u00bb][vc_column_text el_class=\u00a0\u00bbcxDestaqueWithout\u00a0\u00bb]<\/p>\n<h1>Parlons-en!<\/h1>\n<h5>Nous aimerions en savoir plus sur votre projet.<\/h5>\n<p>[\/vc_column_text][vc_separator color=\u00a0\u00bbblack\u00a0\u00bb align=\u00a0\u00bbalign_left\u00a0\u00bb border_width=\u00a0\u00bb4&Prime; el_width=\u00a0\u00bb20&Prime;][\/vc_column_inner][\/vc_row_inner][\/vc_column][\/vc_row][vc_row gap=\u00a0\u00bb\u00a0\u00bb el_class=\u00a0\u00bbdesigners-terra \u00ab\u00a0][vc_column][vc_row_inner][vc_column_inner el_class=\u00a0\u00bbtexto-preto-about\u00a0\u00bb width=\u00a0\u00bb5\/6&Prime;][vc_column_text]Nous vous invitons \u00e0 remplir le formulaire suivant et nous nous engageons \u00e0 vous contacter au plus vite.[\/vc_column_text][vc_column_text][\/vc_column_text][vc_empty_space height=\u00a0\u00bb30px\u00a0\u00bb]\n<div class=\"wpcf7 no-js\" id=\"wpcf7-f15406-o1\" lang=\"en-US\" dir=\"ltr\">\n<div class=\"screen-reader-response\"><p role=\"status\" aria-live=\"polite\" aria-atomic=\"true\"><\/p> <ul><\/ul><\/div>\n<form action=\"\/fr\/wp-json\/wp\/v2\/pages\/32298#wpcf7-f15406-o1\" method=\"post\" class=\"wpcf7-form init\" aria-label=\"Contact form\" novalidate=\"novalidate\" data-status=\"init\">\n<div style=\"display: none;\">\n<input type=\"hidden\" name=\"_wpcf7\" value=\"15406\" \/>\n<input type=\"hidden\" name=\"_wpcf7_version\" value=\"5.7.7\" \/>\n<input type=\"hidden\" name=\"_wpcf7_locale\" value=\"en_US\" \/>\n<input type=\"hidden\" name=\"_wpcf7_unit_tag\" value=\"wpcf7-f15406-o1\" \/>\n<input type=\"hidden\" name=\"_wpcf7_container_post\" value=\"0\" \/>\n<input type=\"hidden\" name=\"_wpcf7_posted_data_hash\" value=\"\" \/>\n<input type=\"hidden\" name=\"_wpcf7_recaptcha_response\" value=\"\" \/>\n<\/div>\n<div class=\"contact-details form-fieldset\">\n\t<div class=\"contact-text name contact-input piwo-input input-required\">\n\t\t<p><span class=\"wpcf7-form-control-wrap\" data-name=\"your-name\"><input size=\"40\" class=\"wpcf7-form-control wpcf7-text wpcf7-validates-as-required\" aria-required=\"true\" aria-invalid=\"false\" placeholder=\"Nom*\" value=\"\" type=\"text\" name=\"your-name\" \/><\/span>\n\t\t<\/p>\n\t<\/div>\n\t<div class=\"contact-text company contact-input piwo-input \">\n\t\t<p><span class=\"wpcf7-form-control-wrap\" data-name=\"your-company\"><input size=\"40\" class=\"wpcf7-form-control wpcf7-text\" aria-invalid=\"false\" placeholder=\"Soci\u00e9t\u00e9\" value=\"\" type=\"text\" name=\"your-company\" \/><\/span>\n\t\t<\/p>\n\t<\/div>\n<\/div>\n<div class=\"contact-details form-fieldset\">\n\t<div class=\"contact-text contact-input piwo-input\">\n\t\t<p><span class=\"wpcf7-form-control-wrap\" data-name=\"iam\"><select class=\"wpcf7-form-control wpcf7-select\" aria-invalid=\"false\" name=\"iam\"><option value=\"\">&#8212;Please choose an option&#8212;<\/option><option value=\"Je suis...\">Je suis...<\/option><option value=\"Architecte\">Architecte<\/option><option value=\"Marchand\">Marchand<\/option><option value=\"Usage personnel\">Usage personnel<\/option><option value=\"Presse\">Presse<\/option><option value=\"Autres\">Autres<\/option><\/select><\/span>\n\t\t<\/p>\n\t<\/div>\n\t<div class=\"contact-text email contact-input piwo-input input-required\">\n\t\t<p><span class=\"wpcf7-form-control-wrap\" data-name=\"your-email\"><input size=\"40\" class=\"wpcf7-form-control wpcf7-text wpcf7-email wpcf7-validates-as-required wpcf7-validates-as-email\" aria-required=\"true\" aria-invalid=\"false\" placeholder=\"Email*\" value=\"\" type=\"email\" name=\"your-email\" \/><\/span>\n\t\t<\/p>\n\t<\/div>\n<\/div>\n<div class=\"contact-details form-fieldset\">\n\t<div class=\"contact-text phone contact-input piwo-input\">\n\t\t<p><span class=\"wpcf7-form-control-wrap\" data-name=\"your-phone\"><input size=\"40\" class=\"wpcf7-form-control wpcf7-text wpcf7-tel wpcf7-validates-as-tel\" aria-invalid=\"false\" placeholder=\"T\u00e9l\u00e9phone\" value=\"\" type=\"tel\" name=\"your-phone\" \/><\/span>\n\t\t<\/p>\n\t<\/div>\n\t<div class=\"contact-text howdid contact-input piwo-input\">\n\t\t<p><span class=\"wpcf7-form-control-wrap\" data-name=\"your-location\"><input size=\"40\" class=\"wpcf7-form-control wpcf7-text\" aria-invalid=\"false\" placeholder=\"M\u00e9nage\" value=\"\" type=\"text\" name=\"your-location\" \/><\/span>\n\t\t<\/p>\n\t<\/div>\n<\/div>\n<div class=\"contact-details form-fieldset\">\n\t<div class=\"contact-text contact-input piwo-input\">\n\t\t<p><label>D\u00e9tails du Projet<\/label><span class=\"wpcf7-form-control-wrap\" data-name=\"project-details\"><textarea cols=\"40\" rows=\"10\" class=\"wpcf7-form-control wpcf7-textarea wpcf7-validates-as-required\" aria-required=\"true\" aria-invalid=\"false\" name=\"project-details\"><\/textarea><\/span>\n\t\t<\/p>\n\t<\/div>\n\t<div class=\"contact-text contact-input piwo-input\">\n\t\t<p><span class=\"wpcf7-form-control-wrap\" data-name=\"howdid\"><select class=\"wpcf7-form-control wpcf7-select\" aria-invalid=\"false\" name=\"howdid\"><option value=\"\">&#8212;Please choose an option&#8212;<\/option><option value=\"O\u00f9 avez vous entendu parler de nous?\">O\u00f9 avez vous entendu parler de nous?<\/option><option value=\"Social\">Social<\/option><option value=\"Google\">Google<\/option><option value=\"News\">News<\/option><option value=\"\u00c9v\u00e9nement\">\u00c9v\u00e9nement<\/option><option value=\"Autre\">Autre<\/option><\/select><\/span>\n\t\t<\/p>\n\t<\/div>\n<\/div>\n<div class=\"contact-text contact-input piwo-input\">\n\t<div class=\"form-submit\">\n\t\t<div class=\"envio-form\">\n\t\t\t<p><span class=\"wpcf7-form-control-wrap\" data-name=\"acceptance-374\"><span class=\"wpcf7-form-control wpcf7-acceptance\"><span class=\"wpcf7-list-item\"><label><input type=\"checkbox\" name=\"acceptance-374\" value=\"1\" aria-invalid=\"false\" \/><span class=\"wpcf7-list-item-label\">Traitement des donn\u00e9es personnelles conform\u00e9ment au RGPD - R\u00e8glement (UE) 2016\/679 | Politique de Confidentialit\u00e9<\/span><\/label><\/span><\/span><\/span>\n\t\t\t<\/p>\n\t\t<span class=\"wpcf7-form-control-wrap recaptcha\" data-name=\"recaptcha\"><span data-sitekey=\"6LdVgbYUAAAAAIUHVDkaRs4ZO59Vi6BZlCbHxgRB\" class=\"wpcf7-form-control g-recaptcha wpcf7-recaptcha\"><\/span>\r\n<noscript>\r\n\t<div class=\"grecaptcha-noscript\">\r\n\t\t<iframe src=\"https:\/\/www.google.com\/recaptcha\/api\/fallback?k=6LdVgbYUAAAAAIUHVDkaRs4ZO59Vi6BZlCbHxgRB\" frameborder=\"0\" scrolling=\"no\" width=\"310\" height=\"430\">\r\n\t\t<\/iframe>\r\n\t\t<textarea name=\"g-recaptcha-response\" rows=\"3\" cols=\"40\" placeholder=\"reCaptcha Response Here\">\r\n\t\t<\/textarea>\r\n\t<\/div>\r\n<\/noscript>\r\n<\/span>\n\t\t\t<p><input class=\"wpcf7-form-control has-spinner wpcf7-submit\" type=\"submit\" value=\"Envoyer\" \/>\n\t\t\t<\/p>\n\t\t<\/div>\n\t<\/div>\n<\/div><div class=\"wpcf7-response-output\" aria-hidden=\"true\"><\/div>\n<\/form>\n<\/div>\n[vc_empty_space height=\u00a0\u00bb50px\u00a0\u00bb][\/vc_column_inner][vc_column_inner width=\u00a0\u00bb1\/6&Prime;][vc_column_text]<\/p>\n<div class=\"cleanslate w24tz-current-time w24tz-small\" style=\"display: inline-block !important; visibility: hidden !important; min-width: 200px !important; min-height: 100px !important;\">\n<p><a id=\"tz24-1567417222-c1133-eyJob3VydHlwZSI6MTIsInNob3dkYXRlIjoiMSIsInNob3dzZWNvbmRzIjoiMCIsImNvbnRhaW5lcl9pZCI6ImNsb2NrX2Jsb2NrX2NiNWQ2Y2UzODY2ZDA3ZiIsInR5cGUiOiJkYiIsImxhbmciOiJlbiJ9\" class=\"clock24\" style=\"text-decoration: none;\" title=\"Lisbon timezone\" href=\"\/\/24timezones.com\/world_directory\/time_in_lisbon.php\" target=\"_blank\" rel=\"noopener noreferrer\">Lisbon time<\/a><\/p>\n<div id=\"clock_block_cb5d6ce3866d07f\"><\/div>\n<\/div>\n<p><script src=\"\/\/w.24timezones.com\/l.js\" async=\"\" type=\"text\/javascript\"><\/script>[\/vc_column_text][\/vc_column_inner][\/vc_row_inner][\/vc_column][\/vc_row][vc_row full_width=\u00a0\u00bbstretch_row\u00a0\u00bb gap=\u00a0\u00bb\u00a0\u00bb el_class=\u00a0\u00bblets-talk-bloco\u00a0\u00bb css=\u00a0\u00bb.vc_custom_1660062966586{margin-bottom: 0px !important;}\u00a0\u00bb][vc_column width=\u00a0\u00bb2\/3&Prime;][vc_custom_heading text=\u00a0\u00bbBesoin d\u2019informations compl\u00e9mentaires? \u00ab\u00a0][vc_custom_heading text=\u00a0\u00bbParfois, on a juste besoin d\u2019un peu d&rsquo;aide!\u00a0\u00bb font_container=\u00a0\u00bbtag:h3|text_align:left\u00a0\u00bb][\/vc_column][vc_column width=\u00a0\u00bb1\/3&Prime;][vc_column_text el_class=\u00a0\u00bbletsLets\u00a0\u00bb]<\/p>\n<h5><a href=\"https:\/\/newterracotta.com\/contact-2\/\">Parlon-en.<\/a><\/h5>\n<h5><\/h5>\n<p>[\/vc_column_text][\/vc_column][\/vc_row]<\/p>\n","protected":false},"excerpt":{"rendered":"<p>[vc_row gap=\u00a0\u00bb\u00a0\u00bb][vc_column][vc_row_inner el_class=\u00a0\u00bbbl-contactos-1&Prime;][vc_column_inner][vc_empty_space height=\u00a0\u00bb100px\u00a0\u00bb][vc_column_text el_class=\u00a0\u00bbcxDestaqueWithout\u00a0\u00bb] Parlons-en! Nous aimerions en savoir plus sur votre projet. [\/vc_column_text][vc_separator color=\u00a0\u00bbblack\u00a0\u00bb align=\u00a0\u00bbalign_left\u00a0\u00bb border_width=\u00a0\u00bb4&Prime; el_width=\u00a0\u00bb20&Prime;][\/vc_column_inner][\/vc_row_inner][\/vc_column][\/vc_row][vc_row gap=\u00a0\u00bb\u00a0\u00bb el_class=\u00a0\u00bbdesigners-terra \u00ab\u00a0][vc_column][vc_row_inner][vc_column_inner el_class=\u00a0\u00bbtexto-preto-about\u00a0\u00bb width=\u00a0\u00bb5\/6&Prime;][vc_column_text]Nous vous invitons \u00e0 remplir le formulaire [&hellip;]<\/p>\n","protected":false},"author":1,"featured_media":0,"parent":0,"menu_order":0,"comment_status":"closed","ping_status":"closed","template":"","meta":{"_monsterinsights_skip_tracking":false,"_monsterinsights_sitenote_active":false,"_monsterinsights_sitenote_note":"","_monsterinsights_sitenote_category":0},"yoast_head":"<!-- This site is optimized with the Yoast SEO plugin v20.6 - https:\/\/yoast.com\/wordpress\/plugins\/seo\/ -->\n<title>Contacts &amp; Support - New Terracotta<\/title>\n<meta name=\"description\" content=\"New Terracotta is at your disposal for answering any information request.\" \/>\n<meta name=\"robots\" content=\"index, follow, max-snippet:-1, max-image-preview:large, max-video-preview:-1\" \/>\n<link rel=\"canonical\" href=\"https:\/\/newterracotta.com\/fr\/contacts-2\/\" \/>\n<meta property=\"og:locale\" content=\"fr_FR\" \/>\n<meta property=\"og:type\" content=\"article\" \/>\n<meta property=\"og:title\" content=\"Contacts &amp; Support - New Terracotta\" \/>\n<meta property=\"og:description\" content=\"New Terracotta is at your disposal for answering any information request.\" \/>\n<meta property=\"og:url\" content=\"https:\/\/newterracotta.com\/fr\/contacts-2\/\" \/>\n<meta property=\"og:site_name\" content=\"New Terracotta\" \/>\n<meta property=\"article:modified_time\" content=\"2025-03-28T15:48:35+00:00\" \/>\n<meta name=\"twitter:card\" content=\"summary_large_image\" \/>\n<meta name=\"twitter:label1\" content=\"Est. reading time\" \/>\n\t<meta name=\"twitter:data1\" content=\"1 minute\" \/>\n<script type=\"application\/ld+json\" class=\"yoast-schema-graph\">{\"@context\":\"https:\/\/schema.org\",\"@graph\":[{\"@type\":\"WebPage\",\"@id\":\"https:\/\/newterracotta.com\/fr\/contacts-2\/\",\"url\":\"https:\/\/newterracotta.com\/fr\/contacts-2\/\",\"name\":\"Contacts & Support - New Terracotta\",\"isPartOf\":{\"@id\":\"https:\/\/newterracotta.com\/#website\"},\"datePublished\":\"2022-10-04T09:54:13+00:00\",\"dateModified\":\"2025-03-28T15:48:35+00:00\",\"description\":\"New Terracotta is at your disposal for answering any information request.\",\"inLanguage\":\"fr-FR\",\"potentialAction\":[{\"@type\":\"ReadAction\",\"target\":[\"https:\/\/newterracotta.com\/fr\/contacts-2\/\"]}]},{\"@type\":\"WebSite\",\"@id\":\"https:\/\/newterracotta.com\/#website\",\"url\":\"https:\/\/newterracotta.com\/\",\"name\":\"New Terracotta\",\"description\":\"Portuguese Handmade\",\"potentialAction\":[{\"@type\":\"SearchAction\",\"target\":{\"@type\":\"EntryPoint\",\"urlTemplate\":\"https:\/\/newterracotta.com\/?s={search_term_string}\"},\"query-input\":\"required name=search_term_string\"}],\"inLanguage\":\"fr-FR\"}]}<\/script>\n<!-- \/ Yoast SEO plugin. -->","yoast_head_json":{"title":"Contacts & Support - New Terracotta","description":"New Terracotta is at your disposal for answering any information request.","robots":{"index":"index","follow":"follow","max-snippet":"max-snippet:-1","max-image-preview":"max-image-preview:large","max-video-preview":"max-video-preview:-1"},"canonical":"https:\/\/newterracotta.com\/fr\/contacts-2\/","og_locale":"fr_FR","og_type":"article","og_title":"Contacts & Support - New Terracotta","og_description":"New Terracotta is at your disposal for answering any information request.","og_url":"https:\/\/newterracotta.com\/fr\/contacts-2\/","og_site_name":"New Terracotta","article_modified_time":"2025-03-28T15:48:35+00:00","twitter_card":"summary_large_image","twitter_misc":{"Est. reading time":"1 minute"},"schema":{"@context":"https:\/\/schema.org","@graph":[{"@type":"WebPage","@id":"https:\/\/newterracotta.com\/fr\/contacts-2\/","url":"https:\/\/newterracotta.com\/fr\/contacts-2\/","name":"Contacts & Support - New Terracotta","isPartOf":{"@id":"https:\/\/newterracotta.com\/#website"},"datePublished":"2022-10-04T09:54:13+00:00","dateModified":"2025-03-28T15:48:35+00:00","description":"New Terracotta is at your disposal for answering any information request.","inLanguage":"fr-FR","potentialAction":[{"@type":"ReadAction","target":["https:\/\/newterracotta.com\/fr\/contacts-2\/"]}]},{"@type":"WebSite","@id":"https:\/\/newterracotta.com\/#website","url":"https:\/\/newterracotta.com\/","name":"New Terracotta","description":"Portuguese Handmade","potentialAction":[{"@type":"SearchAction","target":{"@type":"EntryPoint","urlTemplate":"https:\/\/newterracotta.com\/?s={search_term_string}"},"query-input":"required name=search_term_string"}],"inLanguage":"fr-FR"}]}},"_links":{"self":[{"href":"https:\/\/newterracotta.com\/fr\/wp-json\/wp\/v2\/pages\/32298"}],"collection":[{"href":"https:\/\/newterracotta.com\/fr\/wp-json\/wp\/v2\/pages"}],"about":[{"href":"https:\/\/newterracotta.com\/fr\/wp-json\/wp\/v2\/types\/page"}],"author":[{"embeddable":true,"href":"https:\/\/newterracotta.com\/fr\/wp-json\/wp\/v2\/users\/1"}],"replies":[{"embeddable":true,"href":"https:\/\/newterracotta.com\/fr\/wp-json\/wp\/v2\/comments?post=32298"}],"version-history":[{"count":13,"href":"https:\/\/newterracotta.com\/fr\/wp-json\/wp\/v2\/pages\/32298\/revisions"}],"predecessor-version":[{"id":63223,"href":"https:\/\/newterracotta.com\/fr\/wp-json\/wp\/v2\/pages\/32298\/revisions\/63223"}],"wp:attachment":[{"href":"https:\/\/newterracotta.com\/fr\/wp-json\/wp\/v2\/media?parent=32298"}],"curies":[{"name":"wp","href":"https:\/\/api.w.org\/{rel}","templated":true}]}}