{"id":36770,"date":"2022-10-03T16:14:41","date_gmt":"2022-10-03T16:14:41","guid":{"rendered":"https:\/\/newterracotta.com\/?page_id=36770"},"modified":"2022-12-20T16:07:34","modified_gmt":"2022-12-20T16:07:34","slug":"ceramique","status":"publish","type":"page","link":"https:\/\/newterracotta.com\/fr\/ceramique\/","title":{"rendered":"C\u00e9ramique"},"content":{"rendered":"<p>[vc_row full_width=\u00a0\u00bbstretch_row_content_no_spaces\u00a0\u00bb gap=\u00a0\u00bb\u00a0\u00bb el_class=\u00a0\u00bbcolours-page section-1-colours especial-tiles\u00a0\u00bb][vc_column][vc_row_inner][vc_column_inner][vc_column_text]<div class=\"category-ceramics\"><a href=\"\/fr\/ceramics\/?qual=631\" class=\"linkCategoria\"><div class=\"categoria-cor \" id=\"631\" style=\"background: url(https:\/\/newterracotta.com\/wp-content\/uploads\/2022\/08\/NWT-Ceramics-Knit-Knots-Button.jpg)\">\n\t\t\t\t<div class=\"nome-categoria\"><span>Knit Knots<\/span><\/div>\n\t\t\t<\/div><\/a><a href=\"\/fr\/ceramics\/?qual=632\" class=\"linkCategoria\"><div class=\"categoria-cor \" id=\"632\" style=\"background: url(https:\/\/newterracotta.com\/wp-content\/uploads\/2022\/08\/NWT-Ceramics-Basket-Weave-Button.jpg)\">\n\t\t\t\t<div class=\"nome-categoria\"><span>Basket Weave Anatomy<\/span><\/div>\n\t\t\t<\/div><\/a><a href=\"\/fr\/ceramics\/?qual=633\" class=\"linkCategoria\"><div class=\"categoria-cor \" id=\"633\" style=\"background: url(https:\/\/newterracotta.com\/wp-content\/uploads\/2022\/08\/NWT-Ceramics-This-is-Freedom-Button.jpg)\">\n\t\t\t\t<div class=\"nome-categoria\"><span>This is Freedom<\/span><\/div>\n\t\t\t<\/div><\/a><\/div>[\/vc_column_text][\/vc_column_inner][\/vc_row_inner][\/vc_column][\/vc_row][vc_row full_width=\u00a0\u00bbstretch_row_content_no_spaces\u00a0\u00bb gap=\u00a0\u00bb\u00a0\u00bb el_class=\u00a0\u00bbcolours-page section-2-colours\u00a0\u00bb css=\u00a0\u00bb.vc_custom_1661352895178{padding-right: 8% !important;padding-left: 8% !important;}\u00a0\u00bb][vc_column][vc_row_inner][vc_column_inner][vc_empty_space][vc_column_text]<h2 class='desc-titulo-cor'><b>Knit Knots.<\/b> Vertical ceramic weaves as a tactile manifestation of the interplay between light, shadow, structure and colour.<\/h2>[\/vc_column_text][vc_separator color=\u00a0\u00bbblack\u00a0\u00bb align=\u00a0\u00bbalign_left\u00a0\u00bb border_width=\u00a0\u00bb4&Prime;][vc_empty_space][\/vc_column_inner][\/vc_row_inner][\/vc_column][\/vc_row][vc_row full_width=\u00a0\u00bbstretch_row_content_no_spaces\u00a0\u00bb gap=\u00a0\u00bb\u00a0\u00bb el_class=\u00a0\u00bbcolours-page section-2-colours\u00a0\u00bb css=\u00a0\u00bb.vc_custom_1661352865949{padding-right: 8% !important;padding-left: 8% !important;}\u00a0\u00bb][vc_column][vc_column_text css=\u00a0\u00bb.vc_custom_1660664943239{margin-bottom: 0px !important;}\u00a0\u00bb]<div class=\"col-md-3 tiles-block aCeramics\"><div class=\"aTiles aCeramics\" quem=\"62023\" link=\"https:\/\/newterracotta.com\/fr\/ceramics\/knot-amalfi-jr\/\" ><img src=\"https:\/\/newterracotta.com\/wp-content\/uploads\/2022\/08\/NWT-Ceramics-Knit-Knots-Knot-Amalfi-Jr-175x11cm.jpg\"><\/div>\n\t\t\t\t\t\t<div class=\"tiles-nome\"><div>KNOT AMALFI JR<\/div><span class=\"medida\">17,5 x 11 cm | 29 x 18 cm<\/span><\/div><\/div><div class=\"col-md-3 tiles-block aCeramics\"><div class=\"aTiles aCeramics\" quem=\"36967\" link=\"https:\/\/newterracotta.com\/fr\/ceramics\/knot-amalfi\/\" ><img src=\"https:\/\/newterracotta.com\/wp-content\/uploads\/2022\/08\/NWT-Ceramics-Knit-Knots-Knot-Amalfi-18x11cm.jpg\"><\/div>\n\t\t\t\t\t\t<div class=\"tiles-nome\"><div>KNOT AMALFI<\/div><span class=\"medida\">18 x 11 cm | 29 x 18 cm<\/span><\/div><\/div><div class=\"col-md-3 tiles-block aCeramics\"><div class=\"aTiles aCeramics\" quem=\"36968\" link=\"https:\/\/newterracotta.com\/fr\/ceramics\/knot-sardinia-jr\/\" ><img src=\"https:\/\/newterracotta.com\/wp-content\/uploads\/2022\/08\/NWT-Ceramics-Knit-Knots-Knot-Sardinia-Jr-165x10cm-1-1.jpg\"><\/div>\n\t\t\t\t\t\t<div class=\"tiles-nome\"><div>KNOT SARDINIA JR<\/div><span class=\"medida\">16,5 x 10 cm | 28 x 19 cm<\/span><\/div><\/div><div class=\"col-md-3 tiles-block aCeramics\"><div class=\"aTiles aCeramics\" quem=\"36969\" link=\"https:\/\/newterracotta.com\/fr\/ceramics\/knot-sardinia\/\" ><img src=\"https:\/\/newterracotta.com\/wp-content\/uploads\/2022\/08\/NWT-Ceramics-Knit-Knots-Knot-Sardinia-165x115cm.jpg\"><\/div>\n\t\t\t\t\t\t<div class=\"tiles-nome\"><div>KNOT SARDINIA<\/div><span class=\"medida\">16,5 x 11,5 cm | 29 x 20 cm<\/span><\/div><\/div><div class=\"col-md-3 tiles-block aCeramics\"><div class=\"aTiles aCeramics\" quem=\"36972\" link=\"https:\/\/newterracotta.com\/fr\/ceramics\/knot-capri-jr-jr\/\" ><img src=\"https:\/\/newterracotta.com\/wp-content\/uploads\/2022\/08\/NWT-Ceramics-Knit-Knots-Knot-Capri-Jr-Jr-17x115cm.jpg\"><\/div>\n\t\t\t\t\t\t<div class=\"tiles-nome\"><div>KNOT CAPRI JR JR<\/div><span class=\"medida\">17 x 11,5 cm | 30 x 19 cm<\/span><\/div><\/div><div class=\"col-md-3 tiles-block aCeramics\"><div class=\"aTiles aCeramics\" quem=\"36973\" link=\"https:\/\/newterracotta.com\/fr\/ceramics\/knot-capri-jr\/\" ><img src=\"https:\/\/newterracotta.com\/wp-content\/uploads\/2022\/08\/NWT-Ceramics-Knit-Knots-Knot-Capri-Jr-175x11cm.jpg\"><\/div>\n\t\t\t\t\t\t<div class=\"tiles-nome\"><div>KNOT CAPRI JR<\/div><span class=\"medida\">17,5 x 11 cm | 29,5 x 20,5 cm<\/span><\/div><\/div><div class=\"col-md-3 tiles-block aCeramics\"><div class=\"aTiles aCeramics\" quem=\"36974\" link=\"https:\/\/newterracotta.com\/fr\/ceramics\/knot-capri\/\" ><img src=\"https:\/\/newterracotta.com\/wp-content\/uploads\/2022\/08\/NWT-Ceramics-Knit-Knots-Knot-Capri-17x115cm-1.jpg\"><\/div>\n\t\t\t\t\t\t<div class=\"tiles-nome\"><div>KNOT CAPRI<\/div><span class=\"medida\">17 x 11,5 cm | 29 x 18 cm<\/span><\/div><\/div><div class=\"col-md-3 tiles-block aCeramics\"><div class=\"aTiles aCeramics\" quem=\"36975\" link=\"https:\/\/newterracotta.com\/fr\/ceramics\/knot-positano\/\" ><img src=\"https:\/\/newterracotta.com\/wp-content\/uploads\/2022\/08\/NWT-Ceramics-Knit-Knots-Knot-Positano-175x115cm.jpg\"><\/div>\n\t\t\t\t\t\t<div class=\"tiles-nome\"><div>KNOT POSITANO<\/div><span class=\"medida\">17,5 x 11,5 cm | 27 x 17 cm<\/span><\/div><\/div>[\/vc_column_text][\/vc_column][\/vc_row][vc_row][vc_column][vc_empty_space height=\u00a0\u00bb80px\u00a0\u00bb][\/vc_column][\/vc_row][vc_row full_width=\u00a0\u00bbstretch_row_content_no_spaces\u00a0\u00bb gap=\u00a0\u00bb\u00a0\u00bb el_class=\u00a0\u00bbcolours-page section-2-colours\u00a0\u00bb css=\u00a0\u00bb.vc_custom_1661352895178{padding-right: 8% !important;padding-left: 8% !important;}\u00a0\u00bb][vc_column][vc_row_inner][vc_column_inner][vc_custom_heading text=\u00a0\u00bbUne \u0153uvre exp\u00e9rimentale en argile, visuelle, tactile et conceptuelle, sans r\u00e8gle ni narration. La c\u00e9ramique New Terracotta repr\u00e9sente l\u2019\u00e9quilibre entre les formes originales et leur d\u00e9formation pendant la production, faisant preuve de notre confiance dans le mat\u00e9riau.\u00a0\u00bb font_container=\u00a0\u00bbtag:h6|text_align:left\u00a0\u00bb el_class=\u00a0\u00bbno-margin-bottom\u00a0\u00bb][\/vc_column_inner][\/vc_row_inner][\/vc_column][\/vc_row][vc_row full_width=\u00a0\u00bbstretch_row\u00a0\u00bb gap=\u00a0\u00bb\u00a0\u00bb el_class=\u00a0\u00bblets-talk-bloco\u00a0\u00bb css=\u00a0\u00bb.vc_custom_1660062966586{margin-bottom: 0px !important;}\u00a0\u00bb][vc_column width=\u00a0\u00bb2\/3&Prime;][vc_custom_heading text=\u00a0\u00bbVous avez besoin d&rsquo;un conseil? \u00ab\u00a0][vc_custom_heading text=\u00a0\u00bbNous sommes l\u00e0 pour vous aider! \u00a0\u00bb font_container=\u00a0\u00bbtag:h3|text_align:left\u00a0\u00bb][\/vc_column][vc_column width=\u00a0\u00bb1\/3&Prime;][vc_column_text el_class=\u00a0\u00bbletsLets\u00a0\u00bb]<\/p>\n<h5><a href=\"\/contact-2\">Parlons-en.<\/a><\/h5>\n<h5><\/h5>\n<p>[\/vc_column_text][\/vc_column][\/vc_row]<\/p>\n","protected":false},"excerpt":{"rendered":"<p>[vc_row full_width=\u00a0\u00bbstretch_row_content_no_spaces\u00a0\u00bb gap=\u00a0\u00bb\u00a0\u00bb el_class=\u00a0\u00bbcolours-page section-1-colours especial-tiles\u00a0\u00bb][vc_column][vc_row_inner][vc_column_inner][vc_column_text][\/vc_column_text][\/vc_column_inner][\/vc_row_inner][\/vc_column][\/vc_row][vc_row full_width=\u00a0\u00bbstretch_row_content_no_spaces\u00a0\u00bb gap=\u00a0\u00bb\u00a0\u00bb el_class=\u00a0\u00bbcolours-page section-2-colours\u00a0\u00bb css=\u00a0\u00bb.vc_custom_1661352895178{padding-right: 8% !important;padding-left: 8% !important;}\u00a0\u00bb][vc_column][vc_row_inner][vc_column_inner][vc_empty_space][vc_column_text][\/vc_column_text][vc_separator color=\u00a0\u00bbblack\u00a0\u00bb align=\u00a0\u00bbalign_left\u00a0\u00bb border_width=\u00a0\u00bb4&Prime;][vc_empty_space][\/vc_column_inner][\/vc_row_inner][\/vc_column][\/vc_row][vc_row full_width=\u00a0\u00bbstretch_row_content_no_spaces\u00a0\u00bb gap=\u00a0\u00bb\u00a0\u00bb el_class=\u00a0\u00bbcolours-page section-2-colours\u00a0\u00bb css=\u00a0\u00bb.vc_custom_1661352865949{padding-right: 8% !important;padding-left: 8% !important;}\u00a0\u00bb][vc_column][vc_column_text css=\u00a0\u00bb.vc_custom_1660664943239{margin-bottom: 0px !important;}\u00a0\u00bb][\/vc_column_text][\/vc_column][\/vc_row][vc_row][vc_column][vc_empty_space [&hellip;]<\/p>\n","protected":false},"author":1,"featured_media":0,"parent":0,"menu_order":0,"comment_status":"closed","ping_status":"closed","template":"","meta":{"_monsterinsights_skip_tracking":false,"_monsterinsights_sitenote_active":false,"_monsterinsights_sitenote_note":"","_monsterinsights_sitenote_category":0},"yoast_head":"<!-- This site is optimized with the Yoast SEO plugin v20.6 - https:\/\/yoast.com\/wordpress\/plugins\/seo\/ -->\n<title>C\u00e9ramique - New Terracotta<\/title>\n<meta name=\"description\" content=\"Field Tiles &amp; Trims, New Modern, Portuguese Heritage, Hand Painted, Natural Terracotta\" \/>\n<meta name=\"robots\" content=\"index, follow, max-snippet:-1, max-image-preview:large, max-video-preview:-1\" \/>\n<link rel=\"canonical\" href=\"https:\/\/newterracotta.com\/fr\/ceramique\/\" \/>\n<meta property=\"og:locale\" content=\"fr_FR\" \/>\n<meta property=\"og:type\" content=\"article\" \/>\n<meta property=\"og:title\" content=\"C\u00e9ramique - New Terracotta\" \/>\n<meta property=\"og:description\" content=\"Field Tiles &amp; Trims, New Modern, Portuguese Heritage, Hand Painted, Natural Terracotta\" \/>\n<meta property=\"og:url\" content=\"https:\/\/newterracotta.com\/fr\/ceramique\/\" \/>\n<meta property=\"og:site_name\" content=\"New Terracotta\" \/>\n<meta property=\"article:modified_time\" content=\"2022-12-20T16:07:34+00:00\" \/>\n<meta name=\"twitter:card\" content=\"summary_large_image\" \/>\n<meta name=\"twitter:label1\" content=\"Dur\u00e9e de lecture estim\u00e9e\" \/>\n\t<meta name=\"twitter:data1\" content=\"1 minute\" \/>\n<script type=\"application\/ld+json\" class=\"yoast-schema-graph\">{\"@context\":\"https:\/\/schema.org\",\"@graph\":[{\"@type\":\"WebPage\",\"@id\":\"https:\/\/newterracotta.com\/fr\/ceramique\/\",\"url\":\"https:\/\/newterracotta.com\/fr\/ceramique\/\",\"name\":\"C\u00e9ramique - New Terracotta\",\"isPartOf\":{\"@id\":\"https:\/\/newterracotta.com\/#website\"},\"datePublished\":\"2022-10-03T16:14:41+00:00\",\"dateModified\":\"2022-12-20T16:07:34+00:00\",\"description\":\"Field Tiles & Trims, New Modern, Portuguese Heritage, Hand Painted, Natural Terracotta\",\"inLanguage\":\"fr-FR\",\"potentialAction\":[{\"@type\":\"ReadAction\",\"target\":[\"https:\/\/newterracotta.com\/fr\/ceramique\/\"]}]},{\"@type\":\"WebSite\",\"@id\":\"https:\/\/newterracotta.com\/#website\",\"url\":\"https:\/\/newterracotta.com\/\",\"name\":\"New Terracotta\",\"description\":\"Portuguese Handmade\",\"potentialAction\":[{\"@type\":\"SearchAction\",\"target\":{\"@type\":\"EntryPoint\",\"urlTemplate\":\"https:\/\/newterracotta.com\/?s={search_term_string}\"},\"query-input\":\"required name=search_term_string\"}],\"inLanguage\":\"fr-FR\"}]}<\/script>\n<!-- \/ Yoast SEO plugin. -->","yoast_head_json":{"title":"C\u00e9ramique - New Terracotta","description":"Field Tiles & Trims, New Modern, Portuguese Heritage, Hand Painted, Natural Terracotta","robots":{"index":"index","follow":"follow","max-snippet":"max-snippet:-1","max-image-preview":"max-image-preview:large","max-video-preview":"max-video-preview:-1"},"canonical":"https:\/\/newterracotta.com\/fr\/ceramique\/","og_locale":"fr_FR","og_type":"article","og_title":"C\u00e9ramique - New Terracotta","og_description":"Field Tiles & Trims, New Modern, Portuguese Heritage, Hand Painted, Natural Terracotta","og_url":"https:\/\/newterracotta.com\/fr\/ceramique\/","og_site_name":"New Terracotta","article_modified_time":"2022-12-20T16:07:34+00:00","twitter_card":"summary_large_image","twitter_misc":{"Dur\u00e9e de lecture estim\u00e9e":"1 minute"},"schema":{"@context":"https:\/\/schema.org","@graph":[{"@type":"WebPage","@id":"https:\/\/newterracotta.com\/fr\/ceramique\/","url":"https:\/\/newterracotta.com\/fr\/ceramique\/","name":"C\u00e9ramique - New Terracotta","isPartOf":{"@id":"https:\/\/newterracotta.com\/#website"},"datePublished":"2022-10-03T16:14:41+00:00","dateModified":"2022-12-20T16:07:34+00:00","description":"Field Tiles & Trims, New Modern, Portuguese Heritage, Hand Painted, Natural Terracotta","inLanguage":"fr-FR","potentialAction":[{"@type":"ReadAction","target":["https:\/\/newterracotta.com\/fr\/ceramique\/"]}]},{"@type":"WebSite","@id":"https:\/\/newterracotta.com\/#website","url":"https:\/\/newterracotta.com\/","name":"New Terracotta","description":"Portuguese Handmade","potentialAction":[{"@type":"SearchAction","target":{"@type":"EntryPoint","urlTemplate":"https:\/\/newterracotta.com\/?s={search_term_string}"},"query-input":"required name=search_term_string"}],"inLanguage":"fr-FR"}]}},"_links":{"self":[{"href":"https:\/\/newterracotta.com\/fr\/wp-json\/wp\/v2\/pages\/36770"}],"collection":[{"href":"https:\/\/newterracotta.com\/fr\/wp-json\/wp\/v2\/pages"}],"about":[{"href":"https:\/\/newterracotta.com\/fr\/wp-json\/wp\/v2\/types\/page"}],"author":[{"embeddable":true,"href":"https:\/\/newterracotta.com\/fr\/wp-json\/wp\/v2\/users\/1"}],"replies":[{"embeddable":true,"href":"https:\/\/newterracotta.com\/fr\/wp-json\/wp\/v2\/comments?post=36770"}],"version-history":[{"count":7,"href":"https:\/\/newterracotta.com\/fr\/wp-json\/wp\/v2\/pages\/36770\/revisions"}],"predecessor-version":[{"id":62952,"href":"https:\/\/newterracotta.com\/fr\/wp-json\/wp\/v2\/pages\/36770\/revisions\/62952"}],"wp:attachment":[{"href":"https:\/\/newterracotta.com\/fr\/wp-json\/wp\/v2\/media?parent=36770"}],"curies":[{"name":"wp","href":"https:\/\/api.w.org\/{rel}","templated":true}]}}