{"id":10431,"date":"2018-03-19T10:55:54","date_gmt":"2018-03-19T10:55:54","guid":{"rendered":"http:\/\/newterracotta.com\/homepage\/"},"modified":"2019-09-18T20:54:20","modified_gmt":"2019-09-18T20:54:20","slug":"cultura-portuguesa","status":"publish","type":"page","link":"https:\/\/newterracotta.com\/pt-pt\/cultura-portuguesa\/","title":{"rendered":"P\u00c1GINA INICIAL"},"content":{"rendered":"<p>[vc_row full_width=&#8221;stretch_row&#8221; gap=&#8221;&#8221; parallax_image=&#8221;8683&#8243; lines=&#8221;1&#8243; el_class=&#8221;Header-Slide-PT&#8221;][vc_column width=&#8221;1\/12&#8243;][\/vc_column][vc_column width=&#8221;1\/2&#8243; css=&#8221;.vc_custom_1520258161402{background-position: 0 0 !important;background-repeat: repeat !important;}&#8221;][vc_empty_space height=&#8221;200&#8243;][vc_column_text]<\/p>\n<h1>AZULEJOS MANUAIS<\/h1>\n<p>[\/vc_column_text][vc_column_text css=&#8221;.vc_custom_1566811790215{padding-right: 200px !important;}&#8221;]cultura portuguesa[\/vc_column_text]<div class=\"\"><div class=\"piwo-buttons-container left \"><div class=\"text-left id_169e89dc8e373c1228761170  botao-slide animate-text\" ><a href=\"http:\/\/newterracotta.com\/tiles\/\"  class=\"btn btn-md btn-light btn-solid \" style=\"\" data-btn-text=\"explorar a colec\u00e7\u00e3o\" data-aos=\"\" data-aos-delay=\"0\">\n\t\t\t\t<span class=\"btn-text\" >explorar a colec\u00e7\u00e3o<\/span>\n\t\t\t<\/a><\/div><div class=\"custom-styles\" data-styles=\".id_169e89dc8e373c1228761170 .btn.btn-solid.custom:after { background-color: ; } .id_169e89dc8e373c1228761170 .btn.custom.btn-underline:hover .btn-text:after { border-color:  ; }\"><\/div><\/div><\/div>[vc_empty_space height=&#8221;200&#8243;][\/vc_column][vc_column width=&#8221;5\/12&#8243;][\/vc_column][\/vc_row][vc_row full_width=&#8221;stretch_row&#8221; gap=&#8221;&#8221; equal_height=&#8221;yes&#8221; content_placement=&#8221;middle&#8221; css=&#8221;.vc_custom_1554477199697{padding-top: 0px !important;padding-bottom: 50px !important;background-color: #ffffff !important;}&#8221; el_class=&#8221;we-believe&#8221;][vc_column css=&#8221;.vc_custom_1554481315380{padding-top: 70px !important;padding-right: 10% !important;padding-bottom: 20px !important;padding-left: 10% !important;background-image: url(http:\/\/demo.yosoftware.com\/wp\/piwo\/wp-content\/uploads\/2018\/03\/pat1.jpg?id=2902) !important;background-position: 0 0 !important;background-repeat: repeat !important;}&#8221;]<div class=\"piwo-heading text-center  \" ><div class=\"heading-intro-text swiper-slide \"  data-aos=\"\" data-aos-delay=\"0\" ><\/div><h2 class=\"primary-heading\"  data-aos=\"\" data-aos-delay=\"50\">Acreditamos que as pessoas preferem produtos artesanais.<\/h2><div class=\"subheading\"  data-aos=\"\" data-aos-delay=\"100\"><\/div><\/div>[vc_row_inner][vc_column_inner width=&#8221;1\/3&#8243;][vc_single_image image=&#8221;8250&#8243; img_size=&#8221;full&#8221; alignment=&#8221;center&#8221; el_class=&#8221;we-believe-img&#8221;][vc_custom_heading text=&#8221;PERSONALIDADE&#8221; font_container=&#8221;tag:h4|text_align:center&#8221; el_class=&#8221;we-believe-title&#8221;][vc_column_text]<\/p>\n<p style=\"text-align: center;\">Os nossos 142\u00a0vidrados especiais, produzidos por artes\u00e3os com t\u00e9cnicas e m\u00e9todos ancestrais transmitidos ao longo de gera\u00e7\u00f5es.<\/p>\n<p>[\/vc_column_text][\/vc_column_inner][vc_column_inner width=&#8221;1\/3&#8243;][vc_single_image image=&#8221;8248&#8243; img_size=&#8221;full&#8221; alignment=&#8221;center&#8221; el_class=&#8221;we-believe-img&#8221;][vc_custom_heading text=&#8221;ECLECTICISMO&#8221; font_container=&#8221;tag:h4|text_align:center&#8221; el_class=&#8221;we-believe-title&#8221;][vc_column_text]<\/p>\n<p style=\"text-align: center;\">Apresentamos uma combina\u00e7\u00e3o \u00fanica de cores, formatos, texturas e desenhos que comp\u00f5em as nossas colec\u00e7\u00f5es.<\/p>\n<p>[\/vc_column_text][\/vc_column_inner][vc_column_inner width=&#8221;1\/3&#8243;][vc_single_image image=&#8221;8253&#8243; img_size=&#8221;full&#8221; alignment=&#8221;center&#8221; el_class=&#8221;we-believe-img especial-belive-img&#8221;][vc_custom_heading text=&#8221;SAVOIR FAIRE&#8221; font_container=&#8221;tag:h4|text_align:center&#8221; el_class=&#8221;we-believe-title&#8221;][vc_column_text]<\/p>\n<p style=\"text-align: center;\">A nossa habilidade de vidrar tudo o que seja cer\u00e2mica, desde azulejos a pe\u00e7as \u00fanicas.<\/p>\n<p>[\/vc_column_text][\/vc_column_inner][\/vc_row_inner][vc_empty_space height=&#8221;40px&#8221;][vc_column_text el_class=&#8221;we-believe-extra-texto&#8221;]<\/p>\n<h3 style=\"text-align: center;\">Na New Terracotta, dedicamo-nos a fazer de cada azulejo produzido uma experi\u00eancia verdadeiramente incr\u00edvel.<\/h3>\n<p>[\/vc_column_text][\/vc_column][\/vc_row][vc_row full_width=&#8221;stretch_row&#8221; gap=&#8221;&#8221; lines=&#8221;1&#8243; css=&#8221;.vc_custom_1561977770214{padding-top: 0px !important;padding-bottom: 0px !important;}&#8221;][vc_column width=&#8221;1\/12&#8243;][\/vc_column][vc_column width=&#8221;5\/12&#8243;][vc_empty_space height=&#8221;100px&#8221;][vc_single_image image=&#8221;7627&#8243; img_size=&#8221;full&#8221; onclick=&#8221;custom_link&#8221; el_class=&#8221;history-img&#8221; link=&#8221;http:\/\/newterracotta.com\/pt-pt\/about-portuguese-legacy\/&#8221;][vc_custom_heading text=&#8221;A hist\u00f3ria do azulejo&#8221; el_class=&#8221;history-title&#8221;][vc_column_text el_class=&#8221;history-text&#8221;]O AZULEJO \u00e9 uma express\u00e3o da Cultura Portuguesa que revela algumas das suas ra\u00edzes mais profundas.[\/vc_column_text][vc_single_image image=&#8221;7628&#8243; img_size=&#8221;full&#8221; onclick=&#8221;custom_link&#8221; el_class=&#8221;history-img&#8221; link=&#8221;http:\/\/newterracotta.com\/pt-pt\/projects\/&#8221;][vc_custom_heading text=&#8221;Galeria de projectos&#8221; el_class=&#8221;history-title&#8221;][vc_column_text el_class=&#8221;history-text&#8221;]<\/p>\n<p style=\"text-align: left;\">Uma lista seleccionada de projectos que ajudaram a definir a materialidade dos nossos azulejos.<\/p>\n<p>[\/vc_column_text][\/vc_column][vc_column width=&#8221;5\/12&#8243; css=&#8221;.vc_custom_1561977581748{margin-top: 5px !important;background-position: 0 0 !important;background-repeat: repeat !important;}&#8221;][vc_single_image image=&#8221;7867&#8243; img_size=&#8221;full&#8221; onclick=&#8221;custom_link&#8221; el_class=&#8221;history-img&#8221; link=&#8221;http:\/\/newterracotta.com\/pt-pt\/bespoke\/&#8221;][vc_custom_heading text=&#8221;Trabalhos personalizados&#8221; el_class=&#8221;history-title&#8221;][vc_column_text el_class=&#8221;history-text&#8221;]O nosso servi\u00e7o de consultoria t\u00e9cnica e art\u00edstica est\u00e1 totalmente focado na personaliza\u00e7\u00e3o.[\/vc_column_text][vc_single_image image=&#8221;7866&#8243; img_size=&#8221;full&#8221; onclick=&#8221;custom_link&#8221; el_class=&#8221;history-img&#8221; link=&#8221;http:\/\/newterracotta.com\/pt-pt\/colours\/&#8221;][vc_custom_heading text=&#8221;Seleccionar por cor&#8221; el_class=&#8221;history-title&#8221;][vc_column_text el_class=&#8221;history-text&#8221;]A colec\u00e7\u00e3o apresenta 142 cores. Delicadas, luminosas, semitransparentes, intensas e met\u00e1licas.[\/vc_column_text][\/vc_column][vc_column width=&#8221;1\/12&#8243;][\/vc_column][\/vc_row][vc_row][vc_column][vc_empty_space height=&#8221;80px&#8221;]<div class=\"piwo-heading text-center  secound-heading\" ><div class=\"heading-intro-text swiper-slide \"  data-aos=\"\" data-aos-delay=\"0\" ><\/div><h2 class=\"primary-heading\"  data-aos=\"\" data-aos-delay=\"50\">A nossa f\u00e1brica<\/h2><div class=\"subheading\"  data-aos=\"\" data-aos-delay=\"100\"><\/div><\/div>[vc_column_text]<\/p>\n<p style=\"text-align: center;\">New Terracotta \u00e9 um projecto de cer\u00e2mica artesanal profundamente portugu\u00eas.<br \/>\nMais do que falar do nosso processo produtivo, preferimos mostr\u00e1-lo.<br \/>\nA sua visita \u00e9 sempre bem-vinda!<\/p>\n<p>[\/vc_column_text][vc_column_text]<\/p>\n<div id=\"background-video\">\n<div id=\"vidwrap\"><\/div>\n<\/div>\n<p>[\/vc_column_text][\/vc_column][\/vc_row][vc_row gap=&#8221;&#8221; el_class=&#8221;news-terracota&#8221;][vc_column width=&#8221;1\/6&#8243;][\/vc_column][vc_column width=&#8221;2\/3&#8243;][vc_empty_space height=&#8221;80px&#8221;]<div class=\"piwo-heading text-center  secound-heading\" ><div class=\"heading-intro-text swiper-slide \"  data-aos=\"\" data-aos-delay=\"0\" ><\/div><h2 class=\"primary-heading\"  data-aos=\"\" data-aos-delay=\"50\">Mais sobre projectos, hist\u00f3rias e eventos<\/h2><div class=\"subheading\"  data-aos=\"\" data-aos-delay=\"100\"><\/div><\/div>[vc_column_text el_class=&#8221;bloco-sem-margem-bottom&#8221;]<\/p>\n<p style=\"text-align: center;\">Fique a par da mais recente informa\u00e7\u00e3o sobre produtos, projectos, hist\u00f3rias e eventos.<\/p>\n<p>[\/vc_column_text][vc_column_text]<\/p>\n<h6 class=\"linke\" style=\"text-align: center;\"><a href=\"\/?page_id=6327\">Ler mais.<\/a><\/h6>\n<p>[\/vc_column_text][vc_basic_grid post_type=&#8221;post&#8221; max_items=&#8221;3&#8243; grid_id=&#8221;vc_gid:1567435389332-8d2fdc23-2d00-4&#8243; css=&#8221;.vc_custom_1560434690269{background-color: #ffffff !important;}&#8221;][\/vc_column][vc_column width=&#8221;1\/6&#8243;][\/vc_column][\/vc_row]<\/p>\n","protected":false},"excerpt":{"rendered":"<p>[vc_row full_width=&#8221;stretch_row&#8221; gap=&#8221;&#8221; parallax_image=&#8221;8683&#8243; lines=&#8221;1&#8243; el_class=&#8221;Header-Slide-PT&#8221;][vc_column width=&#8221;1\/12&#8243;][\/vc_column][vc_column width=&#8221;1\/2&#8243; css=&#8221;.vc_custom_1520258161402{background-position: 0 0 !important;background-repeat: repeat !important;}&#8221;][vc_empty_space height=&#8221;200&#8243;][vc_column_text] AZULEJOS MANUAIS [\/vc_column_text][vc_column_text css=&#8221;.vc_custom_1566811790215{padding-right: 200px !important;}&#8221;]cultura portuguesa[\/vc_column_text][vc_empty_space height=&#8221;200&#8243;][\/vc_column][vc_column width=&#8221;5\/12&#8243;][\/vc_column][\/vc_row][vc_row full_width=&#8221;stretch_row&#8221; gap=&#8221;&#8221; equal_height=&#8221;yes&#8221; content_placement=&#8221;middle&#8221; css=&#8221;.vc_custom_1554477199697{padding-top: 0px [&hellip;]<\/p>\n","protected":false},"author":1,"featured_media":0,"parent":0,"menu_order":0,"comment_status":"closed","ping_status":"closed","template":"","meta":{"_monsterinsights_skip_tracking":false,"_monsterinsights_sitenote_active":false,"_monsterinsights_sitenote_note":"","_monsterinsights_sitenote_category":0},"yoast_head":"<!-- This site is optimized with the Yoast SEO plugin v20.6 - https:\/\/yoast.com\/wordpress\/plugins\/seo\/ -->\n<title>New Terracotta - cultura portuguesa<\/title>\n<meta name=\"description\" content=\"Na New Terracotta, dedicamo-nos a fazer de cada azulejo produzido uma experi\u00eancia verdadeiramente incr\u00edvel.\" \/>\n<meta name=\"robots\" content=\"index, follow, max-snippet:-1, max-image-preview:large, max-video-preview:-1\" \/>\n<link rel=\"canonical\" href=\"https:\/\/newterracotta.com\/pt-pt\/cultura-portuguesa\/\" \/>\n<meta property=\"og:locale\" content=\"pt_PT\" \/>\n<meta property=\"og:type\" content=\"article\" \/>\n<meta property=\"og:title\" content=\"New Terracotta - cultura portuguesa\" \/>\n<meta property=\"og:description\" content=\"Na New Terracotta, dedicamo-nos a fazer de cada azulejo produzido uma experi\u00eancia verdadeiramente incr\u00edvel.\" \/>\n<meta property=\"og:url\" content=\"https:\/\/newterracotta.com\/pt-pt\/cultura-portuguesa\/\" \/>\n<meta property=\"og:site_name\" content=\"New Terracotta\" \/>\n<meta property=\"article:modified_time\" content=\"2019-09-18T20:54:20+00:00\" \/>\n<meta name=\"twitter:card\" content=\"summary_large_image\" \/>\n<meta name=\"twitter:label1\" content=\"Tempo estimado de leitura\" \/>\n\t<meta name=\"twitter:data1\" content=\"4 minutos\" \/>\n<script type=\"application\/ld+json\" class=\"yoast-schema-graph\">{\"@context\":\"https:\/\/schema.org\",\"@graph\":[{\"@type\":\"WebPage\",\"@id\":\"https:\/\/newterracotta.com\/pt-pt\/cultura-portuguesa\/\",\"url\":\"https:\/\/newterracotta.com\/pt-pt\/cultura-portuguesa\/\",\"name\":\"New Terracotta - cultura portuguesa\",\"isPartOf\":{\"@id\":\"https:\/\/newterracotta.com\/#website\"},\"datePublished\":\"2018-03-19T10:55:54+00:00\",\"dateModified\":\"2019-09-18T20:54:20+00:00\",\"description\":\"Na New Terracotta, dedicamo-nos a fazer de cada azulejo produzido uma experi\u00eancia verdadeiramente incr\u00edvel.\",\"inLanguage\":\"pt-PT\",\"potentialAction\":[{\"@type\":\"ReadAction\",\"target\":[\"https:\/\/newterracotta.com\/pt-pt\/cultura-portuguesa\/\"]}]},{\"@type\":\"WebSite\",\"@id\":\"https:\/\/newterracotta.com\/#website\",\"url\":\"https:\/\/newterracotta.com\/\",\"name\":\"New Terracotta\",\"description\":\"Portuguese Handmade\",\"potentialAction\":[{\"@type\":\"SearchAction\",\"target\":{\"@type\":\"EntryPoint\",\"urlTemplate\":\"https:\/\/newterracotta.com\/?s={search_term_string}\"},\"query-input\":\"required name=search_term_string\"}],\"inLanguage\":\"pt-PT\"}]}<\/script>\n<!-- \/ Yoast SEO plugin. -->","yoast_head_json":{"title":"New Terracotta - cultura portuguesa","description":"Na New Terracotta, dedicamo-nos a fazer de cada azulejo produzido uma experi\u00eancia verdadeiramente incr\u00edvel.","robots":{"index":"index","follow":"follow","max-snippet":"max-snippet:-1","max-image-preview":"max-image-preview:large","max-video-preview":"max-video-preview:-1"},"canonical":"https:\/\/newterracotta.com\/pt-pt\/cultura-portuguesa\/","og_locale":"pt_PT","og_type":"article","og_title":"New Terracotta - cultura portuguesa","og_description":"Na New Terracotta, dedicamo-nos a fazer de cada azulejo produzido uma experi\u00eancia verdadeiramente incr\u00edvel.","og_url":"https:\/\/newterracotta.com\/pt-pt\/cultura-portuguesa\/","og_site_name":"New Terracotta","article_modified_time":"2019-09-18T20:54:20+00:00","twitter_card":"summary_large_image","twitter_misc":{"Tempo estimado de leitura":"4 minutos"},"schema":{"@context":"https:\/\/schema.org","@graph":[{"@type":"WebPage","@id":"https:\/\/newterracotta.com\/pt-pt\/cultura-portuguesa\/","url":"https:\/\/newterracotta.com\/pt-pt\/cultura-portuguesa\/","name":"New Terracotta - cultura portuguesa","isPartOf":{"@id":"https:\/\/newterracotta.com\/#website"},"datePublished":"2018-03-19T10:55:54+00:00","dateModified":"2019-09-18T20:54:20+00:00","description":"Na New Terracotta, dedicamo-nos a fazer de cada azulejo produzido uma experi\u00eancia verdadeiramente incr\u00edvel.","inLanguage":"pt-PT","potentialAction":[{"@type":"ReadAction","target":["https:\/\/newterracotta.com\/pt-pt\/cultura-portuguesa\/"]}]},{"@type":"WebSite","@id":"https:\/\/newterracotta.com\/#website","url":"https:\/\/newterracotta.com\/","name":"New Terracotta","description":"Portuguese Handmade","potentialAction":[{"@type":"SearchAction","target":{"@type":"EntryPoint","urlTemplate":"https:\/\/newterracotta.com\/?s={search_term_string}"},"query-input":"required name=search_term_string"}],"inLanguage":"pt-PT"}]}},"_links":{"self":[{"href":"https:\/\/newterracotta.com\/pt-pt\/wp-json\/wp\/v2\/pages\/10431"}],"collection":[{"href":"https:\/\/newterracotta.com\/pt-pt\/wp-json\/wp\/v2\/pages"}],"about":[{"href":"https:\/\/newterracotta.com\/pt-pt\/wp-json\/wp\/v2\/types\/page"}],"author":[{"embeddable":true,"href":"https:\/\/newterracotta.com\/pt-pt\/wp-json\/wp\/v2\/users\/1"}],"replies":[{"embeddable":true,"href":"https:\/\/newterracotta.com\/pt-pt\/wp-json\/wp\/v2\/comments?post=10431"}],"version-history":[{"count":17,"href":"https:\/\/newterracotta.com\/pt-pt\/wp-json\/wp\/v2\/pages\/10431\/revisions"}],"predecessor-version":[{"id":17554,"href":"https:\/\/newterracotta.com\/pt-pt\/wp-json\/wp\/v2\/pages\/10431\/revisions\/17554"}],"wp:attachment":[{"href":"https:\/\/newterracotta.com\/pt-pt\/wp-json\/wp\/v2\/media?parent=10431"}],"curies":[{"name":"wp","href":"https:\/\/api.w.org\/{rel}","templated":true}]}}