{"id":10710,"date":"2019-08-12T16:24:26","date_gmt":"2019-08-12T16:24:26","guid":{"rendered":"http:\/\/newterracotta.com\/?page_id=10710"},"modified":"2022-09-30T10:39:39","modified_gmt":"2022-09-30T10:39:39","slug":"projects","status":"publish","type":"page","link":"https:\/\/newterracotta.com\/pt-pt\/projects\/","title":{"rendered":"PROJECTOS"},"content":{"rendered":"<p>[vc_row][vc_column][vc_empty_space height=&#8221;50px&#8221;][vc_column_text]<\/p>\n<h4 style=\"text-align: center;\">A nossa lista de clientes \u00e9 diversificada e trabalhamos em projectos grandes e pequenos.<br \/>\nColaboramos com arquitectos do mundo inteiro.<br \/>\nApoiamos os pequenos est\u00fadios e colaboramos com os grandes nomes da arquitectura.<\/h4>\n<h5 style=\"text-align: center;\"><strong>Refer\u00eancias<\/strong><\/h5>\n<p style=\"text-align: center;\">AnahoryAlmeida | Areen | Atelier do Cardoso | Bishop Design | Champalimaud Design | Contacto Atl\u00e2ntico | Foster &amp; Partners | Gensler | Grimshaw | Harrison Architects | HBA | Jacques Garcia | Jean-Louis Deniot | Jonathan Adler | Joseph Dirand | Keane Brands | LXA Associates DMCC | Nini Andrade Silva | Nomos | Oito em Ponto | Pedro Pe\u00f1a | Perkins+Will | Pierre Yovanovitch | Promont\u00f3rio | Saraiva + Associados | Spik Studios | Studio Collective | Wilson Associates | Woods Bagot<\/p>\n<p style=\"text-align: center;\">Banyan Tree | Chanel | Christian Louboutin | Expo Dubai 2020 | Four Seasons | Freeport Fashion Outlet | Google | InkoNito | Jamie Oliver | Grupo Jos\u00e9 Avillez | Marriott | Nando&#8217;s | OLX | Radisson Blu | SMCP | Soho House | Starbucks | W Hotel<\/p>\n<p>[\/vc_column_text][\/vc_column][\/vc_row][vc_row full_width=&#8221;stretch_row_content&#8221; gap=&#8221;inner-100&#8243; el_class=&#8221;projectos-terra&#8221;][vc_column][vc_masonry_grid post_type=&#8221;piwo_portfolio&#8221; max_items=&#8221;-1&#8243; style=&#8221;lazy&#8221; items_per_page=&#8221;6&#8243; orderby=&#8221;menu_order&#8221; order=&#8221;ASC&#8221; item=&#8221;masonryGrid_OverlayWithRotation&#8221; grid_id=&#8221;vc_gid:1567501071585-21c79819-e587-9&#8243; taxonomies=&#8221;146&#8243;][\/vc_column][\/vc_row][vc_row][vc_column][vc_column_text]<br \/>\n[\/vc_column_text][\/vc_column][\/vc_row][vc_row full_width=&#8221;stretch_row_content_no_spaces&#8221; gap=&#8221;&#8221; el_class=&#8221;lets-talk-bloco&#8221;][vc_column][vc_custom_heading text=&#8221;Trabalhamos com pessoas de quem gostamos em projectos que adoramos.<br \/>\nPensa ter um projecto interessante para n\u00f3s?&#8221; font_container=&#8221;tag:h2|text_align:center&#8221;][vc_column_text]<\/p>\n<h5 style=\"text-align: center;\"><a href=\"http:\/\/newterracotta.com\/pt-pt\/contact-2\/\">VAMOS CONVERSAR.<\/a><\/h5>\n<p>[\/vc_column_text][\/vc_column][\/vc_row]<\/p>\n","protected":false},"excerpt":{"rendered":"<p>[vc_row][vc_column][vc_empty_space height=&#8221;50px&#8221;][vc_column_text] A nossa lista de clientes \u00e9 diversificada e trabalhamos em projectos grandes e pequenos. Colaboramos com arquitectos do mundo inteiro. Apoiamos os pequenos est\u00fadios e colaboramos com os [&hellip;]<\/p>\n","protected":false},"author":1,"featured_media":0,"parent":0,"menu_order":0,"comment_status":"closed","ping_status":"closed","template":"","meta":{"_monsterinsights_skip_tracking":false,"_monsterinsights_sitenote_active":false,"_monsterinsights_sitenote_note":"","_monsterinsights_sitenote_category":0},"yoast_head":"<!-- This site is optimized with the Yoast SEO plugin v20.6 - https:\/\/yoast.com\/wordpress\/plugins\/seo\/ -->\n<title>PROJECTOS - New Terracotta<\/title>\n<meta name=\"description\" content=\"Junte-se a n\u00f3s numa viagem pelo mundo e inspire-se com aplica\u00e7\u00f5es \u00fanicas que caracterizam os produtos New Terracotta.\" \/>\n<meta name=\"robots\" content=\"index, follow, max-snippet:-1, max-image-preview:large, max-video-preview:-1\" \/>\n<link rel=\"canonical\" href=\"https:\/\/newterracotta.com\/pt-pt\/projects\/\" \/>\n<meta property=\"og:locale\" content=\"pt_PT\" \/>\n<meta property=\"og:type\" content=\"article\" \/>\n<meta property=\"og:title\" content=\"PROJECTOS - New Terracotta\" \/>\n<meta property=\"og:description\" content=\"Junte-se a n\u00f3s numa viagem pelo mundo e inspire-se com aplica\u00e7\u00f5es \u00fanicas que caracterizam os produtos New Terracotta.\" \/>\n<meta property=\"og:url\" content=\"https:\/\/newterracotta.com\/pt-pt\/projects\/\" \/>\n<meta property=\"og:site_name\" content=\"New Terracotta\" \/>\n<meta property=\"article:modified_time\" content=\"2022-09-30T10:39:39+00:00\" \/>\n<meta name=\"twitter:card\" content=\"summary_large_image\" \/>\n<meta name=\"twitter:label1\" content=\"Tempo estimado de leitura\" \/>\n\t<meta name=\"twitter:data1\" content=\"1 minuto\" \/>\n<script type=\"application\/ld+json\" class=\"yoast-schema-graph\">{\"@context\":\"https:\/\/schema.org\",\"@graph\":[{\"@type\":\"WebPage\",\"@id\":\"https:\/\/newterracotta.com\/pt-pt\/projects\/\",\"url\":\"https:\/\/newterracotta.com\/pt-pt\/projects\/\",\"name\":\"PROJECTOS - New Terracotta\",\"isPartOf\":{\"@id\":\"https:\/\/newterracotta.com\/#website\"},\"datePublished\":\"2019-08-12T16:24:26+00:00\",\"dateModified\":\"2022-09-30T10:39:39+00:00\",\"description\":\"Junte-se a n\u00f3s numa viagem pelo mundo e inspire-se com aplica\u00e7\u00f5es \u00fanicas que caracterizam os produtos New Terracotta.\",\"inLanguage\":\"pt-PT\",\"potentialAction\":[{\"@type\":\"ReadAction\",\"target\":[\"https:\/\/newterracotta.com\/pt-pt\/projects\/\"]}]},{\"@type\":\"WebSite\",\"@id\":\"https:\/\/newterracotta.com\/#website\",\"url\":\"https:\/\/newterracotta.com\/\",\"name\":\"New Terracotta\",\"description\":\"Portuguese Handmade\",\"potentialAction\":[{\"@type\":\"SearchAction\",\"target\":{\"@type\":\"EntryPoint\",\"urlTemplate\":\"https:\/\/newterracotta.com\/?s={search_term_string}\"},\"query-input\":\"required name=search_term_string\"}],\"inLanguage\":\"pt-PT\"}]}<\/script>\n<!-- \/ Yoast SEO plugin. -->","yoast_head_json":{"title":"PROJECTOS - New Terracotta","description":"Junte-se a n\u00f3s numa viagem pelo mundo e inspire-se com aplica\u00e7\u00f5es \u00fanicas que caracterizam os produtos New Terracotta.","robots":{"index":"index","follow":"follow","max-snippet":"max-snippet:-1","max-image-preview":"max-image-preview:large","max-video-preview":"max-video-preview:-1"},"canonical":"https:\/\/newterracotta.com\/pt-pt\/projects\/","og_locale":"pt_PT","og_type":"article","og_title":"PROJECTOS - New Terracotta","og_description":"Junte-se a n\u00f3s numa viagem pelo mundo e inspire-se com aplica\u00e7\u00f5es \u00fanicas que caracterizam os produtos New Terracotta.","og_url":"https:\/\/newterracotta.com\/pt-pt\/projects\/","og_site_name":"New Terracotta","article_modified_time":"2022-09-30T10:39:39+00:00","twitter_card":"summary_large_image","twitter_misc":{"Tempo estimado de leitura":"1 minuto"},"schema":{"@context":"https:\/\/schema.org","@graph":[{"@type":"WebPage","@id":"https:\/\/newterracotta.com\/pt-pt\/projects\/","url":"https:\/\/newterracotta.com\/pt-pt\/projects\/","name":"PROJECTOS - New Terracotta","isPartOf":{"@id":"https:\/\/newterracotta.com\/#website"},"datePublished":"2019-08-12T16:24:26+00:00","dateModified":"2022-09-30T10:39:39+00:00","description":"Junte-se a n\u00f3s numa viagem pelo mundo e inspire-se com aplica\u00e7\u00f5es \u00fanicas que caracterizam os produtos New Terracotta.","inLanguage":"pt-PT","potentialAction":[{"@type":"ReadAction","target":["https:\/\/newterracotta.com\/pt-pt\/projects\/"]}]},{"@type":"WebSite","@id":"https:\/\/newterracotta.com\/#website","url":"https:\/\/newterracotta.com\/","name":"New Terracotta","description":"Portuguese Handmade","potentialAction":[{"@type":"SearchAction","target":{"@type":"EntryPoint","urlTemplate":"https:\/\/newterracotta.com\/?s={search_term_string}"},"query-input":"required name=search_term_string"}],"inLanguage":"pt-PT"}]}},"_links":{"self":[{"href":"https:\/\/newterracotta.com\/pt-pt\/wp-json\/wp\/v2\/pages\/10710"}],"collection":[{"href":"https:\/\/newterracotta.com\/pt-pt\/wp-json\/wp\/v2\/pages"}],"about":[{"href":"https:\/\/newterracotta.com\/pt-pt\/wp-json\/wp\/v2\/types\/page"}],"author":[{"embeddable":true,"href":"https:\/\/newterracotta.com\/pt-pt\/wp-json\/wp\/v2\/users\/1"}],"replies":[{"embeddable":true,"href":"https:\/\/newterracotta.com\/pt-pt\/wp-json\/wp\/v2\/comments?post=10710"}],"version-history":[{"count":7,"href":"https:\/\/newterracotta.com\/pt-pt\/wp-json\/wp\/v2\/pages\/10710\/revisions"}],"predecessor-version":[{"id":58178,"href":"https:\/\/newterracotta.com\/pt-pt\/wp-json\/wp\/v2\/pages\/10710\/revisions\/58178"}],"wp:attachment":[{"href":"https:\/\/newterracotta.com\/pt-pt\/wp-json\/wp\/v2\/media?parent=10710"}],"curies":[{"name":"wp","href":"https:\/\/api.w.org\/{rel}","templated":true}]}}