{"id":10718,"date":"2019-08-12T17:26:00","date_gmt":"2019-08-12T17:26:00","guid":{"rendered":"http:\/\/newterracotta.com\/?page_id=10718"},"modified":"2020-05-12T14:01:24","modified_gmt":"2020-05-12T14:01:24","slug":"bespoke-back","status":"publish","type":"page","link":"https:\/\/newterracotta.com\/pt-pt\/bespoke-back\/","title":{"rendered":"O ATELIER BACK"},"content":{"rendered":"<p>[vc_row full_width=&#8221;stretch_row_content_no_spaces&#8221; gap=&#8221;&#8221; parallax_image=&#8221;8095&#8243; el_class=&#8221;section-1-bespoke meia-imagem&#8221;][vc_column][vc_row_inner el_class=&#8221;block-container&#8221;][vc_column_inner width=&#8221;1\/2&#8243;][\/vc_column_inner][vc_column_inner width=&#8221;1\/2&#8243;][vc_custom_heading text=&#8221;O ATELIER&#8221; el_class=&#8221;no-margin-bottom&#8221;][vc_custom_heading text=&#8221;Extraordin\u00e1rio n\u00edvel de personaliza\u00e7\u00e3o e colabora\u00e7\u00e3o.&#8221; font_container=&#8221;tag:h4|text_align:left&#8221; el_class=&#8221;no-margin-bottom&#8221;][vc_column_text]A nossa equipa interna de designers, ceramistas e artes\u00e3os experientes permite-nos colaborar com os grandes arquitectos e designers nos seus projectos espectaculares.[\/vc_column_text][vc_empty_space height=&#8221;10px&#8221;][vc_custom_heading text=&#8221;Ouvir e aprender&#8221; font_container=&#8221;tag:h6|text_align:left&#8221; el_class=&#8221;no-margin-bottom&#8221;][vc_column_text el_class=&#8221;no-margin-bottom&#8221;]Come\u00e7amos por entender a vis\u00e3o criativa do nosso cliente, dedicando o tempo que for necess\u00e1rio para compreender as suas necessidades e desejos fundamentais e procurando lev\u00e1-lo aos limites da sua imagina\u00e7\u00e3o, apoiados na nossa capacidade de concretiza\u00e7\u00e3o.[\/vc_column_text][vc_empty_space height=&#8221;10px&#8221;][vc_single_image image=&#8221;12597&#8243; img_size=&#8221;full&#8221; el_class=&#8221;width70&#8243;][\/vc_column_inner][\/vc_row_inner][\/vc_column][\/vc_row][vc_row gap=&#8221;&#8221; el_class=&#8221;section-2-bespoke&#8221;][vc_column][vc_row_inner el_class=&#8221;espaco-global&#8221;][vc_column_inner width=&#8221;1\/2&#8243;][vc_single_image image=&#8221;11626&#8243; img_size=&#8221;full&#8221; alignment=&#8221;right&#8221;][\/vc_column_inner][vc_column_inner width=&#8221;1\/2&#8243;][vc_custom_heading text=&#8221;Restauros Hist\u00f3ricos&#8221; font_container=&#8221;tag:h3|text_align:left&#8221;][vc_column_text]A New Terracotta possui um vasto conhecimento e experi\u00eancia de azulejaria em edif\u00edcios classificados. Fornecemos azulejos de r\u00e9plica para pal\u00e1cios, monumentos, igrejas e resid\u00eancias privadas em projectos com requisitos muito espec\u00edficos em mat\u00e9ria de qualidade, apar\u00eancia e dimens\u00f5es.[\/vc_column_text][vc_custom_heading text=&#8221;Murais Pintados \u00e0 M\u00e3o&#8221; font_container=&#8221;tag:h3|text_align:left&#8221;][vc_column_text]Os desenhos s\u00e3o concebidos em papel, quer manualmente quer em computador, e transferidos para o azulejo atrav\u00e9s da aplica\u00e7\u00e3o art\u00edstica realizada pelos nossos pintores cer\u00e2micos altamente qualificados. Recorrendo a uma variedade de t\u00e9cnicas de pincelagem, s\u00e3o aplicados vidrados que, depois de cozidos, criam espantosas pe\u00e7as de arte com uma enorme intensidade de cor e car\u00e1cter.[\/vc_column_text][\/vc_column_inner][\/vc_row_inner][vc_row_inner el_class=&#8221;espaco-global&#8221;][vc_column_inner width=&#8221;1\/2&#8243;][vc_single_image image=&#8221;11628&#8243; img_size=&#8221;full&#8221; alignment=&#8221;right&#8221;][\/vc_column_inner][vc_column_inner width=&#8221;1\/2&#8243;][vc_custom_heading text=&#8221;Projectos de Arte Contempor\u00e2nea&#8221; font_container=&#8221;tag:h3|text_align:left&#8221;][vc_column_text]A elabora\u00e7\u00e3o dos moldes \u00e9 um processo longo e laborioso. O processo requer conhecimento especializado, experi\u00eancia e um cuidado extremo no manuseamento dos materiais que se encontram muitas vezes em estado l\u00edquido. Recorrendo a ferramentas modernas, a m\u00e3os h\u00e1beis e ao talento dos nossos artistas, criamos azulejos tridimensionais e esculturas contempor\u00e2neas para os apreciadores de arte cer\u00e2mica.[\/vc_column_text][\/vc_column_inner][\/vc_row_inner][\/vc_column][\/vc_row][vc_section full_width=&#8221;stretch_row&#8221; el_class=&#8221;section-3-bespoke&#8221;][vc_row gap=&#8221;&#8221; css=&#8221;.vc_custom_1561981267646{padding-top: 30px !important;padding-bottom: 30px !important;}&#8221;][vc_column][vc_row_inner][vc_column_inner width=&#8221;1\/2&#8243;][vc_single_image image=&#8221;11582&#8243; img_size=&#8221;full&#8221; el_class=&#8221;width100&#8243;][vc_single_image image=&#8221;11602&#8243; img_size=&#8221;full&#8221; el_class=&#8221;width100&#8243;][vc_custom_heading text=&#8221;A plasticidade do barro &#8221; font_container=&#8221;tag:h6|text_align:left&#8221; el_class=&#8221;no-margin-bottom&#8221;][vc_column_text]S\u00f3 um ingrediente t\u00e3o male\u00e1vel como o barro pode permitir o elevado n\u00edvel de liberdade criativa no projecto. N\u00e3o h\u00e1 duas pe\u00e7as exactamente iguais. As arestas irregulares, a superf\u00edcie ondulada e as pequenas imperfei\u00e7\u00f5es contribuem para o car\u00e1cter \u00fanico de cada pe\u00e7a.[\/vc_column_text][\/vc_column_inner][vc_column_inner width=&#8221;1\/2&#8243; css=&#8221;.vc_custom_1561980695929{padding-top: 16px !important;}&#8221;][vc_custom_heading text=&#8221;Azulejos de cer\u00e2mica como um meio&#8221; font_container=&#8221;tag:h6|text_align:left&#8221; el_class=&#8221;no-margin-bottom&#8221;][vc_column_text]A cer\u00e2mica \u00e9 utilizada h\u00e1 muitos s\u00e9culos para murais decorativos devido \u00e0s propriedades inerentes do produto acabado. A cer\u00e2mica \u00e9 resistente \u00e0 humidade e ao esmaecimento e tem uma elevada durabilidade, raz\u00f5es pelas quais os murais e azulejos decorativos t\u00eam sido utilizados para dar um toque final aos edif\u00edcios, tanto em interiores como em exteriores.[\/vc_column_text][vc_custom_heading text=&#8221;A import\u00e2ncia do branco certo &#8221; font_container=&#8221;tag:h6|text_align:left&#8221; el_class=&#8221;no-margin-bottom&#8221;][vc_column_text]A escolha de cor mais importante que fazemos \u00e9 a do branco utilizado no nosso trabalho. O branco que escolhemos determina, em grande medida, qual ser\u00e1 a nossa experi\u00eancia crom\u00e1tica.[\/vc_column_text][vc_single_image image=&#8221;11600&#8243; img_size=&#8221;full&#8221;][vc_custom_heading text=&#8221;Laborat\u00f3rio e Oficina&#8221; font_container=&#8221;tag:h6|text_align:left&#8221; el_class=&#8221;no-margin-bottom&#8221;][vc_column_text]N\u00e3o nos limitamos a comercializar azulejos. Administramos cursos abertos e workshops concebidos para partilhar o nosso conhecimento dos materiais e das t\u00e9cnicas bem como para preservar o legado hist\u00f3rico.[\/vc_column_text][\/vc_column_inner][\/vc_row_inner][\/vc_column][\/vc_row][\/vc_section][vc_section full_width=&#8221;stretch_row&#8221; el_class=&#8221;section-4-bespoke&#8221;][vc_row][vc_column][vc_row_inner][vc_column_inner][vc_custom_heading text=&#8221;Desenhos especiais e personalizados&#8221; font_container=&#8221;tag:h3|text_align:center&#8221; el_class=&#8221;no-margin-bottom&#8221;][vc_column_text]<\/p>\n<p style=\"text-align: center;\">A New Terracotta oferece um servi\u00e7o completo de design de murais, desde a concep\u00e7\u00e3o \u00e0 instala\u00e7\u00e3o. Quer se trate de personalizar um dos nossos desenhos j\u00e1 existentes ou de trabalhar connosco numa cria\u00e7\u00e3o completamente personalizada, os nossos especialistas ir\u00e3o orient\u00e1-lo neste processo empolgante.<\/p>\n<p>[\/vc_column_text][vc_empty_space height=&#8221;20px&#8221;][\/vc_column_inner][\/vc_row_inner][vc_row_inner][vc_column_inner][vc_single_image image=&#8221;11586&#8243; img_size=&#8221;full&#8221;][\/vc_column_inner][\/vc_row_inner][\/vc_column][\/vc_row][vc_row][vc_column][vc_empty_space height=&#8221;20px&#8221;][vc_custom_heading text=&#8221;Trabalhos mais recentes&#8221; font_container=&#8221;tag:h6|text_align:left&#8221; el_class=&#8221;no-margin-bottom no-margin-h5-special&#8221; css=&#8221;.vc_custom_1565630405853{margin-bottom: 0px !important;padding-bottom: 0px !important;}&#8221;][vc_column_text css=&#8221;.vc_custom_1565630454844{margin-top: 0px !important;padding-top: 0px !important;}&#8221;]Alguns projectos que adoramos.[\/vc_column_text][vc_row_inner][vc_column_inner width=&#8221;1\/3&#8243;][vc_single_image image=&#8221;11666&#8243; img_size=&#8221;full&#8221;][vc_custom_heading text=&#8221;Os grandes p\u00e1ssaros&#8221; font_container=&#8221;tag:h5|text_align:left&#8221;][vc_single_image image=&#8221;11674&#8243; img_size=&#8221;full&#8221;][vc_custom_heading text=&#8221;Gato, crocodilo e amigos&#8221; font_container=&#8221;tag:h5|text_align:left&#8221;][vc_single_image image=&#8221;11648&#8243; img_size=&#8221;full&#8221;][vc_custom_heading text=&#8221;Lista de convidados&#8221; font_container=&#8221;tag:h5|text_align:left&#8221;][\/vc_column_inner][vc_column_inner width=&#8221;1\/3&#8243;][vc_single_image image=&#8221;11672&#8243; img_size=&#8221;full&#8221;][vc_custom_heading text=&#8221;Aguarela tropical&#8221; font_container=&#8221;tag:h5|text_align:left&#8221;][vc_single_image image=&#8221;15490&#8243; img_size=&#8221;full&#8221;][vc_custom_heading text=&#8221;Pal\u00e1cio Fronteira&#8221; font_container=&#8221;tag:h5|text_align:left&#8221;][vc_single_image image=&#8221;11662&#8243; img_size=&#8221;full&#8221;][vc_custom_heading text=&#8221;O mural dos peixes&#8221; font_container=&#8221;tag:h5|text_align:left&#8221;][vc_single_image image=&#8221;11594&#8243; img_size=&#8221;full&#8221;][vc_custom_heading text=&#8221;Mural dos peixes em cr\u00fa&#8221; font_container=&#8221;tag:h5|text_align:left&#8221;][\/vc_column_inner][vc_column_inner width=&#8221;1\/3&#8243;][vc_single_image image=&#8221;11668&#8243; img_size=&#8221;full&#8221;][vc_custom_heading text=&#8221;China Regio Asie&#8221; font_container=&#8221;tag:h5|text_align:left&#8221;][vc_single_image image=&#8221;11612&#8243; img_size=&#8221;full&#8221;][vc_custom_heading text=&#8221;Chinoiserie em rosa&#8221; font_container=&#8221;tag:h5|text_align:left&#8221;][vc_single_image image=&#8221;11654&#8243; img_size=&#8221;full&#8221;][vc_custom_heading text=&#8221;Balaustrada com porco-espinho&#8221; font_container=&#8221;tag:h5|text_align:left&#8221;][\/vc_column_inner][\/vc_row_inner][vc_row_inner][vc_column_inner][vc_single_image image=&#8221;11660&#8243; img_size=&#8221;full&#8221;][vc_custom_heading text=&#8221;Patchwork hist\u00f3rico&#8221; font_container=&#8221;tag:h5|text_align:left&#8221;][\/vc_column_inner][\/vc_row_inner][\/vc_column][\/vc_row][\/vc_section][vc_section el_class=&#8221;section-5-bespoke&#8221;][vc_row][vc_column][vc_row_inner][vc_column_inner][vc_custom_heading text=&#8221;Cores, formas e texturas personalizadas&#8221; font_container=&#8221;tag:h3|text_align:center&#8221; el_class=&#8221;no-margin-bottom&#8221;][vc_column_text]<\/p>\n<p style=\"text-align: center;\">Incentivamos os nossos clientes a explorar a sua pr\u00f3pria criatividade e a solicitar uma pe\u00e7a \u00fanica, perfeitamente moldada ao seu estilo pessoal.<\/p>\n<p>[\/vc_column_text][vc_empty_space height=&#8221;20px&#8221;][\/vc_column_inner][\/vc_row_inner][\/vc_column][\/vc_row][vc_row gap=&#8221;&#8221; el_class=&#8221;gallery-bespoke&#8221;][vc_column][rev_slider_vc alias=&#8221;bespoke&#8221; el_class=&#8221;maxwidthSlide&#8221;][vc_empty_space height=&#8221;40px&#8221;][\/vc_column][\/vc_row][vc_row][vc_column width=&#8221;1\/2&#8243;][vc_row_inner][vc_column_inner width=&#8221;1\/2&#8243;][vc_single_image image=&#8221;11598&#8243; img_size=&#8221;full&#8221;][vc_custom_heading text=&#8221;Paulo Calado&#8221; font_container=&#8221;tag:h5|text_align:left&#8221;][\/vc_column_inner][vc_column_inner width=&#8221;1\/2&#8243;][vc_single_image image=&#8221;11630&#8243; img_size=&#8221;full&#8221;][vc_custom_heading text=&#8221;\u00c1lvaro Afonso&#8221; font_container=&#8221;tag:h5|text_align:left&#8221;][\/vc_column_inner][\/vc_row_inner][vc_row_inner][vc_column_inner][vc_custom_heading text=&#8221;Gestores de uma F\u00e1brica de Servi\u00e7os&#8221; font_container=&#8221;tag:h6|text_align:left&#8221; el_class=&#8221;no-margin-bottom&#8221;][vc_column_text]Todos os elementos da nossa organiza\u00e7\u00e3o t\u00eam de reconhecer que a nossa f\u00e1brica n\u00e3o se limita apenas \u00e0 produ\u00e7\u00e3o. Prestamos tamb\u00e9m um conjunto de servi\u00e7os que s\u00e3o parte integrante de cada produto. \u00c9 a esta perspectiva integrada de produtos e servi\u00e7os que chamamos F\u00e1brica de Servi\u00e7os.[\/vc_column_text][\/vc_column_inner][\/vc_row_inner][\/vc_column][vc_column width=&#8221;1\/2&#8243;][vc_single_image image=&#8221;11652&#8243; img_size=&#8221;full&#8221; onclick=&#8221;custom_link&#8221; link=&#8221;http:\/\/newterracotta.com\/pt-pt\/new-terracotta\/&#8221;][\/vc_column][\/vc_row][\/vc_section]<\/p>\n","protected":false},"excerpt":{"rendered":"<p>[vc_row full_width=&#8221;stretch_row_content_no_spaces&#8221; gap=&#8221;&#8221; parallax_image=&#8221;8095&#8243; el_class=&#8221;section-1-bespoke meia-imagem&#8221;][vc_column][vc_row_inner el_class=&#8221;block-container&#8221;][vc_column_inner width=&#8221;1\/2&#8243;][\/vc_column_inner][vc_column_inner width=&#8221;1\/2&#8243;][vc_custom_heading text=&#8221;O ATELIER&#8221; el_class=&#8221;no-margin-bottom&#8221;][vc_custom_heading text=&#8221;Extraordin\u00e1rio n\u00edvel de personaliza\u00e7\u00e3o e colabora\u00e7\u00e3o.&#8221; font_container=&#8221;tag:h4|text_align:left&#8221; el_class=&#8221;no-margin-bottom&#8221;][vc_column_text]A nossa equipa interna de designers, ceramistas e artes\u00e3os experientes permite-nos [&hellip;]<\/p>\n","protected":false},"author":1,"featured_media":0,"parent":0,"menu_order":0,"comment_status":"closed","ping_status":"closed","template":"","meta":{"_monsterinsights_skip_tracking":false,"_monsterinsights_sitenote_active":false,"_monsterinsights_sitenote_note":"","_monsterinsights_sitenote_category":0},"yoast_head":"<!-- This site is optimized with the Yoast SEO plugin v20.6 - https:\/\/yoast.com\/wordpress\/plugins\/seo\/ -->\n<title>Restauro e Personaliza\u00e7\u00e3o - New Terracotta<\/title>\n<meta name=\"description\" content=\"A Azulejaria t\u00eam sido parte proeminente na hist\u00f3ria do mundo\" \/>\n<meta name=\"robots\" content=\"index, follow, max-snippet:-1, max-image-preview:large, max-video-preview:-1\" \/>\n<link rel=\"canonical\" href=\"https:\/\/newterracotta.com\/pt-pt\/bespoke-back\/\" \/>\n<meta property=\"og:locale\" content=\"pt_PT\" \/>\n<meta property=\"og:type\" content=\"article\" \/>\n<meta property=\"og:title\" content=\"Restauro e Personaliza\u00e7\u00e3o - New Terracotta\" \/>\n<meta property=\"og:description\" content=\"A Azulejaria t\u00eam sido parte proeminente na hist\u00f3ria do mundo\" \/>\n<meta property=\"og:url\" content=\"https:\/\/newterracotta.com\/pt-pt\/bespoke-back\/\" \/>\n<meta property=\"og:site_name\" content=\"New Terracotta\" \/>\n<meta property=\"article:modified_time\" content=\"2020-05-12T14:01:24+00:00\" \/>\n<meta name=\"twitter:card\" content=\"summary_large_image\" \/>\n<meta name=\"twitter:label1\" content=\"Tempo estimado de leitura\" \/>\n\t<meta name=\"twitter:data1\" content=\"8 minutos\" \/>\n<script type=\"application\/ld+json\" class=\"yoast-schema-graph\">{\"@context\":\"https:\/\/schema.org\",\"@graph\":[{\"@type\":\"WebPage\",\"@id\":\"https:\/\/newterracotta.com\/pt-pt\/bespoke-back\/\",\"url\":\"https:\/\/newterracotta.com\/pt-pt\/bespoke-back\/\",\"name\":\"Restauro e Personaliza\u00e7\u00e3o - New Terracotta\",\"isPartOf\":{\"@id\":\"https:\/\/newterracotta.com\/#website\"},\"datePublished\":\"2019-08-12T17:26:00+00:00\",\"dateModified\":\"2020-05-12T14:01:24+00:00\",\"description\":\"A Azulejaria t\u00eam sido parte proeminente na hist\u00f3ria do mundo\",\"inLanguage\":\"pt-PT\",\"potentialAction\":[{\"@type\":\"ReadAction\",\"target\":[\"https:\/\/newterracotta.com\/pt-pt\/bespoke-back\/\"]}]},{\"@type\":\"WebSite\",\"@id\":\"https:\/\/newterracotta.com\/#website\",\"url\":\"https:\/\/newterracotta.com\/\",\"name\":\"New Terracotta\",\"description\":\"Portuguese Handmade\",\"potentialAction\":[{\"@type\":\"SearchAction\",\"target\":{\"@type\":\"EntryPoint\",\"urlTemplate\":\"https:\/\/newterracotta.com\/?s={search_term_string}\"},\"query-input\":\"required name=search_term_string\"}],\"inLanguage\":\"pt-PT\"}]}<\/script>\n<!-- \/ Yoast SEO plugin. -->","yoast_head_json":{"title":"Restauro e Personaliza\u00e7\u00e3o - New Terracotta","description":"A Azulejaria t\u00eam sido parte proeminente na hist\u00f3ria do mundo","robots":{"index":"index","follow":"follow","max-snippet":"max-snippet:-1","max-image-preview":"max-image-preview:large","max-video-preview":"max-video-preview:-1"},"canonical":"https:\/\/newterracotta.com\/pt-pt\/bespoke-back\/","og_locale":"pt_PT","og_type":"article","og_title":"Restauro e Personaliza\u00e7\u00e3o - New Terracotta","og_description":"A Azulejaria t\u00eam sido parte proeminente na hist\u00f3ria do mundo","og_url":"https:\/\/newterracotta.com\/pt-pt\/bespoke-back\/","og_site_name":"New Terracotta","article_modified_time":"2020-05-12T14:01:24+00:00","twitter_card":"summary_large_image","twitter_misc":{"Tempo estimado de leitura":"8 minutos"},"schema":{"@context":"https:\/\/schema.org","@graph":[{"@type":"WebPage","@id":"https:\/\/newterracotta.com\/pt-pt\/bespoke-back\/","url":"https:\/\/newterracotta.com\/pt-pt\/bespoke-back\/","name":"Restauro e Personaliza\u00e7\u00e3o - New Terracotta","isPartOf":{"@id":"https:\/\/newterracotta.com\/#website"},"datePublished":"2019-08-12T17:26:00+00:00","dateModified":"2020-05-12T14:01:24+00:00","description":"A Azulejaria t\u00eam sido parte proeminente na hist\u00f3ria do mundo","inLanguage":"pt-PT","potentialAction":[{"@type":"ReadAction","target":["https:\/\/newterracotta.com\/pt-pt\/bespoke-back\/"]}]},{"@type":"WebSite","@id":"https:\/\/newterracotta.com\/#website","url":"https:\/\/newterracotta.com\/","name":"New Terracotta","description":"Portuguese Handmade","potentialAction":[{"@type":"SearchAction","target":{"@type":"EntryPoint","urlTemplate":"https:\/\/newterracotta.com\/?s={search_term_string}"},"query-input":"required name=search_term_string"}],"inLanguage":"pt-PT"}]}},"_links":{"self":[{"href":"https:\/\/newterracotta.com\/pt-pt\/wp-json\/wp\/v2\/pages\/10718"}],"collection":[{"href":"https:\/\/newterracotta.com\/pt-pt\/wp-json\/wp\/v2\/pages"}],"about":[{"href":"https:\/\/newterracotta.com\/pt-pt\/wp-json\/wp\/v2\/types\/page"}],"author":[{"embeddable":true,"href":"https:\/\/newterracotta.com\/pt-pt\/wp-json\/wp\/v2\/users\/1"}],"replies":[{"embeddable":true,"href":"https:\/\/newterracotta.com\/pt-pt\/wp-json\/wp\/v2\/comments?post=10718"}],"version-history":[{"count":12,"href":"https:\/\/newterracotta.com\/pt-pt\/wp-json\/wp\/v2\/pages\/10718\/revisions"}],"predecessor-version":[{"id":30218,"href":"https:\/\/newterracotta.com\/pt-pt\/wp-json\/wp\/v2\/pages\/10718\/revisions\/30218"}],"wp:attachment":[{"href":"https:\/\/newterracotta.com\/pt-pt\/wp-json\/wp\/v2\/media?parent=10718"}],"curies":[{"name":"wp","href":"https:\/\/api.w.org\/{rel}","templated":true}]}}