{"id":10843,"date":"2019-08-13T09:10:08","date_gmt":"2019-08-13T09:10:08","guid":{"rendered":"http:\/\/newterracotta.com\/?page_id=10843"},"modified":"2019-09-18T21:09:57","modified_gmt":"2019-09-18T21:09:57","slug":"new-terracotta","status":"publish","type":"page","link":"https:\/\/newterracotta.com\/pt-pt\/new-terracotta\/","title":{"rendered":"NEW TERRACOTTA +"},"content":{"rendered":"<p>[vc_row gap=&#8221;&#8221; css=&#8221;.vc_custom_1565006506504{margin-bottom: 0px !important;}&#8221;][vc_column][vc_row_inner content_placement=&#8221;middle&#8221; css=&#8221;.vc_custom_1565006514536{margin-bottom: 0px !important;}&#8221;][vc_column_inner][vc_single_image image=&#8221;9988&#8243; img_size=&#8221;full&#8221; alignment=&#8221;center&#8221; css=&#8221;.vc_custom_1565006539564{margin-bottom: 0px !important;}&#8221;][\/vc_column_inner][\/vc_row_inner][\/vc_column][\/vc_row][vc_row full_width=&#8221;stretch_row&#8221; gap=&#8221;&#8221; equal_height=&#8221;yes&#8221; content_placement=&#8221;middle&#8221; css=&#8221;.vc_custom_1565260484226{padding-top: 0px !important;padding-bottom: 50px !important;background-color: #fcfcfc !important;}&#8221; el_class=&#8221;newterra-section-1&#8243;][vc_column css=&#8221;.vc_custom_1565006651831{padding-top: 70px !important;padding-right: 15% !important;padding-bottom: 70px !important;padding-left: 15% !important;background-position: 0 0 !important;background-repeat: repeat !important;}&#8221;]<div class=\"piwo-heading text-center  vc_custom_1565007394122 h2EspecialWeAre\" ><div class=\"heading-intro-text swiper-slide \"  data-aos=\"\" data-aos-delay=\"0\" ><\/div><h2 class=\"primary-heading\"  data-aos=\"\" data-aos-delay=\"50\">NEW TERRACOTTA <sup>+<\/sup><\/h2><div class=\"subheading\"  data-aos=\"\" data-aos-delay=\"100\"><\/div><\/div>[vc_column_text el_class=&#8221;we-believe-extra-texto h3-sem-margin-bottom&#8221;]<\/p>\n<h3 style=\"text-align: center;\">Brincando com o barro<\/h3>\n<p style=\"text-align: center;\">Somos artes\u00e3os a trabalhar como barro. Por vezes, transpomos limites e criamos \u2018algo\u2019.<br \/>\nO barro d\u00e1 liberdade para criar algo de intenso, cru, exuberante. Permite empilhar, desconstruir e cometer erros. N\u00e3o s\u00e3o necess\u00e1rias ferramentas nem maquinaria para manipular o material.<\/p>\n<p>[\/vc_column_text][vc_empty_space height=&#8221;30px&#8221;][rev_slider_vc alias=&#8221;newplus&#8221; el_class=&#8221;maxwidthSlide&#8221;][\/vc_column][\/vc_row][vc_row][vc_column]<div class=\"piwo-heading text-center  \" ><div class=\"heading-intro-text swiper-slide \"  data-aos=\"\" data-aos-delay=\"0\" ><\/div><h3 class=\"primary-heading\"  data-aos=\"\" data-aos-delay=\"50\">S\u00f3 precisamos de barro, m\u00e3os e fogo. Temos tudo isto.<\/h3><div class=\"subheading\"  data-aos=\"\" data-aos-delay=\"100\"><\/div><\/div>[\/vc_column][\/vc_row][vc_row gap=&#8221;&#8221; lines=&#8221;1&#8243; css=&#8221;.vc_custom_1555454276120{margin-top: 20px !important;padding-top: 0px !important;padding-bottom: 100px !important;}&#8221; el_class=&#8221;about-section-3&#8243;][vc_column width=&#8221;1\/12&#8243;][\/vc_column][vc_column width=&#8221;5\/12&#8243;][vc_single_image image=&#8221;9999&#8243; img_size=&#8221;large&#8221; alignment=&#8221;center&#8221; el_class=&#8221;history-img&#8221;][vc_single_image image=&#8221;9989&#8243; img_size=&#8221;large&#8221; alignment=&#8221;center&#8221; el_class=&#8221;history-img&#8221;][vc_single_image image=&#8221;9990&#8243; img_size=&#8221;large&#8221; alignment=&#8221;center&#8221; el_class=&#8221;history-img&#8221;][vc_single_image image=&#8221;9995&#8243; img_size=&#8221;large&#8221; alignment=&#8221;center&#8221; el_class=&#8221;history-img&#8221;][\/vc_column][vc_column width=&#8221;5\/12&#8243;][vc_single_image image=&#8221;9994&#8243; img_size=&#8221;full&#8221; alignment=&#8221;center&#8221; el_class=&#8221;history-img&#8221;][vc_single_image image=&#8221;10001&#8243; img_size=&#8221;full&#8221; alignment=&#8221;center&#8221; el_class=&#8221;history-img&#8221;][vc_single_image image=&#8221;9997&#8243; img_size=&#8221;full&#8221; alignment=&#8221;center&#8221; el_class=&#8221;history-img&#8221;][vc_single_image image=&#8221;9998&#8243; img_size=&#8221;full&#8221; alignment=&#8221;center&#8221; el_class=&#8221;history-img&#8221;][vc_single_image image=&#8221;9993&#8243; img_size=&#8221;full&#8221; alignment=&#8221;center&#8221; el_class=&#8221;history-img&#8221;][vc_single_image image=&#8221;9991&#8243; img_size=&#8221;full&#8221; alignment=&#8221;center&#8221; el_class=&#8221;history-img&#8221;][\/vc_column][vc_column width=&#8221;1\/12&#8243; css=&#8221;.vc_custom_1520418397660{background-position: 0 0 !important;background-repeat: repeat !important;}&#8221;][\/vc_column][\/vc_row][vc_row full_width=&#8221;stretch_row_content_no_spaces&#8221; gap=&#8221;&#8221; el_class=&#8221;lets-talk-bloco&#8221;][vc_column][vc_custom_heading text=&#8221;Tem um projecto em mente?<br \/>\nAdorar\u00edamos fazer parte dele!&#8221; font_container=&#8221;tag:h2|text_align:center&#8221;][vc_column_text]<\/p>\n<h5 style=\"text-align: center;\"><a href=\"http:\/\/newterracotta.com\/pt-pt\/contact-2\/\">VAMOS CONVERSAR.<\/a><\/h5>\n<p>[\/vc_column_text][\/vc_column][\/vc_row]<\/p>\n","protected":false},"excerpt":{"rendered":"<p>[vc_row gap=&#8221;&#8221; css=&#8221;.vc_custom_1565006506504{margin-bottom: 0px !important;}&#8221;][vc_column][vc_row_inner content_placement=&#8221;middle&#8221; css=&#8221;.vc_custom_1565006514536{margin-bottom: 0px !important;}&#8221;][vc_column_inner][vc_single_image image=&#8221;9988&#8243; img_size=&#8221;full&#8221; alignment=&#8221;center&#8221; css=&#8221;.vc_custom_1565006539564{margin-bottom: 0px !important;}&#8221;][\/vc_column_inner][\/vc_row_inner][\/vc_column][\/vc_row][vc_row full_width=&#8221;stretch_row&#8221; gap=&#8221;&#8221; equal_height=&#8221;yes&#8221; content_placement=&#8221;middle&#8221; css=&#8221;.vc_custom_1565260484226{padding-top: 0px !important;padding-bottom: 50px !important;background-color: #fcfcfc !important;}&#8221; el_class=&#8221;newterra-section-1&#8243;][vc_column css=&#8221;.vc_custom_1565006651831{padding-top: 70px !important;padding-right: [&hellip;]<\/p>\n","protected":false},"author":1,"featured_media":0,"parent":0,"menu_order":0,"comment_status":"closed","ping_status":"closed","template":"","meta":{"_monsterinsights_skip_tracking":false,"_monsterinsights_sitenote_active":false,"_monsterinsights_sitenote_note":"","_monsterinsights_sitenote_category":0},"yoast_head":"<!-- This site is optimized with the Yoast SEO plugin v20.6 - https:\/\/yoast.com\/wordpress\/plugins\/seo\/ -->\n<title>NEW TERRACOTTA + - New Terracotta<\/title>\n<meta name=\"description\" content=\"Somos artes\u00e3os a trabalhar como barro. Por vezes, transpomos limites e criamos \u2018algo\u2019.\" \/>\n<meta name=\"robots\" content=\"index, follow, max-snippet:-1, max-image-preview:large, max-video-preview:-1\" \/>\n<link rel=\"canonical\" href=\"https:\/\/newterracotta.com\/pt-pt\/new-terracotta\/\" \/>\n<meta property=\"og:locale\" content=\"pt_PT\" \/>\n<meta property=\"og:type\" content=\"article\" \/>\n<meta property=\"og:title\" content=\"NEW TERRACOTTA + - New Terracotta\" \/>\n<meta property=\"og:description\" content=\"Somos artes\u00e3os a trabalhar como barro. Por vezes, transpomos limites e criamos \u2018algo\u2019.\" \/>\n<meta property=\"og:url\" content=\"https:\/\/newterracotta.com\/pt-pt\/new-terracotta\/\" \/>\n<meta property=\"og:site_name\" content=\"New Terracotta\" \/>\n<meta property=\"article:modified_time\" content=\"2019-09-18T21:09:57+00:00\" \/>\n<meta name=\"twitter:card\" content=\"summary_large_image\" \/>\n<meta name=\"twitter:label1\" content=\"Tempo estimado de leitura\" \/>\n\t<meta name=\"twitter:data1\" content=\"2 minutos\" \/>\n<script type=\"application\/ld+json\" class=\"yoast-schema-graph\">{\"@context\":\"https:\/\/schema.org\",\"@graph\":[{\"@type\":\"WebPage\",\"@id\":\"https:\/\/newterracotta.com\/pt-pt\/new-terracotta\/\",\"url\":\"https:\/\/newterracotta.com\/pt-pt\/new-terracotta\/\",\"name\":\"NEW TERRACOTTA + - New Terracotta\",\"isPartOf\":{\"@id\":\"https:\/\/newterracotta.com\/#website\"},\"datePublished\":\"2019-08-13T09:10:08+00:00\",\"dateModified\":\"2019-09-18T21:09:57+00:00\",\"description\":\"Somos artes\u00e3os a trabalhar como barro. Por vezes, transpomos limites e criamos \u2018algo\u2019.\",\"inLanguage\":\"pt-PT\",\"potentialAction\":[{\"@type\":\"ReadAction\",\"target\":[\"https:\/\/newterracotta.com\/pt-pt\/new-terracotta\/\"]}]},{\"@type\":\"WebSite\",\"@id\":\"https:\/\/newterracotta.com\/#website\",\"url\":\"https:\/\/newterracotta.com\/\",\"name\":\"New Terracotta\",\"description\":\"Portuguese Handmade\",\"potentialAction\":[{\"@type\":\"SearchAction\",\"target\":{\"@type\":\"EntryPoint\",\"urlTemplate\":\"https:\/\/newterracotta.com\/?s={search_term_string}\"},\"query-input\":\"required name=search_term_string\"}],\"inLanguage\":\"pt-PT\"}]}<\/script>\n<!-- \/ Yoast SEO plugin. -->","yoast_head_json":{"title":"NEW TERRACOTTA + - New Terracotta","description":"Somos artes\u00e3os a trabalhar como barro. Por vezes, transpomos limites e criamos \u2018algo\u2019.","robots":{"index":"index","follow":"follow","max-snippet":"max-snippet:-1","max-image-preview":"max-image-preview:large","max-video-preview":"max-video-preview:-1"},"canonical":"https:\/\/newterracotta.com\/pt-pt\/new-terracotta\/","og_locale":"pt_PT","og_type":"article","og_title":"NEW TERRACOTTA + - New Terracotta","og_description":"Somos artes\u00e3os a trabalhar como barro. Por vezes, transpomos limites e criamos \u2018algo\u2019.","og_url":"https:\/\/newterracotta.com\/pt-pt\/new-terracotta\/","og_site_name":"New Terracotta","article_modified_time":"2019-09-18T21:09:57+00:00","twitter_card":"summary_large_image","twitter_misc":{"Tempo estimado de leitura":"2 minutos"},"schema":{"@context":"https:\/\/schema.org","@graph":[{"@type":"WebPage","@id":"https:\/\/newterracotta.com\/pt-pt\/new-terracotta\/","url":"https:\/\/newterracotta.com\/pt-pt\/new-terracotta\/","name":"NEW TERRACOTTA + - New Terracotta","isPartOf":{"@id":"https:\/\/newterracotta.com\/#website"},"datePublished":"2019-08-13T09:10:08+00:00","dateModified":"2019-09-18T21:09:57+00:00","description":"Somos artes\u00e3os a trabalhar como barro. Por vezes, transpomos limites e criamos \u2018algo\u2019.","inLanguage":"pt-PT","potentialAction":[{"@type":"ReadAction","target":["https:\/\/newterracotta.com\/pt-pt\/new-terracotta\/"]}]},{"@type":"WebSite","@id":"https:\/\/newterracotta.com\/#website","url":"https:\/\/newterracotta.com\/","name":"New Terracotta","description":"Portuguese Handmade","potentialAction":[{"@type":"SearchAction","target":{"@type":"EntryPoint","urlTemplate":"https:\/\/newterracotta.com\/?s={search_term_string}"},"query-input":"required name=search_term_string"}],"inLanguage":"pt-PT"}]}},"_links":{"self":[{"href":"https:\/\/newterracotta.com\/pt-pt\/wp-json\/wp\/v2\/pages\/10843"}],"collection":[{"href":"https:\/\/newterracotta.com\/pt-pt\/wp-json\/wp\/v2\/pages"}],"about":[{"href":"https:\/\/newterracotta.com\/pt-pt\/wp-json\/wp\/v2\/types\/page"}],"author":[{"embeddable":true,"href":"https:\/\/newterracotta.com\/pt-pt\/wp-json\/wp\/v2\/users\/1"}],"replies":[{"embeddable":true,"href":"https:\/\/newterracotta.com\/pt-pt\/wp-json\/wp\/v2\/comments?post=10843"}],"version-history":[{"count":4,"href":"https:\/\/newterracotta.com\/pt-pt\/wp-json\/wp\/v2\/pages\/10843\/revisions"}],"predecessor-version":[{"id":16739,"href":"https:\/\/newterracotta.com\/pt-pt\/wp-json\/wp\/v2\/pages\/10843\/revisions\/16739"}],"wp:attachment":[{"href":"https:\/\/newterracotta.com\/pt-pt\/wp-json\/wp\/v2\/media?parent=10843"}],"curies":[{"name":"wp","href":"https:\/\/api.w.org\/{rel}","templated":true}]}}