{"id":10910,"date":"2019-08-13T09:58:47","date_gmt":"2019-08-13T09:58:47","guid":{"rendered":"http:\/\/newterracotta.com\/?page_id=10910"},"modified":"2019-09-12T11:05:51","modified_gmt":"2019-09-12T11:05:51","slug":"pure-lux","status":"publish","type":"page","link":"https:\/\/newterracotta.com\/pt-pt\/pure-lux\/","title":{"rendered":"Pure Lux"},"content":{"rendered":"<p>[vc_row gap=&#8221;&#8221; css=&#8221;.vc_custom_1564584468448{margin-top: 60px !important;margin-bottom: 0px !important;}&#8221; el_class=&#8221;purelux-page&#8221;][vc_column css=&#8221;.vc_custom_1555456621621{margin-top: 30px !important;margin-bottom: 30px !important;}&#8221;][vc_custom_heading text=&#8221;PURE LUX&#8221; font_container=&#8221;tag:h2|text_align:center&#8221;][vc_row_inner css=&#8221;.vc_custom_1564584451772{margin-bottom: 0px !important;padding-bottom: 0px !important;}&#8221;][vc_column_inner][vc_column_text css=&#8221;.vc_custom_1565690424197{margin-bottom: 0px !important;padding-bottom: 0px !important;}&#8221;]<\/p>\n<h3 style=\"text-align: center;\">Pe\u00e7as \u00fanicas de um luxo discreto.<br \/>\nOuro e platina.<\/h3>\n<p style=\"text-align: center;\">Numa abordagem muito subtil \u00e0 joalharia, as pe\u00e7as vidradas a ouro e platina PURE LUX s\u00e3o elegantes, sofisticadas e distintas.<br \/>\nA New Terracotta est\u00e1 empenhada na cria\u00e7\u00e3o de pe\u00e7as \u00fanicas, dedicando-se especialmente a pedidos personalizados.<\/p>\n<p>[\/vc_column_text][\/vc_column_inner][\/vc_row_inner][\/vc_column][\/vc_row][vc_row gap=&#8221;&#8221; el_class=&#8221;purelux-page&#8221;][vc_column width=&#8221;1\/6&#8243;][\/vc_column][vc_column width=&#8221;4\/6&#8243;][vc_raw_html el_class=&#8221;hoverImg&#8221;]JTNDaW1nJTIwY2xhc3MlM0QlMjJhbGlnbm5vbmUlMjBzaXplLWZ1bGwlMjB3cC1pbWFnZS04NDg0JTIyJTIwc3JjJTNEJTIyaHR0cHMlM0ElMkYlMkZuZXd0ZXJyYWNvdHRhLmNvbSUyRndwLWNvbnRlbnQlMkZ1cGxvYWRzJTJGMjAxOSUyRjA3JTJGbmV3LXRlcnJhY290dGEtcHVyZS1sdXgtbW9vZC1ib2FyZC0xLnBuZyUyMiUyMG9yaSUzRCUyMmh0dHBzJTNBJTJGJTJGbmV3dGVycmFjb3R0YS5jb20lMkZ3cC1jb250ZW50JTJGdXBsb2FkcyUyRjIwMTklMkYwNyUyRm5ldy10ZXJyYWNvdHRhLXB1cmUtbHV4LW1vb2QtYm9hcmQtMS5wbmclMjIlMjBhbHQlM0QlMjJodHRwcyUzQSUyRiUyRm5ld3RlcnJhY290dGEuY29tJTJGd3AtY29udGVudCUyRnVwbG9hZHMlMkYyMDE5JTJGMDclMkZuZXctdGVycmFjb3R0YS1wdXJlLWx1eC1tb29kLWJvYXJkLTEtdGFncy5wbmclMjIlMjB3aWR0aCUzRCUyMjEyMDAlMjIlMjBoZWlnaHQlM0QlMjI5MDElMjIlMjAlMkYlM0U=[\/vc_raw_html][vc_raw_html el_class=&#8221;hoverImg&#8221;]JTNDaW1nJTIwY2xhc3MlM0QlMjJhbGlnbm5vbmUlMjBzaXplLWZ1bGwlMjB3cC1pbWFnZS04NDg0JTIyJTIwc3JjJTNEJTIyaHR0cHMlM0ElMkYlMkZuZXd0ZXJyYWNvdHRhLmNvbSUyRndwLWNvbnRlbnQlMkZ1cGxvYWRzJTJGMjAxOSUyRjA3JTJGbmV3LXRlcnJhY290dGEtcHVyZS1sdXgtbW9vZC1ib2FyZC0yLnBuZyUyMiUyMG9yaSUzRCUyMmh0dHBzJTNBJTJGJTJGbmV3dGVycmFjb3R0YS5jb20lMkZ3cC1jb250ZW50JTJGdXBsb2FkcyUyRjIwMTklMkYwNyUyRm5ldy10ZXJyYWNvdHRhLXB1cmUtbHV4LW1vb2QtYm9hcmQtMi5wbmclMjIlMjBhbHQlM0QlMjJodHRwcyUzQSUyRiUyRm5ld3RlcnJhY290dGEuY29tJTJGd3AtY29udGVudCUyRnVwbG9hZHMlMkYyMDE5JTJGMDclMkZuZXctdGVycmFjb3R0YS1wdXJlLWx1eC1tb29kLWJvYXJkLTItdGFncy5wbmclMjIlMjB3aWR0aCUzRCUyMjEyMDAlMjIlMjBoZWlnaHQlM0QlMjI5MDElMjIlMjAlMkYlM0U=[\/vc_raw_html][vc_raw_html el_class=&#8221;hoverImg&#8221;]JTNDaW1nJTIwY2xhc3MlM0QlMjJhbGlnbm5vbmUlMjBzaXplLWZ1bGwlMjB3cC1pbWFnZS04NDg0JTIyJTIwc3JjJTNEJTIyaHR0cHMlM0ElMkYlMkZuZXd0ZXJyYWNvdHRhLmNvbSUyRndwLWNvbnRlbnQlMkZ1cGxvYWRzJTJGMjAxOSUyRjA3JTJGbmV3LXRlcnJhY290dGEtcHVyZS1sdXgtbW9vZC1ib2FyZC0zLnBuZyUyMiUyMG9yaSUzRCUyMmh0dHBzJTNBJTJGJTJGbmV3dGVycmFjb3R0YS5jb20lMkZ3cC1jb250ZW50JTJGdXBsb2FkcyUyRjIwMTklMkYwNyUyRm5ldy10ZXJyYWNvdHRhLXB1cmUtbHV4LW1vb2QtYm9hcmQtMy5wbmclMjIlMjBhbHQlM0QlMjJodHRwcyUzQSUyRiUyRm5ld3RlcnJhY290dGEuY29tJTJGd3AtY29udGVudCUyRnVwbG9hZHMlMkYyMDE5JTJGMDclMkZuZXctdGVycmFjb3R0YS1wdXJlLWx1eC1tb29kLWJvYXJkLTMtdGFncy5wbmclMjIlMjB3aWR0aCUzRCUyMjEyMDAlMjIlMjBoZWlnaHQlM0QlMjI5MDElMjIlMjAlMkYlM0U=[\/vc_raw_html][vc_raw_html el_class=&#8221;hoverImg&#8221;]JTNDaW1nJTIwY2xhc3MlM0QlMjJhbGlnbm5vbmUlMjBzaXplLWZ1bGwlMjB3cC1pbWFnZS04NDg0JTIyJTIwc3JjJTNEJTIyaHR0cHMlM0ElMkYlMkZuZXd0ZXJyYWNvdHRhLmNvbSUyRndwLWNvbnRlbnQlMkZ1cGxvYWRzJTJGMjAxOSUyRjA3JTJGbmV3LXRlcnJhY290dGEtcHVyZS1sdXgtbW9vZC1ib2FyZC00LnBuZyUyMiUyMG9yaSUzRCUyMmh0dHBzJTNBJTJGJTJGbmV3dGVycmFjb3R0YS5jb20lMkZ3cC1jb250ZW50JTJGdXBsb2FkcyUyRjIwMTklMkYwNyUyRm5ldy10ZXJyYWNvdHRhLXB1cmUtbHV4LW1vb2QtYm9hcmQtNC5wbmclMjIlMjBhbHQlM0QlMjJodHRwcyUzQSUyRiUyRm5ld3RlcnJhY290dGEuY29tJTJGd3AtY29udGVudCUyRnVwbG9hZHMlMkYyMDE5JTJGMDclMkZuZXctdGVycmFjb3R0YS1wdXJlLWx1eC1tb29kLWJvYXJkLTQtdGFncy5wbmclMjIlMjB3aWR0aCUzRCUyMjEyMDAlMjIlMjBoZWlnaHQlM0QlMjI5MDElMjIlMjAlMkYlM0U=[\/vc_raw_html][vc_raw_html el_class=&#8221;hoverImg&#8221;]JTNDaW1nJTIwY2xhc3MlM0QlMjJhbGlnbm5vbmUlMjBzaXplLWZ1bGwlMjB3cC1pbWFnZS04NDg0JTIyJTIwc3JjJTNEJTIyaHR0cHMlM0ElMkYlMkZuZXd0ZXJyYWNvdHRhLmNvbSUyRndwLWNvbnRlbnQlMkZ1cGxvYWRzJTJGMjAxOSUyRjA3JTJGbmV3LXRlcnJhY290dGEtcHVyZS1sdXgtbW9vZC1ib2FyZC01LnBuZyUyMiUyMG9yaSUzRCUyMmh0dHBzJTNBJTJGJTJGbmV3dGVycmFjb3R0YS5jb20lMkZ3cC1jb250ZW50JTJGdXBsb2FkcyUyRjIwMTklMkYwNyUyRm5ldy10ZXJyYWNvdHRhLXB1cmUtbHV4LW1vb2QtYm9hcmQtNS5wbmclMjIlMjBhbHQlM0QlMjJodHRwcyUzQSUyRiUyRm5ld3RlcnJhY290dGEuY29tJTJGd3AtY29udGVudCUyRnVwbG9hZHMlMkYyMDE5JTJGMDclMkZuZXctdGVycmFjb3R0YS1wdXJlLWx1eC1tb29kLWJvYXJkLTUtdGFncy5wbmclMjIlMjB3aWR0aCUzRCUyMjEyMDAlMjIlMjBoZWlnaHQlM0QlMjI5MDElMjIlMjAlMkYlM0U=[\/vc_raw_html][vc_raw_html el_class=&#8221;hoverImg&#8221;]JTNDaW1nJTIwY2xhc3MlM0QlMjJhbGlnbm5vbmUlMjBzaXplLWZ1bGwlMjB3cC1pbWFnZS04NDg0JTIyJTIwc3JjJTNEJTIyaHR0cHMlM0ElMkYlMkZuZXd0ZXJyYWNvdHRhLmNvbSUyRndwLWNvbnRlbnQlMkZ1cGxvYWRzJTJGMjAxOSUyRjA3JTJGbmV3LXRlcnJhY290dGEtcHVyZS1sdXgtbW9vZC1ib2FyZC02LnBuZyUyMiUyMG9yaSUzRCUyMmh0dHBzJTNBJTJGJTJGbmV3dGVycmFjb3R0YS5jb20lMkZ3cC1jb250ZW50JTJGdXBsb2FkcyUyRjIwMTklMkYwNyUyRm5ldy10ZXJyYWNvdHRhLXB1cmUtbHV4LW1vb2QtYm9hcmQtNi5wbmclMjIlMjBhbHQlM0QlMjJodHRwcyUzQSUyRiUyRm5ld3RlcnJhY290dGEuY29tJTJGd3AtY29udGVudCUyRnVwbG9hZHMlMkYyMDE5JTJGMDclMkZuZXctdGVycmFjb3R0YS1wdXJlLWx1eC1tb29kLWJvYXJkLTYtdGFncy5wbmclMjIlMjB3aWR0aCUzRCUyMjEyMDAlMjIlMjBoZWlnaHQlM0QlMjI5MDElMjIlMjAlMkYlM0U=[\/vc_raw_html][\/vc_column][vc_column width=&#8221;1\/6&#8243;][\/vc_column][\/vc_row][vc_row full_width=&#8221;stretch_row_content_no_spaces&#8221; gap=&#8221;&#8221; el_class=&#8221;lets-talk-bloco&#8221;][vc_column][vc_custom_heading text=&#8221;Tem um projecto em mente?<br \/>\nAdorar\u00edamos fazer parte dele!&#8221; font_container=&#8221;tag:h2|text_align:center&#8221;][vc_column_text]<\/p>\n<h5 style=\"text-align: center;\"><a href=\"http:\/\/newterracotta.com\/pt-pt\/contact-2\/\">VAMOS CONVERSAR.<\/a><\/h5>\n<p>[\/vc_column_text][\/vc_column][\/vc_row]<\/p>\n","protected":false},"excerpt":{"rendered":"<p>[vc_row gap=&#8221;&#8221; css=&#8221;.vc_custom_1564584468448{margin-top: 60px !important;margin-bottom: 0px !important;}&#8221; el_class=&#8221;purelux-page&#8221;][vc_column css=&#8221;.vc_custom_1555456621621{margin-top: 30px !important;margin-bottom: 30px !important;}&#8221;][vc_custom_heading text=&#8221;PURE LUX&#8221; font_container=&#8221;tag:h2|text_align:center&#8221;][vc_row_inner css=&#8221;.vc_custom_1564584451772{margin-bottom: 0px !important;padding-bottom: 0px !important;}&#8221;][vc_column_inner][vc_column_text css=&#8221;.vc_custom_1565690424197{margin-bottom: 0px !important;padding-bottom: 0px !important;}&#8221;] Pe\u00e7as \u00fanicas de um [&hellip;]<\/p>\n","protected":false},"author":1,"featured_media":0,"parent":0,"menu_order":0,"comment_status":"closed","ping_status":"closed","template":"","meta":{"_monsterinsights_skip_tracking":false,"_monsterinsights_sitenote_active":false,"_monsterinsights_sitenote_note":"","_monsterinsights_sitenote_category":0},"yoast_head":"<!-- This site is optimized with the Yoast SEO plugin v20.6 - https:\/\/yoast.com\/wordpress\/plugins\/seo\/ -->\n<title>Pure Lux - New Terracotta<\/title>\n<meta name=\"robots\" content=\"index, follow, max-snippet:-1, max-image-preview:large, max-video-preview:-1\" \/>\n<link rel=\"canonical\" href=\"https:\/\/newterracotta.com\/pt-pt\/pure-lux\/\" \/>\n<meta property=\"og:locale\" content=\"pt_PT\" \/>\n<meta property=\"og:type\" content=\"article\" \/>\n<meta property=\"og:title\" content=\"Pure Lux - New Terracotta\" \/>\n<meta property=\"og:description\" content=\"[vc_row gap=&#8221;&#8221; css=&#8221;.vc_custom_1564584468448{margin-top: 60px !important;margin-bottom: 0px !important;}&#8221; el_class=&#8221;purelux-page&#8221;][vc_column css=&#8221;.vc_custom_1555456621621{margin-top: 30px !important;margin-bottom: 30px !important;}&#8221;][vc_custom_heading text=&#8221;PURE LUX&#8221; font_container=&#8221;tag:h2|text_align:center&#8221;][vc_row_inner css=&#8221;.vc_custom_1564584451772{margin-bottom: 0px !important;padding-bottom: 0px !important;}&#8221;][vc_column_inner][vc_column_text css=&#8221;.vc_custom_1565690424197{margin-bottom: 0px !important;padding-bottom: 0px !important;}&#8221;] Pe\u00e7as \u00fanicas de um [&hellip;]\" \/>\n<meta property=\"og:url\" content=\"https:\/\/newterracotta.com\/pt-pt\/pure-lux\/\" \/>\n<meta property=\"og:site_name\" content=\"New Terracotta\" \/>\n<meta property=\"article:modified_time\" content=\"2019-09-12T11:05:51+00:00\" \/>\n<meta name=\"twitter:card\" content=\"summary_large_image\" \/>\n<meta name=\"twitter:label1\" content=\"Tempo estimado de leitura\" \/>\n\t<meta name=\"twitter:data1\" content=\"3 minutos\" \/>\n<script type=\"application\/ld+json\" class=\"yoast-schema-graph\">{\"@context\":\"https:\/\/schema.org\",\"@graph\":[{\"@type\":\"WebPage\",\"@id\":\"https:\/\/newterracotta.com\/pt-pt\/pure-lux\/\",\"url\":\"https:\/\/newterracotta.com\/pt-pt\/pure-lux\/\",\"name\":\"Pure Lux - New Terracotta\",\"isPartOf\":{\"@id\":\"https:\/\/newterracotta.com\/#website\"},\"datePublished\":\"2019-08-13T09:58:47+00:00\",\"dateModified\":\"2019-09-12T11:05:51+00:00\",\"inLanguage\":\"pt-PT\",\"potentialAction\":[{\"@type\":\"ReadAction\",\"target\":[\"https:\/\/newterracotta.com\/pt-pt\/pure-lux\/\"]}]},{\"@type\":\"WebSite\",\"@id\":\"https:\/\/newterracotta.com\/#website\",\"url\":\"https:\/\/newterracotta.com\/\",\"name\":\"New Terracotta\",\"description\":\"Portuguese Handmade\",\"potentialAction\":[{\"@type\":\"SearchAction\",\"target\":{\"@type\":\"EntryPoint\",\"urlTemplate\":\"https:\/\/newterracotta.com\/?s={search_term_string}\"},\"query-input\":\"required name=search_term_string\"}],\"inLanguage\":\"pt-PT\"}]}<\/script>\n<!-- \/ Yoast SEO plugin. -->","yoast_head_json":{"title":"Pure Lux - New Terracotta","robots":{"index":"index","follow":"follow","max-snippet":"max-snippet:-1","max-image-preview":"max-image-preview:large","max-video-preview":"max-video-preview:-1"},"canonical":"https:\/\/newterracotta.com\/pt-pt\/pure-lux\/","og_locale":"pt_PT","og_type":"article","og_title":"Pure Lux - New Terracotta","og_description":"[vc_row gap=&#8221;&#8221; css=&#8221;.vc_custom_1564584468448{margin-top: 60px !important;margin-bottom: 0px !important;}&#8221; el_class=&#8221;purelux-page&#8221;][vc_column css=&#8221;.vc_custom_1555456621621{margin-top: 30px !important;margin-bottom: 30px !important;}&#8221;][vc_custom_heading text=&#8221;PURE LUX&#8221; font_container=&#8221;tag:h2|text_align:center&#8221;][vc_row_inner css=&#8221;.vc_custom_1564584451772{margin-bottom: 0px !important;padding-bottom: 0px !important;}&#8221;][vc_column_inner][vc_column_text css=&#8221;.vc_custom_1565690424197{margin-bottom: 0px !important;padding-bottom: 0px !important;}&#8221;] Pe\u00e7as \u00fanicas de um [&hellip;]","og_url":"https:\/\/newterracotta.com\/pt-pt\/pure-lux\/","og_site_name":"New Terracotta","article_modified_time":"2019-09-12T11:05:51+00:00","twitter_card":"summary_large_image","twitter_misc":{"Tempo estimado de leitura":"3 minutos"},"schema":{"@context":"https:\/\/schema.org","@graph":[{"@type":"WebPage","@id":"https:\/\/newterracotta.com\/pt-pt\/pure-lux\/","url":"https:\/\/newterracotta.com\/pt-pt\/pure-lux\/","name":"Pure Lux - New Terracotta","isPartOf":{"@id":"https:\/\/newterracotta.com\/#website"},"datePublished":"2019-08-13T09:58:47+00:00","dateModified":"2019-09-12T11:05:51+00:00","inLanguage":"pt-PT","potentialAction":[{"@type":"ReadAction","target":["https:\/\/newterracotta.com\/pt-pt\/pure-lux\/"]}]},{"@type":"WebSite","@id":"https:\/\/newterracotta.com\/#website","url":"https:\/\/newterracotta.com\/","name":"New Terracotta","description":"Portuguese Handmade","potentialAction":[{"@type":"SearchAction","target":{"@type":"EntryPoint","urlTemplate":"https:\/\/newterracotta.com\/?s={search_term_string}"},"query-input":"required name=search_term_string"}],"inLanguage":"pt-PT"}]}},"_links":{"self":[{"href":"https:\/\/newterracotta.com\/pt-pt\/wp-json\/wp\/v2\/pages\/10910"}],"collection":[{"href":"https:\/\/newterracotta.com\/pt-pt\/wp-json\/wp\/v2\/pages"}],"about":[{"href":"https:\/\/newterracotta.com\/pt-pt\/wp-json\/wp\/v2\/types\/page"}],"author":[{"embeddable":true,"href":"https:\/\/newterracotta.com\/pt-pt\/wp-json\/wp\/v2\/users\/1"}],"replies":[{"embeddable":true,"href":"https:\/\/newterracotta.com\/pt-pt\/wp-json\/wp\/v2\/comments?post=10910"}],"version-history":[{"count":6,"href":"https:\/\/newterracotta.com\/pt-pt\/wp-json\/wp\/v2\/pages\/10910\/revisions"}],"predecessor-version":[{"id":18053,"href":"https:\/\/newterracotta.com\/pt-pt\/wp-json\/wp\/v2\/pages\/10910\/revisions\/18053"}],"wp:attachment":[{"href":"https:\/\/newterracotta.com\/pt-pt\/wp-json\/wp\/v2\/media?parent=10910"}],"curies":[{"name":"wp","href":"https:\/\/api.w.org\/{rel}","templated":true}]}}