{"id":10981,"date":"2019-08-13T10:44:22","date_gmt":"2019-08-13T10:44:22","guid":{"rendered":"http:\/\/newterracotta.com\/?page_id=10981"},"modified":"2022-12-19T19:24:44","modified_gmt":"2022-12-19T19:24:44","slug":"we-are-new-terracotta","status":"publish","type":"page","link":"https:\/\/newterracotta.com\/pt-pt\/we-are-new-terracotta\/","title":{"rendered":"Somos a New Terracotta"},"content":{"rendered":"<p>[vc_row full_width=&#8221;stretch_row&#8221; gap=&#8221;&#8221; el_class=&#8221;fundoDestaqueImg fundoDestaqueImgEsp&#8221; css=&#8221;.vc_custom_1664289400852{background-image: url(https:\/\/newterracotta.com\/wp-content\/uploads\/2022\/08\/slider_about_weare_newterracotta.png?id=44042) !important;background-position: center !important;background-repeat: no-repeat !important;background-size: cover !important;}&#8221;][vc_column][vc_row_inner][vc_column_inner][vc_column_text el_class=&#8221;cxDestaque cxBranca&#8221;]<\/p>\n<h1>Somos a New Terracotta<\/h1>\n<h3>Simplicidade sofisticada executada de forma pura<\/h3>\n<p>[\/vc_column_text][\/vc_column_inner][\/vc_row_inner][\/vc_column][\/vc_row][vc_row full_width=&#8221;stretch_row_content_no_spaces&#8221; gap=&#8221;&#8221; css=&#8221;.vc_custom_1661531462977{padding-right: 8% !important;padding-left: 8% !important;}&#8221;][vc_column][vc_row_inner el_class=&#8221;we-believe-extra-texto susten-bl-1 susten-bl-3&#8243;][vc_column_inner][vc_empty_space height=&#8221;100px&#8221;][vc_column_text]<\/p>\n<h2 class=\"desc-titulo-cor\"><b>Somos produtores<\/b> de azulejos artesanais numa f\u00e1brica \u00e0 escala humana, nem demasiado grande, nem demasiado pequena. Vemo-nos como um projeto art\u00edstico que combina tecnologia, artesanato e experimenta\u00e7\u00e3o numa f\u00e1brica extraordin\u00e1ria e flex\u00edvel, onde cada produto \u00e9 feito \u00e0 medida.<\/h2>\n<p>[\/vc_column_text][vc_empty_space height=&#8221;100px&#8221;][\/vc_column_inner][\/vc_row_inner][\/vc_column][\/vc_row][vc_row full_width=&#8221;stretch_row_content_no_spaces&#8221; gap=&#8221;&#8221; css=&#8221;.vc_custom_1661531816604{padding-right: 12% !important;padding-left: 12% !important;}&#8221;][vc_column][vc_row_inner el_class=&#8221;we-believe-extra-texto susten-bl-1 susten-bl-3&#8243;][vc_column_inner][vc_single_image image=&#8221;54664&#8243; img_size=&#8221;full&#8221;][vc_empty_space height=&#8221;100px&#8221;][\/vc_column_inner][\/vc_row_inner][vc_row_inner el_class=&#8221;we-believe-extra-texto susten-bl-1 susten-bl-3&#8243;][vc_column_inner][vc_column_text]<\/p>\n<h2 class=\"desc-titulo-cor\"><b>A ess\u00eancia.<\/b> A New Terracotta \u00e9 um projeto de cer\u00e2mica artesanal profundamente portugu\u00eas. A premissa \u00e9 simples: fundir as t\u00e9cnicas ancestrais com est\u00e9tica contempor\u00e2nea, oferecendo uma nova dimens\u00e3o do azulejo.<\/h2>\n<p>[\/vc_column_text][vc_separator color=&#8221;black&#8221; align=&#8221;align_left&#8221; border_width=&#8221;5&#8243; el_width=&#8221;20&#8243;][vc_empty_space height=&#8221;100px&#8221;][\/vc_column_inner][\/vc_row_inner][\/vc_column][\/vc_row][vc_row full_width=&#8221;stretch_row_content_no_spaces&#8221; gap=&#8221;&#8221; css=&#8221;.vc_custom_1663602879855{background-position: center !important;background-repeat: no-repeat !important;background-size: cover !important;}&#8221;][vc_column][vc_single_image image=&#8221;54670&#8243; img_size=&#8221;full&#8221; alignment=&#8221;center&#8221; el_id=&#8221;imagemFull&#8221;][\/vc_column][\/vc_row][vc_row full_width=&#8221;stretch_row_content_no_spaces&#8221; gap=&#8221;&#8221; css=&#8221;.vc_custom_1661539456059{padding-right: 12% !important;padding-left: 12% !important;}&#8221;][vc_column][vc_row_inner el_class=&#8221;we-believe-extra-texto susten-bl-1 susten-bl-3&#8243;][vc_column_inner][vc_empty_space height=&#8221;100px&#8221;][vc_column_text]<\/p>\n<h2 class=\"desc-titulo-cor\"><b>Os nossos valores.<\/b><\/h2>\n<h2 class=\"desc-titulo-cor\">Na New Terracotta, somos a favor de pe\u00e7as artesanais impec\u00e1veis e de design intemporal.<\/h2>\n<p>[\/vc_column_text][vc_separator color=&#8221;black&#8221; align=&#8221;align_left&#8221; border_width=&#8221;5&#8243; el_width=&#8221;20&#8243;][vc_empty_space height=&#8221;50px&#8221;][\/vc_column_inner][\/vc_row_inner][\/vc_column][\/vc_row][vc_row full_width=&#8221;stretch_row_content_no_spaces&#8221; gap=&#8221;&#8221; css=&#8221;.vc_custom_1661539493986{padding-right: 12% !important;padding-left: 12% !important;}&#8221;][vc_column][vc_row_inner gap=&#8221;35&#8243; el_class=&#8221;we-believe-extra-texto susten-bl-1 susten-bl-6 corrige-gap&#8221;][vc_column_inner width=&#8221;1\/3&#8243;][vc_column_text]<\/p>\n<h3 class=\"desc-titulo-cor\">Simplicidade.<\/h3>\n<p>Somos curadores do naturalismo.<br \/>\nValorizamos a simplicidade nos nossos azulejos e, por vezes, procuramos at\u00e9 a imperfei\u00e7\u00e3o.[\/vc_column_text][\/vc_column_inner][vc_column_inner width=&#8221;1\/3&#8243;][vc_column_text]<\/p>\n<h3 class=\"desc-titulo-cor\">Orgulho nas origens.<\/h3>\n<p>Somos curadores da hist\u00f3ria.<br \/>\nApostamos na preserva\u00e7\u00e3o do legado artesanal, pois somos herdeiros de um passado rico, assente na tradi\u00e7\u00e3o cer\u00e2mica.[\/vc_column_text][\/vc_column_inner][vc_column_inner width=&#8221;1\/3&#8243;][vc_column_text]<\/p>\n<h3 class=\"desc-titulo-cor\">Produ\u00e7\u00e3o extraordin\u00e1ria.<\/h3>\n<p>Somos curadores da qualidade.<br \/>\nOrgulhamo-nos da nossa aten\u00e7\u00e3o ao detalhe e tudo fazemos para assegurar que os nossos azulejos sejam verdadeiramente \u00fanicos.[\/vc_column_text][\/vc_column_inner][\/vc_row_inner][\/vc_column][\/vc_row][vc_row full_width=&#8221;stretch_row_content_no_spaces&#8221; gap=&#8221;&#8221; css=&#8221;.vc_custom_1661539502354{padding-right: 12% !important;padding-left: 12% !important;}&#8221;][vc_column][vc_row_inner el_class=&#8221;we-believe-extra-texto susten-bl-1 susten-bl-3&#8243;][vc_column_inner][vc_empty_space height=&#8221;100px&#8221;][vc_column_text]<\/p>\n<h2 class=\"desc-titulo-cor\"><b>Voca\u00e7\u00e3o.<\/b><\/h2>\n<h2 class=\"desc-titulo-cor\">Manter-nos-emos fi\u00e9is ao nosso modelo artesanal e aos nossos valores humanistas. A liberdade criativa, a busca constante por design belo e o compromisso com a preserva\u00e7\u00e3o da arte, assegurando a transmiss\u00e3o de know-how, forjam a singularidade da New Terracotta. A nossa voca\u00e7\u00e3o \u00e9 criar cer\u00e2mica bela, perfeitamente imperfeita, contempor\u00e2nea, mas intemporal.<\/h2>\n<p>[\/vc_column_text][vc_separator color=&#8221;black&#8221; align=&#8221;align_left&#8221; border_width=&#8221;5&#8243; el_width=&#8221;20&#8243;][vc_empty_space height=&#8221;100px&#8221;][\/vc_column_inner][\/vc_row_inner][\/vc_column][\/vc_row][vc_row full_width=&#8221;stretch_row_content_no_spaces&#8221; gap=&#8221;&#8221; css=&#8221;.vc_custom_1661539511756{padding-right: 16% !important;padding-left: 16% !important;}&#8221;][vc_column][vc_row_inner][vc_column_inner][vc_images_carousel images=&#8221;43912,43918,43924,43930,43936,43942,43948,43954,43960,43966,43972&#8243; img_size=&#8221;full&#8221; autoplay=&#8221;yes&#8221; hide_pagination_control=&#8221;yes&#8221; wrap=&#8221;yes&#8221;][\/vc_column_inner][\/vc_row_inner][\/vc_column][\/vc_row][vc_row full_width=&#8221;stretch_row_content_no_spaces&#8221; gap=&#8221;&#8221; css=&#8221;.vc_custom_1661539519675{padding-right: 12% !important;padding-left: 12% !important;}&#8221;][vc_column][vc_row_inner el_class=&#8221;we-believe-extra-texto susten-bl-1 susten-bl-3&#8243;][vc_column_inner][vc_empty_space height=&#8221;100px&#8221;][vc_column_text]<\/p>\n<h2 class=\"desc-titulo-cor\"><b>Artes\u00e3os contempor\u00e2neos desde 2014.<\/b><\/h2>\n<h2 class=\"desc-titulo-cor\">Esta empresa familiar cresceu muito desde a sua cria\u00e7\u00e3o, em 2014, em Mort\u00e1gua, quando o barro local era moldado por dois artes\u00e3os com ferramentas simples num espa\u00e7o de alguns metros quadrados. Hoje em dia, a New Terracotta tem instala\u00e7\u00f5es com mais de 7000 metros quadrados, onde inovadora maquinaria de desenho pr\u00f3prio simplifica um pouco o processo. Ainda assim, s\u00e3o o toque humano e a paix\u00e3o pela terracota que asseguram a qualidade e a alma dos produtos da New Terracotta.<\/h2>\n<p>[\/vc_column_text][vc_separator color=&#8221;black&#8221; align=&#8221;align_left&#8221; border_width=&#8221;5&#8243; el_width=&#8221;20&#8243;][vc_empty_space height=&#8221;100px&#8221;][\/vc_column_inner][\/vc_row_inner][\/vc_column][\/vc_row][vc_row full_width=&#8221;stretch_row_content_no_spaces&#8221; gap=&#8221;&#8221; css=&#8221;.vc_custom_1661532595531{background-position: center !important;background-repeat: no-repeat !important;background-size: cover !important;}&#8221;][vc_column width=&#8221;1\/4&#8243;][\/vc_column][vc_column width=&#8221;3\/4&#8243;][vc_single_image image=&#8221;43999&#8243; img_size=&#8221;full&#8221; alignment=&#8221;right&#8221;][vc_empty_space height=&#8221;100px&#8221;][\/vc_column][\/vc_row][vc_row full_width=&#8221;stretch_row_content_no_spaces&#8221; gap=&#8221;&#8221; css=&#8221;.vc_custom_1661539536034{padding-right: 12% !important;padding-left: 12% !important;}&#8221; el_class=&#8221;we-fundo-verde&#8221;][vc_column][vc_row_inner el_class=&#8221;we-believe-extra-texto susten-bl-1 susten-bl-3&#8243;][vc_column_inner][vc_empty_space height=&#8221;100px&#8221;][vc_column_text]<\/p>\n<h2 class=\"desc-titulo-cor\"><b>Os nossos colaboradores.<\/b><\/h2>\n<p>Os nossos colaboradores constituem o nosso elemento diferenciador.<br \/>\nAcreditamos que um talento extraordin\u00e1rio produzir\u00e1 um trabalho extraordin\u00e1rio, motivo pelo qual investimos nas pessoas e lhes damos a oportunidade de brilhar.[\/vc_column_text][vc_separator color=&#8221;black&#8221; align=&#8221;align_left&#8221; border_width=&#8221;5&#8243; el_width=&#8221;20&#8243;][vc_empty_space height=&#8221;100px&#8221;][\/vc_column_inner][\/vc_row_inner][vc_row_inner css=&#8221;.vc_custom_1661540256018{margin-right: -11% !important;}&#8221;][vc_column_inner][vc_single_image image=&#8221;43900&#8243; img_size=&#8221;full&#8221;][\/vc_column_inner][\/vc_row_inner][vc_row_inner el_class=&#8221;we-believe-extra-texto susten-bl-1 susten-bl-6&#8243;][vc_column_inner width=&#8221;2\/6&#8243;][\/vc_column_inner][vc_column_inner width=&#8221;4\/6&#8243;][vc_empty_space height=&#8221;15px&#8221;][vc_column_text]<\/p>\n<h3 style=\"text-align: left;\">Encorajamos a curiosidade e a vis\u00e3o.<\/h3>\n<p>Criamos experi\u00eancias estimulantes.<br \/>\nVamos al\u00e9m da zona de conforto.<br \/>\nCorremos riscos para criar avan\u00e7os.[\/vc_column_text][vc_empty_space height=&#8221;50px&#8221;][\/vc_column_inner][\/vc_row_inner][\/vc_column][\/vc_row][vc_row full_width=&#8221;stretch_row_content_no_spaces&#8221; gap=&#8221;&#8221; css=&#8221;.vc_custom_1661539544319{padding-right: 12% !important;padding-left: 12% !important;}&#8221;][vc_column][vc_row_inner el_class=&#8221;we-believe-extra-texto susten-bl-1 susten-bl-3 susten-bl-1-extra-bold&#8221;][vc_column_inner][vc_empty_space height=&#8221;100px&#8221;][vc_column_text]<\/p>\n<h2 class=\"desc-titulo-cor\" style=\"text-align: left;\"><b>Todos os nossos colaboradores<br \/>\n<\/b><b> s\u00e3o <\/b><b>embaixadores da marca<br \/>\n<\/b><b>e cada <\/b><b>membro \u00e9 formado com<br \/>\n<\/b><b>foco nos <\/b><b>valores da empresa e<br \/>\num <\/b><b>profundo conhecimento<br \/>\n<\/b><b>dos m\u00e9todos artesanais.<br \/>\n<\/b><\/h2>\n<p>&nbsp;<\/p>\n<h2 class=\"desc-titulo-cor\">Queremos que os nossos colaboradores sejam apaixonados pela nossa marca e que esta paix\u00e3o se demonstre tanto nos produtos que fazemos, quanto na experi\u00eancia de estilo de vida que oferecemos.<\/h2>\n<p>[\/vc_column_text][vc_separator color=&#8221;black&#8221; align=&#8221;align_left&#8221; border_width=&#8221;10&#8243; el_width=&#8221;20&#8243;][vc_empty_space height=&#8221;100px&#8221;][\/vc_column_inner][\/vc_row_inner][\/vc_column][\/vc_row][vc_row full_width=&#8221;stretch_row_content_no_spaces&#8221; gap=&#8221;&#8221;][vc_column][vc_row_inner el_class=&#8221;we-mansory-1&#8243; css=&#8221;.vc_custom_1661539667981{margin-bottom: 0px !important;}&#8221;][vc_column_inner][vc_raw_html]JTNDaW1nJTIwY2xhc3MlM0QlMjJhbGlnbm5vbmUlMjBzaXplLWZ1bGwlMjB3cC1pbWFnZS00NDAwMCUyMiUyMHNyYyUzRCUyMmh0dHBzJTNBJTJGJTJGbmV3dGVycmFjb3R0YS5jb20lMkZ3cC1jb250ZW50JTJGdXBsb2FkcyUyRjIwMjIlMkYwOCUyRmZvdG9zX2Fib3V0X3dlYXJlX25ld3RlcnJhY290dGEtMDUucG5nJTIyJTIwYWx0JTNEJTIyJTIyJTIwd2lkdGglM0QlMjIyMzElMjIlMjBoZWlnaHQlM0QlMjIzMjUlMjIlMjAlMkYlM0UlM0NpbWclMjBjbGFzcyUzRCUyMmFsaWdubm9uZSUyMHNpemUtZnVsbCUyMHdwLWltYWdlLTQzODIzJTIyJTIwc3JjJTNEJTIyaHR0cHMlM0ElMkYlMkZuZXd0ZXJyYWNvdHRhLmNvbSUyRndwLWNvbnRlbnQlMkZ1cGxvYWRzJTJGMjAyMiUyRjA4JTJGTldULUFib3V0LVdlLWFyZS1OZXctVGVycmFjb3R0YS1CcmFuZC1BbWJhc3NhZG9yLUNsYXkuanBnJTIyJTIwYWx0JTNEJTIyJTIyJTIwd2lkdGglM0QlMjIxNDg5JTIyJTIwaGVpZ2h0JTNEJTIyMTAwMCUyMiUyMCUyRiUzRSUzQ2ltZyUyMGNsYXNzJTNEJTIyYWxpZ25ub25lJTIwc2l6ZS1mdWxsJTIwd3AtaW1hZ2UtNDQwMDYlMjIlMjBzcmMlM0QlMjJodHRwcyUzQSUyRiUyRm5ld3RlcnJhY290dGEuY29tJTJGd3AtY29udGVudCUyRnVwbG9hZHMlMkYyMDIyJTJGMDglMkZmb3Rvc19hYm91dF93ZWFyZV9uZXd0ZXJyYWNvdHRhLTA2LnBuZyUyMiUyMGFsdCUzRCUyMiUyMiUyMHdpZHRoJTNEJTIyMjMxJTIyJTIwaGVpZ2h0JTNEJTIyMzI1JTIyJTIwJTJGJTNFJTNDaW1nJTIwY2xhc3MlM0QlMjJhbGlnbm5vbmUlMjBzaXplLWZ1bGwlMjB3cC1pbWFnZS00NDAxMiUyMiUyMHNyYyUzRCUyMmh0dHBzJTNBJTJGJTJGbmV3dGVycmFjb3R0YS5jb20lMkZ3cC1jb250ZW50JTJGdXBsb2FkcyUyRjIwMjIlMkYwOCUyRmZvdG9zX2Fib3V0X3dlYXJlX25ld3RlcnJhY290dGEtMDcucG5nJTIyJTIwYWx0JTNEJTIyJTIyJTIwd2lkdGglM0QlMjIyMzElMjIlMjBoZWlnaHQlM0QlMjIzMjUlMjIlMjAlMkYlM0U=[\/vc_raw_html][\/vc_column_inner][\/vc_row_inner][vc_row_inner el_class=&#8221;we-mansory-2&#8243; css=&#8221;.vc_custom_1661539673316{margin-bottom: 0px !important;}&#8221;][vc_column_inner][vc_raw_html]JTNDaW1nJTIwY2xhc3MlM0QlMjJhbGlnbm5vbmUlMjBzaXplLWZ1bGwlMjB3cC1pbWFnZS00Mzg2NSUyMiUyMHNyYyUzRCUyMmh0dHBzJTNBJTJGJTJGbmV3dGVycmFjb3R0YS5jb20lMkZ3cC1jb250ZW50JTJGdXBsb2FkcyUyRjIwMjIlMkYwOCUyRk5XVC1BYm91dC1XZS1hcmUtTmV3LVRlcnJhY290dGEtQnJhbmQtQW1iYXNzYWRvci1Nb3VsZGluZy5qcGclMjIlMjBhbHQlM0QlMjIlMjIlMjB3aWR0aCUzRCUyMjE0ODklMjIlMjBoZWlnaHQlM0QlMjIxMDAwJTIyJTIwJTJGJTNFJTNDaW1nJTIwY2xhc3MlM0QlMjJhbGlnbm5vbmUlMjBzaXplLWZ1bGwlMjB3cC1pbWFnZS00NDAxOCUyMiUyMHNyYyUzRCUyMmh0dHBzJTNBJTJGJTJGbmV3dGVycmFjb3R0YS5jb20lMkZ3cC1jb250ZW50JTJGdXBsb2FkcyUyRjIwMjIlMkYwOCUyRmZvdG9zX2Fib3V0X3dlYXJlX25ld3RlcnJhY290dGEtMDgucG5nJTIyJTIwYWx0JTNEJTIyJTIyJTIwd2lkdGglM0QlMjIyMzElMjIlMjBoZWlnaHQlM0QlMjIzMjUlMjIlMjAlMkYlM0UlM0NpbWclMjBjbGFzcyUzRCUyMmFsaWdubm9uZSUyMHNpemUtZnVsbCUyMHdwLWltYWdlLTQzODUzJTIyJTIwc3JjJTNEJTIyaHR0cHMlM0ElMkYlMkZuZXd0ZXJyYWNvdHRhLmNvbSUyRndwLWNvbnRlbnQlMkZ1cGxvYWRzJTJGMjAyMiUyRjA4JTJGTldULUFib3V0LVdlLWFyZS1OZXctVGVycmFjb3R0YS1CcmFuZC1BbWJhc3NhZG9yLU1vbGQuanBnJTIyJTIwYWx0JTNEJTIyJTIyJTIwd2lkdGglM0QlMjIxNDg5JTIyJTIwaGVpZ2h0JTNEJTIyMTAwMCUyMiUyMCUyRiUzRQ==[\/vc_raw_html][\/vc_column_inner][\/vc_row_inner][vc_row_inner el_class=&#8221;we-mansory-3&#8243; css=&#8221;.vc_custom_1661539678815{margin-bottom: 0px !important;}&#8221;][vc_column_inner][vc_raw_html]JTNDaW1nJTIwY2xhc3MlM0QlMjJhbGlnbm5vbmUlMjBzaXplLWZ1bGwlMjB3cC1pbWFnZS00NDAyNCUyMiUyMHNyYyUzRCUyMmh0dHBzJTNBJTJGJTJGbmV3dGVycmFjb3R0YS5jb20lMkZ3cC1jb250ZW50JTJGdXBsb2FkcyUyRjIwMjIlMkYwOCUyRmZvdG9zX2Fib3V0X3dlYXJlX25ld3RlcnJhY290dGEtMDkucG5nJTIyJTIwYWx0JTNEJTIyJTIyJTIwd2lkdGglM0QlMjIyMzElMjIlMjBoZWlnaHQlM0QlMjIzMjUlMjIlMjAlMkYlM0UlM0NpbWclMjBjbGFzcyUzRCUyMmFsaWdubm9uZSUyMHNpemUtZnVsbCUyMHdwLWltYWdlLTQ0MDMwJTIyJTIwc3JjJTNEJTIyaHR0cHMlM0ElMkYlMkZuZXd0ZXJyYWNvdHRhLmNvbSUyRndwLWNvbnRlbnQlMkZ1cGxvYWRzJTJGMjAyMiUyRjA4JTJGZm90b3NfYWJvdXRfd2VhcmVfbmV3dGVycmFjb3R0YS0xMC5wbmclMjIlMjBhbHQlM0QlMjIlMjIlMjB3aWR0aCUzRCUyMjIzMSUyMiUyMGhlaWdodCUzRCUyMjMyNSUyMiUyMCUyRiUzRSUzQ2ltZyUyMGNsYXNzJTNEJTIyYWxpZ25ub25lJTIwc2l6ZS1mdWxsJTIwd3AtaW1hZ2UtNDM4NDElMjIlMjBzcmMlM0QlMjJodHRwcyUzQSUyRiUyRm5ld3RlcnJhY290dGEuY29tJTJGd3AtY29udGVudCUyRnVwbG9hZHMlMkYyMDIyJTJGMDglMkZOV1QtQWJvdXQtV2UtYXJlLU5ldy1UZXJyYWNvdHRhLUJyYW5kLUFtYmFzc2Fkb3ItSGFuZC1HbGF6ZS5qcGclMjIlMjBhbHQlM0QlMjIlMjIlMjB3aWR0aCUzRCUyMjE0ODklMjIlMjBoZWlnaHQlM0QlMjIxMDAwJTIyJTIwJTJGJTNFJTNDaW1nJTIwY2xhc3MlM0QlMjJhbGlnbm5vbmUlMjBzaXplLWZ1bGwlMjB3cC1pbWFnZS00NDAzNiUyMiUyMHNyYyUzRCUyMmh0dHBzJTNBJTJGJTJGbmV3dGVycmFjb3R0YS5jb20lMkZ3cC1jb250ZW50JTJGdXBsb2FkcyUyRjIwMjIlMkYwOCUyRmZvdG9zX2Fib3V0X3dlYXJlX25ld3RlcnJhY290dGEtMTEucG5nJTIyJTIwYWx0JTNEJTIyJTIyJTIwd2lkdGglM0QlMjIyMzElMjIlMjBoZWlnaHQlM0QlMjIzMjUlMjIlMjAlMkYlM0U=[\/vc_raw_html][\/vc_column_inner][\/vc_row_inner][\/vc_column][\/vc_row][vc_row full_width=&#8221;stretch_row_content_no_spaces&#8221; gap=&#8221;&#8221; css=&#8221;.vc_custom_1661539608191{padding-right: 12% !important;padding-left: 12% !important;}&#8221;][vc_column][vc_row_inner el_class=&#8221;we-believe-extra-texto susten-bl-1 susten-bl-3&#8243;][vc_column_inner][vc_empty_space height=&#8221;100px&#8221;][vc_column_text]<\/p>\n<h2 class=\"desc-titulo-cor\"><b>A New Terracotta em n\u00fameros.<\/b><\/h2>\n<p>[\/vc_column_text][vc_separator color=&#8221;black&#8221; align=&#8221;align_left&#8221; border_width=&#8221;3&#8243; el_width=&#8221;20&#8243;][vc_empty_space height=&#8221;100px&#8221;][\/vc_column_inner][\/vc_row_inner][vc_row_inner][vc_column_inner width=&#8221;1\/3&#8243;]<div class=\"style-ver piwo-counter text-center   conta-1 animate-text\" style=\"\" data-aos=\"\" data-aos-delay=\"0\"><div class=\"icon-value\" style=\"font-size: 72px; ;\"><p class=\"counter\" id=\"counter_69ef8f0e86f0a\" style=\"font-size: 72px; ; \" data-id=\"counter_69ef8f0e86f0a\" data-speed=\"3\" data-counter=\"1448\" data-decimal=\".\" data-separator=\"none\">0<\/p><\/div><div class=\"counter-text\" style=\"\"><h6 class=\"counter-title \">Vidrados desenvolvidos <\/h6><div class=\"counter-subtitle\"><\/div><\/div><\/div><div class=\"style-ver piwo-counter text-center   conta-2 animate-text\" style=\"\" data-aos=\"\" data-aos-delay=\"0\"><div class=\"icon-value\" style=\"font-size: 72px; ;\"><p class=\"counter\" id=\"counter_69ef8f0e86f7b\" style=\"font-size: 72px; ; \" data-id=\"counter_69ef8f0e86f7b\" data-speed=\"3\" data-counter=\"25000\" data-decimal=\".\" data-separator=\"none\">0<\/p><\/div><div class=\"counter-text\" style=\"\"><h6 class=\"counter-title \">Amostras enviadas <\/h6><div class=\"counter-subtitle\"><\/div><\/div><\/div>[\/vc_column_inner][vc_column_inner width=&#8221;1\/3&#8243;]<div class=\"style-ver piwo-counter text-center   conta-3 animate-text\" style=\"\" data-aos=\"\" data-aos-delay=\"0\"><div class=\"icon-value\" style=\"font-size: 72px; ;\"><p class=\"counter\" id=\"counter_69ef8f0e86fae\" style=\"font-size: 72px; ; \" data-id=\"counter_69ef8f0e86fae\" data-speed=\"3\" data-counter=\"61\" data-decimal=\".\" data-separator=\"none\">0<\/p><\/div><div class=\"counter-text\" style=\"\"><h6 class=\"counter-title \">Pa\u00edses onde temos projetos <\/h6><div class=\"counter-subtitle\"><\/div><\/div><\/div><div class=\"style-ver piwo-counter text-center   conta-4 animate-text\" style=\"\" data-aos=\"\" data-aos-delay=\"0\"><div class=\"icon-value\" style=\"font-size: 72px; ;\"><p class=\"counter\" id=\"counter_69ef8f0e86fdc\" style=\"font-size: 72px; ; \" data-id=\"counter_69ef8f0e86fdc\" data-speed=\"3\" data-counter=\"180\" data-decimal=\".\" data-separator=\"none\">0<\/p><\/div><div class=\"counter-text\" style=\"\"><h6 class=\"counter-title \">M\u00e3os a trabalhar <\/h6><div class=\"counter-subtitle\"><\/div><\/div><\/div>[\/vc_column_inner][vc_column_inner width=&#8221;1\/3&#8243;]<div class=\"style-ver piwo-counter text-center   conta-5 animate-text\" style=\"\" data-aos=\"\" data-aos-delay=\"0\"><div class=\"icon-value\" style=\"font-size: 72px; ;\"><p class=\"counter\" id=\"counter_69ef8f0e87007\" style=\"font-size: 72px; ; \" data-id=\"counter_69ef8f0e87007\" data-speed=\"3\" data-counter=\"242\" data-decimal=\".\" data-separator=\"none\">0<\/p><\/div><div class=\"counter-text\" style=\"\"><h6 class=\"counter-title \">Projetos personalizados<\/h6><div class=\"counter-subtitle\"><\/div><\/div><\/div><div class=\"style-ver piwo-counter text-center   conta-6 animate-text\" style=\"\" data-aos=\"\" data-aos-delay=\"0\"><div class=\"icon-value\" style=\"font-size: 72px; ;\"><p class=\"counter\" id=\"counter_69ef8f0e87031\" style=\"font-size: 72px; ; \" data-id=\"counter_69ef8f0e87031\" data-speed=\"3\" data-counter=\"260000\" data-decimal=\".\" data-separator=\"none\">0<\/p><\/div><div class=\"counter-text\" style=\"\"><h6 class=\"counter-title \">km percorridos <\/h6><div class=\"counter-subtitle\"><\/div><\/div><\/div>[\/vc_column_inner][\/vc_row_inner][vc_empty_space height=&#8221;100px&#8221;][\/vc_column][\/vc_row][vc_row full_width=&#8221;stretch_row&#8221; gap=&#8221;&#8221; el_class=&#8221;lets-talk-bloco&#8221; css=&#8221;.vc_custom_1660062966586{margin-bottom: 0px !important;}&#8221;][vc_column width=&#8221;2\/3&#8243;][vc_custom_heading text=&#8221;Precisa de aconselhamento? &#8220;][vc_custom_heading text=&#8221;Estamos aqui para ajudar! &#8221; font_container=&#8221;tag:h3|text_align:left&#8221;][\/vc_column][vc_column width=&#8221;1\/3&#8243;][vc_column_text el_class=&#8221;letsLets&#8221;]<\/p>\n<h5 style=\"text-align: center;\"><a href=\"http:\/\/newterracotta.com\/contact-2\/\">Vamos Conversar.<\/a><\/h5>\n<p>[\/vc_column_text][\/vc_column][\/vc_row]<\/p>\n","protected":false},"excerpt":{"rendered":"<p>[vc_row full_width=&#8221;stretch_row&#8221; gap=&#8221;&#8221; el_class=&#8221;fundoDestaqueImg fundoDestaqueImgEsp&#8221; css=&#8221;.vc_custom_1664289400852{background-image: url(https:\/\/newterracotta.com\/wp-content\/uploads\/2022\/08\/slider_about_weare_newterracotta.png?id=44042) !important;background-position: center !important;background-repeat: no-repeat !important;background-size: cover !important;}&#8221;][vc_column][vc_row_inner][vc_column_inner][vc_column_text el_class=&#8221;cxDestaque cxBranca&#8221;] Somos a New Terracotta Simplicidade sofisticada executada de forma pura [\/vc_column_text][\/vc_column_inner][\/vc_row_inner][\/vc_column][\/vc_row][vc_row full_width=&#8221;stretch_row_content_no_spaces&#8221; gap=&#8221;&#8221; css=&#8221;.vc_custom_1661531462977{padding-right: [&hellip;]<\/p>\n","protected":false},"author":1,"featured_media":0,"parent":0,"menu_order":0,"comment_status":"closed","ping_status":"closed","template":"","meta":{"_monsterinsights_skip_tracking":false,"_monsterinsights_sitenote_active":false,"_monsterinsights_sitenote_note":"","_monsterinsights_sitenote_category":0},"yoast_head":"<!-- This site is optimized with the Yoast SEO plugin v20.6 - https:\/\/yoast.com\/wordpress\/plugins\/seo\/ -->\n<title>Somos a New Terracotta<\/title>\n<meta name=\"description\" content=\"New Terracotta \u00e9 um projecto de azulejaria e cer\u00e2mica artesanal profundamente portugu\u00eas.\" \/>\n<meta name=\"robots\" content=\"index, follow, max-snippet:-1, max-image-preview:large, max-video-preview:-1\" \/>\n<link rel=\"canonical\" href=\"https:\/\/newterracotta.com\/pt-pt\/we-are-new-terracotta\/\" \/>\n<meta property=\"og:locale\" content=\"pt_PT\" \/>\n<meta property=\"og:type\" content=\"article\" \/>\n<meta property=\"og:title\" content=\"Somos a New Terracotta\" \/>\n<meta property=\"og:description\" content=\"New Terracotta \u00e9 um projecto de azulejaria e cer\u00e2mica artesanal profundamente portugu\u00eas.\" \/>\n<meta property=\"og:url\" content=\"https:\/\/newterracotta.com\/pt-pt\/we-are-new-terracotta\/\" \/>\n<meta property=\"og:site_name\" content=\"New Terracotta\" \/>\n<meta property=\"article:modified_time\" content=\"2022-12-19T19:24:44+00:00\" \/>\n<meta name=\"twitter:card\" content=\"summary_large_image\" \/>\n<meta name=\"twitter:label1\" content=\"Tempo estimado de leitura\" \/>\n\t<meta name=\"twitter:data1\" content=\"4 minutos\" \/>\n<script type=\"application\/ld+json\" class=\"yoast-schema-graph\">{\"@context\":\"https:\/\/schema.org\",\"@graph\":[{\"@type\":\"WebPage\",\"@id\":\"https:\/\/newterracotta.com\/pt-pt\/we-are-new-terracotta\/\",\"url\":\"https:\/\/newterracotta.com\/pt-pt\/we-are-new-terracotta\/\",\"name\":\"Somos a New Terracotta\",\"isPartOf\":{\"@id\":\"https:\/\/newterracotta.com\/#website\"},\"datePublished\":\"2019-08-13T10:44:22+00:00\",\"dateModified\":\"2022-12-19T19:24:44+00:00\",\"description\":\"New Terracotta \u00e9 um projecto de azulejaria e cer\u00e2mica artesanal profundamente portugu\u00eas.\",\"inLanguage\":\"pt-PT\",\"potentialAction\":[{\"@type\":\"ReadAction\",\"target\":[\"https:\/\/newterracotta.com\/pt-pt\/we-are-new-terracotta\/\"]}]},{\"@type\":\"WebSite\",\"@id\":\"https:\/\/newterracotta.com\/#website\",\"url\":\"https:\/\/newterracotta.com\/\",\"name\":\"New Terracotta\",\"description\":\"Portuguese Handmade\",\"potentialAction\":[{\"@type\":\"SearchAction\",\"target\":{\"@type\":\"EntryPoint\",\"urlTemplate\":\"https:\/\/newterracotta.com\/?s={search_term_string}\"},\"query-input\":\"required name=search_term_string\"}],\"inLanguage\":\"pt-PT\"}]}<\/script>\n<!-- \/ Yoast SEO plugin. -->","yoast_head_json":{"title":"Somos a New Terracotta","description":"New Terracotta \u00e9 um projecto de azulejaria e cer\u00e2mica artesanal profundamente portugu\u00eas.","robots":{"index":"index","follow":"follow","max-snippet":"max-snippet:-1","max-image-preview":"max-image-preview:large","max-video-preview":"max-video-preview:-1"},"canonical":"https:\/\/newterracotta.com\/pt-pt\/we-are-new-terracotta\/","og_locale":"pt_PT","og_type":"article","og_title":"Somos a New Terracotta","og_description":"New Terracotta \u00e9 um projecto de azulejaria e cer\u00e2mica artesanal profundamente portugu\u00eas.","og_url":"https:\/\/newterracotta.com\/pt-pt\/we-are-new-terracotta\/","og_site_name":"New Terracotta","article_modified_time":"2022-12-19T19:24:44+00:00","twitter_card":"summary_large_image","twitter_misc":{"Tempo estimado de leitura":"4 minutos"},"schema":{"@context":"https:\/\/schema.org","@graph":[{"@type":"WebPage","@id":"https:\/\/newterracotta.com\/pt-pt\/we-are-new-terracotta\/","url":"https:\/\/newterracotta.com\/pt-pt\/we-are-new-terracotta\/","name":"Somos a New Terracotta","isPartOf":{"@id":"https:\/\/newterracotta.com\/#website"},"datePublished":"2019-08-13T10:44:22+00:00","dateModified":"2022-12-19T19:24:44+00:00","description":"New Terracotta \u00e9 um projecto de azulejaria e cer\u00e2mica artesanal profundamente portugu\u00eas.","inLanguage":"pt-PT","potentialAction":[{"@type":"ReadAction","target":["https:\/\/newterracotta.com\/pt-pt\/we-are-new-terracotta\/"]}]},{"@type":"WebSite","@id":"https:\/\/newterracotta.com\/#website","url":"https:\/\/newterracotta.com\/","name":"New Terracotta","description":"Portuguese Handmade","potentialAction":[{"@type":"SearchAction","target":{"@type":"EntryPoint","urlTemplate":"https:\/\/newterracotta.com\/?s={search_term_string}"},"query-input":"required name=search_term_string"}],"inLanguage":"pt-PT"}]}},"_links":{"self":[{"href":"https:\/\/newterracotta.com\/pt-pt\/wp-json\/wp\/v2\/pages\/10981"}],"collection":[{"href":"https:\/\/newterracotta.com\/pt-pt\/wp-json\/wp\/v2\/pages"}],"about":[{"href":"https:\/\/newterracotta.com\/pt-pt\/wp-json\/wp\/v2\/types\/page"}],"author":[{"embeddable":true,"href":"https:\/\/newterracotta.com\/pt-pt\/wp-json\/wp\/v2\/users\/1"}],"replies":[{"embeddable":true,"href":"https:\/\/newterracotta.com\/pt-pt\/wp-json\/wp\/v2\/comments?post=10981"}],"version-history":[{"count":54,"href":"https:\/\/newterracotta.com\/pt-pt\/wp-json\/wp\/v2\/pages\/10981\/revisions"}],"predecessor-version":[{"id":62830,"href":"https:\/\/newterracotta.com\/pt-pt\/wp-json\/wp\/v2\/pages\/10981\/revisions\/62830"}],"wp:attachment":[{"href":"https:\/\/newterracotta.com\/pt-pt\/wp-json\/wp\/v2\/media?parent=10981"}],"curies":[{"name":"wp","href":"https:\/\/api.w.org\/{rel}","templated":true}]}}