{"id":11045,"date":"2019-08-13T11:47:39","date_gmt":"2019-08-13T11:47:39","guid":{"rendered":"http:\/\/newterracotta.com\/?page_id=11045"},"modified":"2022-12-28T12:46:23","modified_gmt":"2022-12-28T12:46:23","slug":"about-responsability","status":"publish","type":"page","link":"https:\/\/newterracotta.com\/pt-pt\/about-responsability\/","title":{"rendered":"Sustentabilidade"},"content":{"rendered":"<p>[vc_row full_width=&#8221;stretch_row&#8221; gap=&#8221;&#8221; css=&#8221;.vc_custom_1664289473949{margin-bottom: 0px !important;background-image: url(https:\/\/newterracotta.com\/wp-content\/uploads\/2022\/09\/NWT-About-Sustainability.jpg?id=54099) !important;}&#8221; el_class=&#8221;fundoDestaqueImg susDestaque&#8221;][vc_column][vc_row_inner][vc_column_inner][vc_column_text el_class=&#8221;cxDestaque cxBranca&#8221;]<\/p>\n<h1>Sustentabilidade<\/h1>\n<h3>Preocupamo-nos com o planeta<\/h3>\n<p>[\/vc_column_text][\/vc_column_inner][\/vc_row_inner][\/vc_column][\/vc_row][vc_row full_width=&#8221;stretch_row_content_no_spaces&#8221; gap=&#8221;&#8221; css=&#8221;.vc_custom_1661523583485{margin-bottom: 0px !important;padding-right: 8% !important;padding-left: 8% !important;}&#8221;][vc_column][vc_row_inner el_class=&#8221;we-believe-extra-texto susten-bl-1&#8243;][vc_column_inner][vc_empty_space height=&#8221;100px&#8221;][vc_column_text]<\/p>\n<h3>Enquanto parte da sociedade, a New Terracotta quer contribuir para melhorar as vidas das gera\u00e7\u00f5es atuais e futuras.<\/h3>\n<p>Antes de mais, fabricando azulejos lindos de alta qualidade que garantidamente durar\u00e3o s\u00e9culos e, al\u00e9m disso, utilizando parte dos nossos lucros para contribuir para o bem-estar dos nossos colaboradores, comunidade e ambiente. O bem-estar empresarial tem sido parte do nosso espirito desde o primeiro dia. De facto, a sustentabilidade foi, na realidade, aquilo que levou os fundadores a criar uma f\u00e1brica de terracota ecol\u00f3gica 100 % artesanal numa \u00e1rea rural com reduzida densidade populacional no centro de Portugal.[\/vc_column_text][vc_empty_space height=&#8221;50px&#8221;][\/vc_column_inner][\/vc_row_inner][\/vc_column][\/vc_row][vc_row full_width=&#8221;stretch_row_content_no_spaces&#8221; gap=&#8221;&#8221; css=&#8221;.vc_custom_1661524113420{margin-bottom: 0px !important;padding-right: 14% !important;padding-left: 14% !important;}&#8221;][vc_column][vc_row_inner el_class=&#8221;we-believe-extra-texto susten-bl-1 susten-bl-2&#8243;][vc_column_inner][vc_column_text]<\/p>\n<h3>Sustentabilidade Social.<br \/>\nThe People Home Factory.<\/h3>\n<p>Na New Terracotta, um ambiente confort\u00e1vel, uma abordagem focada nas pessoas e um foco na integridade s\u00e3o aspetos centrais. Todos os nossos colaboradores s\u00e3o motivados e t\u00eam a oportunidade de desenvolver as suas capacidades at\u00e9 ao m\u00e1ximo do seu potencial e assumir responsabilidades. Estamos verdadeiramente empenhados em promover uma cultura inclusiva, na qual a diversidade \u00e9 reconhecida e valorizada.[\/vc_column_text][vc_separator color=&#8221;black&#8221; border_width=&#8221;3&#8243;][vc_empty_space height=&#8221;100px&#8221;][\/vc_column_inner][\/vc_row_inner][\/vc_column][\/vc_row][vc_row full_width=&#8221;stretch_row_content_no_spaces&#8221; gap=&#8221;&#8221; css=&#8221;.vc_custom_1661524315448{margin-bottom: 0px !important;padding-top: 10vh !important;padding-right: 14% !important;padding-bottom: 60vh !important;padding-left: 14% !important;background-image: url(https:\/\/newterracotta.com\/wp-content\/uploads\/2022\/08\/NWT-About-Sustainability-Pink-Factory.jpg?id=43582) !important;background-position: center !important;background-repeat: no-repeat !important;background-size: cover !important;}&#8221;][vc_column][vc_row_inner el_class=&#8221;we-believe-extra-texto susten-bl-1 susten-bl-3&#8243;][vc_column_inner][vc_column_text]<\/p>\n<h2 class=\"desc-titulo-cor\"><b>A f\u00e1brica cor-de-rosa na floresta que liga as pessoas \u00e0 natureza.<\/b><\/h2>\n<h2 class=\"desc-titulo-cor\">Os nossos 90 colaboradores s\u00e3o embaixadores ativos, que moldam o seu pr\u00f3prio futuro num ambiente estimulante, seguro, saud\u00e1vel e bonito com o m\u00ednimo stress. A floresta verdejante que recebe os visitantes da f\u00e1brica da New Terracotta contrasta com o resto dos parques industriais.<\/h2>\n<p>[\/vc_column_text][vc_separator color=&#8221;black&#8221; align=&#8221;align_left&#8221; border_width=&#8221;6&#8243; el_width=&#8221;20&#8243;][\/vc_column_inner][\/vc_row_inner][\/vc_column][\/vc_row][vc_row full_width=&#8221;stretch_row_content_no_spaces&#8221; gap=&#8221;&#8221; css=&#8221;.vc_custom_1661524391108{margin-bottom: 0px !important;padding-right: 12% !important;padding-left: 12% !important;background-position: center !important;background-repeat: no-repeat !important;background-size: cover !important;}&#8221;][vc_column][vc_row_inner el_class=&#8221;we-believe-extra-texto susten-bl-1 susten-bl-3&#8243;][vc_column_inner][vc_empty_space height=&#8221;100px&#8221;][vc_images_carousel images=&#8221;43557,43581,43575,43569,43563,43551,43545&#8243; img_size=&#8221;full&#8221; autoplay=&#8221;yes&#8221; hide_pagination_control=&#8221;yes&#8221; wrap=&#8221;yes&#8221;][vc_empty_space height=&#8221;30px&#8221;][\/vc_column_inner][\/vc_row_inner][\/vc_column][\/vc_row][vc_row full_width=&#8221;stretch_row_content_no_spaces&#8221; gap=&#8221;&#8221; css=&#8221;.vc_custom_1661524113420{margin-bottom: 0px !important;padding-right: 14% !important;padding-left: 14% !important;}&#8221;][vc_column][vc_row_inner el_class=&#8221;we-believe-extra-texto susten-bl-1 susten-bl-2&#8243;][vc_column_inner][vc_column_text]<\/p>\n<h3>Responsabilidade social empresarial.<br \/>\nFazer a diferen\u00e7a.<\/h3>\n<p>Desde a inaugura\u00e7\u00e3o da empresa em 2014, tem sido muito importante para n\u00f3s desempenhar um papel significativo no sentido de contribuir de forma positiva para a sociedade que nos rodeia.[\/vc_column_text][vc_separator color=&#8221;black&#8221; border_width=&#8221;3&#8243;][vc_empty_space height=&#8221;70px&#8221;][\/vc_column_inner][\/vc_row_inner][\/vc_column][\/vc_row][vc_row full_width=&#8221;stretch_row_content_no_spaces&#8221; gap=&#8221;&#8221; css=&#8221;.vc_custom_1661525577726{margin-bottom: 0px !important;padding-right: 14% !important;padding-left: 14% !important;}&#8221; el_class=&#8221;susten-bl-expecial&#8221;][vc_column][vc_row_inner el_class=&#8221;we-believe-extra-texto susten-bl-1 susten-bl-10&#8243;][vc_column_inner][vc_single_image image=&#8221;43533&#8243; img_size=&#8221;full&#8221;][\/vc_column_inner][\/vc_row_inner][vc_row_inner el_class=&#8221;we-believe-extra-texto susten-bl-1 susten-bl-6&#8243;][vc_column_inner width=&#8221;1\/2&#8243; css=&#8221;.vc_custom_1661525818662{padding-right: 15px !important;}&#8221;][vc_single_image image=&#8221;43527&#8243; img_size=&#8221;full&#8221;][vc_column_text el_class=&#8221;verdeverde&#8221;]<\/p>\n<h3>VERDE ACREDITAR.<br \/>\nA import\u00e2ncia de 33 600 azulejos.<\/h3>\n<p>A Acreditar \u00e9 uma Associa\u00e7\u00e3o nacional de refer\u00eancia na garantia dos direitos e na promo\u00e7\u00e3o da qualidade de vida na \u00e1rea da oncologia pedi\u00e1trica. Foi criada em 1994, com a miss\u00e3o de lidar com as altera\u00e7\u00f5es impostas pelo cancro infantil, proporcionando \u00e0s fam\u00edlias apoio num momento de incerteza.<\/p>\n<p>Presentemente, com quatro casas constru\u00eddas em Portugal (Lisboa, Funchal, Coimbra e Porto), a Casa Acreditar \u00e9 um espa\u00e7o privilegiado, totalmente dedicado a alojar crian\u00e7as em tratamento oncol\u00f3gico, bem como a sua fam\u00edlia mais chegada. \u00c9 um projeto que leva conforto, paz e um pouco de normalidade a estas vidas. A New Terracotta teve o privil\u00e9gio de dar uma pequena contribui\u00e7\u00e3o a esta grande institui\u00e7\u00e3o.[\/vc_column_text][vc_empty_space height=&#8221;50px&#8221;][\/vc_column_inner][vc_column_inner width=&#8221;1\/2&#8243; css=&#8221;.vc_custom_1661525825821{padding-left: 15px !important;}&#8221;][vc_single_image image=&#8221;43521&#8243; img_size=&#8221;full&#8221;][vc_column_text el_class=&#8221;verdeverde&#8221;]<\/p>\n<h3>Casa Acreditar Porto.<\/h3>\n<p>Este projeto em particular, a Casa Acreditar do Porto, com 4 pisos e 1707\u00a0m<sup>2<\/sup>, constru\u00edda num terreno adjacente ao IPO e pr\u00f3ximo do Hospital de S\u00e3o Jo\u00e3o, com capacidade para 16 fam\u00edlias, disp\u00f5e de 16 quartos com casa de banho privativa, 3 salas comuns (uma para pais, uma para crian\u00e7as e outra para jovens), uma cozinha comum com cinco m\u00f3dulos, lavandaria e \u00e1reas de recrea\u00e7\u00e3o exteriores.<\/p>\n<p>Desenhada pelo atelier ALA.rquitectos (na altura, Atelier do Cardoso), fomos abordados pelos arquitetos Mafalda Ribeiro Ambr\u00f3sio e Jo\u00e3o Gomes Leit\u00e3o no sentido de desenvolver um vidrado especial para a fachada exterior do edif\u00edcio. Dedic\u00e1mo-nos de corpo e alma a esta miss\u00e3o, criando um vidrado com matizes muito vari\u00e1veis que mimetizam os espa\u00e7os circundantes e a heterogeneidade das pr\u00f3prias fam\u00edlias. Cham\u00e1mos-lhe Verde Acreditar.<\/p>\n<p>\u00abAcreditar\u00bb \u2013 meaning to believe<\/p>\n<h3><a href=\"https:\/\/www.acreditar.org.pt\" target=\"_blank\" rel=\"noopener\">www.acreditar.org.pt<\/a><\/h3>\n<p>[\/vc_column_text][vc_empty_space height=&#8221;100px&#8221;][\/vc_column_inner][\/vc_row_inner][\/vc_column][\/vc_row][vc_row full_width=&#8221;stretch_row_content_no_spaces&#8221; gap=&#8221;&#8221; css=&#8221;.vc_custom_1661524113420{margin-bottom: 0px !important;padding-right: 14% !important;padding-left: 14% !important;}&#8221;][vc_column][vc_row_inner el_class=&#8221;we-believe-extra-texto susten-bl-1 susten-bl-2&#8243;][vc_column_inner][vc_column_text]<\/p>\n<h3>Sustentabilidade ambiental.<br \/>\nO azulejo lento ecol\u00f3gico.<\/h3>\n<p>Na New Terracotta, estamos empenhados em reduzir o nosso impacto ambiental. Sempre foi uma parte central da nossa cultura e est\u00e1 em tudo o que fazemos.[\/vc_column_text][vc_separator color=&#8221;black&#8221; border_width=&#8221;3&#8243;][vc_empty_space height=&#8221;80px&#8221;][\/vc_column_inner][\/vc_row_inner][\/vc_column][\/vc_row][vc_row full_width=&#8221;stretch_row_content_no_spaces&#8221; gap=&#8221;&#8221; css=&#8221;.vc_custom_1662115383299{margin-bottom: 0px !important;padding-right: 14% !important;padding-left: 14% !important;}&#8221; el_class=&#8221;bloco-suste-2-cols&#8221;][vc_column][vc_row_inner el_class=&#8221;we-believe-extra-texto susten-bl-1 susten-bl-6&#8243;][vc_column_inner width=&#8221;2\/6&#8243;][vc_column_text]<\/p>\n<h3>Barro como mat\u00e9ria-prima.<\/h3>\n<p>Os azulejos s\u00e3o feitos exclusivamente de materiais naturais, tais como barro, \u00e1gua, pigmentos e aditivos derivados de origens naturais.O barro, a mat\u00e9ria-prima b\u00e1sica utilizada para os nossos azulejos, \u00e9 praticamente inesgot\u00e1vel.<\/p>\n<h3>Desperd\u00edcio zero.<\/h3>\n<p>Restos de barro e pe\u00e7as imperfeitas produzidas s\u00e3o remisturados e incorporados novamente no barro. Toda a \u00e1gua utilizada no processo \u00e9 reciclada e os res\u00edduos de vidrado l\u00edquido s\u00e3o recuperados. Durante a produ\u00e7\u00e3o, utilizamos o calor captado dos nossos fornos para secar os azulejos antes da cozedura, o que significa que a energia t\u00e9rmica\u00a0gerada \u00e9 utilizada duas vezes.<br \/>\nA nossa produ\u00e7\u00e3o cont\u00e9m 40 % de materiais reciclados.<\/p>\n<h3>Impacto ambiental.<\/h3>\n<p>O \u00fanico impacto ambiental significativo durante a fase da produ\u00e7\u00e3o tem origem na energia utilizada para o fogo. Para reduzir as emiss\u00f5es de carbono, os nossos fornecedores situam-se dentro de 80\u00a0km de dist\u00e2ncia da nossa f\u00e1brica.<\/p>\n<h3>Zero VOCs.<\/h3>\n<p>Os azulejos s\u00e3o inerentemente inorg\u00e2nicos, emitindo zero COVs. Os COVs s\u00e3o gases nocivos que podem causar dores de cabe\u00e7a, n\u00e1useas e irrita\u00e7\u00e3o no nariz, olhos e garganta.[\/vc_column_text][vc_empty_space height=&#8221;50px&#8221;][\/vc_column_inner][vc_column_inner width=&#8221;1\/6&#8243;][\/vc_column_inner][vc_column_inner width=&#8221;2\/6&#8243;][vc_column_text]<\/p>\n<h3>Durabilidade e manuten\u00e7\u00e3o.<\/h3>\n<p>Os azulejos t\u00eam uma vida \u00fatil muito longa, durando centenas de anos sem manuten\u00e7\u00e3o. Os azulejos s\u00e3o utilizados sem tratamentos e n\u00e3o requerem manuten\u00e7\u00e3o. Ao contr\u00e1rio\u00a0de outros materiais de constru\u00e7\u00e3o, os azulejos vidrados n\u00e3o precisam de ser tratados com\u00a0qu\u00edmicos perigosos com\u00a0um impacto nocivo para o ambiente.<\/p>\n<h3>Demoli\u00e7\u00e3o, elimina\u00e7\u00e3o e reciclagem de azulejos esmagados.<\/h3>\n<p>O barro n\u00e3o causa problemas ambientais durante a demoli\u00e7\u00e3o ou elimina\u00e7\u00e3o. Os azulejos podem ser esmagados, reciclados e reutilizados.<\/p>\n<h3>Condutividade t\u00e9rmica.<\/h3>\n<p>Os azulejos cer\u00e2micos t\u00eam um coeficiente de condutividade t\u00e9rmica insignificante, sendo portanto um excelente isolante t\u00e9rmico.<\/p>\n<h3>Resist\u00eancia a chamas.<\/h3>\n<p>Os azulejos n\u00e3o s\u00e3o inflam\u00e1veis. A cer\u00e2mica n\u00e3o arde nem propaga o fogo e a sua superf\u00edcie n\u00e3o expele qualquer tipo de g\u00e1s ou vapores t\u00f3xicos durante a exposi\u00e7\u00e3o a chamas.[\/vc_column_text][vc_empty_space height=&#8221;50px&#8221;][\/vc_column_inner][vc_column_inner width=&#8221;1\/6&#8243;][\/vc_column_inner][\/vc_row_inner][\/vc_column][\/vc_row][vc_row full_width=&#8221;stretch_row_content_no_spaces&#8221; gap=&#8221;&#8221; css=&#8221;.vc_custom_1661524113420{margin-bottom: 0px !important;padding-right: 14% !important;padding-left: 14% !important;}&#8221;][vc_column][vc_row_inner el_class=&#8221;we-believe-extra-texto susten-bl-1 susten-bl-7&#8243;][vc_column_inner][vc_single_image image=&#8221;43539&#8243; img_size=&#8221;full&#8221;][vc_empty_space height=&#8221;80px&#8221;][vc_column_text]<\/p>\n<h3>Reciclagem na New Terracotta<\/h3>\n<p>[\/vc_column_text][vc_empty_space height=&#8221;50px&#8221;][vc_single_image image=&#8221;43599&#8243; img_size=&#8221;full&#8221;][vc_empty_space height=&#8221;100px&#8221;][\/vc_column_inner][\/vc_row_inner][\/vc_column][\/vc_row][vc_row full_width=&#8221;stretch_row_content_no_spaces&#8221; gap=&#8221;&#8221; css=&#8221;.vc_custom_1663954951761{margin-bottom: 0px !important;padding-right: 14% !important;padding-left: 14% !important;background-position: center !important;background-repeat: no-repeat !important;background-size: cover !important;}&#8221; el_class=&#8221;susten-bl-6 studio-2-final&#8221;][vc_column][vc_row_inner el_class=&#8221;we-believe-extra-texto susten-bl-1 susten-bl-3&#8243;][vc_column_inner][vc_column_text]<\/p>\n<h2 class=\"desc-titulo-cor\"><b>Continuaremos a fazer produtos que duram uma vida. Faz sentido para o cliente e faz sentido para o ambiente.<\/b><\/h2>\n<p>[\/vc_column_text][vc_separator color=&#8221;black&#8221; align=&#8221;align_left&#8221; border_width=&#8221;6&#8243; el_width=&#8221;20&#8243;][vc_empty_space height=&#8221;100px&#8221;][\/vc_column_inner][\/vc_row_inner][\/vc_column][\/vc_row][vc_row full_width=&#8221;stretch_row&#8221; gap=&#8221;&#8221; el_class=&#8221;lets-talk-bloco&#8221; css=&#8221;.vc_custom_1660062966586{margin-bottom: 0px !important;}&#8221;][vc_column width=&#8221;2\/3&#8243;][vc_custom_heading text=&#8221;Precisa de aconselhamento? &#8220;][vc_custom_heading text=&#8221;Estamos aqui para ajudar! &#8221; font_container=&#8221;tag:h3|text_align:left&#8221;][\/vc_column][vc_column width=&#8221;1\/3&#8243;][vc_column_text el_class=&#8221;letsLets&#8221;]<\/p>\n<h5 style=\"text-align: center;\"><a href=\"http:\/\/newterracotta.com\/contact-2\/\">Vamos Conversar.<\/a><\/h5>\n<p>[\/vc_column_text][\/vc_column][\/vc_row]<\/p>\n","protected":false},"excerpt":{"rendered":"<p>[vc_row full_width=&#8221;stretch_row&#8221; gap=&#8221;&#8221; css=&#8221;.vc_custom_1664289473949{margin-bottom: 0px !important;background-image: url(https:\/\/newterracotta.com\/wp-content\/uploads\/2022\/09\/NWT-About-Sustainability.jpg?id=54099) !important;}&#8221; el_class=&#8221;fundoDestaqueImg susDestaque&#8221;][vc_column][vc_row_inner][vc_column_inner][vc_column_text el_class=&#8221;cxDestaque cxBranca&#8221;] Sustentabilidade Preocupamo-nos com o planeta [\/vc_column_text][\/vc_column_inner][\/vc_row_inner][\/vc_column][\/vc_row][vc_row full_width=&#8221;stretch_row_content_no_spaces&#8221; gap=&#8221;&#8221; css=&#8221;.vc_custom_1661523583485{margin-bottom: 0px !important;padding-right: 8% !important;padding-left: 8% !important;}&#8221;][vc_column][vc_row_inner el_class=&#8221;we-believe-extra-texto susten-bl-1&#8243;][vc_column_inner][vc_empty_space height=&#8221;100px&#8221;][vc_column_text] [&hellip;]<\/p>\n","protected":false},"author":1,"featured_media":0,"parent":0,"menu_order":0,"comment_status":"closed","ping_status":"closed","template":"","meta":{"_monsterinsights_skip_tracking":false,"_monsterinsights_sitenote_active":false,"_monsterinsights_sitenote_note":"","_monsterinsights_sitenote_category":0},"yoast_head":"<!-- This site is optimized with the Yoast SEO plugin v20.6 - https:\/\/yoast.com\/wordpress\/plugins\/seo\/ -->\n<title>Sustentabilidade - New Terracotta<\/title>\n<meta name=\"robots\" content=\"index, follow, max-snippet:-1, max-image-preview:large, max-video-preview:-1\" \/>\n<link rel=\"canonical\" href=\"https:\/\/newterracotta.com\/pt-pt\/about-responsability\/\" \/>\n<meta property=\"og:locale\" content=\"pt_PT\" \/>\n<meta property=\"og:type\" content=\"article\" \/>\n<meta property=\"og:title\" content=\"Sustentabilidade - New Terracotta\" \/>\n<meta property=\"og:description\" content=\"[vc_row full_width=&#8221;stretch_row&#8221; gap=&#8221;&#8221; css=&#8221;.vc_custom_1664289473949{margin-bottom: 0px !important;background-image: url(https:\/\/newterracotta.com\/wp-content\/uploads\/2022\/09\/NWT-About-Sustainability.jpg?id=54099) !important;}&#8221; el_class=&#8221;fundoDestaqueImg susDestaque&#8221;][vc_column][vc_row_inner][vc_column_inner][vc_column_text el_class=&#8221;cxDestaque cxBranca&#8221;] Sustentabilidade Preocupamo-nos com o planeta [\/vc_column_text][\/vc_column_inner][\/vc_row_inner][\/vc_column][\/vc_row][vc_row full_width=&#8221;stretch_row_content_no_spaces&#8221; gap=&#8221;&#8221; css=&#8221;.vc_custom_1661523583485{margin-bottom: 0px !important;padding-right: 8% !important;padding-left: 8% !important;}&#8221;][vc_column][vc_row_inner el_class=&#8221;we-believe-extra-texto susten-bl-1&#8243;][vc_column_inner][vc_empty_space height=&#8221;100px&#8221;][vc_column_text] [&hellip;]\" \/>\n<meta property=\"og:url\" content=\"https:\/\/newterracotta.com\/pt-pt\/about-responsability\/\" \/>\n<meta property=\"og:site_name\" content=\"New Terracotta\" \/>\n<meta property=\"article:modified_time\" content=\"2022-12-28T12:46:23+00:00\" \/>\n<meta name=\"twitter:card\" content=\"summary_large_image\" \/>\n<meta name=\"twitter:label1\" content=\"Tempo estimado de leitura\" \/>\n\t<meta name=\"twitter:data1\" content=\"5 minutos\" \/>\n<script type=\"application\/ld+json\" class=\"yoast-schema-graph\">{\"@context\":\"https:\/\/schema.org\",\"@graph\":[{\"@type\":\"WebPage\",\"@id\":\"https:\/\/newterracotta.com\/pt-pt\/about-responsability\/\",\"url\":\"https:\/\/newterracotta.com\/pt-pt\/about-responsability\/\",\"name\":\"Sustentabilidade - New Terracotta\",\"isPartOf\":{\"@id\":\"https:\/\/newterracotta.com\/#website\"},\"datePublished\":\"2019-08-13T11:47:39+00:00\",\"dateModified\":\"2022-12-28T12:46:23+00:00\",\"inLanguage\":\"pt-PT\",\"potentialAction\":[{\"@type\":\"ReadAction\",\"target\":[\"https:\/\/newterracotta.com\/pt-pt\/about-responsability\/\"]}]},{\"@type\":\"WebSite\",\"@id\":\"https:\/\/newterracotta.com\/#website\",\"url\":\"https:\/\/newterracotta.com\/\",\"name\":\"New Terracotta\",\"description\":\"Portuguese Handmade\",\"potentialAction\":[{\"@type\":\"SearchAction\",\"target\":{\"@type\":\"EntryPoint\",\"urlTemplate\":\"https:\/\/newterracotta.com\/?s={search_term_string}\"},\"query-input\":\"required name=search_term_string\"}],\"inLanguage\":\"pt-PT\"}]}<\/script>\n<!-- \/ Yoast SEO plugin. -->","yoast_head_json":{"title":"Sustentabilidade - New Terracotta","robots":{"index":"index","follow":"follow","max-snippet":"max-snippet:-1","max-image-preview":"max-image-preview:large","max-video-preview":"max-video-preview:-1"},"canonical":"https:\/\/newterracotta.com\/pt-pt\/about-responsability\/","og_locale":"pt_PT","og_type":"article","og_title":"Sustentabilidade - New Terracotta","og_description":"[vc_row full_width=&#8221;stretch_row&#8221; gap=&#8221;&#8221; css=&#8221;.vc_custom_1664289473949{margin-bottom: 0px !important;background-image: url(https:\/\/newterracotta.com\/wp-content\/uploads\/2022\/09\/NWT-About-Sustainability.jpg?id=54099) !important;}&#8221; el_class=&#8221;fundoDestaqueImg susDestaque&#8221;][vc_column][vc_row_inner][vc_column_inner][vc_column_text el_class=&#8221;cxDestaque cxBranca&#8221;] Sustentabilidade Preocupamo-nos com o planeta [\/vc_column_text][\/vc_column_inner][\/vc_row_inner][\/vc_column][\/vc_row][vc_row full_width=&#8221;stretch_row_content_no_spaces&#8221; gap=&#8221;&#8221; css=&#8221;.vc_custom_1661523583485{margin-bottom: 0px !important;padding-right: 8% !important;padding-left: 8% !important;}&#8221;][vc_column][vc_row_inner el_class=&#8221;we-believe-extra-texto susten-bl-1&#8243;][vc_column_inner][vc_empty_space height=&#8221;100px&#8221;][vc_column_text] [&hellip;]","og_url":"https:\/\/newterracotta.com\/pt-pt\/about-responsability\/","og_site_name":"New Terracotta","article_modified_time":"2022-12-28T12:46:23+00:00","twitter_card":"summary_large_image","twitter_misc":{"Tempo estimado de leitura":"5 minutos"},"schema":{"@context":"https:\/\/schema.org","@graph":[{"@type":"WebPage","@id":"https:\/\/newterracotta.com\/pt-pt\/about-responsability\/","url":"https:\/\/newterracotta.com\/pt-pt\/about-responsability\/","name":"Sustentabilidade - New Terracotta","isPartOf":{"@id":"https:\/\/newterracotta.com\/#website"},"datePublished":"2019-08-13T11:47:39+00:00","dateModified":"2022-12-28T12:46:23+00:00","inLanguage":"pt-PT","potentialAction":[{"@type":"ReadAction","target":["https:\/\/newterracotta.com\/pt-pt\/about-responsability\/"]}]},{"@type":"WebSite","@id":"https:\/\/newterracotta.com\/#website","url":"https:\/\/newterracotta.com\/","name":"New Terracotta","description":"Portuguese Handmade","potentialAction":[{"@type":"SearchAction","target":{"@type":"EntryPoint","urlTemplate":"https:\/\/newterracotta.com\/?s={search_term_string}"},"query-input":"required name=search_term_string"}],"inLanguage":"pt-PT"}]}},"_links":{"self":[{"href":"https:\/\/newterracotta.com\/pt-pt\/wp-json\/wp\/v2\/pages\/11045"}],"collection":[{"href":"https:\/\/newterracotta.com\/pt-pt\/wp-json\/wp\/v2\/pages"}],"about":[{"href":"https:\/\/newterracotta.com\/pt-pt\/wp-json\/wp\/v2\/types\/page"}],"author":[{"embeddable":true,"href":"https:\/\/newterracotta.com\/pt-pt\/wp-json\/wp\/v2\/users\/1"}],"replies":[{"embeddable":true,"href":"https:\/\/newterracotta.com\/pt-pt\/wp-json\/wp\/v2\/comments?post=11045"}],"version-history":[{"count":31,"href":"https:\/\/newterracotta.com\/pt-pt\/wp-json\/wp\/v2\/pages\/11045\/revisions"}],"predecessor-version":[{"id":62996,"href":"https:\/\/newterracotta.com\/pt-pt\/wp-json\/wp\/v2\/pages\/11045\/revisions\/62996"}],"wp:attachment":[{"href":"https:\/\/newterracotta.com\/pt-pt\/wp-json\/wp\/v2\/media?parent=11045"}],"curies":[{"name":"wp","href":"https:\/\/api.w.org\/{rel}","templated":true}]}}