{"id":11128,"date":"2019-08-14T10:26:51","date_gmt":"2019-08-14T10:26:51","guid":{"rendered":"http:\/\/newterracotta.com\/?page_id=11128"},"modified":"2022-12-16T09:33:54","modified_gmt":"2022-12-16T09:33:54","slug":"downloads","status":"publish","type":"page","link":"https:\/\/newterracotta.com\/pt-pt\/downloads\/","title":{"rendered":"Cat\u00e1logos e Especifica\u00e7\u00f5es t\u00e9cnicas"},"content":{"rendered":"<p>[vc_row full_width=&#8221;stretch_row&#8221; gap=&#8221;&#8221; css=&#8221;.vc_custom_1664289776176{background-image: url(https:\/\/newterracotta.com\/wp-content\/uploads\/2022\/08\/downloads-header-img-1.png?id=43285) !important;background-position: center !important;background-repeat: no-repeat !important;background-size: cover !important;}&#8221; el_class=&#8221;fundoDestaqueImg&#8221;][vc_column][vc_row_inner][vc_column_inner][vc_column_text el_class=&#8221;cxDestaque cxBranca&#8221;]<\/p>\n<h1>Cat\u00e1logos e<br \/>\nEspecifica\u00e7\u00f5es T\u00e9cnicas<\/h1>\n<h3>Aproveite ao m\u00e1ximo os nossos guias.<\/h3>\n<p>[\/vc_column_text][\/vc_column_inner][\/vc_row_inner][\/vc_column][\/vc_row][vc_row gap=&#8221;&#8221; el_class=&#8221;links-download&#8221; css=&#8221;.vc_custom_1565192310935{padding-right: 20px !important;padding-left: 20px !important;}&#8221;][vc_column][vc_empty_space height=&#8221;150px&#8221;][vc_row_inner css=&#8221;.vc_custom_1555458482452{margin-bottom: 40px !important;}&#8221;][vc_column_inner width=&#8221;1\/4&#8243; css=&#8221;.vc_custom_1555458019734{margin-bottom: 30px !important;}&#8221;][vc_single_image image=&#8221;43308&#8243; img_size=&#8221;full&#8221; alignment=&#8221;center&#8221; onclick=&#8221;custom_link&#8221; img_link_target=&#8221;_blank&#8221; link=&#8221;https:\/\/newterracotta.com\/wp-content\/uploads\/2022\/08\/NWT-Field-Tiles-and-Parquet-Bisque-Layout-Spec.pdf&#8221;][\/vc_column_inner][vc_column_inner width=&#8221;1\/4&#8243; css=&#8221;.vc_custom_1555458047358{margin-bottom: 30px !important;}&#8221;][vc_single_image image=&#8221;43130&#8243; img_size=&#8221;full&#8221; alignment=&#8221;center&#8221; onclick=&#8221;custom_link&#8221; img_link_target=&#8221;_blank&#8221; link=&#8221;https:\/\/newterracotta.com\/wp-content\/uploads\/2022\/08\/NWT-Tile-Trim-and-Victorian-Brick-Spec.pdf&#8221;][\/vc_column_inner][vc_column_inner width=&#8221;1\/4&#8243; css=&#8221;.vc_custom_1555458039582{margin-bottom: 30px !important;}&#8221;][vc_single_image image=&#8221;43088&#8243; img_size=&#8221;full&#8221; alignment=&#8221;center&#8221; onclick=&#8221;custom_link&#8221; img_link_target=&#8221;_blank&#8221; link=&#8221;https:\/\/newterracotta.com\/wp-content\/uploads\/2022\/08\/NWT-3D-_-Relief-Tile-Spec.pdf&#8221;][\/vc_column_inner][vc_column_inner width=&#8221;1\/4&#8243; css=&#8221;.vc_custom_1555458053989{margin-bottom: 30px !important;}&#8221;][vc_single_image image=&#8221;43112&#8243; img_size=&#8221;full&#8221; alignment=&#8221;center&#8221; onclick=&#8221;custom_link&#8221; img_link_target=&#8221;_blank&#8221; link=&#8221;https:\/\/newterracotta.com\/wp-content\/uploads\/2022\/08\/NWT-Hand-Painted-and-Bold-Pattern-Tile-Spec.pdf&#8221;][\/vc_column_inner][\/vc_row_inner][vc_row_inner css=&#8221;.vc_custom_1555458489539{margin-bottom: 40px !important;}&#8221;][vc_column_inner width=&#8221;1\/4&#8243; css=&#8221;.vc_custom_1555458019734{margin-bottom: 30px !important;}&#8221;][vc_single_image image=&#8221;43100&#8243; img_size=&#8221;full&#8221; alignment=&#8221;center&#8221; onclick=&#8221;custom_link&#8221; img_link_target=&#8221;_blank&#8221; link=&#8221;https:\/\/newterracotta.com\/wp-content\/uploads\/2022\/08\/NWT-Glaze-Guide-5th-Edition-2022.pdf&#8221;][\/vc_column_inner][vc_column_inner width=&#8221;1\/4&#8243;][vc_single_image image=&#8221;43106&#8243; img_size=&#8221;full&#8221; alignment=&#8221;center&#8221; onclick=&#8221;custom_link&#8221; img_link_target=&#8221;_blank&#8221; link=&#8221;https:\/\/newterracotta.com\/wp-content\/uploads\/2022\/08\/NWT-Glazed-Tiles-Installation-and-Maintenance-Guide.pdf&#8221;][\/vc_column_inner][vc_column_inner width=&#8221;1\/4&#8243; css=&#8221;.vc_custom_1555458039582{margin-bottom: 30px !important;}&#8221;][vc_single_image image=&#8221;43124&#8243; img_size=&#8221;full&#8221; alignment=&#8221;center&#8221; onclick=&#8221;custom_link&#8221; img_link_target=&#8221;_blank&#8221; link=&#8221;https:\/\/newterracotta.com\/wp-content\/uploads\/2022\/08\/NWT-Natural-Cotto-Spec.pdf&#8221;][\/vc_column_inner][vc_column_inner width=&#8221;1\/4&#8243; css=&#8221;.vc_custom_1555458053989{margin-bottom: 30px !important;}&#8221;][vc_single_image image=&#8221;43118&#8243; img_size=&#8221;full&#8221; alignment=&#8221;center&#8221; onclick=&#8221;custom_link&#8221; img_link_target=&#8221;_blank&#8221; link=&#8221;https:\/\/newterracotta.com\/wp-content\/uploads\/2022\/08\/NWT-Natural-Cotto-Installation-and-Maintenance-Guide.pdf&#8221;][\/vc_column_inner][\/vc_row_inner][vc_empty_space height=&#8221;90px&#8221;][\/vc_column][\/vc_row]<\/p>\n","protected":false},"excerpt":{"rendered":"<p>[vc_row full_width=&#8221;stretch_row&#8221; gap=&#8221;&#8221; css=&#8221;.vc_custom_1664289776176{background-image: url(https:\/\/newterracotta.com\/wp-content\/uploads\/2022\/08\/downloads-header-img-1.png?id=43285) !important;background-position: center !important;background-repeat: no-repeat !important;background-size: cover !important;}&#8221; el_class=&#8221;fundoDestaqueImg&#8221;][vc_column][vc_row_inner][vc_column_inner][vc_column_text el_class=&#8221;cxDestaque cxBranca&#8221;] Cat\u00e1logos e Especifica\u00e7\u00f5es T\u00e9cnicas Aproveite ao m\u00e1ximo os nossos guias. [\/vc_column_text][\/vc_column_inner][\/vc_row_inner][\/vc_column][\/vc_row][vc_row gap=&#8221;&#8221; el_class=&#8221;links-download&#8221; css=&#8221;.vc_custom_1565192310935{padding-right: 20px [&hellip;]<\/p>\n","protected":false},"author":1,"featured_media":0,"parent":0,"menu_order":0,"comment_status":"closed","ping_status":"closed","template":"","meta":{"_monsterinsights_skip_tracking":false,"_monsterinsights_sitenote_active":false,"_monsterinsights_sitenote_note":"","_monsterinsights_sitenote_category":0},"yoast_head":"<!-- This site is optimized with the Yoast SEO plugin v20.6 - https:\/\/yoast.com\/wordpress\/plugins\/seo\/ -->\n<title>Cat\u00e1logos e Especifica\u00e7\u00f5es t\u00e9cnicas - New Terracotta<\/title>\n<meta name=\"robots\" content=\"index, follow, max-snippet:-1, max-image-preview:large, max-video-preview:-1\" \/>\n<link rel=\"canonical\" href=\"https:\/\/newterracotta.com\/pt-pt\/downloads\/\" \/>\n<meta property=\"og:locale\" content=\"pt_PT\" \/>\n<meta property=\"og:type\" content=\"article\" \/>\n<meta property=\"og:title\" content=\"Cat\u00e1logos e Especifica\u00e7\u00f5es t\u00e9cnicas - New Terracotta\" \/>\n<meta property=\"og:description\" content=\"[vc_row full_width=&#8221;stretch_row&#8221; gap=&#8221;&#8221; css=&#8221;.vc_custom_1664289776176{background-image: url(https:\/\/newterracotta.com\/wp-content\/uploads\/2022\/08\/downloads-header-img-1.png?id=43285) !important;background-position: center !important;background-repeat: no-repeat !important;background-size: cover !important;}&#8221; el_class=&#8221;fundoDestaqueImg&#8221;][vc_column][vc_row_inner][vc_column_inner][vc_column_text el_class=&#8221;cxDestaque cxBranca&#8221;] Cat\u00e1logos e Especifica\u00e7\u00f5es T\u00e9cnicas Aproveite ao m\u00e1ximo os nossos guias. [\/vc_column_text][\/vc_column_inner][\/vc_row_inner][\/vc_column][\/vc_row][vc_row gap=&#8221;&#8221; el_class=&#8221;links-download&#8221; css=&#8221;.vc_custom_1565192310935{padding-right: 20px [&hellip;]\" \/>\n<meta property=\"og:url\" content=\"https:\/\/newterracotta.com\/pt-pt\/downloads\/\" \/>\n<meta property=\"og:site_name\" content=\"New Terracotta\" \/>\n<meta property=\"article:modified_time\" content=\"2022-12-16T09:33:54+00:00\" \/>\n<meta name=\"twitter:card\" content=\"summary_large_image\" \/>\n<meta name=\"twitter:label1\" content=\"Tempo estimado de leitura\" \/>\n\t<meta name=\"twitter:data1\" content=\"1 minuto\" \/>\n<script type=\"application\/ld+json\" class=\"yoast-schema-graph\">{\"@context\":\"https:\/\/schema.org\",\"@graph\":[{\"@type\":\"WebPage\",\"@id\":\"https:\/\/newterracotta.com\/pt-pt\/downloads\/\",\"url\":\"https:\/\/newterracotta.com\/pt-pt\/downloads\/\",\"name\":\"Cat\u00e1logos e Especifica\u00e7\u00f5es t\u00e9cnicas - New Terracotta\",\"isPartOf\":{\"@id\":\"https:\/\/newterracotta.com\/#website\"},\"datePublished\":\"2019-08-14T10:26:51+00:00\",\"dateModified\":\"2022-12-16T09:33:54+00:00\",\"inLanguage\":\"pt-PT\",\"potentialAction\":[{\"@type\":\"ReadAction\",\"target\":[\"https:\/\/newterracotta.com\/pt-pt\/downloads\/\"]}]},{\"@type\":\"WebSite\",\"@id\":\"https:\/\/newterracotta.com\/#website\",\"url\":\"https:\/\/newterracotta.com\/\",\"name\":\"New Terracotta\",\"description\":\"Portuguese Handmade\",\"potentialAction\":[{\"@type\":\"SearchAction\",\"target\":{\"@type\":\"EntryPoint\",\"urlTemplate\":\"https:\/\/newterracotta.com\/?s={search_term_string}\"},\"query-input\":\"required name=search_term_string\"}],\"inLanguage\":\"pt-PT\"}]}<\/script>\n<!-- \/ Yoast SEO plugin. -->","yoast_head_json":{"title":"Cat\u00e1logos e Especifica\u00e7\u00f5es t\u00e9cnicas - New Terracotta","robots":{"index":"index","follow":"follow","max-snippet":"max-snippet:-1","max-image-preview":"max-image-preview:large","max-video-preview":"max-video-preview:-1"},"canonical":"https:\/\/newterracotta.com\/pt-pt\/downloads\/","og_locale":"pt_PT","og_type":"article","og_title":"Cat\u00e1logos e Especifica\u00e7\u00f5es t\u00e9cnicas - New Terracotta","og_description":"[vc_row full_width=&#8221;stretch_row&#8221; gap=&#8221;&#8221; css=&#8221;.vc_custom_1664289776176{background-image: url(https:\/\/newterracotta.com\/wp-content\/uploads\/2022\/08\/downloads-header-img-1.png?id=43285) !important;background-position: center !important;background-repeat: no-repeat !important;background-size: cover !important;}&#8221; el_class=&#8221;fundoDestaqueImg&#8221;][vc_column][vc_row_inner][vc_column_inner][vc_column_text el_class=&#8221;cxDestaque cxBranca&#8221;] Cat\u00e1logos e Especifica\u00e7\u00f5es T\u00e9cnicas Aproveite ao m\u00e1ximo os nossos guias. [\/vc_column_text][\/vc_column_inner][\/vc_row_inner][\/vc_column][\/vc_row][vc_row gap=&#8221;&#8221; el_class=&#8221;links-download&#8221; css=&#8221;.vc_custom_1565192310935{padding-right: 20px [&hellip;]","og_url":"https:\/\/newterracotta.com\/pt-pt\/downloads\/","og_site_name":"New Terracotta","article_modified_time":"2022-12-16T09:33:54+00:00","twitter_card":"summary_large_image","twitter_misc":{"Tempo estimado de leitura":"1 minuto"},"schema":{"@context":"https:\/\/schema.org","@graph":[{"@type":"WebPage","@id":"https:\/\/newterracotta.com\/pt-pt\/downloads\/","url":"https:\/\/newterracotta.com\/pt-pt\/downloads\/","name":"Cat\u00e1logos e Especifica\u00e7\u00f5es t\u00e9cnicas - New Terracotta","isPartOf":{"@id":"https:\/\/newterracotta.com\/#website"},"datePublished":"2019-08-14T10:26:51+00:00","dateModified":"2022-12-16T09:33:54+00:00","inLanguage":"pt-PT","potentialAction":[{"@type":"ReadAction","target":["https:\/\/newterracotta.com\/pt-pt\/downloads\/"]}]},{"@type":"WebSite","@id":"https:\/\/newterracotta.com\/#website","url":"https:\/\/newterracotta.com\/","name":"New Terracotta","description":"Portuguese Handmade","potentialAction":[{"@type":"SearchAction","target":{"@type":"EntryPoint","urlTemplate":"https:\/\/newterracotta.com\/?s={search_term_string}"},"query-input":"required name=search_term_string"}],"inLanguage":"pt-PT"}]}},"_links":{"self":[{"href":"https:\/\/newterracotta.com\/pt-pt\/wp-json\/wp\/v2\/pages\/11128"}],"collection":[{"href":"https:\/\/newterracotta.com\/pt-pt\/wp-json\/wp\/v2\/pages"}],"about":[{"href":"https:\/\/newterracotta.com\/pt-pt\/wp-json\/wp\/v2\/types\/page"}],"author":[{"embeddable":true,"href":"https:\/\/newterracotta.com\/pt-pt\/wp-json\/wp\/v2\/users\/1"}],"replies":[{"embeddable":true,"href":"https:\/\/newterracotta.com\/pt-pt\/wp-json\/wp\/v2\/comments?post=11128"}],"version-history":[{"count":33,"href":"https:\/\/newterracotta.com\/pt-pt\/wp-json\/wp\/v2\/pages\/11128\/revisions"}],"predecessor-version":[{"id":62717,"href":"https:\/\/newterracotta.com\/pt-pt\/wp-json\/wp\/v2\/pages\/11128\/revisions\/62717"}],"wp:attachment":[{"href":"https:\/\/newterracotta.com\/pt-pt\/wp-json\/wp\/v2\/media?parent=11128"}],"curies":[{"name":"wp","href":"https:\/\/api.w.org\/{rel}","templated":true}]}}