{"id":11234,"date":"2019-08-14T11:21:19","date_gmt":"2019-08-14T11:21:19","guid":{"rendered":"http:\/\/newterracotta.com\/?page_id=11234"},"modified":"2022-12-16T09:34:15","modified_gmt":"2022-12-16T09:34:15","slug":"faqs","status":"publish","type":"page","link":"https:\/\/newterracotta.com\/pt-pt\/faqs\/","title":{"rendered":"Perguntas Frequentes"},"content":{"rendered":"<p>[vc_row full_width=&#8221;stretch_row&#8221; gap=&#8221;&#8221; el_class=&#8221;fundoDestaqueImg&#8221; css=&#8221;.vc_custom_1664289852440{background-image: url(https:\/\/newterracotta.com\/wp-content\/uploads\/2022\/08\/faqs-header-img-1.png?id=43291) !important;background-position: center !important;background-repeat: no-repeat !important;background-size: cover !important;}&#8221;][vc_column][vc_row_inner][vc_column_inner][vc_column_text el_class=&#8221;cxDestaque cxBranca&#8221;]<\/p>\n<h1>Perguntas Frequentes<\/h1>\n<h3><strong>Aqui pode encontrar a resposta para as perguntas mais comuns acerca da New Terracotta.<\/strong><\/h3>\n<p>[\/vc_column_text][\/vc_column_inner][\/vc_row_inner][\/vc_column][\/vc_row][vc_row full_width=&#8221;stretch_row_content_no_spaces&#8221; gap=&#8221;&#8221; el_class=&#8221;contctUsTechnical section-2-bespoke&#8221; css=&#8221;.vc_custom_1661502644506{padding-right: 8% !important;padding-left: 8% !important;}&#8221;][vc_column][vc_row_inner el_class=&#8221;general-terms .we-believe-extra-texto bes-tamanho&#8221;][vc_column_inner el_class=&#8221;general-terms designers-terra texto-preto-about&#8221; width=&#8221;1\/2&#8243;][vc_column_text]<\/p>\n<h3>As quest\u00f5es<br \/>\nmais comuns.<\/h3>\n<p>[\/vc_column_text][\/vc_column_inner][vc_column_inner el_class=&#8221;sobeEcra designers-terra&#8221; width=&#8221;1\/2&#8243;][vc_column_text]<\/p>\n<div class=\"positionRelative\"><input id=\"pesquisaTech\" type=\"text\" placeholder=\"pesquisa\" \/><i class=\"fa fa-search lupa\" aria-hidden=\"true\"><\/i><\/div>\n<p>[\/vc_column_text][\/vc_column_inner][\/vc_row_inner][vc_empty_space height=&#8221;20px&#8221;][vc_separator color=&#8221;black&#8221; border_width=&#8221;4&#8243;][vc_empty_space][\/vc_column][\/vc_row][vc_row full_width=&#8221;stretch_row_content_no_spaces&#8221; gap=&#8221;&#8221; el_class=&#8221;bloco-tec&#8221; css=&#8221;.vc_custom_1661502044596{padding-right: 8% !important;padding-left: 8% !important;}&#8221;][vc_column][vc_row_inner el_class=&#8221;bloco-general&#8221;][vc_column_inner el_class=&#8221;blocoCinzaTech2&#8243; width=&#8221;1\/3&#8243;][vc_custom_heading text=&#8221;Fazer uma encomenda.&#8221; font_container=&#8221;tag:h4|text_align:left&#8221; el_class=&#8221;titulo-tech&#8221;][\/vc_column_inner][vc_column_inner el_class=&#8221;blocoCinzaTech&#8221; width=&#8221;2\/3&#8243;][vc_toggle title=&#8221;Posso comprar online?&#8221;]N\u00e3o estamos preparados para vender diretamente atrav\u00e9s do nosso website. Para encomendas de azulejos, pedidos personalizados, pre\u00e7os, prazos de entrega ou outros assuntos, contacte-nos por e-mail ou pelo telefone para receber assist\u00eancia personalizada dos nossos Consultores de Design.[\/vc_toggle][vc_toggle title=&#8221;Enviam para o estrangeiro?&#8221;]J\u00e1 fornecemos com sucesso azulejos para projectos por todo o mundo. Teremos todo o gosto em indicar os custos de transporte para encomendas internacionais.[\/vc_toggle][vc_toggle title=&#8221;Posso obter amostras?&#8221;]Sim, compreendemos a import\u00e2ncia de coordenar todos os elementos do seu projeto, pelo que teremos todo o gosto em fornecer amostras durante o seu processo de sele\u00e7\u00e3o.<br \/>\n\u00c9 poss\u00edvel encomendar v\u00e1rias amostras para ter uma ideia da gama de cores. Quando estiver para realizar a sua encomenda poder\u00e1 fornecer \u00e0 f\u00e1brica uma amostra de controlo da cor aprovada. A nossa equipa utilizar\u00e1 a sua amostra como orienta\u00e7\u00e3o, mas tenha em conta que haver\u00e1 sempre varia\u00e7\u00f5es de cor.[\/vc_toggle][vc_toggle title=&#8221;Como decido que tipo de azulejo devo utilizar?&#8221;]O ambiente da aplica\u00e7\u00e3o e os n\u00edveis de tr\u00e1fego a que a mesma estar\u00e1 sujeita determinar\u00e3o o tipo de azulejo que dever\u00e1 escolher. Contacte-nos para saber qual o produto que melhor se adequa \u00e0s suas necessidades.[\/vc_toggle][vc_toggle title=&#8221;Existem quantidades m\u00ednimas de encomenda? Cobram uma taxa de prepara\u00e7\u00e3o para encomendas mais pequenas?&#8221;]A encomenda m\u00ednima por cor \u00e9 de 3m2 . Como cada encomenda \u00e9 personalizada, \u00e9 necess\u00e1rio um processo de prepara\u00e7\u00e3o.[\/vc_toggle][vc_toggle title=&#8221;Devo encomendar azulejos a mais?&#8221;]Sim, aconselhamos uma margem de 10 % acima da quantidade m\u00ednima, para conting\u00eancias. Este excedente permite cobrir eventuais quebras durante a instala\u00e7\u00e3o e dispor de uma sele\u00e7\u00e3o maior assim como de uma reserva em caso de danos futuros. Consulte sempre o instalador para determinar as quantidades.[\/vc_toggle][vc_toggle title=&#8221;Posso devolver os azulejos?&#8221;]Uma vez que fabricamos os azulejos especificamente para si n\u00e3o aceitamos devolu\u00e7\u00f5es, a menos que os azulejos apresentem defeitos ou sofram danos no transporte.[\/vc_toggle][vc_toggle title=&#8221;Depois de realizar uma encomenda, posso alter\u00e1-la?&#8221;]As encomendas s\u00e3o personalizadas pelo que n\u00e3o podem ser alteradas ap\u00f3s o in\u00edcio do processo de produ\u00e7\u00e3o. Se desejar uma altera\u00e7\u00e3o, contacte-nos de imediato para verificar se podemos resolver o problema rapidamente.[\/vc_toggle][vc_toggle title=&#8221;Qual seria o prazo de entrega m\u00ednimo para encomendas de emerg\u00eancia?&#8221;]Se necessitar dos materiais mais cedo, para uma encomenda de \u00faltima hora ou para completar um trabalho, contacte-nos e pe\u00e7a um prazo de entrega especificamente para si.<br \/>\nEmbora mantenhamos em stock uma quantidade limitada dos nossos produtos mais populares seguimos uma pol\u00edtica de atendimento por ordem de chegada, sem discrimina\u00e7\u00f5es. Depois de realizada a encomenda verifique connosco qual o prazo de entrega estimado.[\/vc_toggle][\/vc_column_inner][\/vc_row_inner][\/vc_column][\/vc_row][vc_row full_width=&#8221;stretch_row_content_no_spaces&#8221; gap=&#8221;&#8221; el_class=&#8221;bloco-tec&#8221; css=&#8221;.vc_custom_1661502054279{padding-right: 8% !important;padding-left: 8% !important;}&#8221;][vc_column][vc_row_inner el_class=&#8221;bloco-general&#8221;][vc_column_inner el_class=&#8221;blocoCinzaTech2&#8243; width=&#8221;1\/3&#8243;][vc_custom_heading text=&#8221;Azulejos Vidrados&#8221; font_container=&#8221;tag:h4|text_align:left&#8221; el_class=&#8221;titulo-tech&#8221;][\/vc_column_inner][vc_column_inner el_class=&#8221;blocoCinzaTech&#8221; width=&#8221;2\/3&#8243;][vc_toggle title=&#8221;Compreender o produto&#8221;]<strong>O QUE \u00c9 UMA CHACOTA?<\/strong><br \/>\nAo observar um azulejo vidrado de lado, v\u00eaem-se 2 camadas. O corpo do azulejo, ou camada maior, chama-se chacota. A camada superior chama-se vidrado.<\/p>\n<p><strong>O QUE \u00c9 UM CRAQUEL\u00ca?<\/strong><br \/>\nAlguns azulejos s\u00e3o intencionalmente induzidos a fendilhar, a fim de produzir o chamado acabamento craquel\u00ea.<br \/>\nOs azulejos com vidrado craquel\u00ea n\u00e3o devem ser utilizados em balc\u00f5es de cozinha ou outras superf\u00edcies sujeitas a utiliza\u00e7\u00e3o intensiva.<\/p>\n<p><strong>O BARRO \u00c9 UM MATERIAL NATURAL?<\/strong><br \/>\nO barro \u00e9 um material natural e biocompat\u00edvel que comporta, por natureza, desempenhos t\u00e9rmicos e estruturais extraordin\u00e1rios.<\/p>\n<p><strong>PORQUE \u00c9 QUE OS AZULEJOS OXIDE EXPLOSIONS APRESENTAM UMA VARIA\u00c7\u00c3O T\u00c3O GRANDE?<\/strong><br \/>\nOs azulejos Oxide Explosions apresentam diferen\u00e7as de cor e da qualidade da superf\u00edcie devido \u00e0s varia\u00e7\u00f5es da<br \/>\nespessura do vidrado e de temperatura durante o processo de cozedura. Esta varia\u00e7\u00e3o natural \u00e9 intr\u00ednseca \u00e0 sua beleza.<br \/>\nPara evitar equ\u00edvocos, solicitamos a todos os clientes que aprovem toda a gama de varia\u00e7\u00f5es dentro de cada refer\u00eancia.<\/p>\n<p><strong>PORQUE \u00c9 QUE O TAMANHO NOMINAL \u00c9 SUPERIOR AO REAL?<\/strong><br \/>\nDurante o processo de produ\u00e7\u00e3o o azulejo cer\u00e2mico contrai em m\u00e9dia 5 a 10\u00a0%, dependendo do tipo de barro.<\/p>\n<p><strong>O QUE S\u00c3O AZULEJOS EM FOLHAS?<\/strong><br \/>\nA maioria dos nossos desenhos geom\u00e9tricos podem ser divididos em componentes que se repetem. Estes componentes s\u00e3o conhecidos como folhas padr\u00e3o. Encaixam facilmente, exigindo um corte m\u00ednimo ou nulo.[\/vc_toggle][vc_toggle title=&#8221;Encomendas especiais e personaliza\u00e7\u00e3o&#8221;]<strong>\u00c9 POSS\u00cdVEL REPRODUZIR AZULEJOS ANTIGOS?<\/strong><br \/>\nSim, somos bem conhecidos por esse trabalho. Envie-nos mais informa\u00e7\u00f5es.<\/p>\n<p><strong>POSSO PERSONALIZAR UM PRODUTO?<\/strong><br \/>\nSim, podemos customizar azulejos e outros objetos para melhor os adequarmos ao seu estilo.<\/p>\n<p><strong>POSSO UTILIZAR O MEU PR\u00d3PRIO DESENHO?<\/strong><br \/>\nSim, absolutamente. S\u00e3o aplicadas taxas de desenvolvimento e prepara\u00e7\u00e3o adicionais \u00e0s encomendas personalizadas.<\/p>\n<p><strong>POSSO ENCOMENDAR AZULEJOS DE ARESTA VIDRADOS?<\/strong><br \/>\nSim, \u00e9 poss\u00edvel vidrar as arestas. As arestas a selecionar depender\u00e3o do layout da instala\u00e7\u00e3o.<\/p>\n<p><strong>OS VOSSOS AZULEJOS PODEM SER UTILIZADOS AO REDOR DE LAREIRAS? S\u00c3O RESISTENTES AO CALOR?<\/strong><br \/>\nOs nossos azulejos s\u00e3o cozidos em fornos a temperaturas muito elevadas. Podem ser utilizados em instala\u00e7\u00f5es de lareiras e n\u00e3o ser\u00e3o danificados pelo calor.<\/p>\n<p><strong>POSSO UTILIZAR OS VOSSOS AZULEJOS EM CHUVEIROS?<\/strong><br \/>\nSim, os nossos azulejos s\u00e3o adequados para aplica\u00e7\u00f5es em zonas h\u00famidas. Note-se que, em \u00e1reas geralmente h\u00famidas como chuveiros, \u00e9 normal alguns azulejos escurecerem e clarearem \u00e0 medida que se molham e secam posteriormente.<\/p>\n<p><strong>QUE AZULEJOS POSSO UTILIZAR NUMA PISCINA OU FONTE?<\/strong><br \/>\nTemos diversos vidrados pr\u00f3prios para piscinas. Consulte as informa\u00e7\u00f5es de utiliza\u00e7\u00e3o no Glaze Guide.<\/p>\n<p><strong>OS VOSSOS AZULEJOS PODEM SER UTILIZADOS EM APLICA\u00c7\u00d5ES EXTERIORES?<\/strong><br \/>\nTemos azulejos nossos instalados em superf\u00edcies verticais h\u00e1 v\u00e1rios anos, sem problemas. N\u00e3o recomendamos a utiliza\u00e7\u00e3o dos nossos azulejos em superf\u00edcies horizontais no exterior. Contacte-nos para o ajudarmos a determinar se os nossos azulejos s\u00e3o adequados para a vossa instala\u00e7\u00e3o exterior.<\/p>\n<p><strong>\u00c9 POSS\u00cdVEL A COLOCA\u00c7\u00c3O DE AZULEJOS SEM ARGAMASSA?<\/strong><br \/>\nNa pr\u00e1tica, a coloca\u00e7\u00e3o de azulejos sem argamassa n\u00e3o \u00e9 recomendada. Mesmo para os azulejos de aresta cortada \u00e9 recomend\u00e1vel um m\u00ednimo de 1\u00a0mm (de prefer\u00eancia 2\u00a0mm) de argamassa.<\/p>\n<p><strong>QUAL A MELHOR FORMA DE LIMPAR OS AZULEJOS?<\/strong><br \/>\nPara a limpeza do dia-a-dia basta utilizar um detergente natural com pH equilibrado para cuidar dos seus azulejos. N\u00e3o \u00e9 recomend\u00e1vel a utiliza\u00e7\u00e3o de produtos corrosivos para limpar os azulejos e \u00e9 sempre aconselh\u00e1vel testar quaisquer outros m\u00e9todos de limpeza numa \u00e1rea pouco vis\u00edvel da sua instala\u00e7\u00e3o.<\/p>\n<p><strong>COMO DEVO LIMPAR OS AZULEJOS COM VIDRADO DOURADO OU PLATINADO?<\/strong><br \/>\nExatamente da mesma forma que limpa os outros azulejos vidrados. Evite sempre a utiliza\u00e7\u00e3o de esfreg\u00f5es abrasivos.[\/vc_toggle][vc_toggle title=&#8221;Instala\u00e7\u00e3o e manuten\u00e7\u00e3o&#8221;]<strong>OS VOSSOS AZULEJOS S\u00c3O TODOS INDICADOS PARA QUALQUER FINALIDADE?<\/strong><br \/>\nN\u00e3o. Alguns vidrados s\u00e3o recomendados apenas para paredes. Alguns vidrados n\u00e3o s\u00e3o adequados para piscinas.<br \/>\nConsulte as informa\u00e7\u00f5es de utiliza\u00e7\u00e3o no Glaze Guide.<\/p>\n<p><strong>POSSO MISTURAR CORES E TAMANHOS DIFERENTES?<\/strong><br \/>\n\u00c9 poss\u00edvel utilizar conjuntamente muitas formas e tamanhos. Consulte as informa\u00e7\u00f5es sobre Layouts no Format Guide.<\/p>\n<p><strong>A COLOCA\u00c7\u00c3O DE AZULEJOS NA DIAGONAL REQUER MAIS MATERIAL?<\/strong><br \/>\nSim, geralmente \u00e9 necess\u00e1rio mais material quando o azulejo \u00e9 colocado na diagonal e n\u00e3o a direito. Para determinar a quantidade de material necess\u00e1ria consulte o seu instalador.<\/p>\n<p><strong>QUE DIMENS\u00c3O SUGEREM PARA O ESPA\u00c7AMENTO DE JUNTAS?<\/strong><br \/>\nOs azulejos New Terracotta s\u00e3o dimensionados para levar uma junta de 1 a 4\u00a0mm, dependendo do formato. A dimens\u00e3o da junta de argamassa depende de muitos factores. \u00c9 importante abordar a quest\u00e3o com o seu arquitecto e o seu instalador e seguir um esquema de juntas.<\/p>\n<p><strong>\u00c9 NECESS\u00c1RIO SELAR OS AZULEJOS VIDRADOS?<\/strong><br \/>\nEm geral, os nossos azulejos n\u00e3o necessitam de selagem. Contudo, em certas instala\u00e7\u00f5es, os azulejos com vidrado craquel\u00ea devem ser selados antes da coloca\u00e7\u00e3o da argamassa.[\/vc_toggle][\/vc_column_inner][\/vc_row_inner][\/vc_column][\/vc_row][vc_row full_width=&#8221;stretch_row_content_no_spaces&#8221; gap=&#8221;&#8221; el_class=&#8221;bloco-tec&#8221; css=&#8221;.vc_custom_1661502061643{padding-right: 8% !important;padding-left: 8% !important;}&#8221;][vc_column][vc_row_inner el_class=&#8221;bloco-general&#8221;][vc_column_inner el_class=&#8221;blocoCinzaTech2&#8243; width=&#8221;1\/3&#8243;][vc_custom_heading text=&#8221;Terracota Natural.&#8221; font_container=&#8221;tag:h4|text_align:left&#8221; el_class=&#8221;titulo-tech&#8221;][\/vc_column_inner][vc_column_inner el_class=&#8221;blocoCinzaTech&#8221; width=&#8221;2\/3&#8243;][vc_toggle title=&#8221;Compreender o produto&#8221;]<strong>O BARRO \u00c9 UM MATERIAL NATURAL?<\/strong><br \/>\nO barro \u00e9 um material natural e biocompat\u00edvel que comporta, por natureza, desempenhos t\u00e9rmicos e estruturais extraordin\u00e1rios.<\/p>\n<p><strong>POR QUE RAZ\u00c3O O TAMANHO NOMINAL \u00c9 SUPERIOR AO REAL?<\/strong><br \/>\nO barro contrai durante os processos de secagem e de cozedura. A terracota natural contrai em m\u00e9dia 5\u00a0% a 10\u00a0%, dependendo da formula\u00e7\u00e3o do corpo de barro e do tempo e temperatura de cozedura.[\/vc_toggle][vc_toggle title=&#8221;Instala\u00e7\u00e3o e manuten\u00e7\u00e3o&#8221;]<strong>OS VOSSOS LADRILHOS S\u00c3O TODOS INDICADOS PARA QUALQUER FINALIDADE?<\/strong><br \/>\nN\u00e3o. A elevada porosidade \u00e9 uma das caracter\u00edsticas da terracota natural. Por esta raz\u00e3o, n\u00e3o recomendamos a utiliza\u00e7\u00e3o em piscinas, fontes ou pavimentos de chuveiro.<\/p>\n<p><strong>ONDE POSSO UTILIZAR A TERRACOTA NATURAL DA NEW TERRACOTTA?<\/strong><br \/>\nCozidos a temperaturas extremamente elevadas os ladrilhos s\u00e3o resistentes ao gelo e excelentes para armazenar calor, o que os torna adequados tanto para aplica\u00e7\u00f5es interiores como exteriores. Sendo que s\u00e3o antiderrapantes e resistentes, revelam-se tamb\u00e9m ideais para \u00e1reas de estufas, de p\u00e1tios e circundantes de piscinas.<\/p>\n<p><strong>OS VOSSOS LADRILHOS PODEM SER UTILIZADOS AO REDOR DE LAREIRAS? S\u00c3O RESISTENTES AO CALOR?<\/strong><b><br \/>\n<\/b>Os nossos ladrilhos s\u00e3o cozidos a lenha, a temperaturas muito elevadas. Podem ser utilizados em instala\u00e7\u00f5es de lareiras e n\u00e3o ser\u00e3o danificados pelo calor.<\/p>\n<p><strong>POSSO UTILIZAR PISO RADIANTE COM A TERRACOTA NATURAL DA NEW TERRACOTTA?<\/strong><br \/>\nUma das grandes vantagens dos ladrilhos de terracota \u00e9 o facto de constitu\u00edrem o revestimento de pavimento mais recomendado para o aquecimento por piso radiante. Aquando da coloca\u00e7\u00e3o dos ladrilhos devem deixar-se juntas de dilata\u00e7\u00e3o entre os mesmos, junto \u00e0s arestas da parede e em determinados intervalos a fim de acomodar a retrac\u00e7\u00e3o e expans\u00e3o causadas pelo piso.<\/p>\n<p><strong>\u00c9 POSS\u00cdVEL A COLOCA\u00c7\u00c3O DE LADRILHOS SEM ARGAMASSA?<\/strong><br \/>\nA coloca\u00e7\u00e3o de terracota natural sem argamassa n\u00e3o \u00e9 recomendada.<\/p>\n<p><strong>QUE DIMENS\u00c3O SUGEREM PARA O ESPA\u00c7AMENTO DE JUNTAS?<\/strong><br \/>\nA terracota natural da New Terracotta est\u00e1 dimensionada para um espa\u00e7o de argamassa de 4 a 6\u00a0mm. A dimens\u00e3o da junta depende de muitos factores. \u00c9 importante abordar a quest\u00e3o com o seu arquitecto e o seu instalador e seguir um esquema de juntas.<\/p>\n<p><strong>OS LADRILHOS DA NEW TERRACOTTA S\u00c3O PREVIAMENTE SELADOS?<\/strong><br \/>\nEnviamos sempre os nossos ladrilhos no estado natural, pelo que ter\u00e3o sempre de ser selados ap\u00f3s a instala\u00e7\u00e3o. Em caso de necessidade, os produtos de tratamento necess\u00e1rios podem ser enviados juntamente com o material mas ter\u00e3o de ser aplicados in situ.<\/p>\n<p><strong>\u00c9 NECESS\u00c1RIO SELAR OS LADRILHOS DE TERRACOTA NATURAL?<\/strong><br \/>\nSim. A selagem \u00e9 essencial para proteger a beleza e assegurar a longevidade de qualquer terracota natural.[\/vc_toggle][\/vc_column_inner][\/vc_row_inner][\/vc_column][\/vc_row][vc_row][vc_column][vc_empty_space height=&#8221;40px&#8221;][\/vc_column][\/vc_row][vc_row full_width=&#8221;stretch_row&#8221; gap=&#8221;&#8221; el_class=&#8221;lets-talk-bloco&#8221; css=&#8221;.vc_custom_1660062966586{margin-bottom: 0px !important;}&#8221;][vc_column width=&#8221;2\/3&#8243;][vc_custom_heading text=&#8221;Necessita de mais informa\u00e7\u00f5es? &#8220;][vc_custom_heading text=&#8221;\u00c0s vezes, s\u00f3 precisamos<br \/>\nde uma ajuda! &#8221; font_container=&#8221;tag:h3|text_align:left&#8221;][\/vc_column][vc_column width=&#8221;1\/3&#8243;][vc_column_text el_class=&#8221;letsLets&#8221;]<\/p>\n<h5><a href=\"https:\/\/newterracotta.com\/contact-2\/\">Vamos Conversar.<\/a><\/h5>\n<p>[\/vc_column_text][\/vc_column][\/vc_row]<\/p>\n","protected":false},"excerpt":{"rendered":"<p>[vc_row full_width=&#8221;stretch_row&#8221; gap=&#8221;&#8221; el_class=&#8221;fundoDestaqueImg&#8221; css=&#8221;.vc_custom_1664289852440{background-image: url(https:\/\/newterracotta.com\/wp-content\/uploads\/2022\/08\/faqs-header-img-1.png?id=43291) !important;background-position: center !important;background-repeat: no-repeat !important;background-size: cover !important;}&#8221;][vc_column][vc_row_inner][vc_column_inner][vc_column_text el_class=&#8221;cxDestaque cxBranca&#8221;] Perguntas Frequentes Aqui pode encontrar a resposta para as perguntas mais comuns acerca da New [&hellip;]<\/p>\n","protected":false},"author":1,"featured_media":0,"parent":0,"menu_order":0,"comment_status":"closed","ping_status":"closed","template":"","meta":{"_monsterinsights_skip_tracking":false,"_monsterinsights_sitenote_active":false,"_monsterinsights_sitenote_note":"","_monsterinsights_sitenote_category":0},"yoast_head":"<!-- This site is optimized with the Yoast SEO plugin v20.6 - https:\/\/yoast.com\/wordpress\/plugins\/seo\/ -->\n<title>Perguntas Frequentes - New Terracotta<\/title>\n<meta name=\"description\" content=\"Perguntas Frequentes\" \/>\n<meta name=\"robots\" content=\"index, follow, max-snippet:-1, max-image-preview:large, max-video-preview:-1\" \/>\n<link rel=\"canonical\" href=\"https:\/\/newterracotta.com\/pt-pt\/faqs\/\" \/>\n<meta property=\"og:locale\" content=\"pt_PT\" \/>\n<meta property=\"og:type\" content=\"article\" \/>\n<meta property=\"og:title\" content=\"Perguntas Frequentes - New Terracotta\" \/>\n<meta property=\"og:description\" content=\"Perguntas Frequentes\" \/>\n<meta property=\"og:url\" content=\"https:\/\/newterracotta.com\/pt-pt\/faqs\/\" \/>\n<meta property=\"og:site_name\" content=\"New Terracotta\" \/>\n<meta property=\"article:modified_time\" content=\"2022-12-16T09:34:15+00:00\" \/>\n<meta name=\"twitter:card\" content=\"summary_large_image\" \/>\n<meta name=\"twitter:label1\" content=\"Tempo estimado de leitura\" \/>\n\t<meta name=\"twitter:data1\" content=\"8 minutos\" \/>\n<script type=\"application\/ld+json\" class=\"yoast-schema-graph\">{\"@context\":\"https:\/\/schema.org\",\"@graph\":[{\"@type\":\"WebPage\",\"@id\":\"https:\/\/newterracotta.com\/pt-pt\/faqs\/\",\"url\":\"https:\/\/newterracotta.com\/pt-pt\/faqs\/\",\"name\":\"Perguntas Frequentes - New Terracotta\",\"isPartOf\":{\"@id\":\"https:\/\/newterracotta.com\/#website\"},\"datePublished\":\"2019-08-14T11:21:19+00:00\",\"dateModified\":\"2022-12-16T09:34:15+00:00\",\"description\":\"Perguntas Frequentes\",\"inLanguage\":\"pt-PT\",\"potentialAction\":[{\"@type\":\"ReadAction\",\"target\":[\"https:\/\/newterracotta.com\/pt-pt\/faqs\/\"]}]},{\"@type\":\"WebSite\",\"@id\":\"https:\/\/newterracotta.com\/#website\",\"url\":\"https:\/\/newterracotta.com\/\",\"name\":\"New Terracotta\",\"description\":\"Portuguese Handmade\",\"potentialAction\":[{\"@type\":\"SearchAction\",\"target\":{\"@type\":\"EntryPoint\",\"urlTemplate\":\"https:\/\/newterracotta.com\/?s={search_term_string}\"},\"query-input\":\"required name=search_term_string\"}],\"inLanguage\":\"pt-PT\"}]}<\/script>\n<!-- \/ Yoast SEO plugin. -->","yoast_head_json":{"title":"Perguntas Frequentes - New Terracotta","description":"Perguntas Frequentes","robots":{"index":"index","follow":"follow","max-snippet":"max-snippet:-1","max-image-preview":"max-image-preview:large","max-video-preview":"max-video-preview:-1"},"canonical":"https:\/\/newterracotta.com\/pt-pt\/faqs\/","og_locale":"pt_PT","og_type":"article","og_title":"Perguntas Frequentes - New Terracotta","og_description":"Perguntas Frequentes","og_url":"https:\/\/newterracotta.com\/pt-pt\/faqs\/","og_site_name":"New Terracotta","article_modified_time":"2022-12-16T09:34:15+00:00","twitter_card":"summary_large_image","twitter_misc":{"Tempo estimado de leitura":"8 minutos"},"schema":{"@context":"https:\/\/schema.org","@graph":[{"@type":"WebPage","@id":"https:\/\/newterracotta.com\/pt-pt\/faqs\/","url":"https:\/\/newterracotta.com\/pt-pt\/faqs\/","name":"Perguntas Frequentes - New Terracotta","isPartOf":{"@id":"https:\/\/newterracotta.com\/#website"},"datePublished":"2019-08-14T11:21:19+00:00","dateModified":"2022-12-16T09:34:15+00:00","description":"Perguntas Frequentes","inLanguage":"pt-PT","potentialAction":[{"@type":"ReadAction","target":["https:\/\/newterracotta.com\/pt-pt\/faqs\/"]}]},{"@type":"WebSite","@id":"https:\/\/newterracotta.com\/#website","url":"https:\/\/newterracotta.com\/","name":"New Terracotta","description":"Portuguese Handmade","potentialAction":[{"@type":"SearchAction","target":{"@type":"EntryPoint","urlTemplate":"https:\/\/newterracotta.com\/?s={search_term_string}"},"query-input":"required name=search_term_string"}],"inLanguage":"pt-PT"}]}},"_links":{"self":[{"href":"https:\/\/newterracotta.com\/pt-pt\/wp-json\/wp\/v2\/pages\/11234"}],"collection":[{"href":"https:\/\/newterracotta.com\/pt-pt\/wp-json\/wp\/v2\/pages"}],"about":[{"href":"https:\/\/newterracotta.com\/pt-pt\/wp-json\/wp\/v2\/types\/page"}],"author":[{"embeddable":true,"href":"https:\/\/newterracotta.com\/pt-pt\/wp-json\/wp\/v2\/users\/1"}],"replies":[{"embeddable":true,"href":"https:\/\/newterracotta.com\/pt-pt\/wp-json\/wp\/v2\/comments?post=11234"}],"version-history":[{"count":11,"href":"https:\/\/newterracotta.com\/pt-pt\/wp-json\/wp\/v2\/pages\/11234\/revisions"}],"predecessor-version":[{"id":62718,"href":"https:\/\/newterracotta.com\/pt-pt\/wp-json\/wp\/v2\/pages\/11234\/revisions\/62718"}],"wp:attachment":[{"href":"https:\/\/newterracotta.com\/pt-pt\/wp-json\/wp\/v2\/media?parent=11234"}],"curies":[{"name":"wp","href":"https:\/\/api.w.org\/{rel}","templated":true}]}}