{"id":11801,"date":"2019-08-19T22:12:27","date_gmt":"2019-08-19T22:12:27","guid":{"rendered":"http:\/\/newterracotta.com\/?page_id=11801"},"modified":"2024-08-12T08:33:55","modified_gmt":"2024-08-12T08:33:55","slug":"privacy-policy","status":"publish","type":"page","link":"https:\/\/newterracotta.com\/pt-pt\/privacy-policy\/","title":{"rendered":"Politica de Privacidade"},"content":{"rendered":"<p>[vc_row full_width=&#8221;stretch_row&#8221; gap=&#8221;&#8221; css=&#8221;.vc_custom_1670923049285{margin-bottom: 0px !important;background-image: url(https:\/\/newterracotta.com\/wp-content\/uploads\/2022\/12\/privacypolicy_image.png?id=62344) !important;}&#8221; el_class=&#8221;fundoDestaqueImg susDestaque&#8221;][vc_column][vc_row_inner][vc_column_inner][vc_column_text el_class=&#8221;cxDestaque cxBranca&#8221;]<\/p>\n<h1>Pol\u00edtica de Privacidade<\/h1>\n<h3>Esta \u00e9 a nossa pol\u00edtica de privacidade e como tratamos os seus dados na New Terracotta.<\/h3>\n<p>[\/vc_column_text][\/vc_column_inner][\/vc_row_inner][\/vc_column][\/vc_row][vc_row full_width=&#8221;stretch_row_content_no_spaces&#8221; gap=&#8221;&#8221; css=&#8221;.vc_custom_1661523583485{margin-bottom: 0px !important;padding-right: 8% !important;padding-left: 8% !important;}&#8221;][vc_column el_class=&#8221;poliprivacy2&#8243;][vc_row_inner el_class=&#8221;we-believe-extra-texto susten-bl-3&#8243;][vc_column_inner el_class=&#8221;poliprivacy&#8221;][vc_empty_space height=&#8221;100px&#8221;][vc_column_text]<\/p>\n<h2 class=\"desc-titulo-cor\"><b>Pol\u00edtica de Privacidade New Terracotta.<\/b><\/h2>\n<p>[\/vc_column_text][vc_separator color=&#8221;black&#8221; border_width=&#8221;3&#8243;][vc_empty_space height=&#8221;30px&#8221;][\/vc_column_inner][\/vc_row_inner][\/vc_column][\/vc_row][vc_row full_width=&#8221;stretch_row_content_no_spaces&#8221; gap=&#8221;&#8221; css=&#8221;.vc_custom_1661524113420{margin-bottom: 0px !important;padding-right: 14% !important;padding-left: 14% !important;}&#8221;][vc_column][vc_row_inner el_class=&#8221;we-believe-extra-texto susten-bl-1 susten-bl-2&#8243;][vc_column_inner el_class=&#8221;poliprivacy&#8221;][vc_column_text]<\/p>\n<h3>O endere\u00e7o do nosso website.<\/h3>\n<p>https:\/\/newterracotta.com[\/vc_column_text][vc_separator color=&#8221;black&#8221; border_width=&#8221;3&#8243;][vc_empty_space height=&#8221;30px&#8221;][\/vc_column_inner][\/vc_row_inner][vc_row_inner el_class=&#8221;we-believe-extra-texto susten-bl-1 susten-bl-2&#8243;][vc_column_inner el_class=&#8221;poliprivacy&#8221;][vc_column_text]<\/p>\n<h3>Sobre o tratamento de dados.<\/h3>\n<p>A presente Pol\u00edtica de Privacidade determina as condi\u00e7\u00f5es gerais do tratamento de dados pessoais recolhidos pela NWT \u2013 New Terracotta, S.A. (doravante \u201c<strong>NEW TERRACOTTA<\/strong>\u201d), com sede social no Polo Industrial de Vale de Borreg\u00e3o, 3450-097 Marmeleira \u2013 Mort\u00e1gua e com o NIF n\u00ba 510561845, privilegiando sempre a sua privacidade e assegurando o cumprimento do Regulamento (EU) n.\u00ba 2016\/679, de 27 de abril de 2016 (\u201cRGPD\u201d) e demais legisla\u00e7\u00e3o e regulamenta\u00e7\u00e3o nacional aplic\u00e1vel em vigor e de acordo com as orienta\u00e7\u00f5es da Comiss\u00e3o Nacional de Prote\u00e7\u00e3o de Dados (\u201c<strong>CNPD<\/strong>\u201d).[\/vc_column_text][vc_separator color=&#8221;black&#8221; border_width=&#8221;3&#8243;][vc_empty_space height=&#8221;30px&#8221;][\/vc_column_inner][\/vc_row_inner][vc_row_inner el_class=&#8221;we-believe-extra-texto susten-bl-1 susten-bl-2&#8243;][vc_column_inner el_class=&#8221;poliprivacy&#8221;][vc_column_text]<\/p>\n<h3><strong>O que s\u00e3o Dados Pessoais<\/strong><\/h3>\n<p>Ao abrigo do RGPD, s\u00e3o considerados <strong>Dados Pessoais<\/strong> qualquer informa\u00e7\u00e3o, de qualquer natureza e independentemente do respetivo suporte, relativa a uma pessoa singular identificada ou identific\u00e1vel (\u201c<strong>Titular<\/strong>\u201d), direta ou indiretamente, nomeadamente por refer\u00eancia a um elemento identificativo; como sendo o nome, endere\u00e7os postais ou eletr\u00f3nicos, endere\u00e7o de IP, n\u00famero de identifica\u00e7\u00e3o, n\u00famero de telefone, fotografia, dados de localiza\u00e7\u00e3o, assinatura \u201cf\u00edsica\u201d, etc.), dados banc\u00e1rios, etc.. No \u00e2mbito da navega\u00e7\u00e3o do seu Website pelos Utilizadores, a NEW TERRACOTTA pode recolher e tratar Dados Pessoais daqueles.[\/vc_column_text][vc_separator color=&#8221;black&#8221; border_width=&#8221;3&#8243;][vc_empty_space height=&#8221;30px&#8221;][\/vc_column_inner][\/vc_row_inner][vc_row_inner el_class=&#8221;we-believe-extra-texto susten-bl-1 susten-bl-2&#8243;][vc_column_inner el_class=&#8221;poliprivacy&#8221;][vc_column_text]<\/p>\n<h3><strong>Entidade respons\u00e1vel pelo tratamento de dados.<\/strong><\/h3>\n<p>A NEW TERRACOTTA \u00e9 a entidade respons\u00e1vel pelo tratamento dos seus dados pessoais. Na qualidade de Respons\u00e1vel pelo tratamento de Dados Pessoais, a NEW TERRACOTTA presta toda a informa\u00e7\u00e3o relevante aos utilizadores que naveguem no seu Website (\u201c<strong>Utilizadores<\/strong>\u201d).[\/vc_column_text][vc_separator color=&#8221;black&#8221; border_width=&#8221;3&#8243;][vc_empty_space height=&#8221;30px&#8221;][\/vc_column_inner][\/vc_row_inner][vc_row_inner el_class=&#8221;we-believe-extra-texto susten-bl-1 susten-bl-2&#8243;][vc_column_inner el_class=&#8221;poliprivacy&#8221;][vc_column_text]<\/p>\n<h3>Que dados recolhemos.<\/h3>\n<p>Os Dados Pessoais dos Utilizadores do Website s\u00e3o recolhidos atrav\u00e9s do fornecimento direto dos Utilizadores, mediante preenchimento de formul\u00e1rio (de contacto) disponibilizado para o efeito.<\/p>\n<p>Atrav\u00e9s do formul\u00e1rio de contacto a NEW TERRACOTTA recolhe e utiliza diferentes tipos de Dados Pessoais, dependendo da utiliza\u00e7\u00e3o espec\u00edfica pretendida, nomeadamente os seguintes: nome, n\u00famero de telefone, idade, endere\u00e7o de correio eletr\u00f3nico e morada.<\/p>\n<p>A informa\u00e7\u00e3o de navega\u00e7\u00e3o do website \u00e9 recolhida usando cookies de sess\u00e3o que n\u00e3o incluem dados pessoais.<\/p>\n<p>A NEW TERRACOTTA n\u00e3o recolhe dados pessoais nem aceita pedidos de informa\u00e7\u00e3o de menores, com 16 ou menos anos de idade.[\/vc_column_text][vc_separator color=&#8221;black&#8221; border_width=&#8221;3&#8243;][vc_empty_space height=&#8221;30px&#8221;][\/vc_column_inner][\/vc_row_inner][vc_row_inner el_class=&#8221;we-believe-extra-texto susten-bl-1 susten-bl-2&#8243;][vc_column_inner el_class=&#8221;poliprivacy&#8221;][vc_column_text]<\/p>\n<h3>Como usamos os seus dados.<\/h3>\n<p>Os dados do cliente ser\u00e3o apenas usados essencialmente no cumprimento contratual da presta\u00e7\u00e3o de servi\u00e7os e no cumprimento das obriga\u00e7\u00f5es legais aplic\u00e1veis, podendo ser fornecidos a terceiros, estritamente no \u00e2mbito dessa presta\u00e7\u00e3o de servi\u00e7os e para a qual sejam imprescind\u00edveis \u00e0 boa execu\u00e7\u00e3o da mesma ou no \u00e2mbito de obriga\u00e7\u00f5es legais impostas por lei.[\/vc_column_text][vc_separator color=&#8221;black&#8221; border_width=&#8221;3&#8243;][vc_empty_space height=&#8221;30px&#8221;][\/vc_column_inner][\/vc_row_inner][vc_row_inner el_class=&#8221;we-believe-extra-texto susten-bl-1 susten-bl-2&#8243;][vc_column_inner el_class=&#8221;poliprivacy&#8221;][vc_column_text]<\/p>\n<h3>Prazo de conserva\u00e7\u00e3o dos dados pessoais.<\/h3>\n<p>Os dados pessoais ser\u00e3o conservados apenas pelo per\u00edodo m\u00ednimo necess\u00e1rio para as finalidades definidas para o tratamento (obriga\u00e7\u00f5es contratuais e legais) bem como para o cumprimento de eventuais obriga\u00e7\u00f5es impostas \u00e0 NEW TERRACOTTA nos prazos legais ou judiciais para a conserva\u00e7\u00e3o desses dados pessoais. Normalmente, os Dados Pessoais ser\u00e3o eliminados 1 (um) ano ap\u00f3s a cessa\u00e7\u00e3o da rela\u00e7\u00e3o contratual ou no primeiro momento de elimina\u00e7\u00e3o de Dados Pessoais que ocorra ap\u00f3s o decurso desse ano. Sempre que se trate de Dados Pessoais sobre os quais n\u00e3o exista uma obriga\u00e7\u00e3o de conserva\u00e7\u00e3o decorrente da lei, haver\u00e1 elimina\u00e7\u00e3o imediata destes Dados Pessoais a pedido do respetivo Titular.[\/vc_column_text][vc_separator color=&#8221;black&#8221; border_width=&#8221;3&#8243;][vc_empty_space height=&#8221;30px&#8221;][\/vc_column_inner][\/vc_row_inner][vc_row_inner el_class=&#8221;we-believe-extra-texto susten-bl-1 susten-bl-2&#8243;][vc_column_inner el_class=&#8221;poliprivacy&#8221;][vc_column_text]<\/p>\n<h3><strong>Armazenamento de Dados Pessoais<\/strong><\/h3>\n<p>Os Dados Pessoais recolhidos s\u00e3o tratados principalmente atrav\u00e9s de meios eletr\u00f3nicos e alojados em servidores situados nas instala\u00e7\u00f5es da NEW TERRACOTA (sitos em territ\u00f3rio nacional) e na <em>cloud<\/em>.[\/vc_column_text][vc_separator color=&#8221;black&#8221; border_width=&#8221;3&#8243;][vc_empty_space height=&#8221;30px&#8221;][\/vc_column_inner][\/vc_row_inner][vc_row_inner el_class=&#8221;we-believe-extra-texto susten-bl-1 susten-bl-2&#8243;][vc_column_inner el_class=&#8221;poliprivacy&#8221;][vc_column_text]<\/p>\n<h3>Seguran\u00e7a dos dados pessoais.<\/h3>\n<p>A NEW TERRACOTTA preocupa-se com a sua seguran\u00e7a e privacidade e deste modo segue procedimentos t\u00e9cnicos e organizativos que permitem assegurar um n\u00edvel de seguran\u00e7a adequado ao risco por manter os dados pessoais em arquivo e durante a transmiss\u00e3o dos mesmos, limitando a sua utiliza\u00e7\u00e3o ao estritamente necess\u00e1rio e de forma limitada para a finalidade pela qual foram recolhidos.[\/vc_column_text][vc_separator color=&#8221;black&#8221; border_width=&#8221;3&#8243;][vc_empty_space height=&#8221;30px&#8221;][\/vc_column_inner][\/vc_row_inner][vc_row_inner el_class=&#8221;we-believe-extra-texto susten-bl-1 susten-bl-2&#8243;][vc_column_inner el_class=&#8221;poliprivacy&#8221;][vc_column_text]<\/p>\n<h3>Direito de acesso e corre\u00e7\u00e3o dos dados pessoais.<\/h3>\n<p>\u00c9 garantido e concedido ao titular dos dados pessoais e nos termos legais aplic\u00e1veis, o direito de oposi\u00e7\u00e3o, acesso, retifica\u00e7\u00e3o, esquecimento, limita\u00e7\u00e3o do tratamento bem como a portabilidade dos seus dados pessoais. O exerc\u00edcio destes direitos dever\u00e1 ser solicitado para o endere\u00e7o eletr\u00f3nico info@newterracotta.com ou mediante pedido escrito para a sede sita no Polo Industrial de Vale de Borreg\u00e3o, 3450-097 Marmeleira \u2013 Mort\u00e1gua.<\/p>\n<p>T\u00eam ainda direito a reclamar sobre o tratamento dos seus Dados Pessoais. Para tal, e querendo apresentar reclama\u00e7\u00e3o, dever\u00e3o contactar a Autoridade Reguladora Nacional abaixo identificada (ou outra que futuramente a venha a substituir):<\/p>\n<p><strong>Comiss\u00e3o Nacional de Prote\u00e7\u00e3o de Dados<\/strong><\/p>\n<p>Av. D. Carlos I, 134 &#8211; 1.\u00ba, 1200-651 Lisboa<\/p>\n<p>Tel. + 351 21 392 84 00<\/p>\n<p><a href=\"mailto:geral@cnpd.pt\">geral@cnpd.pt<\/a><u> \/ <\/u><a href=\"http:\/\/www.cnpd.pt\">www.cnpd.pt<\/a>[\/vc_column_text][vc_separator color=&#8221;black&#8221; border_width=&#8221;3&#8243;][vc_empty_space height=&#8221;30px&#8221;][\/vc_column_inner][\/vc_row_inner][vc_row_inner el_class=&#8221;we-believe-extra-texto susten-bl-1 susten-bl-2&#8243;][vc_column_inner el_class=&#8221;poliprivacy&#8221;][vc_column_text]<\/p>\n<h3>Cookies e liga\u00e7\u00f5es.<\/h3>\n<p>O website da NEW TERRACOTTA usa cookies t\u00e9cnicos de sess\u00e3o, n\u00e3o usa cookies de an\u00e1lise, cookies publicit\u00e1rios, cookies de personaliza\u00e7\u00e3o nem cookies de publicidade comportamental. Cookies t\u00e9cnicos s\u00e3o cookies indispens\u00e1veis para poder navegar e utilizar todas as funcionalidades do website, n\u00e3o recolhem informa\u00e7\u00e3o que permita identificar o utilizador.<\/p>\n<p>A sua desativa\u00e7\u00e3o poder\u00e1 alterar a forma correta de visualiza\u00e7\u00e3o dos conte\u00fados do website podendo mesmo resultar na limita\u00e7\u00e3o ou impossibilidade da sua visualiza\u00e7\u00e3o. Cookies de sess\u00e3o s\u00e3o cookies t\u00e9cnicos com fun\u00e7\u00e3o de guardar as escolhas do utilizador enquanto navega no website. Ser\u00e3o eliminados assim que sair do browser. Limitam-se unicamente \u00e0 transmiss\u00e3o de identificadores de sess\u00e3o necess\u00e1rios para permitir a explora\u00e7\u00e3o segura e eficiente do website. A NEW TERRACOTTA n\u00e3o se responsabiliza pelo conte\u00fado e exatid\u00e3o dos termos e condi\u00e7\u00f5es de uso e das pol\u00edticas de privacidade de cookies de terceiros. Pode configurar o seu browser para n\u00e3o aceitar cookies, no entanto a n\u00e3o ativa\u00e7\u00e3o de cookies poder\u00e1 resultar na execu\u00e7\u00e3o incorreta de algumas funcionalidades do website. O utilizador pode impedir\/limitar o armazenamento de cookies, atrav\u00e9s das defini\u00e7\u00f5es no seu navegador. Deste modo poder\u00e1 aceder \u00e0s op\u00e7\u00f5es de configura\u00e7\u00e3o de privacidade e selecionar a op\u00e7\u00e3o que permite desativar a aceita\u00e7\u00e3o autom\u00e1tica de cookies. Disponibilizamos em seguida links para as instru\u00e7\u00f5es de configura\u00e7\u00e3o dos cookies dos v\u00e1rios browsers: Google Chrome\u2122, Microsoft Internet Explorer\u2122, Mozilla Firefox\u2122, Apple Safari\u2122, Opera\u2122, Microsoft Edge\u2122. Este website poder\u00e1 conter liga\u00e7\u00f5es a websites externos. Aconselhamos a que consulte as pol\u00edticas de privacidade desses websites, j\u00e1 que a presente pol\u00edtica de privacidade apenas se refere a este website.[\/vc_column_text][vc_separator color=&#8221;black&#8221; border_width=&#8221;3&#8243;][vc_empty_space height=&#8221;30px&#8221;][\/vc_column_inner][\/vc_row_inner][vc_row_inner el_class=&#8221;we-believe-extra-texto susten-bl-1 susten-bl-2&#8243;][vc_column_inner el_class=&#8221;poliprivacy&#8221;][vc_column_text]<\/p>\n<h3>Altera\u00e7\u00f5es \u00e0 pol\u00edtica de privacidade.<\/h3>\n<p>A vers\u00e3o atualizada da nossa pol\u00edtica de privacidade estar\u00e1 sempre dispon\u00edvel no nosso website. A NEW TERRACOTTA reserva o direito de alterar sempre que achar pertinente e sem aviso pr\u00e9vio esta pol\u00edtica de privacidade, sendo essas altera\u00e7\u00f5es devidamente publicitadas no Website.[\/vc_column_text][vc_separator color=&#8221;black&#8221; border_width=&#8221;3&#8243;][vc_empty_space height=&#8221;30px&#8221;][\/vc_column_inner][\/vc_row_inner][vc_row_inner el_class=&#8221;we-believe-extra-texto susten-bl-1 susten-bl-2&#8243;][vc_column_inner el_class=&#8221;poliprivacy&#8221;][vc_column_text]<\/p>\n<h3>Contactos e esclarecimentos.<\/h3>\n<p>Na eventualidade de persistir alguma d\u00favida referente ao tratamento dos dados pessoais por favor contacte-nos para a sede na Polo Industrial de Vale de Borreg\u00e3o, 3450-097 Marmeleira \u2013 Mort\u00e1gua, ou em alternativa pelo +351 214 681 626 ou pelo email: <a href=\"mailto:rgpd@newterracotta.com\">rgpd@newterracotta.com<\/a>.[\/vc_column_text][vc_separator color=&#8221;black&#8221; border_width=&#8221;3&#8243;][vc_empty_space height=&#8221;150px&#8221;][\/vc_column_inner][\/vc_row_inner][\/vc_column][\/vc_row][vc_row full_width=&#8221;stretch_row&#8221; gap=&#8221;&#8221; el_class=&#8221;lets-talk-bloco&#8221; css=&#8221;.vc_custom_1660062966586{margin-bottom: 0px !important;}&#8221;][vc_column width=&#8221;2\/3&#8243;][vc_custom_heading text=&#8221;Necessita de mais informa\u00e7\u00f5es?&#8221;][vc_custom_heading text=&#8221;\u00c0s vezes, s\u00f3 precisamos<br \/>\nde uma ajuda!&#8221; font_container=&#8221;tag:h3|text_align:left&#8221;][\/vc_column][vc_column width=&#8221;1\/3&#8243;][vc_column_text el_class=&#8221;letsLets&#8221;]<\/p>\n<h5 style=\"text-align: center;\"><a href=\"http:\/\/newterracotta.com\/contact-2\/\">Vamos conversar.<\/a><\/h5>\n<p>[\/vc_column_text][\/vc_column][\/vc_row]<\/p>\n","protected":false},"excerpt":{"rendered":"<p>[vc_row full_width=&#8221;stretch_row&#8221; gap=&#8221;&#8221; css=&#8221;.vc_custom_1670923049285{margin-bottom: 0px !important;background-image: url(https:\/\/newterracotta.com\/wp-content\/uploads\/2022\/12\/privacypolicy_image.png?id=62344) !important;}&#8221; el_class=&#8221;fundoDestaqueImg susDestaque&#8221;][vc_column][vc_row_inner][vc_column_inner][vc_column_text el_class=&#8221;cxDestaque cxBranca&#8221;] Pol\u00edtica de Privacidade Esta \u00e9 a nossa pol\u00edtica de privacidade e como tratamos os seus dados na New [&hellip;]<\/p>\n","protected":false},"author":1,"featured_media":0,"parent":0,"menu_order":0,"comment_status":"closed","ping_status":"closed","template":"","meta":{"_monsterinsights_skip_tracking":false,"_monsterinsights_sitenote_active":false,"_monsterinsights_sitenote_note":"","_monsterinsights_sitenote_category":0},"yoast_head":"<!-- This site is optimized with the Yoast SEO plugin v20.6 - https:\/\/yoast.com\/wordpress\/plugins\/seo\/ -->\n<title>Politica de Privacidade - New Terracotta<\/title>\n<meta name=\"robots\" content=\"index, follow, max-snippet:-1, max-image-preview:large, max-video-preview:-1\" \/>\n<link rel=\"canonical\" href=\"https:\/\/newterracotta.com\/pt-pt\/privacy-policy\/\" \/>\n<meta property=\"og:locale\" content=\"pt_PT\" \/>\n<meta property=\"og:type\" content=\"article\" \/>\n<meta property=\"og:title\" content=\"Politica de Privacidade - New Terracotta\" \/>\n<meta property=\"og:description\" content=\"[vc_row full_width=&#8221;stretch_row&#8221; gap=&#8221;&#8221; css=&#8221;.vc_custom_1670923049285{margin-bottom: 0px !important;background-image: url(https:\/\/newterracotta.com\/wp-content\/uploads\/2022\/12\/privacypolicy_image.png?id=62344) !important;}&#8221; el_class=&#8221;fundoDestaqueImg susDestaque&#8221;][vc_column][vc_row_inner][vc_column_inner][vc_column_text el_class=&#8221;cxDestaque cxBranca&#8221;] Pol\u00edtica de Privacidade Esta \u00e9 a nossa pol\u00edtica de privacidade e como tratamos os seus dados na New [&hellip;]\" \/>\n<meta property=\"og:url\" content=\"https:\/\/newterracotta.com\/pt-pt\/privacy-policy\/\" \/>\n<meta property=\"og:site_name\" content=\"New Terracotta\" \/>\n<meta property=\"article:modified_time\" content=\"2024-08-12T08:33:55+00:00\" \/>\n<meta name=\"twitter:card\" content=\"summary_large_image\" \/>\n<meta name=\"twitter:label1\" content=\"Tempo estimado de leitura\" \/>\n\t<meta name=\"twitter:data1\" content=\"6 minutos\" \/>\n<script type=\"application\/ld+json\" class=\"yoast-schema-graph\">{\"@context\":\"https:\/\/schema.org\",\"@graph\":[{\"@type\":\"WebPage\",\"@id\":\"https:\/\/newterracotta.com\/pt-pt\/privacy-policy\/\",\"url\":\"https:\/\/newterracotta.com\/pt-pt\/privacy-policy\/\",\"name\":\"Politica de Privacidade - New Terracotta\",\"isPartOf\":{\"@id\":\"https:\/\/newterracotta.com\/#website\"},\"datePublished\":\"2019-08-19T22:12:27+00:00\",\"dateModified\":\"2024-08-12T08:33:55+00:00\",\"inLanguage\":\"pt-PT\",\"potentialAction\":[{\"@type\":\"ReadAction\",\"target\":[\"https:\/\/newterracotta.com\/pt-pt\/privacy-policy\/\"]}]},{\"@type\":\"WebSite\",\"@id\":\"https:\/\/newterracotta.com\/#website\",\"url\":\"https:\/\/newterracotta.com\/\",\"name\":\"New Terracotta\",\"description\":\"Portuguese Handmade\",\"potentialAction\":[{\"@type\":\"SearchAction\",\"target\":{\"@type\":\"EntryPoint\",\"urlTemplate\":\"https:\/\/newterracotta.com\/?s={search_term_string}\"},\"query-input\":\"required name=search_term_string\"}],\"inLanguage\":\"pt-PT\"}]}<\/script>\n<!-- \/ Yoast SEO plugin. -->","yoast_head_json":{"title":"Politica de Privacidade - New Terracotta","robots":{"index":"index","follow":"follow","max-snippet":"max-snippet:-1","max-image-preview":"max-image-preview:large","max-video-preview":"max-video-preview:-1"},"canonical":"https:\/\/newterracotta.com\/pt-pt\/privacy-policy\/","og_locale":"pt_PT","og_type":"article","og_title":"Politica de Privacidade - New Terracotta","og_description":"[vc_row full_width=&#8221;stretch_row&#8221; gap=&#8221;&#8221; css=&#8221;.vc_custom_1670923049285{margin-bottom: 0px !important;background-image: url(https:\/\/newterracotta.com\/wp-content\/uploads\/2022\/12\/privacypolicy_image.png?id=62344) !important;}&#8221; el_class=&#8221;fundoDestaqueImg susDestaque&#8221;][vc_column][vc_row_inner][vc_column_inner][vc_column_text el_class=&#8221;cxDestaque cxBranca&#8221;] Pol\u00edtica de Privacidade Esta \u00e9 a nossa pol\u00edtica de privacidade e como tratamos os seus dados na New [&hellip;]","og_url":"https:\/\/newterracotta.com\/pt-pt\/privacy-policy\/","og_site_name":"New Terracotta","article_modified_time":"2024-08-12T08:33:55+00:00","twitter_card":"summary_large_image","twitter_misc":{"Tempo estimado de leitura":"6 minutos"},"schema":{"@context":"https:\/\/schema.org","@graph":[{"@type":"WebPage","@id":"https:\/\/newterracotta.com\/pt-pt\/privacy-policy\/","url":"https:\/\/newterracotta.com\/pt-pt\/privacy-policy\/","name":"Politica de Privacidade - New Terracotta","isPartOf":{"@id":"https:\/\/newterracotta.com\/#website"},"datePublished":"2019-08-19T22:12:27+00:00","dateModified":"2024-08-12T08:33:55+00:00","inLanguage":"pt-PT","potentialAction":[{"@type":"ReadAction","target":["https:\/\/newterracotta.com\/pt-pt\/privacy-policy\/"]}]},{"@type":"WebSite","@id":"https:\/\/newterracotta.com\/#website","url":"https:\/\/newterracotta.com\/","name":"New Terracotta","description":"Portuguese Handmade","potentialAction":[{"@type":"SearchAction","target":{"@type":"EntryPoint","urlTemplate":"https:\/\/newterracotta.com\/?s={search_term_string}"},"query-input":"required name=search_term_string"}],"inLanguage":"pt-PT"}]}},"_links":{"self":[{"href":"https:\/\/newterracotta.com\/pt-pt\/wp-json\/wp\/v2\/pages\/11801"}],"collection":[{"href":"https:\/\/newterracotta.com\/pt-pt\/wp-json\/wp\/v2\/pages"}],"about":[{"href":"https:\/\/newterracotta.com\/pt-pt\/wp-json\/wp\/v2\/types\/page"}],"author":[{"embeddable":true,"href":"https:\/\/newterracotta.com\/pt-pt\/wp-json\/wp\/v2\/users\/1"}],"replies":[{"embeddable":true,"href":"https:\/\/newterracotta.com\/pt-pt\/wp-json\/wp\/v2\/comments?post=11801"}],"version-history":[{"count":13,"href":"https:\/\/newterracotta.com\/pt-pt\/wp-json\/wp\/v2\/pages\/11801\/revisions"}],"predecessor-version":[{"id":63202,"href":"https:\/\/newterracotta.com\/pt-pt\/wp-json\/wp\/v2\/pages\/11801\/revisions\/63202"}],"wp:attachment":[{"href":"https:\/\/newterracotta.com\/pt-pt\/wp-json\/wp\/v2\/media?parent=11801"}],"curies":[{"name":"wp","href":"https:\/\/api.w.org\/{rel}","templated":true}]}}