{"id":11831,"date":"2019-08-19T22:15:39","date_gmt":"2019-08-19T22:15:39","guid":{"rendered":"http:\/\/newterracotta.com\/?page_id=11831"},"modified":"2022-12-19T19:41:25","modified_gmt":"2022-12-19T19:41:25","slug":"about-portuguese-legacy","status":"publish","type":"page","link":"https:\/\/newterracotta.com\/pt-pt\/about-portuguese-legacy\/","title":{"rendered":"O est\u00fadio"},"content":{"rendered":"<p>[vc_row full_width=&#8221;stretch_row&#8221; gap=&#8221;&#8221; css=&#8221;.vc_custom_1664289528915{margin-bottom: 0px !important;background-image: url(https:\/\/newterracotta.com\/wp-content\/uploads\/2022\/08\/NWT-About-The-Studio.jpg?id=43777) !important;background-position: center !important;background-repeat: no-repeat !important;background-size: cover !important;}&#8221; el_class=&#8221;fundoDestaqueImg&#8221;][vc_column][vc_row_inner][vc_column_inner][vc_column_text el_class=&#8221;cxDestaque cxBranca&#8221;]<\/p>\n<h1>O Est\u00fadio<\/h1>\n<h3>Colabora\u00e7\u00f5es espetaculares<\/h3>\n<p>[\/vc_column_text][\/vc_column_inner][\/vc_row_inner][\/vc_column][\/vc_row][vc_row full_width=&#8221;stretch_row_content_no_spaces&#8221; gap=&#8221;&#8221; css=&#8221;.vc_custom_1661527109970{margin-bottom: 0px !important;padding-right: 8% !important;padding-left: 8% !important;background-position: center !important;background-repeat: no-repeat !important;background-size: cover !important;}&#8221;][vc_column][vc_row_inner el_class=&#8221;we-believe-extra-texto susten-bl-1 susten-bl-3&#8243;][vc_column_inner][vc_empty_space height=&#8221;100px&#8221;][vc_column_text]<\/p>\n<h2 class=\"desc-titulo-cor\"><b>Brincar com o barro e vidrados<\/b> d\u00e1-nos espa\u00e7o para correr riscos, sujar as m\u00e3os, explorar novas ideias e sonhar. A nossa abordagem \u00e9 verdadeiramente colaborativa e experimental, com uma genu\u00edna satisfa\u00e7\u00e3o em trabalhar com os outros. Adoramos ajudar designers talentosos a expressar o seu potencial.<\/h2>\n<p>&nbsp;<\/p>\n<h2 class=\"desc-titulo-cor\">A nossa equipa de peritos de cer\u00e2mica e artes\u00e3os experientes permite-nos colaborar com artistas, designers e arquitetos de topo nos seus projetos espetaculares.<\/h2>\n<p>[\/vc_column_text][vc_empty_space height=&#8221;5px&#8221;][\/vc_column_inner][\/vc_row_inner][\/vc_column][\/vc_row][vc_row full_width=&#8221;stretch_row_content&#8221; gap=&#8221;&#8221; el_class=&#8221;studio-mansory&#8221;][vc_column][vc_row_inner][vc_column_inner][vc_raw_html]JTNDaW1nJTIwY2xhc3MlM0QlMjJhbGlnbm5vbmUlMjBzaXplLWZ1bGwlMjB3cC1pbWFnZS00MzY3NSUyMiUyMHNyYyUzRCUyMmh0dHBzJTNBJTJGJTJGbmV3dGVycmFjb3R0YS5jb20lMkZ3cC1jb250ZW50JTJGdXBsb2FkcyUyRjIwMjIlMkYwOCUyRk5XVC1BYm91dC1UaGUtU3R1ZGlvLUhhbmQtQ3V0LVRpbGUtRnJhbWUuanBnJTIyJTIwYWx0JTNEJTIyJTIyJTIwd2lkdGglM0QlMjI3MTAlMjIlMjBoZWlnaHQlM0QlMjIxMDAwJTIyJTIwJTJGJTNFJTBBJTNDaW1nJTIwY2xhc3MlM0QlMjJhbGlnbm5vbmUlMjBzaXplLWZ1bGwlMjB3cC1pbWFnZS00MzY4NyUyMiUyMHNyYyUzRCUyMmh0dHBzJTNBJTJGJTJGbmV3dGVycmFjb3R0YS5jb20lMkZ3cC1jb250ZW50JTJGdXBsb2FkcyUyRjIwMjIlMkYwOCUyRk5XVC1BYm91dC1UaGUtU3R1ZGlvLUhhbmRtYWRlLVRpbGVzLmpwZyUyMiUyMGFsdCUzRCUyMiUyMiUyMHdpZHRoJTNEJTIyMTUwMCUyMiUyMGhlaWdodCUzRCUyMjEwMDAlMjIlMjAlMkYlM0UlMEElM0NpbWclMjBjbGFzcyUzRCUyMmFsaWdubm9uZSUyMHNpemUtZnVsbCUyMHdwLWltYWdlLTQzNzcxJTIyJTIwc3JjJTNEJTIyaHR0cHMlM0ElMkYlMkZuZXd0ZXJyYWNvdHRhLmNvbSUyRndwLWNvbnRlbnQlMkZ1cGxvYWRzJTJGMjAyMiUyRjA4JTJGTldULUFib3V0LVRoZS1TdHVkaW8tU21pbmstU3R1ZGlvLURlc2lnbmVyLVRpbGVzLmpwZyUyMiUyMGFsdCUzRCUyMiUyMiUyMHdpZHRoJTNEJTIyMTUwMCUyMiUyMGhlaWdodCUzRCUyMjEwMDAlMjIlMjAlMkYlM0UlMEElM0NpbWclMjBjbGFzcyUzRCUyMmFsaWdubm9uZSUyMHNpemUtZnVsbCUyMHdwLWltYWdlLTQzNjQ1JTIyJTIwc3JjJTNEJTIyaHR0cHMlM0ElMkYlMkZuZXd0ZXJyYWNvdHRhLmNvbSUyRndwLWNvbnRlbnQlMkZ1cGxvYWRzJTJGMjAyMiUyRjA4JTJGTldULUFib3V0LVRoZS1TdHVkaW8tQWZ0ZXItSmFja2llLUhhbmQtUGFpbnRlZC1UaWxlLVBhbmVsLmpwZyUyMiUyMGFsdCUzRCUyMiUyMiUyMHdpZHRoJTNEJTIyMTUwMCUyMiUyMGhlaWdodCUzRCUyMjEwMDAlMjIlMjAlMkYlM0UlMEElM0NpbWclMjBjbGFzcyUzRCUyMmFsaWdubm9uZSUyMHNpemUtZnVsbCUyMHdwLWltYWdlLTQzNjU3JTIyJTIwc3JjJTNEJTIyaHR0cHMlM0ElMkYlMkZuZXd0ZXJyYWNvdHRhLmNvbSUyRndwLWNvbnRlbnQlMkZ1cGxvYWRzJTJGMjAyMiUyRjA4JTJGTldULUFib3V0LVRoZS1TdHVkaW8tQ29sb3VyLUFsY2hpbWlzdHMuanBnJTIyJTIwYWx0JTNEJTIyJTIyJTIwd2lkdGglM0QlMjIxNTAwJTIyJTIwaGVpZ2h0JTNEJTIyMTAwMCUyMiUyMCUyRiUzRSUwQSUzQ2ltZyUyMGNsYXNzJTNEJTIyYWxpZ25ub25lJTIwc2l6ZS1mdWxsJTIwd3AtaW1hZ2UtNDM2ODElMjIlMjBzcmMlM0QlMjJodHRwcyUzQSUyRiUyRm5ld3RlcnJhY290dGEuY29tJTJGd3AtY29udGVudCUyRnVwbG9hZHMlMkYyMDIyJTJGMDglMkZOV1QtQWJvdXQtVGhlLVN0dWRpby1IYW5kLVNjcmVlbi1QcmludGVkLVRpbGVzLmpwZyUyMiUyMGFsdCUzRCUyMiUyMiUyMHdpZHRoJTNEJTIyNzEwJTIyJTIwaGVpZ2h0JTNEJTIyMTAwMCUyMiUyMCUyRiUzRQ==[\/vc_raw_html][\/vc_column_inner][\/vc_row_inner][vc_empty_space height=&#8221;20px&#8221;][vc_gallery interval=&#8221;0&#8243; images=&#8221;55420,55426,55432,55438,55444,55450,55456,55462,55468,55474,55480&#8243; img_size=&#8221;full&#8221; el_class=&#8221;fullSlide&#8221;][\/vc_column][\/vc_row][vc_row full_width=&#8221;stretch_row_content_no_spaces&#8221; gap=&#8221;&#8221; css=&#8221;.vc_custom_1661527109970{margin-bottom: 0px !important;padding-right: 8% !important;padding-left: 8% !important;background-position: center !important;background-repeat: no-repeat !important;background-size: cover !important;}&#8221;][vc_column][vc_row_inner el_class=&#8221;we-believe-extra-texto susten-bl-1 susten-bl-3 studio-1&#8243;][vc_column_inner][vc_empty_space height=&#8221;20px&#8221;][vc_column_text el_class=&#8221;osquatrocentos&#8221;]<\/p>\n<h2 class=\"desc-titulo-cor\"><b>Ouvir e aprender.<\/b> Come\u00e7amos por ouvir a vis\u00e3o criativa do nosso cliente, dedicando o tempo necess\u00e1rio a entender as suas necessidades e desejos fundamentais, mas procurando exceder os limites da sua imagina\u00e7\u00e3o com o nosso conhecimento daquilo que \u00e9 poss\u00edvel.<\/h2>\n<p>Conceito <strong>&gt;<\/strong> Di\u00e1logo <strong>&gt;<\/strong> Testes e aprova\u00e7\u00f5es <strong>&gt;<\/strong> Produ\u00e7\u00e3o <strong>&gt;<\/strong> Entrega e instala\u00e7\u00e3o[\/vc_column_text][vc_empty_space height=&#8221;100px&#8221;][\/vc_column_inner][\/vc_row_inner][\/vc_column][\/vc_row][vc_row full_width=&#8221;stretch_row_content_no_spaces&#8221; gap=&#8221;&#8221; css=&#8221;.vc_custom_1662109937357{padding-right: 12% !important;padding-left: 12% !important;background-color: #faefec !important;}&#8221; el_class=&#8221;bl-rosa-studio&#8221;][vc_column][vc_empty_space height=&#8221;100px&#8221;][vc_row_inner el_class=&#8221;we-believe-extra-texto susten-bl-1 susten-bl-3 susten-bl-6 studio-2&#8243;][vc_column_inner width=&#8221;2\/3&#8243; css=&#8221;.vc_custom_1661527647292{padding-right: 10% !important;}&#8221;][vc_column_text]<\/p>\n<h3>Restauro Hist\u00f3rico.<\/h3>\n<p style=\"text-align: left;\">A New Terracotta possui consider\u00e1veis<br \/>\nconhecimentos especializados e uma vasta experi\u00eancia<br \/>\ncom azulejos em edif\u00edcios classificados.<br \/>\nJ\u00e1 fornecemos azulejos personalizados para pal\u00e1cios, monumentos,<br \/>\nigrejas e resid\u00eancias particulares, no \u00e2mbito de projetos que envolveram<br \/>\npedidos e requisitos muito espec\u00edficos em termos de qualidade, aspeto e dimens\u00f5es.<\/p>\n<p>[\/vc_column_text][\/vc_column_inner][vc_column_inner width=&#8221;1\/3&#8243;][vc_single_image image=&#8221;43698&#8243; img_size=&#8221;full&#8221;][\/vc_column_inner][\/vc_row_inner][vc_empty_space height=&#8221;100px&#8221;][vc_row_inner el_class=&#8221;we-believe-extra-texto susten-bl-1 susten-bl-3 susten-bl-6 studio-2&#8243;][vc_column_inner width=&#8221;2\/3&#8243; css=&#8221;.vc_custom_1661527647292{padding-right: 10% !important;}&#8221;][vc_column_text]<\/p>\n<h3>Encomendas pintadas \u00e0<br \/>\nm\u00e3o personalizadas.<\/h3>\n<p>Seja na personaliza\u00e7\u00e3o de um dos nossos designs<br \/>\nexistentes ou na colabora\u00e7\u00e3o connosco numa cria\u00e7\u00e3o<br \/>\ncompletamente personalizada, os nossos peritos gui\u00e1-lo-\u00e3o<br \/>\nao longo deste excitante processo.<\/p>\n<p>Utilizando uma variedade de t\u00e9cnicas de pintura,<br \/>\ns\u00e3o aplicados os vidrados que, com o fogo, criam pe\u00e7as<br \/>\nindividuais deslumbrantes de arte cer\u00e2mica com tremenda<br \/>\nprofundidade de cor e car\u00e1ter.<\/p>\n<p>[\/vc_column_text][\/vc_column_inner][vc_column_inner width=&#8221;1\/3&#8243;][vc_single_image image=&#8221;43656&#8243; img_size=&#8221;full&#8221;][\/vc_column_inner][\/vc_row_inner][vc_empty_space height=&#8221;100px&#8221;][vc_row_inner el_class=&#8221;we-believe-extra-texto susten-bl-1 susten-bl-3 susten-bl-6 studio-2&#8243;][vc_column_inner width=&#8221;2\/3&#8243; css=&#8221;.vc_custom_1661527647292{padding-right: 10% !important;}&#8221;][vc_column_text]<\/p>\n<h3>Objetos em barro<br \/>\npersonalizados contempor\u00e2neos.<\/h3>\n<p>O barro d\u00e1 liberdade para criar algo intenso,<br \/>\ncru, exuberante. Permite empilhar,<br \/>\ndesconstruir e cometer erros.<\/p>\n<p>Utilizando ferramentas modernas, m\u00e3os especializadas e<br \/>\no talento dos artistas, criamos superf\u00edcies tridimensionais<br \/>\npersonalizadas e esculturas volum\u00e9tricas contempor\u00e2neas.[\/vc_column_text][\/vc_column_inner][vc_column_inner width=&#8221;1\/3&#8243;][vc_single_image image=&#8221;43668&#8243; img_size=&#8221;full&#8221;][\/vc_column_inner][\/vc_row_inner][vc_empty_space height=&#8221;100px&#8221;][\/vc_column][\/vc_row][vc_row full_width=&#8221;stretch_row_content_no_spaces&#8221; gap=&#8221;&#8221; css=&#8221;.vc_custom_1661525038188{margin-bottom: 0px !important;padding-right: 14% !important;padding-left: 14% !important;background-position: center !important;background-repeat: no-repeat !important;background-size: cover !important;}&#8221;][vc_column][vc_row_inner el_class=&#8221;we-believe-extra-texto susten-bl-1 susten-bl-3&#8243;][vc_column_inner][vc_empty_space height=&#8221;100px&#8221;][vc_column_text css=&#8221;.vc_custom_1671037460814{padding-right: 10% !important;}&#8221; el_class=&#8221;fica-muito-grande&#8221;]<\/p>\n<h2 class=\"desc-titulo-cor\"><b>Tudo o que \u00e9 preciso \u00e9 barro, vidrados, m\u00e3os e fogo.<br \/>\nTemos tudo isto.<\/b><\/h2>\n<p>[\/vc_column_text][vc_empty_space height=&#8221;100px&#8221;][vc_single_image image=&#8221;43674&#8243; img_size=&#8221;full&#8221;][vc_empty_space height=&#8221;100px&#8221;][\/vc_column_inner][\/vc_row_inner][\/vc_column][\/vc_row][vc_row full_width=&#8221;stretch_row&#8221; gap=&#8221;&#8221; el_class=&#8221;lets-talk-bloco&#8221; css=&#8221;.vc_custom_1660062966586{margin-bottom: 0px !important;}&#8221;][vc_column width=&#8221;2\/3&#8243;][vc_custom_heading text=&#8221;Tem um projeto<br \/>\nem mente? &#8220;][vc_custom_heading text=&#8221;Adorar\u00edamos ouvi-lo! &#8221; font_container=&#8221;tag:h3|text_align:left&#8221;][\/vc_column][vc_column width=&#8221;1\/3&#8243;][vc_column_text el_class=&#8221;letsLets&#8221;]<\/p>\n<h5 style=\"text-align: center;\"><a href=\"http:\/\/newterracotta.com\/contact-2\/\">Vamos Conversar.<\/a><\/h5>\n<p>[\/vc_column_text][\/vc_column][\/vc_row]<\/p>\n","protected":false},"excerpt":{"rendered":"<p>[vc_row full_width=&#8221;stretch_row&#8221; gap=&#8221;&#8221; css=&#8221;.vc_custom_1664289528915{margin-bottom: 0px !important;background-image: url(https:\/\/newterracotta.com\/wp-content\/uploads\/2022\/08\/NWT-About-The-Studio.jpg?id=43777) !important;background-position: center !important;background-repeat: no-repeat !important;background-size: cover !important;}&#8221; el_class=&#8221;fundoDestaqueImg&#8221;][vc_column][vc_row_inner][vc_column_inner][vc_column_text el_class=&#8221;cxDestaque cxBranca&#8221;] O Est\u00fadio Colabora\u00e7\u00f5es espetaculares [\/vc_column_text][\/vc_column_inner][\/vc_row_inner][\/vc_column][\/vc_row][vc_row full_width=&#8221;stretch_row_content_no_spaces&#8221; gap=&#8221;&#8221; css=&#8221;.vc_custom_1661527109970{margin-bottom: 0px !important;padding-right: 8% !important;padding-left: 8% [&hellip;]<\/p>\n","protected":false},"author":1,"featured_media":0,"parent":0,"menu_order":0,"comment_status":"closed","ping_status":"closed","template":"","meta":{"_monsterinsights_skip_tracking":false,"_monsterinsights_sitenote_active":false,"_monsterinsights_sitenote_note":"","_monsterinsights_sitenote_category":0},"yoast_head":"<!-- This site is optimized with the Yoast SEO plugin v20.6 - https:\/\/yoast.com\/wordpress\/plugins\/seo\/ -->\n<title>O est\u00fadio - New Terracotta<\/title>\n<meta name=\"description\" content=\"O AZULEJO \u00e9 um elemento identificativo da Cultura Portuguesa, revelando algumas das suas matrizes profundas\" \/>\n<meta name=\"robots\" content=\"index, follow, max-snippet:-1, max-image-preview:large, max-video-preview:-1\" \/>\n<link rel=\"canonical\" href=\"https:\/\/newterracotta.com\/pt-pt\/about-portuguese-legacy\/\" \/>\n<meta property=\"og:locale\" content=\"pt_PT\" \/>\n<meta property=\"og:type\" content=\"article\" \/>\n<meta property=\"og:title\" content=\"O est\u00fadio - New Terracotta\" \/>\n<meta property=\"og:description\" content=\"O AZULEJO \u00e9 um elemento identificativo da Cultura Portuguesa, revelando algumas das suas matrizes profundas\" \/>\n<meta property=\"og:url\" content=\"https:\/\/newterracotta.com\/pt-pt\/about-portuguese-legacy\/\" \/>\n<meta property=\"og:site_name\" content=\"New Terracotta\" \/>\n<meta property=\"article:modified_time\" content=\"2022-12-19T19:41:25+00:00\" \/>\n<meta name=\"twitter:card\" content=\"summary_large_image\" \/>\n<meta name=\"twitter:label1\" content=\"Tempo estimado de leitura\" \/>\n\t<meta name=\"twitter:data1\" content=\"2 minutos\" \/>\n<script type=\"application\/ld+json\" class=\"yoast-schema-graph\">{\"@context\":\"https:\/\/schema.org\",\"@graph\":[{\"@type\":\"WebPage\",\"@id\":\"https:\/\/newterracotta.com\/pt-pt\/about-portuguese-legacy\/\",\"url\":\"https:\/\/newterracotta.com\/pt-pt\/about-portuguese-legacy\/\",\"name\":\"O est\u00fadio - New Terracotta\",\"isPartOf\":{\"@id\":\"https:\/\/newterracotta.com\/#website\"},\"datePublished\":\"2019-08-19T22:15:39+00:00\",\"dateModified\":\"2022-12-19T19:41:25+00:00\",\"description\":\"O AZULEJO \u00e9 um elemento identificativo da Cultura Portuguesa, revelando algumas das suas matrizes profundas\",\"inLanguage\":\"pt-PT\",\"potentialAction\":[{\"@type\":\"ReadAction\",\"target\":[\"https:\/\/newterracotta.com\/pt-pt\/about-portuguese-legacy\/\"]}]},{\"@type\":\"WebSite\",\"@id\":\"https:\/\/newterracotta.com\/#website\",\"url\":\"https:\/\/newterracotta.com\/\",\"name\":\"New Terracotta\",\"description\":\"Portuguese Handmade\",\"potentialAction\":[{\"@type\":\"SearchAction\",\"target\":{\"@type\":\"EntryPoint\",\"urlTemplate\":\"https:\/\/newterracotta.com\/?s={search_term_string}\"},\"query-input\":\"required name=search_term_string\"}],\"inLanguage\":\"pt-PT\"}]}<\/script>\n<!-- \/ Yoast SEO plugin. -->","yoast_head_json":{"title":"O est\u00fadio - New Terracotta","description":"O AZULEJO \u00e9 um elemento identificativo da Cultura Portuguesa, revelando algumas das suas matrizes profundas","robots":{"index":"index","follow":"follow","max-snippet":"max-snippet:-1","max-image-preview":"max-image-preview:large","max-video-preview":"max-video-preview:-1"},"canonical":"https:\/\/newterracotta.com\/pt-pt\/about-portuguese-legacy\/","og_locale":"pt_PT","og_type":"article","og_title":"O est\u00fadio - New Terracotta","og_description":"O AZULEJO \u00e9 um elemento identificativo da Cultura Portuguesa, revelando algumas das suas matrizes profundas","og_url":"https:\/\/newterracotta.com\/pt-pt\/about-portuguese-legacy\/","og_site_name":"New Terracotta","article_modified_time":"2022-12-19T19:41:25+00:00","twitter_card":"summary_large_image","twitter_misc":{"Tempo estimado de leitura":"2 minutos"},"schema":{"@context":"https:\/\/schema.org","@graph":[{"@type":"WebPage","@id":"https:\/\/newterracotta.com\/pt-pt\/about-portuguese-legacy\/","url":"https:\/\/newterracotta.com\/pt-pt\/about-portuguese-legacy\/","name":"O est\u00fadio - New Terracotta","isPartOf":{"@id":"https:\/\/newterracotta.com\/#website"},"datePublished":"2019-08-19T22:15:39+00:00","dateModified":"2022-12-19T19:41:25+00:00","description":"O AZULEJO \u00e9 um elemento identificativo da Cultura Portuguesa, revelando algumas das suas matrizes profundas","inLanguage":"pt-PT","potentialAction":[{"@type":"ReadAction","target":["https:\/\/newterracotta.com\/pt-pt\/about-portuguese-legacy\/"]}]},{"@type":"WebSite","@id":"https:\/\/newterracotta.com\/#website","url":"https:\/\/newterracotta.com\/","name":"New Terracotta","description":"Portuguese Handmade","potentialAction":[{"@type":"SearchAction","target":{"@type":"EntryPoint","urlTemplate":"https:\/\/newterracotta.com\/?s={search_term_string}"},"query-input":"required name=search_term_string"}],"inLanguage":"pt-PT"}]}},"_links":{"self":[{"href":"https:\/\/newterracotta.com\/pt-pt\/wp-json\/wp\/v2\/pages\/11831"}],"collection":[{"href":"https:\/\/newterracotta.com\/pt-pt\/wp-json\/wp\/v2\/pages"}],"about":[{"href":"https:\/\/newterracotta.com\/pt-pt\/wp-json\/wp\/v2\/types\/page"}],"author":[{"embeddable":true,"href":"https:\/\/newterracotta.com\/pt-pt\/wp-json\/wp\/v2\/users\/1"}],"replies":[{"embeddable":true,"href":"https:\/\/newterracotta.com\/pt-pt\/wp-json\/wp\/v2\/comments?post=11831"}],"version-history":[{"count":31,"href":"https:\/\/newterracotta.com\/pt-pt\/wp-json\/wp\/v2\/pages\/11831\/revisions"}],"predecessor-version":[{"id":62851,"href":"https:\/\/newterracotta.com\/pt-pt\/wp-json\/wp\/v2\/pages\/11831\/revisions\/62851"}],"wp:attachment":[{"href":"https:\/\/newterracotta.com\/pt-pt\/wp-json\/wp\/v2\/media?parent=11831"}],"curies":[{"name":"wp","href":"https:\/\/api.w.org\/{rel}","templated":true}]}}