{"id":24991,"date":"2019-09-20T11:20:58","date_gmt":"2019-09-20T11:20:58","guid":{"rendered":"https:\/\/newterracotta.com\/?page_id=24991"},"modified":"2022-12-19T19:16:06","modified_gmt":"2022-12-19T19:16:06","slug":"projectos","status":"publish","type":"page","link":"https:\/\/newterracotta.com\/pt-pt\/projectos\/","title":{"rendered":"PROJETOS"},"content":{"rendered":"<p>[vc_row full_width=&#8221;stretch_row&#8221; gap=&#8221;&#8221; el_class=&#8221;fundoDestaqueImg fundoProjectsFull&#8221; css=&#8221;.vc_custom_1664289339418{background-image: url(https:\/\/newterracotta.com\/wp-content\/uploads\/2022\/08\/Grupo-50@2x.png?id=32192) !important;background-position: center !important;background-repeat: no-repeat !important;background-size: cover !important;}&#8221;][vc_column][vc_row_inner][vc_column_inner][vc_column_text el_class=&#8221;cxDestaque cxBranca&#8221;]<\/p>\n<h1>Projetos<\/h1>\n<h3>Uma sele\u00e7\u00e3o cuidada de projetos que ajudaram a definir a materialidade dos nossos azulejos.<\/h3>\n<p>[\/vc_column_text][\/vc_column_inner][\/vc_row_inner][\/vc_column][\/vc_row][vc_row full_width=&#8221;stretch_row_content_no_spaces&#8221; gap=&#8221;&#8221; el_class=&#8221;pre-portefolio&#8221; css=&#8221;.vc_custom_1661358633346{padding-right: 8% !important;padding-left: 8% !important;}&#8221;][vc_column][vc_empty_space height=&#8221;100px&#8221;][vc_column_text el_class=&#8221;pre-pre-portefolio&#8221;]<\/p>\n<h4 style=\"text-align: left;\"><b>A nossa lista de clientes<\/b> \u00e9 diversificada e trabalhamos tanto em projetos grandes, quanto pequenos. Apoiamos pequenos est\u00fadios e colaboramos com os grandes nomes da arquitetura.<\/h4>\n<p>[\/vc_column_text][vc_empty_space height=&#8221;30px&#8221;][vc_separator color=&#8221;black&#8221; align=&#8221;align_left&#8221; border_width=&#8221;4&#8243;][vc_empty_space height=&#8221;30px&#8221;][vc_row_inner css=&#8221;.vc_custom_1661359924755{padding-right: 5% !important;padding-left: 5% !important;}&#8221; el_class=&#8221;referencia-projetos&#8221;][vc_column_inner][vc_column_text]<\/p>\n<h4>Refer\u00eancias<\/h4>\n<p>Banyan Tree | Casa Cook Hotels | Chanel | Christian Louboutin | Diptyque | Experimental Group | Expo Dubai 2020 | Four Seasons | Freeport Fashion Outlet | Google | InkoNito | Jamie Oliver | Grupo Jos\u00e9 Avillez | Herm\u00e9s\u00a0 | Hilton | Kujten | Maisons Pariente | Mandarin Oriental | Marriott | Nando\u2019s | OLX | Radisson Blu | Renaissance | Shangri-La | SMCP | Soho House | Starbucks | Tammy and Benjamin | W Hotel[\/vc_column_text][vc_empty_space height=&#8221;30px&#8221;][\/vc_column_inner][\/vc_row_inner][\/vc_column][\/vc_row][vc_row full_width=&#8221;stretch_row_content_no_spaces&#8221; gap=&#8221;inner-100&#8243; el_class=&#8221;projectos-terra&#8221; css=&#8221;.vc_custom_1661358719844{padding-right: 12% !important;padding-left: 12% !important;}&#8221;][vc_column]<div class=\"piwo-portfolio  id_169eb7344ab754738713988\" data-header-size=\"6\"><div class=\"piwo-portfolio-masonry piwo-grid piwo-3-col show-gutter  animate-text \" data-hover=\"hover4\" data-ppp=\"8\" data-style=\"0\" data-cat=\"\" data-ismasonry=\"0\" data-imgbg=\"1\" data-layout=\"default\" data-custom-layout=\"\" data-open=\"portfolio_page\" data-aostype=\"\"><div class=\"grid-sizer\"><\/div><div class=\"gutter-sizer\"><\/div><article class=\"cat-641 cat-901 \"><div class=\"piwo-portfolio-item text-below hover4 open-portfolio_page\" data-aos=\"\" data-aos-delay=\"0\"><a class=\"portfolio-link\" href=\"https:\/\/newterracotta.com\/pt-pt\/piwo_portfolio\/dr-prevost-facade\/\"><\/a><div class=\"image-wrapper\"><div class=\"portfolio-hover-img\" ><\/div><span class=\"portfolio-img\" style=\"background-image: url(https:\/\/newterracotta.com\/wp-content\/uploads\/2022\/08\/NWT-Projects-Field-Tiles-Square-14x14cm-B014-Chicago-Cobalt-Blue-5.jpg)\"><\/span><\/div>\n\t\t<div class=\"portfolio-text\" >\n\t\t\t<ul class=\"portfolio-category\">\n\t\t\t\t<li><a class=\"piwo-hover-text\" href=\"https:\/\/newterracotta.com\/ar\/piwo_portfolio_categories\/projectos-ar\/\" title=\"Projectos\">Projectos<\/a><\/li><li><a class=\"piwo-hover-text\" href=\"https:\/\/newterracotta.com\/zh-hans\/piwo_portfolio_categories\/geneve-switzerland-zh-hans\/\" title=\"Gen\u00e8ve, Switzerland\">Gen\u00e8ve, Switzerland<\/a><\/li>\n\t\t\t<\/ul>\n\t\t\t<h3 class=\"portfolio-title\" data-title=\"Dr. Pr\u00e9vost Facade\"><span>Dr. Pr\u00e9vost Facade<\/span><\/h3>\n\t\t<\/div>\n\t\t\n\t<\/div><\/article><article class=\"cat-146 cat-408 \"><div class=\"piwo-portfolio-item text-below hover4 open-portfolio_page\" data-aos=\"\" data-aos-delay=\"0\"><a class=\"portfolio-link\" href=\"https:\/\/newterracotta.com\/pt-pt\/piwo_portfolio\/casas-com-estoria\/\"><\/a><div class=\"image-wrapper\"><div class=\"portfolio-hover-img\" ><\/div><span class=\"portfolio-img\" style=\"background-image: url(https:\/\/newterracotta.com\/wp-content\/uploads\/2022\/09\/NWT-Projects-Field-Tiles-Square-14x14cm-Bespoke-Hand-Painted-Restoration-1-1024x683.jpg)\"><\/span><\/div>\n\t\t<div class=\"portfolio-text\" >\n\t\t\t<ul class=\"portfolio-category\">\n\t\t\t\t<li><a class=\"piwo-hover-text\" href=\"https:\/\/newterracotta.com\/piwo_portfolio_categories\/projectos\/\" title=\"Projectos\">Projectos<\/a><\/li><li><a class=\"piwo-hover-text\" href=\"https:\/\/newterracotta.com\/piwo_portfolio_categories\/portugal-2\/\" title=\"Viseu, Portugal\">Viseu, Portugal<\/a><\/li>\n\t\t\t<\/ul>\n\t\t\t<h3 class=\"portfolio-title\" data-title=\"Casas com Est\u00f3ria\"><span>Casas com Est\u00f3ria<\/span><\/h3>\n\t\t<\/div>\n\t\t\n\t<\/div><\/article><article class=\"cat-146 cat-448 \"><div class=\"piwo-portfolio-item text-below hover4 open-portfolio_page\" data-aos=\"\" data-aos-delay=\"0\"><a class=\"portfolio-link\" href=\"https:\/\/newterracotta.com\/pt-pt\/piwo_portfolio\/bakery-bageri-form-bone-studio\/\"><\/a><div class=\"image-wrapper\"><div class=\"portfolio-hover-img\" ><\/div><span class=\"portfolio-img\" style=\"background-image: url(https:\/\/newterracotta.com\/wp-content\/uploads\/2022\/08\/NWT-Projects-Natural-Cotto-Full-Brick-Terra-Sand-1-1024x576.jpg)\"><\/span><\/div>\n\t\t<div class=\"portfolio-text\" >\n\t\t\t<ul class=\"portfolio-category\">\n\t\t\t\t<li><a class=\"piwo-hover-text\" href=\"https:\/\/newterracotta.com\/piwo_portfolio_categories\/projectos\/\" title=\"Projectos\">Projectos<\/a><\/li><li><a class=\"piwo-hover-text\" href=\"https:\/\/newterracotta.com\/piwo_portfolio_categories\/uae\/\" title=\"Dubai, UAE\">Dubai, UAE<\/a><\/li>\n\t\t\t<\/ul>\n\t\t\t<h3 class=\"portfolio-title\" data-title=\"Bageri Form Bakery\"><span>Bageri Form Bakery<\/span><\/h3>\n\t\t<\/div>\n\t\t\n\t<\/div><\/article><article class=\"cat-146 cat-442 \"><div class=\"piwo-portfolio-item text-below hover4 open-portfolio_page\" data-aos=\"\" data-aos-delay=\"0\"><a class=\"portfolio-link\" href=\"https:\/\/newterracotta.com\/pt-pt\/piwo_portfolio\/bar-longnecks\/\"><\/a><div class=\"image-wrapper\"><div class=\"portfolio-hover-img\" ><\/div><span class=\"portfolio-img\" style=\"background-image: url(https:\/\/newterracotta.com\/wp-content\/uploads\/2022\/08\/NWT-Projects-Field-Tiles-Long-30x7cm-S001-Red-Chili-Pepper-1-1-1024x683.jpg)\"><\/span><\/div>\n\t\t<div class=\"portfolio-text\" >\n\t\t\t<ul class=\"portfolio-category\">\n\t\t\t\t<li><a class=\"piwo-hover-text\" href=\"https:\/\/newterracotta.com\/piwo_portfolio_categories\/projectos\/\" title=\"Projectos\">Projectos<\/a><\/li><li><a class=\"piwo-hover-text\" href=\"https:\/\/newterracotta.com\/piwo_portfolio_categories\/bonn-germany\/\" title=\"Bonn, Germany\">Bonn, Germany<\/a><\/li>\n\t\t\t<\/ul>\n\t\t\t<h3 class=\"portfolio-title\" data-title=\"Longnecks Bar\"><span>Longnecks Bar<\/span><\/h3>\n\t\t<\/div>\n\t\t\n\t<\/div><\/article><article class=\"cat-146 cat-436 \"><div class=\"piwo-portfolio-item text-below hover4 open-portfolio_page\" data-aos=\"\" data-aos-delay=\"0\"><a class=\"portfolio-link\" href=\"https:\/\/newterracotta.com\/pt-pt\/piwo_portfolio\/casa-particular-lareira-apt-monte-estoril\/\"><\/a><div class=\"image-wrapper\"><div class=\"portfolio-hover-img\" ><\/div><span class=\"portfolio-img\" style=\"background-image: url(https:\/\/newterracotta.com\/wp-content\/uploads\/2022\/08\/NWT-Projects-3D-and-Relief-Tiles-Renda-M830-Cotton-White-Matt-1-1-1024x683.jpg)\"><\/span><\/div>\n\t\t<div class=\"portfolio-text\" >\n\t\t\t<ul class=\"portfolio-category\">\n\t\t\t\t<li><a class=\"piwo-hover-text\" href=\"https:\/\/newterracotta.com\/piwo_portfolio_categories\/projectos\/\" title=\"Projectos\">Projectos<\/a><\/li><li><a class=\"piwo-hover-text\" href=\"https:\/\/newterracotta.com\/piwo_portfolio_categories\/monte-estoril-portugal\/\" title=\"Monte Estoril, Portugal\">Monte Estoril, Portugal<\/a><\/li>\n\t\t\t<\/ul>\n\t\t\t<h3 class=\"portfolio-title\" data-title=\"Private House - Living Room\"><span>Private House - Living Room<\/span><\/h3>\n\t\t<\/div>\n\t\t\n\t<\/div><\/article><article class=\"cat-146 cat-446 \"><div class=\"piwo-portfolio-item text-below hover4 open-portfolio_page\" data-aos=\"\" data-aos-delay=\"0\"><a class=\"portfolio-link\" href=\"https:\/\/newterracotta.com\/pt-pt\/piwo_portfolio\/bar-bremen-estudio-olalde\/\"><\/a><div class=\"image-wrapper\"><div class=\"portfolio-hover-img\" ><\/div><span class=\"portfolio-img\" style=\"background-image: url(https:\/\/newterracotta.com\/wp-content\/uploads\/2022\/08\/NWT-Projects-3D-and-Relief-Tiles-Constellation-B088-Tempest-Blue-B042-Ice-Grey-White-1-1024x563.jpg)\"><\/span><\/div>\n\t\t<div class=\"portfolio-text\" >\n\t\t\t<ul class=\"portfolio-category\">\n\t\t\t\t<li><a class=\"piwo-hover-text\" href=\"https:\/\/newterracotta.com\/piwo_portfolio_categories\/projectos\/\" title=\"Projectos\">Projectos<\/a><\/li><li><a class=\"piwo-hover-text\" href=\"https:\/\/newterracotta.com\/piwo_portfolio_categories\/cantabria-spain\/\" title=\"Cantabria, Spain\">Cantabria, Spain<\/a><\/li>\n\t\t\t<\/ul>\n\t\t\t<h3 class=\"portfolio-title\" data-title=\"Bremen Bar\"><span>Bremen Bar<\/span><\/h3>\n\t\t<\/div>\n\t\t\n\t<\/div><\/article><article class=\"cat-146 cat-905 \"><div class=\"piwo-portfolio-item text-below hover4 open-portfolio_page\" data-aos=\"\" data-aos-delay=\"0\"><a class=\"portfolio-link\" href=\"https:\/\/newterracotta.com\/piwo_portfolio\/abuelo-restaurant\/\"><\/a><div class=\"image-wrapper\"><div class=\"portfolio-hover-img\" ><\/div><span class=\"portfolio-img\" style=\"background-image: url(https:\/\/newterracotta.com\/wp-content\/uploads\/2022\/12\/292102447_843143376646905_5593026313554604584_n-819x1024.jpg)\"><\/span><\/div>\n\t\t<div class=\"portfolio-text\" >\n\t\t\t<ul class=\"portfolio-category\">\n\t\t\t\t<li><a class=\"piwo-hover-text\" href=\"https:\/\/newterracotta.com\/piwo_portfolio_categories\/projectos\/\" title=\"Projectos\">Projectos<\/a><\/li><li><a class=\"piwo-hover-text\" href=\"https:\/\/newterracotta.com\/piwo_portfolio_categories\/kuwait\/\" title=\"Kuwait\">Kuwait<\/a><\/li>\n\t\t\t<\/ul>\n\t\t\t<h3 class=\"portfolio-title\" data-title=\"Abuelo Restaurant\"><span>Abuelo Restaurant<\/span><\/h3>\n\t\t<\/div>\n\t\t\n\t<\/div><\/article><article class=\"cat-146 cat-445 \"><div class=\"piwo-portfolio-item text-below hover4 open-portfolio_page\" data-aos=\"\" data-aos-delay=\"0\"><a class=\"portfolio-link\" href=\"https:\/\/newterracotta.com\/pt-pt\/piwo_portfolio\/bar-cretan-malia-park-the-lobby-bar\/\"><\/a><div class=\"image-wrapper\"><div class=\"portfolio-hover-img\" ><\/div><span class=\"portfolio-img\" style=\"background-image: url(https:\/\/newterracotta.com\/wp-content\/uploads\/2022\/08\/NWT-Projects-3D-and-Relief-Tiles-Kiss-Bump-B075-Ultramarine-Sea-1-1024x701.jpg)\"><\/span><\/div>\n\t\t<div class=\"portfolio-text\" >\n\t\t\t<ul class=\"portfolio-category\">\n\t\t\t\t<li><a class=\"piwo-hover-text\" href=\"https:\/\/newterracotta.com\/piwo_portfolio_categories\/projectos\/\" title=\"Projectos\">Projectos<\/a><\/li><li><a class=\"piwo-hover-text\" href=\"https:\/\/newterracotta.com\/piwo_portfolio_categories\/crete-greece\/\" title=\"Crete, Greece\">Crete, Greece<\/a><\/li>\n\t\t\t<\/ul>\n\t\t\t<h3 class=\"portfolio-title\" data-title=\"The Lobby Bar - Cretan Malia Park by Design Hotels\"><span>The Lobby Bar - Cretan Malia Park by Design Hotels<\/span><\/h3>\n\t\t<\/div>\n\t\t\n\t<\/div><\/article><\/div><div class=\"piwo-load-more-wrapper text-center\"><div class=\"btn btn-md btn-dark btn-outline  piwo-load-more piwo-load-more\" style=\"\" data-index=\"0\" data-btn-text=\"Load more\"><span class=\"btn-text\" >Load more<\/span><\/div><\/div><\/div><div class=\"custom-styles\" data-styles=\".id_169eb7344ab754738713988 .btn.btn-solid.custom:after { background-color: #556df4; } .id_169eb7344ab754738713988 .btn.btn-outline.custom:after { border-color: #556df4; } .id_169eb7344ab754738713988 .btn.custom.btn-underline:hover .btn-text:after { border-color:  #556df4; }\"><\/div><div class=\"custom-styles\" data-styles=\".id_169eb7344ab754738713988 .piwo-portfolio-item.text-on-hover .portfolio-text { color: #000000 !important; }\"><\/div>[\/vc_column][\/vc_row][vc_row full_width=&#8221;stretch_row&#8221; gap=&#8221;&#8221; el_class=&#8221;lets-talk-bloco&#8221; css=&#8221;.vc_custom_1660062966586{margin-bottom: 0px !important;}&#8221;][vc_column width=&#8221;2\/3&#8243;][vc_custom_heading text=&#8221;Pensa ter um projeto interessante<br \/>\npara n\u00f3s?&#8221;][vc_custom_heading text=&#8221;Trabalhamos com pessoas de quem gostamos em projetos que adoramos!&#8221; font_container=&#8221;tag:h3|text_align:left&#8221;][\/vc_column][vc_column width=&#8221;1\/3&#8243;][vc_column_text el_class=&#8221;letsLets&#8221;]<\/p>\n<h5><a href=\"https:\/\/newterracotta.com\/contact-2\/\">Vamos Conversar.<\/a><\/h5>\n<p>[\/vc_column_text][\/vc_column][\/vc_row]<\/p>\n","protected":false},"excerpt":{"rendered":"<p>[vc_row full_width=&#8221;stretch_row&#8221; gap=&#8221;&#8221; el_class=&#8221;fundoDestaqueImg fundoProjectsFull&#8221; css=&#8221;.vc_custom_1664289339418{background-image: url(https:\/\/newterracotta.com\/wp-content\/uploads\/2022\/08\/Grupo-50@2x.png?id=32192) !important;background-position: center !important;background-repeat: no-repeat !important;background-size: cover !important;}&#8221;][vc_column][vc_row_inner][vc_column_inner][vc_column_text el_class=&#8221;cxDestaque cxBranca&#8221;] Projetos Uma sele\u00e7\u00e3o cuidada de projetos que ajudaram a definir a materialidade dos nossos [&hellip;]<\/p>\n","protected":false},"author":1,"featured_media":0,"parent":0,"menu_order":0,"comment_status":"closed","ping_status":"closed","template":"","meta":{"_monsterinsights_skip_tracking":false,"_monsterinsights_sitenote_active":false,"_monsterinsights_sitenote_note":"","_monsterinsights_sitenote_category":0},"yoast_head":"<!-- This site is optimized with the Yoast SEO plugin v20.6 - https:\/\/yoast.com\/wordpress\/plugins\/seo\/ -->\n<title>PROJETOS - New Terracotta<\/title>\n<meta name=\"description\" content=\"Junte-se a n\u00f3s numa viagem pelo mundo e inspire-se com aplica\u00e7\u00f5es \u00fanicas que caracterizam os produtos New Terracotta.\" \/>\n<meta name=\"robots\" content=\"index, follow, max-snippet:-1, max-image-preview:large, max-video-preview:-1\" \/>\n<link rel=\"canonical\" href=\"https:\/\/newterracotta.com\/pt-pt\/projectos\/\" \/>\n<meta property=\"og:locale\" content=\"pt_PT\" \/>\n<meta property=\"og:type\" content=\"article\" \/>\n<meta property=\"og:title\" content=\"PROJETOS - New Terracotta\" \/>\n<meta property=\"og:description\" content=\"Junte-se a n\u00f3s numa viagem pelo mundo e inspire-se com aplica\u00e7\u00f5es \u00fanicas que caracterizam os produtos New Terracotta.\" \/>\n<meta property=\"og:url\" content=\"https:\/\/newterracotta.com\/pt-pt\/projectos\/\" \/>\n<meta property=\"og:site_name\" content=\"New Terracotta\" \/>\n<meta property=\"article:modified_time\" content=\"2022-12-19T19:16:06+00:00\" \/>\n<meta name=\"twitter:card\" content=\"summary_large_image\" \/>\n<meta name=\"twitter:label1\" content=\"Tempo estimado de leitura\" \/>\n\t<meta name=\"twitter:data1\" content=\"1 minuto\" \/>\n<script type=\"application\/ld+json\" class=\"yoast-schema-graph\">{\"@context\":\"https:\/\/schema.org\",\"@graph\":[{\"@type\":\"WebPage\",\"@id\":\"https:\/\/newterracotta.com\/pt-pt\/projectos\/\",\"url\":\"https:\/\/newterracotta.com\/pt-pt\/projectos\/\",\"name\":\"PROJETOS - New Terracotta\",\"isPartOf\":{\"@id\":\"https:\/\/newterracotta.com\/#website\"},\"datePublished\":\"2019-09-20T11:20:58+00:00\",\"dateModified\":\"2022-12-19T19:16:06+00:00\",\"description\":\"Junte-se a n\u00f3s numa viagem pelo mundo e inspire-se com aplica\u00e7\u00f5es \u00fanicas que caracterizam os produtos New Terracotta.\",\"inLanguage\":\"pt-PT\",\"potentialAction\":[{\"@type\":\"ReadAction\",\"target\":[\"https:\/\/newterracotta.com\/pt-pt\/projectos\/\"]}]},{\"@type\":\"WebSite\",\"@id\":\"https:\/\/newterracotta.com\/#website\",\"url\":\"https:\/\/newterracotta.com\/\",\"name\":\"New Terracotta\",\"description\":\"Portuguese Handmade\",\"potentialAction\":[{\"@type\":\"SearchAction\",\"target\":{\"@type\":\"EntryPoint\",\"urlTemplate\":\"https:\/\/newterracotta.com\/?s={search_term_string}\"},\"query-input\":\"required name=search_term_string\"}],\"inLanguage\":\"pt-PT\"}]}<\/script>\n<!-- \/ Yoast SEO plugin. -->","yoast_head_json":{"title":"PROJETOS - New Terracotta","description":"Junte-se a n\u00f3s numa viagem pelo mundo e inspire-se com aplica\u00e7\u00f5es \u00fanicas que caracterizam os produtos New Terracotta.","robots":{"index":"index","follow":"follow","max-snippet":"max-snippet:-1","max-image-preview":"max-image-preview:large","max-video-preview":"max-video-preview:-1"},"canonical":"https:\/\/newterracotta.com\/pt-pt\/projectos\/","og_locale":"pt_PT","og_type":"article","og_title":"PROJETOS - New Terracotta","og_description":"Junte-se a n\u00f3s numa viagem pelo mundo e inspire-se com aplica\u00e7\u00f5es \u00fanicas que caracterizam os produtos New Terracotta.","og_url":"https:\/\/newterracotta.com\/pt-pt\/projectos\/","og_site_name":"New Terracotta","article_modified_time":"2022-12-19T19:16:06+00:00","twitter_card":"summary_large_image","twitter_misc":{"Tempo estimado de leitura":"1 minuto"},"schema":{"@context":"https:\/\/schema.org","@graph":[{"@type":"WebPage","@id":"https:\/\/newterracotta.com\/pt-pt\/projectos\/","url":"https:\/\/newterracotta.com\/pt-pt\/projectos\/","name":"PROJETOS - New Terracotta","isPartOf":{"@id":"https:\/\/newterracotta.com\/#website"},"datePublished":"2019-09-20T11:20:58+00:00","dateModified":"2022-12-19T19:16:06+00:00","description":"Junte-se a n\u00f3s numa viagem pelo mundo e inspire-se com aplica\u00e7\u00f5es \u00fanicas que caracterizam os produtos New Terracotta.","inLanguage":"pt-PT","potentialAction":[{"@type":"ReadAction","target":["https:\/\/newterracotta.com\/pt-pt\/projectos\/"]}]},{"@type":"WebSite","@id":"https:\/\/newterracotta.com\/#website","url":"https:\/\/newterracotta.com\/","name":"New Terracotta","description":"Portuguese Handmade","potentialAction":[{"@type":"SearchAction","target":{"@type":"EntryPoint","urlTemplate":"https:\/\/newterracotta.com\/?s={search_term_string}"},"query-input":"required name=search_term_string"}],"inLanguage":"pt-PT"}]}},"_links":{"self":[{"href":"https:\/\/newterracotta.com\/pt-pt\/wp-json\/wp\/v2\/pages\/24991"}],"collection":[{"href":"https:\/\/newterracotta.com\/pt-pt\/wp-json\/wp\/v2\/pages"}],"about":[{"href":"https:\/\/newterracotta.com\/pt-pt\/wp-json\/wp\/v2\/types\/page"}],"author":[{"embeddable":true,"href":"https:\/\/newterracotta.com\/pt-pt\/wp-json\/wp\/v2\/users\/1"}],"replies":[{"embeddable":true,"href":"https:\/\/newterracotta.com\/pt-pt\/wp-json\/wp\/v2\/comments?post=24991"}],"version-history":[{"count":11,"href":"https:\/\/newterracotta.com\/pt-pt\/wp-json\/wp\/v2\/pages\/24991\/revisions"}],"predecessor-version":[{"id":62822,"href":"https:\/\/newterracotta.com\/pt-pt\/wp-json\/wp\/v2\/pages\/24991\/revisions\/62822"}],"wp:attachment":[{"href":"https:\/\/newterracotta.com\/pt-pt\/wp-json\/wp\/v2\/media?parent=24991"}],"curies":[{"name":"wp","href":"https:\/\/api.w.org\/{rel}","templated":true}]}}