{"id":29009,"date":"2020-05-12T14:01:53","date_gmt":"2020-05-12T14:01:53","guid":{"rendered":"https:\/\/newterracotta.com\/?page_id=29009"},"modified":"2022-12-19T19:12:12","modified_gmt":"2022-12-19T19:12:12","slug":"bespoke","status":"publish","type":"page","link":"https:\/\/newterracotta.com\/pt-pt\/bespoke\/","title":{"rendered":"Personaliza\u00e7\u00e3o"},"content":{"rendered":"<p>[vc_row full_width=&#8221;stretch_row&#8221; gap=&#8221;&#8221; css=&#8221;.vc_custom_1664319965004{background-image: url(https:\/\/newterracotta.com\/wp-content\/uploads\/2022\/08\/slider_bespoke_newterracotta.png?id=42726) !important;background-position: center !important;background-repeat: no-repeat !important;background-size: cover !important;}&#8221; el_class=&#8221;fundoDestaqueImg&#8221;][vc_column][vc_row_inner][vc_column_inner][vc_column_text el_class=&#8221;cxDestaque cxBranca&#8221;]<\/p>\n<h1>Personaliza\u00e7\u00e3o<\/h1>\n<h3>Projetos personalizados<\/h3>\n<p>[\/vc_column_text][\/vc_column_inner][\/vc_row_inner][\/vc_column][\/vc_row][vc_row full_width=&#8221;stretch_row_content_no_spaces&#8221; gap=&#8221;&#8221; el_class=&#8221;section-2-bespoke grelha-bespoke&#8221; css=&#8221;.vc_custom_1662113726521{padding-right: 8% !important;padding-left: 8% !important;}&#8221;][vc_column][vc_empty_space height=&#8221;100px&#8221;][vc_row_inner el_class=&#8221;.we-believe-extra-texto bes-tamanho&#8221;][vc_column_inner][vc_column_text]<\/p>\n<h3>Cores, formatos e texturas personalizados.<\/h3>\n<p>Incentivamos os nossos clientes a explorar a sua pr\u00f3pria criatividade e a encomendar uma pe\u00e7a \u00fanica, perfeitamente moldada ao seu estilo pessoal.[\/vc_column_text][vc_separator color=&#8221;black&#8221; align=&#8221;align_left&#8221; border_width=&#8221;4&#8243;][\/vc_column_inner][\/vc_row_inner][vc_empty_space height=&#8221;70px&#8221;][vc_row_inner el_class=&#8221;espaco-global bloco-bsk&#8221;][vc_column_inner width=&#8221;1\/4&#8243;][vc_images_carousel images=&#8221;45867,45882,45841&#8243; img_size=&#8221;full&#8221;][vc_custom_heading text=&#8221;FIRST IMPRESSION&#8221; font_container=&#8221;tag:h3|text_align:left&#8221;][\/vc_column_inner][vc_column_inner width=&#8221;1\/4&#8243;][vc_images_carousel images=&#8221;45889,45895,45901&#8243; img_size=&#8221;full&#8221;][vc_custom_heading text=&#8221;AL KHOBAR&#8221; font_container=&#8221;tag:h3|text_align:left&#8221;][\/vc_column_inner][vc_column_inner width=&#8221;1\/4&#8243;][vc_images_carousel images=&#8221;45913,45907&#8243; img_size=&#8221;full&#8221;][vc_custom_heading text=&#8221;TROPICAL ACQUARELA&#8221; font_container=&#8221;tag:h3|text_align:left&#8221;][\/vc_column_inner][vc_column_inner width=&#8221;1\/4&#8243;][vc_images_carousel images=&#8221;45847,45919,45925,45931,45937,45943&#8243; img_size=&#8221;full&#8221;][vc_custom_heading text=&#8221;AFTER JACKIE&#8221; font_container=&#8221;tag:h3|text_align:left&#8221;][\/vc_column_inner][\/vc_row_inner][vc_row_inner el_class=&#8221;espaco-global bloco-bsk&#8221;][vc_column_inner width=&#8221;1\/4&#8243;][vc_images_carousel images=&#8221;45962,45950,45956&#8243; img_size=&#8221;full&#8221;][vc_custom_heading text=&#8221;CHINOISERIE IN PINK&#8221; font_container=&#8221;tag:h3|text_align:left&#8221;][\/vc_column_inner][vc_column_inner width=&#8221;1\/4&#8243;][vc_images_carousel images=&#8221;45968,45980,45974&#8243; img_size=&#8221;full&#8221;][vc_custom_heading text=&#8221;KYOTO YELLOW JARS&#8221; font_container=&#8221;tag:h3|text_align:left&#8221;][\/vc_column_inner][vc_column_inner width=&#8221;1\/4&#8243;][vc_images_carousel images=&#8221;45995,45989&#8243; img_size=&#8221;full&#8221;][vc_custom_heading text=&#8221;BIG BIRD&#8221; font_container=&#8221;tag:h3|text_align:left&#8221;][\/vc_column_inner][vc_column_inner width=&#8221;1\/4&#8243;][vc_images_carousel images=&#8221;46003,46009,46015&#8243; img_size=&#8221;full&#8221;][vc_custom_heading text=&#8221;ST. BARTH POTS&#8221; font_container=&#8221;tag:h3|text_align:left&#8221;][\/vc_column_inner][\/vc_row_inner][vc_row_inner el_class=&#8221;espaco-global bloco-bsk&#8221;][vc_column_inner width=&#8221;1\/4&#8243;][vc_images_carousel images=&#8221;46044,46038,46032,46026&#8243; img_size=&#8221;full&#8221;][vc_custom_heading text=&#8221;EXOTIC GARDENS IN SAIGON&#8221; font_container=&#8221;tag:h3|text_align:left&#8221;][\/vc_column_inner][vc_column_inner width=&#8221;1\/4&#8243;][vc_images_carousel images=&#8221;46050,46056&#8243; img_size=&#8221;full&#8221;][vc_custom_heading text=&#8221;LA LAMPE&#8221; font_container=&#8221;tag:h3|text_align:left&#8221;][\/vc_column_inner][vc_column_inner width=&#8221;1\/4&#8243;][vc_images_carousel images=&#8221;46086,46080,46068,46062,46074&#8243; img_size=&#8221;full&#8221;][vc_custom_heading text=&#8221;CORK CAPTURE&#8221; font_container=&#8221;tag:h3|text_align:left&#8221;][\/vc_column_inner][vc_column_inner width=&#8221;1\/4&#8243;][vc_images_carousel images=&#8221;46098,46092&#8243; img_size=&#8221;full&#8221;][vc_custom_heading text=&#8221;EDGE OF A PINE FOREST&#8221; font_container=&#8221;tag:h3|text_align:left&#8221;][\/vc_column_inner][\/vc_row_inner][vc_row_inner el_class=&#8221;espaco-global bloco-bsk&#8221;][vc_column_inner width=&#8221;1\/4&#8243;][vc_images_carousel images=&#8221;46123,46105,46111,46117&#8243; img_size=&#8221;full&#8221;][vc_custom_heading text=&#8221;LISBOA ANTIGA REVISITED&#8221; font_container=&#8221;tag:h3|text_align:left&#8221;][\/vc_column_inner][vc_column_inner width=&#8221;1\/4&#8243;][vc_images_carousel images=&#8221;57782&#8243; img_size=&#8221;full&#8221;][vc_custom_heading text=&#8221;BEHIND THE CURTAIN&#8221; font_container=&#8221;tag:h3|text_align:left&#8221;][\/vc_column_inner][vc_column_inner width=&#8221;1\/4&#8243;][vc_images_carousel images=&#8221;46135,46129&#8243; img_size=&#8221;full&#8221;][vc_custom_heading text=&#8221;FISHES&#8221; font_container=&#8221;tag:h3|text_align:left&#8221;][\/vc_column_inner][vc_column_inner width=&#8221;1\/4&#8243;][vc_images_carousel images=&#8221;46141,46147,46153&#8243; img_size=&#8221;full&#8221;][vc_custom_heading text=&#8221;TOTEM DISTRACTIONS&#8221; font_container=&#8221;tag:h3|text_align:left&#8221;][\/vc_column_inner][\/vc_row_inner][vc_row_inner el_class=&#8221;espaco-global bloco-bsk&#8221;][vc_column_inner width=&#8221;1\/4&#8243;][vc_images_carousel images=&#8221;46159,46165&#8243; img_size=&#8221;full&#8221;][vc_custom_heading text=&#8221;FIESTA DE PAJAROS&#8221; font_container=&#8221;tag:h3|text_align:left&#8221;][\/vc_column_inner][vc_column_inner width=&#8221;1\/4&#8243;][vc_images_carousel images=&#8221;46171,46177&#8243; img_size=&#8221;full&#8221;][vc_custom_heading text=&#8221;SPEAKING OUT LOUD&#8221; font_container=&#8221;tag:h3|text_align:left&#8221;][\/vc_column_inner][vc_column_inner width=&#8221;1\/4&#8243;][vc_images_carousel images=&#8221;46202,46184,46190,46196&#8243; img_size=&#8221;full&#8221;][vc_custom_heading text=&#8221;GRIMSHAW SYMPHONY FOR<br \/>\nEXPO DUBAI 2020&#8243; font_container=&#8221;tag:h3|text_align:left&#8221;][\/vc_column_inner][vc_column_inner width=&#8221;1\/4&#8243;][vc_images_carousel images=&#8221;46220,46208&#8243; img_size=&#8221;full&#8221;][vc_custom_heading text=&#8221;THE 7 VOYAGES OF MING CHINA&#8221; font_container=&#8221;tag:h3|text_align:left&#8221;][\/vc_column_inner][\/vc_row_inner][vc_row_inner el_class=&#8221;espaco-global bloco-bsk&#8221;][vc_column_inner width=&#8221;1\/4&#8243;][vc_images_carousel images=&#8221;46252,46246&#8243; img_size=&#8221;full&#8221;][vc_custom_heading text=&#8221;VIEWS OF LISBON&#8221; font_container=&#8221;tag:h3|text_align:left&#8221;][\/vc_column_inner][vc_column_inner width=&#8221;1\/4&#8243;][vc_images_carousel images=&#8221;46324,46306&#8243; img_size=&#8221;full&#8221;][vc_custom_heading text=&#8221;COSMOGRAPHIE&#8221; font_container=&#8221;tag:h3|text_align:left&#8221;][\/vc_column_inner][vc_column_inner width=&#8221;1\/4&#8243;][vc_images_carousel images=&#8221;46396,46402&#8243; img_size=&#8221;full&#8221;][vc_custom_heading text=&#8221;JOSEPH IN MIAMI&#8221; font_container=&#8221;tag:h3|text_align:left&#8221;][\/vc_column_inner][vc_column_inner width=&#8221;1\/4&#8243;][vc_images_carousel images=&#8221;46426,46408,46420,46414&#8243; img_size=&#8221;full&#8221;][vc_custom_heading text=&#8221;BROWN BEER BOTTLES&#8221; font_container=&#8221;tag:h3|text_align:left&#8221;][\/vc_column_inner][\/vc_row_inner][vc_row_inner el_class=&#8221;espaco-global bloco-bsk&#8221;][vc_column_inner width=&#8221;1\/4&#8243;][vc_images_carousel images=&#8221;46452,46446,46434,46440&#8243; img_size=&#8221;full&#8221;][vc_custom_heading text=&#8221;CHERRY FEILD&#8221; font_container=&#8221;tag:h3|text_align:left&#8221;][\/vc_column_inner][vc_column_inner width=&#8221;1\/4&#8243;][vc_images_carousel images=&#8221;46476,46482&#8243; img_size=&#8221;full&#8221;][vc_custom_heading text=&#8221;LA DANCE BOTANIQUE POUR PEPE&#8221; font_container=&#8221;tag:h3|text_align:left&#8221;][\/vc_column_inner][vc_column_inner width=&#8221;1\/4&#8243;][vc_images_carousel images=&#8221;46488,46500,46494,46544,46512&#8243; img_size=&#8221;full&#8221;][vc_custom_heading text=&#8221;REPRODUCTION NARRATIVE OF<br \/>\nGUSTAV KRAUS&#8221; font_container=&#8221;tag:h3|text_align:left&#8221;][\/vc_column_inner][vc_column_inner width=&#8221;1\/4&#8243;][vc_images_carousel images=&#8221;46562,46556,46550&#8243; img_size=&#8221;full&#8221;][vc_custom_heading text=&#8221;FRONTEIRA PALACE&#8221; font_container=&#8221;tag:h3|text_align:left&#8221;][\/vc_column_inner][\/vc_row_inner][vc_row_inner el_class=&#8221;espaco-global bloco-bsk&#8221;][vc_column_inner width=&#8221;1\/4&#8243;][vc_images_carousel images=&#8221;57801&#8243; img_size=&#8221;full&#8221;][vc_custom_heading text=&#8221;TRIBUTE TO TIME&#8221; font_container=&#8221;tag:h3|text_align:left&#8221;][\/vc_column_inner][vc_column_inner width=&#8221;1\/4&#8243;][vc_images_carousel images=&#8221;46607,46595,46601&#8243; img_size=&#8221;full&#8221;][vc_custom_heading text=&#8221;FOR MARTA&#8221; font_container=&#8221;tag:h3|text_align:left&#8221;][\/vc_column_inner][vc_column_inner width=&#8221;1\/4&#8243;][vc_images_carousel images=&#8221;46619,46613&#8243; img_size=&#8221;full&#8221;][vc_custom_heading text=&#8221;DUTCH ALPHABET&#8221; font_container=&#8221;tag:h3|text_align:left&#8221;][\/vc_column_inner][vc_column_inner width=&#8221;1\/4&#8243;][vc_images_carousel images=&#8221;57807,57813&#8243; img_size=&#8221;full&#8221;][vc_custom_heading text=&#8221;SUSPENSION 42&#8243; font_container=&#8221;tag:h3|text_align:left&#8221;][\/vc_column_inner][\/vc_row_inner][vc_row_inner el_class=&#8221;espaco-global bloco-bsk&#8221;][vc_column_inner width=&#8221;1\/4&#8243;][vc_images_carousel images=&#8221;46631,46625&#8243; img_size=&#8221;full&#8221;][vc_custom_heading text=&#8221;GERARD LE FOU&#8221; font_container=&#8221;tag:h3|text_align:left&#8221;][\/vc_column_inner][vc_column_inner width=&#8221;1\/4&#8243;][vc_images_carousel images=&#8221;57795&#8243; img_size=&#8221;full&#8221;][vc_custom_heading text=&#8221;CARIOCA MASKA&#8221; font_container=&#8221;tag:h3|text_align:left&#8221;][\/vc_column_inner][vc_column_inner width=&#8221;1\/4&#8243;][vc_images_carousel images=&#8221;46643,46637&#8243; img_size=&#8221;full&#8221;][vc_custom_heading text=&#8221;PARIS D\u00c9CO&#8221; font_container=&#8221;tag:h3|text_align:left&#8221;][\/vc_column_inner][\/vc_row_inner][vc_empty_space][\/vc_column][\/vc_row][vc_row full_width=&#8221;stretch_row&#8221; gap=&#8221;&#8221; el_class=&#8221;lets-talk-bloco&#8221; css=&#8221;.vc_custom_1660062966586{margin-bottom: 0px !important;}&#8221;][vc_column width=&#8221;2\/3&#8243;][vc_custom_heading text=&#8221;Tem um projeto<br \/>\nem mente? &#8220;][vc_custom_heading text=&#8221;Adorar\u00edamos ouvi-lo! &#8221; font_container=&#8221;tag:h3|text_align:left&#8221;][\/vc_column][vc_column width=&#8221;1\/3&#8243;][vc_column_text el_class=&#8221;letsLets&#8221;]<\/p>\n<h5 style=\"text-align: left;\"><a href=\"http:\/\/newterracotta.com\/contact-2\/\">Vamos Conversar.<\/a><\/h5>\n<p>[\/vc_column_text][\/vc_column][\/vc_row]<\/p>\n","protected":false},"excerpt":{"rendered":"<p>[vc_row full_width=&#8221;stretch_row&#8221; gap=&#8221;&#8221; css=&#8221;.vc_custom_1664319965004{background-image: url(https:\/\/newterracotta.com\/wp-content\/uploads\/2022\/08\/slider_bespoke_newterracotta.png?id=42726) !important;background-position: center !important;background-repeat: no-repeat !important;background-size: cover !important;}&#8221; el_class=&#8221;fundoDestaqueImg&#8221;][vc_column][vc_row_inner][vc_column_inner][vc_column_text el_class=&#8221;cxDestaque cxBranca&#8221;] Personaliza\u00e7\u00e3o Projetos personalizados [\/vc_column_text][\/vc_column_inner][\/vc_row_inner][\/vc_column][\/vc_row][vc_row full_width=&#8221;stretch_row_content_no_spaces&#8221; gap=&#8221;&#8221; el_class=&#8221;section-2-bespoke grelha-bespoke&#8221; css=&#8221;.vc_custom_1662113726521{padding-right: 8% !important;padding-left: 8% !important;}&#8221;][vc_column][vc_empty_space height=&#8221;100px&#8221;][vc_row_inner el_class=&#8221;.we-believe-extra-texto [&hellip;]<\/p>\n","protected":false},"author":1,"featured_media":0,"parent":0,"menu_order":0,"comment_status":"closed","ping_status":"closed","template":"","meta":{"_monsterinsights_skip_tracking":false,"_monsterinsights_sitenote_active":false,"_monsterinsights_sitenote_note":"","_monsterinsights_sitenote_category":0},"yoast_head":"<!-- This site is optimized with the Yoast SEO plugin v20.6 - https:\/\/yoast.com\/wordpress\/plugins\/seo\/ -->\n<title>Restauro e Personaliza\u00e7\u00e3o - New Terracotta<\/title>\n<meta name=\"description\" content=\"A Azulejaria t\u00eam sido parte proeminente na hist\u00f3ria do mundo\" \/>\n<meta name=\"robots\" content=\"index, follow, max-snippet:-1, max-image-preview:large, max-video-preview:-1\" \/>\n<link rel=\"canonical\" href=\"https:\/\/newterracotta.com\/pt-pt\/bespoke\/\" \/>\n<meta property=\"og:locale\" content=\"pt_PT\" \/>\n<meta property=\"og:type\" content=\"article\" \/>\n<meta property=\"og:title\" content=\"Restauro e Personaliza\u00e7\u00e3o - New Terracotta\" \/>\n<meta property=\"og:description\" content=\"A Azulejaria t\u00eam sido parte proeminente na hist\u00f3ria do mundo\" \/>\n<meta property=\"og:url\" content=\"https:\/\/newterracotta.com\/pt-pt\/bespoke\/\" \/>\n<meta property=\"og:site_name\" content=\"New Terracotta\" \/>\n<meta property=\"article:modified_time\" content=\"2022-12-19T19:12:12+00:00\" \/>\n<meta name=\"twitter:card\" content=\"summary_large_image\" \/>\n<meta name=\"twitter:label1\" content=\"Tempo estimado de leitura\" \/>\n\t<meta name=\"twitter:data1\" content=\"2 minutos\" \/>\n<script type=\"application\/ld+json\" class=\"yoast-schema-graph\">{\"@context\":\"https:\/\/schema.org\",\"@graph\":[{\"@type\":\"WebPage\",\"@id\":\"https:\/\/newterracotta.com\/pt-pt\/bespoke\/\",\"url\":\"https:\/\/newterracotta.com\/pt-pt\/bespoke\/\",\"name\":\"Restauro e Personaliza\u00e7\u00e3o - New Terracotta\",\"isPartOf\":{\"@id\":\"https:\/\/newterracotta.com\/#website\"},\"datePublished\":\"2020-05-12T14:01:53+00:00\",\"dateModified\":\"2022-12-19T19:12:12+00:00\",\"description\":\"A Azulejaria t\u00eam sido parte proeminente na hist\u00f3ria do mundo\",\"inLanguage\":\"pt-PT\",\"potentialAction\":[{\"@type\":\"ReadAction\",\"target\":[\"https:\/\/newterracotta.com\/pt-pt\/bespoke\/\"]}]},{\"@type\":\"WebSite\",\"@id\":\"https:\/\/newterracotta.com\/#website\",\"url\":\"https:\/\/newterracotta.com\/\",\"name\":\"New Terracotta\",\"description\":\"Portuguese Handmade\",\"potentialAction\":[{\"@type\":\"SearchAction\",\"target\":{\"@type\":\"EntryPoint\",\"urlTemplate\":\"https:\/\/newterracotta.com\/?s={search_term_string}\"},\"query-input\":\"required name=search_term_string\"}],\"inLanguage\":\"pt-PT\"}]}<\/script>\n<!-- \/ Yoast SEO plugin. -->","yoast_head_json":{"title":"Restauro e Personaliza\u00e7\u00e3o - New Terracotta","description":"A Azulejaria t\u00eam sido parte proeminente na hist\u00f3ria do mundo","robots":{"index":"index","follow":"follow","max-snippet":"max-snippet:-1","max-image-preview":"max-image-preview:large","max-video-preview":"max-video-preview:-1"},"canonical":"https:\/\/newterracotta.com\/pt-pt\/bespoke\/","og_locale":"pt_PT","og_type":"article","og_title":"Restauro e Personaliza\u00e7\u00e3o - New Terracotta","og_description":"A Azulejaria t\u00eam sido parte proeminente na hist\u00f3ria do mundo","og_url":"https:\/\/newterracotta.com\/pt-pt\/bespoke\/","og_site_name":"New Terracotta","article_modified_time":"2022-12-19T19:12:12+00:00","twitter_card":"summary_large_image","twitter_misc":{"Tempo estimado de leitura":"2 minutos"},"schema":{"@context":"https:\/\/schema.org","@graph":[{"@type":"WebPage","@id":"https:\/\/newterracotta.com\/pt-pt\/bespoke\/","url":"https:\/\/newterracotta.com\/pt-pt\/bespoke\/","name":"Restauro e Personaliza\u00e7\u00e3o - New Terracotta","isPartOf":{"@id":"https:\/\/newterracotta.com\/#website"},"datePublished":"2020-05-12T14:01:53+00:00","dateModified":"2022-12-19T19:12:12+00:00","description":"A Azulejaria t\u00eam sido parte proeminente na hist\u00f3ria do mundo","inLanguage":"pt-PT","potentialAction":[{"@type":"ReadAction","target":["https:\/\/newterracotta.com\/pt-pt\/bespoke\/"]}]},{"@type":"WebSite","@id":"https:\/\/newterracotta.com\/#website","url":"https:\/\/newterracotta.com\/","name":"New Terracotta","description":"Portuguese Handmade","potentialAction":[{"@type":"SearchAction","target":{"@type":"EntryPoint","urlTemplate":"https:\/\/newterracotta.com\/?s={search_term_string}"},"query-input":"required name=search_term_string"}],"inLanguage":"pt-PT"}]}},"_links":{"self":[{"href":"https:\/\/newterracotta.com\/pt-pt\/wp-json\/wp\/v2\/pages\/29009"}],"collection":[{"href":"https:\/\/newterracotta.com\/pt-pt\/wp-json\/wp\/v2\/pages"}],"about":[{"href":"https:\/\/newterracotta.com\/pt-pt\/wp-json\/wp\/v2\/types\/page"}],"author":[{"embeddable":true,"href":"https:\/\/newterracotta.com\/pt-pt\/wp-json\/wp\/v2\/users\/1"}],"replies":[{"embeddable":true,"href":"https:\/\/newterracotta.com\/pt-pt\/wp-json\/wp\/v2\/comments?post=29009"}],"version-history":[{"count":23,"href":"https:\/\/newterracotta.com\/pt-pt\/wp-json\/wp\/v2\/pages\/29009\/revisions"}],"predecessor-version":[{"id":62819,"href":"https:\/\/newterracotta.com\/pt-pt\/wp-json\/wp\/v2\/pages\/29009\/revisions\/62819"}],"wp:attachment":[{"href":"https:\/\/newterracotta.com\/pt-pt\/wp-json\/wp\/v2\/media?parent=29009"}],"curies":[{"name":"wp","href":"https:\/\/api.w.org\/{rel}","templated":true}]}}