{"id":29130,"date":"2020-05-12T14:18:29","date_gmt":"2020-05-12T14:18:29","guid":{"rendered":"https:\/\/newterracotta.com\/?page_id=29130"},"modified":"2020-05-25T15:26:14","modified_gmt":"2020-05-25T15:26:14","slug":"o-atelier","status":"publish","type":"page","link":"https:\/\/newterracotta.com\/pt-pt\/o-atelier\/","title":{"rendered":"Bespoke Tiles"},"content":{"rendered":"<p>[vc_row full_width=&#8221;stretch_row_content_no_spaces&#8221; gap=&#8221;&#8221; parallax_image=&#8221;29222&#8243;][vc_column][vc_empty_space height=&#8221;400px&#8221;][\/vc_column][\/vc_row][vc_section full_width=&#8221;stretch_row&#8221; el_class=&#8221;section-4-bespoke&#8221;][vc_row][vc_column][vc_empty_space height=&#8221;20px&#8221;][vc_custom_heading text=&#8221;Bespoke Tiles&#8221; font_container=&#8221;tag:h2|text_align:center&#8221; el_class=&#8221;no-margin-bottom&#8221;][vc_empty_space height=&#8221;30px&#8221;][vc_column_text el_class=&#8221;tamanho-extra-bespoke&#8221;]<\/p>\n<p style=\"text-align: center;\">A New Terracotta oferece um servi\u00e7o completo de design de murais, desde a concep\u00e7\u00e3o \u00e0 instala\u00e7\u00e3o.<br \/>\nQuer se trate de personalizar um dos nossos desenhos j\u00e1 existentes ou de trabalhar connosco numa cria\u00e7\u00e3o completamente personalizada,<br \/>\nos nossos especialistas ir\u00e3o orient\u00e1-lo neste processo empolgante.<\/p>\n<p>[\/vc_column_text][vc_empty_space height=&#8221;30px&#8221;][\/vc_column][\/vc_row][vc_row][vc_column][vc_row_inner][vc_column_inner width=&#8221;1\/12&#8243;][\/vc_column_inner][vc_column_inner width=&#8221;5\/12&#8243; css=&#8221;.vc_custom_1588809961516{margin-right: 15px !important;}&#8221;][vc_single_image image=&#8221;29632&#8243; img_size=&#8221;full&#8221;][vc_custom_heading text=&#8221;Tropical Acquarela&#8221; font_container=&#8221;tag:h5|text_align:left&#8221;][vc_single_image image=&#8221;29584&#8243; img_size=&#8221;full&#8221;][vc_custom_heading text=&#8221;Dutch Alphabet&#8221; font_container=&#8221;tag:h5|text_align:left&#8221;][vc_single_image image=&#8221;29566&#8243; img_size=&#8221;full&#8221;][vc_custom_heading text=&#8221;China Regio Asie&#8221; font_container=&#8221;tag:h5|text_align:left&#8221;][vc_single_image image=&#8221;29614&#8243; img_size=&#8221;full&#8221;][vc_custom_heading text=&#8221;Sophie in the Fields&#8221; font_container=&#8221;tag:h5|text_align:left&#8221;][vc_single_image image=&#8221;29596&#8243; img_size=&#8221;full&#8221;][vc_custom_heading text=&#8221;Lisboa Antiga Revisited&#8221; font_container=&#8221;tag:h5|text_align:left&#8221;][vc_single_image image=&#8221;29542&#8243; img_size=&#8221;full&#8221;][vc_custom_heading text=&#8221;After Jackie&#8221; font_container=&#8221;tag:h5|text_align:left&#8221;][vc_single_image image=&#8221;29560&#8243; img_size=&#8221;full&#8221;][vc_custom_heading text=&#8221;Cat, Crocodile and Friends&#8221; font_container=&#8221;tag:h5|text_align:left&#8221;][\/vc_column_inner][vc_column_inner width=&#8221;5\/12&#8243; css=&#8221;.vc_custom_1588809968950{margin-left: 15px !important;}&#8221;][vc_single_image image=&#8221;29572&#8243; img_size=&#8221;full&#8221;][vc_custom_heading text=&#8221;Chinoiserie in Pink&#8221; font_container=&#8221;tag:h5|text_align:left&#8221;][vc_single_image image=&#8221;29626&#8243; img_size=&#8221;full&#8221;][vc_custom_heading text=&#8221;Tribute to Escher&#8221; font_container=&#8221;tag:h5|text_align:left&#8221;][vc_single_image image=&#8221;29548&#8243; img_size=&#8221;full&#8221;][vc_custom_heading text=&#8221;Big Birds&#8221; font_container=&#8221;tag:h5|text_align:left&#8221;][vc_single_image image=&#8221;29590&#8243; img_size=&#8221;full&#8221;][vc_custom_heading text=&#8221;Fronteira Palace&#8221; font_container=&#8221;tag:h5|text_align:left&#8221;][vc_single_image image=&#8221;29554&#8243; img_size=&#8221;full&#8221;][vc_custom_heading text=&#8221;Blue Angels&#8221; font_container=&#8221;tag:h5|text_align:left&#8221;][vc_single_image image=&#8221;30000&#8243; img_size=&#8221;full&#8221;][vc_custom_heading text=&#8221;Craft Loewe\u2019s&#8221; font_container=&#8221;tag:h5|text_align:left&#8221;][vc_media_grid element_width=&#8221;6&#8243; grid_id=&#8221;vc_gid:1590420321583-7924a3a2-811d-7&#8243; include=&#8221;29608,29602&#8243; css=&#8221;.vc_custom_1589755831307{margin-bottom: 15px !important;}&#8221;][vc_custom_heading text=&#8221;Preciouse Smink&#8221; font_container=&#8221;tag:h5|text_align:left&#8221; el_class=&#8221;side-by-side&#8221;][vc_custom_heading text=&#8221;Platinum Fest&#8221; font_container=&#8221;tag:h5|text_align:left&#8221; el_class=&#8221;side-by-side&#8221;][vc_single_image image=&#8221;29620&#8243; img_size=&#8221;full&#8221;][vc_custom_heading text=&#8221;The Fish Mural&#8221; font_container=&#8221;tag:h5|text_align:left&#8221;][\/vc_column_inner][vc_column_inner width=&#8221;1\/12&#8243;][\/vc_column_inner][\/vc_row_inner][\/vc_column][\/vc_row][\/vc_section][vc_section el_class=&#8221;section-5-bespoke&#8221;][vc_row][vc_column][vc_row_inner][vc_column_inner][vc_custom_heading text=&#8221;Cores, formas e texturas personalizadas&#8221; font_container=&#8221;tag:h3|text_align:center&#8221; el_class=&#8221;no-margin-bottom&#8221;][vc_column_text el_class=&#8221;tamanho-extra-bespoke&#8221;]<\/p>\n<p style=\"text-align: center;\">Convidamos os nossos clientes a explorar a sua pr\u00f3pria criatividade e a solicitar uma pe\u00e7a \u00fanica, perfeitamente moldada ao seu estilo.<\/p>\n<p>[\/vc_column_text][vc_empty_space height=&#8221;0px&#8221;][\/vc_column_inner][\/vc_row_inner][\/vc_column][\/vc_row][vc_row gap=&#8221;&#8221; el_class=&#8221;gallery-bespoke&#8221;][vc_column][rev_slider_vc alias=&#8221;bespoke&#8221; el_class=&#8221;maxwidthSlide&#8221;][vc_empty_space height=&#8221;20px&#8221;][\/vc_column][\/vc_row][vc_row][vc_column width=&#8221;1\/2&#8243;][vc_row_inner][vc_column_inner width=&#8221;1\/2&#8243;][vc_single_image image=&#8221;11598&#8243; img_size=&#8221;full&#8221;][vc_custom_heading text=&#8221;Paulo Calado&#8221; font_container=&#8221;tag:h5|text_align:left&#8221;][\/vc_column_inner][vc_column_inner width=&#8221;1\/2&#8243;][vc_single_image image=&#8221;11630&#8243; img_size=&#8221;full&#8221;][vc_custom_heading text=&#8221;\u00c1lvaro Afonso&#8221; font_container=&#8221;tag:h5|text_align:left&#8221;][\/vc_column_inner][\/vc_row_inner][vc_row_inner][vc_column_inner][vc_custom_heading text=&#8221;GESTORES DE UMA F\u00c1BRICA DE SERVI\u00c7OS&#8221; font_container=&#8221;tag:h6|text_align:left&#8221; el_class=&#8221;no-margin-bottom&#8221;][vc_column_text]Todos os elementos da nossa organiza\u00e7\u00e3o t\u00eam de reconhecer que a nossa f\u00e1brica n\u00e3o se limita apenas \u00e0 produ\u00e7\u00e3o. Prestamos tamb\u00e9m um conjunto de servi\u00e7os que s\u00e3o parte integrante de cada produto. \u00c9 a esta perspectiva integrada de produtos e servi\u00e7os que chamamos F\u00e1brica de Servi\u00e7os.[\/vc_column_text][\/vc_column_inner][\/vc_row_inner][\/vc_column][vc_column width=&#8221;1\/2&#8243;][vc_single_image image=&#8221;29952&#8243; img_size=&#8221;full&#8221; onclick=&#8221;custom_link&#8221; link=&#8221;https:\/\/newterracotta.com\/bespoke-volumetrics\/&#8221;][\/vc_column][\/vc_row][\/vc_section][vc_row full_width=&#8221;stretch_row_content_no_spaces&#8221; gap=&#8221;&#8221; el_class=&#8221;lets-talk-bloco&#8221;][vc_column][vc_custom_heading text=&#8221;Tem um projecto em mente?<br \/>\nAdorar\u00edamos fazer parte dele!&#8221; font_container=&#8221;tag:h2|text_align:center&#8221;][vc_column_text]<\/p>\n<h5 style=\"text-align: center;\"><a href=\"http:\/\/newterracotta.com\/contact-2\/\">VAMOS CONVERSAR.<\/a><\/h5>\n<p>[\/vc_column_text][\/vc_column][\/vc_row]<\/p>\n","protected":false},"excerpt":{"rendered":"<p>[vc_row full_width=&#8221;stretch_row_content_no_spaces&#8221; gap=&#8221;&#8221; parallax_image=&#8221;29222&#8243;][vc_column][vc_empty_space height=&#8221;400px&#8221;][\/vc_column][\/vc_row][vc_section full_width=&#8221;stretch_row&#8221; el_class=&#8221;section-4-bespoke&#8221;][vc_row][vc_column][vc_empty_space height=&#8221;20px&#8221;][vc_custom_heading text=&#8221;Bespoke Tiles&#8221; font_container=&#8221;tag:h2|text_align:center&#8221; el_class=&#8221;no-margin-bottom&#8221;][vc_empty_space height=&#8221;30px&#8221;][vc_column_text el_class=&#8221;tamanho-extra-bespoke&#8221;] A New Terracotta oferece um servi\u00e7o completo de design de murais, desde a concep\u00e7\u00e3o \u00e0 instala\u00e7\u00e3o. [&hellip;]<\/p>\n","protected":false},"author":1,"featured_media":0,"parent":0,"menu_order":0,"comment_status":"closed","ping_status":"closed","template":"","meta":{"_monsterinsights_skip_tracking":false,"_monsterinsights_sitenote_active":false,"_monsterinsights_sitenote_note":"","_monsterinsights_sitenote_category":0},"yoast_head":"<!-- This site is optimized with the Yoast SEO plugin v20.6 - https:\/\/yoast.com\/wordpress\/plugins\/seo\/ -->\n<title>Restauro e Personaliza\u00e7\u00e3o - New Terracotta<\/title>\n<meta name=\"description\" content=\"A Azulejaria t\u00eam sido parte proeminente na hist\u00f3ria do mundo\" \/>\n<meta name=\"robots\" content=\"index, follow, max-snippet:-1, max-image-preview:large, max-video-preview:-1\" \/>\n<link rel=\"canonical\" href=\"https:\/\/newterracotta.com\/pt-pt\/o-atelier\/\" \/>\n<meta property=\"og:locale\" content=\"pt_PT\" \/>\n<meta property=\"og:type\" content=\"article\" \/>\n<meta property=\"og:title\" content=\"Restauro e Personaliza\u00e7\u00e3o - New Terracotta\" \/>\n<meta property=\"og:description\" content=\"A Azulejaria t\u00eam sido parte proeminente na hist\u00f3ria do mundo\" \/>\n<meta property=\"og:url\" content=\"https:\/\/newterracotta.com\/pt-pt\/o-atelier\/\" \/>\n<meta property=\"og:site_name\" content=\"New Terracotta\" \/>\n<meta property=\"article:modified_time\" content=\"2020-05-25T15:26:14+00:00\" \/>\n<meta name=\"twitter:card\" content=\"summary_large_image\" \/>\n<meta name=\"twitter:label1\" content=\"Tempo estimado de leitura\" \/>\n\t<meta name=\"twitter:data1\" content=\"4 minutos\" \/>\n<script type=\"application\/ld+json\" class=\"yoast-schema-graph\">{\"@context\":\"https:\/\/schema.org\",\"@graph\":[{\"@type\":\"WebPage\",\"@id\":\"https:\/\/newterracotta.com\/pt-pt\/o-atelier\/\",\"url\":\"https:\/\/newterracotta.com\/pt-pt\/o-atelier\/\",\"name\":\"Restauro e Personaliza\u00e7\u00e3o - New Terracotta\",\"isPartOf\":{\"@id\":\"https:\/\/newterracotta.com\/#website\"},\"datePublished\":\"2020-05-12T14:18:29+00:00\",\"dateModified\":\"2020-05-25T15:26:14+00:00\",\"description\":\"A Azulejaria t\u00eam sido parte proeminente na hist\u00f3ria do mundo\",\"inLanguage\":\"pt-PT\",\"potentialAction\":[{\"@type\":\"ReadAction\",\"target\":[\"https:\/\/newterracotta.com\/pt-pt\/o-atelier\/\"]}]},{\"@type\":\"WebSite\",\"@id\":\"https:\/\/newterracotta.com\/#website\",\"url\":\"https:\/\/newterracotta.com\/\",\"name\":\"New Terracotta\",\"description\":\"Portuguese Handmade\",\"potentialAction\":[{\"@type\":\"SearchAction\",\"target\":{\"@type\":\"EntryPoint\",\"urlTemplate\":\"https:\/\/newterracotta.com\/?s={search_term_string}\"},\"query-input\":\"required name=search_term_string\"}],\"inLanguage\":\"pt-PT\"}]}<\/script>\n<!-- \/ Yoast SEO plugin. -->","yoast_head_json":{"title":"Restauro e Personaliza\u00e7\u00e3o - New Terracotta","description":"A Azulejaria t\u00eam sido parte proeminente na hist\u00f3ria do mundo","robots":{"index":"index","follow":"follow","max-snippet":"max-snippet:-1","max-image-preview":"max-image-preview:large","max-video-preview":"max-video-preview:-1"},"canonical":"https:\/\/newterracotta.com\/pt-pt\/o-atelier\/","og_locale":"pt_PT","og_type":"article","og_title":"Restauro e Personaliza\u00e7\u00e3o - New Terracotta","og_description":"A Azulejaria t\u00eam sido parte proeminente na hist\u00f3ria do mundo","og_url":"https:\/\/newterracotta.com\/pt-pt\/o-atelier\/","og_site_name":"New Terracotta","article_modified_time":"2020-05-25T15:26:14+00:00","twitter_card":"summary_large_image","twitter_misc":{"Tempo estimado de leitura":"4 minutos"},"schema":{"@context":"https:\/\/schema.org","@graph":[{"@type":"WebPage","@id":"https:\/\/newterracotta.com\/pt-pt\/o-atelier\/","url":"https:\/\/newterracotta.com\/pt-pt\/o-atelier\/","name":"Restauro e Personaliza\u00e7\u00e3o - New Terracotta","isPartOf":{"@id":"https:\/\/newterracotta.com\/#website"},"datePublished":"2020-05-12T14:18:29+00:00","dateModified":"2020-05-25T15:26:14+00:00","description":"A Azulejaria t\u00eam sido parte proeminente na hist\u00f3ria do mundo","inLanguage":"pt-PT","potentialAction":[{"@type":"ReadAction","target":["https:\/\/newterracotta.com\/pt-pt\/o-atelier\/"]}]},{"@type":"WebSite","@id":"https:\/\/newterracotta.com\/#website","url":"https:\/\/newterracotta.com\/","name":"New Terracotta","description":"Portuguese Handmade","potentialAction":[{"@type":"SearchAction","target":{"@type":"EntryPoint","urlTemplate":"https:\/\/newterracotta.com\/?s={search_term_string}"},"query-input":"required name=search_term_string"}],"inLanguage":"pt-PT"}]}},"_links":{"self":[{"href":"https:\/\/newterracotta.com\/pt-pt\/wp-json\/wp\/v2\/pages\/29130"}],"collection":[{"href":"https:\/\/newterracotta.com\/pt-pt\/wp-json\/wp\/v2\/pages"}],"about":[{"href":"https:\/\/newterracotta.com\/pt-pt\/wp-json\/wp\/v2\/types\/page"}],"author":[{"embeddable":true,"href":"https:\/\/newterracotta.com\/pt-pt\/wp-json\/wp\/v2\/users\/1"}],"replies":[{"embeddable":true,"href":"https:\/\/newterracotta.com\/pt-pt\/wp-json\/wp\/v2\/comments?post=29130"}],"version-history":[{"count":13,"href":"https:\/\/newterracotta.com\/pt-pt\/wp-json\/wp\/v2\/pages\/29130\/revisions"}],"predecessor-version":[{"id":30453,"href":"https:\/\/newterracotta.com\/pt-pt\/wp-json\/wp\/v2\/pages\/29130\/revisions\/30453"}],"wp:attachment":[{"href":"https:\/\/newterracotta.com\/pt-pt\/wp-json\/wp\/v2\/media?parent=29130"}],"curies":[{"name":"wp","href":"https:\/\/api.w.org\/{rel}","templated":true}]}}