{"id":29388,"date":"2020-05-12T14:23:51","date_gmt":"2020-05-12T14:23:51","guid":{"rendered":"https:\/\/newterracotta.com\/?page_id=29388"},"modified":"2020-05-25T15:34:12","modified_gmt":"2020-05-25T15:34:12","slug":"o-atelier-2","status":"publish","type":"page","link":"https:\/\/newterracotta.com\/pt-pt\/o-atelier-2\/","title":{"rendered":"Bespoke Volumetrics"},"content":{"rendered":"<p>[vc_row full_width=&#8221;stretch_row_content_no_spaces&#8221; gap=&#8221;&#8221; parallax_image=&#8221;29668&#8243;][vc_column][vc_empty_space height=&#8221;400px&#8221;][\/vc_column][\/vc_row][vc_section full_width=&#8221;stretch_row&#8221; el_class=&#8221;section-4-bespoke&#8221;][vc_row][vc_column][vc_empty_space height=&#8221;20px&#8221;][vc_custom_heading text=&#8221;Bespoke Volumetrics&#8221; font_container=&#8221;tag:h2|text_align:center&#8221; el_class=&#8221;no-margin-bottom&#8221;][vc_empty_space height=&#8221;30px&#8221;][vc_column_text el_class=&#8221;tamanho-extra-bespoke&#8221;]<\/p>\n<p style=\"text-align: center;\">Somos artes\u00e3os a trabalhar como barro. Por vezes, transpomos limites e criamos \u2018algo\u2019.<br \/>\nO barro d\u00e1 liberdade para criar algo intenso, cru, exuberante. Permite empilhar, desconstruir e cometer erros.<br \/>\nN\u00e3o precisamos de ferramentas nem maquinaria para manipular o material.<\/p>\n<p>[\/vc_column_text][vc_empty_space height=&#8221;10px&#8221;][vc_custom_heading text=&#8221;S\u00f3 precisamos de barro, m\u00e3os e fogo. Temos tudo isto.&#8221; font_container=&#8221;tag:h3|text_align:center&#8221; el_class=&#8221;no-margin-bottom&#8221;][vc_empty_space height=&#8221;40px&#8221;][\/vc_column][\/vc_row][vc_row gap=&#8221;&#8221;][vc_column][vc_row_inner][vc_column_inner width=&#8221;1\/12&#8243;][\/vc_column_inner][vc_column_inner width=&#8221;5\/12&#8243; css=&#8221;.vc_custom_1588858935269{margin-right: 20px !important;}&#8221;][vc_single_image image=&#8221;29697&#8243; img_size=&#8221;full&#8221;][vc_custom_heading text=&#8221;Totem in Pink Red&#8221; font_container=&#8221;tag:h5|text_align:left&#8221;][vc_single_image image=&#8221;29715&#8243; img_size=&#8221;full&#8221;][vc_custom_heading text=&#8221;Yellow NEW&#8221; font_container=&#8221;tag:h5|text_align:left&#8221;][vc_single_image image=&#8221;29709&#8243; img_size=&#8221;full&#8221;][vc_custom_heading text=&#8221;XXL in Forest Green&#8221; font_container=&#8221;tag:h5|text_align:left&#8221;][vc_single_image image=&#8221;29649&#8243; img_size=&#8221;full&#8221;][vc_custom_heading text=&#8221;Brick and Aqua Jars&#8221; font_container=&#8221;tag:h5|text_align:left&#8221;][vc_single_image image=&#8221;29643&#8243; img_size=&#8221;full&#8221;][vc_custom_heading text=&#8221;Bisque St.&#8221; font_container=&#8221;tag:h5|text_align:left&#8221;][vc_single_image image=&#8221;29655&#8243; img_size=&#8221;full&#8221;][vc_custom_heading text=&#8221;Brown Beer Bottles&#8221; font_container=&#8221;tag:h5|text_align:left&#8221;][\/vc_column_inner][vc_column_inner width=&#8221;5\/12&#8243; css=&#8221;.vc_custom_1588858945933{margin-left: 20px !important;}&#8221;][vc_single_image image=&#8221;29667&#8243; img_size=&#8221;full&#8221;][vc_custom_heading text=&#8221;Giraffe and Acid Totem&#8221; font_container=&#8221;tag:h5|text_align:left&#8221;][vc_single_image image=&#8221;29703&#8243; img_size=&#8221;full&#8221;][vc_custom_heading text=&#8221;WC &amp; XXL&#8221; font_container=&#8221;tag:h5|text_align:left&#8221;][vc_single_image image=&#8221;29679&#8243; img_size=&#8221;full&#8221;][vc_custom_heading text=&#8221;Kyoto Yellow Series&#8221; font_container=&#8221;tag:h5|text_align:left&#8221;][vc_single_image image=&#8221;29691&#8243; img_size=&#8221;full&#8221;][vc_custom_heading text=&#8221;The 3 Bottles&#8221; font_container=&#8221;tag:h5|text_align:left&#8221;][vc_single_image image=&#8221;29685&#8243; img_size=&#8221;full&#8221;][vc_custom_heading text=&#8221;St. Barths&#8221; font_container=&#8221;tag:h5|text_align:left&#8221;][vc_single_image image=&#8221;29661&#8243; img_size=&#8221;full&#8221;][vc_custom_heading text=&#8221;Burnt Crochet Plate&#8221; font_container=&#8221;tag:h5|text_align:left&#8221;][\/vc_column_inner][vc_column_inner width=&#8221;1\/12&#8243;][\/vc_column_inner][\/vc_row_inner][\/vc_column][\/vc_row][\/vc_section][vc_section el_class=&#8221;section-5-bespoke&#8221;][vc_row][vc_column][vc_empty_space height=&#8221;20px&#8221;][\/vc_column][\/vc_row][vc_row][vc_column width=&#8221;1\/2&#8243;][vc_row_inner][vc_column_inner width=&#8221;1\/2&#8243;][vc_single_image image=&#8221;11598&#8243; img_size=&#8221;full&#8221;][vc_custom_heading text=&#8221;Paulo Calado&#8221; font_container=&#8221;tag:h5|text_align:left&#8221;][\/vc_column_inner][vc_column_inner width=&#8221;1\/2&#8243;][vc_single_image image=&#8221;11630&#8243; img_size=&#8221;full&#8221;][vc_custom_heading text=&#8221;\u00c1lvaro Afonso&#8221; font_container=&#8221;tag:h5|text_align:left&#8221;][\/vc_column_inner][\/vc_row_inner][vc_row_inner][vc_column_inner][vc_custom_heading text=&#8221;GESTORES DE UMA F\u00c1BRICA DE SERVI\u00c7OS&#8221; font_container=&#8221;tag:h6|text_align:left&#8221; el_class=&#8221;no-margin-bottom&#8221;][vc_column_text]Todos os elementos da nossa organiza\u00e7\u00e3o t\u00eam de reconhecer que a nossa f\u00e1brica n\u00e3o se limita apenas \u00e0 produ\u00e7\u00e3o. Prestamos tamb\u00e9m um conjunto de servi\u00e7os que s\u00e3o parte integrante de cada produto. \u00c9 a esta perspectiva integrada de produtos e servi\u00e7os que chamamos F\u00e1brica de Servi\u00e7os.[\/vc_column_text][\/vc_column_inner][\/vc_row_inner][\/vc_column][vc_column width=&#8221;1\/2&#8243;][vc_single_image image=&#8221;30011&#8243; img_size=&#8221;full&#8221; onclick=&#8221;custom_link&#8221; link=&#8221;https:\/\/newterracotta.com\/bespoke-tiles\/&#8221;][\/vc_column][\/vc_row][\/vc_section][vc_row full_width=&#8221;stretch_row_content_no_spaces&#8221; gap=&#8221;&#8221; el_class=&#8221;lets-talk-bloco&#8221;][vc_column][vc_custom_heading text=&#8221;Tem um projecto em mente?<br \/>\nAdorar\u00edamos fazer parte dele!&#8221; font_container=&#8221;tag:h2|text_align:center&#8221;][vc_column_text]<\/p>\n<h5 style=\"text-align: center;\"><a href=\"http:\/\/newterracotta.com\/contact-2\/\">VAMOS CONVERSAR.<\/a><\/h5>\n<p>[\/vc_column_text][\/vc_column][\/vc_row]<\/p>\n","protected":false},"excerpt":{"rendered":"<p>[vc_row full_width=&#8221;stretch_row_content_no_spaces&#8221; gap=&#8221;&#8221; parallax_image=&#8221;29668&#8243;][vc_column][vc_empty_space height=&#8221;400px&#8221;][\/vc_column][\/vc_row][vc_section full_width=&#8221;stretch_row&#8221; el_class=&#8221;section-4-bespoke&#8221;][vc_row][vc_column][vc_empty_space height=&#8221;20px&#8221;][vc_custom_heading text=&#8221;Bespoke Volumetrics&#8221; font_container=&#8221;tag:h2|text_align:center&#8221; el_class=&#8221;no-margin-bottom&#8221;][vc_empty_space height=&#8221;30px&#8221;][vc_column_text el_class=&#8221;tamanho-extra-bespoke&#8221;] Somos artes\u00e3os a trabalhar como barro. Por vezes, transpomos limites e criamos \u2018algo\u2019. O barro d\u00e1 [&hellip;]<\/p>\n","protected":false},"author":1,"featured_media":0,"parent":0,"menu_order":0,"comment_status":"closed","ping_status":"closed","template":"","meta":{"_monsterinsights_skip_tracking":false,"_monsterinsights_sitenote_active":false,"_monsterinsights_sitenote_note":"","_monsterinsights_sitenote_category":0},"yoast_head":"<!-- This site is optimized with the Yoast SEO plugin v20.6 - https:\/\/yoast.com\/wordpress\/plugins\/seo\/ -->\n<title>Restauro e Personaliza\u00e7\u00e3o - New Terracotta<\/title>\n<meta name=\"description\" content=\"A Azulejaria t\u00eam sido parte proeminente na hist\u00f3ria do mundo\" \/>\n<meta name=\"robots\" content=\"index, follow, max-snippet:-1, max-image-preview:large, max-video-preview:-1\" \/>\n<link rel=\"canonical\" href=\"https:\/\/newterracotta.com\/pt-pt\/o-atelier-2\/\" \/>\n<meta property=\"og:locale\" content=\"pt_PT\" \/>\n<meta property=\"og:type\" content=\"article\" \/>\n<meta property=\"og:title\" content=\"Restauro e Personaliza\u00e7\u00e3o - New Terracotta\" \/>\n<meta property=\"og:description\" content=\"A Azulejaria t\u00eam sido parte proeminente na hist\u00f3ria do mundo\" \/>\n<meta property=\"og:url\" content=\"https:\/\/newterracotta.com\/pt-pt\/o-atelier-2\/\" \/>\n<meta property=\"og:site_name\" content=\"New Terracotta\" \/>\n<meta property=\"article:modified_time\" content=\"2020-05-25T15:34:12+00:00\" \/>\n<meta name=\"twitter:card\" content=\"summary_large_image\" \/>\n<meta name=\"twitter:label1\" content=\"Tempo estimado de leitura\" \/>\n\t<meta name=\"twitter:data1\" content=\"4 minutos\" \/>\n<script type=\"application\/ld+json\" class=\"yoast-schema-graph\">{\"@context\":\"https:\/\/schema.org\",\"@graph\":[{\"@type\":\"WebPage\",\"@id\":\"https:\/\/newterracotta.com\/pt-pt\/o-atelier-2\/\",\"url\":\"https:\/\/newterracotta.com\/pt-pt\/o-atelier-2\/\",\"name\":\"Restauro e Personaliza\u00e7\u00e3o - New Terracotta\",\"isPartOf\":{\"@id\":\"https:\/\/newterracotta.com\/#website\"},\"datePublished\":\"2020-05-12T14:23:51+00:00\",\"dateModified\":\"2020-05-25T15:34:12+00:00\",\"description\":\"A Azulejaria t\u00eam sido parte proeminente na hist\u00f3ria do mundo\",\"inLanguage\":\"pt-PT\",\"potentialAction\":[{\"@type\":\"ReadAction\",\"target\":[\"https:\/\/newterracotta.com\/pt-pt\/o-atelier-2\/\"]}]},{\"@type\":\"WebSite\",\"@id\":\"https:\/\/newterracotta.com\/#website\",\"url\":\"https:\/\/newterracotta.com\/\",\"name\":\"New Terracotta\",\"description\":\"Portuguese Handmade\",\"potentialAction\":[{\"@type\":\"SearchAction\",\"target\":{\"@type\":\"EntryPoint\",\"urlTemplate\":\"https:\/\/newterracotta.com\/?s={search_term_string}\"},\"query-input\":\"required name=search_term_string\"}],\"inLanguage\":\"pt-PT\"}]}<\/script>\n<!-- \/ Yoast SEO plugin. -->","yoast_head_json":{"title":"Restauro e Personaliza\u00e7\u00e3o - New Terracotta","description":"A Azulejaria t\u00eam sido parte proeminente na hist\u00f3ria do mundo","robots":{"index":"index","follow":"follow","max-snippet":"max-snippet:-1","max-image-preview":"max-image-preview:large","max-video-preview":"max-video-preview:-1"},"canonical":"https:\/\/newterracotta.com\/pt-pt\/o-atelier-2\/","og_locale":"pt_PT","og_type":"article","og_title":"Restauro e Personaliza\u00e7\u00e3o - New Terracotta","og_description":"A Azulejaria t\u00eam sido parte proeminente na hist\u00f3ria do mundo","og_url":"https:\/\/newterracotta.com\/pt-pt\/o-atelier-2\/","og_site_name":"New Terracotta","article_modified_time":"2020-05-25T15:34:12+00:00","twitter_card":"summary_large_image","twitter_misc":{"Tempo estimado de leitura":"4 minutos"},"schema":{"@context":"https:\/\/schema.org","@graph":[{"@type":"WebPage","@id":"https:\/\/newterracotta.com\/pt-pt\/o-atelier-2\/","url":"https:\/\/newterracotta.com\/pt-pt\/o-atelier-2\/","name":"Restauro e Personaliza\u00e7\u00e3o - New Terracotta","isPartOf":{"@id":"https:\/\/newterracotta.com\/#website"},"datePublished":"2020-05-12T14:23:51+00:00","dateModified":"2020-05-25T15:34:12+00:00","description":"A Azulejaria t\u00eam sido parte proeminente na hist\u00f3ria do mundo","inLanguage":"pt-PT","potentialAction":[{"@type":"ReadAction","target":["https:\/\/newterracotta.com\/pt-pt\/o-atelier-2\/"]}]},{"@type":"WebSite","@id":"https:\/\/newterracotta.com\/#website","url":"https:\/\/newterracotta.com\/","name":"New Terracotta","description":"Portuguese Handmade","potentialAction":[{"@type":"SearchAction","target":{"@type":"EntryPoint","urlTemplate":"https:\/\/newterracotta.com\/?s={search_term_string}"},"query-input":"required name=search_term_string"}],"inLanguage":"pt-PT"}]}},"_links":{"self":[{"href":"https:\/\/newterracotta.com\/pt-pt\/wp-json\/wp\/v2\/pages\/29388"}],"collection":[{"href":"https:\/\/newterracotta.com\/pt-pt\/wp-json\/wp\/v2\/pages"}],"about":[{"href":"https:\/\/newterracotta.com\/pt-pt\/wp-json\/wp\/v2\/types\/page"}],"author":[{"embeddable":true,"href":"https:\/\/newterracotta.com\/pt-pt\/wp-json\/wp\/v2\/users\/1"}],"replies":[{"embeddable":true,"href":"https:\/\/newterracotta.com\/pt-pt\/wp-json\/wp\/v2\/comments?post=29388"}],"version-history":[{"count":8,"href":"https:\/\/newterracotta.com\/pt-pt\/wp-json\/wp\/v2\/pages\/29388\/revisions"}],"predecessor-version":[{"id":30458,"href":"https:\/\/newterracotta.com\/pt-pt\/wp-json\/wp\/v2\/pages\/29388\/revisions\/30458"}],"wp:attachment":[{"href":"https:\/\/newterracotta.com\/pt-pt\/wp-json\/wp\/v2\/media?parent=29388"}],"curies":[{"name":"wp","href":"https:\/\/api.w.org\/{rel}","templated":true}]}}