{"id":32299,"date":"2022-09-30T14:58:17","date_gmt":"2022-09-30T14:58:17","guid":{"rendered":"https:\/\/newterracotta.com\/?page_id=32299"},"modified":"2025-03-28T15:52:32","modified_gmt":"2025-03-28T15:52:32","slug":"contacte-nos","status":"publish","type":"page","link":"https:\/\/newterracotta.com\/pt-pt\/contacte-nos\/","title":{"rendered":"Contacte-nos"},"content":{"rendered":"<p>[vc_row gap=&#8221;&#8221;][vc_column][vc_row_inner el_class=&#8221;bl-contactos-1&#8243;][vc_column_inner][vc_empty_space height=&#8221;100px&#8221;][vc_column_text el_class=&#8221;cxDestaqueWithout&#8221;]<\/p>\n<h1>Vamos Conversar!<\/h1>\n<h5>Adorar\u00edamos conhecer o seu projeto.<\/h5>\n<p>[\/vc_column_text][vc_separator color=&#8221;black&#8221; align=&#8221;align_left&#8221; border_width=&#8221;4&#8243; el_width=&#8221;20&#8243;][\/vc_column_inner][\/vc_row_inner][\/vc_column][\/vc_row][vc_row gap=&#8221;&#8221; el_class=&#8221;designers-terra &#8220;][vc_column][vc_row_inner][vc_column_inner el_class=&#8221;texto-preto-about&#8221; width=&#8221;5\/6&#8243;][vc_column_text]<span class=\"pequena\">Preencha o formul\u00e1rio e entraremos rapidamente em contacto consigo.<\/span>[\/vc_column_text][vc_column_text][\/vc_column_text][vc_empty_space height=&#8221;30px&#8221;]\n<div class=\"wpcf7 no-js\" id=\"wpcf7-f15405-o1\" lang=\"en-US\" dir=\"ltr\">\n<div class=\"screen-reader-response\"><p role=\"status\" aria-live=\"polite\" aria-atomic=\"true\"><\/p> <ul><\/ul><\/div>\n<form action=\"\/pt-pt\/wp-json\/wp\/v2\/pages\/32299#wpcf7-f15405-o1\" method=\"post\" class=\"wpcf7-form init\" aria-label=\"Contact form\" novalidate=\"novalidate\" data-status=\"init\">\n<div style=\"display: none;\">\n<input type=\"hidden\" name=\"_wpcf7\" value=\"15405\" \/>\n<input type=\"hidden\" name=\"_wpcf7_version\" value=\"5.7.7\" \/>\n<input type=\"hidden\" name=\"_wpcf7_locale\" value=\"en_US\" \/>\n<input type=\"hidden\" name=\"_wpcf7_unit_tag\" value=\"wpcf7-f15405-o1\" \/>\n<input type=\"hidden\" name=\"_wpcf7_container_post\" value=\"0\" \/>\n<input type=\"hidden\" name=\"_wpcf7_posted_data_hash\" value=\"\" \/>\n<input type=\"hidden\" name=\"_wpcf7_recaptcha_response\" value=\"\" \/>\n<\/div>\n<div class=\"contact-details form-fieldset\">\n\t<div class=\"contact-text name contact-input piwo-input input-required\">\n\t\t<p><span class=\"wpcf7-form-control-wrap\" data-name=\"your-name\"><input size=\"40\" class=\"wpcf7-form-control wpcf7-text wpcf7-validates-as-required\" aria-required=\"true\" aria-invalid=\"false\" placeholder=\"Nome*\" value=\"\" type=\"text\" name=\"your-name\" \/><\/span>\n\t\t<\/p>\n\t<\/div>\n\t<div class=\"contact-text company contact-input piwo-input \">\n\t\t<p><span class=\"wpcf7-form-control-wrap\" data-name=\"your-company\"><input size=\"40\" class=\"wpcf7-form-control wpcf7-text\" aria-invalid=\"false\" placeholder=\"Empresa\" value=\"\" type=\"text\" name=\"your-company\" \/><\/span>\n\t\t<\/p>\n\t<\/div>\n<\/div>\n<div class=\"contact-details form-fieldset\">\n\t<div class=\"contact-text contact-input piwo-input\">\n\t\t<p><span class=\"wpcf7-form-control-wrap\" data-name=\"iam\"><select class=\"wpcf7-form-control wpcf7-select\" aria-invalid=\"false\" name=\"iam\"><option value=\"\">&#8212;Please choose an option&#8212;<\/option><option value=\"Eu sou...\">Eu sou...<\/option><option value=\"Arquiteto\">Arquiteto<\/option><option value=\"Revendedor\">Revendedor<\/option><option value=\"Uso Pessoal\">Uso Pessoal<\/option><option value=\"Press\">Press<\/option><option value=\"Outros\">Outros<\/option><\/select><\/span>\n\t\t<\/p>\n\t<\/div>\n\t<div class=\"contact-text email contact-input piwo-input input-required\">\n\t\t<p><span class=\"wpcf7-form-control-wrap\" data-name=\"your-email\"><input size=\"40\" class=\"wpcf7-form-control wpcf7-text wpcf7-email wpcf7-validates-as-required wpcf7-validates-as-email\" aria-required=\"true\" aria-invalid=\"false\" placeholder=\"Email*\" value=\"\" type=\"email\" name=\"your-email\" \/><\/span>\n\t\t<\/p>\n\t<\/div>\n<\/div>\n<div class=\"contact-details form-fieldset\">\n\t<div class=\"contact-text phone contact-input piwo-input\">\n\t\t<p><span class=\"wpcf7-form-control-wrap\" data-name=\"your-phone\"><input size=\"40\" class=\"wpcf7-form-control wpcf7-text wpcf7-tel wpcf7-validates-as-tel\" aria-invalid=\"false\" placeholder=\"Telefone\" value=\"\" type=\"tel\" name=\"your-phone\" \/><\/span>\n\t\t<\/p>\n\t<\/div>\n\t<div class=\"contact-text howdid contact-input piwo-input\">\n\t\t<p><span class=\"wpcf7-form-control-wrap\" data-name=\"your-location\"><input size=\"40\" class=\"wpcf7-form-control wpcf7-text\" aria-invalid=\"false\" placeholder=\"Morada\" value=\"\" type=\"text\" name=\"your-location\" \/><\/span>\n\t\t<\/p>\n\t<\/div>\n<\/div>\n<div class=\"contact-details form-fieldset\">\n\t<div class=\"contact-text contact-input piwo-input\">\n\t\t<p><label>Detalhes do Projeto<\/label><span class=\"wpcf7-form-control-wrap\" data-name=\"project-details\"><textarea cols=\"40\" rows=\"10\" class=\"wpcf7-form-control wpcf7-textarea wpcf7-validates-as-required\" aria-required=\"true\" aria-invalid=\"false\" name=\"project-details\"><\/textarea><\/span>\n\t\t<\/p>\n\t<\/div>\n\t<div class=\"contact-text contact-input piwo-input\">\n\t\t<p><span class=\"wpcf7-form-control-wrap\" data-name=\"howdid\"><select class=\"wpcf7-form-control wpcf7-select\" aria-invalid=\"false\" name=\"howdid\"><option value=\"\">&#8212;Please choose an option&#8212;<\/option><option value=\"Onde ouviste falar de n\u00f3s\">Onde ouviste falar de n\u00f3s<\/option><option value=\"Social\">Social<\/option><option value=\"Google\">Google<\/option><option value=\"News\">News<\/option><option value=\"Event\">Event<\/option><option value=\"Other\">Other<\/option><\/select><\/span>\n\t\t<\/p>\n\t<\/div>\n<\/div>\n<div class=\"contact-text contact-input piwo-input\">\n\t<div class=\"form-submit\">\n\t\t<div class=\"envio-form\">\n\t\t\t<p><span class=\"wpcf7-form-control-wrap\" data-name=\"acceptance-374\"><span class=\"wpcf7-form-control wpcf7-acceptance\"><span class=\"wpcf7-list-item\"><label><input type=\"checkbox\" name=\"acceptance-374\" value=\"1\" aria-invalid=\"false\" \/><span class=\"wpcf7-list-item-label\">Tratamento de dados pessoais de acordo com o RGPD \u2013 Regulamento (Eu) 2016\/679 | Pol\u00edtica de Privacidade<\/span><\/label><\/span><\/span><\/span>\n\t\t\t<\/p>\n\t\t<span class=\"wpcf7-form-control-wrap recaptcha\" data-name=\"recaptcha\"><span data-sitekey=\"6LdVgbYUAAAAAIUHVDkaRs4ZO59Vi6BZlCbHxgRB\" class=\"wpcf7-form-control g-recaptcha wpcf7-recaptcha\"><\/span>\r\n<noscript>\r\n\t<div class=\"grecaptcha-noscript\">\r\n\t\t<iframe src=\"https:\/\/www.google.com\/recaptcha\/api\/fallback?k=6LdVgbYUAAAAAIUHVDkaRs4ZO59Vi6BZlCbHxgRB\" frameborder=\"0\" scrolling=\"no\" width=\"310\" height=\"430\">\r\n\t\t<\/iframe>\r\n\t\t<textarea name=\"g-recaptcha-response\" rows=\"3\" cols=\"40\" placeholder=\"reCaptcha Response Here\">\r\n\t\t<\/textarea>\r\n\t<\/div>\r\n<\/noscript>\r\n<\/span>\n\t\t\t<p><input class=\"wpcf7-form-control has-spinner wpcf7-submit\" type=\"submit\" value=\"Enviar\" \/>\n\t\t\t<\/p>\n\t\t<\/div>\n\t<\/div>\n<\/div><div class=\"wpcf7-response-output\" aria-hidden=\"true\"><\/div>\n<\/form>\n<\/div>\n[vc_empty_space height=&#8221;50px&#8221;][\/vc_column_inner][vc_column_inner width=&#8221;1\/6&#8243;][vc_column_text]<\/p>\n<div class=\"cleanslate w24tz-current-time w24tz-small\" style=\"display: inline-block !important; visibility: hidden !important; min-width: 200px !important; min-height: 100px !important;\">\n<p><a id=\"tz24-1567417222-c1133-eyJob3VydHlwZSI6MTIsInNob3dkYXRlIjoiMSIsInNob3dzZWNvbmRzIjoiMCIsImNvbnRhaW5lcl9pZCI6ImNsb2NrX2Jsb2NrX2NiNWQ2Y2UzODY2ZDA3ZiIsInR5cGUiOiJkYiIsImxhbmciOiJlbiJ9\" class=\"clock24\" style=\"text-decoration: none;\" title=\"Lisbon timezone\" href=\"\/\/24timezones.com\/world_directory\/time_in_lisbon.php\" target=\"_blank\" rel=\"noopener noreferrer\">Lisbon time<\/a><\/p>\n<div id=\"clock_block_cb5d6ce3866d07f\"><\/div>\n<\/div>\n<p><script src=\"\/\/w.24timezones.com\/l.js\" async=\"\" type=\"text\/javascript\"><\/script>[\/vc_column_text][\/vc_column_inner][\/vc_row_inner][\/vc_column][\/vc_row][vc_row full_width=&#8221;stretch_row&#8221; gap=&#8221;&#8221; el_class=&#8221;lets-talk-bloco&#8221; css=&#8221;.vc_custom_1660062966586{margin-bottom: 0px !important;}&#8221;][vc_column width=&#8221;2\/3&#8243;][vc_custom_heading text=&#8221;Necessita de mais informa\u00e7\u00f5es? &#8220;][vc_custom_heading text=&#8221;\u00c0s vezes, s\u00f3 precisamos<br \/>\nde uma ajuda!&#8221; font_container=&#8221;tag:h3|text_align:left&#8221;][\/vc_column][vc_column width=&#8221;1\/3&#8243;][vc_column_text el_class=&#8221;letsLets&#8221;]<\/p>\n<h5><a href=\"https:\/\/newterracotta.com\/contact-2\/\">Vamos Conversar.<\/a><\/h5>\n<p>[\/vc_column_text][\/vc_column][\/vc_row]<\/p>\n","protected":false},"excerpt":{"rendered":"<p>[vc_row gap=&#8221;&#8221;][vc_column][vc_row_inner el_class=&#8221;bl-contactos-1&#8243;][vc_column_inner][vc_empty_space height=&#8221;100px&#8221;][vc_column_text el_class=&#8221;cxDestaqueWithout&#8221;] Vamos Conversar! Adorar\u00edamos conhecer o seu projeto. [\/vc_column_text][vc_separator color=&#8221;black&#8221; align=&#8221;align_left&#8221; border_width=&#8221;4&#8243; el_width=&#8221;20&#8243;][\/vc_column_inner][\/vc_row_inner][\/vc_column][\/vc_row][vc_row gap=&#8221;&#8221; el_class=&#8221;designers-terra &#8220;][vc_column][vc_row_inner][vc_column_inner el_class=&#8221;texto-preto-about&#8221; width=&#8221;5\/6&#8243;][vc_column_text]Preencha o formul\u00e1rio e entraremos rapidamente em contacto consigo.[\/vc_column_text][vc_column_text][\/vc_column_text][vc_empty_space [&hellip;]<\/p>\n","protected":false},"author":1,"featured_media":0,"parent":0,"menu_order":0,"comment_status":"closed","ping_status":"closed","template":"","meta":{"_monsterinsights_skip_tracking":false,"_monsterinsights_sitenote_active":false,"_monsterinsights_sitenote_note":"","_monsterinsights_sitenote_category":0},"yoast_head":"<!-- This site is optimized with the Yoast SEO plugin v20.6 - https:\/\/yoast.com\/wordpress\/plugins\/seo\/ -->\n<title>Contactos e Suporte - New Terracotta<\/title>\n<meta name=\"description\" content=\"A New Terracotta est\u00e1 \u00e0 sua disposi\u00e7\u00e3o para responder a qualquer pedido de informa\u00e7\u00e3o.\" \/>\n<meta name=\"robots\" content=\"index, follow, max-snippet:-1, max-image-preview:large, max-video-preview:-1\" \/>\n<link rel=\"canonical\" href=\"https:\/\/newterracotta.com\/pt-pt\/contacte-nos\/\" \/>\n<meta property=\"og:locale\" content=\"pt_PT\" \/>\n<meta property=\"og:type\" content=\"article\" \/>\n<meta property=\"og:title\" content=\"Contactos e Suporte - New Terracotta\" \/>\n<meta property=\"og:description\" content=\"A New Terracotta est\u00e1 \u00e0 sua disposi\u00e7\u00e3o para responder a qualquer pedido de informa\u00e7\u00e3o.\" \/>\n<meta property=\"og:url\" content=\"https:\/\/newterracotta.com\/pt-pt\/contacte-nos\/\" \/>\n<meta property=\"og:site_name\" content=\"New Terracotta\" \/>\n<meta property=\"article:modified_time\" content=\"2025-03-28T15:52:32+00:00\" \/>\n<meta name=\"twitter:card\" content=\"summary_large_image\" \/>\n<meta name=\"twitter:label1\" content=\"Est. reading time\" \/>\n\t<meta name=\"twitter:data1\" content=\"1 minuto\" \/>\n<script type=\"application\/ld+json\" class=\"yoast-schema-graph\">{\"@context\":\"https:\/\/schema.org\",\"@graph\":[{\"@type\":\"WebPage\",\"@id\":\"https:\/\/newterracotta.com\/pt-pt\/contacte-nos\/\",\"url\":\"https:\/\/newterracotta.com\/pt-pt\/contacte-nos\/\",\"name\":\"Contactos e Suporte - New Terracotta\",\"isPartOf\":{\"@id\":\"https:\/\/newterracotta.com\/#website\"},\"datePublished\":\"2022-09-30T14:58:17+00:00\",\"dateModified\":\"2025-03-28T15:52:32+00:00\",\"description\":\"A New Terracotta est\u00e1 \u00e0 sua disposi\u00e7\u00e3o para responder a qualquer pedido de informa\u00e7\u00e3o.\",\"inLanguage\":\"pt-PT\",\"potentialAction\":[{\"@type\":\"ReadAction\",\"target\":[\"https:\/\/newterracotta.com\/pt-pt\/contacte-nos\/\"]}]},{\"@type\":\"WebSite\",\"@id\":\"https:\/\/newterracotta.com\/#website\",\"url\":\"https:\/\/newterracotta.com\/\",\"name\":\"New Terracotta\",\"description\":\"Portuguese Handmade\",\"potentialAction\":[{\"@type\":\"SearchAction\",\"target\":{\"@type\":\"EntryPoint\",\"urlTemplate\":\"https:\/\/newterracotta.com\/?s={search_term_string}\"},\"query-input\":\"required name=search_term_string\"}],\"inLanguage\":\"pt-PT\"}]}<\/script>\n<!-- \/ Yoast SEO plugin. -->","yoast_head_json":{"title":"Contactos e Suporte - New Terracotta","description":"A New Terracotta est\u00e1 \u00e0 sua disposi\u00e7\u00e3o para responder a qualquer pedido de informa\u00e7\u00e3o.","robots":{"index":"index","follow":"follow","max-snippet":"max-snippet:-1","max-image-preview":"max-image-preview:large","max-video-preview":"max-video-preview:-1"},"canonical":"https:\/\/newterracotta.com\/pt-pt\/contacte-nos\/","og_locale":"pt_PT","og_type":"article","og_title":"Contactos e Suporte - New Terracotta","og_description":"A New Terracotta est\u00e1 \u00e0 sua disposi\u00e7\u00e3o para responder a qualquer pedido de informa\u00e7\u00e3o.","og_url":"https:\/\/newterracotta.com\/pt-pt\/contacte-nos\/","og_site_name":"New Terracotta","article_modified_time":"2025-03-28T15:52:32+00:00","twitter_card":"summary_large_image","twitter_misc":{"Est. reading time":"1 minuto"},"schema":{"@context":"https:\/\/schema.org","@graph":[{"@type":"WebPage","@id":"https:\/\/newterracotta.com\/pt-pt\/contacte-nos\/","url":"https:\/\/newterracotta.com\/pt-pt\/contacte-nos\/","name":"Contactos e Suporte - New Terracotta","isPartOf":{"@id":"https:\/\/newterracotta.com\/#website"},"datePublished":"2022-09-30T14:58:17+00:00","dateModified":"2025-03-28T15:52:32+00:00","description":"A New Terracotta est\u00e1 \u00e0 sua disposi\u00e7\u00e3o para responder a qualquer pedido de informa\u00e7\u00e3o.","inLanguage":"pt-PT","potentialAction":[{"@type":"ReadAction","target":["https:\/\/newterracotta.com\/pt-pt\/contacte-nos\/"]}]},{"@type":"WebSite","@id":"https:\/\/newterracotta.com\/#website","url":"https:\/\/newterracotta.com\/","name":"New Terracotta","description":"Portuguese Handmade","potentialAction":[{"@type":"SearchAction","target":{"@type":"EntryPoint","urlTemplate":"https:\/\/newterracotta.com\/?s={search_term_string}"},"query-input":"required name=search_term_string"}],"inLanguage":"pt-PT"}]}},"_links":{"self":[{"href":"https:\/\/newterracotta.com\/pt-pt\/wp-json\/wp\/v2\/pages\/32299"}],"collection":[{"href":"https:\/\/newterracotta.com\/pt-pt\/wp-json\/wp\/v2\/pages"}],"about":[{"href":"https:\/\/newterracotta.com\/pt-pt\/wp-json\/wp\/v2\/types\/page"}],"author":[{"embeddable":true,"href":"https:\/\/newterracotta.com\/pt-pt\/wp-json\/wp\/v2\/users\/1"}],"replies":[{"embeddable":true,"href":"https:\/\/newterracotta.com\/pt-pt\/wp-json\/wp\/v2\/comments?post=32299"}],"version-history":[{"count":16,"href":"https:\/\/newterracotta.com\/pt-pt\/wp-json\/wp\/v2\/pages\/32299\/revisions"}],"predecessor-version":[{"id":63226,"href":"https:\/\/newterracotta.com\/pt-pt\/wp-json\/wp\/v2\/pages\/32299\/revisions\/63226"}],"wp:attachment":[{"href":"https:\/\/newterracotta.com\/pt-pt\/wp-json\/wp\/v2\/media?parent=32299"}],"curies":[{"name":"wp","href":"https:\/\/api.w.org\/{rel}","templated":true}]}}