{"id":36771,"date":"2022-09-30T10:18:55","date_gmt":"2022-09-30T10:18:55","guid":{"rendered":"https:\/\/newterracotta.com\/?page_id=36771"},"modified":"2022-12-06T11:30:55","modified_gmt":"2022-12-06T11:30:55","slug":"ceramicas","status":"publish","type":"page","link":"https:\/\/newterracotta.com\/pt-pt\/ceramicas\/","title":{"rendered":"Ceramicas"},"content":{"rendered":"<p>[vc_row full_width=&#8221;stretch_row_content_no_spaces&#8221; gap=&#8221;&#8221; el_class=&#8221;colours-page section-1-colours especial-tiles&#8221;][vc_column][vc_row_inner][vc_column_inner][vc_column_text]<div class=\"category-ceramics\"><a href=\"\/pt-pt\/ceramics\/?qual=637\" class=\"linkCategoria\"><div class=\"categoria-cor \" id=\"637\" style=\"background: url(https:\/\/newterracotta.com\/wp-content\/uploads\/2022\/08\/NWT-Ceramics-Knit-Knots-Button.jpg)\">\n\t\t\t\t<div class=\"nome-categoria\"><span>Knit Knots<\/span><\/div>\n\t\t\t<\/div><\/a><a href=\"\/pt-pt\/ceramics\/?qual=638\" class=\"linkCategoria\"><div class=\"categoria-cor \" id=\"638\" style=\"background: url(https:\/\/newterracotta.com\/wp-content\/uploads\/2022\/08\/NWT-Ceramics-Basket-Weave-Button.jpg)\">\n\t\t\t\t<div class=\"nome-categoria\"><span>Basket Weave Anatomy<\/span><\/div>\n\t\t\t<\/div><\/a><a href=\"\/pt-pt\/ceramics\/?qual=639\" class=\"linkCategoria\"><div class=\"categoria-cor \" id=\"639\" style=\"background: url(https:\/\/newterracotta.com\/wp-content\/uploads\/2022\/08\/NWT-Ceramics-This-is-Freedom-Button.jpg)\">\n\t\t\t\t<div class=\"nome-categoria\"><span>This is Freedom<\/span><\/div>\n\t\t\t<\/div><\/a><\/div>[\/vc_column_text][\/vc_column_inner][\/vc_row_inner][\/vc_column][\/vc_row][vc_row full_width=&#8221;stretch_row_content_no_spaces&#8221; gap=&#8221;&#8221; el_class=&#8221;colours-page section-2-colours&#8221; css=&#8221;.vc_custom_1661352895178{padding-right: 8% !important;padding-left: 8% !important;}&#8221;][vc_column][vc_row_inner][vc_column_inner][vc_empty_space][vc_column_text]<h2 class='desc-titulo-cor'><b>Knit Knots.<\/b> Vertical ceramic weaves as a tactile manifestation of the interplay between light, shadow, structure and colour.<\/h2>[\/vc_column_text][vc_separator color=&#8221;black&#8221; align=&#8221;align_left&#8221; border_width=&#8221;4&#8243;][vc_empty_space][\/vc_column_inner][\/vc_row_inner][\/vc_column][\/vc_row][vc_row full_width=&#8221;stretch_row_content_no_spaces&#8221; gap=&#8221;&#8221; el_class=&#8221;colours-page section-2-colours&#8221; css=&#8221;.vc_custom_1661352865949{padding-right: 8% !important;padding-left: 8% !important;}&#8221;][vc_column][vc_column_text css=&#8221;.vc_custom_1660664943239{margin-bottom: 0px !important;}&#8221;]<div class=\"col-md-3 tiles-block aCeramics\"><div class=\"aTiles aCeramics\" quem=\"36967\" link=\"https:\/\/newterracotta.com\/pt-pt\/ceramics\/knot-amalfi\/\" ><img src=\"https:\/\/newterracotta.com\/wp-content\/uploads\/2022\/08\/NWT-Ceramics-Knit-Knots-Knot-Amalfi-18x11cm.jpg\"><\/div>\n\t\t\t\t\t\t<div class=\"tiles-nome\"><div>KNOT AMALFI<\/div><span class=\"medida\">18 x 11 cm | 29 x 18 cm<\/span><\/div><\/div><div class=\"col-md-3 tiles-block aCeramics\"><div class=\"aTiles aCeramics\" quem=\"36968\" link=\"https:\/\/newterracotta.com\/pt-pt\/ceramics\/knot-sardinia-jr\/\" ><img src=\"https:\/\/newterracotta.com\/wp-content\/uploads\/2022\/08\/NWT-Ceramics-Knit-Knots-Knot-Sardinia-Jr-165x10cm-1-1.jpg\"><\/div>\n\t\t\t\t\t\t<div class=\"tiles-nome\"><div>KNOT SARDINIA JR<\/div><span class=\"medida\">16,5 x 10 cm | 28 x 19 cm<\/span><\/div><\/div><div class=\"col-md-3 tiles-block aCeramics\"><div class=\"aTiles aCeramics\" quem=\"36969\" link=\"https:\/\/newterracotta.com\/pt-pt\/ceramics\/knot-sardinia\/\" ><img src=\"https:\/\/newterracotta.com\/wp-content\/uploads\/2022\/08\/NWT-Ceramics-Knit-Knots-Knot-Sardinia-165x115cm.jpg\"><\/div>\n\t\t\t\t\t\t<div class=\"tiles-nome\"><div>KNOT SARDINIA<\/div><span class=\"medida\">16,5 x 11,5 cm | 29 x 20 cm<\/span><\/div><\/div><div class=\"col-md-3 tiles-block aCeramics\"><div class=\"aTiles aCeramics\" quem=\"36972\" link=\"https:\/\/newterracotta.com\/pt-pt\/ceramics\/knot-capri-jr-jr\/\" ><img src=\"https:\/\/newterracotta.com\/wp-content\/uploads\/2022\/08\/NWT-Ceramics-Knit-Knots-Knot-Capri-Jr-Jr-17x115cm.jpg\"><\/div>\n\t\t\t\t\t\t<div class=\"tiles-nome\"><div>KNOT CAPRI JR JR<\/div><span class=\"medida\">17 x 11,5 cm | 30 x 19 cm<\/span><\/div><\/div><div class=\"col-md-3 tiles-block aCeramics\"><div class=\"aTiles aCeramics\" quem=\"36973\" link=\"https:\/\/newterracotta.com\/pt-pt\/ceramics\/knot-capri-jr\/\" ><img src=\"https:\/\/newterracotta.com\/wp-content\/uploads\/2022\/08\/NWT-Ceramics-Knit-Knots-Knot-Capri-Jr-175x11cm.jpg\"><\/div>\n\t\t\t\t\t\t<div class=\"tiles-nome\"><div>KNOT CAPRI JR<\/div><span class=\"medida\">17,5 x 11 cm | 29,5 x 20,5 cm<\/span><\/div><\/div><div class=\"col-md-3 tiles-block aCeramics\"><div class=\"aTiles aCeramics\" quem=\"36974\" link=\"https:\/\/newterracotta.com\/pt-pt\/ceramics\/knot-capri\/\" ><img src=\"https:\/\/newterracotta.com\/wp-content\/uploads\/2022\/08\/NWT-Ceramics-Knit-Knots-Knot-Capri-17x115cm-1.jpg\"><\/div>\n\t\t\t\t\t\t<div class=\"tiles-nome\"><div>KNOT CAPRI<\/div><span class=\"medida\">17 x 11,5 cm | 29 x 18 cm<\/span><\/div><\/div><div class=\"col-md-3 tiles-block aCeramics\"><div class=\"aTiles aCeramics\" quem=\"36975\" link=\"https:\/\/newterracotta.com\/pt-pt\/ceramics\/knot-positano\/\" ><img src=\"https:\/\/newterracotta.com\/wp-content\/uploads\/2022\/08\/NWT-Ceramics-Knit-Knots-Knot-Positano-175x115cm.jpg\"><\/div>\n\t\t\t\t\t\t<div class=\"tiles-nome\"><div>KNOT POSITANO<\/div><span class=\"medida\">17,5 x 11,5 cm | 27 x 17 cm<\/span><\/div><\/div><div class=\"col-md-3 tiles-block aCeramics\"><div class=\"aTiles aCeramics\" quem=\"62016\" link=\"https:\/\/newterracotta.com\/pt-pt\/ceramics\/62016\/\" ><img src=\"https:\/\/newterracotta.com\/wp-content\/uploads\/2022\/08\/NWT-Ceramics-Knit-Knots-Knot-Amalfi-Jr-175x11cm.jpg\"><\/div>\n\t\t\t\t\t\t<div class=\"tiles-nome\"><div>KNOT AMALFI JR<\/div><span class=\"medida\">17,5 x 11 cm | 29 x 18 cm<\/span><\/div><\/div>[\/vc_column_text][\/vc_column][\/vc_row][vc_row][vc_column][vc_empty_space height=&#8221;80px&#8221;][\/vc_column][\/vc_row][vc_row full_width=&#8221;stretch_row_content_no_spaces&#8221; gap=&#8221;&#8221; el_class=&#8221;colours-page section-2-colours&#8221; css=&#8221;.vc_custom_1661352895178{padding-right: 8% !important;padding-left: 8% !important;}&#8221;][vc_column][vc_row_inner][vc_column_inner][vc_custom_heading text=&#8221;Um trabalho experimental visual, t\u00e1til e conceptual sem regras ou narrativa. As cer\u00e2micas da New Terracotta s\u00e3o o equil\u00edbrio certo entre as formas originais e a sua deforma\u00e7\u00e3o durante a produ\u00e7\u00e3o, demostrando a nossa confian\u00e7a no material.<\/p>\n<p>&#8221; font_container=&#8221;tag:h6|text_align:left&#8221; el_class=&#8221;no-margin-bottom&#8221;][\/vc_column_inner][\/vc_row_inner][\/vc_column][\/vc_row][vc_row full_width=&#8221;stretch_row&#8221; gap=&#8221;&#8221; el_class=&#8221;lets-talk-bloco&#8221; css=&#8221;.vc_custom_1660062966586{margin-bottom: 0px !important;}&#8221;][vc_column width=&#8221;2\/3&#8243;][vc_custom_heading text=&#8221;Precisa de aconselhamento?&#8221;][vc_custom_heading text=&#8221;Estamos aqui para ajudar! &#8221; font_container=&#8221;tag:h3|text_align:left&#8221;][\/vc_column][vc_column width=&#8221;1\/3&#8243;][vc_column_text el_class=&#8221;letsLets&#8221;]<\/p>\n<h5><a href=\"\/contact-2\">Vamos Conversar.<\/a><\/h5>\n<p>[\/vc_column_text][\/vc_column][\/vc_row]<\/p>\n","protected":false},"excerpt":{"rendered":"<p>[vc_row full_width=&#8221;stretch_row_content_no_spaces&#8221; gap=&#8221;&#8221; el_class=&#8221;colours-page section-1-colours especial-tiles&#8221;][vc_column][vc_row_inner][vc_column_inner][vc_column_text][\/vc_column_text][\/vc_column_inner][\/vc_row_inner][\/vc_column][\/vc_row][vc_row full_width=&#8221;stretch_row_content_no_spaces&#8221; gap=&#8221;&#8221; el_class=&#8221;colours-page section-2-colours&#8221; css=&#8221;.vc_custom_1661352895178{padding-right: 8% !important;padding-left: 8% !important;}&#8221;][vc_column][vc_row_inner][vc_column_inner][vc_empty_space][vc_column_text][\/vc_column_text][vc_separator color=&#8221;black&#8221; align=&#8221;align_left&#8221; border_width=&#8221;4&#8243;][vc_empty_space][\/vc_column_inner][\/vc_row_inner][\/vc_column][\/vc_row][vc_row full_width=&#8221;stretch_row_content_no_spaces&#8221; gap=&#8221;&#8221; el_class=&#8221;colours-page section-2-colours&#8221; css=&#8221;.vc_custom_1661352865949{padding-right: 8% !important;padding-left: 8% !important;}&#8221;][vc_column][vc_column_text css=&#8221;.vc_custom_1660664943239{margin-bottom: 0px !important;}&#8221;][\/vc_column_text][\/vc_column][\/vc_row][vc_row][vc_column][vc_empty_space [&hellip;]<\/p>\n","protected":false},"author":1,"featured_media":0,"parent":0,"menu_order":0,"comment_status":"closed","ping_status":"closed","template":"","meta":{"_monsterinsights_skip_tracking":false,"_monsterinsights_sitenote_active":false,"_monsterinsights_sitenote_note":"","_monsterinsights_sitenote_category":0},"yoast_head":"<!-- This site is optimized with the Yoast SEO plugin v20.6 - https:\/\/yoast.com\/wordpress\/plugins\/seo\/ -->\n<title>Ceramicas - New Terracotta<\/title>\n<meta name=\"description\" content=\"Field Tiles &amp; Trims, New Modern, Portuguese Heritage, Hand Painted, Natural Terracotta\" \/>\n<meta name=\"robots\" content=\"index, follow, max-snippet:-1, max-image-preview:large, max-video-preview:-1\" \/>\n<link rel=\"canonical\" href=\"https:\/\/newterracotta.com\/pt-pt\/ceramicas\/\" \/>\n<meta property=\"og:locale\" content=\"pt_PT\" \/>\n<meta property=\"og:type\" content=\"article\" \/>\n<meta property=\"og:title\" content=\"Ceramicas - New Terracotta\" \/>\n<meta property=\"og:description\" content=\"Field Tiles &amp; Trims, New Modern, Portuguese Heritage, Hand Painted, Natural Terracotta\" \/>\n<meta property=\"og:url\" content=\"https:\/\/newterracotta.com\/pt-pt\/ceramicas\/\" \/>\n<meta property=\"og:site_name\" content=\"New Terracotta\" \/>\n<meta property=\"article:modified_time\" content=\"2022-12-06T11:30:55+00:00\" \/>\n<meta name=\"twitter:card\" content=\"summary_large_image\" \/>\n<meta name=\"twitter:label1\" content=\"Tempo estimado de leitura\" \/>\n\t<meta name=\"twitter:data1\" content=\"1 minuto\" \/>\n<script type=\"application\/ld+json\" class=\"yoast-schema-graph\">{\"@context\":\"https:\/\/schema.org\",\"@graph\":[{\"@type\":\"WebPage\",\"@id\":\"https:\/\/newterracotta.com\/pt-pt\/ceramicas\/\",\"url\":\"https:\/\/newterracotta.com\/pt-pt\/ceramicas\/\",\"name\":\"Ceramicas - New Terracotta\",\"isPartOf\":{\"@id\":\"https:\/\/newterracotta.com\/#website\"},\"datePublished\":\"2022-09-30T10:18:55+00:00\",\"dateModified\":\"2022-12-06T11:30:55+00:00\",\"description\":\"Field Tiles & Trims, New Modern, Portuguese Heritage, Hand Painted, Natural Terracotta\",\"inLanguage\":\"pt-PT\",\"potentialAction\":[{\"@type\":\"ReadAction\",\"target\":[\"https:\/\/newterracotta.com\/pt-pt\/ceramicas\/\"]}]},{\"@type\":\"WebSite\",\"@id\":\"https:\/\/newterracotta.com\/#website\",\"url\":\"https:\/\/newterracotta.com\/\",\"name\":\"New Terracotta\",\"description\":\"Portuguese Handmade\",\"potentialAction\":[{\"@type\":\"SearchAction\",\"target\":{\"@type\":\"EntryPoint\",\"urlTemplate\":\"https:\/\/newterracotta.com\/?s={search_term_string}\"},\"query-input\":\"required name=search_term_string\"}],\"inLanguage\":\"pt-PT\"}]}<\/script>\n<!-- \/ Yoast SEO plugin. -->","yoast_head_json":{"title":"Ceramicas - New Terracotta","description":"Field Tiles & Trims, New Modern, Portuguese Heritage, Hand Painted, Natural Terracotta","robots":{"index":"index","follow":"follow","max-snippet":"max-snippet:-1","max-image-preview":"max-image-preview:large","max-video-preview":"max-video-preview:-1"},"canonical":"https:\/\/newterracotta.com\/pt-pt\/ceramicas\/","og_locale":"pt_PT","og_type":"article","og_title":"Ceramicas - New Terracotta","og_description":"Field Tiles & Trims, New Modern, Portuguese Heritage, Hand Painted, Natural Terracotta","og_url":"https:\/\/newterracotta.com\/pt-pt\/ceramicas\/","og_site_name":"New Terracotta","article_modified_time":"2022-12-06T11:30:55+00:00","twitter_card":"summary_large_image","twitter_misc":{"Tempo estimado de leitura":"1 minuto"},"schema":{"@context":"https:\/\/schema.org","@graph":[{"@type":"WebPage","@id":"https:\/\/newterracotta.com\/pt-pt\/ceramicas\/","url":"https:\/\/newterracotta.com\/pt-pt\/ceramicas\/","name":"Ceramicas - New Terracotta","isPartOf":{"@id":"https:\/\/newterracotta.com\/#website"},"datePublished":"2022-09-30T10:18:55+00:00","dateModified":"2022-12-06T11:30:55+00:00","description":"Field Tiles & Trims, New Modern, Portuguese Heritage, Hand Painted, Natural Terracotta","inLanguage":"pt-PT","potentialAction":[{"@type":"ReadAction","target":["https:\/\/newterracotta.com\/pt-pt\/ceramicas\/"]}]},{"@type":"WebSite","@id":"https:\/\/newterracotta.com\/#website","url":"https:\/\/newterracotta.com\/","name":"New Terracotta","description":"Portuguese Handmade","potentialAction":[{"@type":"SearchAction","target":{"@type":"EntryPoint","urlTemplate":"https:\/\/newterracotta.com\/?s={search_term_string}"},"query-input":"required name=search_term_string"}],"inLanguage":"pt-PT"}]}},"_links":{"self":[{"href":"https:\/\/newterracotta.com\/pt-pt\/wp-json\/wp\/v2\/pages\/36771"}],"collection":[{"href":"https:\/\/newterracotta.com\/pt-pt\/wp-json\/wp\/v2\/pages"}],"about":[{"href":"https:\/\/newterracotta.com\/pt-pt\/wp-json\/wp\/v2\/types\/page"}],"author":[{"embeddable":true,"href":"https:\/\/newterracotta.com\/pt-pt\/wp-json\/wp\/v2\/users\/1"}],"replies":[{"embeddable":true,"href":"https:\/\/newterracotta.com\/pt-pt\/wp-json\/wp\/v2\/comments?post=36771"}],"version-history":[{"count":7,"href":"https:\/\/newterracotta.com\/pt-pt\/wp-json\/wp\/v2\/pages\/36771\/revisions"}],"predecessor-version":[{"id":62263,"href":"https:\/\/newterracotta.com\/pt-pt\/wp-json\/wp\/v2\/pages\/36771\/revisions\/62263"}],"wp:attachment":[{"href":"https:\/\/newterracotta.com\/pt-pt\/wp-json\/wp\/v2\/media?parent=36771"}],"curies":[{"name":"wp","href":"https:\/\/api.w.org\/{rel}","templated":true}]}}