{"id":63203,"date":"2024-08-12T08:38:30","date_gmt":"2024-08-12T08:38:30","guid":{"rendered":"https:\/\/newterracotta.com\/?page_id=63203"},"modified":"2024-08-12T08:44:56","modified_gmt":"2024-08-12T08:44:56","slug":"politica-de-cookies","status":"publish","type":"page","link":"https:\/\/newterracotta.com\/pt-pt\/politica-de-cookies\/","title":{"rendered":"Politica de Cookies"},"content":{"rendered":"<p>[vc_row full_width=&#8221;stretch_row&#8221; gap=&#8221;&#8221; css=&#8221;.vc_custom_1670923049285{margin-bottom: 0px !important;background-image: url(https:\/\/newterracotta.com\/wp-content\/uploads\/2022\/12\/privacypolicy_image.png?id=62344) !important;}&#8221; el_class=&#8221;fundoDestaqueImg susDestaque&#8221;][vc_column][vc_row_inner][vc_column_inner][vc_column_text el_class=&#8221;cxDestaque cxBranca&#8221;]<\/p>\n<h1><strong>Pol\u00edtica de Cookies<\/strong><\/h1>\n<h3>Esta \u00e9 a nossa pol\u00edtica de cookies e como tratamos os seus dados na New Terracotta.<\/h3>\n<p>[\/vc_column_text][\/vc_column_inner][\/vc_row_inner][\/vc_column][\/vc_row][vc_row full_width=&#8221;stretch_row_content_no_spaces&#8221; gap=&#8221;&#8221; css=&#8221;.vc_custom_1661523583485{margin-bottom: 0px !important;padding-right: 8% !important;padding-left: 8% !important;}&#8221;][vc_column el_class=&#8221;poliprivacy2&#8243;][vc_row_inner el_class=&#8221;we-believe-extra-texto susten-bl-3&#8243;][vc_column_inner el_class=&#8221;poliprivacy&#8221;][vc_empty_space height=&#8221;100px&#8221;][vc_column_text]<\/p>\n<h2 class=\"desc-titulo-cor\"><b>Pol\u00edtica de Cookies New Terracotta.<\/b><\/h2>\n<p>[\/vc_column_text][vc_separator color=&#8221;black&#8221; border_width=&#8221;3&#8243;][vc_empty_space height=&#8221;30px&#8221;][\/vc_column_inner][\/vc_row_inner][\/vc_column][\/vc_row][vc_row full_width=&#8221;stretch_row_content_no_spaces&#8221; gap=&#8221;&#8221; css=&#8221;.vc_custom_1661524113420{margin-bottom: 0px !important;padding-right: 14% !important;padding-left: 14% !important;}&#8221;][vc_column][vc_row_inner el_class=&#8221;we-believe-extra-texto susten-bl-1 susten-bl-2&#8243;][vc_column_inner el_class=&#8221;poliprivacy&#8221;][vc_column_text]<\/p>\n<h3><strong>O que s\u00e3o Cookies<\/strong><\/h3>\n<p>Cookies s\u00e3o \u201cetiquetas\u201d de software que s\u00e3o armazenadas no seu computador ou outros dispositivos que utilize para aceder \u00e0 internet, atrav\u00e9s do navegador (<em>browser<\/em>). Consistem em pequenos peda\u00e7os de informa\u00e7\u00f5es que podem ajudar a identificar o seu <em>browser<\/em> e que podem armazenar informa\u00e7\u00f5es, por exemplo, configura\u00e7\u00f5es e prefer\u00eancias do Utilizador.<\/p>\n<p>Saiba mais sobre Cookies em: <a href=\"http:\/\/www.allaboutcookies.org\/\"><strong>allaboutcookies.org<\/strong><\/a>.[\/vc_column_text][vc_separator color=&#8221;black&#8221; border_width=&#8221;3&#8243;][vc_empty_space height=&#8221;30px&#8221;][\/vc_column_inner][\/vc_row_inner][vc_row_inner el_class=&#8221;we-believe-extra-texto susten-bl-1 susten-bl-2&#8243;][vc_column_inner el_class=&#8221;poliprivacy&#8221;][vc_column_text]<\/p>\n<h3><strong>Fun\u00e7\u00f5es dos Cookies<\/strong><\/h3>\n<p>Os Cookies s\u00e3o muito utilizados para gerir o funcionamento dos websites, para aumentar a efici\u00eancia dos mesmos e melhorar a experi\u00eancia de navega\u00e7\u00e3o do utilizador, aumentando a rapidez e efici\u00eancia de resposta dos websites, fornecer informa\u00e7\u00f5es \u00e0s entidades respons\u00e1veis pelos websites e\/ou gerir as sess\u00f5es dos Utilizadores. Permitem tamb\u00e9m reconhecer o Utilizador e direcionar a navega\u00e7\u00e3o deste conforme os seus interesses e prefer\u00eancias, melhorando, desta forma, a experi\u00eancia de navega\u00e7\u00e3o, ao eliminar a necessidade de introduzir repetidamente as mesmas informa\u00e7\u00f5es e ajudam a determinar a utilidade, interesse e o n\u00famero de utiliza\u00e7\u00f5es.<\/p>\n<p>Cada Cookie tem uma fun\u00e7\u00e3o e uma data de validade.<\/p>\n<p>A NEW TERRACOTTA n\u00e3o utilizar\u00e1, sem consentimento pr\u00e9vio, dados armazenados em Cookies nos casos em que tal seja exigido.[\/vc_column_text][vc_separator color=&#8221;black&#8221; border_width=&#8221;3&#8243;][vc_empty_space height=&#8221;30px&#8221;][\/vc_column_inner][\/vc_row_inner][vc_row_inner el_class=&#8221;we-believe-extra-texto susten-bl-1 susten-bl-2&#8243;][vc_column_inner el_class=&#8221;poliprivacy&#8221;][vc_column_text]<\/p>\n<h3><strong>Classifica\u00e7\u00e3o dos Cookies <\/strong><\/h3>\n<p>Os Cookies podem ser classificados da seguinte forma:<\/p>\n<p><strong>Cookies essenciais: <\/strong>fundamentais para aceder a \u00e1reas espec\u00edficas do Website. Permitem a navega\u00e7\u00e3o no Website e a utiliza\u00e7\u00e3o das suas aplica\u00e7\u00f5es, tal como o acesso a \u00e1reas seguras atrav\u00e9s de <em>login<\/em>. Estes Cookies n\u00e3o recolhem informa\u00e7\u00e3o sobre o Utilizador que possa ser utilizada para fins de marketing ou de identificar as visitas do Utilizador a websites. Sem eles, certos servi\u00e7os n\u00e3o podem ser prestados. A utiliza\u00e7\u00e3o deste tipo de Cookies n\u00e3o carece de consentimento dos Utilizadores.<\/p>\n<p><strong>Cookies anal\u00edticos: <\/strong>permitem analisar a forma como os Utilizadores usam o Website, permitindo destacar artigos ou servi\u00e7os que podem ser do seu interesse, monitorizar o desempenho do mesmo, conhecendo quais as p\u00e1ginas mais populares. Estes Cookies s\u00e3o utilizados apenas para efeitos de cria\u00e7\u00e3o e an\u00e1lise estat\u00edstica.<\/p>\n<p><strong>Cookies funcionais: <\/strong>permitem relembrar as prefer\u00eancias do Utilizador relativamente \u00e0 navega\u00e7\u00e3o no Website. Assim, o Utilizador n\u00e3o necessita de o reconfigurar e personalizar cada vez que o visita.<\/p>\n<p><strong>Cookies de publicidade: <\/strong>permite direcionar a publicidade em fun\u00e7\u00e3o dos interesses e h\u00e1bitos de utiliza\u00e7\u00e3o de cada Utilizador dentro e fora do Website. Estes Cookies s\u00e3o utilizados para suportar a realiza\u00e7\u00e3o de a\u00e7\u00f5es de marketing e comunica\u00e7\u00e3o mais direcionada, ajudando tamb\u00e9m a medir a efic\u00e1cia da publicidade.<\/p>\n<p><strong>Relativamente \u00e0 sua validade, os Cookies utilizados podem ainda ser:<\/strong><\/p>\n<p><strong>Cookies permanentes: <\/strong>ficam armazenados ao n\u00edvel do <em>browser<\/em> e nos seus dispositivos de acesso (e.g., computador, mobile e tablet) e s\u00e3o utilizados sempre que o Utilizador visita novamente o Website. Em geral, s\u00e3o utilizados para direcionar a navega\u00e7\u00e3o de acordo com os interesses do Utilizador, permitindo \u00e0 NEW TERRACOTA prestar um servi\u00e7o mais personalizado.<\/p>\n<p><strong>Cookies de sess\u00e3o: <\/strong>s\u00e3o gerados e est\u00e3o dispon\u00edveis at\u00e9 encerrar a sess\u00e3o. Da pr\u00f3xima vez que o Utilizador aceder ao seu navegador de internet (<em>browser<\/em>) os Cookies j\u00e1 n\u00e3o estar\u00e3o armazenados. A informa\u00e7\u00e3o obtida permite gerir as sess\u00f5es, identificar problemas e fornecer uma melhor experi\u00eancia de navega\u00e7\u00e3o.[\/vc_column_text][vc_separator color=&#8221;black&#8221; border_width=&#8221;3&#8243;][vc_empty_space height=&#8221;30px&#8221;][\/vc_column_inner][\/vc_row_inner][vc_row_inner el_class=&#8221;we-believe-extra-texto susten-bl-1 susten-bl-2&#8243;][vc_column_inner el_class=&#8221;poliprivacy&#8221;][vc_column_text]<\/p>\n<h3><strong>Utiliza\u00e7\u00e3o de Cookies<\/strong><\/h3>\n<p>A NEW TERRACOTTA poder\u00e1 armazenar Cookies no seu dispositivo para personalizar e facilitar ao m\u00e1ximo a navega\u00e7\u00e3o, n\u00e3o fornecendo esses mesmos Cookies refer\u00eancias ou Dados Pessoais do Utilizador. A NEW TERRACOTTA usa Cookies para gerir a navega\u00e7\u00e3o dos Utilizadores, podendo essa gest\u00e3o ser efetuada pelo Website da NEW TERRACOTA e por websites de entidades externas, para efeitos de an\u00e1lise estat\u00edstica.<\/p>\n<p>Este Website site utiliza Cookies propriet\u00e1rios e de terceiros. Os Cookies de terceiros diferem dos primeiros na medida em que s\u00e3o enviados para o dispositivo do Utilizador, a partir de um equipamento ou dom\u00ednio, que n\u00e3o se encontra sob o controlo ou gest\u00e3o direta da NEW TERRACOTTA.<\/p>\n<p>Os Cookies no Website da NEW TERRACOTTA s\u00e3o utilizados para v\u00e1rios fins, nomeadamente:<\/p>\n<ul>\n<li>Seguran\u00e7a: para suportar os recursos de seguran\u00e7a implementados e detetar atividades maliciosas.<\/li>\n<li>Estat\u00edsticas de utiliza\u00e7\u00e3o: para fornecer dados estat\u00edsticos an\u00f3nimos relativos \u00e0 utiliza\u00e7\u00e3o do Website, como por exemplo, os websites de onde proveem, as p\u00e1ginas visitadas, o n\u00famero de visitantes e o software utilizado pelo Utilizador.<\/li>\n<\/ul>\n<p>[\/vc_column_text][vc_separator color=&#8221;black&#8221; border_width=&#8221;3&#8243;][vc_empty_space height=&#8221;30px&#8221;][\/vc_column_inner][\/vc_row_inner][vc_row_inner el_class=&#8221;we-believe-extra-texto susten-bl-1 susten-bl-2&#8243;][vc_column_inner el_class=&#8221;poliprivacy&#8221;][vc_column_text]<\/p>\n<h3><strong>A NEW TERRACOTA utiliza os seguintes Cookies: <\/strong><\/h3>\n<table>\n<tbody>\n<tr>\n<td width=\"117\"><strong>Cookie<\/strong><\/td>\n<td width=\"215\"><strong>Descri\u00e7\u00e3o<\/strong><\/td>\n<td width=\"116\"><strong>Tipo<\/strong><\/td>\n<td width=\"115\"><strong>Dura\u00e7\u00e3o<\/strong><\/td>\n<\/tr>\n<tr>\n<td width=\"117\">_GRECAPTCHA<\/td>\n<td width=\"215\">O reCAPTCHA do Google define um cookie necess\u00e1rio (_GRECAPTCHA) quando executado com a finalidade de fornecer sua an\u00e1lise de risco.<\/td>\n<td width=\"116\">Essencial<\/td>\n<td width=\"115\">6 meses<\/td>\n<\/tr>\n<tr>\n<td width=\"117\">_ga_XXXXXXXX<\/td>\n<td width=\"215\">Este cookie \u00e9 usado pelo Google Analytics para manter o estado da sess\u00e3o.<\/td>\n<td width=\"116\">Essencial<\/td>\n<td width=\"115\">1 ano 1 m\u00eas<\/td>\n<\/tr>\n<tr>\n<td width=\"117\">sbjs_current_add<\/td>\n<td width=\"215\">Este cookie \u00e9 usado para armazenar informa\u00e7\u00f5es sobre a visita atual para distinguir entre usu\u00e1rios e sess\u00f5es. Ele geralmente inclui detalhes como fonte de tr\u00e1fego, dados de campanha e comportamento do usu\u00e1rio para ajudar no rastreamento e an\u00e1lise da efic\u00e1cia das campanhas de marketing.<\/td>\n<td width=\"116\">Essencial<\/td>\n<td width=\"115\">Sess\u00e3o<\/td>\n<\/tr>\n<\/tbody>\n<\/table>\n<p>[\/vc_column_text][vc_separator color=&#8221;black&#8221; border_width=&#8221;3&#8243;][vc_empty_space height=&#8221;30px&#8221;][\/vc_column_inner][\/vc_row_inner][vc_row_inner el_class=&#8221;we-believe-extra-texto susten-bl-1 susten-bl-2&#8243;][vc_column_inner el_class=&#8221;poliprivacy&#8221;][vc_column_text]<\/p>\n<h3><strong>Controlo e Bloqueio de Cookies<\/strong><\/h3>\n<p>A maioria dos <em>browsers<\/em> permite o controlo dos Cookies atrav\u00e9s das suas configura\u00e7\u00f5es. Pode bloquear ou restringir o uso de Cookies atrav\u00e9s das configura\u00e7\u00f5es dos <em>browsers<\/em> que usa, e em cada dispositivo que utiliza para aceder a Internet. No entanto, limitar a utiliza\u00e7\u00e3o de <em>Cookies<\/em> pode dificultar a experi\u00eancia de navega\u00e7\u00e3o e, no limite, impedir a visualiza\u00e7\u00e3o do website da NEW TERRACOTA ou o funcionamento de servi\u00e7os prestados on-line.<\/p>\n<p><u>Como desativar o uso de Cookies<\/u>: depende das fun\u00e7\u00f5es de cada <em>browser<\/em>:<\/p>\n<p><strong>Google Chrome: <\/strong>o Utilizador tem controlo total sobre as permiss\u00f5es de Cookies no Google Chrome. Por pr\u00e9-defini\u00e7\u00e3o, s\u00e3o permitidos todos os Cookies, mas pode ajustar esta defini\u00e7\u00e3o. Se os Cookies tiverem sido definidos ou bloqueados na p\u00e1gina que estiver a visualizar, \u00e9 apresentado um \u00edcone no final da barra de endere\u00e7o.<\/p>\n<p>\u2013 Clique no menu do Chrome na barra de ferramentas<\/p>\n<p>\u2013 Selecione \u201cDefini\u00e7\u00f5es\u201d<\/p>\n<p>\u2013 Clique em \u201cMostrar defini\u00e7\u00f5es avan\u00e7adas\u201d<\/p>\n<p>\u2013 Na sec\u00e7\u00e3o \u201cPrivacidade\u201d, clique no bot\u00e3o \u201cDefini\u00e7\u00f5es de conte\u00fado\u201d<\/p>\n<p>\u2013 Selecione a op\u00e7\u00e3o \u201cBloquear defini\u00e7\u00e3o dos dados por parte dos sites\u201d<\/p>\n<p><strong>\u2013 Pode alterar as seguintes defini\u00e7\u00f5es de cookies na sec\u00e7\u00e3o \u201cCookies\u201d:<\/strong><\/p>\n<p>\u2013 Eliminar cookies<\/p>\n<p>\u2013 Bloquear cookies por predefini\u00e7\u00e3o<\/p>\n<p>\u2013 Permitir cookies por predefini\u00e7\u00e3o<\/p>\n<p>\u2013 Manter cookies e dados do website por predefini\u00e7\u00e3o at\u00e9 sair do navegador<\/p>\n<p>\u2013 Criar exce\u00e7\u00f5es para cookies de websites ou dom\u00ednios espec\u00edficos<\/p>\n<p>Para mais informa\u00e7\u00f5es sobre defini\u00e7\u00f5es de cookies no Google Chrome, consulte a p\u00e1gina <a href=\"https:\/\/support.google.com\/chrome\"><strong>Chrome Ajuda<\/strong><\/a>.<\/p>\n<p><strong>Microsoft Internet Explorer<\/strong><\/p>\n<p>\u2013 Clique no menu \u201cFerramentas\u201d e escolha a op\u00e7\u00e3o \u201cOp\u00e7\u00f5es de Internet\u201d<\/p>\n<p>\u2013 Selecione o separador \u201cPrivacidade\u201d<\/p>\n<p>\u2013 Mova a barra para o topo, onde surgir\u00e1 \u201cBloquear todos os cookies\u201d<\/p>\n<p>Para mais informa\u00e7\u00f5es sobre defini\u00e7\u00f5es de cookies Internet Explorer, consulte a p\u00e1gina da Microsoft. <a href=\"https:\/\/support.microsoft.com\/pt-pt\"><strong>Microsoft<\/strong><\/a>.<\/p>\n<p><strong>Mozilla Firefox<\/strong><\/p>\n<p>\u2013 Clique no menu \u201cFerramentas\u201d<\/p>\n<p>\u2013 Selecione \u201cOp\u00e7\u00f5es\u201d<\/p>\n<p>\u2013 Clique no \u00edcone \u201cPrivacidade\u201d, que encontra no painel superior<\/p>\n<p>\u2013 Na sec\u00e7\u00e3o \u201cCookies\u201d desative a op\u00e7\u00e3o \u201cAceitar cookies dos sites\u201d<\/p>\n<p>\u2013 Clique em \u201cOK\u201d para guardar as altera\u00e7\u00f5es e fechar<\/p>\n<p>Para mais informa\u00e7\u00f5es sobre defini\u00e7\u00f5es de cookies no Mozilla Firefox, consulte a p\u00e1gina <a href=\"https:\/\/support.mozilla.org\/\"><strong>Mozilla Support<\/strong><\/a>.<\/p>\n<p><strong>Safari<\/strong><\/p>\n<p>\u2013 Clique em \u201cEditar\u201d<\/p>\n<p>\u2013 Selecione \u201cPrefer\u00eancias\u201d<\/p>\n<p>\u2013 No painel superior, selecione o \u00edcone \u201cPrivacidade\u201d<\/p>\n<p>\u2013 Na sec\u00e7\u00e3o \u201cAceitar cookies\u201d, selecione \u201cNunca\u201d<\/p>\n<p>Para mais informa\u00e7\u00f5es sobre defini\u00e7\u00f5es de cookies no Safari, consulte a p\u00e1gina da Apple. Se usar outros browsers consulte: <a href=\"http:\/\/www.civicuk.com\/cookie-control\/browser-settings\"><strong>http:\/\/www.civicuk.com\/cookie-control\/browser-settings<\/strong><\/a>.[\/vc_column_text][vc_separator color=&#8221;black&#8221; border_width=&#8221;3&#8243;][vc_empty_space height=&#8221;30px&#8221;][\/vc_column_inner][\/vc_row_inner][vc_row_inner el_class=&#8221;we-believe-extra-texto susten-bl-1 susten-bl-2&#8243;][vc_column_inner el_class=&#8221;poliprivacy&#8221;][vc_column_text]<\/p>\n<h3><strong>Altera\u00e7\u00f5es \u00e0 Pol\u00edtica de Cookies<\/strong><\/h3>\n<p>A NEW TERRACOTTA reserva-se o direito de a qualquer altura proceder a reajustamentos ou altera\u00e7\u00f5es \u00e0 presente Pol\u00edtica de Cookies. Se continuar a usar o nosso Website est\u00e1 a concordar com as referidas altera\u00e7\u00f5es.[\/vc_column_text][vc_separator color=&#8221;black&#8221; border_width=&#8221;3&#8243;][vc_empty_space height=&#8221;30px&#8221;][\/vc_column_inner][\/vc_row_inner][\/vc_column][\/vc_row][vc_row full_width=&#8221;stretch_row&#8221; gap=&#8221;&#8221; el_class=&#8221;lets-talk-bloco&#8221; css=&#8221;.vc_custom_1660062966586{margin-bottom: 0px !important;}&#8221;][vc_column width=&#8221;2\/3&#8243;][vc_custom_heading text=&#8221;Necessita de mais informa\u00e7\u00f5es?&#8221;][vc_custom_heading text=&#8221;\u00c0s vezes, s\u00f3 precisamos<br \/>\nde uma ajuda!&#8221; font_container=&#8221;tag:h3|text_align:left&#8221;][\/vc_column][vc_column width=&#8221;1\/3&#8243;][vc_column_text el_class=&#8221;letsLets&#8221;]<\/p>\n<h5 style=\"text-align: center;\"><a href=\"http:\/\/newterracotta.com\/contact-2\/\">Vamos conversar.<\/a><\/h5>\n<p>[\/vc_column_text][\/vc_column][\/vc_row]<\/p>\n","protected":false},"excerpt":{"rendered":"<p>[vc_row full_width=&#8221;stretch_row&#8221; gap=&#8221;&#8221; css=&#8221;.vc_custom_1670923049285{margin-bottom: 0px !important;background-image: url(https:\/\/newterracotta.com\/wp-content\/uploads\/2022\/12\/privacypolicy_image.png?id=62344) !important;}&#8221; el_class=&#8221;fundoDestaqueImg susDestaque&#8221;][vc_column][vc_row_inner][vc_column_inner][vc_column_text el_class=&#8221;cxDestaque cxBranca&#8221;] Pol\u00edtica de Cookies Esta \u00e9 a nossa pol\u00edtica de cookies e como tratamos os seus dados na New [&hellip;]<\/p>\n","protected":false},"author":1,"featured_media":0,"parent":0,"menu_order":0,"comment_status":"closed","ping_status":"closed","template":"","meta":{"_monsterinsights_skip_tracking":false,"_monsterinsights_sitenote_active":false,"_monsterinsights_sitenote_note":"","_monsterinsights_sitenote_category":0},"yoast_head":"<!-- This site is optimized with the Yoast SEO plugin v20.6 - https:\/\/yoast.com\/wordpress\/plugins\/seo\/ -->\n<title>Politica de Cookies - New Terracotta<\/title>\n<meta name=\"robots\" content=\"index, follow, max-snippet:-1, max-image-preview:large, max-video-preview:-1\" \/>\n<link rel=\"canonical\" href=\"https:\/\/newterracotta.com\/pt-pt\/politica-de-cookies\/\" \/>\n<meta property=\"og:locale\" content=\"pt_PT\" \/>\n<meta property=\"og:type\" content=\"article\" \/>\n<meta property=\"og:title\" content=\"Politica de Cookies - New Terracotta\" \/>\n<meta property=\"og:description\" content=\"[vc_row full_width=&#8221;stretch_row&#8221; gap=&#8221;&#8221; css=&#8221;.vc_custom_1670923049285{margin-bottom: 0px !important;background-image: url(https:\/\/newterracotta.com\/wp-content\/uploads\/2022\/12\/privacypolicy_image.png?id=62344) !important;}&#8221; el_class=&#8221;fundoDestaqueImg susDestaque&#8221;][vc_column][vc_row_inner][vc_column_inner][vc_column_text el_class=&#8221;cxDestaque cxBranca&#8221;] Pol\u00edtica de Cookies Esta \u00e9 a nossa pol\u00edtica de cookies e como tratamos os seus dados na New [&hellip;]\" \/>\n<meta property=\"og:url\" content=\"https:\/\/newterracotta.com\/pt-pt\/politica-de-cookies\/\" \/>\n<meta property=\"og:site_name\" content=\"New Terracotta\" \/>\n<meta property=\"article:modified_time\" content=\"2024-08-12T08:44:56+00:00\" \/>\n<meta name=\"twitter:card\" content=\"summary_large_image\" \/>\n<meta name=\"twitter:label1\" content=\"Tempo estimado de leitura\" \/>\n\t<meta name=\"twitter:data1\" content=\"6 minutos\" \/>\n<script type=\"application\/ld+json\" class=\"yoast-schema-graph\">{\"@context\":\"https:\/\/schema.org\",\"@graph\":[{\"@type\":\"WebPage\",\"@id\":\"https:\/\/newterracotta.com\/pt-pt\/politica-de-cookies\/\",\"url\":\"https:\/\/newterracotta.com\/pt-pt\/politica-de-cookies\/\",\"name\":\"Politica de Cookies - New Terracotta\",\"isPartOf\":{\"@id\":\"https:\/\/newterracotta.com\/#website\"},\"datePublished\":\"2024-08-12T08:38:30+00:00\",\"dateModified\":\"2024-08-12T08:44:56+00:00\",\"inLanguage\":\"pt-PT\",\"potentialAction\":[{\"@type\":\"ReadAction\",\"target\":[\"https:\/\/newterracotta.com\/pt-pt\/politica-de-cookies\/\"]}]},{\"@type\":\"WebSite\",\"@id\":\"https:\/\/newterracotta.com\/#website\",\"url\":\"https:\/\/newterracotta.com\/\",\"name\":\"New Terracotta\",\"description\":\"Portuguese Handmade\",\"potentialAction\":[{\"@type\":\"SearchAction\",\"target\":{\"@type\":\"EntryPoint\",\"urlTemplate\":\"https:\/\/newterracotta.com\/?s={search_term_string}\"},\"query-input\":\"required name=search_term_string\"}],\"inLanguage\":\"pt-PT\"}]}<\/script>\n<!-- \/ Yoast SEO plugin. -->","yoast_head_json":{"title":"Politica de Cookies - New Terracotta","robots":{"index":"index","follow":"follow","max-snippet":"max-snippet:-1","max-image-preview":"max-image-preview:large","max-video-preview":"max-video-preview:-1"},"canonical":"https:\/\/newterracotta.com\/pt-pt\/politica-de-cookies\/","og_locale":"pt_PT","og_type":"article","og_title":"Politica de Cookies - New Terracotta","og_description":"[vc_row full_width=&#8221;stretch_row&#8221; gap=&#8221;&#8221; css=&#8221;.vc_custom_1670923049285{margin-bottom: 0px !important;background-image: url(https:\/\/newterracotta.com\/wp-content\/uploads\/2022\/12\/privacypolicy_image.png?id=62344) !important;}&#8221; el_class=&#8221;fundoDestaqueImg susDestaque&#8221;][vc_column][vc_row_inner][vc_column_inner][vc_column_text el_class=&#8221;cxDestaque cxBranca&#8221;] Pol\u00edtica de Cookies Esta \u00e9 a nossa pol\u00edtica de cookies e como tratamos os seus dados na New [&hellip;]","og_url":"https:\/\/newterracotta.com\/pt-pt\/politica-de-cookies\/","og_site_name":"New Terracotta","article_modified_time":"2024-08-12T08:44:56+00:00","twitter_card":"summary_large_image","twitter_misc":{"Tempo estimado de leitura":"6 minutos"},"schema":{"@context":"https:\/\/schema.org","@graph":[{"@type":"WebPage","@id":"https:\/\/newterracotta.com\/pt-pt\/politica-de-cookies\/","url":"https:\/\/newterracotta.com\/pt-pt\/politica-de-cookies\/","name":"Politica de Cookies - New Terracotta","isPartOf":{"@id":"https:\/\/newterracotta.com\/#website"},"datePublished":"2024-08-12T08:38:30+00:00","dateModified":"2024-08-12T08:44:56+00:00","inLanguage":"pt-PT","potentialAction":[{"@type":"ReadAction","target":["https:\/\/newterracotta.com\/pt-pt\/politica-de-cookies\/"]}]},{"@type":"WebSite","@id":"https:\/\/newterracotta.com\/#website","url":"https:\/\/newterracotta.com\/","name":"New Terracotta","description":"Portuguese Handmade","potentialAction":[{"@type":"SearchAction","target":{"@type":"EntryPoint","urlTemplate":"https:\/\/newterracotta.com\/?s={search_term_string}"},"query-input":"required name=search_term_string"}],"inLanguage":"pt-PT"}]}},"_links":{"self":[{"href":"https:\/\/newterracotta.com\/pt-pt\/wp-json\/wp\/v2\/pages\/63203"}],"collection":[{"href":"https:\/\/newterracotta.com\/pt-pt\/wp-json\/wp\/v2\/pages"}],"about":[{"href":"https:\/\/newterracotta.com\/pt-pt\/wp-json\/wp\/v2\/types\/page"}],"author":[{"embeddable":true,"href":"https:\/\/newterracotta.com\/pt-pt\/wp-json\/wp\/v2\/users\/1"}],"replies":[{"embeddable":true,"href":"https:\/\/newterracotta.com\/pt-pt\/wp-json\/wp\/v2\/comments?post=63203"}],"version-history":[{"count":3,"href":"https:\/\/newterracotta.com\/pt-pt\/wp-json\/wp\/v2\/pages\/63203\/revisions"}],"predecessor-version":[{"id":63211,"href":"https:\/\/newterracotta.com\/pt-pt\/wp-json\/wp\/v2\/pages\/63203\/revisions\/63211"}],"wp:attachment":[{"href":"https:\/\/newterracotta.com\/pt-pt\/wp-json\/wp\/v2\/media?parent=63203"}],"curies":[{"name":"wp","href":"https:\/\/api.w.org\/{rel}","templated":true}]}}